{"id":879417,"date":"2023-02-20T08:36:45","date_gmt":"2023-02-20T07:36:45","guid":{"rendered":"https:\/\/hubsch-interior.com\/product\/product\/"},"modified":"2026-04-09T04:18:21","modified_gmt":"2026-04-09T02:18:21","slug":"contain-puf-large-gron","status":"publish","type":"product","link":"https:\/\/hubsch-interior.com\/da\/vare\/contain-puf-large-gron\/","title":{"rendered":"Contain Puf Large Gr\u00f8n"},"content":{"rendered":"<p>Hvis du har v\u00e6ret p\u00e5 udkig efter en smart opbevaringsl\u00f8sning, s\u00e5 skal du kigge n\u00e6rmere p\u00e5 vores Contain Pouffe. Nogle gange kan sm\u00e5ting og leget\u00f8j overtage et helt rum p\u00e5 overv\u00e6ldende vis. S\u00e6rligt fam\u00f8se legobrikker har det med at ligge overalt. Contain puffen er en smart opbevaringsmulighed til alle de sm\u00e5 dimser og dimsedutter, men er ogs\u00e5 den ideelle l\u00f8sning til tr\u00e6tte f\u00f8dder. Smuk at se p\u00e5 er den, og den er en  fin makker til din yndlingsl\u00e6nestol. Puffen kan du nemt placere der, hvor der er behov, da den er p\u00e5 hjul. Med denne puf er der altid plads til en ekstra.<\/p>\n","protected":false},"excerpt":{"rendered":"<p>Hvis du har v\u00e6ret p\u00e5 udkig efter en smart opbevaringsl\u00f8sning, s\u00e5 skal du kigge n\u00e6rmere p\u00e5 vores Contain Pouffe. Nogle gange kan sm\u00e5ting og leget\u00f8j overtage et helt rum p\u00e5 overv\u00e6ldende vis. S\u00e6rligt fam\u00f8se legobrikker har det med at ligge overalt. Contain puffen er en smart opbevaringsmulighed til alle de sm\u00e5 dimser og dimsedutter, men [&hellip;]<\/p>\n","protected":false},"featured_media":1093430,"template":"","meta":{"_acf_changed":false,"inline_featured_image":false},"product_brand":[],"product_cat":[6581,2841,5456,5025],"product_tag":[],"class_list":{"0":"post-879417","1":"product","2":"type-product","3":"status-publish","4":"has-post-thumbnail","6":"product_cat-rekindle-collection-da","7":"product_cat-siddemoebler-da","8":"product_cat-puffer-da","9":"product_cat-bestsellers-da","10":"product_shipping_class-pk","12":"pa_color-grn","13":"pa_material-acrylic-10-da","14":"pa_material-polyester-90-da","15":"pa_material-stl","17":"first","18":"instock","19":"featured","20":"taxable","21":"shipping-taxable","22":"purchasable","23":"product-type-simple"},"exclude_global_add_ons":[],"addons":[],"acf":[],"yoast_head":"<!-- This site is optimized with the Yoast SEO plugin v26.4 - https:\/\/yoast.com\/wordpress\/plugins\/seo\/ -->\n<title>Contain Puf Large Gr\u00f8n - H\u00fcbsch<\/title>\n<meta name=\"description\" content=\"Hvis du har v\u00e6ret p\u00e5 udkig efter en smart opbevaringsl\u00f8sning, s\u00e5 skal du kigge n\u00e6rmere p\u00e5 vores Contain Pouffe. Nogle gange kan sm\u00e5ting og leget\u00f8j\" \/>\n<meta name=\"robots\" content=\"index, follow, max-snippet:-1, max-image-preview:large, max-video-preview:-1\" \/>\n<link rel=\"canonical\" href=\"https:\/\/hubsch-interior.com\/da\/wp-json\/wp\/v2\/product\/879417\" \/>\n<meta property=\"og:locale\" content=\"da_DK\" \/>\n<meta property=\"og:type\" content=\"article\" \/>\n<meta property=\"og:title\" content=\"Contain Puf Large Gr\u00f8n - H\u00fcbsch\" \/>\n<meta property=\"og:description\" content=\"Hvis du har v\u00e6ret p\u00e5 udkig efter en smart opbevaringsl\u00f8sning, s\u00e5 skal du kigge n\u00e6rmere p\u00e5 vores Contain Pouffe. Nogle gange kan sm\u00e5ting og leget\u00f8j\" \/>\n<meta property=\"og:url\" content=\"https:\/\/hubsch-interior.com\/da\/vare\/contain-puf-large-gron\/\" \/>\n<meta property=\"og:site_name\" content=\"H\u00fcbsch\" \/>\n<meta property=\"article:modified_time\" content=\"2026-04-09T02:18:21+00:00\" \/>\n<meta property=\"og:image\" content=\"https:\/\/hubsch-interior.com\/wp-content\/uploads\/2025\/05\/contain-pouffe-large-green-c33220445f8d5ebd2bf552ae70123cae.jpg\" \/>\n\t<meta property=\"og:image:width\" content=\"1200\" \/>\n\t<meta property=\"og:image:height\" content=\"1200\" \/>\n\t<meta property=\"og:image:type\" content=\"image\/jpeg\" \/>\n<meta name=\"twitter:card\" content=\"summary_large_image\" \/>\n<meta name=\"twitter:label1\" content=\"Estimeret l\u00e6setid\" \/>\n\t<meta name=\"twitter:data1\" content=\"1 minut\" \/>\n<script type=\"application\/ld+json\" class=\"yoast-schema-graph\">{\"@context\":\"https:\/\/schema.org\",\"@graph\":[{\"@type\":\"WebPage\",\"@id\":\"https:\/\/hubsch-interior.com\/da\/vare\/contain-puf-large-gron\/\",\"url\":\"https:\/\/hubsch-interior.com\/da\/vare\/contain-puf-large-gron\/\",\"name\":\"Contain Puf Large Gr\u00f8n - H\u00fcbsch\",\"isPartOf\":{\"@id\":\"https:\/\/hubsch-interior.com\/da\/#website\"},\"primaryImageOfPage\":{\"@id\":\"https:\/\/hubsch-interior.com\/da\/vare\/contain-puf-large-gron\/#primaryimage\"},\"image\":{\"@id\":\"https:\/\/hubsch-interior.com\/da\/vare\/contain-puf-large-gron\/#primaryimage\"},\"thumbnailUrl\":\"https:\/\/hubsch-interior.com\/wp-content\/uploads\/2026\/02\/contain-pouffe-large-green-220f54ad04ed758ec21f71a5931a658f.jpg\",\"datePublished\":\"2023-02-20T07:36:45+00:00\",\"dateModified\":\"2026-04-09T02:18:21+00:00\",\"description\":\"Hvis du har v\u00e6ret p\u00e5 udkig efter en smart opbevaringsl\u00f8sning, s\u00e5 skal du kigge n\u00e6rmere p\u00e5 vores Contain Pouffe. Nogle gange kan sm\u00e5ting og leget\u00f8j\",\"breadcrumb\":{\"@id\":\"https:\/\/hubsch-interior.com\/da\/vare\/contain-puf-large-gron\/#breadcrumb\"},\"inLanguage\":\"da-DK\",\"potentialAction\":[{\"@type\":\"ReadAction\",\"target\":[\"https:\/\/hubsch-interior.com\/da\/vare\/contain-puf-large-gron\/\"]}]},{\"@type\":\"ImageObject\",\"inLanguage\":\"da-DK\",\"@id\":\"https:\/\/hubsch-interior.com\/da\/vare\/contain-puf-large-gron\/#primaryimage\",\"url\":\"https:\/\/hubsch-interior.com\/wp-content\/uploads\/2026\/02\/contain-pouffe-large-green-220f54ad04ed758ec21f71a5931a658f.jpg\",\"contentUrl\":\"https:\/\/hubsch-interior.com\/wp-content\/uploads\/2026\/02\/contain-pouffe-large-green-220f54ad04ed758ec21f71a5931a658f.jpg\",\"width\":1024,\"height\":1024},{\"@type\":\"BreadcrumbList\",\"@id\":\"https:\/\/hubsch-interior.com\/da\/vare\/contain-puf-large-gron\/#breadcrumb\",\"itemListElement\":[{\"@type\":\"ListItem\",\"position\":1,\"name\":\"Forside\",\"item\":\"https:\/\/hubsch-interior.com\/da\/\"},{\"@type\":\"ListItem\",\"position\":2,\"name\":\"Produkter\",\"item\":\"https:\/\/hubsch-interior.com\/da\/produkter\/\"},{\"@type\":\"ListItem\",\"position\":3,\"name\":\"M\u00f8bler\",\"item\":\"https:\/\/hubsch-interior.com\/da\/vare-kategori\/mobler\/\"},{\"@type\":\"ListItem\",\"position\":4,\"name\":\"Siddem&oslash;bler\",\"item\":\"https:\/\/hubsch-interior.com\/da\/vare-kategori\/mobler\/siddemoebler-da\/\"},{\"@type\":\"ListItem\",\"position\":5,\"name\":\"Puffer\",\"item\":\"https:\/\/hubsch-interior.com\/da\/vare-kategori\/mobler\/siddemoebler-da\/puffer-da\/\"},{\"@type\":\"ListItem\",\"position\":6,\"name\":\"Contain Puf Large Gr\u00f8n\"}]},{\"@type\":\"WebSite\",\"@id\":\"https:\/\/hubsch-interior.com\/da\/#website\",\"url\":\"https:\/\/hubsch-interior.com\/da\/\",\"name\":\"H\u00fcbsch\",\"description\":\"Danish Home Interior and Design\",\"publisher\":{\"@id\":\"https:\/\/hubsch-interior.com\/da\/#organization\"},\"potentialAction\":[{\"@type\":\"SearchAction\",\"target\":{\"@type\":\"EntryPoint\",\"urlTemplate\":\"https:\/\/hubsch-interior.com\/da\/?s={search_term_string}\"},\"query-input\":{\"@type\":\"PropertyValueSpecification\",\"valueRequired\":true,\"valueName\":\"search_term_string\"}}],\"inLanguage\":\"da-DK\"},{\"@type\":\"Organization\",\"@id\":\"https:\/\/hubsch-interior.com\/da\/#organization\",\"name\":\"H\u00fcbsch\",\"url\":\"https:\/\/hubsch-interior.com\/da\/\",\"logo\":{\"@type\":\"ImageObject\",\"inLanguage\":\"da-DK\",\"@id\":\"https:\/\/hubsch-interior.com\/da\/#\/schema\/logo\/image\/\",\"url\":\"https:\/\/hubsch-interior.com\/wp-content\/uploads\/2022\/12\/Hubsch_logo_black_one_line.svg\",\"contentUrl\":\"https:\/\/hubsch-interior.com\/wp-content\/uploads\/2022\/12\/Hubsch_logo_black_one_line.svg\",\"caption\":\"H\u00fcbsch\"},\"image\":{\"@id\":\"https:\/\/hubsch-interior.com\/da\/#\/schema\/logo\/image\/\"}}]}<\/script>\n<!-- \/ Yoast SEO plugin. -->","yoast_head_json":{"title":"Contain Puf Large Gr\u00f8n - H\u00fcbsch","description":"Hvis du har v\u00e6ret p\u00e5 udkig efter en smart opbevaringsl\u00f8sning, s\u00e5 skal du kigge n\u00e6rmere p\u00e5 vores Contain Pouffe. Nogle gange kan sm\u00e5ting og leget\u00f8j","robots":{"index":"index","follow":"follow","max-snippet":"max-snippet:-1","max-image-preview":"max-image-preview:large","max-video-preview":"max-video-preview:-1"},"canonical":"https:\/\/hubsch-interior.com\/da\/wp-json\/wp\/v2\/product\/879417","og_locale":"da_DK","og_type":"article","og_title":"Contain Puf Large Gr\u00f8n - H\u00fcbsch","og_description":"Hvis du har v\u00e6ret p\u00e5 udkig efter en smart opbevaringsl\u00f8sning, s\u00e5 skal du kigge n\u00e6rmere p\u00e5 vores Contain Pouffe. Nogle gange kan sm\u00e5ting og leget\u00f8j","og_url":"https:\/\/hubsch-interior.com\/da\/vare\/contain-puf-large-gron\/","og_site_name":"H\u00fcbsch","article_modified_time":"2026-04-09T02:18:21+00:00","og_image":[{"width":1200,"height":1200,"url":"https:\/\/hubsch-interior.com\/wp-content\/uploads\/2025\/05\/contain-pouffe-large-green-c33220445f8d5ebd2bf552ae70123cae.jpg","type":"image\/jpeg"}],"twitter_card":"summary_large_image","twitter_misc":{"Estimeret l\u00e6setid":"1 minut"},"schema":{"@context":"https:\/\/schema.org","@graph":[{"@type":"WebPage","@id":"https:\/\/hubsch-interior.com\/da\/vare\/contain-puf-large-gron\/","url":"https:\/\/hubsch-interior.com\/da\/vare\/contain-puf-large-gron\/","name":"Contain Puf Large Gr\u00f8n - H\u00fcbsch","isPartOf":{"@id":"https:\/\/hubsch-interior.com\/da\/#website"},"primaryImageOfPage":{"@id":"https:\/\/hubsch-interior.com\/da\/vare\/contain-puf-large-gron\/#primaryimage"},"image":{"@id":"https:\/\/hubsch-interior.com\/da\/vare\/contain-puf-large-gron\/#primaryimage"},"thumbnailUrl":"https:\/\/hubsch-interior.com\/wp-content\/uploads\/2026\/02\/contain-pouffe-large-green-220f54ad04ed758ec21f71a5931a658f.jpg","datePublished":"2023-02-20T07:36:45+00:00","dateModified":"2026-04-09T02:18:21+00:00","description":"Hvis du har v\u00e6ret p\u00e5 udkig efter en smart opbevaringsl\u00f8sning, s\u00e5 skal du kigge n\u00e6rmere p\u00e5 vores Contain Pouffe. Nogle gange kan sm\u00e5ting og leget\u00f8j","breadcrumb":{"@id":"https:\/\/hubsch-interior.com\/da\/vare\/contain-puf-large-gron\/#breadcrumb"},"inLanguage":"da-DK","potentialAction":[{"@type":"ReadAction","target":["https:\/\/hubsch-interior.com\/da\/vare\/contain-puf-large-gron\/"]}]},{"@type":"ImageObject","inLanguage":"da-DK","@id":"https:\/\/hubsch-interior.com\/da\/vare\/contain-puf-large-gron\/#primaryimage","url":"https:\/\/hubsch-interior.com\/wp-content\/uploads\/2026\/02\/contain-pouffe-large-green-220f54ad04ed758ec21f71a5931a658f.jpg","contentUrl":"https:\/\/hubsch-interior.com\/wp-content\/uploads\/2026\/02\/contain-pouffe-large-green-220f54ad04ed758ec21f71a5931a658f.jpg","width":1024,"height":1024},{"@type":"BreadcrumbList","@id":"https:\/\/hubsch-interior.com\/da\/vare\/contain-puf-large-gron\/#breadcrumb","itemListElement":[{"@type":"ListItem","position":1,"name":"Forside","item":"https:\/\/hubsch-interior.com\/da\/"},{"@type":"ListItem","position":2,"name":"Produkter","item":"https:\/\/hubsch-interior.com\/da\/produkter\/"},{"@type":"ListItem","position":3,"name":"M\u00f8bler","item":"https:\/\/hubsch-interior.com\/da\/vare-kategori\/mobler\/"},{"@type":"ListItem","position":4,"name":"Siddem&oslash;bler","item":"https:\/\/hubsch-interior.com\/da\/vare-kategori\/mobler\/siddemoebler-da\/"},{"@type":"ListItem","position":5,"name":"Puffer","item":"https:\/\/hubsch-interior.com\/da\/vare-kategori\/mobler\/siddemoebler-da\/puffer-da\/"},{"@type":"ListItem","position":6,"name":"Contain Puf Large Gr\u00f8n"}]},{"@type":"WebSite","@id":"https:\/\/hubsch-interior.com\/da\/#website","url":"https:\/\/hubsch-interior.com\/da\/","name":"H\u00fcbsch","description":"Danish Home Interior and Design","publisher":{"@id":"https:\/\/hubsch-interior.com\/da\/#organization"},"potentialAction":[{"@type":"SearchAction","target":{"@type":"EntryPoint","urlTemplate":"https:\/\/hubsch-interior.com\/da\/?s={search_term_string}"},"query-input":{"@type":"PropertyValueSpecification","valueRequired":true,"valueName":"search_term_string"}}],"inLanguage":"da-DK"},{"@type":"Organization","@id":"https:\/\/hubsch-interior.com\/da\/#organization","name":"H\u00fcbsch","url":"https:\/\/hubsch-interior.com\/da\/","logo":{"@type":"ImageObject","inLanguage":"da-DK","@id":"https:\/\/hubsch-interior.com\/da\/#\/schema\/logo\/image\/","url":"https:\/\/hubsch-interior.com\/wp-content\/uploads\/2022\/12\/Hubsch_logo_black_one_line.svg","contentUrl":"https:\/\/hubsch-interior.com\/wp-content\/uploads\/2022\/12\/Hubsch_logo_black_one_line.svg","caption":"H\u00fcbsch"},"image":{"@id":"https:\/\/hubsch-interior.com\/da\/#\/schema\/logo\/image\/"}}]}},"_links":{"self":[{"href":"https:\/\/hubsch-interior.com\/da\/wp-json\/wp\/v2\/product\/879417","targetHints":{"allow":["GET"]}}],"collection":[{"href":"https:\/\/hubsch-interior.com\/da\/wp-json\/wp\/v2\/product"}],"about":[{"href":"https:\/\/hubsch-interior.com\/da\/wp-json\/wp\/v2\/types\/product"}],"wp:featuredmedia":[{"embeddable":true,"href":"https:\/\/hubsch-interior.com\/da\/wp-json\/wp\/v2\/media\/1093430"}],"wp:attachment":[{"href":"https:\/\/hubsch-interior.com\/da\/wp-json\/wp\/v2\/media?parent=879417"}],"wp:term":[{"taxonomy":"product_brand","embeddable":true,"href":"https:\/\/hubsch-interior.com\/da\/wp-json\/wp\/v2\/product_brand?post=879417"},{"taxonomy":"product_cat","embeddable":true,"href":"https:\/\/hubsch-interior.com\/da\/wp-json\/wp\/v2\/product_cat?post=879417"},{"taxonomy":"product_tag","embeddable":true,"href":"https:\/\/hubsch-interior.com\/da\/wp-json\/wp\/v2\/product_tag?post=879417"}],"curies":[{"name":"wp","href":"https:\/\/api.w.org\/{rel}","templated":true}]}}