{"id":879513,"date":"2023-02-20T08:36:57","date_gmt":"2023-02-20T07:36:57","guid":{"rendered":"https:\/\/hubsch-interior.com\/product\/product\/"},"modified":"2026-04-09T04:18:29","modified_gmt":"2026-04-09T02:18:29","slug":"moment-sofa-2-personers-small-gra","status":"publish","type":"product","link":"https:\/\/hubsch-interior.com\/da\/vare\/moment-sofa-2-personers-small-gra\/","title":{"rendered":"Moment Sofa 2-personers Small Gr\u00e5"},"content":{"rendered":"<p>Er du klar p\u00e5 at m\u00f8de en rummelig 2 personers sofa med kant og stil? Og som i\u00f8vrigt ogs\u00e5 kan rumme hele familien? S\u00e5 sig velkommen til Moment Sofa. Med dens fine tr\u00e6detaljer f\u00e5r sofaen et varmt udtryk p\u00e5 trods af dens markante form. Det gr\u00e5 polsterstof  boucl\u00e9 har en sk\u00f8n overflade, som giver sofaen et ekstra pift. Vi lover, at der er plads til de fleste &#8211; ellers har vi heldigvis en 3 personers sofa magen til. <\/p>\n","protected":false},"excerpt":{"rendered":"<p>Er du klar p\u00e5 at m\u00f8de en rummelig 2 personers sofa med kant og stil? Og som i\u00f8vrigt ogs\u00e5 kan rumme hele familien? S\u00e5 sig velkommen til Moment Sofa. Med dens fine tr\u00e6detaljer f\u00e5r sofaen et varmt udtryk p\u00e5 trods af dens markante form. Det gr\u00e5 polsterstof boucl\u00e9 har en sk\u00f8n overflade, som giver sofaen [&hellip;]<\/p>\n","protected":false},"featured_media":1093482,"template":"","meta":{"_acf_changed":false,"inline_featured_image":false},"product_brand":[],"product_cat":[6581,6321,2841,4198],"product_tag":[],"class_list":{"0":"post-879513","1":"product","2":"type-product","3":"status-publish","4":"has-post-thumbnail","6":"product_cat-rekindle-collection-da","7":"product_cat-fsc-da","8":"product_cat-siddemoebler-da","9":"product_cat-sofaer-og-daybeds-da","10":"product_shipping_class-p10","12":"pa_color-gr","13":"pa_material-polyester-100-da","14":"pa_material-egetr","16":"first","17":"instock","18":"taxable","19":"shipping-taxable","20":"purchasable","21":"product-type-simple"},"exclude_global_add_ons":[],"addons":[],"acf":[],"yoast_head":"<!-- This site is optimized with the Yoast SEO plugin v26.4 - https:\/\/yoast.com\/wordpress\/plugins\/seo\/ -->\n<title>Moment Sofa 2-personers Small Gr\u00e5 - H\u00fcbsch<\/title>\n<meta name=\"description\" content=\"Er du klar p\u00e5 at m\u00f8de en rummelig 2 personers sofa med kant og stil? Og som i\u00f8vrigt ogs\u00e5 kan rumme hele familien? S\u00e5 sig velkommen til Moment Sofa. Med\" \/>\n<meta name=\"robots\" content=\"index, follow, max-snippet:-1, max-image-preview:large, max-video-preview:-1\" \/>\n<link rel=\"canonical\" href=\"https:\/\/hubsch-interior.com\/da\/wp-json\/wp\/v2\/product\/879513\" \/>\n<meta property=\"og:locale\" content=\"da_DK\" \/>\n<meta property=\"og:type\" content=\"article\" \/>\n<meta property=\"og:title\" content=\"Moment Sofa 2-personers Small Gr\u00e5 - H\u00fcbsch\" \/>\n<meta property=\"og:description\" content=\"Er du klar p\u00e5 at m\u00f8de en rummelig 2 personers sofa med kant og stil? Og som i\u00f8vrigt ogs\u00e5 kan rumme hele familien? S\u00e5 sig velkommen til Moment Sofa. Med\" \/>\n<meta property=\"og:url\" content=\"https:\/\/hubsch-interior.com\/da\/vare\/moment-sofa-2-personers-small-gra\/\" \/>\n<meta property=\"og:site_name\" content=\"H\u00fcbsch\" \/>\n<meta property=\"article:modified_time\" content=\"2026-04-09T02:18:29+00:00\" \/>\n<meta property=\"og:image\" content=\"https:\/\/hubsch-interior.com\/wp-content\/uploads\/2025\/05\/moment-sofa-2-seater-small-grey-3ee6733668d0cede1acdf21ff57823dc.jpg\" \/>\n\t<meta property=\"og:image:width\" content=\"1200\" \/>\n\t<meta property=\"og:image:height\" content=\"1200\" \/>\n\t<meta property=\"og:image:type\" content=\"image\/jpeg\" \/>\n<meta name=\"twitter:card\" content=\"summary_large_image\" \/>\n<script type=\"application\/ld+json\" class=\"yoast-schema-graph\">{\"@context\":\"https:\/\/schema.org\",\"@graph\":[{\"@type\":\"WebPage\",\"@id\":\"https:\/\/hubsch-interior.com\/da\/vare\/moment-sofa-2-personers-small-gra\/\",\"url\":\"https:\/\/hubsch-interior.com\/da\/vare\/moment-sofa-2-personers-small-gra\/\",\"name\":\"Moment Sofa 2-personers Small Gr\u00e5 - H\u00fcbsch\",\"isPartOf\":{\"@id\":\"https:\/\/hubsch-interior.com\/da\/#website\"},\"primaryImageOfPage\":{\"@id\":\"https:\/\/hubsch-interior.com\/da\/vare\/moment-sofa-2-personers-small-gra\/#primaryimage\"},\"image\":{\"@id\":\"https:\/\/hubsch-interior.com\/da\/vare\/moment-sofa-2-personers-small-gra\/#primaryimage\"},\"thumbnailUrl\":\"https:\/\/hubsch-interior.com\/wp-content\/uploads\/2026\/02\/moment-sofa-2-seater-small-grey-6646d4cf807b0237d4a9461354b0df62.jpg\",\"datePublished\":\"2023-02-20T07:36:57+00:00\",\"dateModified\":\"2026-04-09T02:18:29+00:00\",\"description\":\"Er du klar p\u00e5 at m\u00f8de en rummelig 2 personers sofa med kant og stil? Og som i\u00f8vrigt ogs\u00e5 kan rumme hele familien? S\u00e5 sig velkommen til Moment Sofa. Med\",\"breadcrumb\":{\"@id\":\"https:\/\/hubsch-interior.com\/da\/vare\/moment-sofa-2-personers-small-gra\/#breadcrumb\"},\"inLanguage\":\"da-DK\",\"potentialAction\":[{\"@type\":\"ReadAction\",\"target\":[\"https:\/\/hubsch-interior.com\/da\/vare\/moment-sofa-2-personers-small-gra\/\"]}]},{\"@type\":\"ImageObject\",\"inLanguage\":\"da-DK\",\"@id\":\"https:\/\/hubsch-interior.com\/da\/vare\/moment-sofa-2-personers-small-gra\/#primaryimage\",\"url\":\"https:\/\/hubsch-interior.com\/wp-content\/uploads\/2026\/02\/moment-sofa-2-seater-small-grey-6646d4cf807b0237d4a9461354b0df62.jpg\",\"contentUrl\":\"https:\/\/hubsch-interior.com\/wp-content\/uploads\/2026\/02\/moment-sofa-2-seater-small-grey-6646d4cf807b0237d4a9461354b0df62.jpg\",\"width\":1024,\"height\":1024},{\"@type\":\"BreadcrumbList\",\"@id\":\"https:\/\/hubsch-interior.com\/da\/vare\/moment-sofa-2-personers-small-gra\/#breadcrumb\",\"itemListElement\":[{\"@type\":\"ListItem\",\"position\":1,\"name\":\"Forside\",\"item\":\"https:\/\/hubsch-interior.com\/da\/\"},{\"@type\":\"ListItem\",\"position\":2,\"name\":\"Produkter\",\"item\":\"https:\/\/hubsch-interior.com\/da\/produkter\/\"},{\"@type\":\"ListItem\",\"position\":3,\"name\":\"M\u00f8bler\",\"item\":\"https:\/\/hubsch-interior.com\/da\/vare-kategori\/mobler\/\"},{\"@type\":\"ListItem\",\"position\":4,\"name\":\"Siddem&oslash;bler\",\"item\":\"https:\/\/hubsch-interior.com\/da\/vare-kategori\/mobler\/siddemoebler-da\/\"},{\"@type\":\"ListItem\",\"position\":5,\"name\":\"Sofaer og daybeds\",\"item\":\"https:\/\/hubsch-interior.com\/da\/vare-kategori\/mobler\/siddemoebler-da\/sofaer-og-daybeds-da\/\"},{\"@type\":\"ListItem\",\"position\":6,\"name\":\"Moment Sofa 2-personers Small Gr\u00e5\"}]},{\"@type\":\"WebSite\",\"@id\":\"https:\/\/hubsch-interior.com\/da\/#website\",\"url\":\"https:\/\/hubsch-interior.com\/da\/\",\"name\":\"H\u00fcbsch\",\"description\":\"Danish Home Interior and Design\",\"publisher\":{\"@id\":\"https:\/\/hubsch-interior.com\/da\/#organization\"},\"potentialAction\":[{\"@type\":\"SearchAction\",\"target\":{\"@type\":\"EntryPoint\",\"urlTemplate\":\"https:\/\/hubsch-interior.com\/da\/?s={search_term_string}\"},\"query-input\":{\"@type\":\"PropertyValueSpecification\",\"valueRequired\":true,\"valueName\":\"search_term_string\"}}],\"inLanguage\":\"da-DK\"},{\"@type\":\"Organization\",\"@id\":\"https:\/\/hubsch-interior.com\/da\/#organization\",\"name\":\"H\u00fcbsch\",\"url\":\"https:\/\/hubsch-interior.com\/da\/\",\"logo\":{\"@type\":\"ImageObject\",\"inLanguage\":\"da-DK\",\"@id\":\"https:\/\/hubsch-interior.com\/da\/#\/schema\/logo\/image\/\",\"url\":\"https:\/\/hubsch-interior.com\/wp-content\/uploads\/2022\/12\/Hubsch_logo_black_one_line.svg\",\"contentUrl\":\"https:\/\/hubsch-interior.com\/wp-content\/uploads\/2022\/12\/Hubsch_logo_black_one_line.svg\",\"caption\":\"H\u00fcbsch\"},\"image\":{\"@id\":\"https:\/\/hubsch-interior.com\/da\/#\/schema\/logo\/image\/\"}}]}<\/script>\n<!-- \/ Yoast SEO plugin. -->","yoast_head_json":{"title":"Moment Sofa 2-personers Small Gr\u00e5 - H\u00fcbsch","description":"Er du klar p\u00e5 at m\u00f8de en rummelig 2 personers sofa med kant og stil? Og som i\u00f8vrigt ogs\u00e5 kan rumme hele familien? S\u00e5 sig velkommen til Moment Sofa. Med","robots":{"index":"index","follow":"follow","max-snippet":"max-snippet:-1","max-image-preview":"max-image-preview:large","max-video-preview":"max-video-preview:-1"},"canonical":"https:\/\/hubsch-interior.com\/da\/wp-json\/wp\/v2\/product\/879513","og_locale":"da_DK","og_type":"article","og_title":"Moment Sofa 2-personers Small Gr\u00e5 - H\u00fcbsch","og_description":"Er du klar p\u00e5 at m\u00f8de en rummelig 2 personers sofa med kant og stil? Og som i\u00f8vrigt ogs\u00e5 kan rumme hele familien? S\u00e5 sig velkommen til Moment Sofa. Med","og_url":"https:\/\/hubsch-interior.com\/da\/vare\/moment-sofa-2-personers-small-gra\/","og_site_name":"H\u00fcbsch","article_modified_time":"2026-04-09T02:18:29+00:00","og_image":[{"width":1200,"height":1200,"url":"https:\/\/hubsch-interior.com\/wp-content\/uploads\/2025\/05\/moment-sofa-2-seater-small-grey-3ee6733668d0cede1acdf21ff57823dc.jpg","type":"image\/jpeg"}],"twitter_card":"summary_large_image","schema":{"@context":"https:\/\/schema.org","@graph":[{"@type":"WebPage","@id":"https:\/\/hubsch-interior.com\/da\/vare\/moment-sofa-2-personers-small-gra\/","url":"https:\/\/hubsch-interior.com\/da\/vare\/moment-sofa-2-personers-small-gra\/","name":"Moment Sofa 2-personers Small Gr\u00e5 - H\u00fcbsch","isPartOf":{"@id":"https:\/\/hubsch-interior.com\/da\/#website"},"primaryImageOfPage":{"@id":"https:\/\/hubsch-interior.com\/da\/vare\/moment-sofa-2-personers-small-gra\/#primaryimage"},"image":{"@id":"https:\/\/hubsch-interior.com\/da\/vare\/moment-sofa-2-personers-small-gra\/#primaryimage"},"thumbnailUrl":"https:\/\/hubsch-interior.com\/wp-content\/uploads\/2026\/02\/moment-sofa-2-seater-small-grey-6646d4cf807b0237d4a9461354b0df62.jpg","datePublished":"2023-02-20T07:36:57+00:00","dateModified":"2026-04-09T02:18:29+00:00","description":"Er du klar p\u00e5 at m\u00f8de en rummelig 2 personers sofa med kant og stil? Og som i\u00f8vrigt ogs\u00e5 kan rumme hele familien? S\u00e5 sig velkommen til Moment Sofa. Med","breadcrumb":{"@id":"https:\/\/hubsch-interior.com\/da\/vare\/moment-sofa-2-personers-small-gra\/#breadcrumb"},"inLanguage":"da-DK","potentialAction":[{"@type":"ReadAction","target":["https:\/\/hubsch-interior.com\/da\/vare\/moment-sofa-2-personers-small-gra\/"]}]},{"@type":"ImageObject","inLanguage":"da-DK","@id":"https:\/\/hubsch-interior.com\/da\/vare\/moment-sofa-2-personers-small-gra\/#primaryimage","url":"https:\/\/hubsch-interior.com\/wp-content\/uploads\/2026\/02\/moment-sofa-2-seater-small-grey-6646d4cf807b0237d4a9461354b0df62.jpg","contentUrl":"https:\/\/hubsch-interior.com\/wp-content\/uploads\/2026\/02\/moment-sofa-2-seater-small-grey-6646d4cf807b0237d4a9461354b0df62.jpg","width":1024,"height":1024},{"@type":"BreadcrumbList","@id":"https:\/\/hubsch-interior.com\/da\/vare\/moment-sofa-2-personers-small-gra\/#breadcrumb","itemListElement":[{"@type":"ListItem","position":1,"name":"Forside","item":"https:\/\/hubsch-interior.com\/da\/"},{"@type":"ListItem","position":2,"name":"Produkter","item":"https:\/\/hubsch-interior.com\/da\/produkter\/"},{"@type":"ListItem","position":3,"name":"M\u00f8bler","item":"https:\/\/hubsch-interior.com\/da\/vare-kategori\/mobler\/"},{"@type":"ListItem","position":4,"name":"Siddem&oslash;bler","item":"https:\/\/hubsch-interior.com\/da\/vare-kategori\/mobler\/siddemoebler-da\/"},{"@type":"ListItem","position":5,"name":"Sofaer og daybeds","item":"https:\/\/hubsch-interior.com\/da\/vare-kategori\/mobler\/siddemoebler-da\/sofaer-og-daybeds-da\/"},{"@type":"ListItem","position":6,"name":"Moment Sofa 2-personers Small Gr\u00e5"}]},{"@type":"WebSite","@id":"https:\/\/hubsch-interior.com\/da\/#website","url":"https:\/\/hubsch-interior.com\/da\/","name":"H\u00fcbsch","description":"Danish Home Interior and Design","publisher":{"@id":"https:\/\/hubsch-interior.com\/da\/#organization"},"potentialAction":[{"@type":"SearchAction","target":{"@type":"EntryPoint","urlTemplate":"https:\/\/hubsch-interior.com\/da\/?s={search_term_string}"},"query-input":{"@type":"PropertyValueSpecification","valueRequired":true,"valueName":"search_term_string"}}],"inLanguage":"da-DK"},{"@type":"Organization","@id":"https:\/\/hubsch-interior.com\/da\/#organization","name":"H\u00fcbsch","url":"https:\/\/hubsch-interior.com\/da\/","logo":{"@type":"ImageObject","inLanguage":"da-DK","@id":"https:\/\/hubsch-interior.com\/da\/#\/schema\/logo\/image\/","url":"https:\/\/hubsch-interior.com\/wp-content\/uploads\/2022\/12\/Hubsch_logo_black_one_line.svg","contentUrl":"https:\/\/hubsch-interior.com\/wp-content\/uploads\/2022\/12\/Hubsch_logo_black_one_line.svg","caption":"H\u00fcbsch"},"image":{"@id":"https:\/\/hubsch-interior.com\/da\/#\/schema\/logo\/image\/"}}]}},"_links":{"self":[{"href":"https:\/\/hubsch-interior.com\/da\/wp-json\/wp\/v2\/product\/879513","targetHints":{"allow":["GET"]}}],"collection":[{"href":"https:\/\/hubsch-interior.com\/da\/wp-json\/wp\/v2\/product"}],"about":[{"href":"https:\/\/hubsch-interior.com\/da\/wp-json\/wp\/v2\/types\/product"}],"wp:featuredmedia":[{"embeddable":true,"href":"https:\/\/hubsch-interior.com\/da\/wp-json\/wp\/v2\/media\/1093482"}],"wp:attachment":[{"href":"https:\/\/hubsch-interior.com\/da\/wp-json\/wp\/v2\/media?parent=879513"}],"wp:term":[{"taxonomy":"product_brand","embeddable":true,"href":"https:\/\/hubsch-interior.com\/da\/wp-json\/wp\/v2\/product_brand?post=879513"},{"taxonomy":"product_cat","embeddable":true,"href":"https:\/\/hubsch-interior.com\/da\/wp-json\/wp\/v2\/product_cat?post=879513"},{"taxonomy":"product_tag","embeddable":true,"href":"https:\/\/hubsch-interior.com\/da\/wp-json\/wp\/v2\/product_tag?post=879513"}],"curies":[{"name":"wp","href":"https:\/\/api.w.org\/{rel}","templated":true}]}}