{"id":879617,"date":"2023-02-20T08:37:27","date_gmt":"2023-02-20T07:37:27","guid":{"rendered":"https:\/\/hubsch-interior.com\/product\/product\/"},"modified":"2026-04-09T04:24:50","modified_gmt":"2026-04-09T02:24:50","slug":"energy-kurve-large-natur-saet-af-2","status":"publish","type":"product","link":"https:\/\/hubsch-interior.com\/da\/vare\/energy-kurve-large-natur-saet-af-2\/","title":{"rendered":"Energy Kurve Large Natur (s\u00e6t af 2)"},"content":{"rendered":"<p>V\u00e6vet af rattan i et luftigt m\u00f8nster er vores Energy opbevaringskurve et taktilt bud p\u00e5  en smuk opbevaringsl\u00f8sning. Det kan v\u00e6re til b\u00f8ger eller blade, huer og handsker eller noget helt tredje. De vil eksempelvis v\u00e6re s\u00e5 smukke som opbevaring p\u00e5 badev\u00e6relset til h\u00e5ndkl\u00e6der eller vakset\u00f8j.<\/p>\n","protected":false},"excerpt":{"rendered":"<p>V\u00e6vet af rattan i et luftigt m\u00f8nster er vores Energy opbevaringskurve et taktilt bud p\u00e5 en smuk opbevaringsl\u00f8sning. Det kan v\u00e6re til b\u00f8ger eller blade, huer og handsker eller noget helt tredje. De vil eksempelvis v\u00e6re s\u00e5 smukke som opbevaring p\u00e5 badev\u00e6relset til h\u00e5ndkl\u00e6der eller vakset\u00f8j.<\/p>\n","protected":false},"featured_media":1095615,"template":"","meta":{"_acf_changed":false,"inline_featured_image":false},"product_brand":[],"product_cat":[6581,3109,4074,6517],"product_tag":[],"class_list":{"0":"post-879617","1":"product","2":"type-product","3":"status-publish","4":"has-post-thumbnail","6":"product_cat-rekindle-collection-da","7":"product_cat-opbevaring-da","8":"product_cat-kurve-da","9":"product_cat-outlet-da","10":"product_shipping_class-pk","12":"pa_color-natur-2","13":"pa_material-rattan-da","15":"first","16":"instock","17":"sale","18":"taxable","19":"shipping-taxable","20":"purchasable","21":"product-type-simple"},"exclude_global_add_ons":[],"addons":[],"acf":[],"yoast_head":"<!-- This site is optimized with the Yoast SEO plugin v26.4 - https:\/\/yoast.com\/wordpress\/plugins\/seo\/ -->\n<title>Energy Kurve Large Natur (s\u00e6t af 2) - H\u00fcbsch<\/title>\n<meta name=\"description\" content=\"V\u00e6vet af rattan i et luftigt m\u00f8nster er vores Energy opbevaringskurve et taktilt bud p\u00e5 en smuk opbevaringsl\u00f8sning. Det kan v\u00e6re til b\u00f8ger eller blade,\" \/>\n<meta name=\"robots\" content=\"index, follow, max-snippet:-1, max-image-preview:large, max-video-preview:-1\" \/>\n<link rel=\"canonical\" href=\"https:\/\/hubsch-interior.com\/da\/wp-json\/wp\/v2\/product\/879617\" \/>\n<meta property=\"og:locale\" content=\"da_DK\" \/>\n<meta property=\"og:type\" content=\"article\" \/>\n<meta property=\"og:title\" content=\"Energy Kurve Large Natur (s\u00e6t af 2) - H\u00fcbsch\" \/>\n<meta property=\"og:description\" content=\"V\u00e6vet af rattan i et luftigt m\u00f8nster er vores Energy opbevaringskurve et taktilt bud p\u00e5 en smuk opbevaringsl\u00f8sning. Det kan v\u00e6re til b\u00f8ger eller blade,\" \/>\n<meta property=\"og:url\" content=\"https:\/\/hubsch-interior.com\/da\/vare\/energy-kurve-large-natur-saet-af-2\/\" \/>\n<meta property=\"og:site_name\" content=\"H\u00fcbsch\" \/>\n<meta property=\"article:modified_time\" content=\"2026-04-09T02:24:50+00:00\" \/>\n<meta property=\"og:image\" content=\"https:\/\/hubsch-interior.com\/wp-content\/uploads\/2023\/08\/energy-baskets-large-natural-set-of-2-6f219a09b59d46531563fcfc11943d03.jpg\" \/>\n\t<meta property=\"og:image:width\" content=\"1200\" \/>\n\t<meta property=\"og:image:height\" content=\"1200\" \/>\n\t<meta property=\"og:image:type\" content=\"image\/jpeg\" \/>\n<meta name=\"twitter:card\" content=\"summary_large_image\" \/>\n<script type=\"application\/ld+json\" class=\"yoast-schema-graph\">{\"@context\":\"https:\/\/schema.org\",\"@graph\":[{\"@type\":\"WebPage\",\"@id\":\"https:\/\/hubsch-interior.com\/da\/vare\/energy-kurve-large-natur-saet-af-2\/\",\"url\":\"https:\/\/hubsch-interior.com\/da\/vare\/energy-kurve-large-natur-saet-af-2\/\",\"name\":\"Energy Kurve Large Natur (s\u00e6t af 2) - H\u00fcbsch\",\"isPartOf\":{\"@id\":\"https:\/\/hubsch-interior.com\/da\/#website\"},\"primaryImageOfPage\":{\"@id\":\"https:\/\/hubsch-interior.com\/da\/vare\/energy-kurve-large-natur-saet-af-2\/#primaryimage\"},\"image\":{\"@id\":\"https:\/\/hubsch-interior.com\/da\/vare\/energy-kurve-large-natur-saet-af-2\/#primaryimage\"},\"thumbnailUrl\":\"https:\/\/hubsch-interior.com\/wp-content\/uploads\/2026\/02\/energy-baskets-large-natural-set-of-2-d9cfbf1fb52424d563e663daf76e968c.jpg\",\"datePublished\":\"2023-02-20T07:37:27+00:00\",\"dateModified\":\"2026-04-09T02:24:50+00:00\",\"description\":\"V\u00e6vet af rattan i et luftigt m\u00f8nster er vores Energy opbevaringskurve et taktilt bud p\u00e5 en smuk opbevaringsl\u00f8sning. Det kan v\u00e6re til b\u00f8ger eller blade,\",\"breadcrumb\":{\"@id\":\"https:\/\/hubsch-interior.com\/da\/vare\/energy-kurve-large-natur-saet-af-2\/#breadcrumb\"},\"inLanguage\":\"da-DK\",\"potentialAction\":[{\"@type\":\"ReadAction\",\"target\":[\"https:\/\/hubsch-interior.com\/da\/vare\/energy-kurve-large-natur-saet-af-2\/\"]}]},{\"@type\":\"ImageObject\",\"inLanguage\":\"da-DK\",\"@id\":\"https:\/\/hubsch-interior.com\/da\/vare\/energy-kurve-large-natur-saet-af-2\/#primaryimage\",\"url\":\"https:\/\/hubsch-interior.com\/wp-content\/uploads\/2026\/02\/energy-baskets-large-natural-set-of-2-d9cfbf1fb52424d563e663daf76e968c.jpg\",\"contentUrl\":\"https:\/\/hubsch-interior.com\/wp-content\/uploads\/2026\/02\/energy-baskets-large-natural-set-of-2-d9cfbf1fb52424d563e663daf76e968c.jpg\",\"width\":1024,\"height\":1024},{\"@type\":\"BreadcrumbList\",\"@id\":\"https:\/\/hubsch-interior.com\/da\/vare\/energy-kurve-large-natur-saet-af-2\/#breadcrumb\",\"itemListElement\":[{\"@type\":\"ListItem\",\"position\":1,\"name\":\"Forside\",\"item\":\"https:\/\/hubsch-interior.com\/da\/\"},{\"@type\":\"ListItem\",\"position\":2,\"name\":\"Produkter\",\"item\":\"https:\/\/hubsch-interior.com\/da\/produkter\/\"},{\"@type\":\"ListItem\",\"position\":3,\"name\":\"Boligtilbeh\u00f8r\",\"item\":\"https:\/\/hubsch-interior.com\/da\/vare-kategori\/boligtilbehor\/\"},{\"@type\":\"ListItem\",\"position\":4,\"name\":\"Opbevaring\",\"item\":\"https:\/\/hubsch-interior.com\/da\/vare-kategori\/boligtilbehor\/opbevaring-da\/\"},{\"@type\":\"ListItem\",\"position\":5,\"name\":\"Kurve\",\"item\":\"https:\/\/hubsch-interior.com\/da\/vare-kategori\/boligtilbehor\/opbevaring-da\/kurve-da\/\"},{\"@type\":\"ListItem\",\"position\":6,\"name\":\"Energy Kurve Large Natur (s\u00e6t af 2)\"}]},{\"@type\":\"WebSite\",\"@id\":\"https:\/\/hubsch-interior.com\/da\/#website\",\"url\":\"https:\/\/hubsch-interior.com\/da\/\",\"name\":\"H\u00fcbsch\",\"description\":\"Danish Home Interior and Design\",\"publisher\":{\"@id\":\"https:\/\/hubsch-interior.com\/da\/#organization\"},\"potentialAction\":[{\"@type\":\"SearchAction\",\"target\":{\"@type\":\"EntryPoint\",\"urlTemplate\":\"https:\/\/hubsch-interior.com\/da\/?s={search_term_string}\"},\"query-input\":{\"@type\":\"PropertyValueSpecification\",\"valueRequired\":true,\"valueName\":\"search_term_string\"}}],\"inLanguage\":\"da-DK\"},{\"@type\":\"Organization\",\"@id\":\"https:\/\/hubsch-interior.com\/da\/#organization\",\"name\":\"H\u00fcbsch\",\"url\":\"https:\/\/hubsch-interior.com\/da\/\",\"logo\":{\"@type\":\"ImageObject\",\"inLanguage\":\"da-DK\",\"@id\":\"https:\/\/hubsch-interior.com\/da\/#\/schema\/logo\/image\/\",\"url\":\"https:\/\/hubsch-interior.com\/wp-content\/uploads\/2022\/12\/Hubsch_logo_black_one_line.svg\",\"contentUrl\":\"https:\/\/hubsch-interior.com\/wp-content\/uploads\/2022\/12\/Hubsch_logo_black_one_line.svg\",\"caption\":\"H\u00fcbsch\"},\"image\":{\"@id\":\"https:\/\/hubsch-interior.com\/da\/#\/schema\/logo\/image\/\"}}]}<\/script>\n<!-- \/ Yoast SEO plugin. -->","yoast_head_json":{"title":"Energy Kurve Large Natur (s\u00e6t af 2) - H\u00fcbsch","description":"V\u00e6vet af rattan i et luftigt m\u00f8nster er vores Energy opbevaringskurve et taktilt bud p\u00e5 en smuk opbevaringsl\u00f8sning. Det kan v\u00e6re til b\u00f8ger eller blade,","robots":{"index":"index","follow":"follow","max-snippet":"max-snippet:-1","max-image-preview":"max-image-preview:large","max-video-preview":"max-video-preview:-1"},"canonical":"https:\/\/hubsch-interior.com\/da\/wp-json\/wp\/v2\/product\/879617","og_locale":"da_DK","og_type":"article","og_title":"Energy Kurve Large Natur (s\u00e6t af 2) - H\u00fcbsch","og_description":"V\u00e6vet af rattan i et luftigt m\u00f8nster er vores Energy opbevaringskurve et taktilt bud p\u00e5 en smuk opbevaringsl\u00f8sning. Det kan v\u00e6re til b\u00f8ger eller blade,","og_url":"https:\/\/hubsch-interior.com\/da\/vare\/energy-kurve-large-natur-saet-af-2\/","og_site_name":"H\u00fcbsch","article_modified_time":"2026-04-09T02:24:50+00:00","og_image":[{"width":1200,"height":1200,"url":"https:\/\/hubsch-interior.com\/wp-content\/uploads\/2023\/08\/energy-baskets-large-natural-set-of-2-6f219a09b59d46531563fcfc11943d03.jpg","type":"image\/jpeg"}],"twitter_card":"summary_large_image","schema":{"@context":"https:\/\/schema.org","@graph":[{"@type":"WebPage","@id":"https:\/\/hubsch-interior.com\/da\/vare\/energy-kurve-large-natur-saet-af-2\/","url":"https:\/\/hubsch-interior.com\/da\/vare\/energy-kurve-large-natur-saet-af-2\/","name":"Energy Kurve Large Natur (s\u00e6t af 2) - H\u00fcbsch","isPartOf":{"@id":"https:\/\/hubsch-interior.com\/da\/#website"},"primaryImageOfPage":{"@id":"https:\/\/hubsch-interior.com\/da\/vare\/energy-kurve-large-natur-saet-af-2\/#primaryimage"},"image":{"@id":"https:\/\/hubsch-interior.com\/da\/vare\/energy-kurve-large-natur-saet-af-2\/#primaryimage"},"thumbnailUrl":"https:\/\/hubsch-interior.com\/wp-content\/uploads\/2026\/02\/energy-baskets-large-natural-set-of-2-d9cfbf1fb52424d563e663daf76e968c.jpg","datePublished":"2023-02-20T07:37:27+00:00","dateModified":"2026-04-09T02:24:50+00:00","description":"V\u00e6vet af rattan i et luftigt m\u00f8nster er vores Energy opbevaringskurve et taktilt bud p\u00e5 en smuk opbevaringsl\u00f8sning. Det kan v\u00e6re til b\u00f8ger eller blade,","breadcrumb":{"@id":"https:\/\/hubsch-interior.com\/da\/vare\/energy-kurve-large-natur-saet-af-2\/#breadcrumb"},"inLanguage":"da-DK","potentialAction":[{"@type":"ReadAction","target":["https:\/\/hubsch-interior.com\/da\/vare\/energy-kurve-large-natur-saet-af-2\/"]}]},{"@type":"ImageObject","inLanguage":"da-DK","@id":"https:\/\/hubsch-interior.com\/da\/vare\/energy-kurve-large-natur-saet-af-2\/#primaryimage","url":"https:\/\/hubsch-interior.com\/wp-content\/uploads\/2026\/02\/energy-baskets-large-natural-set-of-2-d9cfbf1fb52424d563e663daf76e968c.jpg","contentUrl":"https:\/\/hubsch-interior.com\/wp-content\/uploads\/2026\/02\/energy-baskets-large-natural-set-of-2-d9cfbf1fb52424d563e663daf76e968c.jpg","width":1024,"height":1024},{"@type":"BreadcrumbList","@id":"https:\/\/hubsch-interior.com\/da\/vare\/energy-kurve-large-natur-saet-af-2\/#breadcrumb","itemListElement":[{"@type":"ListItem","position":1,"name":"Forside","item":"https:\/\/hubsch-interior.com\/da\/"},{"@type":"ListItem","position":2,"name":"Produkter","item":"https:\/\/hubsch-interior.com\/da\/produkter\/"},{"@type":"ListItem","position":3,"name":"Boligtilbeh\u00f8r","item":"https:\/\/hubsch-interior.com\/da\/vare-kategori\/boligtilbehor\/"},{"@type":"ListItem","position":4,"name":"Opbevaring","item":"https:\/\/hubsch-interior.com\/da\/vare-kategori\/boligtilbehor\/opbevaring-da\/"},{"@type":"ListItem","position":5,"name":"Kurve","item":"https:\/\/hubsch-interior.com\/da\/vare-kategori\/boligtilbehor\/opbevaring-da\/kurve-da\/"},{"@type":"ListItem","position":6,"name":"Energy Kurve Large Natur (s\u00e6t af 2)"}]},{"@type":"WebSite","@id":"https:\/\/hubsch-interior.com\/da\/#website","url":"https:\/\/hubsch-interior.com\/da\/","name":"H\u00fcbsch","description":"Danish Home Interior and Design","publisher":{"@id":"https:\/\/hubsch-interior.com\/da\/#organization"},"potentialAction":[{"@type":"SearchAction","target":{"@type":"EntryPoint","urlTemplate":"https:\/\/hubsch-interior.com\/da\/?s={search_term_string}"},"query-input":{"@type":"PropertyValueSpecification","valueRequired":true,"valueName":"search_term_string"}}],"inLanguage":"da-DK"},{"@type":"Organization","@id":"https:\/\/hubsch-interior.com\/da\/#organization","name":"H\u00fcbsch","url":"https:\/\/hubsch-interior.com\/da\/","logo":{"@type":"ImageObject","inLanguage":"da-DK","@id":"https:\/\/hubsch-interior.com\/da\/#\/schema\/logo\/image\/","url":"https:\/\/hubsch-interior.com\/wp-content\/uploads\/2022\/12\/Hubsch_logo_black_one_line.svg","contentUrl":"https:\/\/hubsch-interior.com\/wp-content\/uploads\/2022\/12\/Hubsch_logo_black_one_line.svg","caption":"H\u00fcbsch"},"image":{"@id":"https:\/\/hubsch-interior.com\/da\/#\/schema\/logo\/image\/"}}]}},"_links":{"self":[{"href":"https:\/\/hubsch-interior.com\/da\/wp-json\/wp\/v2\/product\/879617","targetHints":{"allow":["GET"]}}],"collection":[{"href":"https:\/\/hubsch-interior.com\/da\/wp-json\/wp\/v2\/product"}],"about":[{"href":"https:\/\/hubsch-interior.com\/da\/wp-json\/wp\/v2\/types\/product"}],"wp:featuredmedia":[{"embeddable":true,"href":"https:\/\/hubsch-interior.com\/da\/wp-json\/wp\/v2\/media\/1095615"}],"wp:attachment":[{"href":"https:\/\/hubsch-interior.com\/da\/wp-json\/wp\/v2\/media?parent=879617"}],"wp:term":[{"taxonomy":"product_brand","embeddable":true,"href":"https:\/\/hubsch-interior.com\/da\/wp-json\/wp\/v2\/product_brand?post=879617"},{"taxonomy":"product_cat","embeddable":true,"href":"https:\/\/hubsch-interior.com\/da\/wp-json\/wp\/v2\/product_cat?post=879617"},{"taxonomy":"product_tag","embeddable":true,"href":"https:\/\/hubsch-interior.com\/da\/wp-json\/wp\/v2\/product_tag?post=879617"}],"curies":[{"name":"wp","href":"https:\/\/api.w.org\/{rel}","templated":true}]}}