{"id":879697,"date":"2023-02-20T08:37:39","date_gmt":"2023-02-20T07:37:39","guid":{"rendered":"https:\/\/hubsch-interior.com\/product\/product\/"},"modified":"2026-04-08T04:26:05","modified_gmt":"2026-04-08T02:26:05","slug":"amare-opbevaring-med-lag-large-burgundy-rod","status":"publish","type":"product","link":"https:\/\/hubsch-interior.com\/da\/vare\/amare-opbevaring-med-lag-large-burgundy-rod\/","title":{"rendered":"Amare Opbevaring med l\u00e5g Large Burgundy\/R\u00f8d"},"content":{"rendered":"<p>Noget af det allerbedste, vi ved, er at give helt almindelige hverdagsobjekter et nyt pift. En ny farve, en ny form eller et helt nyt take. Og vi synes at vi er lykkedes med at indkapsle ovenst\u00e5ende i et produkt, vores tofarvet keramiske Amare opbevaringsbeholder med l\u00e5g. I en sk\u00f8n farvekombination af r\u00f8d og bordeaux er denne opbevaringsbeholder er den ideelle l\u00f8sning i k\u00f8kkenet  til pasta, kaffekaplser eller p\u00e5 kontoret til blyanter og kuglepenne, hvor orden og kaos helst skal g\u00e5 h\u00e5nd i h\u00e5nd.<\/p>\n","protected":false},"excerpt":{"rendered":"<p>Noget af det allerbedste, vi ved, er at give helt almindelige hverdagsobjekter et nyt pift. En ny farve, en ny form eller et helt nyt take. Og vi synes at vi er lykkedes med at indkapsle ovenst\u00e5ende i et produkt, vores tofarvet keramiske Amare opbevaringsbeholder med l\u00e5g. I en sk\u00f8n farvekombination af r\u00f8d og bordeaux [&hellip;]<\/p>\n","protected":false},"featured_media":1096026,"template":"","meta":{"_acf_changed":false,"inline_featured_image":false},"product_brand":[],"product_cat":[7046,6970,6581,6672,4051,4094,4931,3109,3427,6517],"product_tag":[],"class_list":{"0":"post-879697","1":"product","2":"type-product","3":"status-publish","4":"has-post-thumbnail","6":"product_cat-koekken-opbevaring-da","7":"product_cat-paaskeudsalg","8":"product_cat-rekindle-collection-da","9":"product_cat-amare-tableware-da","10":"product_cat-koekkentilbehoer-da","11":"product_cat-bordservice-da","12":"product_cat-opbevaringsglas-da","13":"product_cat-opbevaring-da","14":"product_cat-krukker-da","15":"product_cat-outlet-da","16":"product_shipping_class-pk","17":"pa_color-burgundy-da","18":"pa_color-rd","19":"pa_material-stone-powder-100-2","21":"first","22":"instock","23":"sale","24":"taxable","25":"shipping-taxable","26":"purchasable","27":"product-type-simple"},"exclude_global_add_ons":[],"addons":[],"acf":[],"yoast_head":"<!-- This site is optimized with the Yoast SEO plugin v26.4 - https:\/\/yoast.com\/wordpress\/plugins\/seo\/ -->\n<title>Amare Opbevaring med l\u00e5g Large Burgundy\/R\u00f8d - H\u00fcbsch<\/title>\n<meta name=\"description\" content=\"Noget af det allerbedste, vi ved, er at give helt almindelige hverdagsobjekter et nyt pift. En ny farve, en ny form eller et helt nyt take. Og vi synes at\" \/>\n<meta name=\"robots\" content=\"index, follow, max-snippet:-1, max-image-preview:large, max-video-preview:-1\" \/>\n<link rel=\"canonical\" href=\"https:\/\/hubsch-interior.com\/da\/wp-json\/wp\/v2\/product\/879697\" \/>\n<meta property=\"og:locale\" content=\"da_DK\" \/>\n<meta property=\"og:type\" content=\"article\" \/>\n<meta property=\"og:title\" content=\"Amare Opbevaring med l\u00e5g Large Burgundy\/R\u00f8d - H\u00fcbsch\" \/>\n<meta property=\"og:description\" content=\"Noget af det allerbedste, vi ved, er at give helt almindelige hverdagsobjekter et nyt pift. En ny farve, en ny form eller et helt nyt take. Og vi synes at\" \/>\n<meta property=\"og:url\" content=\"https:\/\/hubsch-interior.com\/da\/vare\/amare-opbevaring-med-lag-large-burgundy-rod\/\" \/>\n<meta property=\"og:site_name\" content=\"H\u00fcbsch\" \/>\n<meta property=\"article:modified_time\" content=\"2026-04-08T02:26:05+00:00\" \/>\n<meta property=\"og:image\" content=\"https:\/\/hubsch-interior.com\/wp-content\/uploads\/2025\/05\/amare-canister-with-lid-large-burgundyred-7eab9c95a01a170eaa2e8989b8af6439.jpg\" \/>\n\t<meta property=\"og:image:width\" content=\"1200\" \/>\n\t<meta property=\"og:image:height\" content=\"1200\" \/>\n\t<meta property=\"og:image:type\" content=\"image\/jpeg\" \/>\n<meta name=\"twitter:card\" content=\"summary_large_image\" \/>\n<script type=\"application\/ld+json\" class=\"yoast-schema-graph\">{\"@context\":\"https:\/\/schema.org\",\"@graph\":[{\"@type\":\"WebPage\",\"@id\":\"https:\/\/hubsch-interior.com\/da\/vare\/amare-opbevaring-med-lag-large-burgundy-rod\/\",\"url\":\"https:\/\/hubsch-interior.com\/da\/vare\/amare-opbevaring-med-lag-large-burgundy-rod\/\",\"name\":\"Amare Opbevaring med l\u00e5g Large Burgundy\/R\u00f8d - H\u00fcbsch\",\"isPartOf\":{\"@id\":\"https:\/\/hubsch-interior.com\/da\/#website\"},\"primaryImageOfPage\":{\"@id\":\"https:\/\/hubsch-interior.com\/da\/vare\/amare-opbevaring-med-lag-large-burgundy-rod\/#primaryimage\"},\"image\":{\"@id\":\"https:\/\/hubsch-interior.com\/da\/vare\/amare-opbevaring-med-lag-large-burgundy-rod\/#primaryimage\"},\"thumbnailUrl\":\"https:\/\/hubsch-interior.com\/wp-content\/uploads\/2026\/02\/amare-canister-with-lid-large-burgundyred-42da1bdcb4973556718431642e6c85ee.jpg\",\"datePublished\":\"2023-02-20T07:37:39+00:00\",\"dateModified\":\"2026-04-08T02:26:05+00:00\",\"description\":\"Noget af det allerbedste, vi ved, er at give helt almindelige hverdagsobjekter et nyt pift. En ny farve, en ny form eller et helt nyt take. Og vi synes at\",\"breadcrumb\":{\"@id\":\"https:\/\/hubsch-interior.com\/da\/vare\/amare-opbevaring-med-lag-large-burgundy-rod\/#breadcrumb\"},\"inLanguage\":\"da-DK\",\"potentialAction\":[{\"@type\":\"ReadAction\",\"target\":[\"https:\/\/hubsch-interior.com\/da\/vare\/amare-opbevaring-med-lag-large-burgundy-rod\/\"]}]},{\"@type\":\"ImageObject\",\"inLanguage\":\"da-DK\",\"@id\":\"https:\/\/hubsch-interior.com\/da\/vare\/amare-opbevaring-med-lag-large-burgundy-rod\/#primaryimage\",\"url\":\"https:\/\/hubsch-interior.com\/wp-content\/uploads\/2026\/02\/amare-canister-with-lid-large-burgundyred-42da1bdcb4973556718431642e6c85ee.jpg\",\"contentUrl\":\"https:\/\/hubsch-interior.com\/wp-content\/uploads\/2026\/02\/amare-canister-with-lid-large-burgundyred-42da1bdcb4973556718431642e6c85ee.jpg\",\"width\":1024,\"height\":1024},{\"@type\":\"BreadcrumbList\",\"@id\":\"https:\/\/hubsch-interior.com\/da\/vare\/amare-opbevaring-med-lag-large-burgundy-rod\/#breadcrumb\",\"itemListElement\":[{\"@type\":\"ListItem\",\"position\":1,\"name\":\"Forside\",\"item\":\"https:\/\/hubsch-interior.com\/da\/\"},{\"@type\":\"ListItem\",\"position\":2,\"name\":\"Produkter\",\"item\":\"https:\/\/hubsch-interior.com\/da\/produkter\/\"},{\"@type\":\"ListItem\",\"position\":3,\"name\":\"Boligtilbeh\u00f8r\",\"item\":\"https:\/\/hubsch-interior.com\/da\/vare-kategori\/boligtilbehor\/\"},{\"@type\":\"ListItem\",\"position\":4,\"name\":\"K&oslash;kkentilbeh&oslash;r\",\"item\":\"https:\/\/hubsch-interior.com\/da\/vare-kategori\/boligtilbehor\/koekkentilbehoer-da\/\"},{\"@type\":\"ListItem\",\"position\":5,\"name\":\"Bordservice\",\"item\":\"https:\/\/hubsch-interior.com\/da\/vare-kategori\/boligtilbehor\/koekkentilbehoer-da\/bordservice-da\/\"},{\"@type\":\"ListItem\",\"position\":6,\"name\":\"Amare Opbevaring med l\u00e5g Large Burgundy\/R\u00f8d\"}]},{\"@type\":\"WebSite\",\"@id\":\"https:\/\/hubsch-interior.com\/da\/#website\",\"url\":\"https:\/\/hubsch-interior.com\/da\/\",\"name\":\"H\u00fcbsch\",\"description\":\"Danish Home Interior and Design\",\"publisher\":{\"@id\":\"https:\/\/hubsch-interior.com\/da\/#organization\"},\"potentialAction\":[{\"@type\":\"SearchAction\",\"target\":{\"@type\":\"EntryPoint\",\"urlTemplate\":\"https:\/\/hubsch-interior.com\/da\/?s={search_term_string}\"},\"query-input\":{\"@type\":\"PropertyValueSpecification\",\"valueRequired\":true,\"valueName\":\"search_term_string\"}}],\"inLanguage\":\"da-DK\"},{\"@type\":\"Organization\",\"@id\":\"https:\/\/hubsch-interior.com\/da\/#organization\",\"name\":\"H\u00fcbsch\",\"url\":\"https:\/\/hubsch-interior.com\/da\/\",\"logo\":{\"@type\":\"ImageObject\",\"inLanguage\":\"da-DK\",\"@id\":\"https:\/\/hubsch-interior.com\/da\/#\/schema\/logo\/image\/\",\"url\":\"https:\/\/hubsch-interior.com\/wp-content\/uploads\/2022\/12\/Hubsch_logo_black_one_line.svg\",\"contentUrl\":\"https:\/\/hubsch-interior.com\/wp-content\/uploads\/2022\/12\/Hubsch_logo_black_one_line.svg\",\"caption\":\"H\u00fcbsch\"},\"image\":{\"@id\":\"https:\/\/hubsch-interior.com\/da\/#\/schema\/logo\/image\/\"}}]}<\/script>\n<!-- \/ Yoast SEO plugin. -->","yoast_head_json":{"title":"Amare Opbevaring med l\u00e5g Large Burgundy\/R\u00f8d - H\u00fcbsch","description":"Noget af det allerbedste, vi ved, er at give helt almindelige hverdagsobjekter et nyt pift. En ny farve, en ny form eller et helt nyt take. Og vi synes at","robots":{"index":"index","follow":"follow","max-snippet":"max-snippet:-1","max-image-preview":"max-image-preview:large","max-video-preview":"max-video-preview:-1"},"canonical":"https:\/\/hubsch-interior.com\/da\/wp-json\/wp\/v2\/product\/879697","og_locale":"da_DK","og_type":"article","og_title":"Amare Opbevaring med l\u00e5g Large Burgundy\/R\u00f8d - H\u00fcbsch","og_description":"Noget af det allerbedste, vi ved, er at give helt almindelige hverdagsobjekter et nyt pift. En ny farve, en ny form eller et helt nyt take. Og vi synes at","og_url":"https:\/\/hubsch-interior.com\/da\/vare\/amare-opbevaring-med-lag-large-burgundy-rod\/","og_site_name":"H\u00fcbsch","article_modified_time":"2026-04-08T02:26:05+00:00","og_image":[{"width":1200,"height":1200,"url":"https:\/\/hubsch-interior.com\/wp-content\/uploads\/2025\/05\/amare-canister-with-lid-large-burgundyred-7eab9c95a01a170eaa2e8989b8af6439.jpg","type":"image\/jpeg"}],"twitter_card":"summary_large_image","schema":{"@context":"https:\/\/schema.org","@graph":[{"@type":"WebPage","@id":"https:\/\/hubsch-interior.com\/da\/vare\/amare-opbevaring-med-lag-large-burgundy-rod\/","url":"https:\/\/hubsch-interior.com\/da\/vare\/amare-opbevaring-med-lag-large-burgundy-rod\/","name":"Amare Opbevaring med l\u00e5g Large Burgundy\/R\u00f8d - H\u00fcbsch","isPartOf":{"@id":"https:\/\/hubsch-interior.com\/da\/#website"},"primaryImageOfPage":{"@id":"https:\/\/hubsch-interior.com\/da\/vare\/amare-opbevaring-med-lag-large-burgundy-rod\/#primaryimage"},"image":{"@id":"https:\/\/hubsch-interior.com\/da\/vare\/amare-opbevaring-med-lag-large-burgundy-rod\/#primaryimage"},"thumbnailUrl":"https:\/\/hubsch-interior.com\/wp-content\/uploads\/2026\/02\/amare-canister-with-lid-large-burgundyred-42da1bdcb4973556718431642e6c85ee.jpg","datePublished":"2023-02-20T07:37:39+00:00","dateModified":"2026-04-08T02:26:05+00:00","description":"Noget af det allerbedste, vi ved, er at give helt almindelige hverdagsobjekter et nyt pift. En ny farve, en ny form eller et helt nyt take. Og vi synes at","breadcrumb":{"@id":"https:\/\/hubsch-interior.com\/da\/vare\/amare-opbevaring-med-lag-large-burgundy-rod\/#breadcrumb"},"inLanguage":"da-DK","potentialAction":[{"@type":"ReadAction","target":["https:\/\/hubsch-interior.com\/da\/vare\/amare-opbevaring-med-lag-large-burgundy-rod\/"]}]},{"@type":"ImageObject","inLanguage":"da-DK","@id":"https:\/\/hubsch-interior.com\/da\/vare\/amare-opbevaring-med-lag-large-burgundy-rod\/#primaryimage","url":"https:\/\/hubsch-interior.com\/wp-content\/uploads\/2026\/02\/amare-canister-with-lid-large-burgundyred-42da1bdcb4973556718431642e6c85ee.jpg","contentUrl":"https:\/\/hubsch-interior.com\/wp-content\/uploads\/2026\/02\/amare-canister-with-lid-large-burgundyred-42da1bdcb4973556718431642e6c85ee.jpg","width":1024,"height":1024},{"@type":"BreadcrumbList","@id":"https:\/\/hubsch-interior.com\/da\/vare\/amare-opbevaring-med-lag-large-burgundy-rod\/#breadcrumb","itemListElement":[{"@type":"ListItem","position":1,"name":"Forside","item":"https:\/\/hubsch-interior.com\/da\/"},{"@type":"ListItem","position":2,"name":"Produkter","item":"https:\/\/hubsch-interior.com\/da\/produkter\/"},{"@type":"ListItem","position":3,"name":"Boligtilbeh\u00f8r","item":"https:\/\/hubsch-interior.com\/da\/vare-kategori\/boligtilbehor\/"},{"@type":"ListItem","position":4,"name":"K&oslash;kkentilbeh&oslash;r","item":"https:\/\/hubsch-interior.com\/da\/vare-kategori\/boligtilbehor\/koekkentilbehoer-da\/"},{"@type":"ListItem","position":5,"name":"Bordservice","item":"https:\/\/hubsch-interior.com\/da\/vare-kategori\/boligtilbehor\/koekkentilbehoer-da\/bordservice-da\/"},{"@type":"ListItem","position":6,"name":"Amare Opbevaring med l\u00e5g Large Burgundy\/R\u00f8d"}]},{"@type":"WebSite","@id":"https:\/\/hubsch-interior.com\/da\/#website","url":"https:\/\/hubsch-interior.com\/da\/","name":"H\u00fcbsch","description":"Danish Home Interior and Design","publisher":{"@id":"https:\/\/hubsch-interior.com\/da\/#organization"},"potentialAction":[{"@type":"SearchAction","target":{"@type":"EntryPoint","urlTemplate":"https:\/\/hubsch-interior.com\/da\/?s={search_term_string}"},"query-input":{"@type":"PropertyValueSpecification","valueRequired":true,"valueName":"search_term_string"}}],"inLanguage":"da-DK"},{"@type":"Organization","@id":"https:\/\/hubsch-interior.com\/da\/#organization","name":"H\u00fcbsch","url":"https:\/\/hubsch-interior.com\/da\/","logo":{"@type":"ImageObject","inLanguage":"da-DK","@id":"https:\/\/hubsch-interior.com\/da\/#\/schema\/logo\/image\/","url":"https:\/\/hubsch-interior.com\/wp-content\/uploads\/2022\/12\/Hubsch_logo_black_one_line.svg","contentUrl":"https:\/\/hubsch-interior.com\/wp-content\/uploads\/2022\/12\/Hubsch_logo_black_one_line.svg","caption":"H\u00fcbsch"},"image":{"@id":"https:\/\/hubsch-interior.com\/da\/#\/schema\/logo\/image\/"}}]}},"_links":{"self":[{"href":"https:\/\/hubsch-interior.com\/da\/wp-json\/wp\/v2\/product\/879697","targetHints":{"allow":["GET"]}}],"collection":[{"href":"https:\/\/hubsch-interior.com\/da\/wp-json\/wp\/v2\/product"}],"about":[{"href":"https:\/\/hubsch-interior.com\/da\/wp-json\/wp\/v2\/types\/product"}],"wp:featuredmedia":[{"embeddable":true,"href":"https:\/\/hubsch-interior.com\/da\/wp-json\/wp\/v2\/media\/1096026"}],"wp:attachment":[{"href":"https:\/\/hubsch-interior.com\/da\/wp-json\/wp\/v2\/media?parent=879697"}],"wp:term":[{"taxonomy":"product_brand","embeddable":true,"href":"https:\/\/hubsch-interior.com\/da\/wp-json\/wp\/v2\/product_brand?post=879697"},{"taxonomy":"product_cat","embeddable":true,"href":"https:\/\/hubsch-interior.com\/da\/wp-json\/wp\/v2\/product_cat?post=879697"},{"taxonomy":"product_tag","embeddable":true,"href":"https:\/\/hubsch-interior.com\/da\/wp-json\/wp\/v2\/product_tag?post=879697"}],"curies":[{"name":"wp","href":"https:\/\/api.w.org\/{rel}","templated":true}]}}