{"id":879777,"date":"2023-02-20T08:37:53","date_gmt":"2023-02-20T07:37:53","guid":{"rendered":"https:\/\/hubsch-interior.com\/product\/product\/"},"modified":"2026-04-09T04:26:37","modified_gmt":"2026-04-09T02:26:37","slug":"amare-skrivebordsordner-large-brun-lysebla","status":"publish","type":"product","link":"https:\/\/hubsch-interior.com\/da\/vare\/amare-skrivebordsordner-large-brun-lysebla\/","title":{"rendered":"Amare Skrivebordsordner Large Brun\/Lysebl\u00e5"},"content":{"rendered":"<p>Denne store smukke keramiske opbevaringsbeholder i bl\u00e5 og brun er balsam for sj\u00e6len. Is\u00e6r for alle jer med en passion for at organisere. Farvekombinationen og den finde afrundede form vil smuksere et hvilket som helst omr\u00e5de i dit hjem, samtidig med, at der bliver holdt styr p\u00e5 tingeltangel, som ikke altid har et sted at bo.<\/p>\n","protected":false},"excerpt":{"rendered":"<p>Denne store smukke keramiske opbevaringsbeholder i bl\u00e5 og brun er balsam for sj\u00e6len. Is\u00e6r for alle jer med en passion for at organisere. Farvekombinationen og den finde afrundede form vil smuksere et hvilket som helst omr\u00e5de i dit hjem, samtidig med, at der bliver holdt styr p\u00e5 tingeltangel, som ikke altid har et sted at [&hellip;]<\/p>\n","protected":false},"featured_media":1096074,"template":"","meta":{"_acf_changed":false,"inline_featured_image":false},"product_brand":[],"product_cat":[7025,7046,6970,7026,6581,6672,4051,4094,3109,3427,4151,4959,6517],"product_tag":[],"class_list":{"0":"post-879777","1":"product","2":"type-product","3":"status-publish","4":"has-post-thumbnail","6":"product_cat-bordservice-da-2","7":"product_cat-koekken-opbevaring-da","8":"product_cat-paaskeudsalg","9":"product_cat-serveringsfade-tallerkener-da","10":"product_cat-rekindle-collection-da","11":"product_cat-amare-tableware-da","12":"product_cat-koekkentilbehoer-da","13":"product_cat-bordservice-da","14":"product_cat-opbevaring-da","15":"product_cat-krukker-da","16":"product_cat-kontor-da","17":"product_cat-opbevaringskasser-da","18":"product_cat-outlet-da","19":"product_shipping_class-pk","21":"pa_color-brun","22":"pa_color-lysebl","23":"pa_material-stone-powder-100-2","25":"first","26":"instock","27":"sale","28":"taxable","29":"shipping-taxable","30":"purchasable","31":"product-type-simple"},"exclude_global_add_ons":[],"addons":[],"acf":[],"yoast_head":"<!-- This site is optimized with the Yoast SEO plugin v26.4 - https:\/\/yoast.com\/wordpress\/plugins\/seo\/ -->\n<title>Amare Skrivebordsordner Large Brun\/Lysebl\u00e5 - H\u00fcbsch<\/title>\n<meta name=\"description\" content=\"Denne store smukke keramiske opbevaringsbeholder i bl\u00e5 og brun er balsam for sj\u00e6len. Is\u00e6r for alle jer med en passion for at organisere.\" \/>\n<meta name=\"robots\" content=\"index, follow, max-snippet:-1, max-image-preview:large, max-video-preview:-1\" \/>\n<link rel=\"canonical\" href=\"https:\/\/hubsch-interior.com\/da\/wp-json\/wp\/v2\/product\/879777\" \/>\n<meta property=\"og:locale\" content=\"da_DK\" \/>\n<meta property=\"og:type\" content=\"article\" \/>\n<meta property=\"og:title\" content=\"Amare Skrivebordsordner Large Brun\/Lysebl\u00e5 - H\u00fcbsch\" \/>\n<meta property=\"og:description\" content=\"Denne store smukke keramiske opbevaringsbeholder i bl\u00e5 og brun er balsam for sj\u00e6len. Is\u00e6r for alle jer med en passion for at organisere.\" \/>\n<meta property=\"og:url\" content=\"https:\/\/hubsch-interior.com\/da\/vare\/amare-skrivebordsordner-large-brun-lysebla\/\" \/>\n<meta property=\"og:site_name\" content=\"H\u00fcbsch\" \/>\n<meta property=\"article:modified_time\" content=\"2026-04-09T02:26:37+00:00\" \/>\n<meta property=\"og:image\" content=\"https:\/\/hubsch-interior.com\/wp-content\/uploads\/2025\/05\/amare-desk-organiser-large-brownlight-blue-8f47a2dcb877edbad13c850336784123.jpg\" \/>\n\t<meta property=\"og:image:width\" content=\"1200\" \/>\n\t<meta property=\"og:image:height\" content=\"1200\" \/>\n\t<meta property=\"og:image:type\" content=\"image\/jpeg\" \/>\n<meta name=\"twitter:card\" content=\"summary_large_image\" \/>\n<script type=\"application\/ld+json\" class=\"yoast-schema-graph\">{\"@context\":\"https:\/\/schema.org\",\"@graph\":[{\"@type\":\"WebPage\",\"@id\":\"https:\/\/hubsch-interior.com\/da\/vare\/amare-skrivebordsordner-large-brun-lysebla\/\",\"url\":\"https:\/\/hubsch-interior.com\/da\/vare\/amare-skrivebordsordner-large-brun-lysebla\/\",\"name\":\"Amare Skrivebordsordner Large Brun\/Lysebl\u00e5 - H\u00fcbsch\",\"isPartOf\":{\"@id\":\"https:\/\/hubsch-interior.com\/da\/#website\"},\"primaryImageOfPage\":{\"@id\":\"https:\/\/hubsch-interior.com\/da\/vare\/amare-skrivebordsordner-large-brun-lysebla\/#primaryimage\"},\"image\":{\"@id\":\"https:\/\/hubsch-interior.com\/da\/vare\/amare-skrivebordsordner-large-brun-lysebla\/#primaryimage\"},\"thumbnailUrl\":\"https:\/\/hubsch-interior.com\/wp-content\/uploads\/2026\/02\/amare-desk-organiser-large-brownlight-blue-db124c6308b6d5ad8081bcf99a69e605.jpg\",\"datePublished\":\"2023-02-20T07:37:53+00:00\",\"dateModified\":\"2026-04-09T02:26:37+00:00\",\"description\":\"Denne store smukke keramiske opbevaringsbeholder i bl\u00e5 og brun er balsam for sj\u00e6len. Is\u00e6r for alle jer med en passion for at organisere.\",\"breadcrumb\":{\"@id\":\"https:\/\/hubsch-interior.com\/da\/vare\/amare-skrivebordsordner-large-brun-lysebla\/#breadcrumb\"},\"inLanguage\":\"da-DK\",\"potentialAction\":[{\"@type\":\"ReadAction\",\"target\":[\"https:\/\/hubsch-interior.com\/da\/vare\/amare-skrivebordsordner-large-brun-lysebla\/\"]}]},{\"@type\":\"ImageObject\",\"inLanguage\":\"da-DK\",\"@id\":\"https:\/\/hubsch-interior.com\/da\/vare\/amare-skrivebordsordner-large-brun-lysebla\/#primaryimage\",\"url\":\"https:\/\/hubsch-interior.com\/wp-content\/uploads\/2026\/02\/amare-desk-organiser-large-brownlight-blue-db124c6308b6d5ad8081bcf99a69e605.jpg\",\"contentUrl\":\"https:\/\/hubsch-interior.com\/wp-content\/uploads\/2026\/02\/amare-desk-organiser-large-brownlight-blue-db124c6308b6d5ad8081bcf99a69e605.jpg\",\"width\":1024,\"height\":1024},{\"@type\":\"BreadcrumbList\",\"@id\":\"https:\/\/hubsch-interior.com\/da\/vare\/amare-skrivebordsordner-large-brun-lysebla\/#breadcrumb\",\"itemListElement\":[{\"@type\":\"ListItem\",\"position\":1,\"name\":\"Forside\",\"item\":\"https:\/\/hubsch-interior.com\/da\/\"},{\"@type\":\"ListItem\",\"position\":2,\"name\":\"Produkter\",\"item\":\"https:\/\/hubsch-interior.com\/da\/produkter\/\"},{\"@type\":\"ListItem\",\"position\":3,\"name\":\"K\u00f8kken\",\"item\":\"https:\/\/hubsch-interior.com\/da\/vare-kategori\/koekken\/\"},{\"@type\":\"ListItem\",\"position\":4,\"name\":\"Bordservice\",\"item\":\"https:\/\/hubsch-interior.com\/da\/vare-kategori\/koekken\/bordservice-da-2\/\"},{\"@type\":\"ListItem\",\"position\":5,\"name\":\"Serveringsfade &amp; Tallerkener\",\"item\":\"https:\/\/hubsch-interior.com\/da\/vare-kategori\/koekken\/bordservice-da-2\/serveringsfade-tallerkener-da\/\"},{\"@type\":\"ListItem\",\"position\":6,\"name\":\"Amare Skrivebordsordner Large Brun\/Lysebl\u00e5\"}]},{\"@type\":\"WebSite\",\"@id\":\"https:\/\/hubsch-interior.com\/da\/#website\",\"url\":\"https:\/\/hubsch-interior.com\/da\/\",\"name\":\"H\u00fcbsch\",\"description\":\"Danish Home Interior and Design\",\"publisher\":{\"@id\":\"https:\/\/hubsch-interior.com\/da\/#organization\"},\"potentialAction\":[{\"@type\":\"SearchAction\",\"target\":{\"@type\":\"EntryPoint\",\"urlTemplate\":\"https:\/\/hubsch-interior.com\/da\/?s={search_term_string}\"},\"query-input\":{\"@type\":\"PropertyValueSpecification\",\"valueRequired\":true,\"valueName\":\"search_term_string\"}}],\"inLanguage\":\"da-DK\"},{\"@type\":\"Organization\",\"@id\":\"https:\/\/hubsch-interior.com\/da\/#organization\",\"name\":\"H\u00fcbsch\",\"url\":\"https:\/\/hubsch-interior.com\/da\/\",\"logo\":{\"@type\":\"ImageObject\",\"inLanguage\":\"da-DK\",\"@id\":\"https:\/\/hubsch-interior.com\/da\/#\/schema\/logo\/image\/\",\"url\":\"https:\/\/hubsch-interior.com\/wp-content\/uploads\/2022\/12\/Hubsch_logo_black_one_line.svg\",\"contentUrl\":\"https:\/\/hubsch-interior.com\/wp-content\/uploads\/2022\/12\/Hubsch_logo_black_one_line.svg\",\"caption\":\"H\u00fcbsch\"},\"image\":{\"@id\":\"https:\/\/hubsch-interior.com\/da\/#\/schema\/logo\/image\/\"}}]}<\/script>\n<!-- \/ Yoast SEO plugin. -->","yoast_head_json":{"title":"Amare Skrivebordsordner Large Brun\/Lysebl\u00e5 - H\u00fcbsch","description":"Denne store smukke keramiske opbevaringsbeholder i bl\u00e5 og brun er balsam for sj\u00e6len. Is\u00e6r for alle jer med en passion for at organisere.","robots":{"index":"index","follow":"follow","max-snippet":"max-snippet:-1","max-image-preview":"max-image-preview:large","max-video-preview":"max-video-preview:-1"},"canonical":"https:\/\/hubsch-interior.com\/da\/wp-json\/wp\/v2\/product\/879777","og_locale":"da_DK","og_type":"article","og_title":"Amare Skrivebordsordner Large Brun\/Lysebl\u00e5 - H\u00fcbsch","og_description":"Denne store smukke keramiske opbevaringsbeholder i bl\u00e5 og brun er balsam for sj\u00e6len. Is\u00e6r for alle jer med en passion for at organisere.","og_url":"https:\/\/hubsch-interior.com\/da\/vare\/amare-skrivebordsordner-large-brun-lysebla\/","og_site_name":"H\u00fcbsch","article_modified_time":"2026-04-09T02:26:37+00:00","og_image":[{"width":1200,"height":1200,"url":"https:\/\/hubsch-interior.com\/wp-content\/uploads\/2025\/05\/amare-desk-organiser-large-brownlight-blue-8f47a2dcb877edbad13c850336784123.jpg","type":"image\/jpeg"}],"twitter_card":"summary_large_image","schema":{"@context":"https:\/\/schema.org","@graph":[{"@type":"WebPage","@id":"https:\/\/hubsch-interior.com\/da\/vare\/amare-skrivebordsordner-large-brun-lysebla\/","url":"https:\/\/hubsch-interior.com\/da\/vare\/amare-skrivebordsordner-large-brun-lysebla\/","name":"Amare Skrivebordsordner Large Brun\/Lysebl\u00e5 - H\u00fcbsch","isPartOf":{"@id":"https:\/\/hubsch-interior.com\/da\/#website"},"primaryImageOfPage":{"@id":"https:\/\/hubsch-interior.com\/da\/vare\/amare-skrivebordsordner-large-brun-lysebla\/#primaryimage"},"image":{"@id":"https:\/\/hubsch-interior.com\/da\/vare\/amare-skrivebordsordner-large-brun-lysebla\/#primaryimage"},"thumbnailUrl":"https:\/\/hubsch-interior.com\/wp-content\/uploads\/2026\/02\/amare-desk-organiser-large-brownlight-blue-db124c6308b6d5ad8081bcf99a69e605.jpg","datePublished":"2023-02-20T07:37:53+00:00","dateModified":"2026-04-09T02:26:37+00:00","description":"Denne store smukke keramiske opbevaringsbeholder i bl\u00e5 og brun er balsam for sj\u00e6len. Is\u00e6r for alle jer med en passion for at organisere.","breadcrumb":{"@id":"https:\/\/hubsch-interior.com\/da\/vare\/amare-skrivebordsordner-large-brun-lysebla\/#breadcrumb"},"inLanguage":"da-DK","potentialAction":[{"@type":"ReadAction","target":["https:\/\/hubsch-interior.com\/da\/vare\/amare-skrivebordsordner-large-brun-lysebla\/"]}]},{"@type":"ImageObject","inLanguage":"da-DK","@id":"https:\/\/hubsch-interior.com\/da\/vare\/amare-skrivebordsordner-large-brun-lysebla\/#primaryimage","url":"https:\/\/hubsch-interior.com\/wp-content\/uploads\/2026\/02\/amare-desk-organiser-large-brownlight-blue-db124c6308b6d5ad8081bcf99a69e605.jpg","contentUrl":"https:\/\/hubsch-interior.com\/wp-content\/uploads\/2026\/02\/amare-desk-organiser-large-brownlight-blue-db124c6308b6d5ad8081bcf99a69e605.jpg","width":1024,"height":1024},{"@type":"BreadcrumbList","@id":"https:\/\/hubsch-interior.com\/da\/vare\/amare-skrivebordsordner-large-brun-lysebla\/#breadcrumb","itemListElement":[{"@type":"ListItem","position":1,"name":"Forside","item":"https:\/\/hubsch-interior.com\/da\/"},{"@type":"ListItem","position":2,"name":"Produkter","item":"https:\/\/hubsch-interior.com\/da\/produkter\/"},{"@type":"ListItem","position":3,"name":"K\u00f8kken","item":"https:\/\/hubsch-interior.com\/da\/vare-kategori\/koekken\/"},{"@type":"ListItem","position":4,"name":"Bordservice","item":"https:\/\/hubsch-interior.com\/da\/vare-kategori\/koekken\/bordservice-da-2\/"},{"@type":"ListItem","position":5,"name":"Serveringsfade &amp; Tallerkener","item":"https:\/\/hubsch-interior.com\/da\/vare-kategori\/koekken\/bordservice-da-2\/serveringsfade-tallerkener-da\/"},{"@type":"ListItem","position":6,"name":"Amare Skrivebordsordner Large Brun\/Lysebl\u00e5"}]},{"@type":"WebSite","@id":"https:\/\/hubsch-interior.com\/da\/#website","url":"https:\/\/hubsch-interior.com\/da\/","name":"H\u00fcbsch","description":"Danish Home Interior and Design","publisher":{"@id":"https:\/\/hubsch-interior.com\/da\/#organization"},"potentialAction":[{"@type":"SearchAction","target":{"@type":"EntryPoint","urlTemplate":"https:\/\/hubsch-interior.com\/da\/?s={search_term_string}"},"query-input":{"@type":"PropertyValueSpecification","valueRequired":true,"valueName":"search_term_string"}}],"inLanguage":"da-DK"},{"@type":"Organization","@id":"https:\/\/hubsch-interior.com\/da\/#organization","name":"H\u00fcbsch","url":"https:\/\/hubsch-interior.com\/da\/","logo":{"@type":"ImageObject","inLanguage":"da-DK","@id":"https:\/\/hubsch-interior.com\/da\/#\/schema\/logo\/image\/","url":"https:\/\/hubsch-interior.com\/wp-content\/uploads\/2022\/12\/Hubsch_logo_black_one_line.svg","contentUrl":"https:\/\/hubsch-interior.com\/wp-content\/uploads\/2022\/12\/Hubsch_logo_black_one_line.svg","caption":"H\u00fcbsch"},"image":{"@id":"https:\/\/hubsch-interior.com\/da\/#\/schema\/logo\/image\/"}}]}},"_links":{"self":[{"href":"https:\/\/hubsch-interior.com\/da\/wp-json\/wp\/v2\/product\/879777","targetHints":{"allow":["GET"]}}],"collection":[{"href":"https:\/\/hubsch-interior.com\/da\/wp-json\/wp\/v2\/product"}],"about":[{"href":"https:\/\/hubsch-interior.com\/da\/wp-json\/wp\/v2\/types\/product"}],"wp:featuredmedia":[{"embeddable":true,"href":"https:\/\/hubsch-interior.com\/da\/wp-json\/wp\/v2\/media\/1096074"}],"wp:attachment":[{"href":"https:\/\/hubsch-interior.com\/da\/wp-json\/wp\/v2\/media?parent=879777"}],"wp:term":[{"taxonomy":"product_brand","embeddable":true,"href":"https:\/\/hubsch-interior.com\/da\/wp-json\/wp\/v2\/product_brand?post=879777"},{"taxonomy":"product_cat","embeddable":true,"href":"https:\/\/hubsch-interior.com\/da\/wp-json\/wp\/v2\/product_cat?post=879777"},{"taxonomy":"product_tag","embeddable":true,"href":"https:\/\/hubsch-interior.com\/da\/wp-json\/wp\/v2\/product_tag?post=879777"}],"curies":[{"name":"wp","href":"https:\/\/api.w.org\/{rel}","templated":true}]}}