{"id":879821,"date":"2023-02-20T08:38:02","date_gmt":"2023-02-20T07:38:02","guid":{"rendered":"https:\/\/hubsch-interior.com\/product\/product\/"},"modified":"2026-04-06T04:26:09","modified_gmt":"2026-04-06T02:26:09","slug":"amare-kop-underkop-lysebla-brun","status":"publish","type":"product","link":"https:\/\/hubsch-interior.com\/da\/vare\/amare-kop-underkop-lysebla-brun\/","title":{"rendered":"Amare Kop\/underkop Lysebl\u00e5\/Brun"},"content":{"rendered":"<p>Her er et sk\u00f8nt retro-inspireret makkerpar til den passionerede te- eller kaffedrikker. Hvis du nu tilf\u00e6ldigvis er den farveglade type, s\u00e5 er dette s\u00e6t i keramik ogs\u00e5 til dig. Den smukke farvekombination af lysebl\u00e5 og brun slog benene v\u00e6k under os med samme, vi s\u00e5 den. Den fine skinnende glasur giver et smil p\u00e5 l\u00e6ben selv en mandag morgen, hvor du ogs\u00e5 kan nyde, at b\u00e5de kop og underkop g\u00e5r i opvaskeren.<\/p>\n","protected":false},"excerpt":{"rendered":"<p>Her er et sk\u00f8nt retro-inspireret makkerpar til den passionerede te- eller kaffedrikker. Hvis du nu tilf\u00e6ldigvis er den farveglade type, s\u00e5 er dette s\u00e6t i keramik ogs\u00e5 til dig. Den smukke farvekombination af lysebl\u00e5 og brun slog benene v\u00e6k under os med samme, vi s\u00e5 den. Den fine skinnende glasur giver et smil p\u00e5 l\u00e6ben [&hellip;]<\/p>\n","protected":false},"featured_media":1114311,"template":"","meta":{"_acf_changed":false,"inline_featured_image":false},"product_brand":[],"product_cat":[6672,5025,4094,7025,7032,4051,6517,6970,6581],"product_tag":[],"class_list":{"0":"post-879821","1":"product","2":"type-product","3":"status-publish","4":"has-post-thumbnail","6":"product_cat-amare-tableware-da","7":"product_cat-bestsellers-da","8":"product_cat-bordservice-da","9":"product_cat-bordservice-da-2","10":"product_cat-glas-kander-da","11":"product_cat-koekkentilbehoer-da","12":"product_cat-outlet-da","13":"product_cat-paaskeudsalg","14":"product_cat-rekindle-collection-da","15":"product_shipping_class-pk","17":"pa_color-brun","18":"pa_color-lysebl","19":"pa_material-stone-powder-100-2","21":"first","22":"instock","23":"sale","24":"featured","25":"taxable","26":"shipping-taxable","27":"purchasable","28":"product-type-simple"},"exclude_global_add_ons":[],"addons":[],"acf":[],"yoast_head":"<!-- This site is optimized with the Yoast SEO plugin v26.4 - https:\/\/yoast.com\/wordpress\/plugins\/seo\/ -->\n<title>Amare Kop\/underkop Lysebl\u00e5\/Brun - H\u00fcbsch<\/title>\n<meta name=\"description\" content=\"Her er et sk\u00f8nt retro-inspireret makkerpar til den passionerede te- eller kaffedrikker. Hvis du nu tilf\u00e6ldigvis er den farveglade type, s\u00e5 er dette s\u00e6t i\" \/>\n<meta name=\"robots\" content=\"index, follow, max-snippet:-1, max-image-preview:large, max-video-preview:-1\" \/>\n<link rel=\"canonical\" href=\"https:\/\/hubsch-interior.com\/da\/wp-json\/wp\/v2\/product\/879821\" \/>\n<meta property=\"og:locale\" content=\"da_DK\" \/>\n<meta property=\"og:type\" content=\"article\" \/>\n<meta property=\"og:title\" content=\"Amare Kop\/underkop Lysebl\u00e5\/Brun - H\u00fcbsch\" \/>\n<meta property=\"og:description\" content=\"Her er et sk\u00f8nt retro-inspireret makkerpar til den passionerede te- eller kaffedrikker. Hvis du nu tilf\u00e6ldigvis er den farveglade type, s\u00e5 er dette s\u00e6t i\" \/>\n<meta property=\"og:url\" content=\"https:\/\/hubsch-interior.com\/da\/vare\/amare-kop-underkop-lysebla-brun\/\" \/>\n<meta property=\"og:site_name\" content=\"H\u00fcbsch\" \/>\n<meta property=\"article:modified_time\" content=\"2026-04-06T02:26:09+00:00\" \/>\n<meta property=\"og:image\" content=\"https:\/\/hubsch-interior.com\/wp-content\/uploads\/2025\/06\/amare-cupsaucer-light-bluebrown-ba7a5f1a8e52c1747d6a82650f6394e2.jpg\" \/>\n\t<meta property=\"og:image:width\" content=\"1200\" \/>\n\t<meta property=\"og:image:height\" content=\"1200\" \/>\n\t<meta property=\"og:image:type\" content=\"image\/jpeg\" \/>\n<meta name=\"twitter:card\" content=\"summary_large_image\" \/>\n<script type=\"application\/ld+json\" class=\"yoast-schema-graph\">{\"@context\":\"https:\/\/schema.org\",\"@graph\":[{\"@type\":\"WebPage\",\"@id\":\"https:\/\/hubsch-interior.com\/da\/vare\/amare-kop-underkop-lysebla-brun\/\",\"url\":\"https:\/\/hubsch-interior.com\/da\/vare\/amare-kop-underkop-lysebla-brun\/\",\"name\":\"Amare Kop\/underkop Lysebl\u00e5\/Brun - H\u00fcbsch\",\"isPartOf\":{\"@id\":\"https:\/\/hubsch-interior.com\/da\/#website\"},\"primaryImageOfPage\":{\"@id\":\"https:\/\/hubsch-interior.com\/da\/vare\/amare-kop-underkop-lysebla-brun\/#primaryimage\"},\"image\":{\"@id\":\"https:\/\/hubsch-interior.com\/da\/vare\/amare-kop-underkop-lysebla-brun\/#primaryimage\"},\"thumbnailUrl\":\"https:\/\/hubsch-interior.com\/wp-content\/uploads\/2026\/02\/amare-cupsaucer-light-bluebrown-1ad09121bd07877200f3e99c77007bbb.jpg\",\"datePublished\":\"2023-02-20T07:38:02+00:00\",\"dateModified\":\"2026-04-06T02:26:09+00:00\",\"description\":\"Her er et sk\u00f8nt retro-inspireret makkerpar til den passionerede te- eller kaffedrikker. Hvis du nu tilf\u00e6ldigvis er den farveglade type, s\u00e5 er dette s\u00e6t i\",\"breadcrumb\":{\"@id\":\"https:\/\/hubsch-interior.com\/da\/vare\/amare-kop-underkop-lysebla-brun\/#breadcrumb\"},\"inLanguage\":\"da-DK\",\"potentialAction\":[{\"@type\":\"ReadAction\",\"target\":[\"https:\/\/hubsch-interior.com\/da\/vare\/amare-kop-underkop-lysebla-brun\/\"]}]},{\"@type\":\"ImageObject\",\"inLanguage\":\"da-DK\",\"@id\":\"https:\/\/hubsch-interior.com\/da\/vare\/amare-kop-underkop-lysebla-brun\/#primaryimage\",\"url\":\"https:\/\/hubsch-interior.com\/wp-content\/uploads\/2026\/02\/amare-cupsaucer-light-bluebrown-1ad09121bd07877200f3e99c77007bbb.jpg\",\"contentUrl\":\"https:\/\/hubsch-interior.com\/wp-content\/uploads\/2026\/02\/amare-cupsaucer-light-bluebrown-1ad09121bd07877200f3e99c77007bbb.jpg\",\"width\":1024,\"height\":1024},{\"@type\":\"BreadcrumbList\",\"@id\":\"https:\/\/hubsch-interior.com\/da\/vare\/amare-kop-underkop-lysebla-brun\/#breadcrumb\",\"itemListElement\":[{\"@type\":\"ListItem\",\"position\":1,\"name\":\"Forside\",\"item\":\"https:\/\/hubsch-interior.com\/da\/\"},{\"@type\":\"ListItem\",\"position\":2,\"name\":\"Produkter\",\"item\":\"https:\/\/hubsch-interior.com\/da\/produkter\/\"},{\"@type\":\"ListItem\",\"position\":3,\"name\":\"K\u00f8kken\",\"item\":\"https:\/\/hubsch-interior.com\/da\/vare-kategori\/koekken\/\"},{\"@type\":\"ListItem\",\"position\":4,\"name\":\"Bordservice\",\"item\":\"https:\/\/hubsch-interior.com\/da\/vare-kategori\/koekken\/bordservice-da-2\/\"},{\"@type\":\"ListItem\",\"position\":5,\"name\":\"Glas &amp; kander\",\"item\":\"https:\/\/hubsch-interior.com\/da\/vare-kategori\/koekken\/bordservice-da-2\/glas-kander-da\/\"},{\"@type\":\"ListItem\",\"position\":6,\"name\":\"Amare Kop\/underkop Lysebl\u00e5\/Brun\"}]},{\"@type\":\"WebSite\",\"@id\":\"https:\/\/hubsch-interior.com\/da\/#website\",\"url\":\"https:\/\/hubsch-interior.com\/da\/\",\"name\":\"H\u00fcbsch\",\"description\":\"Danish Home Interior and Design\",\"publisher\":{\"@id\":\"https:\/\/hubsch-interior.com\/da\/#organization\"},\"potentialAction\":[{\"@type\":\"SearchAction\",\"target\":{\"@type\":\"EntryPoint\",\"urlTemplate\":\"https:\/\/hubsch-interior.com\/da\/?s={search_term_string}\"},\"query-input\":{\"@type\":\"PropertyValueSpecification\",\"valueRequired\":true,\"valueName\":\"search_term_string\"}}],\"inLanguage\":\"da-DK\"},{\"@type\":\"Organization\",\"@id\":\"https:\/\/hubsch-interior.com\/da\/#organization\",\"name\":\"H\u00fcbsch\",\"url\":\"https:\/\/hubsch-interior.com\/da\/\",\"logo\":{\"@type\":\"ImageObject\",\"inLanguage\":\"da-DK\",\"@id\":\"https:\/\/hubsch-interior.com\/da\/#\/schema\/logo\/image\/\",\"url\":\"https:\/\/hubsch-interior.com\/wp-content\/uploads\/2022\/12\/Hubsch_logo_black_one_line.svg\",\"contentUrl\":\"https:\/\/hubsch-interior.com\/wp-content\/uploads\/2022\/12\/Hubsch_logo_black_one_line.svg\",\"caption\":\"H\u00fcbsch\"},\"image\":{\"@id\":\"https:\/\/hubsch-interior.com\/da\/#\/schema\/logo\/image\/\"}}]}<\/script>\n<!-- \/ Yoast SEO plugin. -->","yoast_head_json":{"title":"Amare Kop\/underkop Lysebl\u00e5\/Brun - H\u00fcbsch","description":"Her er et sk\u00f8nt retro-inspireret makkerpar til den passionerede te- eller kaffedrikker. Hvis du nu tilf\u00e6ldigvis er den farveglade type, s\u00e5 er dette s\u00e6t i","robots":{"index":"index","follow":"follow","max-snippet":"max-snippet:-1","max-image-preview":"max-image-preview:large","max-video-preview":"max-video-preview:-1"},"canonical":"https:\/\/hubsch-interior.com\/da\/wp-json\/wp\/v2\/product\/879821","og_locale":"da_DK","og_type":"article","og_title":"Amare Kop\/underkop Lysebl\u00e5\/Brun - H\u00fcbsch","og_description":"Her er et sk\u00f8nt retro-inspireret makkerpar til den passionerede te- eller kaffedrikker. Hvis du nu tilf\u00e6ldigvis er den farveglade type, s\u00e5 er dette s\u00e6t i","og_url":"https:\/\/hubsch-interior.com\/da\/vare\/amare-kop-underkop-lysebla-brun\/","og_site_name":"H\u00fcbsch","article_modified_time":"2026-04-06T02:26:09+00:00","og_image":[{"width":1200,"height":1200,"url":"https:\/\/hubsch-interior.com\/wp-content\/uploads\/2025\/06\/amare-cupsaucer-light-bluebrown-ba7a5f1a8e52c1747d6a82650f6394e2.jpg","type":"image\/jpeg"}],"twitter_card":"summary_large_image","schema":{"@context":"https:\/\/schema.org","@graph":[{"@type":"WebPage","@id":"https:\/\/hubsch-interior.com\/da\/vare\/amare-kop-underkop-lysebla-brun\/","url":"https:\/\/hubsch-interior.com\/da\/vare\/amare-kop-underkop-lysebla-brun\/","name":"Amare Kop\/underkop Lysebl\u00e5\/Brun - H\u00fcbsch","isPartOf":{"@id":"https:\/\/hubsch-interior.com\/da\/#website"},"primaryImageOfPage":{"@id":"https:\/\/hubsch-interior.com\/da\/vare\/amare-kop-underkop-lysebla-brun\/#primaryimage"},"image":{"@id":"https:\/\/hubsch-interior.com\/da\/vare\/amare-kop-underkop-lysebla-brun\/#primaryimage"},"thumbnailUrl":"https:\/\/hubsch-interior.com\/wp-content\/uploads\/2026\/02\/amare-cupsaucer-light-bluebrown-1ad09121bd07877200f3e99c77007bbb.jpg","datePublished":"2023-02-20T07:38:02+00:00","dateModified":"2026-04-06T02:26:09+00:00","description":"Her er et sk\u00f8nt retro-inspireret makkerpar til den passionerede te- eller kaffedrikker. Hvis du nu tilf\u00e6ldigvis er den farveglade type, s\u00e5 er dette s\u00e6t i","breadcrumb":{"@id":"https:\/\/hubsch-interior.com\/da\/vare\/amare-kop-underkop-lysebla-brun\/#breadcrumb"},"inLanguage":"da-DK","potentialAction":[{"@type":"ReadAction","target":["https:\/\/hubsch-interior.com\/da\/vare\/amare-kop-underkop-lysebla-brun\/"]}]},{"@type":"ImageObject","inLanguage":"da-DK","@id":"https:\/\/hubsch-interior.com\/da\/vare\/amare-kop-underkop-lysebla-brun\/#primaryimage","url":"https:\/\/hubsch-interior.com\/wp-content\/uploads\/2026\/02\/amare-cupsaucer-light-bluebrown-1ad09121bd07877200f3e99c77007bbb.jpg","contentUrl":"https:\/\/hubsch-interior.com\/wp-content\/uploads\/2026\/02\/amare-cupsaucer-light-bluebrown-1ad09121bd07877200f3e99c77007bbb.jpg","width":1024,"height":1024},{"@type":"BreadcrumbList","@id":"https:\/\/hubsch-interior.com\/da\/vare\/amare-kop-underkop-lysebla-brun\/#breadcrumb","itemListElement":[{"@type":"ListItem","position":1,"name":"Forside","item":"https:\/\/hubsch-interior.com\/da\/"},{"@type":"ListItem","position":2,"name":"Produkter","item":"https:\/\/hubsch-interior.com\/da\/produkter\/"},{"@type":"ListItem","position":3,"name":"K\u00f8kken","item":"https:\/\/hubsch-interior.com\/da\/vare-kategori\/koekken\/"},{"@type":"ListItem","position":4,"name":"Bordservice","item":"https:\/\/hubsch-interior.com\/da\/vare-kategori\/koekken\/bordservice-da-2\/"},{"@type":"ListItem","position":5,"name":"Glas &amp; kander","item":"https:\/\/hubsch-interior.com\/da\/vare-kategori\/koekken\/bordservice-da-2\/glas-kander-da\/"},{"@type":"ListItem","position":6,"name":"Amare Kop\/underkop Lysebl\u00e5\/Brun"}]},{"@type":"WebSite","@id":"https:\/\/hubsch-interior.com\/da\/#website","url":"https:\/\/hubsch-interior.com\/da\/","name":"H\u00fcbsch","description":"Danish Home Interior and Design","publisher":{"@id":"https:\/\/hubsch-interior.com\/da\/#organization"},"potentialAction":[{"@type":"SearchAction","target":{"@type":"EntryPoint","urlTemplate":"https:\/\/hubsch-interior.com\/da\/?s={search_term_string}"},"query-input":{"@type":"PropertyValueSpecification","valueRequired":true,"valueName":"search_term_string"}}],"inLanguage":"da-DK"},{"@type":"Organization","@id":"https:\/\/hubsch-interior.com\/da\/#organization","name":"H\u00fcbsch","url":"https:\/\/hubsch-interior.com\/da\/","logo":{"@type":"ImageObject","inLanguage":"da-DK","@id":"https:\/\/hubsch-interior.com\/da\/#\/schema\/logo\/image\/","url":"https:\/\/hubsch-interior.com\/wp-content\/uploads\/2022\/12\/Hubsch_logo_black_one_line.svg","contentUrl":"https:\/\/hubsch-interior.com\/wp-content\/uploads\/2022\/12\/Hubsch_logo_black_one_line.svg","caption":"H\u00fcbsch"},"image":{"@id":"https:\/\/hubsch-interior.com\/da\/#\/schema\/logo\/image\/"}}]}},"_links":{"self":[{"href":"https:\/\/hubsch-interior.com\/da\/wp-json\/wp\/v2\/product\/879821","targetHints":{"allow":["GET"]}}],"collection":[{"href":"https:\/\/hubsch-interior.com\/da\/wp-json\/wp\/v2\/product"}],"about":[{"href":"https:\/\/hubsch-interior.com\/da\/wp-json\/wp\/v2\/types\/product"}],"wp:featuredmedia":[{"embeddable":true,"href":"https:\/\/hubsch-interior.com\/da\/wp-json\/wp\/v2\/media\/1114311"}],"wp:attachment":[{"href":"https:\/\/hubsch-interior.com\/da\/wp-json\/wp\/v2\/media?parent=879821"}],"wp:term":[{"taxonomy":"product_brand","embeddable":true,"href":"https:\/\/hubsch-interior.com\/da\/wp-json\/wp\/v2\/product_brand?post=879821"},{"taxonomy":"product_cat","embeddable":true,"href":"https:\/\/hubsch-interior.com\/da\/wp-json\/wp\/v2\/product_cat?post=879821"},{"taxonomy":"product_tag","embeddable":true,"href":"https:\/\/hubsch-interior.com\/da\/wp-json\/wp\/v2\/product_tag?post=879821"}],"curies":[{"name":"wp","href":"https:\/\/api.w.org\/{rel}","templated":true}]}}