{"id":879993,"date":"2023-02-20T08:38:28","date_gmt":"2023-02-20T07:38:28","guid":{"rendered":"https:\/\/hubsch-interior.com\/product\/product\/"},"modified":"2026-04-09T04:27:05","modified_gmt":"2026-04-09T02:27:05","slug":"amare-bakke-sand-gron-saet-af-2","status":"publish","type":"product","link":"https:\/\/hubsch-interior.com\/da\/vare\/amare-bakke-sand-gron-saet-af-2\/","title":{"rendered":"Amare Bakke Sand\/Gr\u00f8n (s\u00e6t af 2)"},"content":{"rendered":"<p>Design objekter, som kombinerer funktion og sk\u00f8nhed, er noget af det bedste, vi ved. Og den keramiske bakke Amare er det perfekte eksempel. Bakken fungerer som et smukt obevaringssted til kontorgrej, papir og kuglepenne eller som et smukt fad til h\u00f8jtbelagt sm\u00f8rrebr\u00f8d eller sushi. Farvekombinatinonen her af dyb sand og gr\u00e6sgr\u00f8n bliver man bare glad i l\u00e5get af.<\/p>\n<p>F\u00f8devaregodkendt og velegnet til opvaskemaskine.<\/p>\n","protected":false},"excerpt":{"rendered":"<p>Design objekter, som kombinerer funktion og sk\u00f8nhed, er noget af det bedste, vi ved. Og den keramiske bakke Amare er det perfekte eksempel. Bakken fungerer som et smukt obevaringssted til kontorgrej, papir og kuglepenne eller som et smukt fad til h\u00f8jtbelagt sm\u00f8rrebr\u00f8d eller sushi. Farvekombinatinonen her af dyb sand og gr\u00e6sgr\u00f8n bliver man bare glad [&hellip;]<\/p>\n","protected":false},"featured_media":1096194,"template":"","meta":{"_acf_changed":false,"inline_featured_image":false},"product_brand":[],"product_cat":[6672,7038,4052,7025,4094,4051,4151,4959,6517,6970,6581,7026],"product_tag":[],"class_list":{"0":"post-879993","1":"product","2":"type-product","3":"status-publish","4":"has-post-thumbnail","6":"product_cat-amare-tableware-da","7":"product_cat-koekken-bakker-da","8":"product_cat-bakker-da","9":"product_cat-bordservice-da-2","10":"product_cat-bordservice-da","11":"product_cat-koekkentilbehoer-da","12":"product_cat-kontor-da","13":"product_cat-opbevaringskasser-da","14":"product_cat-outlet-da","15":"product_cat-paaskeudsalg","16":"product_cat-rekindle-collection-da","17":"product_cat-serveringsfade-tallerkener-da","18":"product_shipping_class-pk","20":"pa_color-grn","21":"pa_color-sand-da","22":"pa_material-stone-powder-100-2","24":"first","25":"instock","26":"sale","27":"taxable","28":"shipping-taxable","29":"purchasable","30":"product-type-simple"},"exclude_global_add_ons":[],"addons":[],"acf":[],"yoast_head":"<!-- This site is optimized with the Yoast SEO plugin v26.4 - https:\/\/yoast.com\/wordpress\/plugins\/seo\/ -->\n<title>Amare Bakke Sand\/Gr\u00f8n (s\u00e6t af 2) - H\u00fcbsch<\/title>\n<meta name=\"description\" content=\"Design objekter, som kombinerer funktion og sk\u00f8nhed, er noget af det bedste, vi ved. Og den keramiske bakke Amare er det perfekte eksempel. Bakken\" \/>\n<meta name=\"robots\" content=\"index, follow, max-snippet:-1, max-image-preview:large, max-video-preview:-1\" \/>\n<link rel=\"canonical\" href=\"https:\/\/hubsch-interior.com\/da\/wp-json\/wp\/v2\/product\/879993\" \/>\n<meta property=\"og:locale\" content=\"da_DK\" \/>\n<meta property=\"og:type\" content=\"article\" \/>\n<meta property=\"og:title\" content=\"Amare Bakke Sand\/Gr\u00f8n (s\u00e6t af 2) - H\u00fcbsch\" \/>\n<meta property=\"og:description\" content=\"Design objekter, som kombinerer funktion og sk\u00f8nhed, er noget af det bedste, vi ved. Og den keramiske bakke Amare er det perfekte eksempel. Bakken\" \/>\n<meta property=\"og:url\" content=\"https:\/\/hubsch-interior.com\/da\/vare\/amare-bakke-sand-gron-saet-af-2\/\" \/>\n<meta property=\"og:site_name\" content=\"H\u00fcbsch\" \/>\n<meta property=\"article:modified_time\" content=\"2026-04-09T02:27:05+00:00\" \/>\n<meta property=\"og:image\" content=\"https:\/\/hubsch-interior.com\/wp-content\/uploads\/2025\/05\/amare-tray-sandgreen-set-of-2-aebff8e3e9c45fa77c6157a3dde69d13.jpg\" \/>\n\t<meta property=\"og:image:width\" content=\"1200\" \/>\n\t<meta property=\"og:image:height\" content=\"1200\" \/>\n\t<meta property=\"og:image:type\" content=\"image\/jpeg\" \/>\n<meta name=\"twitter:card\" content=\"summary_large_image\" \/>\n<script type=\"application\/ld+json\" class=\"yoast-schema-graph\">{\"@context\":\"https:\/\/schema.org\",\"@graph\":[{\"@type\":\"WebPage\",\"@id\":\"https:\/\/hubsch-interior.com\/da\/vare\/amare-bakke-sand-gron-saet-af-2\/\",\"url\":\"https:\/\/hubsch-interior.com\/da\/vare\/amare-bakke-sand-gron-saet-af-2\/\",\"name\":\"Amare Bakke Sand\/Gr\u00f8n (s\u00e6t af 2) - H\u00fcbsch\",\"isPartOf\":{\"@id\":\"https:\/\/hubsch-interior.com\/da\/#website\"},\"primaryImageOfPage\":{\"@id\":\"https:\/\/hubsch-interior.com\/da\/vare\/amare-bakke-sand-gron-saet-af-2\/#primaryimage\"},\"image\":{\"@id\":\"https:\/\/hubsch-interior.com\/da\/vare\/amare-bakke-sand-gron-saet-af-2\/#primaryimage\"},\"thumbnailUrl\":\"https:\/\/hubsch-interior.com\/wp-content\/uploads\/2026\/02\/amare-tray-sandgreen-set-of-2-aa9b1fca5e49b60d4e167215497cc672.jpg\",\"datePublished\":\"2023-02-20T07:38:28+00:00\",\"dateModified\":\"2026-04-09T02:27:05+00:00\",\"description\":\"Design objekter, som kombinerer funktion og sk\u00f8nhed, er noget af det bedste, vi ved. Og den keramiske bakke Amare er det perfekte eksempel. Bakken\",\"breadcrumb\":{\"@id\":\"https:\/\/hubsch-interior.com\/da\/vare\/amare-bakke-sand-gron-saet-af-2\/#breadcrumb\"},\"inLanguage\":\"da-DK\",\"potentialAction\":[{\"@type\":\"ReadAction\",\"target\":[\"https:\/\/hubsch-interior.com\/da\/vare\/amare-bakke-sand-gron-saet-af-2\/\"]}]},{\"@type\":\"ImageObject\",\"inLanguage\":\"da-DK\",\"@id\":\"https:\/\/hubsch-interior.com\/da\/vare\/amare-bakke-sand-gron-saet-af-2\/#primaryimage\",\"url\":\"https:\/\/hubsch-interior.com\/wp-content\/uploads\/2026\/02\/amare-tray-sandgreen-set-of-2-aa9b1fca5e49b60d4e167215497cc672.jpg\",\"contentUrl\":\"https:\/\/hubsch-interior.com\/wp-content\/uploads\/2026\/02\/amare-tray-sandgreen-set-of-2-aa9b1fca5e49b60d4e167215497cc672.jpg\",\"width\":1024,\"height\":1024},{\"@type\":\"BreadcrumbList\",\"@id\":\"https:\/\/hubsch-interior.com\/da\/vare\/amare-bakke-sand-gron-saet-af-2\/#breadcrumb\",\"itemListElement\":[{\"@type\":\"ListItem\",\"position\":1,\"name\":\"Forside\",\"item\":\"https:\/\/hubsch-interior.com\/da\/\"},{\"@type\":\"ListItem\",\"position\":2,\"name\":\"Produkter\",\"item\":\"https:\/\/hubsch-interior.com\/da\/produkter\/\"},{\"@type\":\"ListItem\",\"position\":3,\"name\":\"K\u00f8kken\",\"item\":\"https:\/\/hubsch-interior.com\/da\/vare-kategori\/koekken\/\"},{\"@type\":\"ListItem\",\"position\":4,\"name\":\"Bordservice\",\"item\":\"https:\/\/hubsch-interior.com\/da\/vare-kategori\/koekken\/bordservice-da-2\/\"},{\"@type\":\"ListItem\",\"position\":5,\"name\":\"Bakker\",\"item\":\"https:\/\/hubsch-interior.com\/da\/vare-kategori\/koekken\/bordservice-da-2\/koekken-bakker-da\/\"},{\"@type\":\"ListItem\",\"position\":6,\"name\":\"Amare Bakke Sand\/Gr\u00f8n (s\u00e6t af 2)\"}]},{\"@type\":\"WebSite\",\"@id\":\"https:\/\/hubsch-interior.com\/da\/#website\",\"url\":\"https:\/\/hubsch-interior.com\/da\/\",\"name\":\"H\u00fcbsch\",\"description\":\"Danish Home Interior and Design\",\"publisher\":{\"@id\":\"https:\/\/hubsch-interior.com\/da\/#organization\"},\"potentialAction\":[{\"@type\":\"SearchAction\",\"target\":{\"@type\":\"EntryPoint\",\"urlTemplate\":\"https:\/\/hubsch-interior.com\/da\/?s={search_term_string}\"},\"query-input\":{\"@type\":\"PropertyValueSpecification\",\"valueRequired\":true,\"valueName\":\"search_term_string\"}}],\"inLanguage\":\"da-DK\"},{\"@type\":\"Organization\",\"@id\":\"https:\/\/hubsch-interior.com\/da\/#organization\",\"name\":\"H\u00fcbsch\",\"url\":\"https:\/\/hubsch-interior.com\/da\/\",\"logo\":{\"@type\":\"ImageObject\",\"inLanguage\":\"da-DK\",\"@id\":\"https:\/\/hubsch-interior.com\/da\/#\/schema\/logo\/image\/\",\"url\":\"https:\/\/hubsch-interior.com\/wp-content\/uploads\/2022\/12\/Hubsch_logo_black_one_line.svg\",\"contentUrl\":\"https:\/\/hubsch-interior.com\/wp-content\/uploads\/2022\/12\/Hubsch_logo_black_one_line.svg\",\"caption\":\"H\u00fcbsch\"},\"image\":{\"@id\":\"https:\/\/hubsch-interior.com\/da\/#\/schema\/logo\/image\/\"}}]}<\/script>\n<!-- \/ Yoast SEO plugin. -->","yoast_head_json":{"title":"Amare Bakke Sand\/Gr\u00f8n (s\u00e6t af 2) - H\u00fcbsch","description":"Design objekter, som kombinerer funktion og sk\u00f8nhed, er noget af det bedste, vi ved. Og den keramiske bakke Amare er det perfekte eksempel. Bakken","robots":{"index":"index","follow":"follow","max-snippet":"max-snippet:-1","max-image-preview":"max-image-preview:large","max-video-preview":"max-video-preview:-1"},"canonical":"https:\/\/hubsch-interior.com\/da\/wp-json\/wp\/v2\/product\/879993","og_locale":"da_DK","og_type":"article","og_title":"Amare Bakke Sand\/Gr\u00f8n (s\u00e6t af 2) - H\u00fcbsch","og_description":"Design objekter, som kombinerer funktion og sk\u00f8nhed, er noget af det bedste, vi ved. Og den keramiske bakke Amare er det perfekte eksempel. Bakken","og_url":"https:\/\/hubsch-interior.com\/da\/vare\/amare-bakke-sand-gron-saet-af-2\/","og_site_name":"H\u00fcbsch","article_modified_time":"2026-04-09T02:27:05+00:00","og_image":[{"width":1200,"height":1200,"url":"https:\/\/hubsch-interior.com\/wp-content\/uploads\/2025\/05\/amare-tray-sandgreen-set-of-2-aebff8e3e9c45fa77c6157a3dde69d13.jpg","type":"image\/jpeg"}],"twitter_card":"summary_large_image","schema":{"@context":"https:\/\/schema.org","@graph":[{"@type":"WebPage","@id":"https:\/\/hubsch-interior.com\/da\/vare\/amare-bakke-sand-gron-saet-af-2\/","url":"https:\/\/hubsch-interior.com\/da\/vare\/amare-bakke-sand-gron-saet-af-2\/","name":"Amare Bakke Sand\/Gr\u00f8n (s\u00e6t af 2) - H\u00fcbsch","isPartOf":{"@id":"https:\/\/hubsch-interior.com\/da\/#website"},"primaryImageOfPage":{"@id":"https:\/\/hubsch-interior.com\/da\/vare\/amare-bakke-sand-gron-saet-af-2\/#primaryimage"},"image":{"@id":"https:\/\/hubsch-interior.com\/da\/vare\/amare-bakke-sand-gron-saet-af-2\/#primaryimage"},"thumbnailUrl":"https:\/\/hubsch-interior.com\/wp-content\/uploads\/2026\/02\/amare-tray-sandgreen-set-of-2-aa9b1fca5e49b60d4e167215497cc672.jpg","datePublished":"2023-02-20T07:38:28+00:00","dateModified":"2026-04-09T02:27:05+00:00","description":"Design objekter, som kombinerer funktion og sk\u00f8nhed, er noget af det bedste, vi ved. Og den keramiske bakke Amare er det perfekte eksempel. Bakken","breadcrumb":{"@id":"https:\/\/hubsch-interior.com\/da\/vare\/amare-bakke-sand-gron-saet-af-2\/#breadcrumb"},"inLanguage":"da-DK","potentialAction":[{"@type":"ReadAction","target":["https:\/\/hubsch-interior.com\/da\/vare\/amare-bakke-sand-gron-saet-af-2\/"]}]},{"@type":"ImageObject","inLanguage":"da-DK","@id":"https:\/\/hubsch-interior.com\/da\/vare\/amare-bakke-sand-gron-saet-af-2\/#primaryimage","url":"https:\/\/hubsch-interior.com\/wp-content\/uploads\/2026\/02\/amare-tray-sandgreen-set-of-2-aa9b1fca5e49b60d4e167215497cc672.jpg","contentUrl":"https:\/\/hubsch-interior.com\/wp-content\/uploads\/2026\/02\/amare-tray-sandgreen-set-of-2-aa9b1fca5e49b60d4e167215497cc672.jpg","width":1024,"height":1024},{"@type":"BreadcrumbList","@id":"https:\/\/hubsch-interior.com\/da\/vare\/amare-bakke-sand-gron-saet-af-2\/#breadcrumb","itemListElement":[{"@type":"ListItem","position":1,"name":"Forside","item":"https:\/\/hubsch-interior.com\/da\/"},{"@type":"ListItem","position":2,"name":"Produkter","item":"https:\/\/hubsch-interior.com\/da\/produkter\/"},{"@type":"ListItem","position":3,"name":"K\u00f8kken","item":"https:\/\/hubsch-interior.com\/da\/vare-kategori\/koekken\/"},{"@type":"ListItem","position":4,"name":"Bordservice","item":"https:\/\/hubsch-interior.com\/da\/vare-kategori\/koekken\/bordservice-da-2\/"},{"@type":"ListItem","position":5,"name":"Bakker","item":"https:\/\/hubsch-interior.com\/da\/vare-kategori\/koekken\/bordservice-da-2\/koekken-bakker-da\/"},{"@type":"ListItem","position":6,"name":"Amare Bakke Sand\/Gr\u00f8n (s\u00e6t af 2)"}]},{"@type":"WebSite","@id":"https:\/\/hubsch-interior.com\/da\/#website","url":"https:\/\/hubsch-interior.com\/da\/","name":"H\u00fcbsch","description":"Danish Home Interior and Design","publisher":{"@id":"https:\/\/hubsch-interior.com\/da\/#organization"},"potentialAction":[{"@type":"SearchAction","target":{"@type":"EntryPoint","urlTemplate":"https:\/\/hubsch-interior.com\/da\/?s={search_term_string}"},"query-input":{"@type":"PropertyValueSpecification","valueRequired":true,"valueName":"search_term_string"}}],"inLanguage":"da-DK"},{"@type":"Organization","@id":"https:\/\/hubsch-interior.com\/da\/#organization","name":"H\u00fcbsch","url":"https:\/\/hubsch-interior.com\/da\/","logo":{"@type":"ImageObject","inLanguage":"da-DK","@id":"https:\/\/hubsch-interior.com\/da\/#\/schema\/logo\/image\/","url":"https:\/\/hubsch-interior.com\/wp-content\/uploads\/2022\/12\/Hubsch_logo_black_one_line.svg","contentUrl":"https:\/\/hubsch-interior.com\/wp-content\/uploads\/2022\/12\/Hubsch_logo_black_one_line.svg","caption":"H\u00fcbsch"},"image":{"@id":"https:\/\/hubsch-interior.com\/da\/#\/schema\/logo\/image\/"}}]}},"_links":{"self":[{"href":"https:\/\/hubsch-interior.com\/da\/wp-json\/wp\/v2\/product\/879993","targetHints":{"allow":["GET"]}}],"collection":[{"href":"https:\/\/hubsch-interior.com\/da\/wp-json\/wp\/v2\/product"}],"about":[{"href":"https:\/\/hubsch-interior.com\/da\/wp-json\/wp\/v2\/types\/product"}],"wp:featuredmedia":[{"embeddable":true,"href":"https:\/\/hubsch-interior.com\/da\/wp-json\/wp\/v2\/media\/1096194"}],"wp:attachment":[{"href":"https:\/\/hubsch-interior.com\/da\/wp-json\/wp\/v2\/media?parent=879993"}],"wp:term":[{"taxonomy":"product_brand","embeddable":true,"href":"https:\/\/hubsch-interior.com\/da\/wp-json\/wp\/v2\/product_brand?post=879993"},{"taxonomy":"product_cat","embeddable":true,"href":"https:\/\/hubsch-interior.com\/da\/wp-json\/wp\/v2\/product_cat?post=879993"},{"taxonomy":"product_tag","embeddable":true,"href":"https:\/\/hubsch-interior.com\/da\/wp-json\/wp\/v2\/product_tag?post=879993"}],"curies":[{"name":"wp","href":"https:\/\/api.w.org\/{rel}","templated":true}]}}