{"id":880005,"date":"2023-02-20T08:38:36","date_gmt":"2023-02-20T07:38:36","guid":{"rendered":"https:\/\/hubsch-interior.com\/product\/product\/"},"modified":"2026-04-06T04:26:37","modified_gmt":"2026-04-06T02:26:37","slug":"amare-frokosttallerken-brun","status":"publish","type":"product","link":"https:\/\/hubsch-interior.com\/da\/vare\/amare-frokosttallerken-brun\/","title":{"rendered":"Amare Frokosttallerken Brun"},"content":{"rendered":"<p>Amare betyder at elske p\u00e5 italiensk. Og alt hvad der har med keramik, l\u00e6kker madlavning og hyggelige selskaber at g\u00f8re, elsker vi. Denne fine frokosttallerken i en sk\u00f8n brunlig farve og skinnende glasur er en del af vores nye stel Amare, og vi er vilde med den simple og organiske form. <\/p>\n<p>Frokosttallerkenen passer perfekt i og er velegnet til opvaskemaskine. Den m\u00e5 ogs\u00e5 komme i ovn og mikrob\u00f8lgeovn.  Mix og match med andre dele fra vores Amare Kollektion.<\/p>\n","protected":false},"excerpt":{"rendered":"<p>Amare betyder at elske p\u00e5 italiensk. Og alt hvad der har med keramik, l\u00e6kker madlavning og hyggelige selskaber at g\u00f8re, elsker vi. Denne fine frokosttallerken i en sk\u00f8n brunlig farve og skinnende glasur er en del af vores nye stel Amare, og vi er vilde med den simple og organiske form. Frokosttallerkenen passer perfekt i [&hellip;]<\/p>\n","protected":false},"featured_media":1096222,"template":"","meta":{"_acf_changed":false,"inline_featured_image":false},"product_brand":[],"product_cat":[6672,5025,7025,4094,6347,4051,6517,6970,6581,7076],"product_tag":[],"class_list":{"0":"post-880005","1":"product","2":"type-product","3":"status-publish","4":"has-post-thumbnail","6":"product_cat-amare-tableware-da","7":"product_cat-bestsellers-da","8":"product_cat-bordservice-da-2","9":"product_cat-bordservice-da","10":"product_cat-garden-selection-da","11":"product_cat-koekkentilbehoer-da","12":"product_cat-outlet-da","13":"product_cat-paaskeudsalg","14":"product_cat-rekindle-collection-da","15":"product_cat-tallerkener-skaale-da","16":"product_shipping_class-pk","18":"pa_color-brun","19":"pa_material-stone-powder-100-2","21":"first","22":"instock","23":"sale","24":"featured","25":"taxable","26":"shipping-taxable","27":"purchasable","28":"product-type-simple"},"exclude_global_add_ons":[],"addons":[],"acf":[],"yoast_head":"<!-- This site is optimized with the Yoast SEO plugin v26.4 - https:\/\/yoast.com\/wordpress\/plugins\/seo\/ -->\n<title>Amare Frokosttallerken Brun - H\u00fcbsch<\/title>\n<meta name=\"description\" content=\"Amare betyder at elske p\u00e5 italiensk. Og alt hvad der har med keramik, l\u00e6kker madlavning og hyggelige selskaber at g\u00f8re, elsker vi. Denne fine\" \/>\n<meta name=\"robots\" content=\"index, follow, max-snippet:-1, max-image-preview:large, max-video-preview:-1\" \/>\n<link rel=\"canonical\" href=\"https:\/\/hubsch-interior.com\/da\/wp-json\/wp\/v2\/product\/880005\" \/>\n<meta property=\"og:locale\" content=\"da_DK\" \/>\n<meta property=\"og:type\" content=\"article\" \/>\n<meta property=\"og:title\" content=\"Amare Frokosttallerken Brun - H\u00fcbsch\" \/>\n<meta property=\"og:description\" content=\"Amare betyder at elske p\u00e5 italiensk. Og alt hvad der har med keramik, l\u00e6kker madlavning og hyggelige selskaber at g\u00f8re, elsker vi. Denne fine\" \/>\n<meta property=\"og:url\" content=\"https:\/\/hubsch-interior.com\/da\/vare\/amare-frokosttallerken-brun\/\" \/>\n<meta property=\"og:site_name\" content=\"H\u00fcbsch\" \/>\n<meta property=\"article:modified_time\" content=\"2026-04-06T02:26:37+00:00\" \/>\n<meta property=\"og:image\" content=\"https:\/\/hubsch-interior.com\/wp-content\/uploads\/2023\/08\/amare-lunch-plate-brown-aa0a078bde5aec272afbf35987d299bb.jpg\" \/>\n\t<meta property=\"og:image:width\" content=\"1200\" \/>\n\t<meta property=\"og:image:height\" content=\"1200\" \/>\n\t<meta property=\"og:image:type\" content=\"image\/jpeg\" \/>\n<meta name=\"twitter:card\" content=\"summary_large_image\" \/>\n<script type=\"application\/ld+json\" class=\"yoast-schema-graph\">{\"@context\":\"https:\/\/schema.org\",\"@graph\":[{\"@type\":\"WebPage\",\"@id\":\"https:\/\/hubsch-interior.com\/da\/vare\/amare-frokosttallerken-brun\/\",\"url\":\"https:\/\/hubsch-interior.com\/da\/vare\/amare-frokosttallerken-brun\/\",\"name\":\"Amare Frokosttallerken Brun - H\u00fcbsch\",\"isPartOf\":{\"@id\":\"https:\/\/hubsch-interior.com\/da\/#website\"},\"primaryImageOfPage\":{\"@id\":\"https:\/\/hubsch-interior.com\/da\/vare\/amare-frokosttallerken-brun\/#primaryimage\"},\"image\":{\"@id\":\"https:\/\/hubsch-interior.com\/da\/vare\/amare-frokosttallerken-brun\/#primaryimage\"},\"thumbnailUrl\":\"https:\/\/hubsch-interior.com\/wp-content\/uploads\/2026\/02\/amare-lunch-plate-brown-4db452a63218385e11c21807562f1874.jpg\",\"datePublished\":\"2023-02-20T07:38:36+00:00\",\"dateModified\":\"2026-04-06T02:26:37+00:00\",\"description\":\"Amare betyder at elske p\u00e5 italiensk. Og alt hvad der har med keramik, l\u00e6kker madlavning og hyggelige selskaber at g\u00f8re, elsker vi. Denne fine\",\"breadcrumb\":{\"@id\":\"https:\/\/hubsch-interior.com\/da\/vare\/amare-frokosttallerken-brun\/#breadcrumb\"},\"inLanguage\":\"da-DK\",\"potentialAction\":[{\"@type\":\"ReadAction\",\"target\":[\"https:\/\/hubsch-interior.com\/da\/vare\/amare-frokosttallerken-brun\/\"]}]},{\"@type\":\"ImageObject\",\"inLanguage\":\"da-DK\",\"@id\":\"https:\/\/hubsch-interior.com\/da\/vare\/amare-frokosttallerken-brun\/#primaryimage\",\"url\":\"https:\/\/hubsch-interior.com\/wp-content\/uploads\/2026\/02\/amare-lunch-plate-brown-4db452a63218385e11c21807562f1874.jpg\",\"contentUrl\":\"https:\/\/hubsch-interior.com\/wp-content\/uploads\/2026\/02\/amare-lunch-plate-brown-4db452a63218385e11c21807562f1874.jpg\",\"width\":1024,\"height\":1024},{\"@type\":\"BreadcrumbList\",\"@id\":\"https:\/\/hubsch-interior.com\/da\/vare\/amare-frokosttallerken-brun\/#breadcrumb\",\"itemListElement\":[{\"@type\":\"ListItem\",\"position\":1,\"name\":\"Forside\",\"item\":\"https:\/\/hubsch-interior.com\/da\/\"},{\"@type\":\"ListItem\",\"position\":2,\"name\":\"Produkter\",\"item\":\"https:\/\/hubsch-interior.com\/da\/produkter\/\"},{\"@type\":\"ListItem\",\"position\":3,\"name\":\"K\u00f8kken\",\"item\":\"https:\/\/hubsch-interior.com\/da\/vare-kategori\/koekken\/\"},{\"@type\":\"ListItem\",\"position\":4,\"name\":\"Bordservice\",\"item\":\"https:\/\/hubsch-interior.com\/da\/vare-kategori\/koekken\/bordservice-da-2\/\"},{\"@type\":\"ListItem\",\"position\":5,\"name\":\"Tallerkener &amp; Sk&aring;le\",\"item\":\"https:\/\/hubsch-interior.com\/da\/vare-kategori\/koekken\/bordservice-da-2\/tallerkener-skaale-da\/\"},{\"@type\":\"ListItem\",\"position\":6,\"name\":\"Amare Frokosttallerken Brun\"}]},{\"@type\":\"WebSite\",\"@id\":\"https:\/\/hubsch-interior.com\/da\/#website\",\"url\":\"https:\/\/hubsch-interior.com\/da\/\",\"name\":\"H\u00fcbsch\",\"description\":\"Danish Home Interior and Design\",\"publisher\":{\"@id\":\"https:\/\/hubsch-interior.com\/da\/#organization\"},\"potentialAction\":[{\"@type\":\"SearchAction\",\"target\":{\"@type\":\"EntryPoint\",\"urlTemplate\":\"https:\/\/hubsch-interior.com\/da\/?s={search_term_string}\"},\"query-input\":{\"@type\":\"PropertyValueSpecification\",\"valueRequired\":true,\"valueName\":\"search_term_string\"}}],\"inLanguage\":\"da-DK\"},{\"@type\":\"Organization\",\"@id\":\"https:\/\/hubsch-interior.com\/da\/#organization\",\"name\":\"H\u00fcbsch\",\"url\":\"https:\/\/hubsch-interior.com\/da\/\",\"logo\":{\"@type\":\"ImageObject\",\"inLanguage\":\"da-DK\",\"@id\":\"https:\/\/hubsch-interior.com\/da\/#\/schema\/logo\/image\/\",\"url\":\"https:\/\/hubsch-interior.com\/wp-content\/uploads\/2022\/12\/Hubsch_logo_black_one_line.svg\",\"contentUrl\":\"https:\/\/hubsch-interior.com\/wp-content\/uploads\/2022\/12\/Hubsch_logo_black_one_line.svg\",\"caption\":\"H\u00fcbsch\"},\"image\":{\"@id\":\"https:\/\/hubsch-interior.com\/da\/#\/schema\/logo\/image\/\"}}]}<\/script>\n<!-- \/ Yoast SEO plugin. -->","yoast_head_json":{"title":"Amare Frokosttallerken Brun - H\u00fcbsch","description":"Amare betyder at elske p\u00e5 italiensk. Og alt hvad der har med keramik, l\u00e6kker madlavning og hyggelige selskaber at g\u00f8re, elsker vi. Denne fine","robots":{"index":"index","follow":"follow","max-snippet":"max-snippet:-1","max-image-preview":"max-image-preview:large","max-video-preview":"max-video-preview:-1"},"canonical":"https:\/\/hubsch-interior.com\/da\/wp-json\/wp\/v2\/product\/880005","og_locale":"da_DK","og_type":"article","og_title":"Amare Frokosttallerken Brun - H\u00fcbsch","og_description":"Amare betyder at elske p\u00e5 italiensk. Og alt hvad der har med keramik, l\u00e6kker madlavning og hyggelige selskaber at g\u00f8re, elsker vi. Denne fine","og_url":"https:\/\/hubsch-interior.com\/da\/vare\/amare-frokosttallerken-brun\/","og_site_name":"H\u00fcbsch","article_modified_time":"2026-04-06T02:26:37+00:00","og_image":[{"width":1200,"height":1200,"url":"https:\/\/hubsch-interior.com\/wp-content\/uploads\/2023\/08\/amare-lunch-plate-brown-aa0a078bde5aec272afbf35987d299bb.jpg","type":"image\/jpeg"}],"twitter_card":"summary_large_image","schema":{"@context":"https:\/\/schema.org","@graph":[{"@type":"WebPage","@id":"https:\/\/hubsch-interior.com\/da\/vare\/amare-frokosttallerken-brun\/","url":"https:\/\/hubsch-interior.com\/da\/vare\/amare-frokosttallerken-brun\/","name":"Amare Frokosttallerken Brun - H\u00fcbsch","isPartOf":{"@id":"https:\/\/hubsch-interior.com\/da\/#website"},"primaryImageOfPage":{"@id":"https:\/\/hubsch-interior.com\/da\/vare\/amare-frokosttallerken-brun\/#primaryimage"},"image":{"@id":"https:\/\/hubsch-interior.com\/da\/vare\/amare-frokosttallerken-brun\/#primaryimage"},"thumbnailUrl":"https:\/\/hubsch-interior.com\/wp-content\/uploads\/2026\/02\/amare-lunch-plate-brown-4db452a63218385e11c21807562f1874.jpg","datePublished":"2023-02-20T07:38:36+00:00","dateModified":"2026-04-06T02:26:37+00:00","description":"Amare betyder at elske p\u00e5 italiensk. Og alt hvad der har med keramik, l\u00e6kker madlavning og hyggelige selskaber at g\u00f8re, elsker vi. Denne fine","breadcrumb":{"@id":"https:\/\/hubsch-interior.com\/da\/vare\/amare-frokosttallerken-brun\/#breadcrumb"},"inLanguage":"da-DK","potentialAction":[{"@type":"ReadAction","target":["https:\/\/hubsch-interior.com\/da\/vare\/amare-frokosttallerken-brun\/"]}]},{"@type":"ImageObject","inLanguage":"da-DK","@id":"https:\/\/hubsch-interior.com\/da\/vare\/amare-frokosttallerken-brun\/#primaryimage","url":"https:\/\/hubsch-interior.com\/wp-content\/uploads\/2026\/02\/amare-lunch-plate-brown-4db452a63218385e11c21807562f1874.jpg","contentUrl":"https:\/\/hubsch-interior.com\/wp-content\/uploads\/2026\/02\/amare-lunch-plate-brown-4db452a63218385e11c21807562f1874.jpg","width":1024,"height":1024},{"@type":"BreadcrumbList","@id":"https:\/\/hubsch-interior.com\/da\/vare\/amare-frokosttallerken-brun\/#breadcrumb","itemListElement":[{"@type":"ListItem","position":1,"name":"Forside","item":"https:\/\/hubsch-interior.com\/da\/"},{"@type":"ListItem","position":2,"name":"Produkter","item":"https:\/\/hubsch-interior.com\/da\/produkter\/"},{"@type":"ListItem","position":3,"name":"K\u00f8kken","item":"https:\/\/hubsch-interior.com\/da\/vare-kategori\/koekken\/"},{"@type":"ListItem","position":4,"name":"Bordservice","item":"https:\/\/hubsch-interior.com\/da\/vare-kategori\/koekken\/bordservice-da-2\/"},{"@type":"ListItem","position":5,"name":"Tallerkener &amp; Sk&aring;le","item":"https:\/\/hubsch-interior.com\/da\/vare-kategori\/koekken\/bordservice-da-2\/tallerkener-skaale-da\/"},{"@type":"ListItem","position":6,"name":"Amare Frokosttallerken Brun"}]},{"@type":"WebSite","@id":"https:\/\/hubsch-interior.com\/da\/#website","url":"https:\/\/hubsch-interior.com\/da\/","name":"H\u00fcbsch","description":"Danish Home Interior and Design","publisher":{"@id":"https:\/\/hubsch-interior.com\/da\/#organization"},"potentialAction":[{"@type":"SearchAction","target":{"@type":"EntryPoint","urlTemplate":"https:\/\/hubsch-interior.com\/da\/?s={search_term_string}"},"query-input":{"@type":"PropertyValueSpecification","valueRequired":true,"valueName":"search_term_string"}}],"inLanguage":"da-DK"},{"@type":"Organization","@id":"https:\/\/hubsch-interior.com\/da\/#organization","name":"H\u00fcbsch","url":"https:\/\/hubsch-interior.com\/da\/","logo":{"@type":"ImageObject","inLanguage":"da-DK","@id":"https:\/\/hubsch-interior.com\/da\/#\/schema\/logo\/image\/","url":"https:\/\/hubsch-interior.com\/wp-content\/uploads\/2022\/12\/Hubsch_logo_black_one_line.svg","contentUrl":"https:\/\/hubsch-interior.com\/wp-content\/uploads\/2022\/12\/Hubsch_logo_black_one_line.svg","caption":"H\u00fcbsch"},"image":{"@id":"https:\/\/hubsch-interior.com\/da\/#\/schema\/logo\/image\/"}}]}},"_links":{"self":[{"href":"https:\/\/hubsch-interior.com\/da\/wp-json\/wp\/v2\/product\/880005","targetHints":{"allow":["GET"]}}],"collection":[{"href":"https:\/\/hubsch-interior.com\/da\/wp-json\/wp\/v2\/product"}],"about":[{"href":"https:\/\/hubsch-interior.com\/da\/wp-json\/wp\/v2\/types\/product"}],"wp:featuredmedia":[{"embeddable":true,"href":"https:\/\/hubsch-interior.com\/da\/wp-json\/wp\/v2\/media\/1096222"}],"wp:attachment":[{"href":"https:\/\/hubsch-interior.com\/da\/wp-json\/wp\/v2\/media?parent=880005"}],"wp:term":[{"taxonomy":"product_brand","embeddable":true,"href":"https:\/\/hubsch-interior.com\/da\/wp-json\/wp\/v2\/product_brand?post=880005"},{"taxonomy":"product_cat","embeddable":true,"href":"https:\/\/hubsch-interior.com\/da\/wp-json\/wp\/v2\/product_cat?post=880005"},{"taxonomy":"product_tag","embeddable":true,"href":"https:\/\/hubsch-interior.com\/da\/wp-json\/wp\/v2\/product_tag?post=880005"}],"curies":[{"name":"wp","href":"https:\/\/api.w.org\/{rel}","templated":true}]}}