{"id":880085,"date":"2023-02-20T08:40:03","date_gmt":"2023-02-20T07:40:03","guid":{"rendered":"https:\/\/hubsch-interior.com\/product\/product\/"},"modified":"2026-04-08T04:27:04","modified_gmt":"2026-04-08T02:27:04","slug":"amare-middagstallerken-brun","status":"publish","type":"product","link":"https:\/\/hubsch-interior.com\/da\/vare\/amare-middagstallerken-brun\/","title":{"rendered":"Amare Middagstallerken Brun"},"content":{"rendered":"<p>Forberedelse eller spontanitet? Hvis du er typen som os, der godt kan lide at forberede og d\u00e6kke et fint bord, s\u00e5 er vores keramiske middagstallerken helt perfekt. Hvis du ogs\u00e5 er til helt spontan hverdagsagtig aftensmad, s\u00e5 kan vores fine Amare middagstallerken ogs\u00e5 noget s\u00e6rligt. Amare betyder at elske p\u00e5 italiensk, og vi er vilde med alt, hvor mennesker samles og m\u00f8des over et godt m\u00e5ltid mad. Uanset om det er til hverdag eller fest.  <\/p>\n<p>Middagstallerkenen i en smuk brun farve med skinnende glasur passer perfekt i og er velegnet til opvaskemaskine. Den m\u00e5 ogs\u00e5 komme i ovn og mikrob\u00f8lgeovn. Mix og match med andre dele fra vores Amare Kollektion.<\/p>\n","protected":false},"excerpt":{"rendered":"<p>Forberedelse eller spontanitet? Hvis du er typen som os, der godt kan lide at forberede og d\u00e6kke et fint bord, s\u00e5 er vores keramiske middagstallerken helt perfekt. Hvis du ogs\u00e5 er til helt spontan hverdagsagtig aftensmad, s\u00e5 kan vores fine Amare middagstallerken ogs\u00e5 noget s\u00e6rligt. Amare betyder at elske p\u00e5 italiensk, og vi er vilde [&hellip;]<\/p>\n","protected":false},"featured_media":1096262,"template":"","meta":{"_acf_changed":false,"inline_featured_image":false},"product_brand":[],"product_cat":[7025,6970,7076,6581,6672,4051,4094,5025,6517],"product_tag":[],"class_list":{"0":"post-880085","1":"product","2":"type-product","3":"status-publish","4":"has-post-thumbnail","6":"product_cat-bordservice-da-2","7":"product_cat-paaskeudsalg","8":"product_cat-tallerkener-skaale-da","9":"product_cat-rekindle-collection-da","10":"product_cat-amare-tableware-da","11":"product_cat-koekkentilbehoer-da","12":"product_cat-bordservice-da","13":"product_cat-bestsellers-da","14":"product_cat-outlet-da","15":"product_shipping_class-pk","16":"pa_color-brun","17":"pa_material-stone-powder-100-2","19":"first","20":"instock","21":"sale","22":"featured","23":"taxable","24":"shipping-taxable","25":"purchasable","26":"product-type-simple"},"exclude_global_add_ons":[],"addons":[],"acf":[],"yoast_head":"<!-- This site is optimized with the Yoast SEO plugin v26.4 - https:\/\/yoast.com\/wordpress\/plugins\/seo\/ -->\n<title>Amare Middagstallerken Brun - H\u00fcbsch<\/title>\n<meta name=\"description\" content=\"Forberedelse eller spontanitet? Hvis du er typen som os, der godt kan lide at forberede og d\u00e6kke et fint bord, s\u00e5 er vores keramiske middagstallerken helt\" \/>\n<meta name=\"robots\" content=\"index, follow, max-snippet:-1, max-image-preview:large, max-video-preview:-1\" \/>\n<link rel=\"canonical\" href=\"https:\/\/hubsch-interior.com\/da\/wp-json\/wp\/v2\/product\/880085\" \/>\n<meta property=\"og:locale\" content=\"da_DK\" \/>\n<meta property=\"og:type\" content=\"article\" \/>\n<meta property=\"og:title\" content=\"Amare Middagstallerken Brun - H\u00fcbsch\" \/>\n<meta property=\"og:description\" content=\"Forberedelse eller spontanitet? Hvis du er typen som os, der godt kan lide at forberede og d\u00e6kke et fint bord, s\u00e5 er vores keramiske middagstallerken helt\" \/>\n<meta property=\"og:url\" content=\"https:\/\/hubsch-interior.com\/da\/vare\/amare-middagstallerken-brun\/\" \/>\n<meta property=\"og:site_name\" content=\"H\u00fcbsch\" \/>\n<meta property=\"article:modified_time\" content=\"2026-04-08T02:27:04+00:00\" \/>\n<meta property=\"og:image\" content=\"https:\/\/hubsch-interior.com\/wp-content\/uploads\/2023\/10\/amare-dinner-plate-brown-4f096416f31635a0bce73f0832c106de.jpg\" \/>\n\t<meta property=\"og:image:width\" content=\"1200\" \/>\n\t<meta property=\"og:image:height\" content=\"1200\" \/>\n\t<meta property=\"og:image:type\" content=\"image\/jpeg\" \/>\n<meta name=\"twitter:card\" content=\"summary_large_image\" \/>\n<meta name=\"twitter:label1\" content=\"Estimeret l\u00e6setid\" \/>\n\t<meta name=\"twitter:data1\" content=\"1 minut\" \/>\n<script type=\"application\/ld+json\" class=\"yoast-schema-graph\">{\"@context\":\"https:\/\/schema.org\",\"@graph\":[{\"@type\":\"WebPage\",\"@id\":\"https:\/\/hubsch-interior.com\/da\/vare\/amare-middagstallerken-brun\/\",\"url\":\"https:\/\/hubsch-interior.com\/da\/vare\/amare-middagstallerken-brun\/\",\"name\":\"Amare Middagstallerken Brun - H\u00fcbsch\",\"isPartOf\":{\"@id\":\"https:\/\/hubsch-interior.com\/da\/#website\"},\"primaryImageOfPage\":{\"@id\":\"https:\/\/hubsch-interior.com\/da\/vare\/amare-middagstallerken-brun\/#primaryimage\"},\"image\":{\"@id\":\"https:\/\/hubsch-interior.com\/da\/vare\/amare-middagstallerken-brun\/#primaryimage\"},\"thumbnailUrl\":\"https:\/\/hubsch-interior.com\/wp-content\/uploads\/2026\/02\/amare-dinner-plate-brown-9f8eaab47ed3828bb575f1ac1c46a1dc.jpg\",\"datePublished\":\"2023-02-20T07:40:03+00:00\",\"dateModified\":\"2026-04-08T02:27:04+00:00\",\"description\":\"Forberedelse eller spontanitet? Hvis du er typen som os, der godt kan lide at forberede og d\u00e6kke et fint bord, s\u00e5 er vores keramiske middagstallerken helt\",\"breadcrumb\":{\"@id\":\"https:\/\/hubsch-interior.com\/da\/vare\/amare-middagstallerken-brun\/#breadcrumb\"},\"inLanguage\":\"da-DK\",\"potentialAction\":[{\"@type\":\"ReadAction\",\"target\":[\"https:\/\/hubsch-interior.com\/da\/vare\/amare-middagstallerken-brun\/\"]}]},{\"@type\":\"ImageObject\",\"inLanguage\":\"da-DK\",\"@id\":\"https:\/\/hubsch-interior.com\/da\/vare\/amare-middagstallerken-brun\/#primaryimage\",\"url\":\"https:\/\/hubsch-interior.com\/wp-content\/uploads\/2026\/02\/amare-dinner-plate-brown-9f8eaab47ed3828bb575f1ac1c46a1dc.jpg\",\"contentUrl\":\"https:\/\/hubsch-interior.com\/wp-content\/uploads\/2026\/02\/amare-dinner-plate-brown-9f8eaab47ed3828bb575f1ac1c46a1dc.jpg\",\"width\":1024,\"height\":1024},{\"@type\":\"BreadcrumbList\",\"@id\":\"https:\/\/hubsch-interior.com\/da\/vare\/amare-middagstallerken-brun\/#breadcrumb\",\"itemListElement\":[{\"@type\":\"ListItem\",\"position\":1,\"name\":\"Forside\",\"item\":\"https:\/\/hubsch-interior.com\/da\/\"},{\"@type\":\"ListItem\",\"position\":2,\"name\":\"Produkter\",\"item\":\"https:\/\/hubsch-interior.com\/da\/produkter\/\"},{\"@type\":\"ListItem\",\"position\":3,\"name\":\"K\u00f8kken\",\"item\":\"https:\/\/hubsch-interior.com\/da\/vare-kategori\/koekken\/\"},{\"@type\":\"ListItem\",\"position\":4,\"name\":\"Bordservice\",\"item\":\"https:\/\/hubsch-interior.com\/da\/vare-kategori\/koekken\/bordservice-da-2\/\"},{\"@type\":\"ListItem\",\"position\":5,\"name\":\"Tallerkener &amp; Sk&aring;le\",\"item\":\"https:\/\/hubsch-interior.com\/da\/vare-kategori\/koekken\/bordservice-da-2\/tallerkener-skaale-da\/\"},{\"@type\":\"ListItem\",\"position\":6,\"name\":\"Amare Middagstallerken Brun\"}]},{\"@type\":\"WebSite\",\"@id\":\"https:\/\/hubsch-interior.com\/da\/#website\",\"url\":\"https:\/\/hubsch-interior.com\/da\/\",\"name\":\"H\u00fcbsch\",\"description\":\"Danish Home Interior and Design\",\"publisher\":{\"@id\":\"https:\/\/hubsch-interior.com\/da\/#organization\"},\"potentialAction\":[{\"@type\":\"SearchAction\",\"target\":{\"@type\":\"EntryPoint\",\"urlTemplate\":\"https:\/\/hubsch-interior.com\/da\/?s={search_term_string}\"},\"query-input\":{\"@type\":\"PropertyValueSpecification\",\"valueRequired\":true,\"valueName\":\"search_term_string\"}}],\"inLanguage\":\"da-DK\"},{\"@type\":\"Organization\",\"@id\":\"https:\/\/hubsch-interior.com\/da\/#organization\",\"name\":\"H\u00fcbsch\",\"url\":\"https:\/\/hubsch-interior.com\/da\/\",\"logo\":{\"@type\":\"ImageObject\",\"inLanguage\":\"da-DK\",\"@id\":\"https:\/\/hubsch-interior.com\/da\/#\/schema\/logo\/image\/\",\"url\":\"https:\/\/hubsch-interior.com\/wp-content\/uploads\/2022\/12\/Hubsch_logo_black_one_line.svg\",\"contentUrl\":\"https:\/\/hubsch-interior.com\/wp-content\/uploads\/2022\/12\/Hubsch_logo_black_one_line.svg\",\"caption\":\"H\u00fcbsch\"},\"image\":{\"@id\":\"https:\/\/hubsch-interior.com\/da\/#\/schema\/logo\/image\/\"}}]}<\/script>\n<!-- \/ Yoast SEO plugin. -->","yoast_head_json":{"title":"Amare Middagstallerken Brun - H\u00fcbsch","description":"Forberedelse eller spontanitet? Hvis du er typen som os, der godt kan lide at forberede og d\u00e6kke et fint bord, s\u00e5 er vores keramiske middagstallerken helt","robots":{"index":"index","follow":"follow","max-snippet":"max-snippet:-1","max-image-preview":"max-image-preview:large","max-video-preview":"max-video-preview:-1"},"canonical":"https:\/\/hubsch-interior.com\/da\/wp-json\/wp\/v2\/product\/880085","og_locale":"da_DK","og_type":"article","og_title":"Amare Middagstallerken Brun - H\u00fcbsch","og_description":"Forberedelse eller spontanitet? Hvis du er typen som os, der godt kan lide at forberede og d\u00e6kke et fint bord, s\u00e5 er vores keramiske middagstallerken helt","og_url":"https:\/\/hubsch-interior.com\/da\/vare\/amare-middagstallerken-brun\/","og_site_name":"H\u00fcbsch","article_modified_time":"2026-04-08T02:27:04+00:00","og_image":[{"width":1200,"height":1200,"url":"https:\/\/hubsch-interior.com\/wp-content\/uploads\/2023\/10\/amare-dinner-plate-brown-4f096416f31635a0bce73f0832c106de.jpg","type":"image\/jpeg"}],"twitter_card":"summary_large_image","twitter_misc":{"Estimeret l\u00e6setid":"1 minut"},"schema":{"@context":"https:\/\/schema.org","@graph":[{"@type":"WebPage","@id":"https:\/\/hubsch-interior.com\/da\/vare\/amare-middagstallerken-brun\/","url":"https:\/\/hubsch-interior.com\/da\/vare\/amare-middagstallerken-brun\/","name":"Amare Middagstallerken Brun - H\u00fcbsch","isPartOf":{"@id":"https:\/\/hubsch-interior.com\/da\/#website"},"primaryImageOfPage":{"@id":"https:\/\/hubsch-interior.com\/da\/vare\/amare-middagstallerken-brun\/#primaryimage"},"image":{"@id":"https:\/\/hubsch-interior.com\/da\/vare\/amare-middagstallerken-brun\/#primaryimage"},"thumbnailUrl":"https:\/\/hubsch-interior.com\/wp-content\/uploads\/2026\/02\/amare-dinner-plate-brown-9f8eaab47ed3828bb575f1ac1c46a1dc.jpg","datePublished":"2023-02-20T07:40:03+00:00","dateModified":"2026-04-08T02:27:04+00:00","description":"Forberedelse eller spontanitet? Hvis du er typen som os, der godt kan lide at forberede og d\u00e6kke et fint bord, s\u00e5 er vores keramiske middagstallerken helt","breadcrumb":{"@id":"https:\/\/hubsch-interior.com\/da\/vare\/amare-middagstallerken-brun\/#breadcrumb"},"inLanguage":"da-DK","potentialAction":[{"@type":"ReadAction","target":["https:\/\/hubsch-interior.com\/da\/vare\/amare-middagstallerken-brun\/"]}]},{"@type":"ImageObject","inLanguage":"da-DK","@id":"https:\/\/hubsch-interior.com\/da\/vare\/amare-middagstallerken-brun\/#primaryimage","url":"https:\/\/hubsch-interior.com\/wp-content\/uploads\/2026\/02\/amare-dinner-plate-brown-9f8eaab47ed3828bb575f1ac1c46a1dc.jpg","contentUrl":"https:\/\/hubsch-interior.com\/wp-content\/uploads\/2026\/02\/amare-dinner-plate-brown-9f8eaab47ed3828bb575f1ac1c46a1dc.jpg","width":1024,"height":1024},{"@type":"BreadcrumbList","@id":"https:\/\/hubsch-interior.com\/da\/vare\/amare-middagstallerken-brun\/#breadcrumb","itemListElement":[{"@type":"ListItem","position":1,"name":"Forside","item":"https:\/\/hubsch-interior.com\/da\/"},{"@type":"ListItem","position":2,"name":"Produkter","item":"https:\/\/hubsch-interior.com\/da\/produkter\/"},{"@type":"ListItem","position":3,"name":"K\u00f8kken","item":"https:\/\/hubsch-interior.com\/da\/vare-kategori\/koekken\/"},{"@type":"ListItem","position":4,"name":"Bordservice","item":"https:\/\/hubsch-interior.com\/da\/vare-kategori\/koekken\/bordservice-da-2\/"},{"@type":"ListItem","position":5,"name":"Tallerkener &amp; Sk&aring;le","item":"https:\/\/hubsch-interior.com\/da\/vare-kategori\/koekken\/bordservice-da-2\/tallerkener-skaale-da\/"},{"@type":"ListItem","position":6,"name":"Amare Middagstallerken Brun"}]},{"@type":"WebSite","@id":"https:\/\/hubsch-interior.com\/da\/#website","url":"https:\/\/hubsch-interior.com\/da\/","name":"H\u00fcbsch","description":"Danish Home Interior and Design","publisher":{"@id":"https:\/\/hubsch-interior.com\/da\/#organization"},"potentialAction":[{"@type":"SearchAction","target":{"@type":"EntryPoint","urlTemplate":"https:\/\/hubsch-interior.com\/da\/?s={search_term_string}"},"query-input":{"@type":"PropertyValueSpecification","valueRequired":true,"valueName":"search_term_string"}}],"inLanguage":"da-DK"},{"@type":"Organization","@id":"https:\/\/hubsch-interior.com\/da\/#organization","name":"H\u00fcbsch","url":"https:\/\/hubsch-interior.com\/da\/","logo":{"@type":"ImageObject","inLanguage":"da-DK","@id":"https:\/\/hubsch-interior.com\/da\/#\/schema\/logo\/image\/","url":"https:\/\/hubsch-interior.com\/wp-content\/uploads\/2022\/12\/Hubsch_logo_black_one_line.svg","contentUrl":"https:\/\/hubsch-interior.com\/wp-content\/uploads\/2022\/12\/Hubsch_logo_black_one_line.svg","caption":"H\u00fcbsch"},"image":{"@id":"https:\/\/hubsch-interior.com\/da\/#\/schema\/logo\/image\/"}}]}},"_links":{"self":[{"href":"https:\/\/hubsch-interior.com\/da\/wp-json\/wp\/v2\/product\/880085","targetHints":{"allow":["GET"]}}],"collection":[{"href":"https:\/\/hubsch-interior.com\/da\/wp-json\/wp\/v2\/product"}],"about":[{"href":"https:\/\/hubsch-interior.com\/da\/wp-json\/wp\/v2\/types\/product"}],"wp:featuredmedia":[{"embeddable":true,"href":"https:\/\/hubsch-interior.com\/da\/wp-json\/wp\/v2\/media\/1096262"}],"wp:attachment":[{"href":"https:\/\/hubsch-interior.com\/da\/wp-json\/wp\/v2\/media?parent=880085"}],"wp:term":[{"taxonomy":"product_brand","embeddable":true,"href":"https:\/\/hubsch-interior.com\/da\/wp-json\/wp\/v2\/product_brand?post=880085"},{"taxonomy":"product_cat","embeddable":true,"href":"https:\/\/hubsch-interior.com\/da\/wp-json\/wp\/v2\/product_cat?post=880085"},{"taxonomy":"product_tag","embeddable":true,"href":"https:\/\/hubsch-interior.com\/da\/wp-json\/wp\/v2\/product_tag?post=880085"}],"curies":[{"name":"wp","href":"https:\/\/api.w.org\/{rel}","templated":true}]}}