{"id":880269,"date":"2023-02-20T08:40:32","date_gmt":"2023-02-20T07:40:32","guid":{"rendered":"https:\/\/hubsch-interior.com\/product\/product\/"},"modified":"2026-04-09T04:27:48","modified_gmt":"2026-04-09T02:27:48","slug":"amare-dyb-tallerken-sand","status":"publish","type":"product","link":"https:\/\/hubsch-interior.com\/da\/vare\/amare-dyb-tallerken-sand\/","title":{"rendered":"Amare Dyb Tallerken Sand"},"content":{"rendered":"<p>N\u00e5r man finder en dyb tallerken, som kan det hele, bliver man glad. Med inspiration fra 70&#8217;erne er her en dyb tallerken i en sk\u00f8n sandfarve og skinnende glasur. Til hverdag eller fest vil denne dybe tallerken repr\u00e6sentere din suppe, salat eller pastaret p\u00e5 fineste vis. Hvis du v\u00e6lger at servere suppe, kan du holde tallerken og suppe dampende varm og servere direkte fra ovnen.  <\/p>\n<p>For at g\u00f8re det ekstra nemt for dig,  er det muligt at s\u00e6tte tallerkeneni opvaskeren, n\u00e5r dine g\u00e6ster er g\u00e5et. Medmindre du alts\u00e5 gerne vil nyde det fine stel og vaske det op i h\u00e5nden.<br \/>\nMix og match med andre dele fra vores Amare Kollektion.<\/p>\n","protected":false},"excerpt":{"rendered":"<p>N\u00e5r man finder en dyb tallerken, som kan det hele, bliver man glad. Med inspiration fra 70&#8217;erne er her en dyb tallerken i en sk\u00f8n sandfarve og skinnende glasur. Til hverdag eller fest vil denne dybe tallerken repr\u00e6sentere din suppe, salat eller pastaret p\u00e5 fineste vis. Hvis du v\u00e6lger at servere suppe, kan du holde [&hellip;]<\/p>\n","protected":false},"featured_media":1096382,"template":"","meta":{"_acf_changed":false,"inline_featured_image":false},"product_brand":[],"product_cat":[7025,6970,7042,7076,6581,6672,4051,4094,6517],"product_tag":[],"class_list":{"0":"post-880269","1":"product","2":"type-product","3":"status-publish","4":"has-post-thumbnail","6":"product_cat-bordservice-da-2","7":"product_cat-paaskeudsalg","8":"product_cat-serveringsskaale-da","9":"product_cat-tallerkener-skaale-da","10":"product_cat-rekindle-collection-da","11":"product_cat-amare-tableware-da","12":"product_cat-koekkentilbehoer-da","13":"product_cat-bordservice-da","14":"product_cat-outlet-da","15":"product_shipping_class-pk","17":"pa_color-sand-da","18":"pa_material-stone-powder-100-2","20":"first","21":"instock","22":"sale","23":"taxable","24":"shipping-taxable","25":"purchasable","26":"product-type-simple"},"exclude_global_add_ons":[],"addons":[],"acf":[],"yoast_head":"<!-- This site is optimized with the Yoast SEO plugin v26.4 - https:\/\/yoast.com\/wordpress\/plugins\/seo\/ -->\n<title>Amare Dyb Tallerken Sand - H\u00fcbsch<\/title>\n<meta name=\"description\" content=\"N\u00e5r man finder en dyb tallerken, som kan det hele, bliver man glad. Med inspiration fra 70&#039;erne er her en dyb tallerken i en sk\u00f8n sandfarve og skinnende\" \/>\n<meta name=\"robots\" content=\"index, follow, max-snippet:-1, max-image-preview:large, max-video-preview:-1\" \/>\n<link rel=\"canonical\" href=\"https:\/\/hubsch-interior.com\/da\/wp-json\/wp\/v2\/product\/880269\" \/>\n<meta property=\"og:locale\" content=\"da_DK\" \/>\n<meta property=\"og:type\" content=\"article\" \/>\n<meta property=\"og:title\" content=\"Amare Dyb Tallerken Sand - H\u00fcbsch\" \/>\n<meta property=\"og:description\" content=\"N\u00e5r man finder en dyb tallerken, som kan det hele, bliver man glad. Med inspiration fra 70&#039;erne er her en dyb tallerken i en sk\u00f8n sandfarve og skinnende\" \/>\n<meta property=\"og:url\" content=\"https:\/\/hubsch-interior.com\/da\/vare\/amare-dyb-tallerken-sand\/\" \/>\n<meta property=\"og:site_name\" content=\"H\u00fcbsch\" \/>\n<meta property=\"article:modified_time\" content=\"2026-04-09T02:27:48+00:00\" \/>\n<meta property=\"og:image\" content=\"https:\/\/hubsch-interior.com\/wp-content\/uploads\/2023\/08\/amare-soup-plate-sand-e89ce76a6aa9f1d3f0b66399038b66bb.jpg\" \/>\n\t<meta property=\"og:image:width\" content=\"1200\" \/>\n\t<meta property=\"og:image:height\" content=\"1200\" \/>\n\t<meta property=\"og:image:type\" content=\"image\/jpeg\" \/>\n<meta name=\"twitter:card\" content=\"summary_large_image\" \/>\n<meta name=\"twitter:label1\" content=\"Estimeret l\u00e6setid\" \/>\n\t<meta name=\"twitter:data1\" content=\"1 minut\" \/>\n<script type=\"application\/ld+json\" class=\"yoast-schema-graph\">{\"@context\":\"https:\/\/schema.org\",\"@graph\":[{\"@type\":\"WebPage\",\"@id\":\"https:\/\/hubsch-interior.com\/da\/vare\/amare-dyb-tallerken-sand\/\",\"url\":\"https:\/\/hubsch-interior.com\/da\/vare\/amare-dyb-tallerken-sand\/\",\"name\":\"Amare Dyb Tallerken Sand - H\u00fcbsch\",\"isPartOf\":{\"@id\":\"https:\/\/hubsch-interior.com\/da\/#website\"},\"primaryImageOfPage\":{\"@id\":\"https:\/\/hubsch-interior.com\/da\/vare\/amare-dyb-tallerken-sand\/#primaryimage\"},\"image\":{\"@id\":\"https:\/\/hubsch-interior.com\/da\/vare\/amare-dyb-tallerken-sand\/#primaryimage\"},\"thumbnailUrl\":\"https:\/\/hubsch-interior.com\/wp-content\/uploads\/2026\/02\/amare-soup-plate-sand-a6dcfb6636a68de0d423fd308c5dbb86.jpg\",\"datePublished\":\"2023-02-20T07:40:32+00:00\",\"dateModified\":\"2026-04-09T02:27:48+00:00\",\"description\":\"N\u00e5r man finder en dyb tallerken, som kan det hele, bliver man glad. Med inspiration fra 70'erne er her en dyb tallerken i en sk\u00f8n sandfarve og skinnende\",\"breadcrumb\":{\"@id\":\"https:\/\/hubsch-interior.com\/da\/vare\/amare-dyb-tallerken-sand\/#breadcrumb\"},\"inLanguage\":\"da-DK\",\"potentialAction\":[{\"@type\":\"ReadAction\",\"target\":[\"https:\/\/hubsch-interior.com\/da\/vare\/amare-dyb-tallerken-sand\/\"]}]},{\"@type\":\"ImageObject\",\"inLanguage\":\"da-DK\",\"@id\":\"https:\/\/hubsch-interior.com\/da\/vare\/amare-dyb-tallerken-sand\/#primaryimage\",\"url\":\"https:\/\/hubsch-interior.com\/wp-content\/uploads\/2026\/02\/amare-soup-plate-sand-a6dcfb6636a68de0d423fd308c5dbb86.jpg\",\"contentUrl\":\"https:\/\/hubsch-interior.com\/wp-content\/uploads\/2026\/02\/amare-soup-plate-sand-a6dcfb6636a68de0d423fd308c5dbb86.jpg\",\"width\":1024,\"height\":1024},{\"@type\":\"BreadcrumbList\",\"@id\":\"https:\/\/hubsch-interior.com\/da\/vare\/amare-dyb-tallerken-sand\/#breadcrumb\",\"itemListElement\":[{\"@type\":\"ListItem\",\"position\":1,\"name\":\"Forside\",\"item\":\"https:\/\/hubsch-interior.com\/da\/\"},{\"@type\":\"ListItem\",\"position\":2,\"name\":\"Produkter\",\"item\":\"https:\/\/hubsch-interior.com\/da\/produkter\/\"},{\"@type\":\"ListItem\",\"position\":3,\"name\":\"K\u00f8kken\",\"item\":\"https:\/\/hubsch-interior.com\/da\/vare-kategori\/koekken\/\"},{\"@type\":\"ListItem\",\"position\":4,\"name\":\"Bordservice\",\"item\":\"https:\/\/hubsch-interior.com\/da\/vare-kategori\/koekken\/bordservice-da-2\/\"},{\"@type\":\"ListItem\",\"position\":5,\"name\":\"Serveringssk&aring;le\",\"item\":\"https:\/\/hubsch-interior.com\/da\/vare-kategori\/koekken\/bordservice-da-2\/serveringsskaale-da\/\"},{\"@type\":\"ListItem\",\"position\":6,\"name\":\"Amare Dyb Tallerken Sand\"}]},{\"@type\":\"WebSite\",\"@id\":\"https:\/\/hubsch-interior.com\/da\/#website\",\"url\":\"https:\/\/hubsch-interior.com\/da\/\",\"name\":\"H\u00fcbsch\",\"description\":\"Danish Home Interior and Design\",\"publisher\":{\"@id\":\"https:\/\/hubsch-interior.com\/da\/#organization\"},\"potentialAction\":[{\"@type\":\"SearchAction\",\"target\":{\"@type\":\"EntryPoint\",\"urlTemplate\":\"https:\/\/hubsch-interior.com\/da\/?s={search_term_string}\"},\"query-input\":{\"@type\":\"PropertyValueSpecification\",\"valueRequired\":true,\"valueName\":\"search_term_string\"}}],\"inLanguage\":\"da-DK\"},{\"@type\":\"Organization\",\"@id\":\"https:\/\/hubsch-interior.com\/da\/#organization\",\"name\":\"H\u00fcbsch\",\"url\":\"https:\/\/hubsch-interior.com\/da\/\",\"logo\":{\"@type\":\"ImageObject\",\"inLanguage\":\"da-DK\",\"@id\":\"https:\/\/hubsch-interior.com\/da\/#\/schema\/logo\/image\/\",\"url\":\"https:\/\/hubsch-interior.com\/wp-content\/uploads\/2022\/12\/Hubsch_logo_black_one_line.svg\",\"contentUrl\":\"https:\/\/hubsch-interior.com\/wp-content\/uploads\/2022\/12\/Hubsch_logo_black_one_line.svg\",\"caption\":\"H\u00fcbsch\"},\"image\":{\"@id\":\"https:\/\/hubsch-interior.com\/da\/#\/schema\/logo\/image\/\"}}]}<\/script>\n<!-- \/ Yoast SEO plugin. -->","yoast_head_json":{"title":"Amare Dyb Tallerken Sand - H\u00fcbsch","description":"N\u00e5r man finder en dyb tallerken, som kan det hele, bliver man glad. Med inspiration fra 70'erne er her en dyb tallerken i en sk\u00f8n sandfarve og skinnende","robots":{"index":"index","follow":"follow","max-snippet":"max-snippet:-1","max-image-preview":"max-image-preview:large","max-video-preview":"max-video-preview:-1"},"canonical":"https:\/\/hubsch-interior.com\/da\/wp-json\/wp\/v2\/product\/880269","og_locale":"da_DK","og_type":"article","og_title":"Amare Dyb Tallerken Sand - H\u00fcbsch","og_description":"N\u00e5r man finder en dyb tallerken, som kan det hele, bliver man glad. Med inspiration fra 70'erne er her en dyb tallerken i en sk\u00f8n sandfarve og skinnende","og_url":"https:\/\/hubsch-interior.com\/da\/vare\/amare-dyb-tallerken-sand\/","og_site_name":"H\u00fcbsch","article_modified_time":"2026-04-09T02:27:48+00:00","og_image":[{"width":1200,"height":1200,"url":"https:\/\/hubsch-interior.com\/wp-content\/uploads\/2023\/08\/amare-soup-plate-sand-e89ce76a6aa9f1d3f0b66399038b66bb.jpg","type":"image\/jpeg"}],"twitter_card":"summary_large_image","twitter_misc":{"Estimeret l\u00e6setid":"1 minut"},"schema":{"@context":"https:\/\/schema.org","@graph":[{"@type":"WebPage","@id":"https:\/\/hubsch-interior.com\/da\/vare\/amare-dyb-tallerken-sand\/","url":"https:\/\/hubsch-interior.com\/da\/vare\/amare-dyb-tallerken-sand\/","name":"Amare Dyb Tallerken Sand - H\u00fcbsch","isPartOf":{"@id":"https:\/\/hubsch-interior.com\/da\/#website"},"primaryImageOfPage":{"@id":"https:\/\/hubsch-interior.com\/da\/vare\/amare-dyb-tallerken-sand\/#primaryimage"},"image":{"@id":"https:\/\/hubsch-interior.com\/da\/vare\/amare-dyb-tallerken-sand\/#primaryimage"},"thumbnailUrl":"https:\/\/hubsch-interior.com\/wp-content\/uploads\/2026\/02\/amare-soup-plate-sand-a6dcfb6636a68de0d423fd308c5dbb86.jpg","datePublished":"2023-02-20T07:40:32+00:00","dateModified":"2026-04-09T02:27:48+00:00","description":"N\u00e5r man finder en dyb tallerken, som kan det hele, bliver man glad. Med inspiration fra 70'erne er her en dyb tallerken i en sk\u00f8n sandfarve og skinnende","breadcrumb":{"@id":"https:\/\/hubsch-interior.com\/da\/vare\/amare-dyb-tallerken-sand\/#breadcrumb"},"inLanguage":"da-DK","potentialAction":[{"@type":"ReadAction","target":["https:\/\/hubsch-interior.com\/da\/vare\/amare-dyb-tallerken-sand\/"]}]},{"@type":"ImageObject","inLanguage":"da-DK","@id":"https:\/\/hubsch-interior.com\/da\/vare\/amare-dyb-tallerken-sand\/#primaryimage","url":"https:\/\/hubsch-interior.com\/wp-content\/uploads\/2026\/02\/amare-soup-plate-sand-a6dcfb6636a68de0d423fd308c5dbb86.jpg","contentUrl":"https:\/\/hubsch-interior.com\/wp-content\/uploads\/2026\/02\/amare-soup-plate-sand-a6dcfb6636a68de0d423fd308c5dbb86.jpg","width":1024,"height":1024},{"@type":"BreadcrumbList","@id":"https:\/\/hubsch-interior.com\/da\/vare\/amare-dyb-tallerken-sand\/#breadcrumb","itemListElement":[{"@type":"ListItem","position":1,"name":"Forside","item":"https:\/\/hubsch-interior.com\/da\/"},{"@type":"ListItem","position":2,"name":"Produkter","item":"https:\/\/hubsch-interior.com\/da\/produkter\/"},{"@type":"ListItem","position":3,"name":"K\u00f8kken","item":"https:\/\/hubsch-interior.com\/da\/vare-kategori\/koekken\/"},{"@type":"ListItem","position":4,"name":"Bordservice","item":"https:\/\/hubsch-interior.com\/da\/vare-kategori\/koekken\/bordservice-da-2\/"},{"@type":"ListItem","position":5,"name":"Serveringssk&aring;le","item":"https:\/\/hubsch-interior.com\/da\/vare-kategori\/koekken\/bordservice-da-2\/serveringsskaale-da\/"},{"@type":"ListItem","position":6,"name":"Amare Dyb Tallerken Sand"}]},{"@type":"WebSite","@id":"https:\/\/hubsch-interior.com\/da\/#website","url":"https:\/\/hubsch-interior.com\/da\/","name":"H\u00fcbsch","description":"Danish Home Interior and Design","publisher":{"@id":"https:\/\/hubsch-interior.com\/da\/#organization"},"potentialAction":[{"@type":"SearchAction","target":{"@type":"EntryPoint","urlTemplate":"https:\/\/hubsch-interior.com\/da\/?s={search_term_string}"},"query-input":{"@type":"PropertyValueSpecification","valueRequired":true,"valueName":"search_term_string"}}],"inLanguage":"da-DK"},{"@type":"Organization","@id":"https:\/\/hubsch-interior.com\/da\/#organization","name":"H\u00fcbsch","url":"https:\/\/hubsch-interior.com\/da\/","logo":{"@type":"ImageObject","inLanguage":"da-DK","@id":"https:\/\/hubsch-interior.com\/da\/#\/schema\/logo\/image\/","url":"https:\/\/hubsch-interior.com\/wp-content\/uploads\/2022\/12\/Hubsch_logo_black_one_line.svg","contentUrl":"https:\/\/hubsch-interior.com\/wp-content\/uploads\/2022\/12\/Hubsch_logo_black_one_line.svg","caption":"H\u00fcbsch"},"image":{"@id":"https:\/\/hubsch-interior.com\/da\/#\/schema\/logo\/image\/"}}]}},"_links":{"self":[{"href":"https:\/\/hubsch-interior.com\/da\/wp-json\/wp\/v2\/product\/880269","targetHints":{"allow":["GET"]}}],"collection":[{"href":"https:\/\/hubsch-interior.com\/da\/wp-json\/wp\/v2\/product"}],"about":[{"href":"https:\/\/hubsch-interior.com\/da\/wp-json\/wp\/v2\/types\/product"}],"wp:featuredmedia":[{"embeddable":true,"href":"https:\/\/hubsch-interior.com\/da\/wp-json\/wp\/v2\/media\/1096382"}],"wp:attachment":[{"href":"https:\/\/hubsch-interior.com\/da\/wp-json\/wp\/v2\/media?parent=880269"}],"wp:term":[{"taxonomy":"product_brand","embeddable":true,"href":"https:\/\/hubsch-interior.com\/da\/wp-json\/wp\/v2\/product_brand?post=880269"},{"taxonomy":"product_cat","embeddable":true,"href":"https:\/\/hubsch-interior.com\/da\/wp-json\/wp\/v2\/product_cat?post=880269"},{"taxonomy":"product_tag","embeddable":true,"href":"https:\/\/hubsch-interior.com\/da\/wp-json\/wp\/v2\/product_tag?post=880269"}],"curies":[{"name":"wp","href":"https:\/\/api.w.org\/{rel}","templated":true}]}}