{"id":880337,"date":"2023-02-20T08:40:57","date_gmt":"2023-02-20T07:40:57","guid":{"rendered":"https:\/\/hubsch-interior.com\/product\/product\/"},"modified":"2026-04-09T04:38:19","modified_gmt":"2026-04-09T02:38:19","slug":"crave-salatbestik-flerfarvet-saet-af-2","status":"publish","type":"product","link":"https:\/\/hubsch-interior.com\/da\/vare\/crave-salatbestik-flerfarvet-saet-af-2\/","title":{"rendered":"Crave Salatbestik \u00a0Flerfarvet (s\u00e6t af 2)"},"content":{"rendered":"<p>Vi ved, at det er sv\u00e6rt at smuksere en i forvejen l\u00e6kker salat. Men vi vil nu alligevel gerne give det et skud med dette sk\u00f8nne salatbestik. Det farvede glasbestik har den fineste farvekombination, en sk\u00f8n sammens\u00e6tning af ravfarve, lysebl\u00e5 og gr\u00f8n, der kun intensiverer og komplementerer din flotte salat. Selv hvis du t\u00e6nker at din salat godt kan se lidt kedelig ud, s\u00e5 serverer du blot med det fine salatbestik &#8211; og s\u00e5 vil ingen l\u00e6gge m\u00e6rke til det. Det lover vi!<\/p>\n","protected":false},"excerpt":{"rendered":"<p>Vi ved, at det er sv\u00e6rt at smuksere en i forvejen l\u00e6kker salat. Men vi vil nu alligevel gerne give det et skud med dette sk\u00f8nne salatbestik. Det farvede glasbestik har den fineste farvekombination, en sk\u00f8n sammens\u00e6tning af ravfarve, lysebl\u00e5 og gr\u00f8n, der kun intensiverer og komplementerer din flotte salat. Selv hvis du t\u00e6nker at [&hellip;]<\/p>\n","protected":false},"featured_media":1099166,"template":"","meta":{"_acf_changed":false,"inline_featured_image":false},"product_brand":[],"product_cat":[7050,7025,6970,6581,4051,4094,5025,6517],"product_tag":[],"class_list":{"0":"post-880337","1":"product","2":"type-product","3":"status-publish","4":"has-post-thumbnail","6":"product_cat-bestik-da","7":"product_cat-bordservice-da-2","8":"product_cat-paaskeudsalg","9":"product_cat-rekindle-collection-da","10":"product_cat-koekkentilbehoer-da","11":"product_cat-bordservice-da","12":"product_cat-bestsellers-da","13":"product_cat-outlet-da","14":"product_shipping_class-pk","16":"pa_color-flerfarvet-2","17":"pa_material-glas-da","19":"first","20":"instock","21":"sale","22":"featured","23":"taxable","24":"shipping-taxable","25":"purchasable","26":"product-type-simple"},"exclude_global_add_ons":[],"addons":[],"acf":[],"yoast_head":"<!-- This site is optimized with the Yoast SEO plugin v26.4 - https:\/\/yoast.com\/wordpress\/plugins\/seo\/ -->\n<title>Crave Salatbestik \u00a0Flerfarvet (s\u00e6t af 2) - H\u00fcbsch<\/title>\n<meta name=\"description\" content=\"Vi ved, at det er sv\u00e6rt at smuksere en i forvejen l\u00e6kker salat. Men vi vil nu alligevel gerne give det et skud med dette sk\u00f8nne salatbestik. Det farvede\" \/>\n<meta name=\"robots\" content=\"index, follow, max-snippet:-1, max-image-preview:large, max-video-preview:-1\" \/>\n<link rel=\"canonical\" href=\"https:\/\/hubsch-interior.com\/da\/wp-json\/wp\/v2\/product\/880337\" \/>\n<meta property=\"og:locale\" content=\"da_DK\" \/>\n<meta property=\"og:type\" content=\"article\" \/>\n<meta property=\"og:title\" content=\"Crave Salatbestik \u00a0Flerfarvet (s\u00e6t af 2) - H\u00fcbsch\" \/>\n<meta property=\"og:description\" content=\"Vi ved, at det er sv\u00e6rt at smuksere en i forvejen l\u00e6kker salat. Men vi vil nu alligevel gerne give det et skud med dette sk\u00f8nne salatbestik. Det farvede\" \/>\n<meta property=\"og:url\" content=\"https:\/\/hubsch-interior.com\/da\/vare\/crave-salatbestik-flerfarvet-saet-af-2\/\" \/>\n<meta property=\"og:site_name\" content=\"H\u00fcbsch\" \/>\n<meta property=\"article:modified_time\" content=\"2026-04-09T02:38:19+00:00\" \/>\n<meta property=\"og:image\" content=\"https:\/\/hubsch-interior.com\/wp-content\/uploads\/2024\/01\/crave-salad-servers-multicolour-set-of-2-c9cd1e3c75b1cdf6ac687892faaa7d3c.jpg\" \/>\n\t<meta property=\"og:image:width\" content=\"1200\" \/>\n\t<meta property=\"og:image:height\" content=\"1200\" \/>\n\t<meta property=\"og:image:type\" content=\"image\/jpeg\" \/>\n<meta name=\"twitter:card\" content=\"summary_large_image\" \/>\n<script type=\"application\/ld+json\" class=\"yoast-schema-graph\">{\"@context\":\"https:\/\/schema.org\",\"@graph\":[{\"@type\":\"WebPage\",\"@id\":\"https:\/\/hubsch-interior.com\/da\/vare\/crave-salatbestik-flerfarvet-saet-af-2\/\",\"url\":\"https:\/\/hubsch-interior.com\/da\/vare\/crave-salatbestik-flerfarvet-saet-af-2\/\",\"name\":\"Crave Salatbestik \u00a0Flerfarvet (s\u00e6t af 2) - H\u00fcbsch\",\"isPartOf\":{\"@id\":\"https:\/\/hubsch-interior.com\/da\/#website\"},\"primaryImageOfPage\":{\"@id\":\"https:\/\/hubsch-interior.com\/da\/vare\/crave-salatbestik-flerfarvet-saet-af-2\/#primaryimage\"},\"image\":{\"@id\":\"https:\/\/hubsch-interior.com\/da\/vare\/crave-salatbestik-flerfarvet-saet-af-2\/#primaryimage\"},\"thumbnailUrl\":\"https:\/\/hubsch-interior.com\/wp-content\/uploads\/2026\/02\/crave-salad-servers-multicolour-set-of-2-ef9f82fc657192840bb7a74fa057a150.jpg\",\"datePublished\":\"2023-02-20T07:40:57+00:00\",\"dateModified\":\"2026-04-09T02:38:19+00:00\",\"description\":\"Vi ved, at det er sv\u00e6rt at smuksere en i forvejen l\u00e6kker salat. Men vi vil nu alligevel gerne give det et skud med dette sk\u00f8nne salatbestik. Det farvede\",\"breadcrumb\":{\"@id\":\"https:\/\/hubsch-interior.com\/da\/vare\/crave-salatbestik-flerfarvet-saet-af-2\/#breadcrumb\"},\"inLanguage\":\"da-DK\",\"potentialAction\":[{\"@type\":\"ReadAction\",\"target\":[\"https:\/\/hubsch-interior.com\/da\/vare\/crave-salatbestik-flerfarvet-saet-af-2\/\"]}]},{\"@type\":\"ImageObject\",\"inLanguage\":\"da-DK\",\"@id\":\"https:\/\/hubsch-interior.com\/da\/vare\/crave-salatbestik-flerfarvet-saet-af-2\/#primaryimage\",\"url\":\"https:\/\/hubsch-interior.com\/wp-content\/uploads\/2026\/02\/crave-salad-servers-multicolour-set-of-2-ef9f82fc657192840bb7a74fa057a150.jpg\",\"contentUrl\":\"https:\/\/hubsch-interior.com\/wp-content\/uploads\/2026\/02\/crave-salad-servers-multicolour-set-of-2-ef9f82fc657192840bb7a74fa057a150.jpg\",\"width\":1024,\"height\":1024},{\"@type\":\"BreadcrumbList\",\"@id\":\"https:\/\/hubsch-interior.com\/da\/vare\/crave-salatbestik-flerfarvet-saet-af-2\/#breadcrumb\",\"itemListElement\":[{\"@type\":\"ListItem\",\"position\":1,\"name\":\"Forside\",\"item\":\"https:\/\/hubsch-interior.com\/da\/\"},{\"@type\":\"ListItem\",\"position\":2,\"name\":\"Produkter\",\"item\":\"https:\/\/hubsch-interior.com\/da\/produkter\/\"},{\"@type\":\"ListItem\",\"position\":3,\"name\":\"K\u00f8kken\",\"item\":\"https:\/\/hubsch-interior.com\/da\/vare-kategori\/koekken\/\"},{\"@type\":\"ListItem\",\"position\":4,\"name\":\"Bordservice\",\"item\":\"https:\/\/hubsch-interior.com\/da\/vare-kategori\/koekken\/bordservice-da-2\/\"},{\"@type\":\"ListItem\",\"position\":5,\"name\":\"Bestik\",\"item\":\"https:\/\/hubsch-interior.com\/da\/vare-kategori\/koekken\/bordservice-da-2\/bestik-da\/\"},{\"@type\":\"ListItem\",\"position\":6,\"name\":\"Crave Salatbestik \u00a0Flerfarvet (s\u00e6t af 2)\"}]},{\"@type\":\"WebSite\",\"@id\":\"https:\/\/hubsch-interior.com\/da\/#website\",\"url\":\"https:\/\/hubsch-interior.com\/da\/\",\"name\":\"H\u00fcbsch\",\"description\":\"Danish Home Interior and Design\",\"publisher\":{\"@id\":\"https:\/\/hubsch-interior.com\/da\/#organization\"},\"potentialAction\":[{\"@type\":\"SearchAction\",\"target\":{\"@type\":\"EntryPoint\",\"urlTemplate\":\"https:\/\/hubsch-interior.com\/da\/?s={search_term_string}\"},\"query-input\":{\"@type\":\"PropertyValueSpecification\",\"valueRequired\":true,\"valueName\":\"search_term_string\"}}],\"inLanguage\":\"da-DK\"},{\"@type\":\"Organization\",\"@id\":\"https:\/\/hubsch-interior.com\/da\/#organization\",\"name\":\"H\u00fcbsch\",\"url\":\"https:\/\/hubsch-interior.com\/da\/\",\"logo\":{\"@type\":\"ImageObject\",\"inLanguage\":\"da-DK\",\"@id\":\"https:\/\/hubsch-interior.com\/da\/#\/schema\/logo\/image\/\",\"url\":\"https:\/\/hubsch-interior.com\/wp-content\/uploads\/2022\/12\/Hubsch_logo_black_one_line.svg\",\"contentUrl\":\"https:\/\/hubsch-interior.com\/wp-content\/uploads\/2022\/12\/Hubsch_logo_black_one_line.svg\",\"caption\":\"H\u00fcbsch\"},\"image\":{\"@id\":\"https:\/\/hubsch-interior.com\/da\/#\/schema\/logo\/image\/\"}}]}<\/script>\n<!-- \/ Yoast SEO plugin. -->","yoast_head_json":{"title":"Crave Salatbestik \u00a0Flerfarvet (s\u00e6t af 2) - H\u00fcbsch","description":"Vi ved, at det er sv\u00e6rt at smuksere en i forvejen l\u00e6kker salat. Men vi vil nu alligevel gerne give det et skud med dette sk\u00f8nne salatbestik. Det farvede","robots":{"index":"index","follow":"follow","max-snippet":"max-snippet:-1","max-image-preview":"max-image-preview:large","max-video-preview":"max-video-preview:-1"},"canonical":"https:\/\/hubsch-interior.com\/da\/wp-json\/wp\/v2\/product\/880337","og_locale":"da_DK","og_type":"article","og_title":"Crave Salatbestik \u00a0Flerfarvet (s\u00e6t af 2) - H\u00fcbsch","og_description":"Vi ved, at det er sv\u00e6rt at smuksere en i forvejen l\u00e6kker salat. Men vi vil nu alligevel gerne give det et skud med dette sk\u00f8nne salatbestik. Det farvede","og_url":"https:\/\/hubsch-interior.com\/da\/vare\/crave-salatbestik-flerfarvet-saet-af-2\/","og_site_name":"H\u00fcbsch","article_modified_time":"2026-04-09T02:38:19+00:00","og_image":[{"width":1200,"height":1200,"url":"https:\/\/hubsch-interior.com\/wp-content\/uploads\/2024\/01\/crave-salad-servers-multicolour-set-of-2-c9cd1e3c75b1cdf6ac687892faaa7d3c.jpg","type":"image\/jpeg"}],"twitter_card":"summary_large_image","schema":{"@context":"https:\/\/schema.org","@graph":[{"@type":"WebPage","@id":"https:\/\/hubsch-interior.com\/da\/vare\/crave-salatbestik-flerfarvet-saet-af-2\/","url":"https:\/\/hubsch-interior.com\/da\/vare\/crave-salatbestik-flerfarvet-saet-af-2\/","name":"Crave Salatbestik \u00a0Flerfarvet (s\u00e6t af 2) - H\u00fcbsch","isPartOf":{"@id":"https:\/\/hubsch-interior.com\/da\/#website"},"primaryImageOfPage":{"@id":"https:\/\/hubsch-interior.com\/da\/vare\/crave-salatbestik-flerfarvet-saet-af-2\/#primaryimage"},"image":{"@id":"https:\/\/hubsch-interior.com\/da\/vare\/crave-salatbestik-flerfarvet-saet-af-2\/#primaryimage"},"thumbnailUrl":"https:\/\/hubsch-interior.com\/wp-content\/uploads\/2026\/02\/crave-salad-servers-multicolour-set-of-2-ef9f82fc657192840bb7a74fa057a150.jpg","datePublished":"2023-02-20T07:40:57+00:00","dateModified":"2026-04-09T02:38:19+00:00","description":"Vi ved, at det er sv\u00e6rt at smuksere en i forvejen l\u00e6kker salat. Men vi vil nu alligevel gerne give det et skud med dette sk\u00f8nne salatbestik. Det farvede","breadcrumb":{"@id":"https:\/\/hubsch-interior.com\/da\/vare\/crave-salatbestik-flerfarvet-saet-af-2\/#breadcrumb"},"inLanguage":"da-DK","potentialAction":[{"@type":"ReadAction","target":["https:\/\/hubsch-interior.com\/da\/vare\/crave-salatbestik-flerfarvet-saet-af-2\/"]}]},{"@type":"ImageObject","inLanguage":"da-DK","@id":"https:\/\/hubsch-interior.com\/da\/vare\/crave-salatbestik-flerfarvet-saet-af-2\/#primaryimage","url":"https:\/\/hubsch-interior.com\/wp-content\/uploads\/2026\/02\/crave-salad-servers-multicolour-set-of-2-ef9f82fc657192840bb7a74fa057a150.jpg","contentUrl":"https:\/\/hubsch-interior.com\/wp-content\/uploads\/2026\/02\/crave-salad-servers-multicolour-set-of-2-ef9f82fc657192840bb7a74fa057a150.jpg","width":1024,"height":1024},{"@type":"BreadcrumbList","@id":"https:\/\/hubsch-interior.com\/da\/vare\/crave-salatbestik-flerfarvet-saet-af-2\/#breadcrumb","itemListElement":[{"@type":"ListItem","position":1,"name":"Forside","item":"https:\/\/hubsch-interior.com\/da\/"},{"@type":"ListItem","position":2,"name":"Produkter","item":"https:\/\/hubsch-interior.com\/da\/produkter\/"},{"@type":"ListItem","position":3,"name":"K\u00f8kken","item":"https:\/\/hubsch-interior.com\/da\/vare-kategori\/koekken\/"},{"@type":"ListItem","position":4,"name":"Bordservice","item":"https:\/\/hubsch-interior.com\/da\/vare-kategori\/koekken\/bordservice-da-2\/"},{"@type":"ListItem","position":5,"name":"Bestik","item":"https:\/\/hubsch-interior.com\/da\/vare-kategori\/koekken\/bordservice-da-2\/bestik-da\/"},{"@type":"ListItem","position":6,"name":"Crave Salatbestik \u00a0Flerfarvet (s\u00e6t af 2)"}]},{"@type":"WebSite","@id":"https:\/\/hubsch-interior.com\/da\/#website","url":"https:\/\/hubsch-interior.com\/da\/","name":"H\u00fcbsch","description":"Danish Home Interior and Design","publisher":{"@id":"https:\/\/hubsch-interior.com\/da\/#organization"},"potentialAction":[{"@type":"SearchAction","target":{"@type":"EntryPoint","urlTemplate":"https:\/\/hubsch-interior.com\/da\/?s={search_term_string}"},"query-input":{"@type":"PropertyValueSpecification","valueRequired":true,"valueName":"search_term_string"}}],"inLanguage":"da-DK"},{"@type":"Organization","@id":"https:\/\/hubsch-interior.com\/da\/#organization","name":"H\u00fcbsch","url":"https:\/\/hubsch-interior.com\/da\/","logo":{"@type":"ImageObject","inLanguage":"da-DK","@id":"https:\/\/hubsch-interior.com\/da\/#\/schema\/logo\/image\/","url":"https:\/\/hubsch-interior.com\/wp-content\/uploads\/2022\/12\/Hubsch_logo_black_one_line.svg","contentUrl":"https:\/\/hubsch-interior.com\/wp-content\/uploads\/2022\/12\/Hubsch_logo_black_one_line.svg","caption":"H\u00fcbsch"},"image":{"@id":"https:\/\/hubsch-interior.com\/da\/#\/schema\/logo\/image\/"}}]}},"_links":{"self":[{"href":"https:\/\/hubsch-interior.com\/da\/wp-json\/wp\/v2\/product\/880337","targetHints":{"allow":["GET"]}}],"collection":[{"href":"https:\/\/hubsch-interior.com\/da\/wp-json\/wp\/v2\/product"}],"about":[{"href":"https:\/\/hubsch-interior.com\/da\/wp-json\/wp\/v2\/types\/product"}],"wp:featuredmedia":[{"embeddable":true,"href":"https:\/\/hubsch-interior.com\/da\/wp-json\/wp\/v2\/media\/1099166"}],"wp:attachment":[{"href":"https:\/\/hubsch-interior.com\/da\/wp-json\/wp\/v2\/media?parent=880337"}],"wp:term":[{"taxonomy":"product_brand","embeddable":true,"href":"https:\/\/hubsch-interior.com\/da\/wp-json\/wp\/v2\/product_brand?post=880337"},{"taxonomy":"product_cat","embeddable":true,"href":"https:\/\/hubsch-interior.com\/da\/wp-json\/wp\/v2\/product_cat?post=880337"},{"taxonomy":"product_tag","embeddable":true,"href":"https:\/\/hubsch-interior.com\/da\/wp-json\/wp\/v2\/product_tag?post=880337"}],"curies":[{"name":"wp","href":"https:\/\/api.w.org\/{rel}","templated":true}]}}