{"id":880549,"date":"2023-02-20T08:41:36","date_gmt":"2023-02-20T07:41:36","guid":{"rendered":"https:\/\/hubsch-interior.com\/product\/product\/"},"modified":"2026-04-11T04:39:49","modified_gmt":"2026-04-11T02:39:49","slug":"playful-viskestykker-flerfarvet-saet-af-2","status":"publish","type":"product","link":"https:\/\/hubsch-interior.com\/da\/vare\/playful-viskestykker-flerfarvet-saet-af-2\/","title":{"rendered":"Playful Viskestykker \u00a0Flerfarvet (s\u00e6t af 2)"},"content":{"rendered":"<p>Hvorfor er det kun stuen og din sofa, som skal have alle de farverige inputs? Nej vel? Vi synes ogs\u00e5 at dit k\u00f8kken har fortjent nogle farverige indspark, som s\u00e6tter lidt ekstra kul\u00f8r p\u00e5 hverdagen. Derfor har vi skabt disse smukke ternede viskestykker i fantastiske farver, som spreder gl\u00e6de hver dag. Selv n\u00e5r opvasken kalder.<\/p>\n","protected":false},"excerpt":{"rendered":"<p>Hvorfor er det kun stuen og din sofa, som skal have alle de farverige inputs? Nej vel? Vi synes ogs\u00e5 at dit k\u00f8kken har fortjent nogle farverige indspark, som s\u00e6tter lidt ekstra kul\u00f8r p\u00e5 hverdagen. Derfor har vi skabt disse smukke ternede viskestykker i fantastiske farver, som spreder gl\u00e6de hver dag. Selv n\u00e5r opvasken kalder.<\/p>\n","protected":false},"featured_media":1100239,"template":"","meta":{"_acf_changed":false,"inline_featured_image":false},"product_brand":[],"product_cat":[5025,4090,6517,6970,6581,3000],"product_tag":[],"class_list":{"0":"post-880549","1":"product","2":"type-product","3":"status-publish","4":"has-post-thumbnail","6":"product_cat-bestsellers-da","7":"product_cat-koekkentekstiler-da","8":"product_cat-outlet-da","9":"product_cat-paaskeudsalg","10":"product_cat-rekindle-collection-da","11":"product_cat-tekstiler","12":"product_shipping_class-pk","14":"pa_color-flerfarvet-2","15":"pa_material-cotton-100-da","17":"first","18":"instock","19":"sale","20":"featured","21":"taxable","22":"shipping-taxable","23":"purchasable","24":"product-type-simple"},"exclude_global_add_ons":[],"addons":[],"acf":[],"yoast_head":"<!-- This site is optimized with the Yoast SEO plugin v26.4 - https:\/\/yoast.com\/wordpress\/plugins\/seo\/ -->\n<title>Playful Viskestykker \u00a0Flerfarvet (s\u00e6t af 2) - H\u00fcbsch<\/title>\n<meta name=\"description\" content=\"Hvorfor er det kun stuen og din sofa, som skal have alle de farverige inputs? Nej vel? Vi synes ogs\u00e5 at dit k\u00f8kken har fortjent nogle farverige indspark,\" \/>\n<meta name=\"robots\" content=\"index, follow, max-snippet:-1, max-image-preview:large, max-video-preview:-1\" \/>\n<link rel=\"canonical\" href=\"https:\/\/hubsch-interior.com\/da\/wp-json\/wp\/v2\/product\/880549\" \/>\n<meta property=\"og:locale\" content=\"da_DK\" \/>\n<meta property=\"og:type\" content=\"article\" \/>\n<meta property=\"og:title\" content=\"Playful Viskestykker \u00a0Flerfarvet (s\u00e6t af 2) - H\u00fcbsch\" \/>\n<meta property=\"og:description\" content=\"Hvorfor er det kun stuen og din sofa, som skal have alle de farverige inputs? Nej vel? Vi synes ogs\u00e5 at dit k\u00f8kken har fortjent nogle farverige indspark,\" \/>\n<meta property=\"og:url\" content=\"https:\/\/hubsch-interior.com\/da\/vare\/playful-viskestykker-flerfarvet-saet-af-2\/\" \/>\n<meta property=\"og:site_name\" content=\"H\u00fcbsch\" \/>\n<meta property=\"article:modified_time\" content=\"2026-04-11T02:39:49+00:00\" \/>\n<meta property=\"og:image\" content=\"https:\/\/hubsch-interior.com\/wp-content\/uploads\/2024\/01\/playful-tea-towels-multicolour-set-of-2-0ed44c257f68755573f55c6027c1c285.jpg\" \/>\n\t<meta property=\"og:image:width\" content=\"1200\" \/>\n\t<meta property=\"og:image:height\" content=\"1200\" \/>\n\t<meta property=\"og:image:type\" content=\"image\/jpeg\" \/>\n<meta name=\"twitter:card\" content=\"summary_large_image\" \/>\n<script type=\"application\/ld+json\" class=\"yoast-schema-graph\">{\"@context\":\"https:\/\/schema.org\",\"@graph\":[{\"@type\":\"WebPage\",\"@id\":\"https:\/\/hubsch-interior.com\/da\/vare\/playful-viskestykker-flerfarvet-saet-af-2\/\",\"url\":\"https:\/\/hubsch-interior.com\/da\/vare\/playful-viskestykker-flerfarvet-saet-af-2\/\",\"name\":\"Playful Viskestykker \u00a0Flerfarvet (s\u00e6t af 2) - H\u00fcbsch\",\"isPartOf\":{\"@id\":\"https:\/\/hubsch-interior.com\/da\/#website\"},\"primaryImageOfPage\":{\"@id\":\"https:\/\/hubsch-interior.com\/da\/vare\/playful-viskestykker-flerfarvet-saet-af-2\/#primaryimage\"},\"image\":{\"@id\":\"https:\/\/hubsch-interior.com\/da\/vare\/playful-viskestykker-flerfarvet-saet-af-2\/#primaryimage\"},\"thumbnailUrl\":\"https:\/\/hubsch-interior.com\/wp-content\/uploads\/2026\/02\/playful-tea-towels-multicolour-set-of-2-8518103b6afeee85f4098ef2142d5ad9.jpg\",\"datePublished\":\"2023-02-20T07:41:36+00:00\",\"dateModified\":\"2026-04-11T02:39:49+00:00\",\"description\":\"Hvorfor er det kun stuen og din sofa, som skal have alle de farverige inputs? Nej vel? Vi synes ogs\u00e5 at dit k\u00f8kken har fortjent nogle farverige indspark,\",\"breadcrumb\":{\"@id\":\"https:\/\/hubsch-interior.com\/da\/vare\/playful-viskestykker-flerfarvet-saet-af-2\/#breadcrumb\"},\"inLanguage\":\"da-DK\",\"potentialAction\":[{\"@type\":\"ReadAction\",\"target\":[\"https:\/\/hubsch-interior.com\/da\/vare\/playful-viskestykker-flerfarvet-saet-af-2\/\"]}]},{\"@type\":\"ImageObject\",\"inLanguage\":\"da-DK\",\"@id\":\"https:\/\/hubsch-interior.com\/da\/vare\/playful-viskestykker-flerfarvet-saet-af-2\/#primaryimage\",\"url\":\"https:\/\/hubsch-interior.com\/wp-content\/uploads\/2026\/02\/playful-tea-towels-multicolour-set-of-2-8518103b6afeee85f4098ef2142d5ad9.jpg\",\"contentUrl\":\"https:\/\/hubsch-interior.com\/wp-content\/uploads\/2026\/02\/playful-tea-towels-multicolour-set-of-2-8518103b6afeee85f4098ef2142d5ad9.jpg\",\"width\":1024,\"height\":1024},{\"@type\":\"BreadcrumbList\",\"@id\":\"https:\/\/hubsch-interior.com\/da\/vare\/playful-viskestykker-flerfarvet-saet-af-2\/#breadcrumb\",\"itemListElement\":[{\"@type\":\"ListItem\",\"position\":1,\"name\":\"Forside\",\"item\":\"https:\/\/hubsch-interior.com\/da\/\"},{\"@type\":\"ListItem\",\"position\":2,\"name\":\"Produkter\",\"item\":\"https:\/\/hubsch-interior.com\/da\/produkter\/\"},{\"@type\":\"ListItem\",\"position\":3,\"name\":\"Tekstiler\",\"item\":\"https:\/\/hubsch-interior.com\/da\/vare-kategori\/tekstiler\/\"},{\"@type\":\"ListItem\",\"position\":4,\"name\":\"K&oslash;kkentekstiler\",\"item\":\"https:\/\/hubsch-interior.com\/da\/vare-kategori\/tekstiler\/koekkentekstiler-da\/\"},{\"@type\":\"ListItem\",\"position\":5,\"name\":\"Playful Viskestykker \u00a0Flerfarvet (s\u00e6t af 2)\"}]},{\"@type\":\"WebSite\",\"@id\":\"https:\/\/hubsch-interior.com\/da\/#website\",\"url\":\"https:\/\/hubsch-interior.com\/da\/\",\"name\":\"H\u00fcbsch\",\"description\":\"Danish Home Interior and Design\",\"publisher\":{\"@id\":\"https:\/\/hubsch-interior.com\/da\/#organization\"},\"potentialAction\":[{\"@type\":\"SearchAction\",\"target\":{\"@type\":\"EntryPoint\",\"urlTemplate\":\"https:\/\/hubsch-interior.com\/da\/?s={search_term_string}\"},\"query-input\":{\"@type\":\"PropertyValueSpecification\",\"valueRequired\":true,\"valueName\":\"search_term_string\"}}],\"inLanguage\":\"da-DK\"},{\"@type\":\"Organization\",\"@id\":\"https:\/\/hubsch-interior.com\/da\/#organization\",\"name\":\"H\u00fcbsch\",\"url\":\"https:\/\/hubsch-interior.com\/da\/\",\"logo\":{\"@type\":\"ImageObject\",\"inLanguage\":\"da-DK\",\"@id\":\"https:\/\/hubsch-interior.com\/da\/#\/schema\/logo\/image\/\",\"url\":\"https:\/\/hubsch-interior.com\/wp-content\/uploads\/2022\/12\/Hubsch_logo_black_one_line.svg\",\"contentUrl\":\"https:\/\/hubsch-interior.com\/wp-content\/uploads\/2022\/12\/Hubsch_logo_black_one_line.svg\",\"caption\":\"H\u00fcbsch\"},\"image\":{\"@id\":\"https:\/\/hubsch-interior.com\/da\/#\/schema\/logo\/image\/\"}}]}<\/script>\n<!-- \/ Yoast SEO plugin. -->","yoast_head_json":{"title":"Playful Viskestykker \u00a0Flerfarvet (s\u00e6t af 2) - H\u00fcbsch","description":"Hvorfor er det kun stuen og din sofa, som skal have alle de farverige inputs? Nej vel? Vi synes ogs\u00e5 at dit k\u00f8kken har fortjent nogle farverige indspark,","robots":{"index":"index","follow":"follow","max-snippet":"max-snippet:-1","max-image-preview":"max-image-preview:large","max-video-preview":"max-video-preview:-1"},"canonical":"https:\/\/hubsch-interior.com\/da\/wp-json\/wp\/v2\/product\/880549","og_locale":"da_DK","og_type":"article","og_title":"Playful Viskestykker \u00a0Flerfarvet (s\u00e6t af 2) - H\u00fcbsch","og_description":"Hvorfor er det kun stuen og din sofa, som skal have alle de farverige inputs? Nej vel? Vi synes ogs\u00e5 at dit k\u00f8kken har fortjent nogle farverige indspark,","og_url":"https:\/\/hubsch-interior.com\/da\/vare\/playful-viskestykker-flerfarvet-saet-af-2\/","og_site_name":"H\u00fcbsch","article_modified_time":"2026-04-11T02:39:49+00:00","og_image":[{"width":1200,"height":1200,"url":"https:\/\/hubsch-interior.com\/wp-content\/uploads\/2024\/01\/playful-tea-towels-multicolour-set-of-2-0ed44c257f68755573f55c6027c1c285.jpg","type":"image\/jpeg"}],"twitter_card":"summary_large_image","schema":{"@context":"https:\/\/schema.org","@graph":[{"@type":"WebPage","@id":"https:\/\/hubsch-interior.com\/da\/vare\/playful-viskestykker-flerfarvet-saet-af-2\/","url":"https:\/\/hubsch-interior.com\/da\/vare\/playful-viskestykker-flerfarvet-saet-af-2\/","name":"Playful Viskestykker \u00a0Flerfarvet (s\u00e6t af 2) - H\u00fcbsch","isPartOf":{"@id":"https:\/\/hubsch-interior.com\/da\/#website"},"primaryImageOfPage":{"@id":"https:\/\/hubsch-interior.com\/da\/vare\/playful-viskestykker-flerfarvet-saet-af-2\/#primaryimage"},"image":{"@id":"https:\/\/hubsch-interior.com\/da\/vare\/playful-viskestykker-flerfarvet-saet-af-2\/#primaryimage"},"thumbnailUrl":"https:\/\/hubsch-interior.com\/wp-content\/uploads\/2026\/02\/playful-tea-towels-multicolour-set-of-2-8518103b6afeee85f4098ef2142d5ad9.jpg","datePublished":"2023-02-20T07:41:36+00:00","dateModified":"2026-04-11T02:39:49+00:00","description":"Hvorfor er det kun stuen og din sofa, som skal have alle de farverige inputs? Nej vel? Vi synes ogs\u00e5 at dit k\u00f8kken har fortjent nogle farverige indspark,","breadcrumb":{"@id":"https:\/\/hubsch-interior.com\/da\/vare\/playful-viskestykker-flerfarvet-saet-af-2\/#breadcrumb"},"inLanguage":"da-DK","potentialAction":[{"@type":"ReadAction","target":["https:\/\/hubsch-interior.com\/da\/vare\/playful-viskestykker-flerfarvet-saet-af-2\/"]}]},{"@type":"ImageObject","inLanguage":"da-DK","@id":"https:\/\/hubsch-interior.com\/da\/vare\/playful-viskestykker-flerfarvet-saet-af-2\/#primaryimage","url":"https:\/\/hubsch-interior.com\/wp-content\/uploads\/2026\/02\/playful-tea-towels-multicolour-set-of-2-8518103b6afeee85f4098ef2142d5ad9.jpg","contentUrl":"https:\/\/hubsch-interior.com\/wp-content\/uploads\/2026\/02\/playful-tea-towels-multicolour-set-of-2-8518103b6afeee85f4098ef2142d5ad9.jpg","width":1024,"height":1024},{"@type":"BreadcrumbList","@id":"https:\/\/hubsch-interior.com\/da\/vare\/playful-viskestykker-flerfarvet-saet-af-2\/#breadcrumb","itemListElement":[{"@type":"ListItem","position":1,"name":"Forside","item":"https:\/\/hubsch-interior.com\/da\/"},{"@type":"ListItem","position":2,"name":"Produkter","item":"https:\/\/hubsch-interior.com\/da\/produkter\/"},{"@type":"ListItem","position":3,"name":"Tekstiler","item":"https:\/\/hubsch-interior.com\/da\/vare-kategori\/tekstiler\/"},{"@type":"ListItem","position":4,"name":"K&oslash;kkentekstiler","item":"https:\/\/hubsch-interior.com\/da\/vare-kategori\/tekstiler\/koekkentekstiler-da\/"},{"@type":"ListItem","position":5,"name":"Playful Viskestykker \u00a0Flerfarvet (s\u00e6t af 2)"}]},{"@type":"WebSite","@id":"https:\/\/hubsch-interior.com\/da\/#website","url":"https:\/\/hubsch-interior.com\/da\/","name":"H\u00fcbsch","description":"Danish Home Interior and Design","publisher":{"@id":"https:\/\/hubsch-interior.com\/da\/#organization"},"potentialAction":[{"@type":"SearchAction","target":{"@type":"EntryPoint","urlTemplate":"https:\/\/hubsch-interior.com\/da\/?s={search_term_string}"},"query-input":{"@type":"PropertyValueSpecification","valueRequired":true,"valueName":"search_term_string"}}],"inLanguage":"da-DK"},{"@type":"Organization","@id":"https:\/\/hubsch-interior.com\/da\/#organization","name":"H\u00fcbsch","url":"https:\/\/hubsch-interior.com\/da\/","logo":{"@type":"ImageObject","inLanguage":"da-DK","@id":"https:\/\/hubsch-interior.com\/da\/#\/schema\/logo\/image\/","url":"https:\/\/hubsch-interior.com\/wp-content\/uploads\/2022\/12\/Hubsch_logo_black_one_line.svg","contentUrl":"https:\/\/hubsch-interior.com\/wp-content\/uploads\/2022\/12\/Hubsch_logo_black_one_line.svg","caption":"H\u00fcbsch"},"image":{"@id":"https:\/\/hubsch-interior.com\/da\/#\/schema\/logo\/image\/"}}]}},"_links":{"self":[{"href":"https:\/\/hubsch-interior.com\/da\/wp-json\/wp\/v2\/product\/880549","targetHints":{"allow":["GET"]}}],"collection":[{"href":"https:\/\/hubsch-interior.com\/da\/wp-json\/wp\/v2\/product"}],"about":[{"href":"https:\/\/hubsch-interior.com\/da\/wp-json\/wp\/v2\/types\/product"}],"wp:featuredmedia":[{"embeddable":true,"href":"https:\/\/hubsch-interior.com\/da\/wp-json\/wp\/v2\/media\/1100239"}],"wp:attachment":[{"href":"https:\/\/hubsch-interior.com\/da\/wp-json\/wp\/v2\/media?parent=880549"}],"wp:term":[{"taxonomy":"product_brand","embeddable":true,"href":"https:\/\/hubsch-interior.com\/da\/wp-json\/wp\/v2\/product_brand?post=880549"},{"taxonomy":"product_cat","embeddable":true,"href":"https:\/\/hubsch-interior.com\/da\/wp-json\/wp\/v2\/product_cat?post=880549"},{"taxonomy":"product_tag","embeddable":true,"href":"https:\/\/hubsch-interior.com\/da\/wp-json\/wp\/v2\/product_tag?post=880549"}],"curies":[{"name":"wp","href":"https:\/\/api.w.org\/{rel}","templated":true}]}}