{"id":880681,"date":"2023-02-20T08:42:08","date_gmt":"2023-02-20T07:42:08","guid":{"rendered":"https:\/\/hubsch-interior.com\/product\/product\/"},"modified":"2026-04-05T04:54:07","modified_gmt":"2026-04-05T02:54:07","slug":"herringbone-skoskab-large-natur","status":"publish","type":"product","link":"https:\/\/hubsch-interior.com\/da\/vare\/herringbone-skoskab-large-natur\/","title":{"rendered":"Herringbone Skoskab Large Natur"},"content":{"rendered":"<p>Vi vil gerne give dig muligheden for at give alle dine sko en opbevaringsl\u00f8sning, som er smuk at se p\u00e5. Og man kan vist ikke sige andet end det fine sildebensm\u00f8nster p\u00e5 vores Herringbone skoskab har det, som der skal til. Med opbevaring til mindst syv par sko, alt efter din skost\u00f8rrelse, s\u00e5 er dette skoskab perfekt til at opbevare og passe p\u00e5 dine sko i mange mange \u00e5r. Herriongbone skoskabet i tr\u00e6 er skabt af FSC\u00ae-certificeret egetr\u00e6sfiner. <\/p>\n","protected":false},"excerpt":{"rendered":"<p>Vi vil gerne give dig muligheden for at give alle dine sko en opbevaringsl\u00f8sning, som er smuk at se p\u00e5. Og man kan vist ikke sige andet end det fine sildebensm\u00f8nster p\u00e5 vores Herringbone skoskab har det, som der skal til. Med opbevaring til mindst syv par sko, alt efter din skost\u00f8rrelse, s\u00e5 er dette [&hellip;]<\/p>\n","protected":false},"featured_media":1103383,"template":"","meta":{"_acf_changed":false,"inline_featured_image":false},"product_brand":[],"product_cat":[6581,3999,4851,5025],"product_tag":[],"class_list":{"0":"post-880681","1":"product","2":"type-product","3":"status-publish","4":"has-post-thumbnail","6":"product_cat-rekindle-collection-da","7":"product_cat-reoler-opbevaring-da","8":"product_cat-skoskabe-da","9":"product_cat-bestsellers-da","10":"product_shipping_class-p05","12":"pa_color-natur-2","13":"pa_material-mdf-da","14":"pa_material-egetr","15":"pa_material-egetrsfiner","17":"first","18":"outofstock","19":"featured","20":"taxable","21":"shipping-taxable","22":"purchasable","23":"product-type-simple"},"exclude_global_add_ons":[],"addons":[],"acf":[],"yoast_head":"<!-- This site is optimized with the Yoast SEO plugin v26.4 - https:\/\/yoast.com\/wordpress\/plugins\/seo\/ -->\n<title>Herringbone Skoskab Large Natur - H\u00fcbsch<\/title>\n<meta name=\"description\" content=\"Vi vil gerne give dig muligheden for at give alle dine sko en opbevaringsl\u00f8sning, som er smuk at se p\u00e5. Og man kan vist ikke sige andet end det fine\" \/>\n<meta name=\"robots\" content=\"index, follow, max-snippet:-1, max-image-preview:large, max-video-preview:-1\" \/>\n<link rel=\"canonical\" href=\"https:\/\/hubsch-interior.com\/da\/wp-json\/wp\/v2\/product\/880681\" \/>\n<meta property=\"og:locale\" content=\"da_DK\" \/>\n<meta property=\"og:type\" content=\"article\" \/>\n<meta property=\"og:title\" content=\"Herringbone Skoskab Large Natur - H\u00fcbsch\" \/>\n<meta property=\"og:description\" content=\"Vi vil gerne give dig muligheden for at give alle dine sko en opbevaringsl\u00f8sning, som er smuk at se p\u00e5. Og man kan vist ikke sige andet end det fine\" \/>\n<meta property=\"og:url\" content=\"https:\/\/hubsch-interior.com\/da\/vare\/herringbone-skoskab-large-natur\/\" \/>\n<meta property=\"og:site_name\" content=\"H\u00fcbsch\" \/>\n<meta property=\"article:modified_time\" content=\"2026-04-05T02:54:07+00:00\" \/>\n<meta property=\"og:image\" content=\"https:\/\/hubsch-interior.com\/wp-content\/uploads\/2023\/08\/herringbone-shoe-cabinet-large-natural-06dfc64d4f151d951414d9860ddf7f48.jpg\" \/>\n\t<meta property=\"og:image:width\" content=\"1200\" \/>\n\t<meta property=\"og:image:height\" content=\"1200\" \/>\n\t<meta property=\"og:image:type\" content=\"image\/jpeg\" \/>\n<meta name=\"twitter:card\" content=\"summary_large_image\" \/>\n<script type=\"application\/ld+json\" class=\"yoast-schema-graph\">{\"@context\":\"https:\/\/schema.org\",\"@graph\":[{\"@type\":\"WebPage\",\"@id\":\"https:\/\/hubsch-interior.com\/da\/vare\/herringbone-skoskab-large-natur\/\",\"url\":\"https:\/\/hubsch-interior.com\/da\/vare\/herringbone-skoskab-large-natur\/\",\"name\":\"Herringbone Skoskab Large Natur - H\u00fcbsch\",\"isPartOf\":{\"@id\":\"https:\/\/hubsch-interior.com\/da\/#website\"},\"primaryImageOfPage\":{\"@id\":\"https:\/\/hubsch-interior.com\/da\/vare\/herringbone-skoskab-large-natur\/#primaryimage\"},\"image\":{\"@id\":\"https:\/\/hubsch-interior.com\/da\/vare\/herringbone-skoskab-large-natur\/#primaryimage\"},\"thumbnailUrl\":\"https:\/\/hubsch-interior.com\/wp-content\/uploads\/2026\/02\/herringbone-shoe-cabinet-large-natural-69922886f7a0f1ccb9773e6ceb71c824.jpg\",\"datePublished\":\"2023-02-20T07:42:08+00:00\",\"dateModified\":\"2026-04-05T02:54:07+00:00\",\"description\":\"Vi vil gerne give dig muligheden for at give alle dine sko en opbevaringsl\u00f8sning, som er smuk at se p\u00e5. Og man kan vist ikke sige andet end det fine\",\"breadcrumb\":{\"@id\":\"https:\/\/hubsch-interior.com\/da\/vare\/herringbone-skoskab-large-natur\/#breadcrumb\"},\"inLanguage\":\"da-DK\",\"potentialAction\":[{\"@type\":\"ReadAction\",\"target\":[\"https:\/\/hubsch-interior.com\/da\/vare\/herringbone-skoskab-large-natur\/\"]}]},{\"@type\":\"ImageObject\",\"inLanguage\":\"da-DK\",\"@id\":\"https:\/\/hubsch-interior.com\/da\/vare\/herringbone-skoskab-large-natur\/#primaryimage\",\"url\":\"https:\/\/hubsch-interior.com\/wp-content\/uploads\/2026\/02\/herringbone-shoe-cabinet-large-natural-69922886f7a0f1ccb9773e6ceb71c824.jpg\",\"contentUrl\":\"https:\/\/hubsch-interior.com\/wp-content\/uploads\/2026\/02\/herringbone-shoe-cabinet-large-natural-69922886f7a0f1ccb9773e6ceb71c824.jpg\",\"width\":1024,\"height\":1024},{\"@type\":\"BreadcrumbList\",\"@id\":\"https:\/\/hubsch-interior.com\/da\/vare\/herringbone-skoskab-large-natur\/#breadcrumb\",\"itemListElement\":[{\"@type\":\"ListItem\",\"position\":1,\"name\":\"Forside\",\"item\":\"https:\/\/hubsch-interior.com\/da\/\"},{\"@type\":\"ListItem\",\"position\":2,\"name\":\"Produkter\",\"item\":\"https:\/\/hubsch-interior.com\/da\/produkter\/\"},{\"@type\":\"ListItem\",\"position\":3,\"name\":\"M\u00f8bler\",\"item\":\"https:\/\/hubsch-interior.com\/da\/vare-kategori\/mobler\/\"},{\"@type\":\"ListItem\",\"position\":4,\"name\":\"Reoler &amp; opbevaring\",\"item\":\"https:\/\/hubsch-interior.com\/da\/vare-kategori\/mobler\/reoler-opbevaring-da\/\"},{\"@type\":\"ListItem\",\"position\":5,\"name\":\"Skoskabe\",\"item\":\"https:\/\/hubsch-interior.com\/da\/vare-kategori\/mobler\/reoler-opbevaring-da\/skoskabe-da\/\"},{\"@type\":\"ListItem\",\"position\":6,\"name\":\"Herringbone Skoskab Large Natur\"}]},{\"@type\":\"WebSite\",\"@id\":\"https:\/\/hubsch-interior.com\/da\/#website\",\"url\":\"https:\/\/hubsch-interior.com\/da\/\",\"name\":\"H\u00fcbsch\",\"description\":\"Danish Home Interior and Design\",\"publisher\":{\"@id\":\"https:\/\/hubsch-interior.com\/da\/#organization\"},\"potentialAction\":[{\"@type\":\"SearchAction\",\"target\":{\"@type\":\"EntryPoint\",\"urlTemplate\":\"https:\/\/hubsch-interior.com\/da\/?s={search_term_string}\"},\"query-input\":{\"@type\":\"PropertyValueSpecification\",\"valueRequired\":true,\"valueName\":\"search_term_string\"}}],\"inLanguage\":\"da-DK\"},{\"@type\":\"Organization\",\"@id\":\"https:\/\/hubsch-interior.com\/da\/#organization\",\"name\":\"H\u00fcbsch\",\"url\":\"https:\/\/hubsch-interior.com\/da\/\",\"logo\":{\"@type\":\"ImageObject\",\"inLanguage\":\"da-DK\",\"@id\":\"https:\/\/hubsch-interior.com\/da\/#\/schema\/logo\/image\/\",\"url\":\"https:\/\/hubsch-interior.com\/wp-content\/uploads\/2022\/12\/Hubsch_logo_black_one_line.svg\",\"contentUrl\":\"https:\/\/hubsch-interior.com\/wp-content\/uploads\/2022\/12\/Hubsch_logo_black_one_line.svg\",\"caption\":\"H\u00fcbsch\"},\"image\":{\"@id\":\"https:\/\/hubsch-interior.com\/da\/#\/schema\/logo\/image\/\"}}]}<\/script>\n<!-- \/ Yoast SEO plugin. -->","yoast_head_json":{"title":"Herringbone Skoskab Large Natur - H\u00fcbsch","description":"Vi vil gerne give dig muligheden for at give alle dine sko en opbevaringsl\u00f8sning, som er smuk at se p\u00e5. Og man kan vist ikke sige andet end det fine","robots":{"index":"index","follow":"follow","max-snippet":"max-snippet:-1","max-image-preview":"max-image-preview:large","max-video-preview":"max-video-preview:-1"},"canonical":"https:\/\/hubsch-interior.com\/da\/wp-json\/wp\/v2\/product\/880681","og_locale":"da_DK","og_type":"article","og_title":"Herringbone Skoskab Large Natur - H\u00fcbsch","og_description":"Vi vil gerne give dig muligheden for at give alle dine sko en opbevaringsl\u00f8sning, som er smuk at se p\u00e5. Og man kan vist ikke sige andet end det fine","og_url":"https:\/\/hubsch-interior.com\/da\/vare\/herringbone-skoskab-large-natur\/","og_site_name":"H\u00fcbsch","article_modified_time":"2026-04-05T02:54:07+00:00","og_image":[{"width":1200,"height":1200,"url":"https:\/\/hubsch-interior.com\/wp-content\/uploads\/2023\/08\/herringbone-shoe-cabinet-large-natural-06dfc64d4f151d951414d9860ddf7f48.jpg","type":"image\/jpeg"}],"twitter_card":"summary_large_image","schema":{"@context":"https:\/\/schema.org","@graph":[{"@type":"WebPage","@id":"https:\/\/hubsch-interior.com\/da\/vare\/herringbone-skoskab-large-natur\/","url":"https:\/\/hubsch-interior.com\/da\/vare\/herringbone-skoskab-large-natur\/","name":"Herringbone Skoskab Large Natur - H\u00fcbsch","isPartOf":{"@id":"https:\/\/hubsch-interior.com\/da\/#website"},"primaryImageOfPage":{"@id":"https:\/\/hubsch-interior.com\/da\/vare\/herringbone-skoskab-large-natur\/#primaryimage"},"image":{"@id":"https:\/\/hubsch-interior.com\/da\/vare\/herringbone-skoskab-large-natur\/#primaryimage"},"thumbnailUrl":"https:\/\/hubsch-interior.com\/wp-content\/uploads\/2026\/02\/herringbone-shoe-cabinet-large-natural-69922886f7a0f1ccb9773e6ceb71c824.jpg","datePublished":"2023-02-20T07:42:08+00:00","dateModified":"2026-04-05T02:54:07+00:00","description":"Vi vil gerne give dig muligheden for at give alle dine sko en opbevaringsl\u00f8sning, som er smuk at se p\u00e5. Og man kan vist ikke sige andet end det fine","breadcrumb":{"@id":"https:\/\/hubsch-interior.com\/da\/vare\/herringbone-skoskab-large-natur\/#breadcrumb"},"inLanguage":"da-DK","potentialAction":[{"@type":"ReadAction","target":["https:\/\/hubsch-interior.com\/da\/vare\/herringbone-skoskab-large-natur\/"]}]},{"@type":"ImageObject","inLanguage":"da-DK","@id":"https:\/\/hubsch-interior.com\/da\/vare\/herringbone-skoskab-large-natur\/#primaryimage","url":"https:\/\/hubsch-interior.com\/wp-content\/uploads\/2026\/02\/herringbone-shoe-cabinet-large-natural-69922886f7a0f1ccb9773e6ceb71c824.jpg","contentUrl":"https:\/\/hubsch-interior.com\/wp-content\/uploads\/2026\/02\/herringbone-shoe-cabinet-large-natural-69922886f7a0f1ccb9773e6ceb71c824.jpg","width":1024,"height":1024},{"@type":"BreadcrumbList","@id":"https:\/\/hubsch-interior.com\/da\/vare\/herringbone-skoskab-large-natur\/#breadcrumb","itemListElement":[{"@type":"ListItem","position":1,"name":"Forside","item":"https:\/\/hubsch-interior.com\/da\/"},{"@type":"ListItem","position":2,"name":"Produkter","item":"https:\/\/hubsch-interior.com\/da\/produkter\/"},{"@type":"ListItem","position":3,"name":"M\u00f8bler","item":"https:\/\/hubsch-interior.com\/da\/vare-kategori\/mobler\/"},{"@type":"ListItem","position":4,"name":"Reoler &amp; opbevaring","item":"https:\/\/hubsch-interior.com\/da\/vare-kategori\/mobler\/reoler-opbevaring-da\/"},{"@type":"ListItem","position":5,"name":"Skoskabe","item":"https:\/\/hubsch-interior.com\/da\/vare-kategori\/mobler\/reoler-opbevaring-da\/skoskabe-da\/"},{"@type":"ListItem","position":6,"name":"Herringbone Skoskab Large Natur"}]},{"@type":"WebSite","@id":"https:\/\/hubsch-interior.com\/da\/#website","url":"https:\/\/hubsch-interior.com\/da\/","name":"H\u00fcbsch","description":"Danish Home Interior and Design","publisher":{"@id":"https:\/\/hubsch-interior.com\/da\/#organization"},"potentialAction":[{"@type":"SearchAction","target":{"@type":"EntryPoint","urlTemplate":"https:\/\/hubsch-interior.com\/da\/?s={search_term_string}"},"query-input":{"@type":"PropertyValueSpecification","valueRequired":true,"valueName":"search_term_string"}}],"inLanguage":"da-DK"},{"@type":"Organization","@id":"https:\/\/hubsch-interior.com\/da\/#organization","name":"H\u00fcbsch","url":"https:\/\/hubsch-interior.com\/da\/","logo":{"@type":"ImageObject","inLanguage":"da-DK","@id":"https:\/\/hubsch-interior.com\/da\/#\/schema\/logo\/image\/","url":"https:\/\/hubsch-interior.com\/wp-content\/uploads\/2022\/12\/Hubsch_logo_black_one_line.svg","contentUrl":"https:\/\/hubsch-interior.com\/wp-content\/uploads\/2022\/12\/Hubsch_logo_black_one_line.svg","caption":"H\u00fcbsch"},"image":{"@id":"https:\/\/hubsch-interior.com\/da\/#\/schema\/logo\/image\/"}}]}},"_links":{"self":[{"href":"https:\/\/hubsch-interior.com\/da\/wp-json\/wp\/v2\/product\/880681","targetHints":{"allow":["GET"]}}],"collection":[{"href":"https:\/\/hubsch-interior.com\/da\/wp-json\/wp\/v2\/product"}],"about":[{"href":"https:\/\/hubsch-interior.com\/da\/wp-json\/wp\/v2\/types\/product"}],"wp:featuredmedia":[{"embeddable":true,"href":"https:\/\/hubsch-interior.com\/da\/wp-json\/wp\/v2\/media\/1103383"}],"wp:attachment":[{"href":"https:\/\/hubsch-interior.com\/da\/wp-json\/wp\/v2\/media?parent=880681"}],"wp:term":[{"taxonomy":"product_brand","embeddable":true,"href":"https:\/\/hubsch-interior.com\/da\/wp-json\/wp\/v2\/product_brand?post=880681"},{"taxonomy":"product_cat","embeddable":true,"href":"https:\/\/hubsch-interior.com\/da\/wp-json\/wp\/v2\/product_cat?post=880681"},{"taxonomy":"product_tag","embeddable":true,"href":"https:\/\/hubsch-interior.com\/da\/wp-json\/wp\/v2\/product_tag?post=880681"}],"curies":[{"name":"wp","href":"https:\/\/api.w.org\/{rel}","templated":true}]}}