{"id":880713,"date":"2023-02-20T08:42:13","date_gmt":"2023-02-20T07:42:13","guid":{"rendered":"https:\/\/hubsch-interior.com\/product\/product\/"},"modified":"2026-04-10T05:03:54","modified_gmt":"2026-04-10T03:03:54","slug":"ateliers-bordlampe-morkebla-hvid","status":"publish","type":"product","link":"https:\/\/hubsch-interior.com\/da\/vare\/ateliers-bordlampe-morkebla-hvid\/","title":{"rendered":"Ateliers Bordlampe M\u00f8rkebl\u00e5\/Hvid"},"content":{"rendered":"<p>En bordlampe rummer s\u00e5 mange muligheder. Om du er p\u00e5 udkig efter lidt ekstra lys til lidt late-nite l\u00e6sning, hyggelig stemning i stuen eller blot lidt ekstra lys, s\u00e5 kan en bordlampe give dig det. Denne smukke bl\u00e5 bordlampe med opal glassk\u00e6rm har den sk\u00f8nneste silhuet og kan give dig pr\u00e6cis, hvad du har brug for. <\/p>\n","protected":false},"excerpt":{"rendered":"<p>En bordlampe rummer s\u00e5 mange muligheder. Om du er p\u00e5 udkig efter lidt ekstra lys til lidt late-nite l\u00e6sning, hyggelig stemning i stuen eller blot lidt ekstra lys, s\u00e5 kan en bordlampe give dig det. Denne smukke bl\u00e5 bordlampe med opal glassk\u00e6rm har den sk\u00f8nneste silhuet og kan give dig pr\u00e6cis, hvad du har brug [&hellip;]<\/p>\n","protected":false},"featured_media":1106662,"template":"","meta":{"_acf_changed":false,"inline_featured_image":false},"product_brand":[],"product_cat":[6581,3808,3499,5025],"product_tag":[],"class_list":{"0":"post-880713","1":"product","2":"type-product","3":"status-publish","4":"has-post-thumbnail","6":"product_cat-rekindle-collection-da","7":"product_cat-belysning","8":"product_cat-bordlamper-da","9":"product_cat-bestsellers-da","10":"product_shipping_class-pk","12":"pa_color-hvid","13":"pa_color-mrkebl","14":"pa_material-glas-da","15":"pa_material-jern-da","17":"first","18":"instock","19":"featured","20":"taxable","21":"shipping-taxable","22":"purchasable","23":"product-type-simple"},"exclude_global_add_ons":[],"addons":[],"acf":[],"yoast_head":"<!-- This site is optimized with the Yoast SEO plugin v26.4 - https:\/\/yoast.com\/wordpress\/plugins\/seo\/ -->\n<title>Ateliers Bordlampe M\u00f8rkebl\u00e5\/Hvid - H\u00fcbsch<\/title>\n<meta name=\"description\" content=\"En bordlampe rummer s\u00e5 mange muligheder. Om du er p\u00e5 udkig efter lidt ekstra lys til lidt late-nite l\u00e6sning, hyggelig stemning i stuen eller blot lidt\" \/>\n<meta name=\"robots\" content=\"index, follow, max-snippet:-1, max-image-preview:large, max-video-preview:-1\" \/>\n<link rel=\"canonical\" href=\"https:\/\/hubsch-interior.com\/da\/wp-json\/wp\/v2\/product\/880713\" \/>\n<meta property=\"og:locale\" content=\"da_DK\" \/>\n<meta property=\"og:type\" content=\"article\" \/>\n<meta property=\"og:title\" content=\"Ateliers Bordlampe M\u00f8rkebl\u00e5\/Hvid - H\u00fcbsch\" \/>\n<meta property=\"og:description\" content=\"En bordlampe rummer s\u00e5 mange muligheder. Om du er p\u00e5 udkig efter lidt ekstra lys til lidt late-nite l\u00e6sning, hyggelig stemning i stuen eller blot lidt\" \/>\n<meta property=\"og:url\" content=\"https:\/\/hubsch-interior.com\/da\/vare\/ateliers-bordlampe-morkebla-hvid\/\" \/>\n<meta property=\"og:site_name\" content=\"H\u00fcbsch\" \/>\n<meta property=\"article:modified_time\" content=\"2026-04-10T03:03:54+00:00\" \/>\n<meta property=\"og:image\" content=\"https:\/\/hubsch-interior.com\/wp-content\/uploads\/2025\/05\/ateliers-table-lamp-dark-bluewhite-b521acde80d8a17180d57ade4aad4e73.jpg\" \/>\n\t<meta property=\"og:image:width\" content=\"1200\" \/>\n\t<meta property=\"og:image:height\" content=\"1200\" \/>\n\t<meta property=\"og:image:type\" content=\"image\/jpeg\" \/>\n<meta name=\"twitter:card\" content=\"summary_large_image\" \/>\n<script type=\"application\/ld+json\" class=\"yoast-schema-graph\">{\"@context\":\"https:\/\/schema.org\",\"@graph\":[{\"@type\":\"WebPage\",\"@id\":\"https:\/\/hubsch-interior.com\/da\/vare\/ateliers-bordlampe-morkebla-hvid\/\",\"url\":\"https:\/\/hubsch-interior.com\/da\/vare\/ateliers-bordlampe-morkebla-hvid\/\",\"name\":\"Ateliers Bordlampe M\u00f8rkebl\u00e5\/Hvid - H\u00fcbsch\",\"isPartOf\":{\"@id\":\"https:\/\/hubsch-interior.com\/da\/#website\"},\"primaryImageOfPage\":{\"@id\":\"https:\/\/hubsch-interior.com\/da\/vare\/ateliers-bordlampe-morkebla-hvid\/#primaryimage\"},\"image\":{\"@id\":\"https:\/\/hubsch-interior.com\/da\/vare\/ateliers-bordlampe-morkebla-hvid\/#primaryimage\"},\"thumbnailUrl\":\"https:\/\/hubsch-interior.com\/wp-content\/uploads\/2026\/02\/ateliers-table-lamp-dark-bluewhite-9c9512746692f616d5058f65eaa61fda.jpg\",\"datePublished\":\"2023-02-20T07:42:13+00:00\",\"dateModified\":\"2026-04-10T03:03:54+00:00\",\"description\":\"En bordlampe rummer s\u00e5 mange muligheder. Om du er p\u00e5 udkig efter lidt ekstra lys til lidt late-nite l\u00e6sning, hyggelig stemning i stuen eller blot lidt\",\"breadcrumb\":{\"@id\":\"https:\/\/hubsch-interior.com\/da\/vare\/ateliers-bordlampe-morkebla-hvid\/#breadcrumb\"},\"inLanguage\":\"da-DK\",\"potentialAction\":[{\"@type\":\"ReadAction\",\"target\":[\"https:\/\/hubsch-interior.com\/da\/vare\/ateliers-bordlampe-morkebla-hvid\/\"]}]},{\"@type\":\"ImageObject\",\"inLanguage\":\"da-DK\",\"@id\":\"https:\/\/hubsch-interior.com\/da\/vare\/ateliers-bordlampe-morkebla-hvid\/#primaryimage\",\"url\":\"https:\/\/hubsch-interior.com\/wp-content\/uploads\/2026\/02\/ateliers-table-lamp-dark-bluewhite-9c9512746692f616d5058f65eaa61fda.jpg\",\"contentUrl\":\"https:\/\/hubsch-interior.com\/wp-content\/uploads\/2026\/02\/ateliers-table-lamp-dark-bluewhite-9c9512746692f616d5058f65eaa61fda.jpg\",\"width\":1024,\"height\":1024},{\"@type\":\"BreadcrumbList\",\"@id\":\"https:\/\/hubsch-interior.com\/da\/vare\/ateliers-bordlampe-morkebla-hvid\/#breadcrumb\",\"itemListElement\":[{\"@type\":\"ListItem\",\"position\":1,\"name\":\"Forside\",\"item\":\"https:\/\/hubsch-interior.com\/da\/\"},{\"@type\":\"ListItem\",\"position\":2,\"name\":\"Produkter\",\"item\":\"https:\/\/hubsch-interior.com\/da\/produkter\/\"},{\"@type\":\"ListItem\",\"position\":3,\"name\":\"Belysning\",\"item\":\"https:\/\/hubsch-interior.com\/da\/vare-kategori\/belysning\/\"},{\"@type\":\"ListItem\",\"position\":4,\"name\":\"Bordlamper\",\"item\":\"https:\/\/hubsch-interior.com\/da\/vare-kategori\/belysning\/bordlamper-da\/\"},{\"@type\":\"ListItem\",\"position\":5,\"name\":\"Ateliers Bordlampe M\u00f8rkebl\u00e5\/Hvid\"}]},{\"@type\":\"WebSite\",\"@id\":\"https:\/\/hubsch-interior.com\/da\/#website\",\"url\":\"https:\/\/hubsch-interior.com\/da\/\",\"name\":\"H\u00fcbsch\",\"description\":\"Danish Home Interior and Design\",\"publisher\":{\"@id\":\"https:\/\/hubsch-interior.com\/da\/#organization\"},\"potentialAction\":[{\"@type\":\"SearchAction\",\"target\":{\"@type\":\"EntryPoint\",\"urlTemplate\":\"https:\/\/hubsch-interior.com\/da\/?s={search_term_string}\"},\"query-input\":{\"@type\":\"PropertyValueSpecification\",\"valueRequired\":true,\"valueName\":\"search_term_string\"}}],\"inLanguage\":\"da-DK\"},{\"@type\":\"Organization\",\"@id\":\"https:\/\/hubsch-interior.com\/da\/#organization\",\"name\":\"H\u00fcbsch\",\"url\":\"https:\/\/hubsch-interior.com\/da\/\",\"logo\":{\"@type\":\"ImageObject\",\"inLanguage\":\"da-DK\",\"@id\":\"https:\/\/hubsch-interior.com\/da\/#\/schema\/logo\/image\/\",\"url\":\"https:\/\/hubsch-interior.com\/wp-content\/uploads\/2022\/12\/Hubsch_logo_black_one_line.svg\",\"contentUrl\":\"https:\/\/hubsch-interior.com\/wp-content\/uploads\/2022\/12\/Hubsch_logo_black_one_line.svg\",\"caption\":\"H\u00fcbsch\"},\"image\":{\"@id\":\"https:\/\/hubsch-interior.com\/da\/#\/schema\/logo\/image\/\"}}]}<\/script>\n<!-- \/ Yoast SEO plugin. -->","yoast_head_json":{"title":"Ateliers Bordlampe M\u00f8rkebl\u00e5\/Hvid - H\u00fcbsch","description":"En bordlampe rummer s\u00e5 mange muligheder. Om du er p\u00e5 udkig efter lidt ekstra lys til lidt late-nite l\u00e6sning, hyggelig stemning i stuen eller blot lidt","robots":{"index":"index","follow":"follow","max-snippet":"max-snippet:-1","max-image-preview":"max-image-preview:large","max-video-preview":"max-video-preview:-1"},"canonical":"https:\/\/hubsch-interior.com\/da\/wp-json\/wp\/v2\/product\/880713","og_locale":"da_DK","og_type":"article","og_title":"Ateliers Bordlampe M\u00f8rkebl\u00e5\/Hvid - H\u00fcbsch","og_description":"En bordlampe rummer s\u00e5 mange muligheder. Om du er p\u00e5 udkig efter lidt ekstra lys til lidt late-nite l\u00e6sning, hyggelig stemning i stuen eller blot lidt","og_url":"https:\/\/hubsch-interior.com\/da\/vare\/ateliers-bordlampe-morkebla-hvid\/","og_site_name":"H\u00fcbsch","article_modified_time":"2026-04-10T03:03:54+00:00","og_image":[{"width":1200,"height":1200,"url":"https:\/\/hubsch-interior.com\/wp-content\/uploads\/2025\/05\/ateliers-table-lamp-dark-bluewhite-b521acde80d8a17180d57ade4aad4e73.jpg","type":"image\/jpeg"}],"twitter_card":"summary_large_image","schema":{"@context":"https:\/\/schema.org","@graph":[{"@type":"WebPage","@id":"https:\/\/hubsch-interior.com\/da\/vare\/ateliers-bordlampe-morkebla-hvid\/","url":"https:\/\/hubsch-interior.com\/da\/vare\/ateliers-bordlampe-morkebla-hvid\/","name":"Ateliers Bordlampe M\u00f8rkebl\u00e5\/Hvid - H\u00fcbsch","isPartOf":{"@id":"https:\/\/hubsch-interior.com\/da\/#website"},"primaryImageOfPage":{"@id":"https:\/\/hubsch-interior.com\/da\/vare\/ateliers-bordlampe-morkebla-hvid\/#primaryimage"},"image":{"@id":"https:\/\/hubsch-interior.com\/da\/vare\/ateliers-bordlampe-morkebla-hvid\/#primaryimage"},"thumbnailUrl":"https:\/\/hubsch-interior.com\/wp-content\/uploads\/2026\/02\/ateliers-table-lamp-dark-bluewhite-9c9512746692f616d5058f65eaa61fda.jpg","datePublished":"2023-02-20T07:42:13+00:00","dateModified":"2026-04-10T03:03:54+00:00","description":"En bordlampe rummer s\u00e5 mange muligheder. Om du er p\u00e5 udkig efter lidt ekstra lys til lidt late-nite l\u00e6sning, hyggelig stemning i stuen eller blot lidt","breadcrumb":{"@id":"https:\/\/hubsch-interior.com\/da\/vare\/ateliers-bordlampe-morkebla-hvid\/#breadcrumb"},"inLanguage":"da-DK","potentialAction":[{"@type":"ReadAction","target":["https:\/\/hubsch-interior.com\/da\/vare\/ateliers-bordlampe-morkebla-hvid\/"]}]},{"@type":"ImageObject","inLanguage":"da-DK","@id":"https:\/\/hubsch-interior.com\/da\/vare\/ateliers-bordlampe-morkebla-hvid\/#primaryimage","url":"https:\/\/hubsch-interior.com\/wp-content\/uploads\/2026\/02\/ateliers-table-lamp-dark-bluewhite-9c9512746692f616d5058f65eaa61fda.jpg","contentUrl":"https:\/\/hubsch-interior.com\/wp-content\/uploads\/2026\/02\/ateliers-table-lamp-dark-bluewhite-9c9512746692f616d5058f65eaa61fda.jpg","width":1024,"height":1024},{"@type":"BreadcrumbList","@id":"https:\/\/hubsch-interior.com\/da\/vare\/ateliers-bordlampe-morkebla-hvid\/#breadcrumb","itemListElement":[{"@type":"ListItem","position":1,"name":"Forside","item":"https:\/\/hubsch-interior.com\/da\/"},{"@type":"ListItem","position":2,"name":"Produkter","item":"https:\/\/hubsch-interior.com\/da\/produkter\/"},{"@type":"ListItem","position":3,"name":"Belysning","item":"https:\/\/hubsch-interior.com\/da\/vare-kategori\/belysning\/"},{"@type":"ListItem","position":4,"name":"Bordlamper","item":"https:\/\/hubsch-interior.com\/da\/vare-kategori\/belysning\/bordlamper-da\/"},{"@type":"ListItem","position":5,"name":"Ateliers Bordlampe M\u00f8rkebl\u00e5\/Hvid"}]},{"@type":"WebSite","@id":"https:\/\/hubsch-interior.com\/da\/#website","url":"https:\/\/hubsch-interior.com\/da\/","name":"H\u00fcbsch","description":"Danish Home Interior and Design","publisher":{"@id":"https:\/\/hubsch-interior.com\/da\/#organization"},"potentialAction":[{"@type":"SearchAction","target":{"@type":"EntryPoint","urlTemplate":"https:\/\/hubsch-interior.com\/da\/?s={search_term_string}"},"query-input":{"@type":"PropertyValueSpecification","valueRequired":true,"valueName":"search_term_string"}}],"inLanguage":"da-DK"},{"@type":"Organization","@id":"https:\/\/hubsch-interior.com\/da\/#organization","name":"H\u00fcbsch","url":"https:\/\/hubsch-interior.com\/da\/","logo":{"@type":"ImageObject","inLanguage":"da-DK","@id":"https:\/\/hubsch-interior.com\/da\/#\/schema\/logo\/image\/","url":"https:\/\/hubsch-interior.com\/wp-content\/uploads\/2022\/12\/Hubsch_logo_black_one_line.svg","contentUrl":"https:\/\/hubsch-interior.com\/wp-content\/uploads\/2022\/12\/Hubsch_logo_black_one_line.svg","caption":"H\u00fcbsch"},"image":{"@id":"https:\/\/hubsch-interior.com\/da\/#\/schema\/logo\/image\/"}}]}},"_links":{"self":[{"href":"https:\/\/hubsch-interior.com\/da\/wp-json\/wp\/v2\/product\/880713","targetHints":{"allow":["GET"]}}],"collection":[{"href":"https:\/\/hubsch-interior.com\/da\/wp-json\/wp\/v2\/product"}],"about":[{"href":"https:\/\/hubsch-interior.com\/da\/wp-json\/wp\/v2\/types\/product"}],"wp:featuredmedia":[{"embeddable":true,"href":"https:\/\/hubsch-interior.com\/da\/wp-json\/wp\/v2\/media\/1106662"}],"wp:attachment":[{"href":"https:\/\/hubsch-interior.com\/da\/wp-json\/wp\/v2\/media?parent=880713"}],"wp:term":[{"taxonomy":"product_brand","embeddable":true,"href":"https:\/\/hubsch-interior.com\/da\/wp-json\/wp\/v2\/product_brand?post=880713"},{"taxonomy":"product_cat","embeddable":true,"href":"https:\/\/hubsch-interior.com\/da\/wp-json\/wp\/v2\/product_cat?post=880713"},{"taxonomy":"product_tag","embeddable":true,"href":"https:\/\/hubsch-interior.com\/da\/wp-json\/wp\/v2\/product_tag?post=880713"}],"curies":[{"name":"wp","href":"https:\/\/api.w.org\/{rel}","templated":true}]}}