{"id":880821,"date":"2023-02-20T08:42:31","date_gmt":"2023-02-20T07:42:31","guid":{"rendered":"https:\/\/hubsch-interior.com\/product\/product\/"},"modified":"2026-04-12T05:04:40","modified_gmt":"2026-04-12T03:04:40","slug":"solid-pendel-hvid-sand","status":"publish","type":"product","link":"https:\/\/hubsch-interior.com\/da\/vare\/solid-pendel-hvid-sand\/","title":{"rendered":"Solid Pendel Hvid\/Sand"},"content":{"rendered":"<p>At tr\u00e6ffe modige farvevalg er en proces, der kan tage tid. Vi foresl\u00e5r at du starter i det sm\u00e5 med en klassisk pendellampe med et lille twist. Den fine riflede glassk\u00e6rm sammen med en smuk beige stofledning er en sk\u00f8n begynderkombi, som ikke er for meget, men heller ikke for lidt. <\/p>\n","protected":false},"excerpt":{"rendered":"<p>At tr\u00e6ffe modige farvevalg er en proces, der kan tage tid. Vi foresl\u00e5r at du starter i det sm\u00e5 med en klassisk pendellampe med et lille twist. Den fine riflede glassk\u00e6rm sammen med en smuk beige stofledning er en sk\u00f8n begynderkombi, som ikke er for meget, men heller ikke for lidt.<\/p>\n","protected":false},"featured_media":1106742,"template":"","meta":{"_acf_changed":false,"inline_featured_image":false},"product_brand":[],"product_cat":[6581,3808,4146,5025],"product_tag":[],"class_list":{"0":"post-880821","1":"product","2":"type-product","3":"status-publish","4":"has-post-thumbnail","6":"product_cat-rekindle-collection-da","7":"product_cat-belysning","8":"product_cat-loftslamper-da","9":"product_cat-bestsellers-da","10":"product_shipping_class-pk","12":"pa_color-hvid","13":"pa_color-sand-da","14":"pa_material-glas-da","15":"pa_material-jern-da","17":"first","18":"instock","19":"featured","20":"taxable","21":"shipping-taxable","22":"purchasable","23":"product-type-simple"},"exclude_global_add_ons":[],"addons":[],"acf":[],"yoast_head":"<!-- This site is optimized with the Yoast SEO plugin v26.4 - https:\/\/yoast.com\/wordpress\/plugins\/seo\/ -->\n<title>Solid Pendel Hvid\/Sand - H\u00fcbsch<\/title>\n<meta name=\"description\" content=\"At tr\u00e6ffe modige farvevalg er en proces, der kan tage tid. Vi foresl\u00e5r at du starter i det sm\u00e5 med en klassisk pendellampe med et lille twist. Den fine\" \/>\n<meta name=\"robots\" content=\"index, follow, max-snippet:-1, max-image-preview:large, max-video-preview:-1\" \/>\n<link rel=\"canonical\" href=\"https:\/\/hubsch-interior.com\/da\/wp-json\/wp\/v2\/product\/880821\" \/>\n<meta property=\"og:locale\" content=\"da_DK\" \/>\n<meta property=\"og:type\" content=\"article\" \/>\n<meta property=\"og:title\" content=\"Solid Pendel Hvid\/Sand - H\u00fcbsch\" \/>\n<meta property=\"og:description\" content=\"At tr\u00e6ffe modige farvevalg er en proces, der kan tage tid. Vi foresl\u00e5r at du starter i det sm\u00e5 med en klassisk pendellampe med et lille twist. Den fine\" \/>\n<meta property=\"og:url\" content=\"https:\/\/hubsch-interior.com\/da\/vare\/solid-pendel-hvid-sand\/\" \/>\n<meta property=\"og:site_name\" content=\"H\u00fcbsch\" \/>\n<meta property=\"article:modified_time\" content=\"2026-04-12T03:04:40+00:00\" \/>\n<meta property=\"og:image\" content=\"https:\/\/hubsch-interior.com\/wp-content\/uploads\/2024\/05\/solid-pendant-lamp-whitesand-3b134ad897718c6f2ecc05a392f81240.jpg\" \/>\n\t<meta property=\"og:image:width\" content=\"1200\" \/>\n\t<meta property=\"og:image:height\" content=\"1200\" \/>\n\t<meta property=\"og:image:type\" content=\"image\/jpeg\" \/>\n<meta name=\"twitter:card\" content=\"summary_large_image\" \/>\n<script type=\"application\/ld+json\" class=\"yoast-schema-graph\">{\"@context\":\"https:\/\/schema.org\",\"@graph\":[{\"@type\":\"WebPage\",\"@id\":\"https:\/\/hubsch-interior.com\/da\/vare\/solid-pendel-hvid-sand\/\",\"url\":\"https:\/\/hubsch-interior.com\/da\/vare\/solid-pendel-hvid-sand\/\",\"name\":\"Solid Pendel Hvid\/Sand - H\u00fcbsch\",\"isPartOf\":{\"@id\":\"https:\/\/hubsch-interior.com\/da\/#website\"},\"primaryImageOfPage\":{\"@id\":\"https:\/\/hubsch-interior.com\/da\/vare\/solid-pendel-hvid-sand\/#primaryimage\"},\"image\":{\"@id\":\"https:\/\/hubsch-interior.com\/da\/vare\/solid-pendel-hvid-sand\/#primaryimage\"},\"thumbnailUrl\":\"https:\/\/hubsch-interior.com\/wp-content\/uploads\/2026\/02\/solid-pendant-lamp-whitesand-4ccfb964081214c7728b037446184d01.jpg\",\"datePublished\":\"2023-02-20T07:42:31+00:00\",\"dateModified\":\"2026-04-12T03:04:40+00:00\",\"description\":\"At tr\u00e6ffe modige farvevalg er en proces, der kan tage tid. Vi foresl\u00e5r at du starter i det sm\u00e5 med en klassisk pendellampe med et lille twist. Den fine\",\"breadcrumb\":{\"@id\":\"https:\/\/hubsch-interior.com\/da\/vare\/solid-pendel-hvid-sand\/#breadcrumb\"},\"inLanguage\":\"da-DK\",\"potentialAction\":[{\"@type\":\"ReadAction\",\"target\":[\"https:\/\/hubsch-interior.com\/da\/vare\/solid-pendel-hvid-sand\/\"]}]},{\"@type\":\"ImageObject\",\"inLanguage\":\"da-DK\",\"@id\":\"https:\/\/hubsch-interior.com\/da\/vare\/solid-pendel-hvid-sand\/#primaryimage\",\"url\":\"https:\/\/hubsch-interior.com\/wp-content\/uploads\/2026\/02\/solid-pendant-lamp-whitesand-4ccfb964081214c7728b037446184d01.jpg\",\"contentUrl\":\"https:\/\/hubsch-interior.com\/wp-content\/uploads\/2026\/02\/solid-pendant-lamp-whitesand-4ccfb964081214c7728b037446184d01.jpg\",\"width\":1024,\"height\":1024},{\"@type\":\"BreadcrumbList\",\"@id\":\"https:\/\/hubsch-interior.com\/da\/vare\/solid-pendel-hvid-sand\/#breadcrumb\",\"itemListElement\":[{\"@type\":\"ListItem\",\"position\":1,\"name\":\"Forside\",\"item\":\"https:\/\/hubsch-interior.com\/da\/\"},{\"@type\":\"ListItem\",\"position\":2,\"name\":\"Produkter\",\"item\":\"https:\/\/hubsch-interior.com\/da\/produkter\/\"},{\"@type\":\"ListItem\",\"position\":3,\"name\":\"Belysning\",\"item\":\"https:\/\/hubsch-interior.com\/da\/vare-kategori\/belysning\/\"},{\"@type\":\"ListItem\",\"position\":4,\"name\":\"Loftslamper\",\"item\":\"https:\/\/hubsch-interior.com\/da\/vare-kategori\/belysning\/loftslamper-da\/\"},{\"@type\":\"ListItem\",\"position\":5,\"name\":\"Solid Pendel Hvid\/Sand\"}]},{\"@type\":\"WebSite\",\"@id\":\"https:\/\/hubsch-interior.com\/da\/#website\",\"url\":\"https:\/\/hubsch-interior.com\/da\/\",\"name\":\"H\u00fcbsch\",\"description\":\"Danish Home Interior and Design\",\"publisher\":{\"@id\":\"https:\/\/hubsch-interior.com\/da\/#organization\"},\"potentialAction\":[{\"@type\":\"SearchAction\",\"target\":{\"@type\":\"EntryPoint\",\"urlTemplate\":\"https:\/\/hubsch-interior.com\/da\/?s={search_term_string}\"},\"query-input\":{\"@type\":\"PropertyValueSpecification\",\"valueRequired\":true,\"valueName\":\"search_term_string\"}}],\"inLanguage\":\"da-DK\"},{\"@type\":\"Organization\",\"@id\":\"https:\/\/hubsch-interior.com\/da\/#organization\",\"name\":\"H\u00fcbsch\",\"url\":\"https:\/\/hubsch-interior.com\/da\/\",\"logo\":{\"@type\":\"ImageObject\",\"inLanguage\":\"da-DK\",\"@id\":\"https:\/\/hubsch-interior.com\/da\/#\/schema\/logo\/image\/\",\"url\":\"https:\/\/hubsch-interior.com\/wp-content\/uploads\/2022\/12\/Hubsch_logo_black_one_line.svg\",\"contentUrl\":\"https:\/\/hubsch-interior.com\/wp-content\/uploads\/2022\/12\/Hubsch_logo_black_one_line.svg\",\"caption\":\"H\u00fcbsch\"},\"image\":{\"@id\":\"https:\/\/hubsch-interior.com\/da\/#\/schema\/logo\/image\/\"}}]}<\/script>\n<!-- \/ Yoast SEO plugin. -->","yoast_head_json":{"title":"Solid Pendel Hvid\/Sand - H\u00fcbsch","description":"At tr\u00e6ffe modige farvevalg er en proces, der kan tage tid. Vi foresl\u00e5r at du starter i det sm\u00e5 med en klassisk pendellampe med et lille twist. Den fine","robots":{"index":"index","follow":"follow","max-snippet":"max-snippet:-1","max-image-preview":"max-image-preview:large","max-video-preview":"max-video-preview:-1"},"canonical":"https:\/\/hubsch-interior.com\/da\/wp-json\/wp\/v2\/product\/880821","og_locale":"da_DK","og_type":"article","og_title":"Solid Pendel Hvid\/Sand - H\u00fcbsch","og_description":"At tr\u00e6ffe modige farvevalg er en proces, der kan tage tid. Vi foresl\u00e5r at du starter i det sm\u00e5 med en klassisk pendellampe med et lille twist. Den fine","og_url":"https:\/\/hubsch-interior.com\/da\/vare\/solid-pendel-hvid-sand\/","og_site_name":"H\u00fcbsch","article_modified_time":"2026-04-12T03:04:40+00:00","og_image":[{"width":1200,"height":1200,"url":"https:\/\/hubsch-interior.com\/wp-content\/uploads\/2024\/05\/solid-pendant-lamp-whitesand-3b134ad897718c6f2ecc05a392f81240.jpg","type":"image\/jpeg"}],"twitter_card":"summary_large_image","schema":{"@context":"https:\/\/schema.org","@graph":[{"@type":"WebPage","@id":"https:\/\/hubsch-interior.com\/da\/vare\/solid-pendel-hvid-sand\/","url":"https:\/\/hubsch-interior.com\/da\/vare\/solid-pendel-hvid-sand\/","name":"Solid Pendel Hvid\/Sand - H\u00fcbsch","isPartOf":{"@id":"https:\/\/hubsch-interior.com\/da\/#website"},"primaryImageOfPage":{"@id":"https:\/\/hubsch-interior.com\/da\/vare\/solid-pendel-hvid-sand\/#primaryimage"},"image":{"@id":"https:\/\/hubsch-interior.com\/da\/vare\/solid-pendel-hvid-sand\/#primaryimage"},"thumbnailUrl":"https:\/\/hubsch-interior.com\/wp-content\/uploads\/2026\/02\/solid-pendant-lamp-whitesand-4ccfb964081214c7728b037446184d01.jpg","datePublished":"2023-02-20T07:42:31+00:00","dateModified":"2026-04-12T03:04:40+00:00","description":"At tr\u00e6ffe modige farvevalg er en proces, der kan tage tid. Vi foresl\u00e5r at du starter i det sm\u00e5 med en klassisk pendellampe med et lille twist. Den fine","breadcrumb":{"@id":"https:\/\/hubsch-interior.com\/da\/vare\/solid-pendel-hvid-sand\/#breadcrumb"},"inLanguage":"da-DK","potentialAction":[{"@type":"ReadAction","target":["https:\/\/hubsch-interior.com\/da\/vare\/solid-pendel-hvid-sand\/"]}]},{"@type":"ImageObject","inLanguage":"da-DK","@id":"https:\/\/hubsch-interior.com\/da\/vare\/solid-pendel-hvid-sand\/#primaryimage","url":"https:\/\/hubsch-interior.com\/wp-content\/uploads\/2026\/02\/solid-pendant-lamp-whitesand-4ccfb964081214c7728b037446184d01.jpg","contentUrl":"https:\/\/hubsch-interior.com\/wp-content\/uploads\/2026\/02\/solid-pendant-lamp-whitesand-4ccfb964081214c7728b037446184d01.jpg","width":1024,"height":1024},{"@type":"BreadcrumbList","@id":"https:\/\/hubsch-interior.com\/da\/vare\/solid-pendel-hvid-sand\/#breadcrumb","itemListElement":[{"@type":"ListItem","position":1,"name":"Forside","item":"https:\/\/hubsch-interior.com\/da\/"},{"@type":"ListItem","position":2,"name":"Produkter","item":"https:\/\/hubsch-interior.com\/da\/produkter\/"},{"@type":"ListItem","position":3,"name":"Belysning","item":"https:\/\/hubsch-interior.com\/da\/vare-kategori\/belysning\/"},{"@type":"ListItem","position":4,"name":"Loftslamper","item":"https:\/\/hubsch-interior.com\/da\/vare-kategori\/belysning\/loftslamper-da\/"},{"@type":"ListItem","position":5,"name":"Solid Pendel Hvid\/Sand"}]},{"@type":"WebSite","@id":"https:\/\/hubsch-interior.com\/da\/#website","url":"https:\/\/hubsch-interior.com\/da\/","name":"H\u00fcbsch","description":"Danish Home Interior and Design","publisher":{"@id":"https:\/\/hubsch-interior.com\/da\/#organization"},"potentialAction":[{"@type":"SearchAction","target":{"@type":"EntryPoint","urlTemplate":"https:\/\/hubsch-interior.com\/da\/?s={search_term_string}"},"query-input":{"@type":"PropertyValueSpecification","valueRequired":true,"valueName":"search_term_string"}}],"inLanguage":"da-DK"},{"@type":"Organization","@id":"https:\/\/hubsch-interior.com\/da\/#organization","name":"H\u00fcbsch","url":"https:\/\/hubsch-interior.com\/da\/","logo":{"@type":"ImageObject","inLanguage":"da-DK","@id":"https:\/\/hubsch-interior.com\/da\/#\/schema\/logo\/image\/","url":"https:\/\/hubsch-interior.com\/wp-content\/uploads\/2022\/12\/Hubsch_logo_black_one_line.svg","contentUrl":"https:\/\/hubsch-interior.com\/wp-content\/uploads\/2022\/12\/Hubsch_logo_black_one_line.svg","caption":"H\u00fcbsch"},"image":{"@id":"https:\/\/hubsch-interior.com\/da\/#\/schema\/logo\/image\/"}}]}},"_links":{"self":[{"href":"https:\/\/hubsch-interior.com\/da\/wp-json\/wp\/v2\/product\/880821","targetHints":{"allow":["GET"]}}],"collection":[{"href":"https:\/\/hubsch-interior.com\/da\/wp-json\/wp\/v2\/product"}],"about":[{"href":"https:\/\/hubsch-interior.com\/da\/wp-json\/wp\/v2\/types\/product"}],"wp:featuredmedia":[{"embeddable":true,"href":"https:\/\/hubsch-interior.com\/da\/wp-json\/wp\/v2\/media\/1106742"}],"wp:attachment":[{"href":"https:\/\/hubsch-interior.com\/da\/wp-json\/wp\/v2\/media?parent=880821"}],"wp:term":[{"taxonomy":"product_brand","embeddable":true,"href":"https:\/\/hubsch-interior.com\/da\/wp-json\/wp\/v2\/product_brand?post=880821"},{"taxonomy":"product_cat","embeddable":true,"href":"https:\/\/hubsch-interior.com\/da\/wp-json\/wp\/v2\/product_cat?post=880821"},{"taxonomy":"product_tag","embeddable":true,"href":"https:\/\/hubsch-interior.com\/da\/wp-json\/wp\/v2\/product_tag?post=880821"}],"curies":[{"name":"wp","href":"https:\/\/api.w.org\/{rel}","templated":true}]}}