{"id":880937,"date":"2023-02-20T08:42:55","date_gmt":"2023-02-20T07:42:55","guid":{"rendered":"https:\/\/hubsch-interior.com\/product\/product\/"},"modified":"2026-04-09T05:18:03","modified_gmt":"2026-04-09T03:18:03","slug":"astra-lysestage-small-bla-gron","status":"publish","type":"product","link":"https:\/\/hubsch-interior.com\/da\/vare\/astra-lysestage-small-bla-gron\/","title":{"rendered":"Astra Lysestage Small Bl\u00e5\/Gr\u00f8n"},"content":{"rendered":"<p>Forestil dig et smukt d\u00e6kket bord med det fineste keramik og levende lys. Forestil dig nu vores sk\u00f8nne lysestage i bl\u00e5- og gr\u00f8nfarvet krystalglas p\u00e5 bordet &#8211; m\u00e5ske flere&#8230; S\u00e5 fint ikke sandt? Denne lille sk\u00f8nhed fylder m\u00e5ske ikke s\u00e5 meget, men i det store hele er den en stor stemningsskaber.<\/p>\n","protected":false},"excerpt":{"rendered":"<p>Forestil dig et smukt d\u00e6kket bord med det fineste keramik og levende lys. Forestil dig nu vores sk\u00f8nne lysestage i bl\u00e5- og gr\u00f8nfarvet krystalglas p\u00e5 bordet &#8211; m\u00e5ske flere&#8230; S\u00e5 fint ikke sandt? Denne lille sk\u00f8nhed fylder m\u00e5ske ikke s\u00e5 meget, men i det store hele er den en stor stemningsskaber.<\/p>\n","protected":false},"featured_media":1113420,"template":"","meta":{"_acf_changed":false,"inline_featured_image":false},"product_brand":[],"product_cat":[6970,6581,4063,4064,5025,6517],"product_tag":[],"class_list":{"0":"post-880937","1":"product","2":"type-product","3":"status-publish","4":"has-post-thumbnail","6":"product_cat-paaskeudsalg","7":"product_cat-rekindle-collection-da","8":"product_cat-lysestager-lanterner-da","9":"product_cat-lysestager-da","10":"product_cat-bestsellers-da","11":"product_cat-outlet-da","12":"product_shipping_class-pk","14":"pa_color-bl","15":"pa_color-grn","16":"pa_material-krystal-da","18":"first","19":"instock","20":"sale","21":"featured","22":"taxable","23":"shipping-taxable","24":"purchasable","25":"product-type-simple"},"exclude_global_add_ons":[],"addons":[],"acf":[],"yoast_head":"<!-- This site is optimized with the Yoast SEO plugin v26.4 - https:\/\/yoast.com\/wordpress\/plugins\/seo\/ -->\n<title>Astra Lysestage Small Bl\u00e5\/Gr\u00f8n - H\u00fcbsch<\/title>\n<meta name=\"description\" content=\"Forestil dig et smukt d\u00e6kket bord med det fineste keramik og levende lys. Forestil dig nu vores sk\u00f8nne lysestage i bl\u00e5- og gr\u00f8nfarvet krystalglas p\u00e5\" \/>\n<meta name=\"robots\" content=\"index, follow, max-snippet:-1, max-image-preview:large, max-video-preview:-1\" \/>\n<link rel=\"canonical\" href=\"https:\/\/hubsch-interior.com\/da\/wp-json\/wp\/v2\/product\/880937\" \/>\n<meta property=\"og:locale\" content=\"da_DK\" \/>\n<meta property=\"og:type\" content=\"article\" \/>\n<meta property=\"og:title\" content=\"Astra Lysestage Small Bl\u00e5\/Gr\u00f8n - H\u00fcbsch\" \/>\n<meta property=\"og:description\" content=\"Forestil dig et smukt d\u00e6kket bord med det fineste keramik og levende lys. Forestil dig nu vores sk\u00f8nne lysestage i bl\u00e5- og gr\u00f8nfarvet krystalglas p\u00e5\" \/>\n<meta property=\"og:url\" content=\"https:\/\/hubsch-interior.com\/da\/vare\/astra-lysestage-small-bla-gron\/\" \/>\n<meta property=\"og:site_name\" content=\"H\u00fcbsch\" \/>\n<meta property=\"article:modified_time\" content=\"2026-04-09T03:18:03+00:00\" \/>\n<meta property=\"og:image\" content=\"https:\/\/hubsch-interior.com\/wp-content\/uploads\/2025\/05\/astra-candleholder-small-bluegreen-47eed6377286d64fc80a57209c4464b4.jpg\" \/>\n\t<meta property=\"og:image:width\" content=\"1200\" \/>\n\t<meta property=\"og:image:height\" content=\"1200\" \/>\n\t<meta property=\"og:image:type\" content=\"image\/jpeg\" \/>\n<meta name=\"twitter:card\" content=\"summary_large_image\" \/>\n<script type=\"application\/ld+json\" class=\"yoast-schema-graph\">{\"@context\":\"https:\/\/schema.org\",\"@graph\":[{\"@type\":\"WebPage\",\"@id\":\"https:\/\/hubsch-interior.com\/da\/vare\/astra-lysestage-small-bla-gron\/\",\"url\":\"https:\/\/hubsch-interior.com\/da\/vare\/astra-lysestage-small-bla-gron\/\",\"name\":\"Astra Lysestage Small Bl\u00e5\/Gr\u00f8n - H\u00fcbsch\",\"isPartOf\":{\"@id\":\"https:\/\/hubsch-interior.com\/da\/#website\"},\"primaryImageOfPage\":{\"@id\":\"https:\/\/hubsch-interior.com\/da\/vare\/astra-lysestage-small-bla-gron\/#primaryimage\"},\"image\":{\"@id\":\"https:\/\/hubsch-interior.com\/da\/vare\/astra-lysestage-small-bla-gron\/#primaryimage\"},\"thumbnailUrl\":\"https:\/\/hubsch-interior.com\/wp-content\/uploads\/2026\/02\/astra-candleholder-small-bluegreen-7c4ca4f50e6abd29d546cf1c644b1bdd.jpg\",\"datePublished\":\"2023-02-20T07:42:55+00:00\",\"dateModified\":\"2026-04-09T03:18:03+00:00\",\"description\":\"Forestil dig et smukt d\u00e6kket bord med det fineste keramik og levende lys. Forestil dig nu vores sk\u00f8nne lysestage i bl\u00e5- og gr\u00f8nfarvet krystalglas p\u00e5\",\"breadcrumb\":{\"@id\":\"https:\/\/hubsch-interior.com\/da\/vare\/astra-lysestage-small-bla-gron\/#breadcrumb\"},\"inLanguage\":\"da-DK\",\"potentialAction\":[{\"@type\":\"ReadAction\",\"target\":[\"https:\/\/hubsch-interior.com\/da\/vare\/astra-lysestage-small-bla-gron\/\"]}]},{\"@type\":\"ImageObject\",\"inLanguage\":\"da-DK\",\"@id\":\"https:\/\/hubsch-interior.com\/da\/vare\/astra-lysestage-small-bla-gron\/#primaryimage\",\"url\":\"https:\/\/hubsch-interior.com\/wp-content\/uploads\/2026\/02\/astra-candleholder-small-bluegreen-7c4ca4f50e6abd29d546cf1c644b1bdd.jpg\",\"contentUrl\":\"https:\/\/hubsch-interior.com\/wp-content\/uploads\/2026\/02\/astra-candleholder-small-bluegreen-7c4ca4f50e6abd29d546cf1c644b1bdd.jpg\",\"width\":1024,\"height\":1024},{\"@type\":\"BreadcrumbList\",\"@id\":\"https:\/\/hubsch-interior.com\/da\/vare\/astra-lysestage-small-bla-gron\/#breadcrumb\",\"itemListElement\":[{\"@type\":\"ListItem\",\"position\":1,\"name\":\"Forside\",\"item\":\"https:\/\/hubsch-interior.com\/da\/\"},{\"@type\":\"ListItem\",\"position\":2,\"name\":\"Produkter\",\"item\":\"https:\/\/hubsch-interior.com\/da\/produkter\/\"},{\"@type\":\"ListItem\",\"position\":3,\"name\":\"Boligtilbeh\u00f8r\",\"item\":\"https:\/\/hubsch-interior.com\/da\/vare-kategori\/boligtilbehor\/\"},{\"@type\":\"ListItem\",\"position\":4,\"name\":\"Lysestager &amp; Lanterner\",\"item\":\"https:\/\/hubsch-interior.com\/da\/vare-kategori\/boligtilbehor\/lysestager-lanterner-da\/\"},{\"@type\":\"ListItem\",\"position\":5,\"name\":\"Lysestager\",\"item\":\"https:\/\/hubsch-interior.com\/da\/vare-kategori\/boligtilbehor\/lysestager-lanterner-da\/lysestager-da\/\"},{\"@type\":\"ListItem\",\"position\":6,\"name\":\"Astra Lysestage Small Bl\u00e5\/Gr\u00f8n\"}]},{\"@type\":\"WebSite\",\"@id\":\"https:\/\/hubsch-interior.com\/da\/#website\",\"url\":\"https:\/\/hubsch-interior.com\/da\/\",\"name\":\"H\u00fcbsch\",\"description\":\"Danish Home Interior and Design\",\"publisher\":{\"@id\":\"https:\/\/hubsch-interior.com\/da\/#organization\"},\"potentialAction\":[{\"@type\":\"SearchAction\",\"target\":{\"@type\":\"EntryPoint\",\"urlTemplate\":\"https:\/\/hubsch-interior.com\/da\/?s={search_term_string}\"},\"query-input\":{\"@type\":\"PropertyValueSpecification\",\"valueRequired\":true,\"valueName\":\"search_term_string\"}}],\"inLanguage\":\"da-DK\"},{\"@type\":\"Organization\",\"@id\":\"https:\/\/hubsch-interior.com\/da\/#organization\",\"name\":\"H\u00fcbsch\",\"url\":\"https:\/\/hubsch-interior.com\/da\/\",\"logo\":{\"@type\":\"ImageObject\",\"inLanguage\":\"da-DK\",\"@id\":\"https:\/\/hubsch-interior.com\/da\/#\/schema\/logo\/image\/\",\"url\":\"https:\/\/hubsch-interior.com\/wp-content\/uploads\/2022\/12\/Hubsch_logo_black_one_line.svg\",\"contentUrl\":\"https:\/\/hubsch-interior.com\/wp-content\/uploads\/2022\/12\/Hubsch_logo_black_one_line.svg\",\"caption\":\"H\u00fcbsch\"},\"image\":{\"@id\":\"https:\/\/hubsch-interior.com\/da\/#\/schema\/logo\/image\/\"}}]}<\/script>\n<!-- \/ Yoast SEO plugin. -->","yoast_head_json":{"title":"Astra Lysestage Small Bl\u00e5\/Gr\u00f8n - H\u00fcbsch","description":"Forestil dig et smukt d\u00e6kket bord med det fineste keramik og levende lys. Forestil dig nu vores sk\u00f8nne lysestage i bl\u00e5- og gr\u00f8nfarvet krystalglas p\u00e5","robots":{"index":"index","follow":"follow","max-snippet":"max-snippet:-1","max-image-preview":"max-image-preview:large","max-video-preview":"max-video-preview:-1"},"canonical":"https:\/\/hubsch-interior.com\/da\/wp-json\/wp\/v2\/product\/880937","og_locale":"da_DK","og_type":"article","og_title":"Astra Lysestage Small Bl\u00e5\/Gr\u00f8n - H\u00fcbsch","og_description":"Forestil dig et smukt d\u00e6kket bord med det fineste keramik og levende lys. Forestil dig nu vores sk\u00f8nne lysestage i bl\u00e5- og gr\u00f8nfarvet krystalglas p\u00e5","og_url":"https:\/\/hubsch-interior.com\/da\/vare\/astra-lysestage-small-bla-gron\/","og_site_name":"H\u00fcbsch","article_modified_time":"2026-04-09T03:18:03+00:00","og_image":[{"width":1200,"height":1200,"url":"https:\/\/hubsch-interior.com\/wp-content\/uploads\/2025\/05\/astra-candleholder-small-bluegreen-47eed6377286d64fc80a57209c4464b4.jpg","type":"image\/jpeg"}],"twitter_card":"summary_large_image","schema":{"@context":"https:\/\/schema.org","@graph":[{"@type":"WebPage","@id":"https:\/\/hubsch-interior.com\/da\/vare\/astra-lysestage-small-bla-gron\/","url":"https:\/\/hubsch-interior.com\/da\/vare\/astra-lysestage-small-bla-gron\/","name":"Astra Lysestage Small Bl\u00e5\/Gr\u00f8n - H\u00fcbsch","isPartOf":{"@id":"https:\/\/hubsch-interior.com\/da\/#website"},"primaryImageOfPage":{"@id":"https:\/\/hubsch-interior.com\/da\/vare\/astra-lysestage-small-bla-gron\/#primaryimage"},"image":{"@id":"https:\/\/hubsch-interior.com\/da\/vare\/astra-lysestage-small-bla-gron\/#primaryimage"},"thumbnailUrl":"https:\/\/hubsch-interior.com\/wp-content\/uploads\/2026\/02\/astra-candleholder-small-bluegreen-7c4ca4f50e6abd29d546cf1c644b1bdd.jpg","datePublished":"2023-02-20T07:42:55+00:00","dateModified":"2026-04-09T03:18:03+00:00","description":"Forestil dig et smukt d\u00e6kket bord med det fineste keramik og levende lys. Forestil dig nu vores sk\u00f8nne lysestage i bl\u00e5- og gr\u00f8nfarvet krystalglas p\u00e5","breadcrumb":{"@id":"https:\/\/hubsch-interior.com\/da\/vare\/astra-lysestage-small-bla-gron\/#breadcrumb"},"inLanguage":"da-DK","potentialAction":[{"@type":"ReadAction","target":["https:\/\/hubsch-interior.com\/da\/vare\/astra-lysestage-small-bla-gron\/"]}]},{"@type":"ImageObject","inLanguage":"da-DK","@id":"https:\/\/hubsch-interior.com\/da\/vare\/astra-lysestage-small-bla-gron\/#primaryimage","url":"https:\/\/hubsch-interior.com\/wp-content\/uploads\/2026\/02\/astra-candleholder-small-bluegreen-7c4ca4f50e6abd29d546cf1c644b1bdd.jpg","contentUrl":"https:\/\/hubsch-interior.com\/wp-content\/uploads\/2026\/02\/astra-candleholder-small-bluegreen-7c4ca4f50e6abd29d546cf1c644b1bdd.jpg","width":1024,"height":1024},{"@type":"BreadcrumbList","@id":"https:\/\/hubsch-interior.com\/da\/vare\/astra-lysestage-small-bla-gron\/#breadcrumb","itemListElement":[{"@type":"ListItem","position":1,"name":"Forside","item":"https:\/\/hubsch-interior.com\/da\/"},{"@type":"ListItem","position":2,"name":"Produkter","item":"https:\/\/hubsch-interior.com\/da\/produkter\/"},{"@type":"ListItem","position":3,"name":"Boligtilbeh\u00f8r","item":"https:\/\/hubsch-interior.com\/da\/vare-kategori\/boligtilbehor\/"},{"@type":"ListItem","position":4,"name":"Lysestager &amp; Lanterner","item":"https:\/\/hubsch-interior.com\/da\/vare-kategori\/boligtilbehor\/lysestager-lanterner-da\/"},{"@type":"ListItem","position":5,"name":"Lysestager","item":"https:\/\/hubsch-interior.com\/da\/vare-kategori\/boligtilbehor\/lysestager-lanterner-da\/lysestager-da\/"},{"@type":"ListItem","position":6,"name":"Astra Lysestage Small Bl\u00e5\/Gr\u00f8n"}]},{"@type":"WebSite","@id":"https:\/\/hubsch-interior.com\/da\/#website","url":"https:\/\/hubsch-interior.com\/da\/","name":"H\u00fcbsch","description":"Danish Home Interior and Design","publisher":{"@id":"https:\/\/hubsch-interior.com\/da\/#organization"},"potentialAction":[{"@type":"SearchAction","target":{"@type":"EntryPoint","urlTemplate":"https:\/\/hubsch-interior.com\/da\/?s={search_term_string}"},"query-input":{"@type":"PropertyValueSpecification","valueRequired":true,"valueName":"search_term_string"}}],"inLanguage":"da-DK"},{"@type":"Organization","@id":"https:\/\/hubsch-interior.com\/da\/#organization","name":"H\u00fcbsch","url":"https:\/\/hubsch-interior.com\/da\/","logo":{"@type":"ImageObject","inLanguage":"da-DK","@id":"https:\/\/hubsch-interior.com\/da\/#\/schema\/logo\/image\/","url":"https:\/\/hubsch-interior.com\/wp-content\/uploads\/2022\/12\/Hubsch_logo_black_one_line.svg","contentUrl":"https:\/\/hubsch-interior.com\/wp-content\/uploads\/2022\/12\/Hubsch_logo_black_one_line.svg","caption":"H\u00fcbsch"},"image":{"@id":"https:\/\/hubsch-interior.com\/da\/#\/schema\/logo\/image\/"}}]}},"_links":{"self":[{"href":"https:\/\/hubsch-interior.com\/da\/wp-json\/wp\/v2\/product\/880937","targetHints":{"allow":["GET"]}}],"collection":[{"href":"https:\/\/hubsch-interior.com\/da\/wp-json\/wp\/v2\/product"}],"about":[{"href":"https:\/\/hubsch-interior.com\/da\/wp-json\/wp\/v2\/types\/product"}],"wp:featuredmedia":[{"embeddable":true,"href":"https:\/\/hubsch-interior.com\/da\/wp-json\/wp\/v2\/media\/1113420"}],"wp:attachment":[{"href":"https:\/\/hubsch-interior.com\/da\/wp-json\/wp\/v2\/media?parent=880937"}],"wp:term":[{"taxonomy":"product_brand","embeddable":true,"href":"https:\/\/hubsch-interior.com\/da\/wp-json\/wp\/v2\/product_brand?post=880937"},{"taxonomy":"product_cat","embeddable":true,"href":"https:\/\/hubsch-interior.com\/da\/wp-json\/wp\/v2\/product_cat?post=880937"},{"taxonomy":"product_tag","embeddable":true,"href":"https:\/\/hubsch-interior.com\/da\/wp-json\/wp\/v2\/product_tag?post=880937"}],"curies":[{"name":"wp","href":"https:\/\/api.w.org\/{rel}","templated":true}]}}