{"id":880977,"date":"2023-02-20T08:43:03","date_gmt":"2023-02-20T07:43:03","guid":{"rendered":"https:\/\/hubsch-interior.com\/product\/product\/"},"modified":"2026-04-05T05:21:31","modified_gmt":"2026-04-05T03:21:31","slug":"district-opbevaringskasse-small-brun-gul","status":"publish","type":"product","link":"https:\/\/hubsch-interior.com\/da\/vare\/district-opbevaringskasse-small-brun-gul\/","title":{"rendered":"District Opbevaringskasse Small Brun\/Gul"},"content":{"rendered":"<p>Her en en lille opbevaringssk\u00f8nhed til kontoret eller badev\u00e6relset. Denne fine opbevaringsbeholder er det perfekte gemmested til papirclips, blyantspidsere eller viskel\u00e6dere. Du kan ogs\u00e5 bruge den til eller syting, hvis du er vil med syning. Denne fine opbevaringsbeholder i brun og gul er det perfekte sted at opbevare fingerb\u00f8l, n\u00e5le eller knapper. <\/p>\n","protected":false},"excerpt":{"rendered":"<p>Her en en lille opbevaringssk\u00f8nhed til kontoret eller badev\u00e6relset. Denne fine opbevaringsbeholder er det perfekte gemmested til papirclips, blyantspidsere eller viskel\u00e6dere. Du kan ogs\u00e5 bruge den til eller syting, hvis du er vil med syning. Denne fine opbevaringsbeholder i brun og gul er det perfekte sted at opbevare fingerb\u00f8l, n\u00e5le eller knapper.<\/p>\n","protected":false},"featured_media":1110723,"template":"","meta":{"_acf_changed":false,"inline_featured_image":false},"product_brand":[],"product_cat":[6581,3109,3427,4151,4959],"product_tag":[],"class_list":{"0":"post-880977","1":"product","2":"type-product","3":"status-publish","4":"has-post-thumbnail","6":"product_cat-rekindle-collection-da","7":"product_cat-opbevaring-da","8":"product_cat-krukker-da","9":"product_cat-kontor-da","10":"product_cat-opbevaringskasser-da","11":"product_shipping_class-pk","13":"pa_color-brun","14":"pa_color-gul","15":"pa_material-jern-da","17":"first","18":"instock","19":"taxable","20":"shipping-taxable","21":"purchasable","22":"product-type-simple"},"exclude_global_add_ons":[],"addons":[],"acf":[],"yoast_head":"<!-- This site is optimized with the Yoast SEO plugin v26.4 - https:\/\/yoast.com\/wordpress\/plugins\/seo\/ -->\n<title>District Opbevaringskasse Small Brun\/Gul - H\u00fcbsch<\/title>\n<meta name=\"description\" content=\"Her en en lille opbevaringssk\u00f8nhed til kontoret eller badev\u00e6relset. Denne fine opbevaringsbeholder er det perfekte gemmested til papirclips,\" \/>\n<meta name=\"robots\" content=\"index, follow, max-snippet:-1, max-image-preview:large, max-video-preview:-1\" \/>\n<link rel=\"canonical\" href=\"https:\/\/hubsch-interior.com\/da\/wp-json\/wp\/v2\/product\/880977\" \/>\n<meta property=\"og:locale\" content=\"da_DK\" \/>\n<meta property=\"og:type\" content=\"article\" \/>\n<meta property=\"og:title\" content=\"District Opbevaringskasse Small Brun\/Gul - H\u00fcbsch\" \/>\n<meta property=\"og:description\" content=\"Her en en lille opbevaringssk\u00f8nhed til kontoret eller badev\u00e6relset. Denne fine opbevaringsbeholder er det perfekte gemmested til papirclips,\" \/>\n<meta property=\"og:url\" content=\"https:\/\/hubsch-interior.com\/da\/vare\/district-opbevaringskasse-small-brun-gul\/\" \/>\n<meta property=\"og:site_name\" content=\"H\u00fcbsch\" \/>\n<meta property=\"article:modified_time\" content=\"2026-04-05T03:21:31+00:00\" \/>\n<meta property=\"og:image\" content=\"https:\/\/hubsch-interior.com\/wp-content\/uploads\/2026\/02\/district-storage-box-small-brownyellow-793fc874cfe3cf3e7a5c90a2fa870756.jpg\" \/>\n\t<meta property=\"og:image:width\" content=\"1024\" \/>\n\t<meta property=\"og:image:height\" content=\"1024\" \/>\n\t<meta property=\"og:image:type\" content=\"image\/jpeg\" \/>\n<meta name=\"twitter:card\" content=\"summary_large_image\" \/>\n<script type=\"application\/ld+json\" class=\"yoast-schema-graph\">{\"@context\":\"https:\/\/schema.org\",\"@graph\":[{\"@type\":\"WebPage\",\"@id\":\"https:\/\/hubsch-interior.com\/da\/vare\/district-opbevaringskasse-small-brun-gul\/\",\"url\":\"https:\/\/hubsch-interior.com\/da\/vare\/district-opbevaringskasse-small-brun-gul\/\",\"name\":\"District Opbevaringskasse Small Brun\/Gul - H\u00fcbsch\",\"isPartOf\":{\"@id\":\"https:\/\/hubsch-interior.com\/da\/#website\"},\"primaryImageOfPage\":{\"@id\":\"https:\/\/hubsch-interior.com\/da\/vare\/district-opbevaringskasse-small-brun-gul\/#primaryimage\"},\"image\":{\"@id\":\"https:\/\/hubsch-interior.com\/da\/vare\/district-opbevaringskasse-small-brun-gul\/#primaryimage\"},\"thumbnailUrl\":\"https:\/\/hubsch-interior.com\/wp-content\/uploads\/2026\/02\/district-storage-box-small-brownyellow-793fc874cfe3cf3e7a5c90a2fa870756.jpg\",\"datePublished\":\"2023-02-20T07:43:03+00:00\",\"dateModified\":\"2026-04-05T03:21:31+00:00\",\"description\":\"Her en en lille opbevaringssk\u00f8nhed til kontoret eller badev\u00e6relset. Denne fine opbevaringsbeholder er det perfekte gemmested til papirclips,\",\"breadcrumb\":{\"@id\":\"https:\/\/hubsch-interior.com\/da\/vare\/district-opbevaringskasse-small-brun-gul\/#breadcrumb\"},\"inLanguage\":\"da-DK\",\"potentialAction\":[{\"@type\":\"ReadAction\",\"target\":[\"https:\/\/hubsch-interior.com\/da\/vare\/district-opbevaringskasse-small-brun-gul\/\"]}]},{\"@type\":\"ImageObject\",\"inLanguage\":\"da-DK\",\"@id\":\"https:\/\/hubsch-interior.com\/da\/vare\/district-opbevaringskasse-small-brun-gul\/#primaryimage\",\"url\":\"https:\/\/hubsch-interior.com\/wp-content\/uploads\/2026\/02\/district-storage-box-small-brownyellow-793fc874cfe3cf3e7a5c90a2fa870756.jpg\",\"contentUrl\":\"https:\/\/hubsch-interior.com\/wp-content\/uploads\/2026\/02\/district-storage-box-small-brownyellow-793fc874cfe3cf3e7a5c90a2fa870756.jpg\",\"width\":1024,\"height\":1024},{\"@type\":\"BreadcrumbList\",\"@id\":\"https:\/\/hubsch-interior.com\/da\/vare\/district-opbevaringskasse-small-brun-gul\/#breadcrumb\",\"itemListElement\":[{\"@type\":\"ListItem\",\"position\":1,\"name\":\"Forside\",\"item\":\"https:\/\/hubsch-interior.com\/da\/\"},{\"@type\":\"ListItem\",\"position\":2,\"name\":\"Produkter\",\"item\":\"https:\/\/hubsch-interior.com\/da\/produkter\/\"},{\"@type\":\"ListItem\",\"position\":3,\"name\":\"Boligtilbeh\u00f8r\",\"item\":\"https:\/\/hubsch-interior.com\/da\/vare-kategori\/boligtilbehor\/\"},{\"@type\":\"ListItem\",\"position\":4,\"name\":\"Opbevaring\",\"item\":\"https:\/\/hubsch-interior.com\/da\/vare-kategori\/boligtilbehor\/opbevaring-da\/\"},{\"@type\":\"ListItem\",\"position\":5,\"name\":\"Krukker\",\"item\":\"https:\/\/hubsch-interior.com\/da\/vare-kategori\/boligtilbehor\/opbevaring-da\/krukker-da\/\"},{\"@type\":\"ListItem\",\"position\":6,\"name\":\"District Opbevaringskasse Small Brun\/Gul\"}]},{\"@type\":\"WebSite\",\"@id\":\"https:\/\/hubsch-interior.com\/da\/#website\",\"url\":\"https:\/\/hubsch-interior.com\/da\/\",\"name\":\"H\u00fcbsch\",\"description\":\"Danish Home Interior and Design\",\"publisher\":{\"@id\":\"https:\/\/hubsch-interior.com\/da\/#organization\"},\"potentialAction\":[{\"@type\":\"SearchAction\",\"target\":{\"@type\":\"EntryPoint\",\"urlTemplate\":\"https:\/\/hubsch-interior.com\/da\/?s={search_term_string}\"},\"query-input\":{\"@type\":\"PropertyValueSpecification\",\"valueRequired\":true,\"valueName\":\"search_term_string\"}}],\"inLanguage\":\"da-DK\"},{\"@type\":\"Organization\",\"@id\":\"https:\/\/hubsch-interior.com\/da\/#organization\",\"name\":\"H\u00fcbsch\",\"url\":\"https:\/\/hubsch-interior.com\/da\/\",\"logo\":{\"@type\":\"ImageObject\",\"inLanguage\":\"da-DK\",\"@id\":\"https:\/\/hubsch-interior.com\/da\/#\/schema\/logo\/image\/\",\"url\":\"https:\/\/hubsch-interior.com\/wp-content\/uploads\/2022\/12\/Hubsch_logo_black_one_line.svg\",\"contentUrl\":\"https:\/\/hubsch-interior.com\/wp-content\/uploads\/2022\/12\/Hubsch_logo_black_one_line.svg\",\"caption\":\"H\u00fcbsch\"},\"image\":{\"@id\":\"https:\/\/hubsch-interior.com\/da\/#\/schema\/logo\/image\/\"}}]}<\/script>\n<!-- \/ Yoast SEO plugin. -->","yoast_head_json":{"title":"District Opbevaringskasse Small Brun\/Gul - H\u00fcbsch","description":"Her en en lille opbevaringssk\u00f8nhed til kontoret eller badev\u00e6relset. Denne fine opbevaringsbeholder er det perfekte gemmested til papirclips,","robots":{"index":"index","follow":"follow","max-snippet":"max-snippet:-1","max-image-preview":"max-image-preview:large","max-video-preview":"max-video-preview:-1"},"canonical":"https:\/\/hubsch-interior.com\/da\/wp-json\/wp\/v2\/product\/880977","og_locale":"da_DK","og_type":"article","og_title":"District Opbevaringskasse Small Brun\/Gul - H\u00fcbsch","og_description":"Her en en lille opbevaringssk\u00f8nhed til kontoret eller badev\u00e6relset. Denne fine opbevaringsbeholder er det perfekte gemmested til papirclips,","og_url":"https:\/\/hubsch-interior.com\/da\/vare\/district-opbevaringskasse-small-brun-gul\/","og_site_name":"H\u00fcbsch","article_modified_time":"2026-04-05T03:21:31+00:00","og_image":[{"width":1024,"height":1024,"url":"https:\/\/hubsch-interior.com\/wp-content\/uploads\/2026\/02\/district-storage-box-small-brownyellow-793fc874cfe3cf3e7a5c90a2fa870756.jpg","type":"image\/jpeg"}],"twitter_card":"summary_large_image","schema":{"@context":"https:\/\/schema.org","@graph":[{"@type":"WebPage","@id":"https:\/\/hubsch-interior.com\/da\/vare\/district-opbevaringskasse-small-brun-gul\/","url":"https:\/\/hubsch-interior.com\/da\/vare\/district-opbevaringskasse-small-brun-gul\/","name":"District Opbevaringskasse Small Brun\/Gul - H\u00fcbsch","isPartOf":{"@id":"https:\/\/hubsch-interior.com\/da\/#website"},"primaryImageOfPage":{"@id":"https:\/\/hubsch-interior.com\/da\/vare\/district-opbevaringskasse-small-brun-gul\/#primaryimage"},"image":{"@id":"https:\/\/hubsch-interior.com\/da\/vare\/district-opbevaringskasse-small-brun-gul\/#primaryimage"},"thumbnailUrl":"https:\/\/hubsch-interior.com\/wp-content\/uploads\/2026\/02\/district-storage-box-small-brownyellow-793fc874cfe3cf3e7a5c90a2fa870756.jpg","datePublished":"2023-02-20T07:43:03+00:00","dateModified":"2026-04-05T03:21:31+00:00","description":"Her en en lille opbevaringssk\u00f8nhed til kontoret eller badev\u00e6relset. Denne fine opbevaringsbeholder er det perfekte gemmested til papirclips,","breadcrumb":{"@id":"https:\/\/hubsch-interior.com\/da\/vare\/district-opbevaringskasse-small-brun-gul\/#breadcrumb"},"inLanguage":"da-DK","potentialAction":[{"@type":"ReadAction","target":["https:\/\/hubsch-interior.com\/da\/vare\/district-opbevaringskasse-small-brun-gul\/"]}]},{"@type":"ImageObject","inLanguage":"da-DK","@id":"https:\/\/hubsch-interior.com\/da\/vare\/district-opbevaringskasse-small-brun-gul\/#primaryimage","url":"https:\/\/hubsch-interior.com\/wp-content\/uploads\/2026\/02\/district-storage-box-small-brownyellow-793fc874cfe3cf3e7a5c90a2fa870756.jpg","contentUrl":"https:\/\/hubsch-interior.com\/wp-content\/uploads\/2026\/02\/district-storage-box-small-brownyellow-793fc874cfe3cf3e7a5c90a2fa870756.jpg","width":1024,"height":1024},{"@type":"BreadcrumbList","@id":"https:\/\/hubsch-interior.com\/da\/vare\/district-opbevaringskasse-small-brun-gul\/#breadcrumb","itemListElement":[{"@type":"ListItem","position":1,"name":"Forside","item":"https:\/\/hubsch-interior.com\/da\/"},{"@type":"ListItem","position":2,"name":"Produkter","item":"https:\/\/hubsch-interior.com\/da\/produkter\/"},{"@type":"ListItem","position":3,"name":"Boligtilbeh\u00f8r","item":"https:\/\/hubsch-interior.com\/da\/vare-kategori\/boligtilbehor\/"},{"@type":"ListItem","position":4,"name":"Opbevaring","item":"https:\/\/hubsch-interior.com\/da\/vare-kategori\/boligtilbehor\/opbevaring-da\/"},{"@type":"ListItem","position":5,"name":"Krukker","item":"https:\/\/hubsch-interior.com\/da\/vare-kategori\/boligtilbehor\/opbevaring-da\/krukker-da\/"},{"@type":"ListItem","position":6,"name":"District Opbevaringskasse Small Brun\/Gul"}]},{"@type":"WebSite","@id":"https:\/\/hubsch-interior.com\/da\/#website","url":"https:\/\/hubsch-interior.com\/da\/","name":"H\u00fcbsch","description":"Danish Home Interior and Design","publisher":{"@id":"https:\/\/hubsch-interior.com\/da\/#organization"},"potentialAction":[{"@type":"SearchAction","target":{"@type":"EntryPoint","urlTemplate":"https:\/\/hubsch-interior.com\/da\/?s={search_term_string}"},"query-input":{"@type":"PropertyValueSpecification","valueRequired":true,"valueName":"search_term_string"}}],"inLanguage":"da-DK"},{"@type":"Organization","@id":"https:\/\/hubsch-interior.com\/da\/#organization","name":"H\u00fcbsch","url":"https:\/\/hubsch-interior.com\/da\/","logo":{"@type":"ImageObject","inLanguage":"da-DK","@id":"https:\/\/hubsch-interior.com\/da\/#\/schema\/logo\/image\/","url":"https:\/\/hubsch-interior.com\/wp-content\/uploads\/2022\/12\/Hubsch_logo_black_one_line.svg","contentUrl":"https:\/\/hubsch-interior.com\/wp-content\/uploads\/2022\/12\/Hubsch_logo_black_one_line.svg","caption":"H\u00fcbsch"},"image":{"@id":"https:\/\/hubsch-interior.com\/da\/#\/schema\/logo\/image\/"}}]}},"_links":{"self":[{"href":"https:\/\/hubsch-interior.com\/da\/wp-json\/wp\/v2\/product\/880977","targetHints":{"allow":["GET"]}}],"collection":[{"href":"https:\/\/hubsch-interior.com\/da\/wp-json\/wp\/v2\/product"}],"about":[{"href":"https:\/\/hubsch-interior.com\/da\/wp-json\/wp\/v2\/types\/product"}],"wp:featuredmedia":[{"embeddable":true,"href":"https:\/\/hubsch-interior.com\/da\/wp-json\/wp\/v2\/media\/1110723"}],"wp:attachment":[{"href":"https:\/\/hubsch-interior.com\/da\/wp-json\/wp\/v2\/media?parent=880977"}],"wp:term":[{"taxonomy":"product_brand","embeddable":true,"href":"https:\/\/hubsch-interior.com\/da\/wp-json\/wp\/v2\/product_brand?post=880977"},{"taxonomy":"product_cat","embeddable":true,"href":"https:\/\/hubsch-interior.com\/da\/wp-json\/wp\/v2\/product_cat?post=880977"},{"taxonomy":"product_tag","embeddable":true,"href":"https:\/\/hubsch-interior.com\/da\/wp-json\/wp\/v2\/product_tag?post=880977"}],"curies":[{"name":"wp","href":"https:\/\/api.w.org\/{rel}","templated":true}]}}