{"id":881061,"date":"2023-02-20T08:43:17","date_gmt":"2023-02-20T07:43:17","guid":{"rendered":"https:\/\/hubsch-interior.com\/product\/product\/"},"modified":"2026-04-09T05:18:11","modified_gmt":"2026-04-09T03:18:11","slug":"district-opbevaringsbakke-rund-lysegra","status":"publish","type":"product","link":"https:\/\/hubsch-interior.com\/da\/vare\/district-opbevaringsbakke-rund-lysegra\/","title":{"rendered":"District Opbevaringsbakke Rund Lysegr\u00e5"},"content":{"rendered":"<p>Er du mon liges\u00e5 passioneret, som os, omkring sm\u00e5 nyttige ting, som g\u00f8r dit liv lettere? F.eks. denne lille beholder til papirklips, tegnestifter eller andet, som man altid lige mangler, n\u00e5r man har brug for det? S\u00e5 er denne sandfarvede beholder i pulverlakeret jern en rigtig fin l\u00f8sning. Den er fin til kontoret, b\u00f8rnev\u00e6relset eller i k\u00f8kkenet, hvis du er ejer af en god gammeldags opslagstavle. <\/p>\n","protected":false},"excerpt":{"rendered":"<p>Er du mon liges\u00e5 passioneret, som os, omkring sm\u00e5 nyttige ting, som g\u00f8r dit liv lettere? F.eks. denne lille beholder til papirklips, tegnestifter eller andet, som man altid lige mangler, n\u00e5r man har brug for det? S\u00e5 er denne sandfarvede beholder i pulverlakeret jern en rigtig fin l\u00f8sning. Den er fin til kontoret, b\u00f8rnev\u00e6relset eller [&hellip;]<\/p>\n","protected":false},"featured_media":1113456,"template":"","meta":{"_acf_changed":false,"inline_featured_image":false},"product_brand":[],"product_cat":[6581,4151,4959],"product_tag":[],"class_list":{"0":"post-881061","1":"product","2":"type-product","3":"status-publish","4":"has-post-thumbnail","6":"product_cat-rekindle-collection-da","7":"product_cat-kontor-da","8":"product_cat-opbevaringskasser-da","9":"product_shipping_class-pk","11":"pa_color-lysegr","12":"pa_material-jern-da","14":"first","15":"instock","16":"taxable","17":"shipping-taxable","18":"purchasable","19":"product-type-simple"},"exclude_global_add_ons":[],"addons":[],"acf":[],"yoast_head":"<!-- This site is optimized with the Yoast SEO plugin v26.4 - https:\/\/yoast.com\/wordpress\/plugins\/seo\/ -->\n<title>District Opbevaringsbakke Rund Lysegr\u00e5 - H\u00fcbsch<\/title>\n<meta name=\"description\" content=\"Er du mon liges\u00e5 passioneret, som os, omkring sm\u00e5 nyttige ting, som g\u00f8r dit liv lettere? F.eks. denne lille beholder til papirklips, tegnestifter eller\" \/>\n<meta name=\"robots\" content=\"index, follow, max-snippet:-1, max-image-preview:large, max-video-preview:-1\" \/>\n<link rel=\"canonical\" href=\"https:\/\/hubsch-interior.com\/da\/wp-json\/wp\/v2\/product\/881061\" \/>\n<meta property=\"og:locale\" content=\"da_DK\" \/>\n<meta property=\"og:type\" content=\"article\" \/>\n<meta property=\"og:title\" content=\"District Opbevaringsbakke Rund Lysegr\u00e5 - H\u00fcbsch\" \/>\n<meta property=\"og:description\" content=\"Er du mon liges\u00e5 passioneret, som os, omkring sm\u00e5 nyttige ting, som g\u00f8r dit liv lettere? F.eks. denne lille beholder til papirklips, tegnestifter eller\" \/>\n<meta property=\"og:url\" content=\"https:\/\/hubsch-interior.com\/da\/vare\/district-opbevaringsbakke-rund-lysegra\/\" \/>\n<meta property=\"og:site_name\" content=\"H\u00fcbsch\" \/>\n<meta property=\"article:modified_time\" content=\"2026-04-09T03:18:11+00:00\" \/>\n<meta property=\"og:image\" content=\"https:\/\/hubsch-interior.com\/wp-content\/uploads\/2025\/05\/district-storage-tray-round-light-grey-3413ca48ee7ced4b30fcdee9099bbd88.jpg\" \/>\n\t<meta property=\"og:image:width\" content=\"1200\" \/>\n\t<meta property=\"og:image:height\" content=\"1200\" \/>\n\t<meta property=\"og:image:type\" content=\"image\/jpeg\" \/>\n<meta name=\"twitter:card\" content=\"summary_large_image\" \/>\n<script type=\"application\/ld+json\" class=\"yoast-schema-graph\">{\"@context\":\"https:\/\/schema.org\",\"@graph\":[{\"@type\":\"WebPage\",\"@id\":\"https:\/\/hubsch-interior.com\/da\/vare\/district-opbevaringsbakke-rund-lysegra\/\",\"url\":\"https:\/\/hubsch-interior.com\/da\/vare\/district-opbevaringsbakke-rund-lysegra\/\",\"name\":\"District Opbevaringsbakke Rund Lysegr\u00e5 - H\u00fcbsch\",\"isPartOf\":{\"@id\":\"https:\/\/hubsch-interior.com\/da\/#website\"},\"primaryImageOfPage\":{\"@id\":\"https:\/\/hubsch-interior.com\/da\/vare\/district-opbevaringsbakke-rund-lysegra\/#primaryimage\"},\"image\":{\"@id\":\"https:\/\/hubsch-interior.com\/da\/vare\/district-opbevaringsbakke-rund-lysegra\/#primaryimage\"},\"thumbnailUrl\":\"https:\/\/hubsch-interior.com\/wp-content\/uploads\/2026\/02\/district-storage-tray-round-light-grey-73e9d4b41866b86cf3b1e150a14b9f37.jpg\",\"datePublished\":\"2023-02-20T07:43:17+00:00\",\"dateModified\":\"2026-04-09T03:18:11+00:00\",\"description\":\"Er du mon liges\u00e5 passioneret, som os, omkring sm\u00e5 nyttige ting, som g\u00f8r dit liv lettere? F.eks. denne lille beholder til papirklips, tegnestifter eller\",\"breadcrumb\":{\"@id\":\"https:\/\/hubsch-interior.com\/da\/vare\/district-opbevaringsbakke-rund-lysegra\/#breadcrumb\"},\"inLanguage\":\"da-DK\",\"potentialAction\":[{\"@type\":\"ReadAction\",\"target\":[\"https:\/\/hubsch-interior.com\/da\/vare\/district-opbevaringsbakke-rund-lysegra\/\"]}]},{\"@type\":\"ImageObject\",\"inLanguage\":\"da-DK\",\"@id\":\"https:\/\/hubsch-interior.com\/da\/vare\/district-opbevaringsbakke-rund-lysegra\/#primaryimage\",\"url\":\"https:\/\/hubsch-interior.com\/wp-content\/uploads\/2026\/02\/district-storage-tray-round-light-grey-73e9d4b41866b86cf3b1e150a14b9f37.jpg\",\"contentUrl\":\"https:\/\/hubsch-interior.com\/wp-content\/uploads\/2026\/02\/district-storage-tray-round-light-grey-73e9d4b41866b86cf3b1e150a14b9f37.jpg\",\"width\":1024,\"height\":1024},{\"@type\":\"BreadcrumbList\",\"@id\":\"https:\/\/hubsch-interior.com\/da\/vare\/district-opbevaringsbakke-rund-lysegra\/#breadcrumb\",\"itemListElement\":[{\"@type\":\"ListItem\",\"position\":1,\"name\":\"Forside\",\"item\":\"https:\/\/hubsch-interior.com\/da\/\"},{\"@type\":\"ListItem\",\"position\":2,\"name\":\"Produkter\",\"item\":\"https:\/\/hubsch-interior.com\/da\/produkter\/\"},{\"@type\":\"ListItem\",\"position\":3,\"name\":\"Boligtilbeh\u00f8r\",\"item\":\"https:\/\/hubsch-interior.com\/da\/vare-kategori\/boligtilbehor\/\"},{\"@type\":\"ListItem\",\"position\":4,\"name\":\"Kontor\",\"item\":\"https:\/\/hubsch-interior.com\/da\/vare-kategori\/boligtilbehor\/kontor-da\/\"},{\"@type\":\"ListItem\",\"position\":5,\"name\":\"Opbevaringskasser\",\"item\":\"https:\/\/hubsch-interior.com\/da\/vare-kategori\/boligtilbehor\/kontor-da\/opbevaringskasser-da\/\"},{\"@type\":\"ListItem\",\"position\":6,\"name\":\"District Opbevaringsbakke Rund Lysegr\u00e5\"}]},{\"@type\":\"WebSite\",\"@id\":\"https:\/\/hubsch-interior.com\/da\/#website\",\"url\":\"https:\/\/hubsch-interior.com\/da\/\",\"name\":\"H\u00fcbsch\",\"description\":\"Danish Home Interior and Design\",\"publisher\":{\"@id\":\"https:\/\/hubsch-interior.com\/da\/#organization\"},\"potentialAction\":[{\"@type\":\"SearchAction\",\"target\":{\"@type\":\"EntryPoint\",\"urlTemplate\":\"https:\/\/hubsch-interior.com\/da\/?s={search_term_string}\"},\"query-input\":{\"@type\":\"PropertyValueSpecification\",\"valueRequired\":true,\"valueName\":\"search_term_string\"}}],\"inLanguage\":\"da-DK\"},{\"@type\":\"Organization\",\"@id\":\"https:\/\/hubsch-interior.com\/da\/#organization\",\"name\":\"H\u00fcbsch\",\"url\":\"https:\/\/hubsch-interior.com\/da\/\",\"logo\":{\"@type\":\"ImageObject\",\"inLanguage\":\"da-DK\",\"@id\":\"https:\/\/hubsch-interior.com\/da\/#\/schema\/logo\/image\/\",\"url\":\"https:\/\/hubsch-interior.com\/wp-content\/uploads\/2022\/12\/Hubsch_logo_black_one_line.svg\",\"contentUrl\":\"https:\/\/hubsch-interior.com\/wp-content\/uploads\/2022\/12\/Hubsch_logo_black_one_line.svg\",\"caption\":\"H\u00fcbsch\"},\"image\":{\"@id\":\"https:\/\/hubsch-interior.com\/da\/#\/schema\/logo\/image\/\"}}]}<\/script>\n<!-- \/ Yoast SEO plugin. -->","yoast_head_json":{"title":"District Opbevaringsbakke Rund Lysegr\u00e5 - H\u00fcbsch","description":"Er du mon liges\u00e5 passioneret, som os, omkring sm\u00e5 nyttige ting, som g\u00f8r dit liv lettere? F.eks. denne lille beholder til papirklips, tegnestifter eller","robots":{"index":"index","follow":"follow","max-snippet":"max-snippet:-1","max-image-preview":"max-image-preview:large","max-video-preview":"max-video-preview:-1"},"canonical":"https:\/\/hubsch-interior.com\/da\/wp-json\/wp\/v2\/product\/881061","og_locale":"da_DK","og_type":"article","og_title":"District Opbevaringsbakke Rund Lysegr\u00e5 - H\u00fcbsch","og_description":"Er du mon liges\u00e5 passioneret, som os, omkring sm\u00e5 nyttige ting, som g\u00f8r dit liv lettere? F.eks. denne lille beholder til papirklips, tegnestifter eller","og_url":"https:\/\/hubsch-interior.com\/da\/vare\/district-opbevaringsbakke-rund-lysegra\/","og_site_name":"H\u00fcbsch","article_modified_time":"2026-04-09T03:18:11+00:00","og_image":[{"width":1200,"height":1200,"url":"https:\/\/hubsch-interior.com\/wp-content\/uploads\/2025\/05\/district-storage-tray-round-light-grey-3413ca48ee7ced4b30fcdee9099bbd88.jpg","type":"image\/jpeg"}],"twitter_card":"summary_large_image","schema":{"@context":"https:\/\/schema.org","@graph":[{"@type":"WebPage","@id":"https:\/\/hubsch-interior.com\/da\/vare\/district-opbevaringsbakke-rund-lysegra\/","url":"https:\/\/hubsch-interior.com\/da\/vare\/district-opbevaringsbakke-rund-lysegra\/","name":"District Opbevaringsbakke Rund Lysegr\u00e5 - H\u00fcbsch","isPartOf":{"@id":"https:\/\/hubsch-interior.com\/da\/#website"},"primaryImageOfPage":{"@id":"https:\/\/hubsch-interior.com\/da\/vare\/district-opbevaringsbakke-rund-lysegra\/#primaryimage"},"image":{"@id":"https:\/\/hubsch-interior.com\/da\/vare\/district-opbevaringsbakke-rund-lysegra\/#primaryimage"},"thumbnailUrl":"https:\/\/hubsch-interior.com\/wp-content\/uploads\/2026\/02\/district-storage-tray-round-light-grey-73e9d4b41866b86cf3b1e150a14b9f37.jpg","datePublished":"2023-02-20T07:43:17+00:00","dateModified":"2026-04-09T03:18:11+00:00","description":"Er du mon liges\u00e5 passioneret, som os, omkring sm\u00e5 nyttige ting, som g\u00f8r dit liv lettere? F.eks. denne lille beholder til papirklips, tegnestifter eller","breadcrumb":{"@id":"https:\/\/hubsch-interior.com\/da\/vare\/district-opbevaringsbakke-rund-lysegra\/#breadcrumb"},"inLanguage":"da-DK","potentialAction":[{"@type":"ReadAction","target":["https:\/\/hubsch-interior.com\/da\/vare\/district-opbevaringsbakke-rund-lysegra\/"]}]},{"@type":"ImageObject","inLanguage":"da-DK","@id":"https:\/\/hubsch-interior.com\/da\/vare\/district-opbevaringsbakke-rund-lysegra\/#primaryimage","url":"https:\/\/hubsch-interior.com\/wp-content\/uploads\/2026\/02\/district-storage-tray-round-light-grey-73e9d4b41866b86cf3b1e150a14b9f37.jpg","contentUrl":"https:\/\/hubsch-interior.com\/wp-content\/uploads\/2026\/02\/district-storage-tray-round-light-grey-73e9d4b41866b86cf3b1e150a14b9f37.jpg","width":1024,"height":1024},{"@type":"BreadcrumbList","@id":"https:\/\/hubsch-interior.com\/da\/vare\/district-opbevaringsbakke-rund-lysegra\/#breadcrumb","itemListElement":[{"@type":"ListItem","position":1,"name":"Forside","item":"https:\/\/hubsch-interior.com\/da\/"},{"@type":"ListItem","position":2,"name":"Produkter","item":"https:\/\/hubsch-interior.com\/da\/produkter\/"},{"@type":"ListItem","position":3,"name":"Boligtilbeh\u00f8r","item":"https:\/\/hubsch-interior.com\/da\/vare-kategori\/boligtilbehor\/"},{"@type":"ListItem","position":4,"name":"Kontor","item":"https:\/\/hubsch-interior.com\/da\/vare-kategori\/boligtilbehor\/kontor-da\/"},{"@type":"ListItem","position":5,"name":"Opbevaringskasser","item":"https:\/\/hubsch-interior.com\/da\/vare-kategori\/boligtilbehor\/kontor-da\/opbevaringskasser-da\/"},{"@type":"ListItem","position":6,"name":"District Opbevaringsbakke Rund Lysegr\u00e5"}]},{"@type":"WebSite","@id":"https:\/\/hubsch-interior.com\/da\/#website","url":"https:\/\/hubsch-interior.com\/da\/","name":"H\u00fcbsch","description":"Danish Home Interior and Design","publisher":{"@id":"https:\/\/hubsch-interior.com\/da\/#organization"},"potentialAction":[{"@type":"SearchAction","target":{"@type":"EntryPoint","urlTemplate":"https:\/\/hubsch-interior.com\/da\/?s={search_term_string}"},"query-input":{"@type":"PropertyValueSpecification","valueRequired":true,"valueName":"search_term_string"}}],"inLanguage":"da-DK"},{"@type":"Organization","@id":"https:\/\/hubsch-interior.com\/da\/#organization","name":"H\u00fcbsch","url":"https:\/\/hubsch-interior.com\/da\/","logo":{"@type":"ImageObject","inLanguage":"da-DK","@id":"https:\/\/hubsch-interior.com\/da\/#\/schema\/logo\/image\/","url":"https:\/\/hubsch-interior.com\/wp-content\/uploads\/2022\/12\/Hubsch_logo_black_one_line.svg","contentUrl":"https:\/\/hubsch-interior.com\/wp-content\/uploads\/2022\/12\/Hubsch_logo_black_one_line.svg","caption":"H\u00fcbsch"},"image":{"@id":"https:\/\/hubsch-interior.com\/da\/#\/schema\/logo\/image\/"}}]}},"_links":{"self":[{"href":"https:\/\/hubsch-interior.com\/da\/wp-json\/wp\/v2\/product\/881061","targetHints":{"allow":["GET"]}}],"collection":[{"href":"https:\/\/hubsch-interior.com\/da\/wp-json\/wp\/v2\/product"}],"about":[{"href":"https:\/\/hubsch-interior.com\/da\/wp-json\/wp\/v2\/types\/product"}],"wp:featuredmedia":[{"embeddable":true,"href":"https:\/\/hubsch-interior.com\/da\/wp-json\/wp\/v2\/media\/1113456"}],"wp:attachment":[{"href":"https:\/\/hubsch-interior.com\/da\/wp-json\/wp\/v2\/media?parent=881061"}],"wp:term":[{"taxonomy":"product_brand","embeddable":true,"href":"https:\/\/hubsch-interior.com\/da\/wp-json\/wp\/v2\/product_brand?post=881061"},{"taxonomy":"product_cat","embeddable":true,"href":"https:\/\/hubsch-interior.com\/da\/wp-json\/wp\/v2\/product_cat?post=881061"},{"taxonomy":"product_tag","embeddable":true,"href":"https:\/\/hubsch-interior.com\/da\/wp-json\/wp\/v2\/product_tag?post=881061"}],"curies":[{"name":"wp","href":"https:\/\/api.w.org\/{rel}","templated":true}]}}