{"id":881089,"date":"2023-02-20T08:43:25","date_gmt":"2023-02-20T07:43:25","guid":{"rendered":"https:\/\/hubsch-interior.com\/product\/product\/"},"modified":"2026-04-05T05:21:39","modified_gmt":"2026-04-05T03:21:39","slug":"district-opbevaringsbakke-firkantet-lysegra","status":"publish","type":"product","link":"https:\/\/hubsch-interior.com\/da\/vare\/district-opbevaringsbakke-firkantet-lysegra\/","title":{"rendered":"District Opbevaringsbakke Firkantet Lysegr\u00e5"},"content":{"rendered":"<p>Her er en lidt anderledes blyantholder. Det er mere en lille blyantbakke, som kan st\u00e5 fremme. Den rektangul\u00e6re form er perfekt til b\u00e5de blyanter og kuglepenne eller tuscher for den sags skyld. Blyantbakken er i en fin sandfarve i pulverlakeret jern, som passer fint p\u00e5 skrivebordet, uden at den tager alt for meget plads.<\/p>\n","protected":false},"excerpt":{"rendered":"<p>Her er en lidt anderledes blyantholder. Det er mere en lille blyantbakke, som kan st\u00e5 fremme. Den rektangul\u00e6re form er perfekt til b\u00e5de blyanter og kuglepenne eller tuscher for den sags skyld. Blyantbakken er i en fin sandfarve i pulverlakeret jern, som passer fint p\u00e5 skrivebordet, uden at den tager alt for meget plads.<\/p>\n","protected":false},"featured_media":1113480,"template":"","meta":{"_acf_changed":false,"inline_featured_image":false},"product_brand":[],"product_cat":[4151,4959,6581],"product_tag":[],"class_list":{"0":"post-881089","1":"product","2":"type-product","3":"status-publish","4":"has-post-thumbnail","6":"product_cat-kontor-da","7":"product_cat-opbevaringskasser-da","8":"product_cat-rekindle-collection-da","9":"product_shipping_class-pk","11":"pa_color-lysegr","12":"pa_material-jern-da","14":"first","15":"instock","16":"taxable","17":"shipping-taxable","18":"purchasable","19":"product-type-simple"},"exclude_global_add_ons":[],"addons":[],"acf":[],"yoast_head":"<!-- This site is optimized with the Yoast SEO plugin v26.4 - https:\/\/yoast.com\/wordpress\/plugins\/seo\/ -->\n<title>District Opbevaringsbakke Firkantet Lysegr\u00e5 - H\u00fcbsch<\/title>\n<meta name=\"description\" content=\"Her er en lidt anderledes blyantholder. Det er mere en lille blyantbakke, som kan st\u00e5 fremme. Den rektangul\u00e6re form er perfekt til b\u00e5de blyanter og\" \/>\n<meta name=\"robots\" content=\"index, follow, max-snippet:-1, max-image-preview:large, max-video-preview:-1\" \/>\n<link rel=\"canonical\" href=\"https:\/\/hubsch-interior.com\/da\/wp-json\/wp\/v2\/product\/881089\" \/>\n<meta property=\"og:locale\" content=\"da_DK\" \/>\n<meta property=\"og:type\" content=\"article\" \/>\n<meta property=\"og:title\" content=\"District Opbevaringsbakke Firkantet Lysegr\u00e5 - H\u00fcbsch\" \/>\n<meta property=\"og:description\" content=\"Her er en lidt anderledes blyantholder. Det er mere en lille blyantbakke, som kan st\u00e5 fremme. Den rektangul\u00e6re form er perfekt til b\u00e5de blyanter og\" \/>\n<meta property=\"og:url\" content=\"https:\/\/hubsch-interior.com\/da\/vare\/district-opbevaringsbakke-firkantet-lysegra\/\" \/>\n<meta property=\"og:site_name\" content=\"H\u00fcbsch\" \/>\n<meta property=\"article:modified_time\" content=\"2026-04-05T03:21:39+00:00\" \/>\n<meta property=\"og:image\" content=\"https:\/\/hubsch-interior.com\/wp-content\/uploads\/2025\/05\/district-storage-tray-square-light-grey-652d6e8a5ac546364852c03cb0ac9a58.jpg\" \/>\n\t<meta property=\"og:image:width\" content=\"1200\" \/>\n\t<meta property=\"og:image:height\" content=\"1200\" \/>\n\t<meta property=\"og:image:type\" content=\"image\/jpeg\" \/>\n<meta name=\"twitter:card\" content=\"summary_large_image\" \/>\n<script type=\"application\/ld+json\" class=\"yoast-schema-graph\">{\"@context\":\"https:\/\/schema.org\",\"@graph\":[{\"@type\":\"WebPage\",\"@id\":\"https:\/\/hubsch-interior.com\/da\/vare\/district-opbevaringsbakke-firkantet-lysegra\/\",\"url\":\"https:\/\/hubsch-interior.com\/da\/vare\/district-opbevaringsbakke-firkantet-lysegra\/\",\"name\":\"District Opbevaringsbakke Firkantet Lysegr\u00e5 - H\u00fcbsch\",\"isPartOf\":{\"@id\":\"https:\/\/hubsch-interior.com\/da\/#website\"},\"primaryImageOfPage\":{\"@id\":\"https:\/\/hubsch-interior.com\/da\/vare\/district-opbevaringsbakke-firkantet-lysegra\/#primaryimage\"},\"image\":{\"@id\":\"https:\/\/hubsch-interior.com\/da\/vare\/district-opbevaringsbakke-firkantet-lysegra\/#primaryimage\"},\"thumbnailUrl\":\"https:\/\/hubsch-interior.com\/wp-content\/uploads\/2026\/02\/district-storage-tray-square-light-grey-cd2ffb3e4d120074bfabe932452323e5.jpg\",\"datePublished\":\"2023-02-20T07:43:25+00:00\",\"dateModified\":\"2026-04-05T03:21:39+00:00\",\"description\":\"Her er en lidt anderledes blyantholder. Det er mere en lille blyantbakke, som kan st\u00e5 fremme. Den rektangul\u00e6re form er perfekt til b\u00e5de blyanter og\",\"breadcrumb\":{\"@id\":\"https:\/\/hubsch-interior.com\/da\/vare\/district-opbevaringsbakke-firkantet-lysegra\/#breadcrumb\"},\"inLanguage\":\"da-DK\",\"potentialAction\":[{\"@type\":\"ReadAction\",\"target\":[\"https:\/\/hubsch-interior.com\/da\/vare\/district-opbevaringsbakke-firkantet-lysegra\/\"]}]},{\"@type\":\"ImageObject\",\"inLanguage\":\"da-DK\",\"@id\":\"https:\/\/hubsch-interior.com\/da\/vare\/district-opbevaringsbakke-firkantet-lysegra\/#primaryimage\",\"url\":\"https:\/\/hubsch-interior.com\/wp-content\/uploads\/2026\/02\/district-storage-tray-square-light-grey-cd2ffb3e4d120074bfabe932452323e5.jpg\",\"contentUrl\":\"https:\/\/hubsch-interior.com\/wp-content\/uploads\/2026\/02\/district-storage-tray-square-light-grey-cd2ffb3e4d120074bfabe932452323e5.jpg\",\"width\":1024,\"height\":1024},{\"@type\":\"BreadcrumbList\",\"@id\":\"https:\/\/hubsch-interior.com\/da\/vare\/district-opbevaringsbakke-firkantet-lysegra\/#breadcrumb\",\"itemListElement\":[{\"@type\":\"ListItem\",\"position\":1,\"name\":\"Forside\",\"item\":\"https:\/\/hubsch-interior.com\/da\/\"},{\"@type\":\"ListItem\",\"position\":2,\"name\":\"Produkter\",\"item\":\"https:\/\/hubsch-interior.com\/da\/produkter\/\"},{\"@type\":\"ListItem\",\"position\":3,\"name\":\"Boligtilbeh\u00f8r\",\"item\":\"https:\/\/hubsch-interior.com\/da\/vare-kategori\/boligtilbehor\/\"},{\"@type\":\"ListItem\",\"position\":4,\"name\":\"Kontor\",\"item\":\"https:\/\/hubsch-interior.com\/da\/vare-kategori\/boligtilbehor\/kontor-da\/\"},{\"@type\":\"ListItem\",\"position\":5,\"name\":\"Opbevaringskasser\",\"item\":\"https:\/\/hubsch-interior.com\/da\/vare-kategori\/boligtilbehor\/kontor-da\/opbevaringskasser-da\/\"},{\"@type\":\"ListItem\",\"position\":6,\"name\":\"District Opbevaringsbakke Firkantet Lysegr\u00e5\"}]},{\"@type\":\"WebSite\",\"@id\":\"https:\/\/hubsch-interior.com\/da\/#website\",\"url\":\"https:\/\/hubsch-interior.com\/da\/\",\"name\":\"H\u00fcbsch\",\"description\":\"Danish Home Interior and Design\",\"publisher\":{\"@id\":\"https:\/\/hubsch-interior.com\/da\/#organization\"},\"potentialAction\":[{\"@type\":\"SearchAction\",\"target\":{\"@type\":\"EntryPoint\",\"urlTemplate\":\"https:\/\/hubsch-interior.com\/da\/?s={search_term_string}\"},\"query-input\":{\"@type\":\"PropertyValueSpecification\",\"valueRequired\":true,\"valueName\":\"search_term_string\"}}],\"inLanguage\":\"da-DK\"},{\"@type\":\"Organization\",\"@id\":\"https:\/\/hubsch-interior.com\/da\/#organization\",\"name\":\"H\u00fcbsch\",\"url\":\"https:\/\/hubsch-interior.com\/da\/\",\"logo\":{\"@type\":\"ImageObject\",\"inLanguage\":\"da-DK\",\"@id\":\"https:\/\/hubsch-interior.com\/da\/#\/schema\/logo\/image\/\",\"url\":\"https:\/\/hubsch-interior.com\/wp-content\/uploads\/2022\/12\/Hubsch_logo_black_one_line.svg\",\"contentUrl\":\"https:\/\/hubsch-interior.com\/wp-content\/uploads\/2022\/12\/Hubsch_logo_black_one_line.svg\",\"caption\":\"H\u00fcbsch\"},\"image\":{\"@id\":\"https:\/\/hubsch-interior.com\/da\/#\/schema\/logo\/image\/\"}}]}<\/script>\n<!-- \/ Yoast SEO plugin. -->","yoast_head_json":{"title":"District Opbevaringsbakke Firkantet Lysegr\u00e5 - H\u00fcbsch","description":"Her er en lidt anderledes blyantholder. Det er mere en lille blyantbakke, som kan st\u00e5 fremme. Den rektangul\u00e6re form er perfekt til b\u00e5de blyanter og","robots":{"index":"index","follow":"follow","max-snippet":"max-snippet:-1","max-image-preview":"max-image-preview:large","max-video-preview":"max-video-preview:-1"},"canonical":"https:\/\/hubsch-interior.com\/da\/wp-json\/wp\/v2\/product\/881089","og_locale":"da_DK","og_type":"article","og_title":"District Opbevaringsbakke Firkantet Lysegr\u00e5 - H\u00fcbsch","og_description":"Her er en lidt anderledes blyantholder. Det er mere en lille blyantbakke, som kan st\u00e5 fremme. Den rektangul\u00e6re form er perfekt til b\u00e5de blyanter og","og_url":"https:\/\/hubsch-interior.com\/da\/vare\/district-opbevaringsbakke-firkantet-lysegra\/","og_site_name":"H\u00fcbsch","article_modified_time":"2026-04-05T03:21:39+00:00","og_image":[{"width":1200,"height":1200,"url":"https:\/\/hubsch-interior.com\/wp-content\/uploads\/2025\/05\/district-storage-tray-square-light-grey-652d6e8a5ac546364852c03cb0ac9a58.jpg","type":"image\/jpeg"}],"twitter_card":"summary_large_image","schema":{"@context":"https:\/\/schema.org","@graph":[{"@type":"WebPage","@id":"https:\/\/hubsch-interior.com\/da\/vare\/district-opbevaringsbakke-firkantet-lysegra\/","url":"https:\/\/hubsch-interior.com\/da\/vare\/district-opbevaringsbakke-firkantet-lysegra\/","name":"District Opbevaringsbakke Firkantet Lysegr\u00e5 - H\u00fcbsch","isPartOf":{"@id":"https:\/\/hubsch-interior.com\/da\/#website"},"primaryImageOfPage":{"@id":"https:\/\/hubsch-interior.com\/da\/vare\/district-opbevaringsbakke-firkantet-lysegra\/#primaryimage"},"image":{"@id":"https:\/\/hubsch-interior.com\/da\/vare\/district-opbevaringsbakke-firkantet-lysegra\/#primaryimage"},"thumbnailUrl":"https:\/\/hubsch-interior.com\/wp-content\/uploads\/2026\/02\/district-storage-tray-square-light-grey-cd2ffb3e4d120074bfabe932452323e5.jpg","datePublished":"2023-02-20T07:43:25+00:00","dateModified":"2026-04-05T03:21:39+00:00","description":"Her er en lidt anderledes blyantholder. Det er mere en lille blyantbakke, som kan st\u00e5 fremme. Den rektangul\u00e6re form er perfekt til b\u00e5de blyanter og","breadcrumb":{"@id":"https:\/\/hubsch-interior.com\/da\/vare\/district-opbevaringsbakke-firkantet-lysegra\/#breadcrumb"},"inLanguage":"da-DK","potentialAction":[{"@type":"ReadAction","target":["https:\/\/hubsch-interior.com\/da\/vare\/district-opbevaringsbakke-firkantet-lysegra\/"]}]},{"@type":"ImageObject","inLanguage":"da-DK","@id":"https:\/\/hubsch-interior.com\/da\/vare\/district-opbevaringsbakke-firkantet-lysegra\/#primaryimage","url":"https:\/\/hubsch-interior.com\/wp-content\/uploads\/2026\/02\/district-storage-tray-square-light-grey-cd2ffb3e4d120074bfabe932452323e5.jpg","contentUrl":"https:\/\/hubsch-interior.com\/wp-content\/uploads\/2026\/02\/district-storage-tray-square-light-grey-cd2ffb3e4d120074bfabe932452323e5.jpg","width":1024,"height":1024},{"@type":"BreadcrumbList","@id":"https:\/\/hubsch-interior.com\/da\/vare\/district-opbevaringsbakke-firkantet-lysegra\/#breadcrumb","itemListElement":[{"@type":"ListItem","position":1,"name":"Forside","item":"https:\/\/hubsch-interior.com\/da\/"},{"@type":"ListItem","position":2,"name":"Produkter","item":"https:\/\/hubsch-interior.com\/da\/produkter\/"},{"@type":"ListItem","position":3,"name":"Boligtilbeh\u00f8r","item":"https:\/\/hubsch-interior.com\/da\/vare-kategori\/boligtilbehor\/"},{"@type":"ListItem","position":4,"name":"Kontor","item":"https:\/\/hubsch-interior.com\/da\/vare-kategori\/boligtilbehor\/kontor-da\/"},{"@type":"ListItem","position":5,"name":"Opbevaringskasser","item":"https:\/\/hubsch-interior.com\/da\/vare-kategori\/boligtilbehor\/kontor-da\/opbevaringskasser-da\/"},{"@type":"ListItem","position":6,"name":"District Opbevaringsbakke Firkantet Lysegr\u00e5"}]},{"@type":"WebSite","@id":"https:\/\/hubsch-interior.com\/da\/#website","url":"https:\/\/hubsch-interior.com\/da\/","name":"H\u00fcbsch","description":"Danish Home Interior and Design","publisher":{"@id":"https:\/\/hubsch-interior.com\/da\/#organization"},"potentialAction":[{"@type":"SearchAction","target":{"@type":"EntryPoint","urlTemplate":"https:\/\/hubsch-interior.com\/da\/?s={search_term_string}"},"query-input":{"@type":"PropertyValueSpecification","valueRequired":true,"valueName":"search_term_string"}}],"inLanguage":"da-DK"},{"@type":"Organization","@id":"https:\/\/hubsch-interior.com\/da\/#organization","name":"H\u00fcbsch","url":"https:\/\/hubsch-interior.com\/da\/","logo":{"@type":"ImageObject","inLanguage":"da-DK","@id":"https:\/\/hubsch-interior.com\/da\/#\/schema\/logo\/image\/","url":"https:\/\/hubsch-interior.com\/wp-content\/uploads\/2022\/12\/Hubsch_logo_black_one_line.svg","contentUrl":"https:\/\/hubsch-interior.com\/wp-content\/uploads\/2022\/12\/Hubsch_logo_black_one_line.svg","caption":"H\u00fcbsch"},"image":{"@id":"https:\/\/hubsch-interior.com\/da\/#\/schema\/logo\/image\/"}}]}},"_links":{"self":[{"href":"https:\/\/hubsch-interior.com\/da\/wp-json\/wp\/v2\/product\/881089","targetHints":{"allow":["GET"]}}],"collection":[{"href":"https:\/\/hubsch-interior.com\/da\/wp-json\/wp\/v2\/product"}],"about":[{"href":"https:\/\/hubsch-interior.com\/da\/wp-json\/wp\/v2\/types\/product"}],"wp:featuredmedia":[{"embeddable":true,"href":"https:\/\/hubsch-interior.com\/da\/wp-json\/wp\/v2\/media\/1113480"}],"wp:attachment":[{"href":"https:\/\/hubsch-interior.com\/da\/wp-json\/wp\/v2\/media?parent=881089"}],"wp:term":[{"taxonomy":"product_brand","embeddable":true,"href":"https:\/\/hubsch-interior.com\/da\/wp-json\/wp\/v2\/product_brand?post=881089"},{"taxonomy":"product_cat","embeddable":true,"href":"https:\/\/hubsch-interior.com\/da\/wp-json\/wp\/v2\/product_cat?post=881089"},{"taxonomy":"product_tag","embeddable":true,"href":"https:\/\/hubsch-interior.com\/da\/wp-json\/wp\/v2\/product_tag?post=881089"}],"curies":[{"name":"wp","href":"https:\/\/api.w.org\/{rel}","templated":true}]}}