{"id":882797,"date":"2023-02-20T09:57:03","date_gmt":"2023-02-20T08:57:03","guid":{"rendered":"https:\/\/hubsch-interior.com\/product\/product\/"},"modified":"2026-04-05T04:24:47","modified_gmt":"2026-04-05T02:24:47","slug":"luna-kurve-natur-saet-af-2","status":"publish","type":"product","link":"https:\/\/hubsch-interior.com\/da\/vare\/luna-kurve-natur-saet-af-2\/","title":{"rendered":"Luna Kurve Natur (s\u00e6t af 2)"},"content":{"rendered":"<p>En klassisk naturfarvet rattankurv g\u00e5r man aldrig galt i byen med. Her har du et smukt s\u00e6t med et let og fint udtryk, der passer ind i hvilken som helst indretning. Opbevaringskurvene \u00e6ndrer nemlig udtryk alt efter, hvad du putter i dem. Puder eller t\u00e6pper, b\u00f8ger eller blade. Valget er dit. Dit nymaskede strikket\u00f8j vil ogs\u00e5 elske at bo en s\u00e5dan en fin kruv indtil du skal have det i h\u00e6nderne igen.<\/p>\n","protected":false},"excerpt":{"rendered":"<p>En klassisk naturfarvet rattankurv g\u00e5r man aldrig galt i byen med. Her har du et smukt s\u00e6t med et let og fint udtryk, der passer ind i hvilken som helst indretning. Opbevaringskurvene \u00e6ndrer nemlig udtryk alt efter, hvad du putter i dem. Puder eller t\u00e6pper, b\u00f8ger eller blade. Valget er dit. Dit nymaskede strikket\u00f8j vil [&hellip;]<\/p>\n","protected":false},"featured_media":1095591,"template":"","meta":{"_acf_changed":false,"inline_featured_image":false},"product_brand":[],"product_cat":[6581,3109,4074],"product_tag":[],"class_list":{"0":"post-882797","1":"product","2":"type-product","3":"status-publish","4":"has-post-thumbnail","6":"product_cat-rekindle-collection-da","7":"product_cat-opbevaring-da","8":"product_cat-kurve-da","9":"product_shipping_class-pk","11":"pa_color-natur-2","12":"pa_material-rattan-da","14":"first","15":"instock","16":"taxable","17":"shipping-taxable","18":"purchasable","19":"product-type-simple"},"exclude_global_add_ons":[],"addons":[],"acf":[],"yoast_head":"<!-- This site is optimized with the Yoast SEO plugin v26.4 - https:\/\/yoast.com\/wordpress\/plugins\/seo\/ -->\n<title>Luna Kurve Natur (s\u00e6t af 2) - H\u00fcbsch<\/title>\n<meta name=\"description\" content=\"En klassisk naturfarvet rattankurv g\u00e5r man aldrig galt i byen med. Her har du et smukt s\u00e6t med et let og fint udtryk, der passer ind i hvilken som helst\" \/>\n<meta name=\"robots\" content=\"index, follow, max-snippet:-1, max-image-preview:large, max-video-preview:-1\" \/>\n<link rel=\"canonical\" href=\"https:\/\/hubsch-interior.com\/da\/wp-json\/wp\/v2\/product\/882797\" \/>\n<meta property=\"og:locale\" content=\"da_DK\" \/>\n<meta property=\"og:type\" content=\"article\" \/>\n<meta property=\"og:title\" content=\"Luna Kurve Natur (s\u00e6t af 2) - H\u00fcbsch\" \/>\n<meta property=\"og:description\" content=\"En klassisk naturfarvet rattankurv g\u00e5r man aldrig galt i byen med. Her har du et smukt s\u00e6t med et let og fint udtryk, der passer ind i hvilken som helst\" \/>\n<meta property=\"og:url\" content=\"https:\/\/hubsch-interior.com\/da\/vare\/luna-kurve-natur-saet-af-2\/\" \/>\n<meta property=\"og:site_name\" content=\"H\u00fcbsch\" \/>\n<meta property=\"article:modified_time\" content=\"2026-04-05T02:24:47+00:00\" \/>\n<meta property=\"og:image\" content=\"https:\/\/hubsch-interior.com\/wp-content\/uploads\/2023\/08\/luna-baskets-natural-set-of-2-e851fcdd82bf1340e2083b5bf711ac54.jpg\" \/>\n\t<meta property=\"og:image:width\" content=\"1200\" \/>\n\t<meta property=\"og:image:height\" content=\"1200\" \/>\n\t<meta property=\"og:image:type\" content=\"image\/jpeg\" \/>\n<meta name=\"twitter:card\" content=\"summary_large_image\" \/>\n<script type=\"application\/ld+json\" class=\"yoast-schema-graph\">{\"@context\":\"https:\/\/schema.org\",\"@graph\":[{\"@type\":\"WebPage\",\"@id\":\"https:\/\/hubsch-interior.com\/da\/vare\/luna-kurve-natur-saet-af-2\/\",\"url\":\"https:\/\/hubsch-interior.com\/da\/vare\/luna-kurve-natur-saet-af-2\/\",\"name\":\"Luna Kurve Natur (s\u00e6t af 2) - H\u00fcbsch\",\"isPartOf\":{\"@id\":\"https:\/\/hubsch-interior.com\/da\/#website\"},\"primaryImageOfPage\":{\"@id\":\"https:\/\/hubsch-interior.com\/da\/vare\/luna-kurve-natur-saet-af-2\/#primaryimage\"},\"image\":{\"@id\":\"https:\/\/hubsch-interior.com\/da\/vare\/luna-kurve-natur-saet-af-2\/#primaryimage\"},\"thumbnailUrl\":\"https:\/\/hubsch-interior.com\/wp-content\/uploads\/2026\/02\/luna-baskets-natural-set-of-2-398c954964e8e2a2f35390dc64b28714.jpg\",\"datePublished\":\"2023-02-20T08:57:03+00:00\",\"dateModified\":\"2026-04-05T02:24:47+00:00\",\"description\":\"En klassisk naturfarvet rattankurv g\u00e5r man aldrig galt i byen med. Her har du et smukt s\u00e6t med et let og fint udtryk, der passer ind i hvilken som helst\",\"breadcrumb\":{\"@id\":\"https:\/\/hubsch-interior.com\/da\/vare\/luna-kurve-natur-saet-af-2\/#breadcrumb\"},\"inLanguage\":\"da-DK\",\"potentialAction\":[{\"@type\":\"ReadAction\",\"target\":[\"https:\/\/hubsch-interior.com\/da\/vare\/luna-kurve-natur-saet-af-2\/\"]}]},{\"@type\":\"ImageObject\",\"inLanguage\":\"da-DK\",\"@id\":\"https:\/\/hubsch-interior.com\/da\/vare\/luna-kurve-natur-saet-af-2\/#primaryimage\",\"url\":\"https:\/\/hubsch-interior.com\/wp-content\/uploads\/2026\/02\/luna-baskets-natural-set-of-2-398c954964e8e2a2f35390dc64b28714.jpg\",\"contentUrl\":\"https:\/\/hubsch-interior.com\/wp-content\/uploads\/2026\/02\/luna-baskets-natural-set-of-2-398c954964e8e2a2f35390dc64b28714.jpg\",\"width\":1024,\"height\":1024},{\"@type\":\"BreadcrumbList\",\"@id\":\"https:\/\/hubsch-interior.com\/da\/vare\/luna-kurve-natur-saet-af-2\/#breadcrumb\",\"itemListElement\":[{\"@type\":\"ListItem\",\"position\":1,\"name\":\"Forside\",\"item\":\"https:\/\/hubsch-interior.com\/da\/\"},{\"@type\":\"ListItem\",\"position\":2,\"name\":\"Produkter\",\"item\":\"https:\/\/hubsch-interior.com\/da\/produkter\/\"},{\"@type\":\"ListItem\",\"position\":3,\"name\":\"Rekindle Collection\",\"item\":\"https:\/\/hubsch-interior.com\/da\/vare-kategori\/rekindle-collection-da\/\"},{\"@type\":\"ListItem\",\"position\":4,\"name\":\"Luna Kurve Natur (s\u00e6t af 2)\"}]},{\"@type\":\"WebSite\",\"@id\":\"https:\/\/hubsch-interior.com\/da\/#website\",\"url\":\"https:\/\/hubsch-interior.com\/da\/\",\"name\":\"H\u00fcbsch\",\"description\":\"Danish Home Interior and Design\",\"publisher\":{\"@id\":\"https:\/\/hubsch-interior.com\/da\/#organization\"},\"potentialAction\":[{\"@type\":\"SearchAction\",\"target\":{\"@type\":\"EntryPoint\",\"urlTemplate\":\"https:\/\/hubsch-interior.com\/da\/?s={search_term_string}\"},\"query-input\":{\"@type\":\"PropertyValueSpecification\",\"valueRequired\":true,\"valueName\":\"search_term_string\"}}],\"inLanguage\":\"da-DK\"},{\"@type\":\"Organization\",\"@id\":\"https:\/\/hubsch-interior.com\/da\/#organization\",\"name\":\"H\u00fcbsch\",\"url\":\"https:\/\/hubsch-interior.com\/da\/\",\"logo\":{\"@type\":\"ImageObject\",\"inLanguage\":\"da-DK\",\"@id\":\"https:\/\/hubsch-interior.com\/da\/#\/schema\/logo\/image\/\",\"url\":\"https:\/\/hubsch-interior.com\/wp-content\/uploads\/2022\/12\/Hubsch_logo_black_one_line.svg\",\"contentUrl\":\"https:\/\/hubsch-interior.com\/wp-content\/uploads\/2022\/12\/Hubsch_logo_black_one_line.svg\",\"caption\":\"H\u00fcbsch\"},\"image\":{\"@id\":\"https:\/\/hubsch-interior.com\/da\/#\/schema\/logo\/image\/\"}}]}<\/script>\n<!-- \/ Yoast SEO plugin. -->","yoast_head_json":{"title":"Luna Kurve Natur (s\u00e6t af 2) - H\u00fcbsch","description":"En klassisk naturfarvet rattankurv g\u00e5r man aldrig galt i byen med. Her har du et smukt s\u00e6t med et let og fint udtryk, der passer ind i hvilken som helst","robots":{"index":"index","follow":"follow","max-snippet":"max-snippet:-1","max-image-preview":"max-image-preview:large","max-video-preview":"max-video-preview:-1"},"canonical":"https:\/\/hubsch-interior.com\/da\/wp-json\/wp\/v2\/product\/882797","og_locale":"da_DK","og_type":"article","og_title":"Luna Kurve Natur (s\u00e6t af 2) - H\u00fcbsch","og_description":"En klassisk naturfarvet rattankurv g\u00e5r man aldrig galt i byen med. Her har du et smukt s\u00e6t med et let og fint udtryk, der passer ind i hvilken som helst","og_url":"https:\/\/hubsch-interior.com\/da\/vare\/luna-kurve-natur-saet-af-2\/","og_site_name":"H\u00fcbsch","article_modified_time":"2026-04-05T02:24:47+00:00","og_image":[{"width":1200,"height":1200,"url":"https:\/\/hubsch-interior.com\/wp-content\/uploads\/2023\/08\/luna-baskets-natural-set-of-2-e851fcdd82bf1340e2083b5bf711ac54.jpg","type":"image\/jpeg"}],"twitter_card":"summary_large_image","schema":{"@context":"https:\/\/schema.org","@graph":[{"@type":"WebPage","@id":"https:\/\/hubsch-interior.com\/da\/vare\/luna-kurve-natur-saet-af-2\/","url":"https:\/\/hubsch-interior.com\/da\/vare\/luna-kurve-natur-saet-af-2\/","name":"Luna Kurve Natur (s\u00e6t af 2) - H\u00fcbsch","isPartOf":{"@id":"https:\/\/hubsch-interior.com\/da\/#website"},"primaryImageOfPage":{"@id":"https:\/\/hubsch-interior.com\/da\/vare\/luna-kurve-natur-saet-af-2\/#primaryimage"},"image":{"@id":"https:\/\/hubsch-interior.com\/da\/vare\/luna-kurve-natur-saet-af-2\/#primaryimage"},"thumbnailUrl":"https:\/\/hubsch-interior.com\/wp-content\/uploads\/2026\/02\/luna-baskets-natural-set-of-2-398c954964e8e2a2f35390dc64b28714.jpg","datePublished":"2023-02-20T08:57:03+00:00","dateModified":"2026-04-05T02:24:47+00:00","description":"En klassisk naturfarvet rattankurv g\u00e5r man aldrig galt i byen med. Her har du et smukt s\u00e6t med et let og fint udtryk, der passer ind i hvilken som helst","breadcrumb":{"@id":"https:\/\/hubsch-interior.com\/da\/vare\/luna-kurve-natur-saet-af-2\/#breadcrumb"},"inLanguage":"da-DK","potentialAction":[{"@type":"ReadAction","target":["https:\/\/hubsch-interior.com\/da\/vare\/luna-kurve-natur-saet-af-2\/"]}]},{"@type":"ImageObject","inLanguage":"da-DK","@id":"https:\/\/hubsch-interior.com\/da\/vare\/luna-kurve-natur-saet-af-2\/#primaryimage","url":"https:\/\/hubsch-interior.com\/wp-content\/uploads\/2026\/02\/luna-baskets-natural-set-of-2-398c954964e8e2a2f35390dc64b28714.jpg","contentUrl":"https:\/\/hubsch-interior.com\/wp-content\/uploads\/2026\/02\/luna-baskets-natural-set-of-2-398c954964e8e2a2f35390dc64b28714.jpg","width":1024,"height":1024},{"@type":"BreadcrumbList","@id":"https:\/\/hubsch-interior.com\/da\/vare\/luna-kurve-natur-saet-af-2\/#breadcrumb","itemListElement":[{"@type":"ListItem","position":1,"name":"Forside","item":"https:\/\/hubsch-interior.com\/da\/"},{"@type":"ListItem","position":2,"name":"Produkter","item":"https:\/\/hubsch-interior.com\/da\/produkter\/"},{"@type":"ListItem","position":3,"name":"Rekindle Collection","item":"https:\/\/hubsch-interior.com\/da\/vare-kategori\/rekindle-collection-da\/"},{"@type":"ListItem","position":4,"name":"Luna Kurve Natur (s\u00e6t af 2)"}]},{"@type":"WebSite","@id":"https:\/\/hubsch-interior.com\/da\/#website","url":"https:\/\/hubsch-interior.com\/da\/","name":"H\u00fcbsch","description":"Danish Home Interior and Design","publisher":{"@id":"https:\/\/hubsch-interior.com\/da\/#organization"},"potentialAction":[{"@type":"SearchAction","target":{"@type":"EntryPoint","urlTemplate":"https:\/\/hubsch-interior.com\/da\/?s={search_term_string}"},"query-input":{"@type":"PropertyValueSpecification","valueRequired":true,"valueName":"search_term_string"}}],"inLanguage":"da-DK"},{"@type":"Organization","@id":"https:\/\/hubsch-interior.com\/da\/#organization","name":"H\u00fcbsch","url":"https:\/\/hubsch-interior.com\/da\/","logo":{"@type":"ImageObject","inLanguage":"da-DK","@id":"https:\/\/hubsch-interior.com\/da\/#\/schema\/logo\/image\/","url":"https:\/\/hubsch-interior.com\/wp-content\/uploads\/2022\/12\/Hubsch_logo_black_one_line.svg","contentUrl":"https:\/\/hubsch-interior.com\/wp-content\/uploads\/2022\/12\/Hubsch_logo_black_one_line.svg","caption":"H\u00fcbsch"},"image":{"@id":"https:\/\/hubsch-interior.com\/da\/#\/schema\/logo\/image\/"}}]}},"_links":{"self":[{"href":"https:\/\/hubsch-interior.com\/da\/wp-json\/wp\/v2\/product\/882797","targetHints":{"allow":["GET"]}}],"collection":[{"href":"https:\/\/hubsch-interior.com\/da\/wp-json\/wp\/v2\/product"}],"about":[{"href":"https:\/\/hubsch-interior.com\/da\/wp-json\/wp\/v2\/types\/product"}],"wp:featuredmedia":[{"embeddable":true,"href":"https:\/\/hubsch-interior.com\/da\/wp-json\/wp\/v2\/media\/1095591"}],"wp:attachment":[{"href":"https:\/\/hubsch-interior.com\/da\/wp-json\/wp\/v2\/media?parent=882797"}],"wp:term":[{"taxonomy":"product_brand","embeddable":true,"href":"https:\/\/hubsch-interior.com\/da\/wp-json\/wp\/v2\/product_brand?post=882797"},{"taxonomy":"product_cat","embeddable":true,"href":"https:\/\/hubsch-interior.com\/da\/wp-json\/wp\/v2\/product_cat?post=882797"},{"taxonomy":"product_tag","embeddable":true,"href":"https:\/\/hubsch-interior.com\/da\/wp-json\/wp\/v2\/product_tag?post=882797"}],"curies":[{"name":"wp","href":"https:\/\/api.w.org\/{rel}","templated":true}]}}