{"id":888031,"date":"2023-02-24T07:59:58","date_gmt":"2023-02-24T06:59:58","guid":{"rendered":"https:\/\/hubsch-interior.com\/product\/product\/"},"modified":"2026-04-05T04:47:05","modified_gmt":"2026-04-05T02:47:05","slug":"panorama-vitrineskab-large-natur","status":"publish","type":"product","link":"https:\/\/hubsch-interior.com\/da\/vare\/panorama-vitrineskab-large-natur\/","title":{"rendered":"Panorama Vitrineskab Large Natur"},"content":{"rendered":"<p>Dette FSC\u00ae-certificerede vitrineskab er skabt med et alsidigt form\u00e5l og passer perfekt ind i b\u00e5de k\u00f8kken, spisestue og stue. Kombinationen af egetr\u00e6 og glas giver skabet et strejf af tidl\u00f8s charme, og skaber et perfekt hjem til dit favorit service og nips. Panorama-skabet udstr\u00e5ler en underspillet elegance og s\u00e6tter streg under den minimalistiske charme, som dansk design er s\u00e5 ber\u00f8mt for. Skabet fremstilles samlet, s\u00e5 du straks kan nyde skabets, rummelighed, funktionalitet og elegance. <\/p>\n","protected":false},"excerpt":{"rendered":"<p>Dette FSC\u00ae-certificerede vitrineskab er skabt med et alsidigt form\u00e5l og passer perfekt ind i b\u00e5de k\u00f8kken, spisestue og stue. Kombinationen af egetr\u00e6 og glas giver skabet et strejf af tidl\u00f8s charme, og skaber et perfekt hjem til dit favorit service og nips. Panorama-skabet udstr\u00e5ler en underspillet elegance og s\u00e6tter streg under den minimalistiske charme, som [&hellip;]<\/p>\n","protected":false},"featured_media":1101445,"template":"","meta":{"_acf_changed":false,"inline_featured_image":false},"product_brand":[],"product_cat":[6942,3999,4000,5025],"product_tag":[],"class_list":{"0":"post-888031","1":"product","2":"type-product","3":"status-publish","4":"has-post-thumbnail","6":"product_cat-bestseller-2025-da","7":"product_cat-reoler-opbevaring-da","8":"product_cat-vitrineskabe-da","9":"product_cat-bestsellers-da","10":"product_shipping_class-p10","11":"pa_color-natur-2","12":"pa_material-glas-da","13":"pa_material-mdf-da","14":"pa_material-egetr","15":"pa_material-egetrsfiner","17":"first","18":"outofstock","19":"featured","20":"taxable","21":"shipping-taxable","22":"purchasable","23":"product-type-simple"},"exclude_global_add_ons":[],"addons":[],"acf":[],"yoast_head":"<!-- This site is optimized with the Yoast SEO plugin v26.4 - https:\/\/yoast.com\/wordpress\/plugins\/seo\/ -->\n<title>Panorama Vitrineskab Large Natur - H\u00fcbsch<\/title>\n<meta name=\"description\" content=\"Dette FSC\u00ae-certificerede vitrineskab er skabt med et alsidigt form\u00e5l og passer perfekt ind i b\u00e5de k\u00f8kken, spisestue og stue. Kombinationen af egetr\u00e6 og\" \/>\n<meta name=\"robots\" content=\"index, follow, max-snippet:-1, max-image-preview:large, max-video-preview:-1\" \/>\n<link rel=\"canonical\" href=\"https:\/\/hubsch-interior.com\/da\/wp-json\/wp\/v2\/product\/888031\" \/>\n<meta property=\"og:locale\" content=\"da_DK\" \/>\n<meta property=\"og:type\" content=\"article\" \/>\n<meta property=\"og:title\" content=\"Panorama Vitrineskab Large Natur - H\u00fcbsch\" \/>\n<meta property=\"og:description\" content=\"Dette FSC\u00ae-certificerede vitrineskab er skabt med et alsidigt form\u00e5l og passer perfekt ind i b\u00e5de k\u00f8kken, spisestue og stue. Kombinationen af egetr\u00e6 og\" \/>\n<meta property=\"og:url\" content=\"https:\/\/hubsch-interior.com\/da\/vare\/panorama-vitrineskab-large-natur\/\" \/>\n<meta property=\"og:site_name\" content=\"H\u00fcbsch\" \/>\n<meta property=\"article:modified_time\" content=\"2026-04-05T02:47:05+00:00\" \/>\n<meta property=\"og:image\" content=\"https:\/\/hubsch-interior.com\/wp-content\/uploads\/2023\/08\/panorama-display-cabinet-large-natural-c928a649425ef1dc791bf27c4b645ae8.jpg\" \/>\n\t<meta property=\"og:image:width\" content=\"1200\" \/>\n\t<meta property=\"og:image:height\" content=\"1200\" \/>\n\t<meta property=\"og:image:type\" content=\"image\/jpeg\" \/>\n<meta name=\"twitter:card\" content=\"summary_large_image\" \/>\n<script type=\"application\/ld+json\" class=\"yoast-schema-graph\">{\"@context\":\"https:\/\/schema.org\",\"@graph\":[{\"@type\":\"WebPage\",\"@id\":\"https:\/\/hubsch-interior.com\/da\/vare\/panorama-vitrineskab-large-natur\/\",\"url\":\"https:\/\/hubsch-interior.com\/da\/vare\/panorama-vitrineskab-large-natur\/\",\"name\":\"Panorama Vitrineskab Large Natur - H\u00fcbsch\",\"isPartOf\":{\"@id\":\"https:\/\/hubsch-interior.com\/da\/#website\"},\"primaryImageOfPage\":{\"@id\":\"https:\/\/hubsch-interior.com\/da\/vare\/panorama-vitrineskab-large-natur\/#primaryimage\"},\"image\":{\"@id\":\"https:\/\/hubsch-interior.com\/da\/vare\/panorama-vitrineskab-large-natur\/#primaryimage\"},\"thumbnailUrl\":\"https:\/\/hubsch-interior.com\/wp-content\/uploads\/2026\/02\/panorama-display-cabinet-large-natural-5c56bc185c1c0dd5bf8e0e40ebf5e853.jpg\",\"datePublished\":\"2023-02-24T06:59:58+00:00\",\"dateModified\":\"2026-04-05T02:47:05+00:00\",\"description\":\"Dette FSC\u00ae-certificerede vitrineskab er skabt med et alsidigt form\u00e5l og passer perfekt ind i b\u00e5de k\u00f8kken, spisestue og stue. Kombinationen af egetr\u00e6 og\",\"breadcrumb\":{\"@id\":\"https:\/\/hubsch-interior.com\/da\/vare\/panorama-vitrineskab-large-natur\/#breadcrumb\"},\"inLanguage\":\"da-DK\",\"potentialAction\":[{\"@type\":\"ReadAction\",\"target\":[\"https:\/\/hubsch-interior.com\/da\/vare\/panorama-vitrineskab-large-natur\/\"]}]},{\"@type\":\"ImageObject\",\"inLanguage\":\"da-DK\",\"@id\":\"https:\/\/hubsch-interior.com\/da\/vare\/panorama-vitrineskab-large-natur\/#primaryimage\",\"url\":\"https:\/\/hubsch-interior.com\/wp-content\/uploads\/2026\/02\/panorama-display-cabinet-large-natural-5c56bc185c1c0dd5bf8e0e40ebf5e853.jpg\",\"contentUrl\":\"https:\/\/hubsch-interior.com\/wp-content\/uploads\/2026\/02\/panorama-display-cabinet-large-natural-5c56bc185c1c0dd5bf8e0e40ebf5e853.jpg\",\"width\":1024,\"height\":1024},{\"@type\":\"BreadcrumbList\",\"@id\":\"https:\/\/hubsch-interior.com\/da\/vare\/panorama-vitrineskab-large-natur\/#breadcrumb\",\"itemListElement\":[{\"@type\":\"ListItem\",\"position\":1,\"name\":\"Forside\",\"item\":\"https:\/\/hubsch-interior.com\/da\/\"},{\"@type\":\"ListItem\",\"position\":2,\"name\":\"Produkter\",\"item\":\"https:\/\/hubsch-interior.com\/da\/produkter\/\"},{\"@type\":\"ListItem\",\"position\":3,\"name\":\"M\u00f8bler\",\"item\":\"https:\/\/hubsch-interior.com\/da\/vare-kategori\/mobler\/\"},{\"@type\":\"ListItem\",\"position\":4,\"name\":\"Reoler &amp; opbevaring\",\"item\":\"https:\/\/hubsch-interior.com\/da\/vare-kategori\/mobler\/reoler-opbevaring-da\/\"},{\"@type\":\"ListItem\",\"position\":5,\"name\":\"Vitrineskabe\",\"item\":\"https:\/\/hubsch-interior.com\/da\/vare-kategori\/mobler\/reoler-opbevaring-da\/vitrineskabe-da\/\"},{\"@type\":\"ListItem\",\"position\":6,\"name\":\"Panorama Vitrineskab Large Natur\"}]},{\"@type\":\"WebSite\",\"@id\":\"https:\/\/hubsch-interior.com\/da\/#website\",\"url\":\"https:\/\/hubsch-interior.com\/da\/\",\"name\":\"H\u00fcbsch\",\"description\":\"Danish Home Interior and Design\",\"publisher\":{\"@id\":\"https:\/\/hubsch-interior.com\/da\/#organization\"},\"potentialAction\":[{\"@type\":\"SearchAction\",\"target\":{\"@type\":\"EntryPoint\",\"urlTemplate\":\"https:\/\/hubsch-interior.com\/da\/?s={search_term_string}\"},\"query-input\":{\"@type\":\"PropertyValueSpecification\",\"valueRequired\":true,\"valueName\":\"search_term_string\"}}],\"inLanguage\":\"da-DK\"},{\"@type\":\"Organization\",\"@id\":\"https:\/\/hubsch-interior.com\/da\/#organization\",\"name\":\"H\u00fcbsch\",\"url\":\"https:\/\/hubsch-interior.com\/da\/\",\"logo\":{\"@type\":\"ImageObject\",\"inLanguage\":\"da-DK\",\"@id\":\"https:\/\/hubsch-interior.com\/da\/#\/schema\/logo\/image\/\",\"url\":\"https:\/\/hubsch-interior.com\/wp-content\/uploads\/2022\/12\/Hubsch_logo_black_one_line.svg\",\"contentUrl\":\"https:\/\/hubsch-interior.com\/wp-content\/uploads\/2022\/12\/Hubsch_logo_black_one_line.svg\",\"caption\":\"H\u00fcbsch\"},\"image\":{\"@id\":\"https:\/\/hubsch-interior.com\/da\/#\/schema\/logo\/image\/\"}}]}<\/script>\n<!-- \/ Yoast SEO plugin. -->","yoast_head_json":{"title":"Panorama Vitrineskab Large Natur - H\u00fcbsch","description":"Dette FSC\u00ae-certificerede vitrineskab er skabt med et alsidigt form\u00e5l og passer perfekt ind i b\u00e5de k\u00f8kken, spisestue og stue. Kombinationen af egetr\u00e6 og","robots":{"index":"index","follow":"follow","max-snippet":"max-snippet:-1","max-image-preview":"max-image-preview:large","max-video-preview":"max-video-preview:-1"},"canonical":"https:\/\/hubsch-interior.com\/da\/wp-json\/wp\/v2\/product\/888031","og_locale":"da_DK","og_type":"article","og_title":"Panorama Vitrineskab Large Natur - H\u00fcbsch","og_description":"Dette FSC\u00ae-certificerede vitrineskab er skabt med et alsidigt form\u00e5l og passer perfekt ind i b\u00e5de k\u00f8kken, spisestue og stue. Kombinationen af egetr\u00e6 og","og_url":"https:\/\/hubsch-interior.com\/da\/vare\/panorama-vitrineskab-large-natur\/","og_site_name":"H\u00fcbsch","article_modified_time":"2026-04-05T02:47:05+00:00","og_image":[{"width":1200,"height":1200,"url":"https:\/\/hubsch-interior.com\/wp-content\/uploads\/2023\/08\/panorama-display-cabinet-large-natural-c928a649425ef1dc791bf27c4b645ae8.jpg","type":"image\/jpeg"}],"twitter_card":"summary_large_image","schema":{"@context":"https:\/\/schema.org","@graph":[{"@type":"WebPage","@id":"https:\/\/hubsch-interior.com\/da\/vare\/panorama-vitrineskab-large-natur\/","url":"https:\/\/hubsch-interior.com\/da\/vare\/panorama-vitrineskab-large-natur\/","name":"Panorama Vitrineskab Large Natur - H\u00fcbsch","isPartOf":{"@id":"https:\/\/hubsch-interior.com\/da\/#website"},"primaryImageOfPage":{"@id":"https:\/\/hubsch-interior.com\/da\/vare\/panorama-vitrineskab-large-natur\/#primaryimage"},"image":{"@id":"https:\/\/hubsch-interior.com\/da\/vare\/panorama-vitrineskab-large-natur\/#primaryimage"},"thumbnailUrl":"https:\/\/hubsch-interior.com\/wp-content\/uploads\/2026\/02\/panorama-display-cabinet-large-natural-5c56bc185c1c0dd5bf8e0e40ebf5e853.jpg","datePublished":"2023-02-24T06:59:58+00:00","dateModified":"2026-04-05T02:47:05+00:00","description":"Dette FSC\u00ae-certificerede vitrineskab er skabt med et alsidigt form\u00e5l og passer perfekt ind i b\u00e5de k\u00f8kken, spisestue og stue. Kombinationen af egetr\u00e6 og","breadcrumb":{"@id":"https:\/\/hubsch-interior.com\/da\/vare\/panorama-vitrineskab-large-natur\/#breadcrumb"},"inLanguage":"da-DK","potentialAction":[{"@type":"ReadAction","target":["https:\/\/hubsch-interior.com\/da\/vare\/panorama-vitrineskab-large-natur\/"]}]},{"@type":"ImageObject","inLanguage":"da-DK","@id":"https:\/\/hubsch-interior.com\/da\/vare\/panorama-vitrineskab-large-natur\/#primaryimage","url":"https:\/\/hubsch-interior.com\/wp-content\/uploads\/2026\/02\/panorama-display-cabinet-large-natural-5c56bc185c1c0dd5bf8e0e40ebf5e853.jpg","contentUrl":"https:\/\/hubsch-interior.com\/wp-content\/uploads\/2026\/02\/panorama-display-cabinet-large-natural-5c56bc185c1c0dd5bf8e0e40ebf5e853.jpg","width":1024,"height":1024},{"@type":"BreadcrumbList","@id":"https:\/\/hubsch-interior.com\/da\/vare\/panorama-vitrineskab-large-natur\/#breadcrumb","itemListElement":[{"@type":"ListItem","position":1,"name":"Forside","item":"https:\/\/hubsch-interior.com\/da\/"},{"@type":"ListItem","position":2,"name":"Produkter","item":"https:\/\/hubsch-interior.com\/da\/produkter\/"},{"@type":"ListItem","position":3,"name":"M\u00f8bler","item":"https:\/\/hubsch-interior.com\/da\/vare-kategori\/mobler\/"},{"@type":"ListItem","position":4,"name":"Reoler &amp; opbevaring","item":"https:\/\/hubsch-interior.com\/da\/vare-kategori\/mobler\/reoler-opbevaring-da\/"},{"@type":"ListItem","position":5,"name":"Vitrineskabe","item":"https:\/\/hubsch-interior.com\/da\/vare-kategori\/mobler\/reoler-opbevaring-da\/vitrineskabe-da\/"},{"@type":"ListItem","position":6,"name":"Panorama Vitrineskab Large Natur"}]},{"@type":"WebSite","@id":"https:\/\/hubsch-interior.com\/da\/#website","url":"https:\/\/hubsch-interior.com\/da\/","name":"H\u00fcbsch","description":"Danish Home Interior and Design","publisher":{"@id":"https:\/\/hubsch-interior.com\/da\/#organization"},"potentialAction":[{"@type":"SearchAction","target":{"@type":"EntryPoint","urlTemplate":"https:\/\/hubsch-interior.com\/da\/?s={search_term_string}"},"query-input":{"@type":"PropertyValueSpecification","valueRequired":true,"valueName":"search_term_string"}}],"inLanguage":"da-DK"},{"@type":"Organization","@id":"https:\/\/hubsch-interior.com\/da\/#organization","name":"H\u00fcbsch","url":"https:\/\/hubsch-interior.com\/da\/","logo":{"@type":"ImageObject","inLanguage":"da-DK","@id":"https:\/\/hubsch-interior.com\/da\/#\/schema\/logo\/image\/","url":"https:\/\/hubsch-interior.com\/wp-content\/uploads\/2022\/12\/Hubsch_logo_black_one_line.svg","contentUrl":"https:\/\/hubsch-interior.com\/wp-content\/uploads\/2022\/12\/Hubsch_logo_black_one_line.svg","caption":"H\u00fcbsch"},"image":{"@id":"https:\/\/hubsch-interior.com\/da\/#\/schema\/logo\/image\/"}}]}},"_links":{"self":[{"href":"https:\/\/hubsch-interior.com\/da\/wp-json\/wp\/v2\/product\/888031","targetHints":{"allow":["GET"]}}],"collection":[{"href":"https:\/\/hubsch-interior.com\/da\/wp-json\/wp\/v2\/product"}],"about":[{"href":"https:\/\/hubsch-interior.com\/da\/wp-json\/wp\/v2\/types\/product"}],"wp:featuredmedia":[{"embeddable":true,"href":"https:\/\/hubsch-interior.com\/da\/wp-json\/wp\/v2\/media\/1101445"}],"wp:attachment":[{"href":"https:\/\/hubsch-interior.com\/da\/wp-json\/wp\/v2\/media?parent=888031"}],"wp:term":[{"taxonomy":"product_brand","embeddable":true,"href":"https:\/\/hubsch-interior.com\/da\/wp-json\/wp\/v2\/product_brand?post=888031"},{"taxonomy":"product_cat","embeddable":true,"href":"https:\/\/hubsch-interior.com\/da\/wp-json\/wp\/v2\/product_cat?post=888031"},{"taxonomy":"product_tag","embeddable":true,"href":"https:\/\/hubsch-interior.com\/da\/wp-json\/wp\/v2\/product_tag?post=888031"}],"curies":[{"name":"wp","href":"https:\/\/api.w.org\/{rel}","templated":true}]}}