{"id":898471,"date":"2023-05-31T14:40:39","date_gmt":"2023-05-31T12:40:39","guid":{"rendered":"https:\/\/hubsch-interior.com\/product\/product\/"},"modified":"2026-04-10T04:41:38","modified_gmt":"2026-04-10T02:41:38","slug":"pavilion-plaid-stribet-okker-flerfarvet","status":"publish","type":"product","link":"https:\/\/hubsch-interior.com\/da\/vare\/pavilion-plaid-stribet-okker-flerfarvet\/","title":{"rendered":"Pavilion Plaid Stribet Okker\/\u00a0Flerfarvet"},"content":{"rendered":"<p>N\u00e5r solens str\u00e5ler kigger frem, s\u00e5 skynd dig at pakke denne smukke quiltede plaid i en taske og tag p\u00e5 nye eventyr. Perfekt til picnics, til at holde dig varm eller som et stribet input i din yndlingsloungestol. T\u00e6ppet er lavet af OEKO-TEX\u00ae STANDARD 100\u00ae bomuld og vi er vilde med det stribede og farverige udtryk. Ja. Ok. Du m\u00e5 ogs\u00e5 gerne bruge t\u00e6ppet som et superfint senget\u00e6ppe. <\/p>\n","protected":false},"excerpt":{"rendered":"<p>N\u00e5r solens str\u00e5ler kigger frem, s\u00e5 skynd dig at pakke denne smukke quiltede plaid i en taske og tag p\u00e5 nye eventyr. Perfekt til picnics, til at holde dig varm eller som et stribet input i din yndlingsloungestol. T\u00e6ppet er lavet af OEKO-TEX\u00ae STANDARD 100\u00ae bomuld og vi er vilde med det stribede og farverige [&hellip;]<\/p>\n","protected":false},"featured_media":1100107,"template":"","meta":{"_acf_changed":false,"inline_featured_image":false},"product_brand":[],"product_cat":[6970,6347,3000,4941,6362,5025,6517],"product_tag":[],"class_list":{"0":"post-898471","1":"product","2":"type-product","3":"status-publish","4":"has-post-thumbnail","6":"product_cat-paaskeudsalg","7":"product_cat-garden-selection-da","8":"product_cat-tekstiler","9":"product_cat-plaider-da","10":"product_cat-sengetaepper-da","11":"product_cat-bestsellers-da","12":"product_cat-outlet-da","13":"product_shipping_class-pk","15":"pa_color-okker","16":"pa_color-flerfarvet-2","17":"pa_material-cotton-100-da","19":"first","20":"instock","21":"sale","22":"featured","23":"taxable","24":"shipping-taxable","25":"purchasable","26":"product-type-simple"},"exclude_global_add_ons":[],"addons":[],"acf":[],"yoast_head":"<!-- This site is optimized with the Yoast SEO plugin v26.4 - https:\/\/yoast.com\/wordpress\/plugins\/seo\/ -->\n<title>Pavilion Plaid Stribet Okker\/\u00a0Flerfarvet - H\u00fcbsch<\/title>\n<meta name=\"description\" content=\"N\u00e5r solens str\u00e5ler kigger frem, s\u00e5 skynd dig at pakke denne smukke quiltede plaid i en taske og tag p\u00e5 nye eventyr. Perfekt til picnics, til at holde dig\" \/>\n<meta name=\"robots\" content=\"index, follow, max-snippet:-1, max-image-preview:large, max-video-preview:-1\" \/>\n<link rel=\"canonical\" href=\"https:\/\/hubsch-interior.com\/da\/wp-json\/wp\/v2\/product\/898471\" \/>\n<meta property=\"og:locale\" content=\"da_DK\" \/>\n<meta property=\"og:type\" content=\"article\" \/>\n<meta property=\"og:title\" content=\"Pavilion Plaid Stribet Okker\/\u00a0Flerfarvet - H\u00fcbsch\" \/>\n<meta property=\"og:description\" content=\"N\u00e5r solens str\u00e5ler kigger frem, s\u00e5 skynd dig at pakke denne smukke quiltede plaid i en taske og tag p\u00e5 nye eventyr. Perfekt til picnics, til at holde dig\" \/>\n<meta property=\"og:url\" content=\"https:\/\/hubsch-interior.com\/da\/vare\/pavilion-plaid-stribet-okker-flerfarvet\/\" \/>\n<meta property=\"og:site_name\" content=\"H\u00fcbsch\" \/>\n<meta property=\"article:modified_time\" content=\"2026-04-10T02:41:38+00:00\" \/>\n<meta property=\"og:image\" content=\"https:\/\/hubsch-interior.com\/wp-content\/uploads\/2026\/02\/pavilion-plaid-stripe-ochremulticolour-38b330c670cefeb152aa3a52cca1a621.jpg\" \/>\n\t<meta property=\"og:image:width\" content=\"1024\" \/>\n\t<meta property=\"og:image:height\" content=\"1024\" \/>\n\t<meta property=\"og:image:type\" content=\"image\/jpeg\" \/>\n<meta name=\"twitter:card\" content=\"summary_large_image\" \/>\n<meta name=\"twitter:label1\" content=\"Estimeret l\u00e6setid\" \/>\n\t<meta name=\"twitter:data1\" content=\"1 minut\" \/>\n<script type=\"application\/ld+json\" class=\"yoast-schema-graph\">{\"@context\":\"https:\/\/schema.org\",\"@graph\":[{\"@type\":\"WebPage\",\"@id\":\"https:\/\/hubsch-interior.com\/da\/vare\/pavilion-plaid-stribet-okker-flerfarvet\/\",\"url\":\"https:\/\/hubsch-interior.com\/da\/vare\/pavilion-plaid-stribet-okker-flerfarvet\/\",\"name\":\"Pavilion Plaid Stribet Okker\/\u00a0Flerfarvet - H\u00fcbsch\",\"isPartOf\":{\"@id\":\"https:\/\/hubsch-interior.com\/da\/#website\"},\"primaryImageOfPage\":{\"@id\":\"https:\/\/hubsch-interior.com\/da\/vare\/pavilion-plaid-stribet-okker-flerfarvet\/#primaryimage\"},\"image\":{\"@id\":\"https:\/\/hubsch-interior.com\/da\/vare\/pavilion-plaid-stribet-okker-flerfarvet\/#primaryimage\"},\"thumbnailUrl\":\"https:\/\/hubsch-interior.com\/wp-content\/uploads\/2026\/02\/pavilion-plaid-stripe-ochremulticolour-38b330c670cefeb152aa3a52cca1a621.jpg\",\"datePublished\":\"2023-05-31T12:40:39+00:00\",\"dateModified\":\"2026-04-10T02:41:38+00:00\",\"description\":\"N\u00e5r solens str\u00e5ler kigger frem, s\u00e5 skynd dig at pakke denne smukke quiltede plaid i en taske og tag p\u00e5 nye eventyr. Perfekt til picnics, til at holde dig\",\"breadcrumb\":{\"@id\":\"https:\/\/hubsch-interior.com\/da\/vare\/pavilion-plaid-stribet-okker-flerfarvet\/#breadcrumb\"},\"inLanguage\":\"da-DK\",\"potentialAction\":[{\"@type\":\"ReadAction\",\"target\":[\"https:\/\/hubsch-interior.com\/da\/vare\/pavilion-plaid-stribet-okker-flerfarvet\/\"]}]},{\"@type\":\"ImageObject\",\"inLanguage\":\"da-DK\",\"@id\":\"https:\/\/hubsch-interior.com\/da\/vare\/pavilion-plaid-stribet-okker-flerfarvet\/#primaryimage\",\"url\":\"https:\/\/hubsch-interior.com\/wp-content\/uploads\/2026\/02\/pavilion-plaid-stripe-ochremulticolour-38b330c670cefeb152aa3a52cca1a621.jpg\",\"contentUrl\":\"https:\/\/hubsch-interior.com\/wp-content\/uploads\/2026\/02\/pavilion-plaid-stripe-ochremulticolour-38b330c670cefeb152aa3a52cca1a621.jpg\",\"width\":1024,\"height\":1024},{\"@type\":\"BreadcrumbList\",\"@id\":\"https:\/\/hubsch-interior.com\/da\/vare\/pavilion-plaid-stribet-okker-flerfarvet\/#breadcrumb\",\"itemListElement\":[{\"@type\":\"ListItem\",\"position\":1,\"name\":\"Forside\",\"item\":\"https:\/\/hubsch-interior.com\/da\/\"},{\"@type\":\"ListItem\",\"position\":2,\"name\":\"Produkter\",\"item\":\"https:\/\/hubsch-interior.com\/da\/produkter\/\"},{\"@type\":\"ListItem\",\"position\":3,\"name\":\"Tekstiler\",\"item\":\"https:\/\/hubsch-interior.com\/da\/vare-kategori\/tekstiler\/\"},{\"@type\":\"ListItem\",\"position\":4,\"name\":\"Plaider\",\"item\":\"https:\/\/hubsch-interior.com\/da\/vare-kategori\/tekstiler\/plaider-da\/\"},{\"@type\":\"ListItem\",\"position\":5,\"name\":\"Pavilion Plaid Stribet Okker\/\u00a0Flerfarvet\"}]},{\"@type\":\"WebSite\",\"@id\":\"https:\/\/hubsch-interior.com\/da\/#website\",\"url\":\"https:\/\/hubsch-interior.com\/da\/\",\"name\":\"H\u00fcbsch\",\"description\":\"Danish Home Interior and Design\",\"publisher\":{\"@id\":\"https:\/\/hubsch-interior.com\/da\/#organization\"},\"potentialAction\":[{\"@type\":\"SearchAction\",\"target\":{\"@type\":\"EntryPoint\",\"urlTemplate\":\"https:\/\/hubsch-interior.com\/da\/?s={search_term_string}\"},\"query-input\":{\"@type\":\"PropertyValueSpecification\",\"valueRequired\":true,\"valueName\":\"search_term_string\"}}],\"inLanguage\":\"da-DK\"},{\"@type\":\"Organization\",\"@id\":\"https:\/\/hubsch-interior.com\/da\/#organization\",\"name\":\"H\u00fcbsch\",\"url\":\"https:\/\/hubsch-interior.com\/da\/\",\"logo\":{\"@type\":\"ImageObject\",\"inLanguage\":\"da-DK\",\"@id\":\"https:\/\/hubsch-interior.com\/da\/#\/schema\/logo\/image\/\",\"url\":\"https:\/\/hubsch-interior.com\/wp-content\/uploads\/2022\/12\/Hubsch_logo_black_one_line.svg\",\"contentUrl\":\"https:\/\/hubsch-interior.com\/wp-content\/uploads\/2022\/12\/Hubsch_logo_black_one_line.svg\",\"caption\":\"H\u00fcbsch\"},\"image\":{\"@id\":\"https:\/\/hubsch-interior.com\/da\/#\/schema\/logo\/image\/\"}}]}<\/script>\n<!-- \/ Yoast SEO plugin. -->","yoast_head_json":{"title":"Pavilion Plaid Stribet Okker\/\u00a0Flerfarvet - H\u00fcbsch","description":"N\u00e5r solens str\u00e5ler kigger frem, s\u00e5 skynd dig at pakke denne smukke quiltede plaid i en taske og tag p\u00e5 nye eventyr. Perfekt til picnics, til at holde dig","robots":{"index":"index","follow":"follow","max-snippet":"max-snippet:-1","max-image-preview":"max-image-preview:large","max-video-preview":"max-video-preview:-1"},"canonical":"https:\/\/hubsch-interior.com\/da\/wp-json\/wp\/v2\/product\/898471","og_locale":"da_DK","og_type":"article","og_title":"Pavilion Plaid Stribet Okker\/\u00a0Flerfarvet - H\u00fcbsch","og_description":"N\u00e5r solens str\u00e5ler kigger frem, s\u00e5 skynd dig at pakke denne smukke quiltede plaid i en taske og tag p\u00e5 nye eventyr. Perfekt til picnics, til at holde dig","og_url":"https:\/\/hubsch-interior.com\/da\/vare\/pavilion-plaid-stribet-okker-flerfarvet\/","og_site_name":"H\u00fcbsch","article_modified_time":"2026-04-10T02:41:38+00:00","og_image":[{"width":1024,"height":1024,"url":"https:\/\/hubsch-interior.com\/wp-content\/uploads\/2026\/02\/pavilion-plaid-stripe-ochremulticolour-38b330c670cefeb152aa3a52cca1a621.jpg","type":"image\/jpeg"}],"twitter_card":"summary_large_image","twitter_misc":{"Estimeret l\u00e6setid":"1 minut"},"schema":{"@context":"https:\/\/schema.org","@graph":[{"@type":"WebPage","@id":"https:\/\/hubsch-interior.com\/da\/vare\/pavilion-plaid-stribet-okker-flerfarvet\/","url":"https:\/\/hubsch-interior.com\/da\/vare\/pavilion-plaid-stribet-okker-flerfarvet\/","name":"Pavilion Plaid Stribet Okker\/\u00a0Flerfarvet - H\u00fcbsch","isPartOf":{"@id":"https:\/\/hubsch-interior.com\/da\/#website"},"primaryImageOfPage":{"@id":"https:\/\/hubsch-interior.com\/da\/vare\/pavilion-plaid-stribet-okker-flerfarvet\/#primaryimage"},"image":{"@id":"https:\/\/hubsch-interior.com\/da\/vare\/pavilion-plaid-stribet-okker-flerfarvet\/#primaryimage"},"thumbnailUrl":"https:\/\/hubsch-interior.com\/wp-content\/uploads\/2026\/02\/pavilion-plaid-stripe-ochremulticolour-38b330c670cefeb152aa3a52cca1a621.jpg","datePublished":"2023-05-31T12:40:39+00:00","dateModified":"2026-04-10T02:41:38+00:00","description":"N\u00e5r solens str\u00e5ler kigger frem, s\u00e5 skynd dig at pakke denne smukke quiltede plaid i en taske og tag p\u00e5 nye eventyr. Perfekt til picnics, til at holde dig","breadcrumb":{"@id":"https:\/\/hubsch-interior.com\/da\/vare\/pavilion-plaid-stribet-okker-flerfarvet\/#breadcrumb"},"inLanguage":"da-DK","potentialAction":[{"@type":"ReadAction","target":["https:\/\/hubsch-interior.com\/da\/vare\/pavilion-plaid-stribet-okker-flerfarvet\/"]}]},{"@type":"ImageObject","inLanguage":"da-DK","@id":"https:\/\/hubsch-interior.com\/da\/vare\/pavilion-plaid-stribet-okker-flerfarvet\/#primaryimage","url":"https:\/\/hubsch-interior.com\/wp-content\/uploads\/2026\/02\/pavilion-plaid-stripe-ochremulticolour-38b330c670cefeb152aa3a52cca1a621.jpg","contentUrl":"https:\/\/hubsch-interior.com\/wp-content\/uploads\/2026\/02\/pavilion-plaid-stripe-ochremulticolour-38b330c670cefeb152aa3a52cca1a621.jpg","width":1024,"height":1024},{"@type":"BreadcrumbList","@id":"https:\/\/hubsch-interior.com\/da\/vare\/pavilion-plaid-stribet-okker-flerfarvet\/#breadcrumb","itemListElement":[{"@type":"ListItem","position":1,"name":"Forside","item":"https:\/\/hubsch-interior.com\/da\/"},{"@type":"ListItem","position":2,"name":"Produkter","item":"https:\/\/hubsch-interior.com\/da\/produkter\/"},{"@type":"ListItem","position":3,"name":"Tekstiler","item":"https:\/\/hubsch-interior.com\/da\/vare-kategori\/tekstiler\/"},{"@type":"ListItem","position":4,"name":"Plaider","item":"https:\/\/hubsch-interior.com\/da\/vare-kategori\/tekstiler\/plaider-da\/"},{"@type":"ListItem","position":5,"name":"Pavilion Plaid Stribet Okker\/\u00a0Flerfarvet"}]},{"@type":"WebSite","@id":"https:\/\/hubsch-interior.com\/da\/#website","url":"https:\/\/hubsch-interior.com\/da\/","name":"H\u00fcbsch","description":"Danish Home Interior and Design","publisher":{"@id":"https:\/\/hubsch-interior.com\/da\/#organization"},"potentialAction":[{"@type":"SearchAction","target":{"@type":"EntryPoint","urlTemplate":"https:\/\/hubsch-interior.com\/da\/?s={search_term_string}"},"query-input":{"@type":"PropertyValueSpecification","valueRequired":true,"valueName":"search_term_string"}}],"inLanguage":"da-DK"},{"@type":"Organization","@id":"https:\/\/hubsch-interior.com\/da\/#organization","name":"H\u00fcbsch","url":"https:\/\/hubsch-interior.com\/da\/","logo":{"@type":"ImageObject","inLanguage":"da-DK","@id":"https:\/\/hubsch-interior.com\/da\/#\/schema\/logo\/image\/","url":"https:\/\/hubsch-interior.com\/wp-content\/uploads\/2022\/12\/Hubsch_logo_black_one_line.svg","contentUrl":"https:\/\/hubsch-interior.com\/wp-content\/uploads\/2022\/12\/Hubsch_logo_black_one_line.svg","caption":"H\u00fcbsch"},"image":{"@id":"https:\/\/hubsch-interior.com\/da\/#\/schema\/logo\/image\/"}}]}},"_links":{"self":[{"href":"https:\/\/hubsch-interior.com\/da\/wp-json\/wp\/v2\/product\/898471","targetHints":{"allow":["GET"]}}],"collection":[{"href":"https:\/\/hubsch-interior.com\/da\/wp-json\/wp\/v2\/product"}],"about":[{"href":"https:\/\/hubsch-interior.com\/da\/wp-json\/wp\/v2\/types\/product"}],"wp:featuredmedia":[{"embeddable":true,"href":"https:\/\/hubsch-interior.com\/da\/wp-json\/wp\/v2\/media\/1100107"}],"wp:attachment":[{"href":"https:\/\/hubsch-interior.com\/da\/wp-json\/wp\/v2\/media?parent=898471"}],"wp:term":[{"taxonomy":"product_brand","embeddable":true,"href":"https:\/\/hubsch-interior.com\/da\/wp-json\/wp\/v2\/product_brand?post=898471"},{"taxonomy":"product_cat","embeddable":true,"href":"https:\/\/hubsch-interior.com\/da\/wp-json\/wp\/v2\/product_cat?post=898471"},{"taxonomy":"product_tag","embeddable":true,"href":"https:\/\/hubsch-interior.com\/da\/wp-json\/wp\/v2\/product_tag?post=898471"}],"curies":[{"name":"wp","href":"https:\/\/api.w.org\/{rel}","templated":true}]}}