{"id":899458,"date":"2023-06-13T09:07:43","date_gmt":"2023-06-13T07:07:43","guid":{"rendered":"https:\/\/hubsch-interior.com\/product\/product\/"},"modified":"2026-04-11T04:24:50","modified_gmt":"2026-04-11T02:24:50","slug":"bonbon-glasskal-large-bla-rod","status":"publish","type":"product","link":"https:\/\/hubsch-interior.com\/da\/vare\/bonbon-glasskal-large-bla-rod\/","title":{"rendered":"Bonbon Glassk\u00e5l Large Bl\u00e5\/R\u00f8d"},"content":{"rendered":"<p>H\u00e5ndlavet og skabt med en tekstureret overflade vil de nye Bonbon-sk\u00e5le med garanti opgradere hverdagens sm\u00e5ting og nips. Bonbons versatile design tillader, at sk\u00e5len kan separeres fra foden, og hermed kan du nemt mikse og matche med andre elementer fra serien. Dette betyder, at du kan skabe dine egne unikke farvekombinationer, som passer pr\u00e6cis til din smag.<br \/>\nUanset om du bruger denne bl\u00e5 og r\u00f8de sk\u00e5l til frugt p\u00e5 k\u00f8kkenbordet eller som et dekorativt element p\u00e5 en hylde, vil Bonbon-sk\u00e5len med garanti g\u00f8re et indtryk. Bonbon-serien er godkendt til f\u00f8devarer.<\/p>\n","protected":false},"excerpt":{"rendered":"<p>H\u00e5ndlavet og skabt med en tekstureret overflade vil de nye Bonbon-sk\u00e5le med garanti opgradere hverdagens sm\u00e5ting og nips. Bonbons versatile design tillader, at sk\u00e5len kan separeres fra foden, og hermed kan du nemt mikse og matche med andre elementer fra serien. Dette betyder, at du kan skabe dine egne unikke farvekombinationer, som passer pr\u00e6cis til [&hellip;]<\/p>\n","protected":false},"featured_media":1095884,"template":"","meta":{"_acf_changed":false,"inline_featured_image":false},"product_brand":[],"product_cat":[7025,6737,6970,7042,4051,4094,5025,6517],"product_tag":[],"class_list":{"0":"post-899458","1":"product","2":"type-product","3":"status-publish","4":"has-post-thumbnail","6":"product_cat-bordservice-da-2","7":"product_cat-colour-revival-da","8":"product_cat-paaskeudsalg","9":"product_cat-serveringsskaale-da","10":"product_cat-koekkentilbehoer-da","11":"product_cat-bordservice-da","12":"product_cat-bestsellers-da","13":"product_cat-outlet-da","14":"product_shipping_class-pk","16":"pa_color-bl","17":"pa_color-rd","18":"pa_material-glas-da","20":"first","21":"instock","22":"sale","23":"featured","24":"taxable","25":"shipping-taxable","26":"purchasable","27":"product-type-simple"},"exclude_global_add_ons":[],"addons":[],"acf":[],"yoast_head":"<!-- This site is optimized with the Yoast SEO plugin v26.4 - https:\/\/yoast.com\/wordpress\/plugins\/seo\/ -->\n<title>Bonbon Glassk\u00e5l Large Bl\u00e5\/R\u00f8d - H\u00fcbsch<\/title>\n<meta name=\"description\" content=\"H\u00e5ndlavet og skabt med en tekstureret overflade vil de nye Bonbon-sk\u00e5le med garanti opgradere hverdagens sm\u00e5ting og nips. Bonbons versatile design\" \/>\n<meta name=\"robots\" content=\"index, follow, max-snippet:-1, max-image-preview:large, max-video-preview:-1\" \/>\n<link rel=\"canonical\" href=\"https:\/\/hubsch-interior.com\/da\/wp-json\/wp\/v2\/product\/899458\" \/>\n<meta property=\"og:locale\" content=\"da_DK\" \/>\n<meta property=\"og:type\" content=\"article\" \/>\n<meta property=\"og:title\" content=\"Bonbon Glassk\u00e5l Large Bl\u00e5\/R\u00f8d - H\u00fcbsch\" \/>\n<meta property=\"og:description\" content=\"H\u00e5ndlavet og skabt med en tekstureret overflade vil de nye Bonbon-sk\u00e5le med garanti opgradere hverdagens sm\u00e5ting og nips. Bonbons versatile design\" \/>\n<meta property=\"og:url\" content=\"https:\/\/hubsch-interior.com\/da\/vare\/bonbon-glasskal-large-bla-rod\/\" \/>\n<meta property=\"og:site_name\" content=\"H\u00fcbsch\" \/>\n<meta property=\"article:modified_time\" content=\"2026-04-11T02:24:50+00:00\" \/>\n<meta property=\"og:image\" content=\"https:\/\/hubsch-interior.com\/wp-content\/uploads\/2025\/04\/bonbon-glass-bowl-large-bluered-dc9b6c8044a9694cb1f9e3683783e2c8.jpg\" \/>\n\t<meta property=\"og:image:width\" content=\"1200\" \/>\n\t<meta property=\"og:image:height\" content=\"1200\" \/>\n\t<meta property=\"og:image:type\" content=\"image\/jpeg\" \/>\n<meta name=\"twitter:card\" content=\"summary_large_image\" \/>\n<meta name=\"twitter:label1\" content=\"Estimeret l\u00e6setid\" \/>\n\t<meta name=\"twitter:data1\" content=\"1 minut\" \/>\n<script type=\"application\/ld+json\" class=\"yoast-schema-graph\">{\"@context\":\"https:\/\/schema.org\",\"@graph\":[{\"@type\":\"WebPage\",\"@id\":\"https:\/\/hubsch-interior.com\/da\/vare\/bonbon-glasskal-large-bla-rod\/\",\"url\":\"https:\/\/hubsch-interior.com\/da\/vare\/bonbon-glasskal-large-bla-rod\/\",\"name\":\"Bonbon Glassk\u00e5l Large Bl\u00e5\/R\u00f8d - H\u00fcbsch\",\"isPartOf\":{\"@id\":\"https:\/\/hubsch-interior.com\/da\/#website\"},\"primaryImageOfPage\":{\"@id\":\"https:\/\/hubsch-interior.com\/da\/vare\/bonbon-glasskal-large-bla-rod\/#primaryimage\"},\"image\":{\"@id\":\"https:\/\/hubsch-interior.com\/da\/vare\/bonbon-glasskal-large-bla-rod\/#primaryimage\"},\"thumbnailUrl\":\"https:\/\/hubsch-interior.com\/wp-content\/uploads\/2026\/02\/bonbon-glass-bowl-large-bluered-680739ca9531fec5a1245efec1c85db0.jpg\",\"datePublished\":\"2023-06-13T07:07:43+00:00\",\"dateModified\":\"2026-04-11T02:24:50+00:00\",\"description\":\"H\u00e5ndlavet og skabt med en tekstureret overflade vil de nye Bonbon-sk\u00e5le med garanti opgradere hverdagens sm\u00e5ting og nips. Bonbons versatile design\",\"breadcrumb\":{\"@id\":\"https:\/\/hubsch-interior.com\/da\/vare\/bonbon-glasskal-large-bla-rod\/#breadcrumb\"},\"inLanguage\":\"da-DK\",\"potentialAction\":[{\"@type\":\"ReadAction\",\"target\":[\"https:\/\/hubsch-interior.com\/da\/vare\/bonbon-glasskal-large-bla-rod\/\"]}]},{\"@type\":\"ImageObject\",\"inLanguage\":\"da-DK\",\"@id\":\"https:\/\/hubsch-interior.com\/da\/vare\/bonbon-glasskal-large-bla-rod\/#primaryimage\",\"url\":\"https:\/\/hubsch-interior.com\/wp-content\/uploads\/2026\/02\/bonbon-glass-bowl-large-bluered-680739ca9531fec5a1245efec1c85db0.jpg\",\"contentUrl\":\"https:\/\/hubsch-interior.com\/wp-content\/uploads\/2026\/02\/bonbon-glass-bowl-large-bluered-680739ca9531fec5a1245efec1c85db0.jpg\",\"width\":1024,\"height\":1024},{\"@type\":\"BreadcrumbList\",\"@id\":\"https:\/\/hubsch-interior.com\/da\/vare\/bonbon-glasskal-large-bla-rod\/#breadcrumb\",\"itemListElement\":[{\"@type\":\"ListItem\",\"position\":1,\"name\":\"Forside\",\"item\":\"https:\/\/hubsch-interior.com\/da\/\"},{\"@type\":\"ListItem\",\"position\":2,\"name\":\"Produkter\",\"item\":\"https:\/\/hubsch-interior.com\/da\/produkter\/\"},{\"@type\":\"ListItem\",\"position\":3,\"name\":\"K\u00f8kken\",\"item\":\"https:\/\/hubsch-interior.com\/da\/vare-kategori\/koekken\/\"},{\"@type\":\"ListItem\",\"position\":4,\"name\":\"Bordservice\",\"item\":\"https:\/\/hubsch-interior.com\/da\/vare-kategori\/koekken\/bordservice-da-2\/\"},{\"@type\":\"ListItem\",\"position\":5,\"name\":\"Serveringssk&aring;le\",\"item\":\"https:\/\/hubsch-interior.com\/da\/vare-kategori\/koekken\/bordservice-da-2\/serveringsskaale-da\/\"},{\"@type\":\"ListItem\",\"position\":6,\"name\":\"Bonbon Glassk\u00e5l Large Bl\u00e5\/R\u00f8d\"}]},{\"@type\":\"WebSite\",\"@id\":\"https:\/\/hubsch-interior.com\/da\/#website\",\"url\":\"https:\/\/hubsch-interior.com\/da\/\",\"name\":\"H\u00fcbsch\",\"description\":\"Danish Home Interior and Design\",\"publisher\":{\"@id\":\"https:\/\/hubsch-interior.com\/da\/#organization\"},\"potentialAction\":[{\"@type\":\"SearchAction\",\"target\":{\"@type\":\"EntryPoint\",\"urlTemplate\":\"https:\/\/hubsch-interior.com\/da\/?s={search_term_string}\"},\"query-input\":{\"@type\":\"PropertyValueSpecification\",\"valueRequired\":true,\"valueName\":\"search_term_string\"}}],\"inLanguage\":\"da-DK\"},{\"@type\":\"Organization\",\"@id\":\"https:\/\/hubsch-interior.com\/da\/#organization\",\"name\":\"H\u00fcbsch\",\"url\":\"https:\/\/hubsch-interior.com\/da\/\",\"logo\":{\"@type\":\"ImageObject\",\"inLanguage\":\"da-DK\",\"@id\":\"https:\/\/hubsch-interior.com\/da\/#\/schema\/logo\/image\/\",\"url\":\"https:\/\/hubsch-interior.com\/wp-content\/uploads\/2022\/12\/Hubsch_logo_black_one_line.svg\",\"contentUrl\":\"https:\/\/hubsch-interior.com\/wp-content\/uploads\/2022\/12\/Hubsch_logo_black_one_line.svg\",\"caption\":\"H\u00fcbsch\"},\"image\":{\"@id\":\"https:\/\/hubsch-interior.com\/da\/#\/schema\/logo\/image\/\"}}]}<\/script>\n<!-- \/ Yoast SEO plugin. -->","yoast_head_json":{"title":"Bonbon Glassk\u00e5l Large Bl\u00e5\/R\u00f8d - H\u00fcbsch","description":"H\u00e5ndlavet og skabt med en tekstureret overflade vil de nye Bonbon-sk\u00e5le med garanti opgradere hverdagens sm\u00e5ting og nips. Bonbons versatile design","robots":{"index":"index","follow":"follow","max-snippet":"max-snippet:-1","max-image-preview":"max-image-preview:large","max-video-preview":"max-video-preview:-1"},"canonical":"https:\/\/hubsch-interior.com\/da\/wp-json\/wp\/v2\/product\/899458","og_locale":"da_DK","og_type":"article","og_title":"Bonbon Glassk\u00e5l Large Bl\u00e5\/R\u00f8d - H\u00fcbsch","og_description":"H\u00e5ndlavet og skabt med en tekstureret overflade vil de nye Bonbon-sk\u00e5le med garanti opgradere hverdagens sm\u00e5ting og nips. Bonbons versatile design","og_url":"https:\/\/hubsch-interior.com\/da\/vare\/bonbon-glasskal-large-bla-rod\/","og_site_name":"H\u00fcbsch","article_modified_time":"2026-04-11T02:24:50+00:00","og_image":[{"width":1200,"height":1200,"url":"https:\/\/hubsch-interior.com\/wp-content\/uploads\/2025\/04\/bonbon-glass-bowl-large-bluered-dc9b6c8044a9694cb1f9e3683783e2c8.jpg","type":"image\/jpeg"}],"twitter_card":"summary_large_image","twitter_misc":{"Estimeret l\u00e6setid":"1 minut"},"schema":{"@context":"https:\/\/schema.org","@graph":[{"@type":"WebPage","@id":"https:\/\/hubsch-interior.com\/da\/vare\/bonbon-glasskal-large-bla-rod\/","url":"https:\/\/hubsch-interior.com\/da\/vare\/bonbon-glasskal-large-bla-rod\/","name":"Bonbon Glassk\u00e5l Large Bl\u00e5\/R\u00f8d - H\u00fcbsch","isPartOf":{"@id":"https:\/\/hubsch-interior.com\/da\/#website"},"primaryImageOfPage":{"@id":"https:\/\/hubsch-interior.com\/da\/vare\/bonbon-glasskal-large-bla-rod\/#primaryimage"},"image":{"@id":"https:\/\/hubsch-interior.com\/da\/vare\/bonbon-glasskal-large-bla-rod\/#primaryimage"},"thumbnailUrl":"https:\/\/hubsch-interior.com\/wp-content\/uploads\/2026\/02\/bonbon-glass-bowl-large-bluered-680739ca9531fec5a1245efec1c85db0.jpg","datePublished":"2023-06-13T07:07:43+00:00","dateModified":"2026-04-11T02:24:50+00:00","description":"H\u00e5ndlavet og skabt med en tekstureret overflade vil de nye Bonbon-sk\u00e5le med garanti opgradere hverdagens sm\u00e5ting og nips. Bonbons versatile design","breadcrumb":{"@id":"https:\/\/hubsch-interior.com\/da\/vare\/bonbon-glasskal-large-bla-rod\/#breadcrumb"},"inLanguage":"da-DK","potentialAction":[{"@type":"ReadAction","target":["https:\/\/hubsch-interior.com\/da\/vare\/bonbon-glasskal-large-bla-rod\/"]}]},{"@type":"ImageObject","inLanguage":"da-DK","@id":"https:\/\/hubsch-interior.com\/da\/vare\/bonbon-glasskal-large-bla-rod\/#primaryimage","url":"https:\/\/hubsch-interior.com\/wp-content\/uploads\/2026\/02\/bonbon-glass-bowl-large-bluered-680739ca9531fec5a1245efec1c85db0.jpg","contentUrl":"https:\/\/hubsch-interior.com\/wp-content\/uploads\/2026\/02\/bonbon-glass-bowl-large-bluered-680739ca9531fec5a1245efec1c85db0.jpg","width":1024,"height":1024},{"@type":"BreadcrumbList","@id":"https:\/\/hubsch-interior.com\/da\/vare\/bonbon-glasskal-large-bla-rod\/#breadcrumb","itemListElement":[{"@type":"ListItem","position":1,"name":"Forside","item":"https:\/\/hubsch-interior.com\/da\/"},{"@type":"ListItem","position":2,"name":"Produkter","item":"https:\/\/hubsch-interior.com\/da\/produkter\/"},{"@type":"ListItem","position":3,"name":"K\u00f8kken","item":"https:\/\/hubsch-interior.com\/da\/vare-kategori\/koekken\/"},{"@type":"ListItem","position":4,"name":"Bordservice","item":"https:\/\/hubsch-interior.com\/da\/vare-kategori\/koekken\/bordservice-da-2\/"},{"@type":"ListItem","position":5,"name":"Serveringssk&aring;le","item":"https:\/\/hubsch-interior.com\/da\/vare-kategori\/koekken\/bordservice-da-2\/serveringsskaale-da\/"},{"@type":"ListItem","position":6,"name":"Bonbon Glassk\u00e5l Large Bl\u00e5\/R\u00f8d"}]},{"@type":"WebSite","@id":"https:\/\/hubsch-interior.com\/da\/#website","url":"https:\/\/hubsch-interior.com\/da\/","name":"H\u00fcbsch","description":"Danish Home Interior and Design","publisher":{"@id":"https:\/\/hubsch-interior.com\/da\/#organization"},"potentialAction":[{"@type":"SearchAction","target":{"@type":"EntryPoint","urlTemplate":"https:\/\/hubsch-interior.com\/da\/?s={search_term_string}"},"query-input":{"@type":"PropertyValueSpecification","valueRequired":true,"valueName":"search_term_string"}}],"inLanguage":"da-DK"},{"@type":"Organization","@id":"https:\/\/hubsch-interior.com\/da\/#organization","name":"H\u00fcbsch","url":"https:\/\/hubsch-interior.com\/da\/","logo":{"@type":"ImageObject","inLanguage":"da-DK","@id":"https:\/\/hubsch-interior.com\/da\/#\/schema\/logo\/image\/","url":"https:\/\/hubsch-interior.com\/wp-content\/uploads\/2022\/12\/Hubsch_logo_black_one_line.svg","contentUrl":"https:\/\/hubsch-interior.com\/wp-content\/uploads\/2022\/12\/Hubsch_logo_black_one_line.svg","caption":"H\u00fcbsch"},"image":{"@id":"https:\/\/hubsch-interior.com\/da\/#\/schema\/logo\/image\/"}}]}},"_links":{"self":[{"href":"https:\/\/hubsch-interior.com\/da\/wp-json\/wp\/v2\/product\/899458","targetHints":{"allow":["GET"]}}],"collection":[{"href":"https:\/\/hubsch-interior.com\/da\/wp-json\/wp\/v2\/product"}],"about":[{"href":"https:\/\/hubsch-interior.com\/da\/wp-json\/wp\/v2\/types\/product"}],"wp:featuredmedia":[{"embeddable":true,"href":"https:\/\/hubsch-interior.com\/da\/wp-json\/wp\/v2\/media\/1095884"}],"wp:attachment":[{"href":"https:\/\/hubsch-interior.com\/da\/wp-json\/wp\/v2\/media?parent=899458"}],"wp:term":[{"taxonomy":"product_brand","embeddable":true,"href":"https:\/\/hubsch-interior.com\/da\/wp-json\/wp\/v2\/product_brand?post=899458"},{"taxonomy":"product_cat","embeddable":true,"href":"https:\/\/hubsch-interior.com\/da\/wp-json\/wp\/v2\/product_cat?post=899458"},{"taxonomy":"product_tag","embeddable":true,"href":"https:\/\/hubsch-interior.com\/da\/wp-json\/wp\/v2\/product_tag?post=899458"}],"curies":[{"name":"wp","href":"https:\/\/api.w.org\/{rel}","templated":true}]}}