{"id":955459,"date":"2023-11-01T10:03:31","date_gmt":"2023-11-01T09:03:31","guid":{"rendered":"https:\/\/hubsch-interior.com\/product\/product\/"},"modified":"2026-04-11T05:01:18","modified_gmt":"2026-04-11T03:01:18","slug":"serene-pendel-o42-hvid","status":"publish","type":"product","link":"https:\/\/hubsch-interior.com\/da\/vare\/serene-pendel-o42-hvid\/","title":{"rendered":"Serene Pendel \u00d842 Hvid"},"content":{"rendered":"<p>Introducer den Serene Loftslampe &#8211; det perfekte tilf\u00f8jelse til dit hjem. Lavet af elegant hvid opalglas og robust metal, f\u00e5s denne lampe i 2 smukke varianter. Dens bl\u00f8de form og delikate materialer skaber en rolig og hyggelig atmosf\u00e6re, hvilket g\u00f8r den til det ideelle valg til enhver rum i dit hus. Lad det varme lys fra denne lampe skabe en fredelig stemning, perfekt til afslapning eller underholdning af g\u00e6ster. Lad Serene Loftslampe bringe et strejf af elegance og ro til dit hjem.<\/p>\n<p>Dette artikelnummer er identisk med 991321<\/p>\n","protected":false},"excerpt":{"rendered":"<p>Introducer den Serene Loftslampe &#8211; det perfekte tilf\u00f8jelse til dit hjem. Lavet af elegant hvid opalglas og robust metal, f\u00e5s denne lampe i 2 smukke varianter. Dens bl\u00f8de form og delikate materialer skaber en rolig og hyggelig atmosf\u00e6re, hvilket g\u00f8r den til det ideelle valg til enhver rum i dit hus. Lad det varme lys [&hellip;]<\/p>\n","protected":false},"featured_media":1107206,"template":"","meta":{"_acf_changed":false,"inline_featured_image":false},"product_brand":[],"product_cat":[3808,4146,5025],"product_tag":[],"class_list":{"0":"post-955459","1":"product","2":"type-product","3":"status-publish","4":"has-post-thumbnail","6":"product_cat-belysning","7":"product_cat-loftslamper-da","8":"product_cat-bestsellers-da","9":"product_shipping_class-pk","11":"pa_color-hvid","12":"pa_material-glas-da","13":"pa_material-jern-da","15":"first","16":"instock","17":"featured","18":"taxable","19":"shipping-taxable","20":"purchasable","21":"product-type-simple"},"exclude_global_add_ons":[],"addons":[],"acf":[],"yoast_head":"<!-- This site is optimized with the Yoast SEO plugin v26.4 - https:\/\/yoast.com\/wordpress\/plugins\/seo\/ -->\n<title>Serene Pendel \u00d842 Hvid - H\u00fcbsch<\/title>\n<meta name=\"description\" content=\"Introducer den Serene Loftslampe - det perfekte tilf\u00f8jelse til dit hjem. Lavet af elegant hvid opalglas og robust metal, f\u00e5s denne lampe i 2 smukke\" \/>\n<meta name=\"robots\" content=\"index, follow, max-snippet:-1, max-image-preview:large, max-video-preview:-1\" \/>\n<link rel=\"canonical\" href=\"https:\/\/hubsch-interior.com\/da\/wp-json\/wp\/v2\/product\/955459\" \/>\n<meta property=\"og:locale\" content=\"da_DK\" \/>\n<meta property=\"og:type\" content=\"article\" \/>\n<meta property=\"og:title\" content=\"Serene Pendel \u00d842 Hvid - H\u00fcbsch\" \/>\n<meta property=\"og:description\" content=\"Introducer den Serene Loftslampe - det perfekte tilf\u00f8jelse til dit hjem. Lavet af elegant hvid opalglas og robust metal, f\u00e5s denne lampe i 2 smukke\" \/>\n<meta property=\"og:url\" content=\"https:\/\/hubsch-interior.com\/da\/vare\/serene-pendel-o42-hvid\/\" \/>\n<meta property=\"og:site_name\" content=\"H\u00fcbsch\" \/>\n<meta property=\"article:modified_time\" content=\"2026-04-11T03:01:18+00:00\" \/>\n<meta property=\"og:image\" content=\"https:\/\/hubsch-interior.com\/wp-content\/uploads\/2026\/02\/serene-pendant-O42-white-7513d8478fec97bfb0475041322329ce.jpg\" \/>\n\t<meta property=\"og:image:width\" content=\"1024\" \/>\n\t<meta property=\"og:image:height\" content=\"1024\" \/>\n\t<meta property=\"og:image:type\" content=\"image\/jpeg\" \/>\n<meta name=\"twitter:card\" content=\"summary_large_image\" \/>\n<script type=\"application\/ld+json\" class=\"yoast-schema-graph\">{\"@context\":\"https:\/\/schema.org\",\"@graph\":[{\"@type\":\"WebPage\",\"@id\":\"https:\/\/hubsch-interior.com\/da\/vare\/serene-pendel-o42-hvid\/\",\"url\":\"https:\/\/hubsch-interior.com\/da\/vare\/serene-pendel-o42-hvid\/\",\"name\":\"Serene Pendel \u00d842 Hvid - H\u00fcbsch\",\"isPartOf\":{\"@id\":\"https:\/\/hubsch-interior.com\/da\/#website\"},\"primaryImageOfPage\":{\"@id\":\"https:\/\/hubsch-interior.com\/da\/vare\/serene-pendel-o42-hvid\/#primaryimage\"},\"image\":{\"@id\":\"https:\/\/hubsch-interior.com\/da\/vare\/serene-pendel-o42-hvid\/#primaryimage\"},\"thumbnailUrl\":\"https:\/\/hubsch-interior.com\/wp-content\/uploads\/2026\/02\/serene-pendant-O42-white-7513d8478fec97bfb0475041322329ce.jpg\",\"datePublished\":\"2023-11-01T09:03:31+00:00\",\"dateModified\":\"2026-04-11T03:01:18+00:00\",\"description\":\"Introducer den Serene Loftslampe - det perfekte tilf\u00f8jelse til dit hjem. Lavet af elegant hvid opalglas og robust metal, f\u00e5s denne lampe i 2 smukke\",\"breadcrumb\":{\"@id\":\"https:\/\/hubsch-interior.com\/da\/vare\/serene-pendel-o42-hvid\/#breadcrumb\"},\"inLanguage\":\"da-DK\",\"potentialAction\":[{\"@type\":\"ReadAction\",\"target\":[\"https:\/\/hubsch-interior.com\/da\/vare\/serene-pendel-o42-hvid\/\"]}]},{\"@type\":\"ImageObject\",\"inLanguage\":\"da-DK\",\"@id\":\"https:\/\/hubsch-interior.com\/da\/vare\/serene-pendel-o42-hvid\/#primaryimage\",\"url\":\"https:\/\/hubsch-interior.com\/wp-content\/uploads\/2026\/02\/serene-pendant-O42-white-7513d8478fec97bfb0475041322329ce.jpg\",\"contentUrl\":\"https:\/\/hubsch-interior.com\/wp-content\/uploads\/2026\/02\/serene-pendant-O42-white-7513d8478fec97bfb0475041322329ce.jpg\",\"width\":1024,\"height\":1024},{\"@type\":\"BreadcrumbList\",\"@id\":\"https:\/\/hubsch-interior.com\/da\/vare\/serene-pendel-o42-hvid\/#breadcrumb\",\"itemListElement\":[{\"@type\":\"ListItem\",\"position\":1,\"name\":\"Forside\",\"item\":\"https:\/\/hubsch-interior.com\/da\/\"},{\"@type\":\"ListItem\",\"position\":2,\"name\":\"Produkter\",\"item\":\"https:\/\/hubsch-interior.com\/da\/produkter\/\"},{\"@type\":\"ListItem\",\"position\":3,\"name\":\"Belysning\",\"item\":\"https:\/\/hubsch-interior.com\/da\/vare-kategori\/belysning\/\"},{\"@type\":\"ListItem\",\"position\":4,\"name\":\"Loftslamper\",\"item\":\"https:\/\/hubsch-interior.com\/da\/vare-kategori\/belysning\/loftslamper-da\/\"},{\"@type\":\"ListItem\",\"position\":5,\"name\":\"Serene Pendel \u00d842 Hvid\"}]},{\"@type\":\"WebSite\",\"@id\":\"https:\/\/hubsch-interior.com\/da\/#website\",\"url\":\"https:\/\/hubsch-interior.com\/da\/\",\"name\":\"H\u00fcbsch\",\"description\":\"Danish Home Interior and Design\",\"publisher\":{\"@id\":\"https:\/\/hubsch-interior.com\/da\/#organization\"},\"potentialAction\":[{\"@type\":\"SearchAction\",\"target\":{\"@type\":\"EntryPoint\",\"urlTemplate\":\"https:\/\/hubsch-interior.com\/da\/?s={search_term_string}\"},\"query-input\":{\"@type\":\"PropertyValueSpecification\",\"valueRequired\":true,\"valueName\":\"search_term_string\"}}],\"inLanguage\":\"da-DK\"},{\"@type\":\"Organization\",\"@id\":\"https:\/\/hubsch-interior.com\/da\/#organization\",\"name\":\"H\u00fcbsch\",\"url\":\"https:\/\/hubsch-interior.com\/da\/\",\"logo\":{\"@type\":\"ImageObject\",\"inLanguage\":\"da-DK\",\"@id\":\"https:\/\/hubsch-interior.com\/da\/#\/schema\/logo\/image\/\",\"url\":\"https:\/\/hubsch-interior.com\/wp-content\/uploads\/2022\/12\/Hubsch_logo_black_one_line.svg\",\"contentUrl\":\"https:\/\/hubsch-interior.com\/wp-content\/uploads\/2022\/12\/Hubsch_logo_black_one_line.svg\",\"caption\":\"H\u00fcbsch\"},\"image\":{\"@id\":\"https:\/\/hubsch-interior.com\/da\/#\/schema\/logo\/image\/\"}}]}<\/script>\n<!-- \/ Yoast SEO plugin. -->","yoast_head_json":{"title":"Serene Pendel \u00d842 Hvid - H\u00fcbsch","description":"Introducer den Serene Loftslampe - det perfekte tilf\u00f8jelse til dit hjem. Lavet af elegant hvid opalglas og robust metal, f\u00e5s denne lampe i 2 smukke","robots":{"index":"index","follow":"follow","max-snippet":"max-snippet:-1","max-image-preview":"max-image-preview:large","max-video-preview":"max-video-preview:-1"},"canonical":"https:\/\/hubsch-interior.com\/da\/wp-json\/wp\/v2\/product\/955459","og_locale":"da_DK","og_type":"article","og_title":"Serene Pendel \u00d842 Hvid - H\u00fcbsch","og_description":"Introducer den Serene Loftslampe - det perfekte tilf\u00f8jelse til dit hjem. Lavet af elegant hvid opalglas og robust metal, f\u00e5s denne lampe i 2 smukke","og_url":"https:\/\/hubsch-interior.com\/da\/vare\/serene-pendel-o42-hvid\/","og_site_name":"H\u00fcbsch","article_modified_time":"2026-04-11T03:01:18+00:00","og_image":[{"width":1024,"height":1024,"url":"https:\/\/hubsch-interior.com\/wp-content\/uploads\/2026\/02\/serene-pendant-O42-white-7513d8478fec97bfb0475041322329ce.jpg","type":"image\/jpeg"}],"twitter_card":"summary_large_image","schema":{"@context":"https:\/\/schema.org","@graph":[{"@type":"WebPage","@id":"https:\/\/hubsch-interior.com\/da\/vare\/serene-pendel-o42-hvid\/","url":"https:\/\/hubsch-interior.com\/da\/vare\/serene-pendel-o42-hvid\/","name":"Serene Pendel \u00d842 Hvid - H\u00fcbsch","isPartOf":{"@id":"https:\/\/hubsch-interior.com\/da\/#website"},"primaryImageOfPage":{"@id":"https:\/\/hubsch-interior.com\/da\/vare\/serene-pendel-o42-hvid\/#primaryimage"},"image":{"@id":"https:\/\/hubsch-interior.com\/da\/vare\/serene-pendel-o42-hvid\/#primaryimage"},"thumbnailUrl":"https:\/\/hubsch-interior.com\/wp-content\/uploads\/2026\/02\/serene-pendant-O42-white-7513d8478fec97bfb0475041322329ce.jpg","datePublished":"2023-11-01T09:03:31+00:00","dateModified":"2026-04-11T03:01:18+00:00","description":"Introducer den Serene Loftslampe - det perfekte tilf\u00f8jelse til dit hjem. Lavet af elegant hvid opalglas og robust metal, f\u00e5s denne lampe i 2 smukke","breadcrumb":{"@id":"https:\/\/hubsch-interior.com\/da\/vare\/serene-pendel-o42-hvid\/#breadcrumb"},"inLanguage":"da-DK","potentialAction":[{"@type":"ReadAction","target":["https:\/\/hubsch-interior.com\/da\/vare\/serene-pendel-o42-hvid\/"]}]},{"@type":"ImageObject","inLanguage":"da-DK","@id":"https:\/\/hubsch-interior.com\/da\/vare\/serene-pendel-o42-hvid\/#primaryimage","url":"https:\/\/hubsch-interior.com\/wp-content\/uploads\/2026\/02\/serene-pendant-O42-white-7513d8478fec97bfb0475041322329ce.jpg","contentUrl":"https:\/\/hubsch-interior.com\/wp-content\/uploads\/2026\/02\/serene-pendant-O42-white-7513d8478fec97bfb0475041322329ce.jpg","width":1024,"height":1024},{"@type":"BreadcrumbList","@id":"https:\/\/hubsch-interior.com\/da\/vare\/serene-pendel-o42-hvid\/#breadcrumb","itemListElement":[{"@type":"ListItem","position":1,"name":"Forside","item":"https:\/\/hubsch-interior.com\/da\/"},{"@type":"ListItem","position":2,"name":"Produkter","item":"https:\/\/hubsch-interior.com\/da\/produkter\/"},{"@type":"ListItem","position":3,"name":"Belysning","item":"https:\/\/hubsch-interior.com\/da\/vare-kategori\/belysning\/"},{"@type":"ListItem","position":4,"name":"Loftslamper","item":"https:\/\/hubsch-interior.com\/da\/vare-kategori\/belysning\/loftslamper-da\/"},{"@type":"ListItem","position":5,"name":"Serene Pendel \u00d842 Hvid"}]},{"@type":"WebSite","@id":"https:\/\/hubsch-interior.com\/da\/#website","url":"https:\/\/hubsch-interior.com\/da\/","name":"H\u00fcbsch","description":"Danish Home Interior and Design","publisher":{"@id":"https:\/\/hubsch-interior.com\/da\/#organization"},"potentialAction":[{"@type":"SearchAction","target":{"@type":"EntryPoint","urlTemplate":"https:\/\/hubsch-interior.com\/da\/?s={search_term_string}"},"query-input":{"@type":"PropertyValueSpecification","valueRequired":true,"valueName":"search_term_string"}}],"inLanguage":"da-DK"},{"@type":"Organization","@id":"https:\/\/hubsch-interior.com\/da\/#organization","name":"H\u00fcbsch","url":"https:\/\/hubsch-interior.com\/da\/","logo":{"@type":"ImageObject","inLanguage":"da-DK","@id":"https:\/\/hubsch-interior.com\/da\/#\/schema\/logo\/image\/","url":"https:\/\/hubsch-interior.com\/wp-content\/uploads\/2022\/12\/Hubsch_logo_black_one_line.svg","contentUrl":"https:\/\/hubsch-interior.com\/wp-content\/uploads\/2022\/12\/Hubsch_logo_black_one_line.svg","caption":"H\u00fcbsch"},"image":{"@id":"https:\/\/hubsch-interior.com\/da\/#\/schema\/logo\/image\/"}}]}},"_links":{"self":[{"href":"https:\/\/hubsch-interior.com\/da\/wp-json\/wp\/v2\/product\/955459","targetHints":{"allow":["GET"]}}],"collection":[{"href":"https:\/\/hubsch-interior.com\/da\/wp-json\/wp\/v2\/product"}],"about":[{"href":"https:\/\/hubsch-interior.com\/da\/wp-json\/wp\/v2\/types\/product"}],"wp:featuredmedia":[{"embeddable":true,"href":"https:\/\/hubsch-interior.com\/da\/wp-json\/wp\/v2\/media\/1107206"}],"wp:attachment":[{"href":"https:\/\/hubsch-interior.com\/da\/wp-json\/wp\/v2\/media?parent=955459"}],"wp:term":[{"taxonomy":"product_brand","embeddable":true,"href":"https:\/\/hubsch-interior.com\/da\/wp-json\/wp\/v2\/product_brand?post=955459"},{"taxonomy":"product_cat","embeddable":true,"href":"https:\/\/hubsch-interior.com\/da\/wp-json\/wp\/v2\/product_cat?post=955459"},{"taxonomy":"product_tag","embeddable":true,"href":"https:\/\/hubsch-interior.com\/da\/wp-json\/wp\/v2\/product_tag?post=955459"}],"curies":[{"name":"wp","href":"https:\/\/api.w.org\/{rel}","templated":true}]}}