{"id":955495,"date":"2023-11-01T10:03:40","date_gmt":"2023-11-01T09:03:40","guid":{"rendered":"https:\/\/hubsch-interior.com\/product\/product\/"},"modified":"2026-04-05T05:08:07","modified_gmt":"2026-04-05T03:08:07","slug":"muse-pendel-ellipse-hvid-2","status":"publish","type":"product","link":"https:\/\/hubsch-interior.com\/da\/vare\/muse-pendel-ellipse-hvid-2\/","title":{"rendered":"Muse Pendel Ellipse Hvid"},"content":{"rendered":"<p>Muse Pendel er det perfekte valg til at forbedre din indretning derhjemme. Den er lavet af elegant hvidt opalglas og metal, og dens bl\u00f8de form udstr\u00e5ler sofistikering og tilf\u00f8jer en varm atmosf\u00e6re til ethvert rum. H\u00e6ng den op i din stue eller sovev\u00e6relse for en hyggelig stemning, eller i din spisestue for et touch af elegance. Lad Muse Pendel lyse op i dit rum og skabe den perfekte atmosf\u00e6re til afslapning og komfort. Forbedr dit indretningsstil med Muse Pendel i dag.<\/p>\n<p>Dette artikelnummer er identisk med 990821<\/p>\n","protected":false},"excerpt":{"rendered":"<p>Muse Pendel er det perfekte valg til at forbedre din indretning derhjemme. Den er lavet af elegant hvidt opalglas og metal, og dens bl\u00f8de form udstr\u00e5ler sofistikering og tilf\u00f8jer en varm atmosf\u00e6re til ethvert rum. H\u00e6ng den op i din stue eller sovev\u00e6relse for en hyggelig stemning, eller i din spisestue for et touch af [&hellip;]<\/p>\n","protected":false},"featured_media":1107234,"template":"","meta":{"_acf_changed":false,"inline_featured_image":false},"product_brand":[],"product_cat":[3808,6942,5025,4146],"product_tag":[],"class_list":{"0":"post-955495","1":"product","2":"type-product","3":"status-publish","4":"has-post-thumbnail","6":"product_cat-belysning","7":"product_cat-bestseller-2025-da","8":"product_cat-bestsellers-da","9":"product_cat-loftslamper-da","10":"product_shipping_class-pk","11":"pa_color-hvid","12":"pa_material-glas-da","13":"pa_material-jern-da","15":"first","16":"outofstock","17":"featured","18":"taxable","19":"shipping-taxable","20":"purchasable","21":"product-type-simple"},"exclude_global_add_ons":[],"addons":[],"acf":[],"yoast_head":"<!-- This site is optimized with the Yoast SEO plugin v26.4 - https:\/\/yoast.com\/wordpress\/plugins\/seo\/ -->\n<title>Muse Pendel Ellipse Hvid - H\u00fcbsch<\/title>\n<meta name=\"description\" content=\"Muse Pendel er det perfekte valg til at forbedre din indretning derhjemme. Den er lavet af elegant hvidt opalglas og metal, og dens bl\u00f8de form udstr\u00e5ler\" \/>\n<meta name=\"robots\" content=\"index, follow, max-snippet:-1, max-image-preview:large, max-video-preview:-1\" \/>\n<link rel=\"canonical\" href=\"https:\/\/hubsch-interior.com\/da\/wp-json\/wp\/v2\/product\/955495\" \/>\n<meta property=\"og:locale\" content=\"da_DK\" \/>\n<meta property=\"og:type\" content=\"article\" \/>\n<meta property=\"og:title\" content=\"Muse Pendel Ellipse Hvid - H\u00fcbsch\" \/>\n<meta property=\"og:description\" content=\"Muse Pendel er det perfekte valg til at forbedre din indretning derhjemme. Den er lavet af elegant hvidt opalglas og metal, og dens bl\u00f8de form udstr\u00e5ler\" \/>\n<meta property=\"og:url\" content=\"https:\/\/hubsch-interior.com\/da\/vare\/muse-pendel-ellipse-hvid-2\/\" \/>\n<meta property=\"og:site_name\" content=\"H\u00fcbsch\" \/>\n<meta property=\"article:modified_time\" content=\"2026-04-05T03:08:07+00:00\" \/>\n<meta property=\"og:image\" content=\"https:\/\/hubsch-interior.com\/wp-content\/uploads\/2026\/02\/muse-pendant-ellipse-white-6a5d6153e0aee73eb1cfd5893c8611a4.jpg\" \/>\n\t<meta property=\"og:image:width\" content=\"1024\" \/>\n\t<meta property=\"og:image:height\" content=\"1024\" \/>\n\t<meta property=\"og:image:type\" content=\"image\/jpeg\" \/>\n<meta name=\"twitter:card\" content=\"summary_large_image\" \/>\n<script type=\"application\/ld+json\" class=\"yoast-schema-graph\">{\"@context\":\"https:\/\/schema.org\",\"@graph\":[{\"@type\":\"WebPage\",\"@id\":\"https:\/\/hubsch-interior.com\/da\/vare\/muse-pendel-ellipse-hvid-2\/\",\"url\":\"https:\/\/hubsch-interior.com\/da\/vare\/muse-pendel-ellipse-hvid-2\/\",\"name\":\"Muse Pendel Ellipse Hvid - H\u00fcbsch\",\"isPartOf\":{\"@id\":\"https:\/\/hubsch-interior.com\/da\/#website\"},\"primaryImageOfPage\":{\"@id\":\"https:\/\/hubsch-interior.com\/da\/vare\/muse-pendel-ellipse-hvid-2\/#primaryimage\"},\"image\":{\"@id\":\"https:\/\/hubsch-interior.com\/da\/vare\/muse-pendel-ellipse-hvid-2\/#primaryimage\"},\"thumbnailUrl\":\"https:\/\/hubsch-interior.com\/wp-content\/uploads\/2026\/02\/muse-pendant-ellipse-white-6a5d6153e0aee73eb1cfd5893c8611a4.jpg\",\"datePublished\":\"2023-11-01T09:03:40+00:00\",\"dateModified\":\"2026-04-05T03:08:07+00:00\",\"description\":\"Muse Pendel er det perfekte valg til at forbedre din indretning derhjemme. Den er lavet af elegant hvidt opalglas og metal, og dens bl\u00f8de form udstr\u00e5ler\",\"breadcrumb\":{\"@id\":\"https:\/\/hubsch-interior.com\/da\/vare\/muse-pendel-ellipse-hvid-2\/#breadcrumb\"},\"inLanguage\":\"da-DK\",\"potentialAction\":[{\"@type\":\"ReadAction\",\"target\":[\"https:\/\/hubsch-interior.com\/da\/vare\/muse-pendel-ellipse-hvid-2\/\"]}]},{\"@type\":\"ImageObject\",\"inLanguage\":\"da-DK\",\"@id\":\"https:\/\/hubsch-interior.com\/da\/vare\/muse-pendel-ellipse-hvid-2\/#primaryimage\",\"url\":\"https:\/\/hubsch-interior.com\/wp-content\/uploads\/2026\/02\/muse-pendant-ellipse-white-6a5d6153e0aee73eb1cfd5893c8611a4.jpg\",\"contentUrl\":\"https:\/\/hubsch-interior.com\/wp-content\/uploads\/2026\/02\/muse-pendant-ellipse-white-6a5d6153e0aee73eb1cfd5893c8611a4.jpg\",\"width\":1024,\"height\":1024},{\"@type\":\"BreadcrumbList\",\"@id\":\"https:\/\/hubsch-interior.com\/da\/vare\/muse-pendel-ellipse-hvid-2\/#breadcrumb\",\"itemListElement\":[{\"@type\":\"ListItem\",\"position\":1,\"name\":\"Forside\",\"item\":\"https:\/\/hubsch-interior.com\/da\/\"},{\"@type\":\"ListItem\",\"position\":2,\"name\":\"Produkter\",\"item\":\"https:\/\/hubsch-interior.com\/da\/produkter\/\"},{\"@type\":\"ListItem\",\"position\":3,\"name\":\"Belysning\",\"item\":\"https:\/\/hubsch-interior.com\/da\/vare-kategori\/belysning\/\"},{\"@type\":\"ListItem\",\"position\":4,\"name\":\"Loftslamper\",\"item\":\"https:\/\/hubsch-interior.com\/da\/vare-kategori\/belysning\/loftslamper-da\/\"},{\"@type\":\"ListItem\",\"position\":5,\"name\":\"Muse Pendel Ellipse Hvid\"}]},{\"@type\":\"WebSite\",\"@id\":\"https:\/\/hubsch-interior.com\/da\/#website\",\"url\":\"https:\/\/hubsch-interior.com\/da\/\",\"name\":\"H\u00fcbsch\",\"description\":\"Danish Home Interior and Design\",\"publisher\":{\"@id\":\"https:\/\/hubsch-interior.com\/da\/#organization\"},\"potentialAction\":[{\"@type\":\"SearchAction\",\"target\":{\"@type\":\"EntryPoint\",\"urlTemplate\":\"https:\/\/hubsch-interior.com\/da\/?s={search_term_string}\"},\"query-input\":{\"@type\":\"PropertyValueSpecification\",\"valueRequired\":true,\"valueName\":\"search_term_string\"}}],\"inLanguage\":\"da-DK\"},{\"@type\":\"Organization\",\"@id\":\"https:\/\/hubsch-interior.com\/da\/#organization\",\"name\":\"H\u00fcbsch\",\"url\":\"https:\/\/hubsch-interior.com\/da\/\",\"logo\":{\"@type\":\"ImageObject\",\"inLanguage\":\"da-DK\",\"@id\":\"https:\/\/hubsch-interior.com\/da\/#\/schema\/logo\/image\/\",\"url\":\"https:\/\/hubsch-interior.com\/wp-content\/uploads\/2022\/12\/Hubsch_logo_black_one_line.svg\",\"contentUrl\":\"https:\/\/hubsch-interior.com\/wp-content\/uploads\/2022\/12\/Hubsch_logo_black_one_line.svg\",\"caption\":\"H\u00fcbsch\"},\"image\":{\"@id\":\"https:\/\/hubsch-interior.com\/da\/#\/schema\/logo\/image\/\"}}]}<\/script>\n<!-- \/ Yoast SEO plugin. -->","yoast_head_json":{"title":"Muse Pendel Ellipse Hvid - H\u00fcbsch","description":"Muse Pendel er det perfekte valg til at forbedre din indretning derhjemme. Den er lavet af elegant hvidt opalglas og metal, og dens bl\u00f8de form udstr\u00e5ler","robots":{"index":"index","follow":"follow","max-snippet":"max-snippet:-1","max-image-preview":"max-image-preview:large","max-video-preview":"max-video-preview:-1"},"canonical":"https:\/\/hubsch-interior.com\/da\/wp-json\/wp\/v2\/product\/955495","og_locale":"da_DK","og_type":"article","og_title":"Muse Pendel Ellipse Hvid - H\u00fcbsch","og_description":"Muse Pendel er det perfekte valg til at forbedre din indretning derhjemme. Den er lavet af elegant hvidt opalglas og metal, og dens bl\u00f8de form udstr\u00e5ler","og_url":"https:\/\/hubsch-interior.com\/da\/vare\/muse-pendel-ellipse-hvid-2\/","og_site_name":"H\u00fcbsch","article_modified_time":"2026-04-05T03:08:07+00:00","og_image":[{"width":1024,"height":1024,"url":"https:\/\/hubsch-interior.com\/wp-content\/uploads\/2026\/02\/muse-pendant-ellipse-white-6a5d6153e0aee73eb1cfd5893c8611a4.jpg","type":"image\/jpeg"}],"twitter_card":"summary_large_image","schema":{"@context":"https:\/\/schema.org","@graph":[{"@type":"WebPage","@id":"https:\/\/hubsch-interior.com\/da\/vare\/muse-pendel-ellipse-hvid-2\/","url":"https:\/\/hubsch-interior.com\/da\/vare\/muse-pendel-ellipse-hvid-2\/","name":"Muse Pendel Ellipse Hvid - H\u00fcbsch","isPartOf":{"@id":"https:\/\/hubsch-interior.com\/da\/#website"},"primaryImageOfPage":{"@id":"https:\/\/hubsch-interior.com\/da\/vare\/muse-pendel-ellipse-hvid-2\/#primaryimage"},"image":{"@id":"https:\/\/hubsch-interior.com\/da\/vare\/muse-pendel-ellipse-hvid-2\/#primaryimage"},"thumbnailUrl":"https:\/\/hubsch-interior.com\/wp-content\/uploads\/2026\/02\/muse-pendant-ellipse-white-6a5d6153e0aee73eb1cfd5893c8611a4.jpg","datePublished":"2023-11-01T09:03:40+00:00","dateModified":"2026-04-05T03:08:07+00:00","description":"Muse Pendel er det perfekte valg til at forbedre din indretning derhjemme. Den er lavet af elegant hvidt opalglas og metal, og dens bl\u00f8de form udstr\u00e5ler","breadcrumb":{"@id":"https:\/\/hubsch-interior.com\/da\/vare\/muse-pendel-ellipse-hvid-2\/#breadcrumb"},"inLanguage":"da-DK","potentialAction":[{"@type":"ReadAction","target":["https:\/\/hubsch-interior.com\/da\/vare\/muse-pendel-ellipse-hvid-2\/"]}]},{"@type":"ImageObject","inLanguage":"da-DK","@id":"https:\/\/hubsch-interior.com\/da\/vare\/muse-pendel-ellipse-hvid-2\/#primaryimage","url":"https:\/\/hubsch-interior.com\/wp-content\/uploads\/2026\/02\/muse-pendant-ellipse-white-6a5d6153e0aee73eb1cfd5893c8611a4.jpg","contentUrl":"https:\/\/hubsch-interior.com\/wp-content\/uploads\/2026\/02\/muse-pendant-ellipse-white-6a5d6153e0aee73eb1cfd5893c8611a4.jpg","width":1024,"height":1024},{"@type":"BreadcrumbList","@id":"https:\/\/hubsch-interior.com\/da\/vare\/muse-pendel-ellipse-hvid-2\/#breadcrumb","itemListElement":[{"@type":"ListItem","position":1,"name":"Forside","item":"https:\/\/hubsch-interior.com\/da\/"},{"@type":"ListItem","position":2,"name":"Produkter","item":"https:\/\/hubsch-interior.com\/da\/produkter\/"},{"@type":"ListItem","position":3,"name":"Belysning","item":"https:\/\/hubsch-interior.com\/da\/vare-kategori\/belysning\/"},{"@type":"ListItem","position":4,"name":"Loftslamper","item":"https:\/\/hubsch-interior.com\/da\/vare-kategori\/belysning\/loftslamper-da\/"},{"@type":"ListItem","position":5,"name":"Muse Pendel Ellipse Hvid"}]},{"@type":"WebSite","@id":"https:\/\/hubsch-interior.com\/da\/#website","url":"https:\/\/hubsch-interior.com\/da\/","name":"H\u00fcbsch","description":"Danish Home Interior and Design","publisher":{"@id":"https:\/\/hubsch-interior.com\/da\/#organization"},"potentialAction":[{"@type":"SearchAction","target":{"@type":"EntryPoint","urlTemplate":"https:\/\/hubsch-interior.com\/da\/?s={search_term_string}"},"query-input":{"@type":"PropertyValueSpecification","valueRequired":true,"valueName":"search_term_string"}}],"inLanguage":"da-DK"},{"@type":"Organization","@id":"https:\/\/hubsch-interior.com\/da\/#organization","name":"H\u00fcbsch","url":"https:\/\/hubsch-interior.com\/da\/","logo":{"@type":"ImageObject","inLanguage":"da-DK","@id":"https:\/\/hubsch-interior.com\/da\/#\/schema\/logo\/image\/","url":"https:\/\/hubsch-interior.com\/wp-content\/uploads\/2022\/12\/Hubsch_logo_black_one_line.svg","contentUrl":"https:\/\/hubsch-interior.com\/wp-content\/uploads\/2022\/12\/Hubsch_logo_black_one_line.svg","caption":"H\u00fcbsch"},"image":{"@id":"https:\/\/hubsch-interior.com\/da\/#\/schema\/logo\/image\/"}}]}},"_links":{"self":[{"href":"https:\/\/hubsch-interior.com\/da\/wp-json\/wp\/v2\/product\/955495","targetHints":{"allow":["GET"]}}],"collection":[{"href":"https:\/\/hubsch-interior.com\/da\/wp-json\/wp\/v2\/product"}],"about":[{"href":"https:\/\/hubsch-interior.com\/da\/wp-json\/wp\/v2\/types\/product"}],"wp:featuredmedia":[{"embeddable":true,"href":"https:\/\/hubsch-interior.com\/da\/wp-json\/wp\/v2\/media\/1107234"}],"wp:attachment":[{"href":"https:\/\/hubsch-interior.com\/da\/wp-json\/wp\/v2\/media?parent=955495"}],"wp:term":[{"taxonomy":"product_brand","embeddable":true,"href":"https:\/\/hubsch-interior.com\/da\/wp-json\/wp\/v2\/product_brand?post=955495"},{"taxonomy":"product_cat","embeddable":true,"href":"https:\/\/hubsch-interior.com\/da\/wp-json\/wp\/v2\/product_cat?post=955495"},{"taxonomy":"product_tag","embeddable":true,"href":"https:\/\/hubsch-interior.com\/da\/wp-json\/wp\/v2\/product_tag?post=955495"}],"curies":[{"name":"wp","href":"https:\/\/api.w.org\/{rel}","templated":true}]}}