{"id":958775,"date":"2023-11-13T07:48:51","date_gmt":"2023-11-13T06:48:51","guid":{"rendered":"https:\/\/hubsch-interior.com\/product\/product\/"},"modified":"2026-04-04T04:22:24","modified_gmt":"2026-04-04T02:22:24","slug":"block-sengetoj-60-200-lysebla-flerfarvet","status":"publish","type":"product","link":"https:\/\/hubsch-interior.com\/da\/vare\/block-sengetoj-60-200-lysebla-flerfarvet\/","title":{"rendered":"Block Senget\u00f8j 60\/200 Lysebl\u00e5\/\u00a0Flerfarvet"},"content":{"rendered":"<p>Vi udvider vores udvalg af sovev\u00e6relsestekstiler og bringer et nyt grafisk print til samlingen med Block. Fremstillet af 100% OEKO-TEX\u00ae STANDARD 100-bomuld i en smuk farvekombination af hvis, bl\u00e5 og gul, tilbyder Block et komfortabelt og luksuri\u00f8st kram hver nat &#8211; eller dag, vi d\u00f8mmer ikke! V\u00e6lg mellem to forskellige st\u00f8rrelser og farvekombinationer.<\/p>\n","protected":false},"excerpt":{"rendered":"<p>Vi udvider vores udvalg af sovev\u00e6relsestekstiler og bringer et nyt grafisk print til samlingen med Block. Fremstillet af 100% OEKO-TEX\u00ae STANDARD 100-bomuld i en smuk farvekombination af hvis, bl\u00e5 og gul, tilbyder Block et komfortabelt og luksuri\u00f8st kram hver nat &#8211; eller dag, vi d\u00f8mmer ikke! V\u00e6lg mellem to forskellige st\u00f8rrelser og farvekombinationer.<\/p>\n","protected":false},"featured_media":1095037,"template":"","meta":{"_acf_changed":false,"inline_featured_image":false},"product_brand":[],"product_cat":[6737,3000,3969],"product_tag":[],"class_list":{"0":"post-958775","1":"product","2":"type-product","3":"status-publish","4":"has-post-thumbnail","6":"product_cat-colour-revival-da","7":"product_cat-tekstiler","8":"product_cat-sengetoej-da","9":"product_shipping_class-pk","11":"pa_color-flerfarvet-2","12":"pa_color-lysebl","13":"pa_material-cotton-100-da","15":"first","16":"instock","17":"taxable","18":"shipping-taxable","19":"purchasable","20":"product-type-simple"},"exclude_global_add_ons":[],"addons":[],"acf":[],"yoast_head":"<!-- This site is optimized with the Yoast SEO plugin v26.4 - https:\/\/yoast.com\/wordpress\/plugins\/seo\/ -->\n<title>Block Senget\u00f8j 60\/200 Lysebl\u00e5\/\u00a0Flerfarvet - H\u00fcbsch<\/title>\n<meta name=\"description\" content=\"Vi udvider vores udvalg af sovev\u00e6relsestekstiler og bringer et nyt grafisk print til samlingen med Block. Fremstillet af 100% OEKO-TEX\u00ae STANDARD\" \/>\n<meta name=\"robots\" content=\"index, follow, max-snippet:-1, max-image-preview:large, max-video-preview:-1\" \/>\n<link rel=\"canonical\" href=\"https:\/\/hubsch-interior.com\/da\/wp-json\/wp\/v2\/product\/958775\" \/>\n<meta property=\"og:locale\" content=\"da_DK\" \/>\n<meta property=\"og:type\" content=\"article\" \/>\n<meta property=\"og:title\" content=\"Block Senget\u00f8j 60\/200 Lysebl\u00e5\/\u00a0Flerfarvet - H\u00fcbsch\" \/>\n<meta property=\"og:description\" content=\"Vi udvider vores udvalg af sovev\u00e6relsestekstiler og bringer et nyt grafisk print til samlingen med Block. Fremstillet af 100% OEKO-TEX\u00ae STANDARD\" \/>\n<meta property=\"og:url\" content=\"https:\/\/hubsch-interior.com\/da\/vare\/block-sengetoj-60-200-lysebla-flerfarvet\/\" \/>\n<meta property=\"og:site_name\" content=\"H\u00fcbsch\" \/>\n<meta property=\"article:modified_time\" content=\"2026-04-04T02:22:24+00:00\" \/>\n<meta property=\"og:image\" content=\"https:\/\/hubsch-interior.com\/wp-content\/uploads\/2025\/05\/block-bed-linen-60200-light-bluemulticolour-6a73586fb618404f65dd3a7d99b2b69b.jpg\" \/>\n\t<meta property=\"og:image:width\" content=\"1200\" \/>\n\t<meta property=\"og:image:height\" content=\"1200\" \/>\n\t<meta property=\"og:image:type\" content=\"image\/jpeg\" \/>\n<meta name=\"twitter:card\" content=\"summary_large_image\" \/>\n<script type=\"application\/ld+json\" class=\"yoast-schema-graph\">{\"@context\":\"https:\/\/schema.org\",\"@graph\":[{\"@type\":\"WebPage\",\"@id\":\"https:\/\/hubsch-interior.com\/da\/vare\/block-sengetoj-60-200-lysebla-flerfarvet\/\",\"url\":\"https:\/\/hubsch-interior.com\/da\/vare\/block-sengetoj-60-200-lysebla-flerfarvet\/\",\"name\":\"Block Senget\u00f8j 60\/200 Lysebl\u00e5\/\u00a0Flerfarvet - H\u00fcbsch\",\"isPartOf\":{\"@id\":\"https:\/\/hubsch-interior.com\/da\/#website\"},\"primaryImageOfPage\":{\"@id\":\"https:\/\/hubsch-interior.com\/da\/vare\/block-sengetoj-60-200-lysebla-flerfarvet\/#primaryimage\"},\"image\":{\"@id\":\"https:\/\/hubsch-interior.com\/da\/vare\/block-sengetoj-60-200-lysebla-flerfarvet\/#primaryimage\"},\"thumbnailUrl\":\"https:\/\/hubsch-interior.com\/wp-content\/uploads\/2026\/02\/block-bed-linen-60200-light-bluemulticolour-5ba24373a102539deb2433c434e8aa80.jpg\",\"datePublished\":\"2023-11-13T06:48:51+00:00\",\"dateModified\":\"2026-04-04T02:22:24+00:00\",\"description\":\"Vi udvider vores udvalg af sovev\u00e6relsestekstiler og bringer et nyt grafisk print til samlingen med Block. Fremstillet af 100% OEKO-TEX\u00ae STANDARD\",\"breadcrumb\":{\"@id\":\"https:\/\/hubsch-interior.com\/da\/vare\/block-sengetoj-60-200-lysebla-flerfarvet\/#breadcrumb\"},\"inLanguage\":\"da-DK\",\"potentialAction\":[{\"@type\":\"ReadAction\",\"target\":[\"https:\/\/hubsch-interior.com\/da\/vare\/block-sengetoj-60-200-lysebla-flerfarvet\/\"]}]},{\"@type\":\"ImageObject\",\"inLanguage\":\"da-DK\",\"@id\":\"https:\/\/hubsch-interior.com\/da\/vare\/block-sengetoj-60-200-lysebla-flerfarvet\/#primaryimage\",\"url\":\"https:\/\/hubsch-interior.com\/wp-content\/uploads\/2026\/02\/block-bed-linen-60200-light-bluemulticolour-5ba24373a102539deb2433c434e8aa80.jpg\",\"contentUrl\":\"https:\/\/hubsch-interior.com\/wp-content\/uploads\/2026\/02\/block-bed-linen-60200-light-bluemulticolour-5ba24373a102539deb2433c434e8aa80.jpg\",\"width\":1024,\"height\":1024},{\"@type\":\"BreadcrumbList\",\"@id\":\"https:\/\/hubsch-interior.com\/da\/vare\/block-sengetoj-60-200-lysebla-flerfarvet\/#breadcrumb\",\"itemListElement\":[{\"@type\":\"ListItem\",\"position\":1,\"name\":\"Forside\",\"item\":\"https:\/\/hubsch-interior.com\/da\/\"},{\"@type\":\"ListItem\",\"position\":2,\"name\":\"Produkter\",\"item\":\"https:\/\/hubsch-interior.com\/da\/produkter\/\"},{\"@type\":\"ListItem\",\"position\":3,\"name\":\"Tekstiler\",\"item\":\"https:\/\/hubsch-interior.com\/da\/vare-kategori\/tekstiler\/\"},{\"@type\":\"ListItem\",\"position\":4,\"name\":\"Senget&oslash;j\",\"item\":\"https:\/\/hubsch-interior.com\/da\/vare-kategori\/tekstiler\/sengetoej-da\/\"},{\"@type\":\"ListItem\",\"position\":5,\"name\":\"Block Senget\u00f8j 60\/200 Lysebl\u00e5\/\u00a0Flerfarvet\"}]},{\"@type\":\"WebSite\",\"@id\":\"https:\/\/hubsch-interior.com\/da\/#website\",\"url\":\"https:\/\/hubsch-interior.com\/da\/\",\"name\":\"H\u00fcbsch\",\"description\":\"Danish Home Interior and Design\",\"publisher\":{\"@id\":\"https:\/\/hubsch-interior.com\/da\/#organization\"},\"potentialAction\":[{\"@type\":\"SearchAction\",\"target\":{\"@type\":\"EntryPoint\",\"urlTemplate\":\"https:\/\/hubsch-interior.com\/da\/?s={search_term_string}\"},\"query-input\":{\"@type\":\"PropertyValueSpecification\",\"valueRequired\":true,\"valueName\":\"search_term_string\"}}],\"inLanguage\":\"da-DK\"},{\"@type\":\"Organization\",\"@id\":\"https:\/\/hubsch-interior.com\/da\/#organization\",\"name\":\"H\u00fcbsch\",\"url\":\"https:\/\/hubsch-interior.com\/da\/\",\"logo\":{\"@type\":\"ImageObject\",\"inLanguage\":\"da-DK\",\"@id\":\"https:\/\/hubsch-interior.com\/da\/#\/schema\/logo\/image\/\",\"url\":\"https:\/\/hubsch-interior.com\/wp-content\/uploads\/2022\/12\/Hubsch_logo_black_one_line.svg\",\"contentUrl\":\"https:\/\/hubsch-interior.com\/wp-content\/uploads\/2022\/12\/Hubsch_logo_black_one_line.svg\",\"caption\":\"H\u00fcbsch\"},\"image\":{\"@id\":\"https:\/\/hubsch-interior.com\/da\/#\/schema\/logo\/image\/\"}}]}<\/script>\n<!-- \/ Yoast SEO plugin. -->","yoast_head_json":{"title":"Block Senget\u00f8j 60\/200 Lysebl\u00e5\/\u00a0Flerfarvet - H\u00fcbsch","description":"Vi udvider vores udvalg af sovev\u00e6relsestekstiler og bringer et nyt grafisk print til samlingen med Block. Fremstillet af 100% OEKO-TEX\u00ae STANDARD","robots":{"index":"index","follow":"follow","max-snippet":"max-snippet:-1","max-image-preview":"max-image-preview:large","max-video-preview":"max-video-preview:-1"},"canonical":"https:\/\/hubsch-interior.com\/da\/wp-json\/wp\/v2\/product\/958775","og_locale":"da_DK","og_type":"article","og_title":"Block Senget\u00f8j 60\/200 Lysebl\u00e5\/\u00a0Flerfarvet - H\u00fcbsch","og_description":"Vi udvider vores udvalg af sovev\u00e6relsestekstiler og bringer et nyt grafisk print til samlingen med Block. Fremstillet af 100% OEKO-TEX\u00ae STANDARD","og_url":"https:\/\/hubsch-interior.com\/da\/vare\/block-sengetoj-60-200-lysebla-flerfarvet\/","og_site_name":"H\u00fcbsch","article_modified_time":"2026-04-04T02:22:24+00:00","og_image":[{"width":1200,"height":1200,"url":"https:\/\/hubsch-interior.com\/wp-content\/uploads\/2025\/05\/block-bed-linen-60200-light-bluemulticolour-6a73586fb618404f65dd3a7d99b2b69b.jpg","type":"image\/jpeg"}],"twitter_card":"summary_large_image","schema":{"@context":"https:\/\/schema.org","@graph":[{"@type":"WebPage","@id":"https:\/\/hubsch-interior.com\/da\/vare\/block-sengetoj-60-200-lysebla-flerfarvet\/","url":"https:\/\/hubsch-interior.com\/da\/vare\/block-sengetoj-60-200-lysebla-flerfarvet\/","name":"Block Senget\u00f8j 60\/200 Lysebl\u00e5\/\u00a0Flerfarvet - H\u00fcbsch","isPartOf":{"@id":"https:\/\/hubsch-interior.com\/da\/#website"},"primaryImageOfPage":{"@id":"https:\/\/hubsch-interior.com\/da\/vare\/block-sengetoj-60-200-lysebla-flerfarvet\/#primaryimage"},"image":{"@id":"https:\/\/hubsch-interior.com\/da\/vare\/block-sengetoj-60-200-lysebla-flerfarvet\/#primaryimage"},"thumbnailUrl":"https:\/\/hubsch-interior.com\/wp-content\/uploads\/2026\/02\/block-bed-linen-60200-light-bluemulticolour-5ba24373a102539deb2433c434e8aa80.jpg","datePublished":"2023-11-13T06:48:51+00:00","dateModified":"2026-04-04T02:22:24+00:00","description":"Vi udvider vores udvalg af sovev\u00e6relsestekstiler og bringer et nyt grafisk print til samlingen med Block. Fremstillet af 100% OEKO-TEX\u00ae STANDARD","breadcrumb":{"@id":"https:\/\/hubsch-interior.com\/da\/vare\/block-sengetoj-60-200-lysebla-flerfarvet\/#breadcrumb"},"inLanguage":"da-DK","potentialAction":[{"@type":"ReadAction","target":["https:\/\/hubsch-interior.com\/da\/vare\/block-sengetoj-60-200-lysebla-flerfarvet\/"]}]},{"@type":"ImageObject","inLanguage":"da-DK","@id":"https:\/\/hubsch-interior.com\/da\/vare\/block-sengetoj-60-200-lysebla-flerfarvet\/#primaryimage","url":"https:\/\/hubsch-interior.com\/wp-content\/uploads\/2026\/02\/block-bed-linen-60200-light-bluemulticolour-5ba24373a102539deb2433c434e8aa80.jpg","contentUrl":"https:\/\/hubsch-interior.com\/wp-content\/uploads\/2026\/02\/block-bed-linen-60200-light-bluemulticolour-5ba24373a102539deb2433c434e8aa80.jpg","width":1024,"height":1024},{"@type":"BreadcrumbList","@id":"https:\/\/hubsch-interior.com\/da\/vare\/block-sengetoj-60-200-lysebla-flerfarvet\/#breadcrumb","itemListElement":[{"@type":"ListItem","position":1,"name":"Forside","item":"https:\/\/hubsch-interior.com\/da\/"},{"@type":"ListItem","position":2,"name":"Produkter","item":"https:\/\/hubsch-interior.com\/da\/produkter\/"},{"@type":"ListItem","position":3,"name":"Tekstiler","item":"https:\/\/hubsch-interior.com\/da\/vare-kategori\/tekstiler\/"},{"@type":"ListItem","position":4,"name":"Senget&oslash;j","item":"https:\/\/hubsch-interior.com\/da\/vare-kategori\/tekstiler\/sengetoej-da\/"},{"@type":"ListItem","position":5,"name":"Block Senget\u00f8j 60\/200 Lysebl\u00e5\/\u00a0Flerfarvet"}]},{"@type":"WebSite","@id":"https:\/\/hubsch-interior.com\/da\/#website","url":"https:\/\/hubsch-interior.com\/da\/","name":"H\u00fcbsch","description":"Danish Home Interior and Design","publisher":{"@id":"https:\/\/hubsch-interior.com\/da\/#organization"},"potentialAction":[{"@type":"SearchAction","target":{"@type":"EntryPoint","urlTemplate":"https:\/\/hubsch-interior.com\/da\/?s={search_term_string}"},"query-input":{"@type":"PropertyValueSpecification","valueRequired":true,"valueName":"search_term_string"}}],"inLanguage":"da-DK"},{"@type":"Organization","@id":"https:\/\/hubsch-interior.com\/da\/#organization","name":"H\u00fcbsch","url":"https:\/\/hubsch-interior.com\/da\/","logo":{"@type":"ImageObject","inLanguage":"da-DK","@id":"https:\/\/hubsch-interior.com\/da\/#\/schema\/logo\/image\/","url":"https:\/\/hubsch-interior.com\/wp-content\/uploads\/2022\/12\/Hubsch_logo_black_one_line.svg","contentUrl":"https:\/\/hubsch-interior.com\/wp-content\/uploads\/2022\/12\/Hubsch_logo_black_one_line.svg","caption":"H\u00fcbsch"},"image":{"@id":"https:\/\/hubsch-interior.com\/da\/#\/schema\/logo\/image\/"}}]}},"_links":{"self":[{"href":"https:\/\/hubsch-interior.com\/da\/wp-json\/wp\/v2\/product\/958775","targetHints":{"allow":["GET"]}}],"collection":[{"href":"https:\/\/hubsch-interior.com\/da\/wp-json\/wp\/v2\/product"}],"about":[{"href":"https:\/\/hubsch-interior.com\/da\/wp-json\/wp\/v2\/types\/product"}],"wp:featuredmedia":[{"embeddable":true,"href":"https:\/\/hubsch-interior.com\/da\/wp-json\/wp\/v2\/media\/1095037"}],"wp:attachment":[{"href":"https:\/\/hubsch-interior.com\/da\/wp-json\/wp\/v2\/media?parent=958775"}],"wp:term":[{"taxonomy":"product_brand","embeddable":true,"href":"https:\/\/hubsch-interior.com\/da\/wp-json\/wp\/v2\/product_brand?post=958775"},{"taxonomy":"product_cat","embeddable":true,"href":"https:\/\/hubsch-interior.com\/da\/wp-json\/wp\/v2\/product_cat?post=958775"},{"taxonomy":"product_tag","embeddable":true,"href":"https:\/\/hubsch-interior.com\/da\/wp-json\/wp\/v2\/product_tag?post=958775"}],"curies":[{"name":"wp","href":"https:\/\/api.w.org\/{rel}","templated":true}]}}