{"id":958887,"date":"2023-11-13T07:52:16","date_gmt":"2023-11-13T06:52:16","guid":{"rendered":"https:\/\/hubsch-interior.com\/product\/product\/"},"modified":"2026-04-10T05:04:08","modified_gmt":"2026-04-10T03:04:08","slug":"magic-bordlampe-gron-olivengron","status":"publish","type":"product","link":"https:\/\/hubsch-interior.com\/da\/vare\/magic-bordlampe-gron-olivengron\/","title":{"rendered":"Magic Bordlampe Gr\u00f8n\/Olivengr\u00f8n"},"content":{"rendered":"<p>Magic-lampen har underg\u00e5et en magisk transformation! Nu er denne Rekindle-bestseller tilg\u00e6ngelig i en sandet gr\u00f8n og beige med en kontrasterende r\u00f8d ledning &#8211; en smuk blanding af funktionalitet og et dekorativt twist. Med en lydd\u00e6mpende funktion er det nemt at tilpasse lysstyrken til dit behov og skabe den perfekte atmosf\u00e6re. Uanset om du bruger Magic til l\u00e6sning, arbejde eller blot til at skabe en hyggelig belysning i dit hjem, vil Magic s\u00f8rge for de bedste omst\u00e6ndigheder. Plac\u00e9r lampen p\u00e5 dit skrivebord, sidebord eller i din vindueskarm, og oplev, hvordan den transformerer rummet med dens legende, geometriske form og farvekombination &#8211; ren magi! <\/p>\n","protected":false},"excerpt":{"rendered":"<p>Magic-lampen har underg\u00e5et en magisk transformation! Nu er denne Rekindle-bestseller tilg\u00e6ngelig i en sandet gr\u00f8n og beige med en kontrasterende r\u00f8d ledning &#8211; en smuk blanding af funktionalitet og et dekorativt twist. Med en lydd\u00e6mpende funktion er det nemt at tilpasse lysstyrken til dit behov og skabe den perfekte atmosf\u00e6re. Uanset om du bruger Magic [&hellip;]<\/p>\n","protected":false},"featured_media":1106774,"template":"","meta":{"_acf_changed":false,"inline_featured_image":false},"product_brand":[],"product_cat":[3808,3499,5025],"product_tag":[],"class_list":{"0":"post-958887","1":"product","2":"type-product","3":"status-publish","4":"has-post-thumbnail","6":"product_cat-belysning","7":"product_cat-bordlamper-da","8":"product_cat-bestsellers-da","9":"product_shipping_class-pk","11":"pa_color-grn","12":"pa_color-olivengrn","13":"pa_material-jern-da","14":"pa_material-polycarbonat","16":"first","17":"instock","18":"featured","19":"taxable","20":"shipping-taxable","21":"purchasable","22":"product-type-simple"},"exclude_global_add_ons":[],"addons":[],"acf":[],"yoast_head":"<!-- This site is optimized with the Yoast SEO plugin v26.4 - https:\/\/yoast.com\/wordpress\/plugins\/seo\/ -->\n<title>Magic Bordlampe Gr\u00f8n\/Olivengr\u00f8n - H\u00fcbsch<\/title>\n<meta name=\"description\" content=\"Magic-lampen har underg\u00e5et en magisk transformation! Nu er denne Rekindle-bestseller tilg\u00e6ngelig i en sandet gr\u00f8n og beige med en kontrasterende r\u00f8d\" \/>\n<meta name=\"robots\" content=\"index, follow, max-snippet:-1, max-image-preview:large, max-video-preview:-1\" \/>\n<link rel=\"canonical\" href=\"https:\/\/hubsch-interior.com\/da\/wp-json\/wp\/v2\/product\/958887\" \/>\n<meta property=\"og:locale\" content=\"da_DK\" \/>\n<meta property=\"og:type\" content=\"article\" \/>\n<meta property=\"og:title\" content=\"Magic Bordlampe Gr\u00f8n\/Olivengr\u00f8n - H\u00fcbsch\" \/>\n<meta property=\"og:description\" content=\"Magic-lampen har underg\u00e5et en magisk transformation! Nu er denne Rekindle-bestseller tilg\u00e6ngelig i en sandet gr\u00f8n og beige med en kontrasterende r\u00f8d\" \/>\n<meta property=\"og:url\" content=\"https:\/\/hubsch-interior.com\/da\/vare\/magic-bordlampe-gron-olivengron\/\" \/>\n<meta property=\"og:site_name\" content=\"H\u00fcbsch\" \/>\n<meta property=\"article:modified_time\" content=\"2026-04-10T03:04:08+00:00\" \/>\n<meta property=\"og:image\" content=\"https:\/\/hubsch-interior.com\/wp-content\/uploads\/2025\/05\/magic-table-lamp-greenolive-432b12c790f023148247b010a972bd37.jpg\" \/>\n\t<meta property=\"og:image:width\" content=\"1200\" \/>\n\t<meta property=\"og:image:height\" content=\"1200\" \/>\n\t<meta property=\"og:image:type\" content=\"image\/jpeg\" \/>\n<meta name=\"twitter:card\" content=\"summary_large_image\" \/>\n<meta name=\"twitter:label1\" content=\"Estimeret l\u00e6setid\" \/>\n\t<meta name=\"twitter:data1\" content=\"1 minut\" \/>\n<script type=\"application\/ld+json\" class=\"yoast-schema-graph\">{\"@context\":\"https:\/\/schema.org\",\"@graph\":[{\"@type\":\"WebPage\",\"@id\":\"https:\/\/hubsch-interior.com\/da\/vare\/magic-bordlampe-gron-olivengron\/\",\"url\":\"https:\/\/hubsch-interior.com\/da\/vare\/magic-bordlampe-gron-olivengron\/\",\"name\":\"Magic Bordlampe Gr\u00f8n\/Olivengr\u00f8n - H\u00fcbsch\",\"isPartOf\":{\"@id\":\"https:\/\/hubsch-interior.com\/da\/#website\"},\"primaryImageOfPage\":{\"@id\":\"https:\/\/hubsch-interior.com\/da\/vare\/magic-bordlampe-gron-olivengron\/#primaryimage\"},\"image\":{\"@id\":\"https:\/\/hubsch-interior.com\/da\/vare\/magic-bordlampe-gron-olivengron\/#primaryimage\"},\"thumbnailUrl\":\"https:\/\/hubsch-interior.com\/wp-content\/uploads\/2026\/02\/magic-table-lamp-greenolive-1dea1650d0ab7367d646c9283d40fd9c.jpg\",\"datePublished\":\"2023-11-13T06:52:16+00:00\",\"dateModified\":\"2026-04-10T03:04:08+00:00\",\"description\":\"Magic-lampen har underg\u00e5et en magisk transformation! Nu er denne Rekindle-bestseller tilg\u00e6ngelig i en sandet gr\u00f8n og beige med en kontrasterende r\u00f8d\",\"breadcrumb\":{\"@id\":\"https:\/\/hubsch-interior.com\/da\/vare\/magic-bordlampe-gron-olivengron\/#breadcrumb\"},\"inLanguage\":\"da-DK\",\"potentialAction\":[{\"@type\":\"ReadAction\",\"target\":[\"https:\/\/hubsch-interior.com\/da\/vare\/magic-bordlampe-gron-olivengron\/\"]}]},{\"@type\":\"ImageObject\",\"inLanguage\":\"da-DK\",\"@id\":\"https:\/\/hubsch-interior.com\/da\/vare\/magic-bordlampe-gron-olivengron\/#primaryimage\",\"url\":\"https:\/\/hubsch-interior.com\/wp-content\/uploads\/2026\/02\/magic-table-lamp-greenolive-1dea1650d0ab7367d646c9283d40fd9c.jpg\",\"contentUrl\":\"https:\/\/hubsch-interior.com\/wp-content\/uploads\/2026\/02\/magic-table-lamp-greenolive-1dea1650d0ab7367d646c9283d40fd9c.jpg\",\"width\":1024,\"height\":1024},{\"@type\":\"BreadcrumbList\",\"@id\":\"https:\/\/hubsch-interior.com\/da\/vare\/magic-bordlampe-gron-olivengron\/#breadcrumb\",\"itemListElement\":[{\"@type\":\"ListItem\",\"position\":1,\"name\":\"Forside\",\"item\":\"https:\/\/hubsch-interior.com\/da\/\"},{\"@type\":\"ListItem\",\"position\":2,\"name\":\"Produkter\",\"item\":\"https:\/\/hubsch-interior.com\/da\/produkter\/\"},{\"@type\":\"ListItem\",\"position\":3,\"name\":\"Colour Revival\",\"item\":\"https:\/\/hubsch-interior.com\/da\/vare-kategori\/colour-revival-da\/\"},{\"@type\":\"ListItem\",\"position\":4,\"name\":\"Magic Bordlampe Gr\u00f8n\/Olivengr\u00f8n\"}]},{\"@type\":\"WebSite\",\"@id\":\"https:\/\/hubsch-interior.com\/da\/#website\",\"url\":\"https:\/\/hubsch-interior.com\/da\/\",\"name\":\"H\u00fcbsch\",\"description\":\"Danish Home Interior and Design\",\"publisher\":{\"@id\":\"https:\/\/hubsch-interior.com\/da\/#organization\"},\"potentialAction\":[{\"@type\":\"SearchAction\",\"target\":{\"@type\":\"EntryPoint\",\"urlTemplate\":\"https:\/\/hubsch-interior.com\/da\/?s={search_term_string}\"},\"query-input\":{\"@type\":\"PropertyValueSpecification\",\"valueRequired\":true,\"valueName\":\"search_term_string\"}}],\"inLanguage\":\"da-DK\"},{\"@type\":\"Organization\",\"@id\":\"https:\/\/hubsch-interior.com\/da\/#organization\",\"name\":\"H\u00fcbsch\",\"url\":\"https:\/\/hubsch-interior.com\/da\/\",\"logo\":{\"@type\":\"ImageObject\",\"inLanguage\":\"da-DK\",\"@id\":\"https:\/\/hubsch-interior.com\/da\/#\/schema\/logo\/image\/\",\"url\":\"https:\/\/hubsch-interior.com\/wp-content\/uploads\/2022\/12\/Hubsch_logo_black_one_line.svg\",\"contentUrl\":\"https:\/\/hubsch-interior.com\/wp-content\/uploads\/2022\/12\/Hubsch_logo_black_one_line.svg\",\"caption\":\"H\u00fcbsch\"},\"image\":{\"@id\":\"https:\/\/hubsch-interior.com\/da\/#\/schema\/logo\/image\/\"}}]}<\/script>\n<!-- \/ Yoast SEO plugin. -->","yoast_head_json":{"title":"Magic Bordlampe Gr\u00f8n\/Olivengr\u00f8n - H\u00fcbsch","description":"Magic-lampen har underg\u00e5et en magisk transformation! Nu er denne Rekindle-bestseller tilg\u00e6ngelig i en sandet gr\u00f8n og beige med en kontrasterende r\u00f8d","robots":{"index":"index","follow":"follow","max-snippet":"max-snippet:-1","max-image-preview":"max-image-preview:large","max-video-preview":"max-video-preview:-1"},"canonical":"https:\/\/hubsch-interior.com\/da\/wp-json\/wp\/v2\/product\/958887","og_locale":"da_DK","og_type":"article","og_title":"Magic Bordlampe Gr\u00f8n\/Olivengr\u00f8n - H\u00fcbsch","og_description":"Magic-lampen har underg\u00e5et en magisk transformation! Nu er denne Rekindle-bestseller tilg\u00e6ngelig i en sandet gr\u00f8n og beige med en kontrasterende r\u00f8d","og_url":"https:\/\/hubsch-interior.com\/da\/vare\/magic-bordlampe-gron-olivengron\/","og_site_name":"H\u00fcbsch","article_modified_time":"2026-04-10T03:04:08+00:00","og_image":[{"width":1200,"height":1200,"url":"https:\/\/hubsch-interior.com\/wp-content\/uploads\/2025\/05\/magic-table-lamp-greenolive-432b12c790f023148247b010a972bd37.jpg","type":"image\/jpeg"}],"twitter_card":"summary_large_image","twitter_misc":{"Estimeret l\u00e6setid":"1 minut"},"schema":{"@context":"https:\/\/schema.org","@graph":[{"@type":"WebPage","@id":"https:\/\/hubsch-interior.com\/da\/vare\/magic-bordlampe-gron-olivengron\/","url":"https:\/\/hubsch-interior.com\/da\/vare\/magic-bordlampe-gron-olivengron\/","name":"Magic Bordlampe Gr\u00f8n\/Olivengr\u00f8n - H\u00fcbsch","isPartOf":{"@id":"https:\/\/hubsch-interior.com\/da\/#website"},"primaryImageOfPage":{"@id":"https:\/\/hubsch-interior.com\/da\/vare\/magic-bordlampe-gron-olivengron\/#primaryimage"},"image":{"@id":"https:\/\/hubsch-interior.com\/da\/vare\/magic-bordlampe-gron-olivengron\/#primaryimage"},"thumbnailUrl":"https:\/\/hubsch-interior.com\/wp-content\/uploads\/2026\/02\/magic-table-lamp-greenolive-1dea1650d0ab7367d646c9283d40fd9c.jpg","datePublished":"2023-11-13T06:52:16+00:00","dateModified":"2026-04-10T03:04:08+00:00","description":"Magic-lampen har underg\u00e5et en magisk transformation! Nu er denne Rekindle-bestseller tilg\u00e6ngelig i en sandet gr\u00f8n og beige med en kontrasterende r\u00f8d","breadcrumb":{"@id":"https:\/\/hubsch-interior.com\/da\/vare\/magic-bordlampe-gron-olivengron\/#breadcrumb"},"inLanguage":"da-DK","potentialAction":[{"@type":"ReadAction","target":["https:\/\/hubsch-interior.com\/da\/vare\/magic-bordlampe-gron-olivengron\/"]}]},{"@type":"ImageObject","inLanguage":"da-DK","@id":"https:\/\/hubsch-interior.com\/da\/vare\/magic-bordlampe-gron-olivengron\/#primaryimage","url":"https:\/\/hubsch-interior.com\/wp-content\/uploads\/2026\/02\/magic-table-lamp-greenolive-1dea1650d0ab7367d646c9283d40fd9c.jpg","contentUrl":"https:\/\/hubsch-interior.com\/wp-content\/uploads\/2026\/02\/magic-table-lamp-greenolive-1dea1650d0ab7367d646c9283d40fd9c.jpg","width":1024,"height":1024},{"@type":"BreadcrumbList","@id":"https:\/\/hubsch-interior.com\/da\/vare\/magic-bordlampe-gron-olivengron\/#breadcrumb","itemListElement":[{"@type":"ListItem","position":1,"name":"Forside","item":"https:\/\/hubsch-interior.com\/da\/"},{"@type":"ListItem","position":2,"name":"Produkter","item":"https:\/\/hubsch-interior.com\/da\/produkter\/"},{"@type":"ListItem","position":3,"name":"Colour Revival","item":"https:\/\/hubsch-interior.com\/da\/vare-kategori\/colour-revival-da\/"},{"@type":"ListItem","position":4,"name":"Magic Bordlampe Gr\u00f8n\/Olivengr\u00f8n"}]},{"@type":"WebSite","@id":"https:\/\/hubsch-interior.com\/da\/#website","url":"https:\/\/hubsch-interior.com\/da\/","name":"H\u00fcbsch","description":"Danish Home Interior and Design","publisher":{"@id":"https:\/\/hubsch-interior.com\/da\/#organization"},"potentialAction":[{"@type":"SearchAction","target":{"@type":"EntryPoint","urlTemplate":"https:\/\/hubsch-interior.com\/da\/?s={search_term_string}"},"query-input":{"@type":"PropertyValueSpecification","valueRequired":true,"valueName":"search_term_string"}}],"inLanguage":"da-DK"},{"@type":"Organization","@id":"https:\/\/hubsch-interior.com\/da\/#organization","name":"H\u00fcbsch","url":"https:\/\/hubsch-interior.com\/da\/","logo":{"@type":"ImageObject","inLanguage":"da-DK","@id":"https:\/\/hubsch-interior.com\/da\/#\/schema\/logo\/image\/","url":"https:\/\/hubsch-interior.com\/wp-content\/uploads\/2022\/12\/Hubsch_logo_black_one_line.svg","contentUrl":"https:\/\/hubsch-interior.com\/wp-content\/uploads\/2022\/12\/Hubsch_logo_black_one_line.svg","caption":"H\u00fcbsch"},"image":{"@id":"https:\/\/hubsch-interior.com\/da\/#\/schema\/logo\/image\/"}}]}},"_links":{"self":[{"href":"https:\/\/hubsch-interior.com\/da\/wp-json\/wp\/v2\/product\/958887","targetHints":{"allow":["GET"]}}],"collection":[{"href":"https:\/\/hubsch-interior.com\/da\/wp-json\/wp\/v2\/product"}],"about":[{"href":"https:\/\/hubsch-interior.com\/da\/wp-json\/wp\/v2\/types\/product"}],"wp:featuredmedia":[{"embeddable":true,"href":"https:\/\/hubsch-interior.com\/da\/wp-json\/wp\/v2\/media\/1106774"}],"wp:attachment":[{"href":"https:\/\/hubsch-interior.com\/da\/wp-json\/wp\/v2\/media?parent=958887"}],"wp:term":[{"taxonomy":"product_brand","embeddable":true,"href":"https:\/\/hubsch-interior.com\/da\/wp-json\/wp\/v2\/product_brand?post=958887"},{"taxonomy":"product_cat","embeddable":true,"href":"https:\/\/hubsch-interior.com\/da\/wp-json\/wp\/v2\/product_cat?post=958887"},{"taxonomy":"product_tag","embeddable":true,"href":"https:\/\/hubsch-interior.com\/da\/wp-json\/wp\/v2\/product_tag?post=958887"}],"curies":[{"name":"wp","href":"https:\/\/api.w.org\/{rel}","templated":true}]}}