{"id":973574,"date":"2024-01-22T14:11:14","date_gmt":"2024-01-22T13:11:14","guid":{"rendered":"https:\/\/hubsch-interior.com\/product\/product\/"},"modified":"2026-04-12T04:51:43","modified_gmt":"2026-04-12T02:51:43","slug":"triarch-reol-natur","status":"publish","type":"product","link":"https:\/\/hubsch-interior.com\/da\/vare\/triarch-reol-natur\/","title":{"rendered":"Triarch Reol Natur"},"content":{"rendered":"<p>Vores Triarch Shelf Unit er den perfekte reol til alle dine b\u00f8ger. Den v\u00e6gh\u00e6ngte reol vil p\u00e5 fineste vis stille dine b\u00f8ger p\u00e5 rad og r\u00e6kke, og de tre hylder s\u00e6tter uden tvivl en intens stemning uanset, hvilken genre du er til.  <\/p>\n","protected":false},"excerpt":{"rendered":"<p>Vores Triarch Shelf Unit er den perfekte reol til alle dine b\u00f8ger. Den v\u00e6gh\u00e6ngte reol vil p\u00e5 fineste vis stille dine b\u00f8ger p\u00e5 rad og r\u00e6kke, og de tre hylder s\u00e6tter uden tvivl en intens stemning uanset, hvilken genre du er til.<\/p>\n","protected":false},"featured_media":1102914,"template":"","meta":{"_acf_changed":false,"inline_featured_image":false},"product_brand":[],"product_cat":[6942,3999,4022,5025],"product_tag":[],"class_list":{"0":"post-973574","1":"product","2":"type-product","3":"status-publish","4":"has-post-thumbnail","6":"product_cat-bestseller-2025-da","7":"product_cat-reoler-opbevaring-da","8":"product_cat-hylder-da","9":"product_cat-bestsellers-da","10":"product_shipping_class-pk","12":"pa_color-natur-2","13":"pa_material-mdf-da","14":"pa_material-egetr","15":"pa_material-egetrsfiner","17":"first","18":"outofstock","19":"featured","20":"taxable","21":"shipping-taxable","22":"purchasable","23":"product-type-simple"},"exclude_global_add_ons":[],"addons":[],"acf":[],"yoast_head":"<!-- This site is optimized with the Yoast SEO plugin v26.4 - https:\/\/yoast.com\/wordpress\/plugins\/seo\/ -->\n<title>Triarch Reol Natur - H\u00fcbsch<\/title>\n<meta name=\"description\" content=\"Vores Triarch Shelf Unit er den perfekte reol til alle dine b\u00f8ger. Den v\u00e6gh\u00e6ngte reol vil p\u00e5 fineste vis stille dine b\u00f8ger p\u00e5 rad og r\u00e6kke, og de tre\" \/>\n<meta name=\"robots\" content=\"index, follow, max-snippet:-1, max-image-preview:large, max-video-preview:-1\" \/>\n<link rel=\"canonical\" href=\"https:\/\/hubsch-interior.com\/da\/wp-json\/wp\/v2\/product\/973574\" \/>\n<meta property=\"og:locale\" content=\"da_DK\" \/>\n<meta property=\"og:type\" content=\"article\" \/>\n<meta property=\"og:title\" content=\"Triarch Reol Natur - H\u00fcbsch\" \/>\n<meta property=\"og:description\" content=\"Vores Triarch Shelf Unit er den perfekte reol til alle dine b\u00f8ger. Den v\u00e6gh\u00e6ngte reol vil p\u00e5 fineste vis stille dine b\u00f8ger p\u00e5 rad og r\u00e6kke, og de tre\" \/>\n<meta property=\"og:url\" content=\"https:\/\/hubsch-interior.com\/da\/vare\/triarch-reol-natur\/\" \/>\n<meta property=\"og:site_name\" content=\"H\u00fcbsch\" \/>\n<meta property=\"article:modified_time\" content=\"2026-04-12T02:51:43+00:00\" \/>\n<meta property=\"og:image\" content=\"https:\/\/hubsch-interior.com\/wp-content\/uploads\/2026\/02\/triarch-shelf-unit-natural-c511db67879011dfabef215b283d4d80.jpg\" \/>\n\t<meta property=\"og:image:width\" content=\"1024\" \/>\n\t<meta property=\"og:image:height\" content=\"1024\" \/>\n\t<meta property=\"og:image:type\" content=\"image\/jpeg\" \/>\n<meta name=\"twitter:card\" content=\"summary_large_image\" \/>\n<script type=\"application\/ld+json\" class=\"yoast-schema-graph\">{\"@context\":\"https:\/\/schema.org\",\"@graph\":[{\"@type\":\"WebPage\",\"@id\":\"https:\/\/hubsch-interior.com\/da\/vare\/triarch-reol-natur\/\",\"url\":\"https:\/\/hubsch-interior.com\/da\/vare\/triarch-reol-natur\/\",\"name\":\"Triarch Reol Natur - H\u00fcbsch\",\"isPartOf\":{\"@id\":\"https:\/\/hubsch-interior.com\/da\/#website\"},\"primaryImageOfPage\":{\"@id\":\"https:\/\/hubsch-interior.com\/da\/vare\/triarch-reol-natur\/#primaryimage\"},\"image\":{\"@id\":\"https:\/\/hubsch-interior.com\/da\/vare\/triarch-reol-natur\/#primaryimage\"},\"thumbnailUrl\":\"https:\/\/hubsch-interior.com\/wp-content\/uploads\/2026\/02\/triarch-shelf-unit-natural-c511db67879011dfabef215b283d4d80.jpg\",\"datePublished\":\"2024-01-22T13:11:14+00:00\",\"dateModified\":\"2026-04-12T02:51:43+00:00\",\"description\":\"Vores Triarch Shelf Unit er den perfekte reol til alle dine b\u00f8ger. Den v\u00e6gh\u00e6ngte reol vil p\u00e5 fineste vis stille dine b\u00f8ger p\u00e5 rad og r\u00e6kke, og de tre\",\"breadcrumb\":{\"@id\":\"https:\/\/hubsch-interior.com\/da\/vare\/triarch-reol-natur\/#breadcrumb\"},\"inLanguage\":\"da-DK\",\"potentialAction\":[{\"@type\":\"ReadAction\",\"target\":[\"https:\/\/hubsch-interior.com\/da\/vare\/triarch-reol-natur\/\"]}]},{\"@type\":\"ImageObject\",\"inLanguage\":\"da-DK\",\"@id\":\"https:\/\/hubsch-interior.com\/da\/vare\/triarch-reol-natur\/#primaryimage\",\"url\":\"https:\/\/hubsch-interior.com\/wp-content\/uploads\/2026\/02\/triarch-shelf-unit-natural-c511db67879011dfabef215b283d4d80.jpg\",\"contentUrl\":\"https:\/\/hubsch-interior.com\/wp-content\/uploads\/2026\/02\/triarch-shelf-unit-natural-c511db67879011dfabef215b283d4d80.jpg\",\"width\":1024,\"height\":1024},{\"@type\":\"BreadcrumbList\",\"@id\":\"https:\/\/hubsch-interior.com\/da\/vare\/triarch-reol-natur\/#breadcrumb\",\"itemListElement\":[{\"@type\":\"ListItem\",\"position\":1,\"name\":\"Forside\",\"item\":\"https:\/\/hubsch-interior.com\/da\/\"},{\"@type\":\"ListItem\",\"position\":2,\"name\":\"Produkter\",\"item\":\"https:\/\/hubsch-interior.com\/da\/produkter\/\"},{\"@type\":\"ListItem\",\"position\":3,\"name\":\"M\u00f8bler\",\"item\":\"https:\/\/hubsch-interior.com\/da\/vare-kategori\/mobler\/\"},{\"@type\":\"ListItem\",\"position\":4,\"name\":\"Reoler &amp; opbevaring\",\"item\":\"https:\/\/hubsch-interior.com\/da\/vare-kategori\/mobler\/reoler-opbevaring-da\/\"},{\"@type\":\"ListItem\",\"position\":5,\"name\":\"Hylder\",\"item\":\"https:\/\/hubsch-interior.com\/da\/vare-kategori\/mobler\/reoler-opbevaring-da\/hylder-da\/\"},{\"@type\":\"ListItem\",\"position\":6,\"name\":\"Triarch Reol Natur\"}]},{\"@type\":\"WebSite\",\"@id\":\"https:\/\/hubsch-interior.com\/da\/#website\",\"url\":\"https:\/\/hubsch-interior.com\/da\/\",\"name\":\"H\u00fcbsch\",\"description\":\"Danish Home Interior and Design\",\"publisher\":{\"@id\":\"https:\/\/hubsch-interior.com\/da\/#organization\"},\"potentialAction\":[{\"@type\":\"SearchAction\",\"target\":{\"@type\":\"EntryPoint\",\"urlTemplate\":\"https:\/\/hubsch-interior.com\/da\/?s={search_term_string}\"},\"query-input\":{\"@type\":\"PropertyValueSpecification\",\"valueRequired\":true,\"valueName\":\"search_term_string\"}}],\"inLanguage\":\"da-DK\"},{\"@type\":\"Organization\",\"@id\":\"https:\/\/hubsch-interior.com\/da\/#organization\",\"name\":\"H\u00fcbsch\",\"url\":\"https:\/\/hubsch-interior.com\/da\/\",\"logo\":{\"@type\":\"ImageObject\",\"inLanguage\":\"da-DK\",\"@id\":\"https:\/\/hubsch-interior.com\/da\/#\/schema\/logo\/image\/\",\"url\":\"https:\/\/hubsch-interior.com\/wp-content\/uploads\/2022\/12\/Hubsch_logo_black_one_line.svg\",\"contentUrl\":\"https:\/\/hubsch-interior.com\/wp-content\/uploads\/2022\/12\/Hubsch_logo_black_one_line.svg\",\"caption\":\"H\u00fcbsch\"},\"image\":{\"@id\":\"https:\/\/hubsch-interior.com\/da\/#\/schema\/logo\/image\/\"}}]}<\/script>\n<!-- \/ Yoast SEO plugin. -->","yoast_head_json":{"title":"Triarch Reol Natur - H\u00fcbsch","description":"Vores Triarch Shelf Unit er den perfekte reol til alle dine b\u00f8ger. Den v\u00e6gh\u00e6ngte reol vil p\u00e5 fineste vis stille dine b\u00f8ger p\u00e5 rad og r\u00e6kke, og de tre","robots":{"index":"index","follow":"follow","max-snippet":"max-snippet:-1","max-image-preview":"max-image-preview:large","max-video-preview":"max-video-preview:-1"},"canonical":"https:\/\/hubsch-interior.com\/da\/wp-json\/wp\/v2\/product\/973574","og_locale":"da_DK","og_type":"article","og_title":"Triarch Reol Natur - H\u00fcbsch","og_description":"Vores Triarch Shelf Unit er den perfekte reol til alle dine b\u00f8ger. Den v\u00e6gh\u00e6ngte reol vil p\u00e5 fineste vis stille dine b\u00f8ger p\u00e5 rad og r\u00e6kke, og de tre","og_url":"https:\/\/hubsch-interior.com\/da\/vare\/triarch-reol-natur\/","og_site_name":"H\u00fcbsch","article_modified_time":"2026-04-12T02:51:43+00:00","og_image":[{"width":1024,"height":1024,"url":"https:\/\/hubsch-interior.com\/wp-content\/uploads\/2026\/02\/triarch-shelf-unit-natural-c511db67879011dfabef215b283d4d80.jpg","type":"image\/jpeg"}],"twitter_card":"summary_large_image","schema":{"@context":"https:\/\/schema.org","@graph":[{"@type":"WebPage","@id":"https:\/\/hubsch-interior.com\/da\/vare\/triarch-reol-natur\/","url":"https:\/\/hubsch-interior.com\/da\/vare\/triarch-reol-natur\/","name":"Triarch Reol Natur - H\u00fcbsch","isPartOf":{"@id":"https:\/\/hubsch-interior.com\/da\/#website"},"primaryImageOfPage":{"@id":"https:\/\/hubsch-interior.com\/da\/vare\/triarch-reol-natur\/#primaryimage"},"image":{"@id":"https:\/\/hubsch-interior.com\/da\/vare\/triarch-reol-natur\/#primaryimage"},"thumbnailUrl":"https:\/\/hubsch-interior.com\/wp-content\/uploads\/2026\/02\/triarch-shelf-unit-natural-c511db67879011dfabef215b283d4d80.jpg","datePublished":"2024-01-22T13:11:14+00:00","dateModified":"2026-04-12T02:51:43+00:00","description":"Vores Triarch Shelf Unit er den perfekte reol til alle dine b\u00f8ger. Den v\u00e6gh\u00e6ngte reol vil p\u00e5 fineste vis stille dine b\u00f8ger p\u00e5 rad og r\u00e6kke, og de tre","breadcrumb":{"@id":"https:\/\/hubsch-interior.com\/da\/vare\/triarch-reol-natur\/#breadcrumb"},"inLanguage":"da-DK","potentialAction":[{"@type":"ReadAction","target":["https:\/\/hubsch-interior.com\/da\/vare\/triarch-reol-natur\/"]}]},{"@type":"ImageObject","inLanguage":"da-DK","@id":"https:\/\/hubsch-interior.com\/da\/vare\/triarch-reol-natur\/#primaryimage","url":"https:\/\/hubsch-interior.com\/wp-content\/uploads\/2026\/02\/triarch-shelf-unit-natural-c511db67879011dfabef215b283d4d80.jpg","contentUrl":"https:\/\/hubsch-interior.com\/wp-content\/uploads\/2026\/02\/triarch-shelf-unit-natural-c511db67879011dfabef215b283d4d80.jpg","width":1024,"height":1024},{"@type":"BreadcrumbList","@id":"https:\/\/hubsch-interior.com\/da\/vare\/triarch-reol-natur\/#breadcrumb","itemListElement":[{"@type":"ListItem","position":1,"name":"Forside","item":"https:\/\/hubsch-interior.com\/da\/"},{"@type":"ListItem","position":2,"name":"Produkter","item":"https:\/\/hubsch-interior.com\/da\/produkter\/"},{"@type":"ListItem","position":3,"name":"M\u00f8bler","item":"https:\/\/hubsch-interior.com\/da\/vare-kategori\/mobler\/"},{"@type":"ListItem","position":4,"name":"Reoler &amp; opbevaring","item":"https:\/\/hubsch-interior.com\/da\/vare-kategori\/mobler\/reoler-opbevaring-da\/"},{"@type":"ListItem","position":5,"name":"Hylder","item":"https:\/\/hubsch-interior.com\/da\/vare-kategori\/mobler\/reoler-opbevaring-da\/hylder-da\/"},{"@type":"ListItem","position":6,"name":"Triarch Reol Natur"}]},{"@type":"WebSite","@id":"https:\/\/hubsch-interior.com\/da\/#website","url":"https:\/\/hubsch-interior.com\/da\/","name":"H\u00fcbsch","description":"Danish Home Interior and Design","publisher":{"@id":"https:\/\/hubsch-interior.com\/da\/#organization"},"potentialAction":[{"@type":"SearchAction","target":{"@type":"EntryPoint","urlTemplate":"https:\/\/hubsch-interior.com\/da\/?s={search_term_string}"},"query-input":{"@type":"PropertyValueSpecification","valueRequired":true,"valueName":"search_term_string"}}],"inLanguage":"da-DK"},{"@type":"Organization","@id":"https:\/\/hubsch-interior.com\/da\/#organization","name":"H\u00fcbsch","url":"https:\/\/hubsch-interior.com\/da\/","logo":{"@type":"ImageObject","inLanguage":"da-DK","@id":"https:\/\/hubsch-interior.com\/da\/#\/schema\/logo\/image\/","url":"https:\/\/hubsch-interior.com\/wp-content\/uploads\/2022\/12\/Hubsch_logo_black_one_line.svg","contentUrl":"https:\/\/hubsch-interior.com\/wp-content\/uploads\/2022\/12\/Hubsch_logo_black_one_line.svg","caption":"H\u00fcbsch"},"image":{"@id":"https:\/\/hubsch-interior.com\/da\/#\/schema\/logo\/image\/"}}]}},"_links":{"self":[{"href":"https:\/\/hubsch-interior.com\/da\/wp-json\/wp\/v2\/product\/973574","targetHints":{"allow":["GET"]}}],"collection":[{"href":"https:\/\/hubsch-interior.com\/da\/wp-json\/wp\/v2\/product"}],"about":[{"href":"https:\/\/hubsch-interior.com\/da\/wp-json\/wp\/v2\/types\/product"}],"wp:featuredmedia":[{"embeddable":true,"href":"https:\/\/hubsch-interior.com\/da\/wp-json\/wp\/v2\/media\/1102914"}],"wp:attachment":[{"href":"https:\/\/hubsch-interior.com\/da\/wp-json\/wp\/v2\/media?parent=973574"}],"wp:term":[{"taxonomy":"product_brand","embeddable":true,"href":"https:\/\/hubsch-interior.com\/da\/wp-json\/wp\/v2\/product_brand?post=973574"},{"taxonomy":"product_cat","embeddable":true,"href":"https:\/\/hubsch-interior.com\/da\/wp-json\/wp\/v2\/product_cat?post=973574"},{"taxonomy":"product_tag","embeddable":true,"href":"https:\/\/hubsch-interior.com\/da\/wp-json\/wp\/v2\/product_tag?post=973574"}],"curies":[{"name":"wp","href":"https:\/\/api.w.org\/{rel}","templated":true}]}}