{"id":973743,"date":"2024-01-23T08:20:48","date_gmt":"2024-01-23T07:20:54","guid":{"rendered":"https:\/\/hubsch-interior.com\/product\/product\/"},"modified":"2026-04-05T04:41:59","modified_gmt":"2026-04-05T02:41:59","slug":"twist-sengetaeppe-firkantet-260x260-sand-flerfarvet","status":"publish","type":"product","link":"https:\/\/hubsch-interior.com\/da\/vare\/twist-sengetaeppe-firkantet-260x260-sand-flerfarvet\/","title":{"rendered":"Twist Senget\u00e6ppe Firkantet 260&#215;260 Sand\/\u00a0Flerfarvet"},"content":{"rendered":"<p>Dette quiltede senget\u00e6ppe er s\u00e5 charmerende! Den sk\u00f8nne farvesammens\u00e6tning, kan noget helt s\u00e6rligt. Vi er vilde med m\u00f8nstret af firkanter, hvor kanterne er lavet af orange, gr\u00f8nne, bordeaux og bl\u00e5 striber, men men men vi elsker de h\u00e5ndsyede rininger, som er helt utrolig smukke. Alle disse fine sting g\u00f8r hvert eneste Twist-senget\u00e6ppe unikt! Brug senget\u00e6ppet med den farverige side op eller brug bagsiden, hvis du f\u00f8ler dig i et roligt og ensfarvet hum\u00f8r. Du ved, at dit sovev\u00e6relse vil elske dette h\u00e5ndsyede senget\u00e6ppe! <\/p>\n","protected":false},"excerpt":{"rendered":"<p>Dette quiltede senget\u00e6ppe er s\u00e5 charmerende! Den sk\u00f8nne farvesammens\u00e6tning, kan noget helt s\u00e6rligt. Vi er vilde med m\u00f8nstret af firkanter, hvor kanterne er lavet af orange, gr\u00f8nne, bordeaux og bl\u00e5 striber, men men men vi elsker de h\u00e5ndsyede rininger, som er helt utrolig smukke. Alle disse fine sting g\u00f8r hvert eneste Twist-senget\u00e6ppe unikt! Brug senget\u00e6ppet [&hellip;]<\/p>\n","protected":false},"featured_media":1100171,"template":"","meta":{"_acf_changed":false,"inline_featured_image":false},"product_brand":[],"product_cat":[6378,3000,4941,6362,5025],"product_tag":[],"class_list":{"0":"post-973743","1":"product","2":"type-product","3":"status-publish","4":"has-post-thumbnail","6":"product_cat-always-a-twist-da","7":"product_cat-tekstiler","8":"product_cat-plaider-da","9":"product_cat-sengetaepper-da","10":"product_cat-bestsellers-da","11":"product_shipping_class-pk","13":"pa_color-sand-da","14":"pa_color-flerfarvet-2","15":"pa_material-cotton-100-da","17":"first","18":"outofstock","19":"featured","20":"taxable","21":"shipping-taxable","22":"purchasable","23":"product-type-simple"},"exclude_global_add_ons":[],"addons":[],"acf":[],"yoast_head":"<!-- This site is optimized with the Yoast SEO plugin v26.4 - https:\/\/yoast.com\/wordpress\/plugins\/seo\/ -->\n<title>Twist Senget\u00e6ppe Firkantet 260x260 Sand\/\u00a0Flerfarvet - H\u00fcbsch<\/title>\n<meta name=\"description\" content=\"Dette quiltede senget\u00e6ppe er s\u00e5 charmerende! Den sk\u00f8nne farvesammens\u00e6tning, kan noget helt s\u00e6rligt. Vi er vilde med m\u00f8nstret af firkanter, hvor kanterne\" \/>\n<meta name=\"robots\" content=\"index, follow, max-snippet:-1, max-image-preview:large, max-video-preview:-1\" \/>\n<link rel=\"canonical\" href=\"https:\/\/hubsch-interior.com\/da\/wp-json\/wp\/v2\/product\/973743\" \/>\n<meta property=\"og:locale\" content=\"da_DK\" \/>\n<meta property=\"og:type\" content=\"article\" \/>\n<meta property=\"og:title\" content=\"Twist Senget\u00e6ppe Firkantet 260x260 Sand\/\u00a0Flerfarvet - H\u00fcbsch\" \/>\n<meta property=\"og:description\" content=\"Dette quiltede senget\u00e6ppe er s\u00e5 charmerende! Den sk\u00f8nne farvesammens\u00e6tning, kan noget helt s\u00e6rligt. Vi er vilde med m\u00f8nstret af firkanter, hvor kanterne\" \/>\n<meta property=\"og:url\" content=\"https:\/\/hubsch-interior.com\/da\/vare\/twist-sengetaeppe-firkantet-260x260-sand-flerfarvet\/\" \/>\n<meta property=\"og:site_name\" content=\"H\u00fcbsch\" \/>\n<meta property=\"article:modified_time\" content=\"2026-04-05T02:41:59+00:00\" \/>\n<meta property=\"og:image\" content=\"https:\/\/hubsch-interior.com\/wp-content\/uploads\/2024\/01\/twist-bedspread-square-260x260-sandmulticolour-29cf5793022b1fc4bca21e297bec9e28.jpg\" \/>\n\t<meta property=\"og:image:width\" content=\"1200\" \/>\n\t<meta property=\"og:image:height\" content=\"1200\" \/>\n\t<meta property=\"og:image:type\" content=\"image\/jpeg\" \/>\n<meta name=\"twitter:card\" content=\"summary_large_image\" \/>\n<script type=\"application\/ld+json\" class=\"yoast-schema-graph\">{\"@context\":\"https:\/\/schema.org\",\"@graph\":[{\"@type\":\"WebPage\",\"@id\":\"https:\/\/hubsch-interior.com\/da\/vare\/twist-sengetaeppe-firkantet-260x260-sand-flerfarvet\/\",\"url\":\"https:\/\/hubsch-interior.com\/da\/vare\/twist-sengetaeppe-firkantet-260x260-sand-flerfarvet\/\",\"name\":\"Twist Senget\u00e6ppe Firkantet 260x260 Sand\/\u00a0Flerfarvet - H\u00fcbsch\",\"isPartOf\":{\"@id\":\"https:\/\/hubsch-interior.com\/da\/#website\"},\"primaryImageOfPage\":{\"@id\":\"https:\/\/hubsch-interior.com\/da\/vare\/twist-sengetaeppe-firkantet-260x260-sand-flerfarvet\/#primaryimage\"},\"image\":{\"@id\":\"https:\/\/hubsch-interior.com\/da\/vare\/twist-sengetaeppe-firkantet-260x260-sand-flerfarvet\/#primaryimage\"},\"thumbnailUrl\":\"https:\/\/hubsch-interior.com\/wp-content\/uploads\/2026\/02\/twist-bedspread-square-260x260-sandmulticolour-354ca4e054577f64b4e1588a958b14c9.jpg\",\"datePublished\":\"2024-01-23T07:20:54+00:00\",\"dateModified\":\"2026-04-05T02:41:59+00:00\",\"description\":\"Dette quiltede senget\u00e6ppe er s\u00e5 charmerende! Den sk\u00f8nne farvesammens\u00e6tning, kan noget helt s\u00e6rligt. Vi er vilde med m\u00f8nstret af firkanter, hvor kanterne\",\"breadcrumb\":{\"@id\":\"https:\/\/hubsch-interior.com\/da\/vare\/twist-sengetaeppe-firkantet-260x260-sand-flerfarvet\/#breadcrumb\"},\"inLanguage\":\"da-DK\",\"potentialAction\":[{\"@type\":\"ReadAction\",\"target\":[\"https:\/\/hubsch-interior.com\/da\/vare\/twist-sengetaeppe-firkantet-260x260-sand-flerfarvet\/\"]}]},{\"@type\":\"ImageObject\",\"inLanguage\":\"da-DK\",\"@id\":\"https:\/\/hubsch-interior.com\/da\/vare\/twist-sengetaeppe-firkantet-260x260-sand-flerfarvet\/#primaryimage\",\"url\":\"https:\/\/hubsch-interior.com\/wp-content\/uploads\/2026\/02\/twist-bedspread-square-260x260-sandmulticolour-354ca4e054577f64b4e1588a958b14c9.jpg\",\"contentUrl\":\"https:\/\/hubsch-interior.com\/wp-content\/uploads\/2026\/02\/twist-bedspread-square-260x260-sandmulticolour-354ca4e054577f64b4e1588a958b14c9.jpg\",\"width\":1024,\"height\":1024},{\"@type\":\"BreadcrumbList\",\"@id\":\"https:\/\/hubsch-interior.com\/da\/vare\/twist-sengetaeppe-firkantet-260x260-sand-flerfarvet\/#breadcrumb\",\"itemListElement\":[{\"@type\":\"ListItem\",\"position\":1,\"name\":\"Forside\",\"item\":\"https:\/\/hubsch-interior.com\/da\/\"},{\"@type\":\"ListItem\",\"position\":2,\"name\":\"Produkter\",\"item\":\"https:\/\/hubsch-interior.com\/da\/produkter\/\"},{\"@type\":\"ListItem\",\"position\":3,\"name\":\"Tekstiler\",\"item\":\"https:\/\/hubsch-interior.com\/da\/vare-kategori\/tekstiler\/\"},{\"@type\":\"ListItem\",\"position\":4,\"name\":\"Plaider\",\"item\":\"https:\/\/hubsch-interior.com\/da\/vare-kategori\/tekstiler\/plaider-da\/\"},{\"@type\":\"ListItem\",\"position\":5,\"name\":\"Twist Senget\u00e6ppe Firkantet 260&#215;260 Sand\/\u00a0Flerfarvet\"}]},{\"@type\":\"WebSite\",\"@id\":\"https:\/\/hubsch-interior.com\/da\/#website\",\"url\":\"https:\/\/hubsch-interior.com\/da\/\",\"name\":\"H\u00fcbsch\",\"description\":\"Danish Home Interior and Design\",\"publisher\":{\"@id\":\"https:\/\/hubsch-interior.com\/da\/#organization\"},\"potentialAction\":[{\"@type\":\"SearchAction\",\"target\":{\"@type\":\"EntryPoint\",\"urlTemplate\":\"https:\/\/hubsch-interior.com\/da\/?s={search_term_string}\"},\"query-input\":{\"@type\":\"PropertyValueSpecification\",\"valueRequired\":true,\"valueName\":\"search_term_string\"}}],\"inLanguage\":\"da-DK\"},{\"@type\":\"Organization\",\"@id\":\"https:\/\/hubsch-interior.com\/da\/#organization\",\"name\":\"H\u00fcbsch\",\"url\":\"https:\/\/hubsch-interior.com\/da\/\",\"logo\":{\"@type\":\"ImageObject\",\"inLanguage\":\"da-DK\",\"@id\":\"https:\/\/hubsch-interior.com\/da\/#\/schema\/logo\/image\/\",\"url\":\"https:\/\/hubsch-interior.com\/wp-content\/uploads\/2022\/12\/Hubsch_logo_black_one_line.svg\",\"contentUrl\":\"https:\/\/hubsch-interior.com\/wp-content\/uploads\/2022\/12\/Hubsch_logo_black_one_line.svg\",\"caption\":\"H\u00fcbsch\"},\"image\":{\"@id\":\"https:\/\/hubsch-interior.com\/da\/#\/schema\/logo\/image\/\"}}]}<\/script>\n<!-- \/ Yoast SEO plugin. -->","yoast_head_json":{"title":"Twist Senget\u00e6ppe Firkantet 260x260 Sand\/\u00a0Flerfarvet - H\u00fcbsch","description":"Dette quiltede senget\u00e6ppe er s\u00e5 charmerende! Den sk\u00f8nne farvesammens\u00e6tning, kan noget helt s\u00e6rligt. Vi er vilde med m\u00f8nstret af firkanter, hvor kanterne","robots":{"index":"index","follow":"follow","max-snippet":"max-snippet:-1","max-image-preview":"max-image-preview:large","max-video-preview":"max-video-preview:-1"},"canonical":"https:\/\/hubsch-interior.com\/da\/wp-json\/wp\/v2\/product\/973743","og_locale":"da_DK","og_type":"article","og_title":"Twist Senget\u00e6ppe Firkantet 260x260 Sand\/\u00a0Flerfarvet - H\u00fcbsch","og_description":"Dette quiltede senget\u00e6ppe er s\u00e5 charmerende! Den sk\u00f8nne farvesammens\u00e6tning, kan noget helt s\u00e6rligt. Vi er vilde med m\u00f8nstret af firkanter, hvor kanterne","og_url":"https:\/\/hubsch-interior.com\/da\/vare\/twist-sengetaeppe-firkantet-260x260-sand-flerfarvet\/","og_site_name":"H\u00fcbsch","article_modified_time":"2026-04-05T02:41:59+00:00","og_image":[{"width":1200,"height":1200,"url":"https:\/\/hubsch-interior.com\/wp-content\/uploads\/2024\/01\/twist-bedspread-square-260x260-sandmulticolour-29cf5793022b1fc4bca21e297bec9e28.jpg","type":"image\/jpeg"}],"twitter_card":"summary_large_image","schema":{"@context":"https:\/\/schema.org","@graph":[{"@type":"WebPage","@id":"https:\/\/hubsch-interior.com\/da\/vare\/twist-sengetaeppe-firkantet-260x260-sand-flerfarvet\/","url":"https:\/\/hubsch-interior.com\/da\/vare\/twist-sengetaeppe-firkantet-260x260-sand-flerfarvet\/","name":"Twist Senget\u00e6ppe Firkantet 260x260 Sand\/\u00a0Flerfarvet - H\u00fcbsch","isPartOf":{"@id":"https:\/\/hubsch-interior.com\/da\/#website"},"primaryImageOfPage":{"@id":"https:\/\/hubsch-interior.com\/da\/vare\/twist-sengetaeppe-firkantet-260x260-sand-flerfarvet\/#primaryimage"},"image":{"@id":"https:\/\/hubsch-interior.com\/da\/vare\/twist-sengetaeppe-firkantet-260x260-sand-flerfarvet\/#primaryimage"},"thumbnailUrl":"https:\/\/hubsch-interior.com\/wp-content\/uploads\/2026\/02\/twist-bedspread-square-260x260-sandmulticolour-354ca4e054577f64b4e1588a958b14c9.jpg","datePublished":"2024-01-23T07:20:54+00:00","dateModified":"2026-04-05T02:41:59+00:00","description":"Dette quiltede senget\u00e6ppe er s\u00e5 charmerende! Den sk\u00f8nne farvesammens\u00e6tning, kan noget helt s\u00e6rligt. Vi er vilde med m\u00f8nstret af firkanter, hvor kanterne","breadcrumb":{"@id":"https:\/\/hubsch-interior.com\/da\/vare\/twist-sengetaeppe-firkantet-260x260-sand-flerfarvet\/#breadcrumb"},"inLanguage":"da-DK","potentialAction":[{"@type":"ReadAction","target":["https:\/\/hubsch-interior.com\/da\/vare\/twist-sengetaeppe-firkantet-260x260-sand-flerfarvet\/"]}]},{"@type":"ImageObject","inLanguage":"da-DK","@id":"https:\/\/hubsch-interior.com\/da\/vare\/twist-sengetaeppe-firkantet-260x260-sand-flerfarvet\/#primaryimage","url":"https:\/\/hubsch-interior.com\/wp-content\/uploads\/2026\/02\/twist-bedspread-square-260x260-sandmulticolour-354ca4e054577f64b4e1588a958b14c9.jpg","contentUrl":"https:\/\/hubsch-interior.com\/wp-content\/uploads\/2026\/02\/twist-bedspread-square-260x260-sandmulticolour-354ca4e054577f64b4e1588a958b14c9.jpg","width":1024,"height":1024},{"@type":"BreadcrumbList","@id":"https:\/\/hubsch-interior.com\/da\/vare\/twist-sengetaeppe-firkantet-260x260-sand-flerfarvet\/#breadcrumb","itemListElement":[{"@type":"ListItem","position":1,"name":"Forside","item":"https:\/\/hubsch-interior.com\/da\/"},{"@type":"ListItem","position":2,"name":"Produkter","item":"https:\/\/hubsch-interior.com\/da\/produkter\/"},{"@type":"ListItem","position":3,"name":"Tekstiler","item":"https:\/\/hubsch-interior.com\/da\/vare-kategori\/tekstiler\/"},{"@type":"ListItem","position":4,"name":"Plaider","item":"https:\/\/hubsch-interior.com\/da\/vare-kategori\/tekstiler\/plaider-da\/"},{"@type":"ListItem","position":5,"name":"Twist Senget\u00e6ppe Firkantet 260&#215;260 Sand\/\u00a0Flerfarvet"}]},{"@type":"WebSite","@id":"https:\/\/hubsch-interior.com\/da\/#website","url":"https:\/\/hubsch-interior.com\/da\/","name":"H\u00fcbsch","description":"Danish Home Interior and Design","publisher":{"@id":"https:\/\/hubsch-interior.com\/da\/#organization"},"potentialAction":[{"@type":"SearchAction","target":{"@type":"EntryPoint","urlTemplate":"https:\/\/hubsch-interior.com\/da\/?s={search_term_string}"},"query-input":{"@type":"PropertyValueSpecification","valueRequired":true,"valueName":"search_term_string"}}],"inLanguage":"da-DK"},{"@type":"Organization","@id":"https:\/\/hubsch-interior.com\/da\/#organization","name":"H\u00fcbsch","url":"https:\/\/hubsch-interior.com\/da\/","logo":{"@type":"ImageObject","inLanguage":"da-DK","@id":"https:\/\/hubsch-interior.com\/da\/#\/schema\/logo\/image\/","url":"https:\/\/hubsch-interior.com\/wp-content\/uploads\/2022\/12\/Hubsch_logo_black_one_line.svg","contentUrl":"https:\/\/hubsch-interior.com\/wp-content\/uploads\/2022\/12\/Hubsch_logo_black_one_line.svg","caption":"H\u00fcbsch"},"image":{"@id":"https:\/\/hubsch-interior.com\/da\/#\/schema\/logo\/image\/"}}]}},"_links":{"self":[{"href":"https:\/\/hubsch-interior.com\/da\/wp-json\/wp\/v2\/product\/973743","targetHints":{"allow":["GET"]}}],"collection":[{"href":"https:\/\/hubsch-interior.com\/da\/wp-json\/wp\/v2\/product"}],"about":[{"href":"https:\/\/hubsch-interior.com\/da\/wp-json\/wp\/v2\/types\/product"}],"wp:featuredmedia":[{"embeddable":true,"href":"https:\/\/hubsch-interior.com\/da\/wp-json\/wp\/v2\/media\/1100171"}],"wp:attachment":[{"href":"https:\/\/hubsch-interior.com\/da\/wp-json\/wp\/v2\/media?parent=973743"}],"wp:term":[{"taxonomy":"product_brand","embeddable":true,"href":"https:\/\/hubsch-interior.com\/da\/wp-json\/wp\/v2\/product_brand?post=973743"},{"taxonomy":"product_cat","embeddable":true,"href":"https:\/\/hubsch-interior.com\/da\/wp-json\/wp\/v2\/product_cat?post=973743"},{"taxonomy":"product_tag","embeddable":true,"href":"https:\/\/hubsch-interior.com\/da\/wp-json\/wp\/v2\/product_tag?post=973743"}],"curies":[{"name":"wp","href":"https:\/\/api.w.org\/{rel}","templated":true}]}}