{"id":974550,"date":"2024-01-29T08:21:42","date_gmt":"2024-01-29T07:21:42","guid":{"rendered":"https:\/\/hubsch-interior.com\/product\/product\/"},"modified":"2026-04-09T04:18:37","modified_gmt":"2026-04-09T02:18:37","slug":"sempre-tojstativ-gra-olivengron","status":"publish","type":"product","link":"https:\/\/hubsch-interior.com\/da\/vare\/sempre-tojstativ-gra-olivengron\/","title":{"rendered":"Sempre T\u00f8jstativ Gr\u00e5\/Olivengr\u00f8n"},"content":{"rendered":"<p>Sempre T\u00f8jstativ er et must-have til enhver fashionista, der \u00f8nsker at organisere sit t\u00f8j p\u00e5 en stilfuld og pladsbesparende m\u00e5de. Det elegante stativ er fremstillet af holdbart st\u00e5l og har en smuk gr\u00e5\/olivengr\u00f8n farve, der passer ind i enhver indretning. Dens slanke design g\u00f8r det muligt at udnytte selv de mindste rum. Med Sempre T\u00f8jstativ f\u00e5r du ikke blot smart opbevaring til dit t\u00f8j, men ogs\u00e5 et mix af farver til dit hjem.<\/p>\n","protected":false},"excerpt":{"rendered":"<p>Sempre T\u00f8jstativ er et must-have til enhver fashionista, der \u00f8nsker at organisere sit t\u00f8j p\u00e5 en stilfuld og pladsbesparende m\u00e5de. Det elegante stativ er fremstillet af holdbart st\u00e5l og har en smuk gr\u00e5\/olivengr\u00f8n farve, der passer ind i enhver indretning. Dens slanke design g\u00f8r det muligt at udnytte selv de mindste rum. Med Sempre T\u00f8jstativ [&hellip;]<\/p>\n","protected":false},"featured_media":1093518,"template":"","meta":{"_acf_changed":false,"inline_featured_image":false},"product_brand":[],"product_cat":[5025,6880,4031,3999,5460,5088,5029],"product_tag":[],"class_list":{"0":"post-974550","1":"product","2":"type-product","3":"status-publish","4":"has-post-thumbnail","6":"product_cat-bestsellers-da","7":"product_cat-elevating-nostalgia-da","8":"product_cat-garderobe-stativer-da","9":"product_cat-reoler-opbevaring-da","10":"product_cat-stativer-da","11":"product_cat-toejstativer-da","12":"product_cat-tilbage-paa-lager-da","13":"product_shipping_class-p05","15":"pa_color-gr","16":"pa_color-olivengrn","17":"pa_material-stl","19":"first","20":"instock","21":"featured","22":"taxable","23":"shipping-taxable","24":"purchasable","25":"product-type-simple"},"exclude_global_add_ons":[],"addons":[],"acf":[],"yoast_head":"<!-- This site is optimized with the Yoast SEO plugin v26.4 - https:\/\/yoast.com\/wordpress\/plugins\/seo\/ -->\n<title>Sempre T\u00f8jstativ Gr\u00e5\/Olivengr\u00f8n - H\u00fcbsch<\/title>\n<meta name=\"description\" content=\"Sempre T\u00f8jstativ er et must-have til enhver fashionista, der \u00f8nsker at organisere sit t\u00f8j p\u00e5 en stilfuld og pladsbesparende m\u00e5de. Det elegante stativ er\" \/>\n<meta name=\"robots\" content=\"index, follow, max-snippet:-1, max-image-preview:large, max-video-preview:-1\" \/>\n<link rel=\"canonical\" href=\"https:\/\/hubsch-interior.com\/da\/wp-json\/wp\/v2\/product\/974550\" \/>\n<meta property=\"og:locale\" content=\"da_DK\" \/>\n<meta property=\"og:type\" content=\"article\" \/>\n<meta property=\"og:title\" content=\"Sempre T\u00f8jstativ Gr\u00e5\/Olivengr\u00f8n - H\u00fcbsch\" \/>\n<meta property=\"og:description\" content=\"Sempre T\u00f8jstativ er et must-have til enhver fashionista, der \u00f8nsker at organisere sit t\u00f8j p\u00e5 en stilfuld og pladsbesparende m\u00e5de. Det elegante stativ er\" \/>\n<meta property=\"og:url\" content=\"https:\/\/hubsch-interior.com\/da\/vare\/sempre-tojstativ-gra-olivengron\/\" \/>\n<meta property=\"og:site_name\" content=\"H\u00fcbsch\" \/>\n<meta property=\"article:modified_time\" content=\"2026-04-09T02:18:37+00:00\" \/>\n<meta property=\"og:image\" content=\"https:\/\/hubsch-interior.com\/wp-content\/uploads\/2026\/02\/sempre-clothing-rack-greyolive-0ec56159f6cd615f22bf9398097ee45a.jpg\" \/>\n\t<meta property=\"og:image:width\" content=\"1024\" \/>\n\t<meta property=\"og:image:height\" content=\"1024\" \/>\n\t<meta property=\"og:image:type\" content=\"image\/jpeg\" \/>\n<meta name=\"twitter:card\" content=\"summary_large_image\" \/>\n<script type=\"application\/ld+json\" class=\"yoast-schema-graph\">{\"@context\":\"https:\/\/schema.org\",\"@graph\":[{\"@type\":\"WebPage\",\"@id\":\"https:\/\/hubsch-interior.com\/da\/vare\/sempre-tojstativ-gra-olivengron\/\",\"url\":\"https:\/\/hubsch-interior.com\/da\/vare\/sempre-tojstativ-gra-olivengron\/\",\"name\":\"Sempre T\u00f8jstativ Gr\u00e5\/Olivengr\u00f8n - H\u00fcbsch\",\"isPartOf\":{\"@id\":\"https:\/\/hubsch-interior.com\/da\/#website\"},\"primaryImageOfPage\":{\"@id\":\"https:\/\/hubsch-interior.com\/da\/vare\/sempre-tojstativ-gra-olivengron\/#primaryimage\"},\"image\":{\"@id\":\"https:\/\/hubsch-interior.com\/da\/vare\/sempre-tojstativ-gra-olivengron\/#primaryimage\"},\"thumbnailUrl\":\"https:\/\/hubsch-interior.com\/wp-content\/uploads\/2026\/02\/sempre-clothing-rack-greyolive-0ec56159f6cd615f22bf9398097ee45a.jpg\",\"datePublished\":\"2024-01-29T07:21:42+00:00\",\"dateModified\":\"2026-04-09T02:18:37+00:00\",\"description\":\"Sempre T\u00f8jstativ er et must-have til enhver fashionista, der \u00f8nsker at organisere sit t\u00f8j p\u00e5 en stilfuld og pladsbesparende m\u00e5de. Det elegante stativ er\",\"breadcrumb\":{\"@id\":\"https:\/\/hubsch-interior.com\/da\/vare\/sempre-tojstativ-gra-olivengron\/#breadcrumb\"},\"inLanguage\":\"da-DK\",\"potentialAction\":[{\"@type\":\"ReadAction\",\"target\":[\"https:\/\/hubsch-interior.com\/da\/vare\/sempre-tojstativ-gra-olivengron\/\"]}]},{\"@type\":\"ImageObject\",\"inLanguage\":\"da-DK\",\"@id\":\"https:\/\/hubsch-interior.com\/da\/vare\/sempre-tojstativ-gra-olivengron\/#primaryimage\",\"url\":\"https:\/\/hubsch-interior.com\/wp-content\/uploads\/2026\/02\/sempre-clothing-rack-greyolive-0ec56159f6cd615f22bf9398097ee45a.jpg\",\"contentUrl\":\"https:\/\/hubsch-interior.com\/wp-content\/uploads\/2026\/02\/sempre-clothing-rack-greyolive-0ec56159f6cd615f22bf9398097ee45a.jpg\",\"width\":1024,\"height\":1024},{\"@type\":\"BreadcrumbList\",\"@id\":\"https:\/\/hubsch-interior.com\/da\/vare\/sempre-tojstativ-gra-olivengron\/#breadcrumb\",\"itemListElement\":[{\"@type\":\"ListItem\",\"position\":1,\"name\":\"Forside\",\"item\":\"https:\/\/hubsch-interior.com\/da\/\"},{\"@type\":\"ListItem\",\"position\":2,\"name\":\"Produkter\",\"item\":\"https:\/\/hubsch-interior.com\/da\/produkter\/\"},{\"@type\":\"ListItem\",\"position\":3,\"name\":\"M\u00f8bler\",\"item\":\"https:\/\/hubsch-interior.com\/da\/vare-kategori\/mobler\/\"},{\"@type\":\"ListItem\",\"position\":4,\"name\":\"Reoler &amp; opbevaring\",\"item\":\"https:\/\/hubsch-interior.com\/da\/vare-kategori\/mobler\/reoler-opbevaring-da\/\"},{\"@type\":\"ListItem\",\"position\":5,\"name\":\"T&oslash;jstativer\",\"item\":\"https:\/\/hubsch-interior.com\/da\/vare-kategori\/mobler\/reoler-opbevaring-da\/toejstativer-da\/\"},{\"@type\":\"ListItem\",\"position\":6,\"name\":\"Sempre T\u00f8jstativ Gr\u00e5\/Olivengr\u00f8n\"}]},{\"@type\":\"WebSite\",\"@id\":\"https:\/\/hubsch-interior.com\/da\/#website\",\"url\":\"https:\/\/hubsch-interior.com\/da\/\",\"name\":\"H\u00fcbsch\",\"description\":\"Danish Home Interior and Design\",\"publisher\":{\"@id\":\"https:\/\/hubsch-interior.com\/da\/#organization\"},\"potentialAction\":[{\"@type\":\"SearchAction\",\"target\":{\"@type\":\"EntryPoint\",\"urlTemplate\":\"https:\/\/hubsch-interior.com\/da\/?s={search_term_string}\"},\"query-input\":{\"@type\":\"PropertyValueSpecification\",\"valueRequired\":true,\"valueName\":\"search_term_string\"}}],\"inLanguage\":\"da-DK\"},{\"@type\":\"Organization\",\"@id\":\"https:\/\/hubsch-interior.com\/da\/#organization\",\"name\":\"H\u00fcbsch\",\"url\":\"https:\/\/hubsch-interior.com\/da\/\",\"logo\":{\"@type\":\"ImageObject\",\"inLanguage\":\"da-DK\",\"@id\":\"https:\/\/hubsch-interior.com\/da\/#\/schema\/logo\/image\/\",\"url\":\"https:\/\/hubsch-interior.com\/wp-content\/uploads\/2022\/12\/Hubsch_logo_black_one_line.svg\",\"contentUrl\":\"https:\/\/hubsch-interior.com\/wp-content\/uploads\/2022\/12\/Hubsch_logo_black_one_line.svg\",\"caption\":\"H\u00fcbsch\"},\"image\":{\"@id\":\"https:\/\/hubsch-interior.com\/da\/#\/schema\/logo\/image\/\"}}]}<\/script>\n<!-- \/ Yoast SEO plugin. -->","yoast_head_json":{"title":"Sempre T\u00f8jstativ Gr\u00e5\/Olivengr\u00f8n - H\u00fcbsch","description":"Sempre T\u00f8jstativ er et must-have til enhver fashionista, der \u00f8nsker at organisere sit t\u00f8j p\u00e5 en stilfuld og pladsbesparende m\u00e5de. Det elegante stativ er","robots":{"index":"index","follow":"follow","max-snippet":"max-snippet:-1","max-image-preview":"max-image-preview:large","max-video-preview":"max-video-preview:-1"},"canonical":"https:\/\/hubsch-interior.com\/da\/wp-json\/wp\/v2\/product\/974550","og_locale":"da_DK","og_type":"article","og_title":"Sempre T\u00f8jstativ Gr\u00e5\/Olivengr\u00f8n - H\u00fcbsch","og_description":"Sempre T\u00f8jstativ er et must-have til enhver fashionista, der \u00f8nsker at organisere sit t\u00f8j p\u00e5 en stilfuld og pladsbesparende m\u00e5de. Det elegante stativ er","og_url":"https:\/\/hubsch-interior.com\/da\/vare\/sempre-tojstativ-gra-olivengron\/","og_site_name":"H\u00fcbsch","article_modified_time":"2026-04-09T02:18:37+00:00","og_image":[{"width":1024,"height":1024,"url":"https:\/\/hubsch-interior.com\/wp-content\/uploads\/2026\/02\/sempre-clothing-rack-greyolive-0ec56159f6cd615f22bf9398097ee45a.jpg","type":"image\/jpeg"}],"twitter_card":"summary_large_image","schema":{"@context":"https:\/\/schema.org","@graph":[{"@type":"WebPage","@id":"https:\/\/hubsch-interior.com\/da\/vare\/sempre-tojstativ-gra-olivengron\/","url":"https:\/\/hubsch-interior.com\/da\/vare\/sempre-tojstativ-gra-olivengron\/","name":"Sempre T\u00f8jstativ Gr\u00e5\/Olivengr\u00f8n - H\u00fcbsch","isPartOf":{"@id":"https:\/\/hubsch-interior.com\/da\/#website"},"primaryImageOfPage":{"@id":"https:\/\/hubsch-interior.com\/da\/vare\/sempre-tojstativ-gra-olivengron\/#primaryimage"},"image":{"@id":"https:\/\/hubsch-interior.com\/da\/vare\/sempre-tojstativ-gra-olivengron\/#primaryimage"},"thumbnailUrl":"https:\/\/hubsch-interior.com\/wp-content\/uploads\/2026\/02\/sempre-clothing-rack-greyolive-0ec56159f6cd615f22bf9398097ee45a.jpg","datePublished":"2024-01-29T07:21:42+00:00","dateModified":"2026-04-09T02:18:37+00:00","description":"Sempre T\u00f8jstativ er et must-have til enhver fashionista, der \u00f8nsker at organisere sit t\u00f8j p\u00e5 en stilfuld og pladsbesparende m\u00e5de. Det elegante stativ er","breadcrumb":{"@id":"https:\/\/hubsch-interior.com\/da\/vare\/sempre-tojstativ-gra-olivengron\/#breadcrumb"},"inLanguage":"da-DK","potentialAction":[{"@type":"ReadAction","target":["https:\/\/hubsch-interior.com\/da\/vare\/sempre-tojstativ-gra-olivengron\/"]}]},{"@type":"ImageObject","inLanguage":"da-DK","@id":"https:\/\/hubsch-interior.com\/da\/vare\/sempre-tojstativ-gra-olivengron\/#primaryimage","url":"https:\/\/hubsch-interior.com\/wp-content\/uploads\/2026\/02\/sempre-clothing-rack-greyolive-0ec56159f6cd615f22bf9398097ee45a.jpg","contentUrl":"https:\/\/hubsch-interior.com\/wp-content\/uploads\/2026\/02\/sempre-clothing-rack-greyolive-0ec56159f6cd615f22bf9398097ee45a.jpg","width":1024,"height":1024},{"@type":"BreadcrumbList","@id":"https:\/\/hubsch-interior.com\/da\/vare\/sempre-tojstativ-gra-olivengron\/#breadcrumb","itemListElement":[{"@type":"ListItem","position":1,"name":"Forside","item":"https:\/\/hubsch-interior.com\/da\/"},{"@type":"ListItem","position":2,"name":"Produkter","item":"https:\/\/hubsch-interior.com\/da\/produkter\/"},{"@type":"ListItem","position":3,"name":"M\u00f8bler","item":"https:\/\/hubsch-interior.com\/da\/vare-kategori\/mobler\/"},{"@type":"ListItem","position":4,"name":"Reoler &amp; opbevaring","item":"https:\/\/hubsch-interior.com\/da\/vare-kategori\/mobler\/reoler-opbevaring-da\/"},{"@type":"ListItem","position":5,"name":"T&oslash;jstativer","item":"https:\/\/hubsch-interior.com\/da\/vare-kategori\/mobler\/reoler-opbevaring-da\/toejstativer-da\/"},{"@type":"ListItem","position":6,"name":"Sempre T\u00f8jstativ Gr\u00e5\/Olivengr\u00f8n"}]},{"@type":"WebSite","@id":"https:\/\/hubsch-interior.com\/da\/#website","url":"https:\/\/hubsch-interior.com\/da\/","name":"H\u00fcbsch","description":"Danish Home Interior and Design","publisher":{"@id":"https:\/\/hubsch-interior.com\/da\/#organization"},"potentialAction":[{"@type":"SearchAction","target":{"@type":"EntryPoint","urlTemplate":"https:\/\/hubsch-interior.com\/da\/?s={search_term_string}"},"query-input":{"@type":"PropertyValueSpecification","valueRequired":true,"valueName":"search_term_string"}}],"inLanguage":"da-DK"},{"@type":"Organization","@id":"https:\/\/hubsch-interior.com\/da\/#organization","name":"H\u00fcbsch","url":"https:\/\/hubsch-interior.com\/da\/","logo":{"@type":"ImageObject","inLanguage":"da-DK","@id":"https:\/\/hubsch-interior.com\/da\/#\/schema\/logo\/image\/","url":"https:\/\/hubsch-interior.com\/wp-content\/uploads\/2022\/12\/Hubsch_logo_black_one_line.svg","contentUrl":"https:\/\/hubsch-interior.com\/wp-content\/uploads\/2022\/12\/Hubsch_logo_black_one_line.svg","caption":"H\u00fcbsch"},"image":{"@id":"https:\/\/hubsch-interior.com\/da\/#\/schema\/logo\/image\/"}}]}},"_links":{"self":[{"href":"https:\/\/hubsch-interior.com\/da\/wp-json\/wp\/v2\/product\/974550","targetHints":{"allow":["GET"]}}],"collection":[{"href":"https:\/\/hubsch-interior.com\/da\/wp-json\/wp\/v2\/product"}],"about":[{"href":"https:\/\/hubsch-interior.com\/da\/wp-json\/wp\/v2\/types\/product"}],"wp:featuredmedia":[{"embeddable":true,"href":"https:\/\/hubsch-interior.com\/da\/wp-json\/wp\/v2\/media\/1093518"}],"wp:attachment":[{"href":"https:\/\/hubsch-interior.com\/da\/wp-json\/wp\/v2\/media?parent=974550"}],"wp:term":[{"taxonomy":"product_brand","embeddable":true,"href":"https:\/\/hubsch-interior.com\/da\/wp-json\/wp\/v2\/product_brand?post=974550"},{"taxonomy":"product_cat","embeddable":true,"href":"https:\/\/hubsch-interior.com\/da\/wp-json\/wp\/v2\/product_cat?post=974550"},{"taxonomy":"product_tag","embeddable":true,"href":"https:\/\/hubsch-interior.com\/da\/wp-json\/wp\/v2\/product_tag?post=974550"}],"curies":[{"name":"wp","href":"https:\/\/api.w.org\/{rel}","templated":true}]}}