{"id":974694,"date":"2024-01-29T08:22:33","date_gmt":"2024-01-29T07:22:33","guid":{"rendered":"https:\/\/hubsch-interior.com\/product\/product\/"},"modified":"2026-04-09T04:18:42","modified_gmt":"2026-04-09T02:18:42","slug":"sortit-organiser-flerfarvet-saet-af-4","status":"publish","type":"product","link":"https:\/\/hubsch-interior.com\/da\/vare\/sortit-organiser-flerfarvet-saet-af-4\/","title":{"rendered":"Sortit Organiser \u00a0Flerfarvet (s\u00e6t af 4)"},"content":{"rendered":"<p>Sortit Organiser er det perfekte tilbeh\u00f8r til dit moderne kontor. Med sin flerfarvede st\u00e5lkonstruktion tilf\u00f8jer den ikke kun \u00e6stetik til dit skrivebord, men den er ogs\u00e5 yderst effektiv til opbevaring. Brug den som en samlet opbevaringsl\u00f8sning eller separat i forskellige rum til at holde dine kontorartikler organiseret. De smukke, subtile farver komplimenterer hinanden, hvilket g\u00f8r den essentiel til et \u00e6stetisk kontor.<\/p>\n","protected":false},"excerpt":{"rendered":"<p>Sortit Organiser er det perfekte tilbeh\u00f8r til dit moderne kontor. Med sin flerfarvede st\u00e5lkonstruktion tilf\u00f8jer den ikke kun \u00e6stetik til dit skrivebord, men den er ogs\u00e5 yderst effektiv til opbevaring. Brug den som en samlet opbevaringsl\u00f8sning eller separat i forskellige rum til at holde dine kontorartikler organiseret. De smukke, subtile farver komplimenterer hinanden, hvilket g\u00f8r [&hellip;]<\/p>\n","protected":false},"featured_media":1093566,"template":"","meta":{"_acf_changed":false,"inline_featured_image":false},"product_brand":[],"product_cat":[6880,3109,3644,4151,4959,4152,5025],"product_tag":[],"class_list":{"0":"post-974694","1":"product","2":"type-product","3":"status-publish","4":"has-post-thumbnail","6":"product_cat-elevating-nostalgia-da","7":"product_cat-opbevaring-da","8":"product_cat-bokse-da","9":"product_cat-kontor-da","10":"product_cat-opbevaringskasser-da","11":"product_cat-kontorartikler-da","12":"product_cat-bestsellers-da","13":"product_shipping_class-pk","15":"pa_color-flerfarvet-2","16":"pa_material-stl","18":"first","19":"instock","20":"featured","21":"taxable","22":"shipping-taxable","23":"purchasable","24":"product-type-simple"},"exclude_global_add_ons":[],"addons":[],"acf":[],"yoast_head":"<!-- This site is optimized with the Yoast SEO plugin v26.4 - https:\/\/yoast.com\/wordpress\/plugins\/seo\/ -->\n<title>Sortit Organiser \u00a0Flerfarvet (s\u00e6t af 4) - H\u00fcbsch<\/title>\n<meta name=\"description\" content=\"Sortit Organiser er det perfekte tilbeh\u00f8r til dit moderne kontor. Med sin flerfarvede st\u00e5lkonstruktion tilf\u00f8jer den ikke kun \u00e6stetik til dit skrivebord,\" \/>\n<meta name=\"robots\" content=\"index, follow, max-snippet:-1, max-image-preview:large, max-video-preview:-1\" \/>\n<link rel=\"canonical\" href=\"https:\/\/hubsch-interior.com\/da\/wp-json\/wp\/v2\/product\/974694\" \/>\n<meta property=\"og:locale\" content=\"da_DK\" \/>\n<meta property=\"og:type\" content=\"article\" \/>\n<meta property=\"og:title\" content=\"Sortit Organiser \u00a0Flerfarvet (s\u00e6t af 4) - H\u00fcbsch\" \/>\n<meta property=\"og:description\" content=\"Sortit Organiser er det perfekte tilbeh\u00f8r til dit moderne kontor. Med sin flerfarvede st\u00e5lkonstruktion tilf\u00f8jer den ikke kun \u00e6stetik til dit skrivebord,\" \/>\n<meta property=\"og:url\" content=\"https:\/\/hubsch-interior.com\/da\/vare\/sortit-organiser-flerfarvet-saet-af-4\/\" \/>\n<meta property=\"og:site_name\" content=\"H\u00fcbsch\" \/>\n<meta property=\"article:modified_time\" content=\"2026-04-09T02:18:42+00:00\" \/>\n<meta property=\"og:image\" content=\"https:\/\/hubsch-interior.com\/wp-content\/uploads\/2024\/01\/sortit-organiser-multicolour-set-of-4-bbac0d4c774b11c37e86065b2a85c7c3.jpg\" \/>\n\t<meta property=\"og:image:width\" content=\"1200\" \/>\n\t<meta property=\"og:image:height\" content=\"1200\" \/>\n\t<meta property=\"og:image:type\" content=\"image\/jpeg\" \/>\n<meta name=\"twitter:card\" content=\"summary_large_image\" \/>\n<script type=\"application\/ld+json\" class=\"yoast-schema-graph\">{\"@context\":\"https:\/\/schema.org\",\"@graph\":[{\"@type\":\"WebPage\",\"@id\":\"https:\/\/hubsch-interior.com\/da\/vare\/sortit-organiser-flerfarvet-saet-af-4\/\",\"url\":\"https:\/\/hubsch-interior.com\/da\/vare\/sortit-organiser-flerfarvet-saet-af-4\/\",\"name\":\"Sortit Organiser \u00a0Flerfarvet (s\u00e6t af 4) - H\u00fcbsch\",\"isPartOf\":{\"@id\":\"https:\/\/hubsch-interior.com\/da\/#website\"},\"primaryImageOfPage\":{\"@id\":\"https:\/\/hubsch-interior.com\/da\/vare\/sortit-organiser-flerfarvet-saet-af-4\/#primaryimage\"},\"image\":{\"@id\":\"https:\/\/hubsch-interior.com\/da\/vare\/sortit-organiser-flerfarvet-saet-af-4\/#primaryimage\"},\"thumbnailUrl\":\"https:\/\/hubsch-interior.com\/wp-content\/uploads\/2026\/02\/sortit-organiser-multicolour-set-of-4-165bd4b72fcd958986852fd798718a33.jpg\",\"datePublished\":\"2024-01-29T07:22:33+00:00\",\"dateModified\":\"2026-04-09T02:18:42+00:00\",\"description\":\"Sortit Organiser er det perfekte tilbeh\u00f8r til dit moderne kontor. Med sin flerfarvede st\u00e5lkonstruktion tilf\u00f8jer den ikke kun \u00e6stetik til dit skrivebord,\",\"breadcrumb\":{\"@id\":\"https:\/\/hubsch-interior.com\/da\/vare\/sortit-organiser-flerfarvet-saet-af-4\/#breadcrumb\"},\"inLanguage\":\"da-DK\",\"potentialAction\":[{\"@type\":\"ReadAction\",\"target\":[\"https:\/\/hubsch-interior.com\/da\/vare\/sortit-organiser-flerfarvet-saet-af-4\/\"]}]},{\"@type\":\"ImageObject\",\"inLanguage\":\"da-DK\",\"@id\":\"https:\/\/hubsch-interior.com\/da\/vare\/sortit-organiser-flerfarvet-saet-af-4\/#primaryimage\",\"url\":\"https:\/\/hubsch-interior.com\/wp-content\/uploads\/2026\/02\/sortit-organiser-multicolour-set-of-4-165bd4b72fcd958986852fd798718a33.jpg\",\"contentUrl\":\"https:\/\/hubsch-interior.com\/wp-content\/uploads\/2026\/02\/sortit-organiser-multicolour-set-of-4-165bd4b72fcd958986852fd798718a33.jpg\",\"width\":1024,\"height\":1024},{\"@type\":\"BreadcrumbList\",\"@id\":\"https:\/\/hubsch-interior.com\/da\/vare\/sortit-organiser-flerfarvet-saet-af-4\/#breadcrumb\",\"itemListElement\":[{\"@type\":\"ListItem\",\"position\":1,\"name\":\"Forside\",\"item\":\"https:\/\/hubsch-interior.com\/da\/\"},{\"@type\":\"ListItem\",\"position\":2,\"name\":\"Produkter\",\"item\":\"https:\/\/hubsch-interior.com\/da\/produkter\/\"},{\"@type\":\"ListItem\",\"position\":3,\"name\":\"Boligtilbeh\u00f8r\",\"item\":\"https:\/\/hubsch-interior.com\/da\/vare-kategori\/boligtilbehor\/\"},{\"@type\":\"ListItem\",\"position\":4,\"name\":\"Opbevaring\",\"item\":\"https:\/\/hubsch-interior.com\/da\/vare-kategori\/boligtilbehor\/opbevaring-da\/\"},{\"@type\":\"ListItem\",\"position\":5,\"name\":\"Bokse\",\"item\":\"https:\/\/hubsch-interior.com\/da\/vare-kategori\/boligtilbehor\/opbevaring-da\/bokse-da\/\"},{\"@type\":\"ListItem\",\"position\":6,\"name\":\"Sortit Organiser \u00a0Flerfarvet (s\u00e6t af 4)\"}]},{\"@type\":\"WebSite\",\"@id\":\"https:\/\/hubsch-interior.com\/da\/#website\",\"url\":\"https:\/\/hubsch-interior.com\/da\/\",\"name\":\"H\u00fcbsch\",\"description\":\"Danish Home Interior and Design\",\"publisher\":{\"@id\":\"https:\/\/hubsch-interior.com\/da\/#organization\"},\"potentialAction\":[{\"@type\":\"SearchAction\",\"target\":{\"@type\":\"EntryPoint\",\"urlTemplate\":\"https:\/\/hubsch-interior.com\/da\/?s={search_term_string}\"},\"query-input\":{\"@type\":\"PropertyValueSpecification\",\"valueRequired\":true,\"valueName\":\"search_term_string\"}}],\"inLanguage\":\"da-DK\"},{\"@type\":\"Organization\",\"@id\":\"https:\/\/hubsch-interior.com\/da\/#organization\",\"name\":\"H\u00fcbsch\",\"url\":\"https:\/\/hubsch-interior.com\/da\/\",\"logo\":{\"@type\":\"ImageObject\",\"inLanguage\":\"da-DK\",\"@id\":\"https:\/\/hubsch-interior.com\/da\/#\/schema\/logo\/image\/\",\"url\":\"https:\/\/hubsch-interior.com\/wp-content\/uploads\/2022\/12\/Hubsch_logo_black_one_line.svg\",\"contentUrl\":\"https:\/\/hubsch-interior.com\/wp-content\/uploads\/2022\/12\/Hubsch_logo_black_one_line.svg\",\"caption\":\"H\u00fcbsch\"},\"image\":{\"@id\":\"https:\/\/hubsch-interior.com\/da\/#\/schema\/logo\/image\/\"}}]}<\/script>\n<!-- \/ Yoast SEO plugin. -->","yoast_head_json":{"title":"Sortit Organiser \u00a0Flerfarvet (s\u00e6t af 4) - H\u00fcbsch","description":"Sortit Organiser er det perfekte tilbeh\u00f8r til dit moderne kontor. Med sin flerfarvede st\u00e5lkonstruktion tilf\u00f8jer den ikke kun \u00e6stetik til dit skrivebord,","robots":{"index":"index","follow":"follow","max-snippet":"max-snippet:-1","max-image-preview":"max-image-preview:large","max-video-preview":"max-video-preview:-1"},"canonical":"https:\/\/hubsch-interior.com\/da\/wp-json\/wp\/v2\/product\/974694","og_locale":"da_DK","og_type":"article","og_title":"Sortit Organiser \u00a0Flerfarvet (s\u00e6t af 4) - H\u00fcbsch","og_description":"Sortit Organiser er det perfekte tilbeh\u00f8r til dit moderne kontor. Med sin flerfarvede st\u00e5lkonstruktion tilf\u00f8jer den ikke kun \u00e6stetik til dit skrivebord,","og_url":"https:\/\/hubsch-interior.com\/da\/vare\/sortit-organiser-flerfarvet-saet-af-4\/","og_site_name":"H\u00fcbsch","article_modified_time":"2026-04-09T02:18:42+00:00","og_image":[{"width":1200,"height":1200,"url":"https:\/\/hubsch-interior.com\/wp-content\/uploads\/2024\/01\/sortit-organiser-multicolour-set-of-4-bbac0d4c774b11c37e86065b2a85c7c3.jpg","type":"image\/jpeg"}],"twitter_card":"summary_large_image","schema":{"@context":"https:\/\/schema.org","@graph":[{"@type":"WebPage","@id":"https:\/\/hubsch-interior.com\/da\/vare\/sortit-organiser-flerfarvet-saet-af-4\/","url":"https:\/\/hubsch-interior.com\/da\/vare\/sortit-organiser-flerfarvet-saet-af-4\/","name":"Sortit Organiser \u00a0Flerfarvet (s\u00e6t af 4) - H\u00fcbsch","isPartOf":{"@id":"https:\/\/hubsch-interior.com\/da\/#website"},"primaryImageOfPage":{"@id":"https:\/\/hubsch-interior.com\/da\/vare\/sortit-organiser-flerfarvet-saet-af-4\/#primaryimage"},"image":{"@id":"https:\/\/hubsch-interior.com\/da\/vare\/sortit-organiser-flerfarvet-saet-af-4\/#primaryimage"},"thumbnailUrl":"https:\/\/hubsch-interior.com\/wp-content\/uploads\/2026\/02\/sortit-organiser-multicolour-set-of-4-165bd4b72fcd958986852fd798718a33.jpg","datePublished":"2024-01-29T07:22:33+00:00","dateModified":"2026-04-09T02:18:42+00:00","description":"Sortit Organiser er det perfekte tilbeh\u00f8r til dit moderne kontor. Med sin flerfarvede st\u00e5lkonstruktion tilf\u00f8jer den ikke kun \u00e6stetik til dit skrivebord,","breadcrumb":{"@id":"https:\/\/hubsch-interior.com\/da\/vare\/sortit-organiser-flerfarvet-saet-af-4\/#breadcrumb"},"inLanguage":"da-DK","potentialAction":[{"@type":"ReadAction","target":["https:\/\/hubsch-interior.com\/da\/vare\/sortit-organiser-flerfarvet-saet-af-4\/"]}]},{"@type":"ImageObject","inLanguage":"da-DK","@id":"https:\/\/hubsch-interior.com\/da\/vare\/sortit-organiser-flerfarvet-saet-af-4\/#primaryimage","url":"https:\/\/hubsch-interior.com\/wp-content\/uploads\/2026\/02\/sortit-organiser-multicolour-set-of-4-165bd4b72fcd958986852fd798718a33.jpg","contentUrl":"https:\/\/hubsch-interior.com\/wp-content\/uploads\/2026\/02\/sortit-organiser-multicolour-set-of-4-165bd4b72fcd958986852fd798718a33.jpg","width":1024,"height":1024},{"@type":"BreadcrumbList","@id":"https:\/\/hubsch-interior.com\/da\/vare\/sortit-organiser-flerfarvet-saet-af-4\/#breadcrumb","itemListElement":[{"@type":"ListItem","position":1,"name":"Forside","item":"https:\/\/hubsch-interior.com\/da\/"},{"@type":"ListItem","position":2,"name":"Produkter","item":"https:\/\/hubsch-interior.com\/da\/produkter\/"},{"@type":"ListItem","position":3,"name":"Boligtilbeh\u00f8r","item":"https:\/\/hubsch-interior.com\/da\/vare-kategori\/boligtilbehor\/"},{"@type":"ListItem","position":4,"name":"Opbevaring","item":"https:\/\/hubsch-interior.com\/da\/vare-kategori\/boligtilbehor\/opbevaring-da\/"},{"@type":"ListItem","position":5,"name":"Bokse","item":"https:\/\/hubsch-interior.com\/da\/vare-kategori\/boligtilbehor\/opbevaring-da\/bokse-da\/"},{"@type":"ListItem","position":6,"name":"Sortit Organiser \u00a0Flerfarvet (s\u00e6t af 4)"}]},{"@type":"WebSite","@id":"https:\/\/hubsch-interior.com\/da\/#website","url":"https:\/\/hubsch-interior.com\/da\/","name":"H\u00fcbsch","description":"Danish Home Interior and Design","publisher":{"@id":"https:\/\/hubsch-interior.com\/da\/#organization"},"potentialAction":[{"@type":"SearchAction","target":{"@type":"EntryPoint","urlTemplate":"https:\/\/hubsch-interior.com\/da\/?s={search_term_string}"},"query-input":{"@type":"PropertyValueSpecification","valueRequired":true,"valueName":"search_term_string"}}],"inLanguage":"da-DK"},{"@type":"Organization","@id":"https:\/\/hubsch-interior.com\/da\/#organization","name":"H\u00fcbsch","url":"https:\/\/hubsch-interior.com\/da\/","logo":{"@type":"ImageObject","inLanguage":"da-DK","@id":"https:\/\/hubsch-interior.com\/da\/#\/schema\/logo\/image\/","url":"https:\/\/hubsch-interior.com\/wp-content\/uploads\/2022\/12\/Hubsch_logo_black_one_line.svg","contentUrl":"https:\/\/hubsch-interior.com\/wp-content\/uploads\/2022\/12\/Hubsch_logo_black_one_line.svg","caption":"H\u00fcbsch"},"image":{"@id":"https:\/\/hubsch-interior.com\/da\/#\/schema\/logo\/image\/"}}]}},"_links":{"self":[{"href":"https:\/\/hubsch-interior.com\/da\/wp-json\/wp\/v2\/product\/974694","targetHints":{"allow":["GET"]}}],"collection":[{"href":"https:\/\/hubsch-interior.com\/da\/wp-json\/wp\/v2\/product"}],"about":[{"href":"https:\/\/hubsch-interior.com\/da\/wp-json\/wp\/v2\/types\/product"}],"wp:featuredmedia":[{"embeddable":true,"href":"https:\/\/hubsch-interior.com\/da\/wp-json\/wp\/v2\/media\/1093566"}],"wp:attachment":[{"href":"https:\/\/hubsch-interior.com\/da\/wp-json\/wp\/v2\/media?parent=974694"}],"wp:term":[{"taxonomy":"product_brand","embeddable":true,"href":"https:\/\/hubsch-interior.com\/da\/wp-json\/wp\/v2\/product_brand?post=974694"},{"taxonomy":"product_cat","embeddable":true,"href":"https:\/\/hubsch-interior.com\/da\/wp-json\/wp\/v2\/product_cat?post=974694"},{"taxonomy":"product_tag","embeddable":true,"href":"https:\/\/hubsch-interior.com\/da\/wp-json\/wp\/v2\/product_tag?post=974694"}],"curies":[{"name":"wp","href":"https:\/\/api.w.org\/{rel}","templated":true}]}}