{"id":974843,"date":"2024-01-29T08:23:50","date_gmt":"2024-01-29T07:23:50","guid":{"rendered":"https:\/\/hubsch-interior.com\/product\/product\/"},"modified":"2026-04-09T04:19:04","modified_gmt":"2026-04-09T02:19:04","slug":"vault-sidebord-opbevaringskasse-brun-bla","status":"publish","type":"product","link":"https:\/\/hubsch-interior.com\/da\/vare\/vault-sidebord-opbevaringskasse-brun-bla\/","title":{"rendered":"Vault Sidebord\/Opbevaringskasse Brun\/Bl\u00e5"},"content":{"rendered":"<p>Opbevar dine ting p\u00e5 en stilfuld og multifunktionel m\u00e5de med Vault Sidebord\/Opbevaringskasse. Dette smukke opbevaringsm\u00f8bel er tilg\u00e6ngeligt i tre varianter og denne variant har en smuk kombination af farverne brun og bl\u00e5. Lavet af FSC-certificeret asketr\u00e6, tilf\u00f8jer Vault et \u00e6stetisk design til ethvert rum. Brug det som et kreativt multifunktionelt accent i entr\u00e9en eller til b\u00f8rnev\u00e6relset, og udnyt samtidigt det ekstra opbevaringsrum. Ogs\u00e5 tilg\u00e6ngeligt i andre farvevariationer.<\/p>\n","protected":false},"excerpt":{"rendered":"<p>Opbevar dine ting p\u00e5 en stilfuld og multifunktionel m\u00e5de med Vault Sidebord\/Opbevaringskasse. Dette smukke opbevaringsm\u00f8bel er tilg\u00e6ngeligt i tre varianter og denne variant har en smuk kombination af farverne brun og bl\u00e5. Lavet af FSC-certificeret asketr\u00e6, tilf\u00f8jer Vault et \u00e6stetisk design til ethvert rum. Brug det som et kreativt multifunktionelt accent i entr\u00e9en eller til [&hellip;]<\/p>\n","protected":false},"featured_media":1093666,"template":"","meta":{"_acf_changed":false,"inline_featured_image":false},"product_brand":[],"product_cat":[6880,6891,6321,2857,4026,3109,3644],"product_tag":[],"class_list":{"0":"post-974843","1":"product","2":"type-product","3":"status-publish","4":"has-post-thumbnail","6":"product_cat-elevating-nostalgia-da","7":"product_cat-multifunktionelle-moebler-da","8":"product_cat-fsc-da","9":"product_cat-borde-da","10":"product_cat-sideborde-da","11":"product_cat-opbevaring-da","12":"product_cat-bokse-da","13":"product_shipping_class-pk","15":"pa_color-brun","16":"pa_color-bl","17":"pa_material-ask-da","19":"first","20":"instock","21":"taxable","22":"shipping-taxable","23":"purchasable","24":"product-type-simple"},"exclude_global_add_ons":[],"addons":[],"acf":[],"yoast_head":"<!-- This site is optimized with the Yoast SEO plugin v26.4 - https:\/\/yoast.com\/wordpress\/plugins\/seo\/ -->\n<title>Vault Sidebord\/Opbevaringskasse Brun\/Bl\u00e5 - H\u00fcbsch<\/title>\n<meta name=\"description\" content=\"Opbevar dine ting p\u00e5 en stilfuld og multifunktionel m\u00e5de med Vault Sidebord\/Opbevaringskasse. Dette smukke opbevaringsm\u00f8bel er tilg\u00e6ngeligt i tre\" \/>\n<meta name=\"robots\" content=\"index, follow, max-snippet:-1, max-image-preview:large, max-video-preview:-1\" \/>\n<link rel=\"canonical\" href=\"https:\/\/hubsch-interior.com\/da\/wp-json\/wp\/v2\/product\/974843\" \/>\n<meta property=\"og:locale\" content=\"da_DK\" \/>\n<meta property=\"og:type\" content=\"article\" \/>\n<meta property=\"og:title\" content=\"Vault Sidebord\/Opbevaringskasse Brun\/Bl\u00e5 - H\u00fcbsch\" \/>\n<meta property=\"og:description\" content=\"Opbevar dine ting p\u00e5 en stilfuld og multifunktionel m\u00e5de med Vault Sidebord\/Opbevaringskasse. Dette smukke opbevaringsm\u00f8bel er tilg\u00e6ngeligt i tre\" \/>\n<meta property=\"og:url\" content=\"https:\/\/hubsch-interior.com\/da\/vare\/vault-sidebord-opbevaringskasse-brun-bla\/\" \/>\n<meta property=\"og:site_name\" content=\"H\u00fcbsch\" \/>\n<meta property=\"article:modified_time\" content=\"2026-04-09T02:19:04+00:00\" \/>\n<meta property=\"og:image\" content=\"https:\/\/hubsch-interior.com\/wp-content\/uploads\/2026\/02\/vault-side-tablestorage-box-brownblue-c791db6b4cd05f35956cddddc48bdfe0.jpg\" \/>\n\t<meta property=\"og:image:width\" content=\"1024\" \/>\n\t<meta property=\"og:image:height\" content=\"1024\" \/>\n\t<meta property=\"og:image:type\" content=\"image\/jpeg\" \/>\n<meta name=\"twitter:card\" content=\"summary_large_image\" \/>\n<script type=\"application\/ld+json\" class=\"yoast-schema-graph\">{\"@context\":\"https:\/\/schema.org\",\"@graph\":[{\"@type\":\"WebPage\",\"@id\":\"https:\/\/hubsch-interior.com\/da\/vare\/vault-sidebord-opbevaringskasse-brun-bla\/\",\"url\":\"https:\/\/hubsch-interior.com\/da\/vare\/vault-sidebord-opbevaringskasse-brun-bla\/\",\"name\":\"Vault Sidebord\/Opbevaringskasse Brun\/Bl\u00e5 - H\u00fcbsch\",\"isPartOf\":{\"@id\":\"https:\/\/hubsch-interior.com\/da\/#website\"},\"primaryImageOfPage\":{\"@id\":\"https:\/\/hubsch-interior.com\/da\/vare\/vault-sidebord-opbevaringskasse-brun-bla\/#primaryimage\"},\"image\":{\"@id\":\"https:\/\/hubsch-interior.com\/da\/vare\/vault-sidebord-opbevaringskasse-brun-bla\/#primaryimage\"},\"thumbnailUrl\":\"https:\/\/hubsch-interior.com\/wp-content\/uploads\/2026\/02\/vault-side-tablestorage-box-brownblue-c791db6b4cd05f35956cddddc48bdfe0.jpg\",\"datePublished\":\"2024-01-29T07:23:50+00:00\",\"dateModified\":\"2026-04-09T02:19:04+00:00\",\"description\":\"Opbevar dine ting p\u00e5 en stilfuld og multifunktionel m\u00e5de med Vault Sidebord\/Opbevaringskasse. Dette smukke opbevaringsm\u00f8bel er tilg\u00e6ngeligt i tre\",\"breadcrumb\":{\"@id\":\"https:\/\/hubsch-interior.com\/da\/vare\/vault-sidebord-opbevaringskasse-brun-bla\/#breadcrumb\"},\"inLanguage\":\"da-DK\",\"potentialAction\":[{\"@type\":\"ReadAction\",\"target\":[\"https:\/\/hubsch-interior.com\/da\/vare\/vault-sidebord-opbevaringskasse-brun-bla\/\"]}]},{\"@type\":\"ImageObject\",\"inLanguage\":\"da-DK\",\"@id\":\"https:\/\/hubsch-interior.com\/da\/vare\/vault-sidebord-opbevaringskasse-brun-bla\/#primaryimage\",\"url\":\"https:\/\/hubsch-interior.com\/wp-content\/uploads\/2026\/02\/vault-side-tablestorage-box-brownblue-c791db6b4cd05f35956cddddc48bdfe0.jpg\",\"contentUrl\":\"https:\/\/hubsch-interior.com\/wp-content\/uploads\/2026\/02\/vault-side-tablestorage-box-brownblue-c791db6b4cd05f35956cddddc48bdfe0.jpg\",\"width\":1024,\"height\":1024},{\"@type\":\"BreadcrumbList\",\"@id\":\"https:\/\/hubsch-interior.com\/da\/vare\/vault-sidebord-opbevaringskasse-brun-bla\/#breadcrumb\",\"itemListElement\":[{\"@type\":\"ListItem\",\"position\":1,\"name\":\"Forside\",\"item\":\"https:\/\/hubsch-interior.com\/da\/\"},{\"@type\":\"ListItem\",\"position\":2,\"name\":\"Produkter\",\"item\":\"https:\/\/hubsch-interior.com\/da\/produkter\/\"},{\"@type\":\"ListItem\",\"position\":3,\"name\":\"M\u00f8bler\",\"item\":\"https:\/\/hubsch-interior.com\/da\/vare-kategori\/mobler\/\"},{\"@type\":\"ListItem\",\"position\":4,\"name\":\"Borde\",\"item\":\"https:\/\/hubsch-interior.com\/da\/vare-kategori\/mobler\/borde-da\/\"},{\"@type\":\"ListItem\",\"position\":5,\"name\":\"Sideborde\",\"item\":\"https:\/\/hubsch-interior.com\/da\/vare-kategori\/mobler\/borde-da\/sideborde-da\/\"},{\"@type\":\"ListItem\",\"position\":6,\"name\":\"Vault Sidebord\/Opbevaringskasse Brun\/Bl\u00e5\"}]},{\"@type\":\"WebSite\",\"@id\":\"https:\/\/hubsch-interior.com\/da\/#website\",\"url\":\"https:\/\/hubsch-interior.com\/da\/\",\"name\":\"H\u00fcbsch\",\"description\":\"Danish Home Interior and Design\",\"publisher\":{\"@id\":\"https:\/\/hubsch-interior.com\/da\/#organization\"},\"potentialAction\":[{\"@type\":\"SearchAction\",\"target\":{\"@type\":\"EntryPoint\",\"urlTemplate\":\"https:\/\/hubsch-interior.com\/da\/?s={search_term_string}\"},\"query-input\":{\"@type\":\"PropertyValueSpecification\",\"valueRequired\":true,\"valueName\":\"search_term_string\"}}],\"inLanguage\":\"da-DK\"},{\"@type\":\"Organization\",\"@id\":\"https:\/\/hubsch-interior.com\/da\/#organization\",\"name\":\"H\u00fcbsch\",\"url\":\"https:\/\/hubsch-interior.com\/da\/\",\"logo\":{\"@type\":\"ImageObject\",\"inLanguage\":\"da-DK\",\"@id\":\"https:\/\/hubsch-interior.com\/da\/#\/schema\/logo\/image\/\",\"url\":\"https:\/\/hubsch-interior.com\/wp-content\/uploads\/2022\/12\/Hubsch_logo_black_one_line.svg\",\"contentUrl\":\"https:\/\/hubsch-interior.com\/wp-content\/uploads\/2022\/12\/Hubsch_logo_black_one_line.svg\",\"caption\":\"H\u00fcbsch\"},\"image\":{\"@id\":\"https:\/\/hubsch-interior.com\/da\/#\/schema\/logo\/image\/\"}}]}<\/script>\n<!-- \/ Yoast SEO plugin. -->","yoast_head_json":{"title":"Vault Sidebord\/Opbevaringskasse Brun\/Bl\u00e5 - H\u00fcbsch","description":"Opbevar dine ting p\u00e5 en stilfuld og multifunktionel m\u00e5de med Vault Sidebord\/Opbevaringskasse. Dette smukke opbevaringsm\u00f8bel er tilg\u00e6ngeligt i tre","robots":{"index":"index","follow":"follow","max-snippet":"max-snippet:-1","max-image-preview":"max-image-preview:large","max-video-preview":"max-video-preview:-1"},"canonical":"https:\/\/hubsch-interior.com\/da\/wp-json\/wp\/v2\/product\/974843","og_locale":"da_DK","og_type":"article","og_title":"Vault Sidebord\/Opbevaringskasse Brun\/Bl\u00e5 - H\u00fcbsch","og_description":"Opbevar dine ting p\u00e5 en stilfuld og multifunktionel m\u00e5de med Vault Sidebord\/Opbevaringskasse. Dette smukke opbevaringsm\u00f8bel er tilg\u00e6ngeligt i tre","og_url":"https:\/\/hubsch-interior.com\/da\/vare\/vault-sidebord-opbevaringskasse-brun-bla\/","og_site_name":"H\u00fcbsch","article_modified_time":"2026-04-09T02:19:04+00:00","og_image":[{"width":1024,"height":1024,"url":"https:\/\/hubsch-interior.com\/wp-content\/uploads\/2026\/02\/vault-side-tablestorage-box-brownblue-c791db6b4cd05f35956cddddc48bdfe0.jpg","type":"image\/jpeg"}],"twitter_card":"summary_large_image","schema":{"@context":"https:\/\/schema.org","@graph":[{"@type":"WebPage","@id":"https:\/\/hubsch-interior.com\/da\/vare\/vault-sidebord-opbevaringskasse-brun-bla\/","url":"https:\/\/hubsch-interior.com\/da\/vare\/vault-sidebord-opbevaringskasse-brun-bla\/","name":"Vault Sidebord\/Opbevaringskasse Brun\/Bl\u00e5 - H\u00fcbsch","isPartOf":{"@id":"https:\/\/hubsch-interior.com\/da\/#website"},"primaryImageOfPage":{"@id":"https:\/\/hubsch-interior.com\/da\/vare\/vault-sidebord-opbevaringskasse-brun-bla\/#primaryimage"},"image":{"@id":"https:\/\/hubsch-interior.com\/da\/vare\/vault-sidebord-opbevaringskasse-brun-bla\/#primaryimage"},"thumbnailUrl":"https:\/\/hubsch-interior.com\/wp-content\/uploads\/2026\/02\/vault-side-tablestorage-box-brownblue-c791db6b4cd05f35956cddddc48bdfe0.jpg","datePublished":"2024-01-29T07:23:50+00:00","dateModified":"2026-04-09T02:19:04+00:00","description":"Opbevar dine ting p\u00e5 en stilfuld og multifunktionel m\u00e5de med Vault Sidebord\/Opbevaringskasse. Dette smukke opbevaringsm\u00f8bel er tilg\u00e6ngeligt i tre","breadcrumb":{"@id":"https:\/\/hubsch-interior.com\/da\/vare\/vault-sidebord-opbevaringskasse-brun-bla\/#breadcrumb"},"inLanguage":"da-DK","potentialAction":[{"@type":"ReadAction","target":["https:\/\/hubsch-interior.com\/da\/vare\/vault-sidebord-opbevaringskasse-brun-bla\/"]}]},{"@type":"ImageObject","inLanguage":"da-DK","@id":"https:\/\/hubsch-interior.com\/da\/vare\/vault-sidebord-opbevaringskasse-brun-bla\/#primaryimage","url":"https:\/\/hubsch-interior.com\/wp-content\/uploads\/2026\/02\/vault-side-tablestorage-box-brownblue-c791db6b4cd05f35956cddddc48bdfe0.jpg","contentUrl":"https:\/\/hubsch-interior.com\/wp-content\/uploads\/2026\/02\/vault-side-tablestorage-box-brownblue-c791db6b4cd05f35956cddddc48bdfe0.jpg","width":1024,"height":1024},{"@type":"BreadcrumbList","@id":"https:\/\/hubsch-interior.com\/da\/vare\/vault-sidebord-opbevaringskasse-brun-bla\/#breadcrumb","itemListElement":[{"@type":"ListItem","position":1,"name":"Forside","item":"https:\/\/hubsch-interior.com\/da\/"},{"@type":"ListItem","position":2,"name":"Produkter","item":"https:\/\/hubsch-interior.com\/da\/produkter\/"},{"@type":"ListItem","position":3,"name":"M\u00f8bler","item":"https:\/\/hubsch-interior.com\/da\/vare-kategori\/mobler\/"},{"@type":"ListItem","position":4,"name":"Borde","item":"https:\/\/hubsch-interior.com\/da\/vare-kategori\/mobler\/borde-da\/"},{"@type":"ListItem","position":5,"name":"Sideborde","item":"https:\/\/hubsch-interior.com\/da\/vare-kategori\/mobler\/borde-da\/sideborde-da\/"},{"@type":"ListItem","position":6,"name":"Vault Sidebord\/Opbevaringskasse Brun\/Bl\u00e5"}]},{"@type":"WebSite","@id":"https:\/\/hubsch-interior.com\/da\/#website","url":"https:\/\/hubsch-interior.com\/da\/","name":"H\u00fcbsch","description":"Danish Home Interior and Design","publisher":{"@id":"https:\/\/hubsch-interior.com\/da\/#organization"},"potentialAction":[{"@type":"SearchAction","target":{"@type":"EntryPoint","urlTemplate":"https:\/\/hubsch-interior.com\/da\/?s={search_term_string}"},"query-input":{"@type":"PropertyValueSpecification","valueRequired":true,"valueName":"search_term_string"}}],"inLanguage":"da-DK"},{"@type":"Organization","@id":"https:\/\/hubsch-interior.com\/da\/#organization","name":"H\u00fcbsch","url":"https:\/\/hubsch-interior.com\/da\/","logo":{"@type":"ImageObject","inLanguage":"da-DK","@id":"https:\/\/hubsch-interior.com\/da\/#\/schema\/logo\/image\/","url":"https:\/\/hubsch-interior.com\/wp-content\/uploads\/2022\/12\/Hubsch_logo_black_one_line.svg","contentUrl":"https:\/\/hubsch-interior.com\/wp-content\/uploads\/2022\/12\/Hubsch_logo_black_one_line.svg","caption":"H\u00fcbsch"},"image":{"@id":"https:\/\/hubsch-interior.com\/da\/#\/schema\/logo\/image\/"}}]}},"_links":{"self":[{"href":"https:\/\/hubsch-interior.com\/da\/wp-json\/wp\/v2\/product\/974843","targetHints":{"allow":["GET"]}}],"collection":[{"href":"https:\/\/hubsch-interior.com\/da\/wp-json\/wp\/v2\/product"}],"about":[{"href":"https:\/\/hubsch-interior.com\/da\/wp-json\/wp\/v2\/types\/product"}],"wp:featuredmedia":[{"embeddable":true,"href":"https:\/\/hubsch-interior.com\/da\/wp-json\/wp\/v2\/media\/1093666"}],"wp:attachment":[{"href":"https:\/\/hubsch-interior.com\/da\/wp-json\/wp\/v2\/media?parent=974843"}],"wp:term":[{"taxonomy":"product_brand","embeddable":true,"href":"https:\/\/hubsch-interior.com\/da\/wp-json\/wp\/v2\/product_brand?post=974843"},{"taxonomy":"product_cat","embeddable":true,"href":"https:\/\/hubsch-interior.com\/da\/wp-json\/wp\/v2\/product_cat?post=974843"},{"taxonomy":"product_tag","embeddable":true,"href":"https:\/\/hubsch-interior.com\/da\/wp-json\/wp\/v2\/product_tag?post=974843"}],"curies":[{"name":"wp","href":"https:\/\/api.w.org\/{rel}","templated":true}]}}