{"id":974863,"date":"2024-01-29T08:24:09","date_gmt":"2024-01-29T07:24:09","guid":{"rendered":"https:\/\/hubsch-interior.com\/product\/product\/"},"modified":"2026-04-09T04:19:10","modified_gmt":"2026-04-09T02:19:10","slug":"tick-magasinholder-sand-gul","status":"publish","type":"product","link":"https:\/\/hubsch-interior.com\/da\/vare\/tick-magasinholder-sand-gul\/","title":{"rendered":"Tick Magasinholder Sand\/Gul"},"content":{"rendered":"<p>Tick Magasinholder er den ultimative l\u00f8sning til at opbevare dine magasiner pg b\u00f8ger p\u00e5 en moderne og farverig m\u00e5de. Den smukke sandgule farve tilf\u00f8jer et friskt pust til ethvert rum, og det FSC-certificerede asketr\u00e6 giver et elegant finish. Dette statement piece fungerer ikke kun som en praktisk opbevaringsl\u00f8sning, men ogs\u00e5 som et skulpturelt element, der viser dine smukke b\u00f8ger frem. <\/p>\n","protected":false},"excerpt":{"rendered":"<p>Tick Magasinholder er den ultimative l\u00f8sning til at opbevare dine magasiner pg b\u00f8ger p\u00e5 en moderne og farverig m\u00e5de. Den smukke sandgule farve tilf\u00f8jer et friskt pust til ethvert rum, og det FSC-certificerede asketr\u00e6 giver et elegant finish. Dette statement piece fungerer ikke kun som en praktisk opbevaringsl\u00f8sning, men ogs\u00e5 som et skulpturelt element, der [&hellip;]<\/p>\n","protected":false},"featured_media":1093698,"template":"","meta":{"_acf_changed":false,"inline_featured_image":false},"product_brand":[],"product_cat":[6880,6321,3109,4018,5025,6517],"product_tag":[],"class_list":{"0":"post-974863","1":"product","2":"type-product","3":"status-publish","4":"has-post-thumbnail","6":"product_cat-elevating-nostalgia-da","7":"product_cat-fsc-da","8":"product_cat-opbevaring-da","9":"product_cat-magasinholdere-da","10":"product_cat-bestsellers-da","11":"product_cat-outlet-da","12":"product_shipping_class-pk","14":"pa_color-gul","15":"pa_color-sand-da","16":"pa_material-ask-da","18":"first","19":"instock","20":"sale","21":"featured","22":"taxable","23":"shipping-taxable","24":"purchasable","25":"product-type-simple"},"exclude_global_add_ons":[],"addons":[],"acf":[],"yoast_head":"<!-- This site is optimized with the Yoast SEO plugin v26.4 - https:\/\/yoast.com\/wordpress\/plugins\/seo\/ -->\n<title>Tick Magasinholder Sand\/Gul - H\u00fcbsch<\/title>\n<meta name=\"description\" content=\"Tick Magasinholder er den ultimative l\u00f8sning til at opbevare dine magasiner pg b\u00f8ger p\u00e5 en moderne og farverig m\u00e5de. Den smukke sandgule farve tilf\u00f8jer et\" \/>\n<meta name=\"robots\" content=\"index, follow, max-snippet:-1, max-image-preview:large, max-video-preview:-1\" \/>\n<link rel=\"canonical\" href=\"https:\/\/hubsch-interior.com\/da\/wp-json\/wp\/v2\/product\/974863\" \/>\n<meta property=\"og:locale\" content=\"da_DK\" \/>\n<meta property=\"og:type\" content=\"article\" \/>\n<meta property=\"og:title\" content=\"Tick Magasinholder Sand\/Gul - H\u00fcbsch\" \/>\n<meta property=\"og:description\" content=\"Tick Magasinholder er den ultimative l\u00f8sning til at opbevare dine magasiner pg b\u00f8ger p\u00e5 en moderne og farverig m\u00e5de. Den smukke sandgule farve tilf\u00f8jer et\" \/>\n<meta property=\"og:url\" content=\"https:\/\/hubsch-interior.com\/da\/vare\/tick-magasinholder-sand-gul\/\" \/>\n<meta property=\"og:site_name\" content=\"H\u00fcbsch\" \/>\n<meta property=\"article:modified_time\" content=\"2026-04-09T02:19:10+00:00\" \/>\n<meta property=\"og:image\" content=\"https:\/\/hubsch-interior.com\/wp-content\/uploads\/2024\/03\/tick-magazine-holder-sandyellow-0e11dd87d51e290531b132888760378d.jpg\" \/>\n\t<meta property=\"og:image:width\" content=\"1200\" \/>\n\t<meta property=\"og:image:height\" content=\"1200\" \/>\n\t<meta property=\"og:image:type\" content=\"image\/jpeg\" \/>\n<meta name=\"twitter:card\" content=\"summary_large_image\" \/>\n<script type=\"application\/ld+json\" class=\"yoast-schema-graph\">{\"@context\":\"https:\/\/schema.org\",\"@graph\":[{\"@type\":\"WebPage\",\"@id\":\"https:\/\/hubsch-interior.com\/da\/vare\/tick-magasinholder-sand-gul\/\",\"url\":\"https:\/\/hubsch-interior.com\/da\/vare\/tick-magasinholder-sand-gul\/\",\"name\":\"Tick Magasinholder Sand\/Gul - H\u00fcbsch\",\"isPartOf\":{\"@id\":\"https:\/\/hubsch-interior.com\/da\/#website\"},\"primaryImageOfPage\":{\"@id\":\"https:\/\/hubsch-interior.com\/da\/vare\/tick-magasinholder-sand-gul\/#primaryimage\"},\"image\":{\"@id\":\"https:\/\/hubsch-interior.com\/da\/vare\/tick-magasinholder-sand-gul\/#primaryimage\"},\"thumbnailUrl\":\"https:\/\/hubsch-interior.com\/wp-content\/uploads\/2026\/02\/tick-magazine-holder-sandyellow-c5070e6b4d2bd0577c57e34356b20cb2.jpg\",\"datePublished\":\"2024-01-29T07:24:09+00:00\",\"dateModified\":\"2026-04-09T02:19:10+00:00\",\"description\":\"Tick Magasinholder er den ultimative l\u00f8sning til at opbevare dine magasiner pg b\u00f8ger p\u00e5 en moderne og farverig m\u00e5de. Den smukke sandgule farve tilf\u00f8jer et\",\"breadcrumb\":{\"@id\":\"https:\/\/hubsch-interior.com\/da\/vare\/tick-magasinholder-sand-gul\/#breadcrumb\"},\"inLanguage\":\"da-DK\",\"potentialAction\":[{\"@type\":\"ReadAction\",\"target\":[\"https:\/\/hubsch-interior.com\/da\/vare\/tick-magasinholder-sand-gul\/\"]}]},{\"@type\":\"ImageObject\",\"inLanguage\":\"da-DK\",\"@id\":\"https:\/\/hubsch-interior.com\/da\/vare\/tick-magasinholder-sand-gul\/#primaryimage\",\"url\":\"https:\/\/hubsch-interior.com\/wp-content\/uploads\/2026\/02\/tick-magazine-holder-sandyellow-c5070e6b4d2bd0577c57e34356b20cb2.jpg\",\"contentUrl\":\"https:\/\/hubsch-interior.com\/wp-content\/uploads\/2026\/02\/tick-magazine-holder-sandyellow-c5070e6b4d2bd0577c57e34356b20cb2.jpg\",\"width\":1024,\"height\":1024},{\"@type\":\"BreadcrumbList\",\"@id\":\"https:\/\/hubsch-interior.com\/da\/vare\/tick-magasinholder-sand-gul\/#breadcrumb\",\"itemListElement\":[{\"@type\":\"ListItem\",\"position\":1,\"name\":\"Forside\",\"item\":\"https:\/\/hubsch-interior.com\/da\/\"},{\"@type\":\"ListItem\",\"position\":2,\"name\":\"Produkter\",\"item\":\"https:\/\/hubsch-interior.com\/da\/produkter\/\"},{\"@type\":\"ListItem\",\"position\":3,\"name\":\"Boligtilbeh\u00f8r\",\"item\":\"https:\/\/hubsch-interior.com\/da\/vare-kategori\/boligtilbehor\/\"},{\"@type\":\"ListItem\",\"position\":4,\"name\":\"Opbevaring\",\"item\":\"https:\/\/hubsch-interior.com\/da\/vare-kategori\/boligtilbehor\/opbevaring-da\/\"},{\"@type\":\"ListItem\",\"position\":5,\"name\":\"Magasinholdere\",\"item\":\"https:\/\/hubsch-interior.com\/da\/vare-kategori\/boligtilbehor\/opbevaring-da\/magasinholdere-da\/\"},{\"@type\":\"ListItem\",\"position\":6,\"name\":\"Tick Magasinholder Sand\/Gul\"}]},{\"@type\":\"WebSite\",\"@id\":\"https:\/\/hubsch-interior.com\/da\/#website\",\"url\":\"https:\/\/hubsch-interior.com\/da\/\",\"name\":\"H\u00fcbsch\",\"description\":\"Danish Home Interior and Design\",\"publisher\":{\"@id\":\"https:\/\/hubsch-interior.com\/da\/#organization\"},\"potentialAction\":[{\"@type\":\"SearchAction\",\"target\":{\"@type\":\"EntryPoint\",\"urlTemplate\":\"https:\/\/hubsch-interior.com\/da\/?s={search_term_string}\"},\"query-input\":{\"@type\":\"PropertyValueSpecification\",\"valueRequired\":true,\"valueName\":\"search_term_string\"}}],\"inLanguage\":\"da-DK\"},{\"@type\":\"Organization\",\"@id\":\"https:\/\/hubsch-interior.com\/da\/#organization\",\"name\":\"H\u00fcbsch\",\"url\":\"https:\/\/hubsch-interior.com\/da\/\",\"logo\":{\"@type\":\"ImageObject\",\"inLanguage\":\"da-DK\",\"@id\":\"https:\/\/hubsch-interior.com\/da\/#\/schema\/logo\/image\/\",\"url\":\"https:\/\/hubsch-interior.com\/wp-content\/uploads\/2022\/12\/Hubsch_logo_black_one_line.svg\",\"contentUrl\":\"https:\/\/hubsch-interior.com\/wp-content\/uploads\/2022\/12\/Hubsch_logo_black_one_line.svg\",\"caption\":\"H\u00fcbsch\"},\"image\":{\"@id\":\"https:\/\/hubsch-interior.com\/da\/#\/schema\/logo\/image\/\"}}]}<\/script>\n<!-- \/ Yoast SEO plugin. -->","yoast_head_json":{"title":"Tick Magasinholder Sand\/Gul - H\u00fcbsch","description":"Tick Magasinholder er den ultimative l\u00f8sning til at opbevare dine magasiner pg b\u00f8ger p\u00e5 en moderne og farverig m\u00e5de. Den smukke sandgule farve tilf\u00f8jer et","robots":{"index":"index","follow":"follow","max-snippet":"max-snippet:-1","max-image-preview":"max-image-preview:large","max-video-preview":"max-video-preview:-1"},"canonical":"https:\/\/hubsch-interior.com\/da\/wp-json\/wp\/v2\/product\/974863","og_locale":"da_DK","og_type":"article","og_title":"Tick Magasinholder Sand\/Gul - H\u00fcbsch","og_description":"Tick Magasinholder er den ultimative l\u00f8sning til at opbevare dine magasiner pg b\u00f8ger p\u00e5 en moderne og farverig m\u00e5de. Den smukke sandgule farve tilf\u00f8jer et","og_url":"https:\/\/hubsch-interior.com\/da\/vare\/tick-magasinholder-sand-gul\/","og_site_name":"H\u00fcbsch","article_modified_time":"2026-04-09T02:19:10+00:00","og_image":[{"width":1200,"height":1200,"url":"https:\/\/hubsch-interior.com\/wp-content\/uploads\/2024\/03\/tick-magazine-holder-sandyellow-0e11dd87d51e290531b132888760378d.jpg","type":"image\/jpeg"}],"twitter_card":"summary_large_image","schema":{"@context":"https:\/\/schema.org","@graph":[{"@type":"WebPage","@id":"https:\/\/hubsch-interior.com\/da\/vare\/tick-magasinholder-sand-gul\/","url":"https:\/\/hubsch-interior.com\/da\/vare\/tick-magasinholder-sand-gul\/","name":"Tick Magasinholder Sand\/Gul - H\u00fcbsch","isPartOf":{"@id":"https:\/\/hubsch-interior.com\/da\/#website"},"primaryImageOfPage":{"@id":"https:\/\/hubsch-interior.com\/da\/vare\/tick-magasinholder-sand-gul\/#primaryimage"},"image":{"@id":"https:\/\/hubsch-interior.com\/da\/vare\/tick-magasinholder-sand-gul\/#primaryimage"},"thumbnailUrl":"https:\/\/hubsch-interior.com\/wp-content\/uploads\/2026\/02\/tick-magazine-holder-sandyellow-c5070e6b4d2bd0577c57e34356b20cb2.jpg","datePublished":"2024-01-29T07:24:09+00:00","dateModified":"2026-04-09T02:19:10+00:00","description":"Tick Magasinholder er den ultimative l\u00f8sning til at opbevare dine magasiner pg b\u00f8ger p\u00e5 en moderne og farverig m\u00e5de. Den smukke sandgule farve tilf\u00f8jer et","breadcrumb":{"@id":"https:\/\/hubsch-interior.com\/da\/vare\/tick-magasinholder-sand-gul\/#breadcrumb"},"inLanguage":"da-DK","potentialAction":[{"@type":"ReadAction","target":["https:\/\/hubsch-interior.com\/da\/vare\/tick-magasinholder-sand-gul\/"]}]},{"@type":"ImageObject","inLanguage":"da-DK","@id":"https:\/\/hubsch-interior.com\/da\/vare\/tick-magasinholder-sand-gul\/#primaryimage","url":"https:\/\/hubsch-interior.com\/wp-content\/uploads\/2026\/02\/tick-magazine-holder-sandyellow-c5070e6b4d2bd0577c57e34356b20cb2.jpg","contentUrl":"https:\/\/hubsch-interior.com\/wp-content\/uploads\/2026\/02\/tick-magazine-holder-sandyellow-c5070e6b4d2bd0577c57e34356b20cb2.jpg","width":1024,"height":1024},{"@type":"BreadcrumbList","@id":"https:\/\/hubsch-interior.com\/da\/vare\/tick-magasinholder-sand-gul\/#breadcrumb","itemListElement":[{"@type":"ListItem","position":1,"name":"Forside","item":"https:\/\/hubsch-interior.com\/da\/"},{"@type":"ListItem","position":2,"name":"Produkter","item":"https:\/\/hubsch-interior.com\/da\/produkter\/"},{"@type":"ListItem","position":3,"name":"Boligtilbeh\u00f8r","item":"https:\/\/hubsch-interior.com\/da\/vare-kategori\/boligtilbehor\/"},{"@type":"ListItem","position":4,"name":"Opbevaring","item":"https:\/\/hubsch-interior.com\/da\/vare-kategori\/boligtilbehor\/opbevaring-da\/"},{"@type":"ListItem","position":5,"name":"Magasinholdere","item":"https:\/\/hubsch-interior.com\/da\/vare-kategori\/boligtilbehor\/opbevaring-da\/magasinholdere-da\/"},{"@type":"ListItem","position":6,"name":"Tick Magasinholder Sand\/Gul"}]},{"@type":"WebSite","@id":"https:\/\/hubsch-interior.com\/da\/#website","url":"https:\/\/hubsch-interior.com\/da\/","name":"H\u00fcbsch","description":"Danish Home Interior and Design","publisher":{"@id":"https:\/\/hubsch-interior.com\/da\/#organization"},"potentialAction":[{"@type":"SearchAction","target":{"@type":"EntryPoint","urlTemplate":"https:\/\/hubsch-interior.com\/da\/?s={search_term_string}"},"query-input":{"@type":"PropertyValueSpecification","valueRequired":true,"valueName":"search_term_string"}}],"inLanguage":"da-DK"},{"@type":"Organization","@id":"https:\/\/hubsch-interior.com\/da\/#organization","name":"H\u00fcbsch","url":"https:\/\/hubsch-interior.com\/da\/","logo":{"@type":"ImageObject","inLanguage":"da-DK","@id":"https:\/\/hubsch-interior.com\/da\/#\/schema\/logo\/image\/","url":"https:\/\/hubsch-interior.com\/wp-content\/uploads\/2022\/12\/Hubsch_logo_black_one_line.svg","contentUrl":"https:\/\/hubsch-interior.com\/wp-content\/uploads\/2022\/12\/Hubsch_logo_black_one_line.svg","caption":"H\u00fcbsch"},"image":{"@id":"https:\/\/hubsch-interior.com\/da\/#\/schema\/logo\/image\/"}}]}},"_links":{"self":[{"href":"https:\/\/hubsch-interior.com\/da\/wp-json\/wp\/v2\/product\/974863","targetHints":{"allow":["GET"]}}],"collection":[{"href":"https:\/\/hubsch-interior.com\/da\/wp-json\/wp\/v2\/product"}],"about":[{"href":"https:\/\/hubsch-interior.com\/da\/wp-json\/wp\/v2\/types\/product"}],"wp:featuredmedia":[{"embeddable":true,"href":"https:\/\/hubsch-interior.com\/da\/wp-json\/wp\/v2\/media\/1093698"}],"wp:attachment":[{"href":"https:\/\/hubsch-interior.com\/da\/wp-json\/wp\/v2\/media?parent=974863"}],"wp:term":[{"taxonomy":"product_brand","embeddable":true,"href":"https:\/\/hubsch-interior.com\/da\/wp-json\/wp\/v2\/product_brand?post=974863"},{"taxonomy":"product_cat","embeddable":true,"href":"https:\/\/hubsch-interior.com\/da\/wp-json\/wp\/v2\/product_cat?post=974863"},{"taxonomy":"product_tag","embeddable":true,"href":"https:\/\/hubsch-interior.com\/da\/wp-json\/wp\/v2\/product_tag?post=974863"}],"curies":[{"name":"wp","href":"https:\/\/api.w.org\/{rel}","templated":true}]}}