{"id":974887,"date":"2024-01-29T08:24:24","date_gmt":"2024-01-29T07:24:24","guid":{"rendered":"https:\/\/hubsch-interior.com\/product\/product\/"},"modified":"2026-04-06T04:18:57","modified_gmt":"2026-04-06T02:18:57","slug":"elo-ringbindssaet-natur","status":"publish","type":"product","link":"https:\/\/hubsch-interior.com\/da\/vare\/elo-ringbindssaet-natur\/","title":{"rendered":"Elo Ringbindss\u00e6t Natur"},"content":{"rendered":"<p>G\u00f8r dit kontorarbejde mere organiseret og stilfuldt med Elo Ringbindss\u00e6t i naturfarve. Dette praktiske s\u00e6t er lavet af pap og indeholder tre ringbind, s\u00e5 du nemt kan opbevare dine A4 papirer p\u00e5 en struktureret m\u00e5de. Det har en magnetlukning og en orange elastik, der holder alt p\u00e5 plads. Med dette s\u00e6t f\u00e5r du ikke kun et smart opbevaringsl\u00f8sning til kontoret, men ogs\u00e5 et \u00e6stetisk element til dit arbejdsomr\u00e5de.<\/p>\n","protected":false},"excerpt":{"rendered":"<p>G\u00f8r dit kontorarbejde mere organiseret og stilfuldt med Elo Ringbindss\u00e6t i naturfarve. Dette praktiske s\u00e6t er lavet af pap og indeholder tre ringbind, s\u00e5 du nemt kan opbevare dine A4 papirer p\u00e5 en struktureret m\u00e5de. Det har en magnetlukning og en orange elastik, der holder alt p\u00e5 plads. Med dette s\u00e6t f\u00e5r du ikke kun [&hellip;]<\/p>\n","protected":false},"featured_media":1093718,"template":"","meta":{"_acf_changed":false,"inline_featured_image":false},"product_brand":[],"product_cat":[3644,6880,4151,3109,4959,6517],"product_tag":[],"class_list":{"0":"post-974887","1":"product","2":"type-product","3":"status-publish","4":"has-post-thumbnail","6":"product_cat-bokse-da","7":"product_cat-elevating-nostalgia-da","8":"product_cat-kontor-da","9":"product_cat-opbevaring-da","10":"product_cat-opbevaringskasser-da","11":"product_cat-outlet-da","12":"product_shipping_class-pk","14":"pa_color-natur-2","15":"pa_material-pap-da","17":"first","18":"instock","19":"sale","20":"taxable","21":"shipping-taxable","22":"purchasable","23":"product-type-simple"},"exclude_global_add_ons":[],"addons":[],"acf":[],"yoast_head":"<!-- This site is optimized with the Yoast SEO plugin v26.4 - https:\/\/yoast.com\/wordpress\/plugins\/seo\/ -->\n<title>Elo Ringbindss\u00e6t Natur - H\u00fcbsch<\/title>\n<meta name=\"description\" content=\"G\u00f8r dit kontorarbejde mere organiseret og stilfuldt med Elo Ringbindss\u00e6t i naturfarve. Dette praktiske s\u00e6t er lavet af pap og indeholder tre ringbind, s\u00e5\" \/>\n<meta name=\"robots\" content=\"index, follow, max-snippet:-1, max-image-preview:large, max-video-preview:-1\" \/>\n<link rel=\"canonical\" href=\"https:\/\/hubsch-interior.com\/da\/wp-json\/wp\/v2\/product\/974887\" \/>\n<meta property=\"og:locale\" content=\"da_DK\" \/>\n<meta property=\"og:type\" content=\"article\" \/>\n<meta property=\"og:title\" content=\"Elo Ringbindss\u00e6t Natur - H\u00fcbsch\" \/>\n<meta property=\"og:description\" content=\"G\u00f8r dit kontorarbejde mere organiseret og stilfuldt med Elo Ringbindss\u00e6t i naturfarve. Dette praktiske s\u00e6t er lavet af pap og indeholder tre ringbind, s\u00e5\" \/>\n<meta property=\"og:url\" content=\"https:\/\/hubsch-interior.com\/da\/vare\/elo-ringbindssaet-natur\/\" \/>\n<meta property=\"og:site_name\" content=\"H\u00fcbsch\" \/>\n<meta property=\"article:modified_time\" content=\"2026-04-06T02:18:57+00:00\" \/>\n<meta property=\"og:image\" content=\"https:\/\/hubsch-interior.com\/wp-content\/uploads\/2024\/01\/elo-ring-binder-box-natural-117bed8856245fcbcc28e0739518b7b1.jpg\" \/>\n\t<meta property=\"og:image:width\" content=\"1200\" \/>\n\t<meta property=\"og:image:height\" content=\"1200\" \/>\n\t<meta property=\"og:image:type\" content=\"image\/jpeg\" \/>\n<meta name=\"twitter:card\" content=\"summary_large_image\" \/>\n<script type=\"application\/ld+json\" class=\"yoast-schema-graph\">{\"@context\":\"https:\/\/schema.org\",\"@graph\":[{\"@type\":\"WebPage\",\"@id\":\"https:\/\/hubsch-interior.com\/da\/vare\/elo-ringbindssaet-natur\/\",\"url\":\"https:\/\/hubsch-interior.com\/da\/vare\/elo-ringbindssaet-natur\/\",\"name\":\"Elo Ringbindss\u00e6t Natur - H\u00fcbsch\",\"isPartOf\":{\"@id\":\"https:\/\/hubsch-interior.com\/da\/#website\"},\"primaryImageOfPage\":{\"@id\":\"https:\/\/hubsch-interior.com\/da\/vare\/elo-ringbindssaet-natur\/#primaryimage\"},\"image\":{\"@id\":\"https:\/\/hubsch-interior.com\/da\/vare\/elo-ringbindssaet-natur\/#primaryimage\"},\"thumbnailUrl\":\"https:\/\/hubsch-interior.com\/wp-content\/uploads\/2026\/02\/elo-ring-binder-box-natural-34ef855c352d1a1c094ef28b08062792.jpg\",\"datePublished\":\"2024-01-29T07:24:24+00:00\",\"dateModified\":\"2026-04-06T02:18:57+00:00\",\"description\":\"G\u00f8r dit kontorarbejde mere organiseret og stilfuldt med Elo Ringbindss\u00e6t i naturfarve. Dette praktiske s\u00e6t er lavet af pap og indeholder tre ringbind, s\u00e5\",\"breadcrumb\":{\"@id\":\"https:\/\/hubsch-interior.com\/da\/vare\/elo-ringbindssaet-natur\/#breadcrumb\"},\"inLanguage\":\"da-DK\",\"potentialAction\":[{\"@type\":\"ReadAction\",\"target\":[\"https:\/\/hubsch-interior.com\/da\/vare\/elo-ringbindssaet-natur\/\"]}]},{\"@type\":\"ImageObject\",\"inLanguage\":\"da-DK\",\"@id\":\"https:\/\/hubsch-interior.com\/da\/vare\/elo-ringbindssaet-natur\/#primaryimage\",\"url\":\"https:\/\/hubsch-interior.com\/wp-content\/uploads\/2026\/02\/elo-ring-binder-box-natural-34ef855c352d1a1c094ef28b08062792.jpg\",\"contentUrl\":\"https:\/\/hubsch-interior.com\/wp-content\/uploads\/2026\/02\/elo-ring-binder-box-natural-34ef855c352d1a1c094ef28b08062792.jpg\",\"width\":1024,\"height\":1024},{\"@type\":\"BreadcrumbList\",\"@id\":\"https:\/\/hubsch-interior.com\/da\/vare\/elo-ringbindssaet-natur\/#breadcrumb\",\"itemListElement\":[{\"@type\":\"ListItem\",\"position\":1,\"name\":\"Forside\",\"item\":\"https:\/\/hubsch-interior.com\/da\/\"},{\"@type\":\"ListItem\",\"position\":2,\"name\":\"Produkter\",\"item\":\"https:\/\/hubsch-interior.com\/da\/produkter\/\"},{\"@type\":\"ListItem\",\"position\":3,\"name\":\"Boligtilbeh\u00f8r\",\"item\":\"https:\/\/hubsch-interior.com\/da\/vare-kategori\/boligtilbehor\/\"},{\"@type\":\"ListItem\",\"position\":4,\"name\":\"Opbevaring\",\"item\":\"https:\/\/hubsch-interior.com\/da\/vare-kategori\/boligtilbehor\/opbevaring-da\/\"},{\"@type\":\"ListItem\",\"position\":5,\"name\":\"Bokse\",\"item\":\"https:\/\/hubsch-interior.com\/da\/vare-kategori\/boligtilbehor\/opbevaring-da\/bokse-da\/\"},{\"@type\":\"ListItem\",\"position\":6,\"name\":\"Elo Ringbindss\u00e6t Natur\"}]},{\"@type\":\"WebSite\",\"@id\":\"https:\/\/hubsch-interior.com\/da\/#website\",\"url\":\"https:\/\/hubsch-interior.com\/da\/\",\"name\":\"H\u00fcbsch\",\"description\":\"Danish Home Interior and Design\",\"publisher\":{\"@id\":\"https:\/\/hubsch-interior.com\/da\/#organization\"},\"potentialAction\":[{\"@type\":\"SearchAction\",\"target\":{\"@type\":\"EntryPoint\",\"urlTemplate\":\"https:\/\/hubsch-interior.com\/da\/?s={search_term_string}\"},\"query-input\":{\"@type\":\"PropertyValueSpecification\",\"valueRequired\":true,\"valueName\":\"search_term_string\"}}],\"inLanguage\":\"da-DK\"},{\"@type\":\"Organization\",\"@id\":\"https:\/\/hubsch-interior.com\/da\/#organization\",\"name\":\"H\u00fcbsch\",\"url\":\"https:\/\/hubsch-interior.com\/da\/\",\"logo\":{\"@type\":\"ImageObject\",\"inLanguage\":\"da-DK\",\"@id\":\"https:\/\/hubsch-interior.com\/da\/#\/schema\/logo\/image\/\",\"url\":\"https:\/\/hubsch-interior.com\/wp-content\/uploads\/2022\/12\/Hubsch_logo_black_one_line.svg\",\"contentUrl\":\"https:\/\/hubsch-interior.com\/wp-content\/uploads\/2022\/12\/Hubsch_logo_black_one_line.svg\",\"caption\":\"H\u00fcbsch\"},\"image\":{\"@id\":\"https:\/\/hubsch-interior.com\/da\/#\/schema\/logo\/image\/\"}}]}<\/script>\n<!-- \/ Yoast SEO plugin. -->","yoast_head_json":{"title":"Elo Ringbindss\u00e6t Natur - H\u00fcbsch","description":"G\u00f8r dit kontorarbejde mere organiseret og stilfuldt med Elo Ringbindss\u00e6t i naturfarve. Dette praktiske s\u00e6t er lavet af pap og indeholder tre ringbind, s\u00e5","robots":{"index":"index","follow":"follow","max-snippet":"max-snippet:-1","max-image-preview":"max-image-preview:large","max-video-preview":"max-video-preview:-1"},"canonical":"https:\/\/hubsch-interior.com\/da\/wp-json\/wp\/v2\/product\/974887","og_locale":"da_DK","og_type":"article","og_title":"Elo Ringbindss\u00e6t Natur - H\u00fcbsch","og_description":"G\u00f8r dit kontorarbejde mere organiseret og stilfuldt med Elo Ringbindss\u00e6t i naturfarve. Dette praktiske s\u00e6t er lavet af pap og indeholder tre ringbind, s\u00e5","og_url":"https:\/\/hubsch-interior.com\/da\/vare\/elo-ringbindssaet-natur\/","og_site_name":"H\u00fcbsch","article_modified_time":"2026-04-06T02:18:57+00:00","og_image":[{"width":1200,"height":1200,"url":"https:\/\/hubsch-interior.com\/wp-content\/uploads\/2024\/01\/elo-ring-binder-box-natural-117bed8856245fcbcc28e0739518b7b1.jpg","type":"image\/jpeg"}],"twitter_card":"summary_large_image","schema":{"@context":"https:\/\/schema.org","@graph":[{"@type":"WebPage","@id":"https:\/\/hubsch-interior.com\/da\/vare\/elo-ringbindssaet-natur\/","url":"https:\/\/hubsch-interior.com\/da\/vare\/elo-ringbindssaet-natur\/","name":"Elo Ringbindss\u00e6t Natur - H\u00fcbsch","isPartOf":{"@id":"https:\/\/hubsch-interior.com\/da\/#website"},"primaryImageOfPage":{"@id":"https:\/\/hubsch-interior.com\/da\/vare\/elo-ringbindssaet-natur\/#primaryimage"},"image":{"@id":"https:\/\/hubsch-interior.com\/da\/vare\/elo-ringbindssaet-natur\/#primaryimage"},"thumbnailUrl":"https:\/\/hubsch-interior.com\/wp-content\/uploads\/2026\/02\/elo-ring-binder-box-natural-34ef855c352d1a1c094ef28b08062792.jpg","datePublished":"2024-01-29T07:24:24+00:00","dateModified":"2026-04-06T02:18:57+00:00","description":"G\u00f8r dit kontorarbejde mere organiseret og stilfuldt med Elo Ringbindss\u00e6t i naturfarve. Dette praktiske s\u00e6t er lavet af pap og indeholder tre ringbind, s\u00e5","breadcrumb":{"@id":"https:\/\/hubsch-interior.com\/da\/vare\/elo-ringbindssaet-natur\/#breadcrumb"},"inLanguage":"da-DK","potentialAction":[{"@type":"ReadAction","target":["https:\/\/hubsch-interior.com\/da\/vare\/elo-ringbindssaet-natur\/"]}]},{"@type":"ImageObject","inLanguage":"da-DK","@id":"https:\/\/hubsch-interior.com\/da\/vare\/elo-ringbindssaet-natur\/#primaryimage","url":"https:\/\/hubsch-interior.com\/wp-content\/uploads\/2026\/02\/elo-ring-binder-box-natural-34ef855c352d1a1c094ef28b08062792.jpg","contentUrl":"https:\/\/hubsch-interior.com\/wp-content\/uploads\/2026\/02\/elo-ring-binder-box-natural-34ef855c352d1a1c094ef28b08062792.jpg","width":1024,"height":1024},{"@type":"BreadcrumbList","@id":"https:\/\/hubsch-interior.com\/da\/vare\/elo-ringbindssaet-natur\/#breadcrumb","itemListElement":[{"@type":"ListItem","position":1,"name":"Forside","item":"https:\/\/hubsch-interior.com\/da\/"},{"@type":"ListItem","position":2,"name":"Produkter","item":"https:\/\/hubsch-interior.com\/da\/produkter\/"},{"@type":"ListItem","position":3,"name":"Boligtilbeh\u00f8r","item":"https:\/\/hubsch-interior.com\/da\/vare-kategori\/boligtilbehor\/"},{"@type":"ListItem","position":4,"name":"Opbevaring","item":"https:\/\/hubsch-interior.com\/da\/vare-kategori\/boligtilbehor\/opbevaring-da\/"},{"@type":"ListItem","position":5,"name":"Bokse","item":"https:\/\/hubsch-interior.com\/da\/vare-kategori\/boligtilbehor\/opbevaring-da\/bokse-da\/"},{"@type":"ListItem","position":6,"name":"Elo Ringbindss\u00e6t Natur"}]},{"@type":"WebSite","@id":"https:\/\/hubsch-interior.com\/da\/#website","url":"https:\/\/hubsch-interior.com\/da\/","name":"H\u00fcbsch","description":"Danish Home Interior and Design","publisher":{"@id":"https:\/\/hubsch-interior.com\/da\/#organization"},"potentialAction":[{"@type":"SearchAction","target":{"@type":"EntryPoint","urlTemplate":"https:\/\/hubsch-interior.com\/da\/?s={search_term_string}"},"query-input":{"@type":"PropertyValueSpecification","valueRequired":true,"valueName":"search_term_string"}}],"inLanguage":"da-DK"},{"@type":"Organization","@id":"https:\/\/hubsch-interior.com\/da\/#organization","name":"H\u00fcbsch","url":"https:\/\/hubsch-interior.com\/da\/","logo":{"@type":"ImageObject","inLanguage":"da-DK","@id":"https:\/\/hubsch-interior.com\/da\/#\/schema\/logo\/image\/","url":"https:\/\/hubsch-interior.com\/wp-content\/uploads\/2022\/12\/Hubsch_logo_black_one_line.svg","contentUrl":"https:\/\/hubsch-interior.com\/wp-content\/uploads\/2022\/12\/Hubsch_logo_black_one_line.svg","caption":"H\u00fcbsch"},"image":{"@id":"https:\/\/hubsch-interior.com\/da\/#\/schema\/logo\/image\/"}}]}},"_links":{"self":[{"href":"https:\/\/hubsch-interior.com\/da\/wp-json\/wp\/v2\/product\/974887","targetHints":{"allow":["GET"]}}],"collection":[{"href":"https:\/\/hubsch-interior.com\/da\/wp-json\/wp\/v2\/product"}],"about":[{"href":"https:\/\/hubsch-interior.com\/da\/wp-json\/wp\/v2\/types\/product"}],"wp:featuredmedia":[{"embeddable":true,"href":"https:\/\/hubsch-interior.com\/da\/wp-json\/wp\/v2\/media\/1093718"}],"wp:attachment":[{"href":"https:\/\/hubsch-interior.com\/da\/wp-json\/wp\/v2\/media?parent=974887"}],"wp:term":[{"taxonomy":"product_brand","embeddable":true,"href":"https:\/\/hubsch-interior.com\/da\/wp-json\/wp\/v2\/product_brand?post=974887"},{"taxonomy":"product_cat","embeddable":true,"href":"https:\/\/hubsch-interior.com\/da\/wp-json\/wp\/v2\/product_cat?post=974887"},{"taxonomy":"product_tag","embeddable":true,"href":"https:\/\/hubsch-interior.com\/da\/wp-json\/wp\/v2\/product_tag?post=974887"}],"curies":[{"name":"wp","href":"https:\/\/api.w.org\/{rel}","templated":true}]}}