{"id":974911,"date":"2024-01-29T08:24:32","date_gmt":"2024-01-29T07:24:32","guid":{"rendered":"https:\/\/hubsch-interior.com\/product\/product\/"},"modified":"2026-04-09T04:19:19","modified_gmt":"2026-04-09T02:19:19","slug":"storeit-opbevaringskasser-natur-saet-af-3","status":"publish","type":"product","link":"https:\/\/hubsch-interior.com\/da\/vare\/storeit-opbevaringskasser-natur-saet-af-3\/","title":{"rendered":"Storeit Opbevaringskasser Natur (s\u00e6t af 3)"},"content":{"rendered":"<p>Opbevar dine kontorartikler p\u00e5 en stilfuld og smart m\u00e5de med Storeit Opbevaringskasser i naturligt papir. Disse kasser er perfekte til at holde styr p\u00e5 A3, A4 og A5 papirer, og de er designet til at passe perfekt ind p\u00e5 hvilket som helst kontor. G\u00f8r dit kontor mere funktionelt med disse praktiske og smukke opbevaringskasser, der skal samles.<\/p>\n","protected":false},"excerpt":{"rendered":"<p>Opbevar dine kontorartikler p\u00e5 en stilfuld og smart m\u00e5de med Storeit Opbevaringskasser i naturligt papir. Disse kasser er perfekte til at holde styr p\u00e5 A3, A4 og A5 papirer, og de er designet til at passe perfekt ind p\u00e5 hvilket som helst kontor. G\u00f8r dit kontor mere funktionelt med disse praktiske og smukke opbevaringskasser, der [&hellip;]<\/p>\n","protected":false},"featured_media":1093738,"template":"","meta":{"_acf_changed":false,"inline_featured_image":false},"product_brand":[],"product_cat":[6880,3109,3644,4151,4959,5025],"product_tag":[],"class_list":{"0":"post-974911","1":"product","2":"type-product","3":"status-publish","4":"has-post-thumbnail","6":"product_cat-elevating-nostalgia-da","7":"product_cat-opbevaring-da","8":"product_cat-bokse-da","9":"product_cat-kontor-da","10":"product_cat-opbevaringskasser-da","11":"product_cat-bestsellers-da","12":"product_shipping_class-pk","14":"pa_color-natur-2","15":"pa_material-pap-da","17":"first","18":"instock","19":"featured","20":"taxable","21":"shipping-taxable","22":"purchasable","23":"product-type-simple"},"exclude_global_add_ons":[],"addons":[],"acf":[],"yoast_head":"<!-- This site is optimized with the Yoast SEO plugin v26.4 - https:\/\/yoast.com\/wordpress\/plugins\/seo\/ -->\n<title>Storeit Opbevaringskasser Natur (s\u00e6t af 3) - H\u00fcbsch<\/title>\n<meta name=\"description\" content=\"Opbevar dine kontorartikler p\u00e5 en stilfuld og smart m\u00e5de med Storeit Opbevaringskasser i naturligt papir. Disse kasser er perfekte til at holde styr p\u00e5\" \/>\n<meta name=\"robots\" content=\"index, follow, max-snippet:-1, max-image-preview:large, max-video-preview:-1\" \/>\n<link rel=\"canonical\" href=\"https:\/\/hubsch-interior.com\/da\/wp-json\/wp\/v2\/product\/974911\" \/>\n<meta property=\"og:locale\" content=\"da_DK\" \/>\n<meta property=\"og:type\" content=\"article\" \/>\n<meta property=\"og:title\" content=\"Storeit Opbevaringskasser Natur (s\u00e6t af 3) - H\u00fcbsch\" \/>\n<meta property=\"og:description\" content=\"Opbevar dine kontorartikler p\u00e5 en stilfuld og smart m\u00e5de med Storeit Opbevaringskasser i naturligt papir. Disse kasser er perfekte til at holde styr p\u00e5\" \/>\n<meta property=\"og:url\" content=\"https:\/\/hubsch-interior.com\/da\/vare\/storeit-opbevaringskasser-natur-saet-af-3\/\" \/>\n<meta property=\"og:site_name\" content=\"H\u00fcbsch\" \/>\n<meta property=\"article:modified_time\" content=\"2026-04-09T02:19:19+00:00\" \/>\n<meta property=\"og:image\" content=\"https:\/\/hubsch-interior.com\/wp-content\/uploads\/2024\/03\/storeit-storage-boxes-natural-set-of-3-13439459e7cb321cf574d5aa99aaf966.jpg\" \/>\n\t<meta property=\"og:image:width\" content=\"1200\" \/>\n\t<meta property=\"og:image:height\" content=\"1200\" \/>\n\t<meta property=\"og:image:type\" content=\"image\/jpeg\" \/>\n<meta name=\"twitter:card\" content=\"summary_large_image\" \/>\n<script type=\"application\/ld+json\" class=\"yoast-schema-graph\">{\"@context\":\"https:\/\/schema.org\",\"@graph\":[{\"@type\":\"WebPage\",\"@id\":\"https:\/\/hubsch-interior.com\/da\/vare\/storeit-opbevaringskasser-natur-saet-af-3\/\",\"url\":\"https:\/\/hubsch-interior.com\/da\/vare\/storeit-opbevaringskasser-natur-saet-af-3\/\",\"name\":\"Storeit Opbevaringskasser Natur (s\u00e6t af 3) - H\u00fcbsch\",\"isPartOf\":{\"@id\":\"https:\/\/hubsch-interior.com\/da\/#website\"},\"primaryImageOfPage\":{\"@id\":\"https:\/\/hubsch-interior.com\/da\/vare\/storeit-opbevaringskasser-natur-saet-af-3\/#primaryimage\"},\"image\":{\"@id\":\"https:\/\/hubsch-interior.com\/da\/vare\/storeit-opbevaringskasser-natur-saet-af-3\/#primaryimage\"},\"thumbnailUrl\":\"https:\/\/hubsch-interior.com\/wp-content\/uploads\/2026\/02\/storeit-storage-boxes-natural-set-of-3-6e8db17d560d213e7304bedffe3fd1a4.jpg\",\"datePublished\":\"2024-01-29T07:24:32+00:00\",\"dateModified\":\"2026-04-09T02:19:19+00:00\",\"description\":\"Opbevar dine kontorartikler p\u00e5 en stilfuld og smart m\u00e5de med Storeit Opbevaringskasser i naturligt papir. Disse kasser er perfekte til at holde styr p\u00e5\",\"breadcrumb\":{\"@id\":\"https:\/\/hubsch-interior.com\/da\/vare\/storeit-opbevaringskasser-natur-saet-af-3\/#breadcrumb\"},\"inLanguage\":\"da-DK\",\"potentialAction\":[{\"@type\":\"ReadAction\",\"target\":[\"https:\/\/hubsch-interior.com\/da\/vare\/storeit-opbevaringskasser-natur-saet-af-3\/\"]}]},{\"@type\":\"ImageObject\",\"inLanguage\":\"da-DK\",\"@id\":\"https:\/\/hubsch-interior.com\/da\/vare\/storeit-opbevaringskasser-natur-saet-af-3\/#primaryimage\",\"url\":\"https:\/\/hubsch-interior.com\/wp-content\/uploads\/2026\/02\/storeit-storage-boxes-natural-set-of-3-6e8db17d560d213e7304bedffe3fd1a4.jpg\",\"contentUrl\":\"https:\/\/hubsch-interior.com\/wp-content\/uploads\/2026\/02\/storeit-storage-boxes-natural-set-of-3-6e8db17d560d213e7304bedffe3fd1a4.jpg\",\"width\":1024,\"height\":1024},{\"@type\":\"BreadcrumbList\",\"@id\":\"https:\/\/hubsch-interior.com\/da\/vare\/storeit-opbevaringskasser-natur-saet-af-3\/#breadcrumb\",\"itemListElement\":[{\"@type\":\"ListItem\",\"position\":1,\"name\":\"Forside\",\"item\":\"https:\/\/hubsch-interior.com\/da\/\"},{\"@type\":\"ListItem\",\"position\":2,\"name\":\"Produkter\",\"item\":\"https:\/\/hubsch-interior.com\/da\/produkter\/\"},{\"@type\":\"ListItem\",\"position\":3,\"name\":\"Boligtilbeh\u00f8r\",\"item\":\"https:\/\/hubsch-interior.com\/da\/vare-kategori\/boligtilbehor\/\"},{\"@type\":\"ListItem\",\"position\":4,\"name\":\"Opbevaring\",\"item\":\"https:\/\/hubsch-interior.com\/da\/vare-kategori\/boligtilbehor\/opbevaring-da\/\"},{\"@type\":\"ListItem\",\"position\":5,\"name\":\"Bokse\",\"item\":\"https:\/\/hubsch-interior.com\/da\/vare-kategori\/boligtilbehor\/opbevaring-da\/bokse-da\/\"},{\"@type\":\"ListItem\",\"position\":6,\"name\":\"Storeit Opbevaringskasser Natur (s\u00e6t af 3)\"}]},{\"@type\":\"WebSite\",\"@id\":\"https:\/\/hubsch-interior.com\/da\/#website\",\"url\":\"https:\/\/hubsch-interior.com\/da\/\",\"name\":\"H\u00fcbsch\",\"description\":\"Danish Home Interior and Design\",\"publisher\":{\"@id\":\"https:\/\/hubsch-interior.com\/da\/#organization\"},\"potentialAction\":[{\"@type\":\"SearchAction\",\"target\":{\"@type\":\"EntryPoint\",\"urlTemplate\":\"https:\/\/hubsch-interior.com\/da\/?s={search_term_string}\"},\"query-input\":{\"@type\":\"PropertyValueSpecification\",\"valueRequired\":true,\"valueName\":\"search_term_string\"}}],\"inLanguage\":\"da-DK\"},{\"@type\":\"Organization\",\"@id\":\"https:\/\/hubsch-interior.com\/da\/#organization\",\"name\":\"H\u00fcbsch\",\"url\":\"https:\/\/hubsch-interior.com\/da\/\",\"logo\":{\"@type\":\"ImageObject\",\"inLanguage\":\"da-DK\",\"@id\":\"https:\/\/hubsch-interior.com\/da\/#\/schema\/logo\/image\/\",\"url\":\"https:\/\/hubsch-interior.com\/wp-content\/uploads\/2022\/12\/Hubsch_logo_black_one_line.svg\",\"contentUrl\":\"https:\/\/hubsch-interior.com\/wp-content\/uploads\/2022\/12\/Hubsch_logo_black_one_line.svg\",\"caption\":\"H\u00fcbsch\"},\"image\":{\"@id\":\"https:\/\/hubsch-interior.com\/da\/#\/schema\/logo\/image\/\"}}]}<\/script>\n<!-- \/ Yoast SEO plugin. -->","yoast_head_json":{"title":"Storeit Opbevaringskasser Natur (s\u00e6t af 3) - H\u00fcbsch","description":"Opbevar dine kontorartikler p\u00e5 en stilfuld og smart m\u00e5de med Storeit Opbevaringskasser i naturligt papir. Disse kasser er perfekte til at holde styr p\u00e5","robots":{"index":"index","follow":"follow","max-snippet":"max-snippet:-1","max-image-preview":"max-image-preview:large","max-video-preview":"max-video-preview:-1"},"canonical":"https:\/\/hubsch-interior.com\/da\/wp-json\/wp\/v2\/product\/974911","og_locale":"da_DK","og_type":"article","og_title":"Storeit Opbevaringskasser Natur (s\u00e6t af 3) - H\u00fcbsch","og_description":"Opbevar dine kontorartikler p\u00e5 en stilfuld og smart m\u00e5de med Storeit Opbevaringskasser i naturligt papir. Disse kasser er perfekte til at holde styr p\u00e5","og_url":"https:\/\/hubsch-interior.com\/da\/vare\/storeit-opbevaringskasser-natur-saet-af-3\/","og_site_name":"H\u00fcbsch","article_modified_time":"2026-04-09T02:19:19+00:00","og_image":[{"width":1200,"height":1200,"url":"https:\/\/hubsch-interior.com\/wp-content\/uploads\/2024\/03\/storeit-storage-boxes-natural-set-of-3-13439459e7cb321cf574d5aa99aaf966.jpg","type":"image\/jpeg"}],"twitter_card":"summary_large_image","schema":{"@context":"https:\/\/schema.org","@graph":[{"@type":"WebPage","@id":"https:\/\/hubsch-interior.com\/da\/vare\/storeit-opbevaringskasser-natur-saet-af-3\/","url":"https:\/\/hubsch-interior.com\/da\/vare\/storeit-opbevaringskasser-natur-saet-af-3\/","name":"Storeit Opbevaringskasser Natur (s\u00e6t af 3) - H\u00fcbsch","isPartOf":{"@id":"https:\/\/hubsch-interior.com\/da\/#website"},"primaryImageOfPage":{"@id":"https:\/\/hubsch-interior.com\/da\/vare\/storeit-opbevaringskasser-natur-saet-af-3\/#primaryimage"},"image":{"@id":"https:\/\/hubsch-interior.com\/da\/vare\/storeit-opbevaringskasser-natur-saet-af-3\/#primaryimage"},"thumbnailUrl":"https:\/\/hubsch-interior.com\/wp-content\/uploads\/2026\/02\/storeit-storage-boxes-natural-set-of-3-6e8db17d560d213e7304bedffe3fd1a4.jpg","datePublished":"2024-01-29T07:24:32+00:00","dateModified":"2026-04-09T02:19:19+00:00","description":"Opbevar dine kontorartikler p\u00e5 en stilfuld og smart m\u00e5de med Storeit Opbevaringskasser i naturligt papir. Disse kasser er perfekte til at holde styr p\u00e5","breadcrumb":{"@id":"https:\/\/hubsch-interior.com\/da\/vare\/storeit-opbevaringskasser-natur-saet-af-3\/#breadcrumb"},"inLanguage":"da-DK","potentialAction":[{"@type":"ReadAction","target":["https:\/\/hubsch-interior.com\/da\/vare\/storeit-opbevaringskasser-natur-saet-af-3\/"]}]},{"@type":"ImageObject","inLanguage":"da-DK","@id":"https:\/\/hubsch-interior.com\/da\/vare\/storeit-opbevaringskasser-natur-saet-af-3\/#primaryimage","url":"https:\/\/hubsch-interior.com\/wp-content\/uploads\/2026\/02\/storeit-storage-boxes-natural-set-of-3-6e8db17d560d213e7304bedffe3fd1a4.jpg","contentUrl":"https:\/\/hubsch-interior.com\/wp-content\/uploads\/2026\/02\/storeit-storage-boxes-natural-set-of-3-6e8db17d560d213e7304bedffe3fd1a4.jpg","width":1024,"height":1024},{"@type":"BreadcrumbList","@id":"https:\/\/hubsch-interior.com\/da\/vare\/storeit-opbevaringskasser-natur-saet-af-3\/#breadcrumb","itemListElement":[{"@type":"ListItem","position":1,"name":"Forside","item":"https:\/\/hubsch-interior.com\/da\/"},{"@type":"ListItem","position":2,"name":"Produkter","item":"https:\/\/hubsch-interior.com\/da\/produkter\/"},{"@type":"ListItem","position":3,"name":"Boligtilbeh\u00f8r","item":"https:\/\/hubsch-interior.com\/da\/vare-kategori\/boligtilbehor\/"},{"@type":"ListItem","position":4,"name":"Opbevaring","item":"https:\/\/hubsch-interior.com\/da\/vare-kategori\/boligtilbehor\/opbevaring-da\/"},{"@type":"ListItem","position":5,"name":"Bokse","item":"https:\/\/hubsch-interior.com\/da\/vare-kategori\/boligtilbehor\/opbevaring-da\/bokse-da\/"},{"@type":"ListItem","position":6,"name":"Storeit Opbevaringskasser Natur (s\u00e6t af 3)"}]},{"@type":"WebSite","@id":"https:\/\/hubsch-interior.com\/da\/#website","url":"https:\/\/hubsch-interior.com\/da\/","name":"H\u00fcbsch","description":"Danish Home Interior and Design","publisher":{"@id":"https:\/\/hubsch-interior.com\/da\/#organization"},"potentialAction":[{"@type":"SearchAction","target":{"@type":"EntryPoint","urlTemplate":"https:\/\/hubsch-interior.com\/da\/?s={search_term_string}"},"query-input":{"@type":"PropertyValueSpecification","valueRequired":true,"valueName":"search_term_string"}}],"inLanguage":"da-DK"},{"@type":"Organization","@id":"https:\/\/hubsch-interior.com\/da\/#organization","name":"H\u00fcbsch","url":"https:\/\/hubsch-interior.com\/da\/","logo":{"@type":"ImageObject","inLanguage":"da-DK","@id":"https:\/\/hubsch-interior.com\/da\/#\/schema\/logo\/image\/","url":"https:\/\/hubsch-interior.com\/wp-content\/uploads\/2022\/12\/Hubsch_logo_black_one_line.svg","contentUrl":"https:\/\/hubsch-interior.com\/wp-content\/uploads\/2022\/12\/Hubsch_logo_black_one_line.svg","caption":"H\u00fcbsch"},"image":{"@id":"https:\/\/hubsch-interior.com\/da\/#\/schema\/logo\/image\/"}}]}},"_links":{"self":[{"href":"https:\/\/hubsch-interior.com\/da\/wp-json\/wp\/v2\/product\/974911","targetHints":{"allow":["GET"]}}],"collection":[{"href":"https:\/\/hubsch-interior.com\/da\/wp-json\/wp\/v2\/product"}],"about":[{"href":"https:\/\/hubsch-interior.com\/da\/wp-json\/wp\/v2\/types\/product"}],"wp:featuredmedia":[{"embeddable":true,"href":"https:\/\/hubsch-interior.com\/da\/wp-json\/wp\/v2\/media\/1093738"}],"wp:attachment":[{"href":"https:\/\/hubsch-interior.com\/da\/wp-json\/wp\/v2\/media?parent=974911"}],"wp:term":[{"taxonomy":"product_brand","embeddable":true,"href":"https:\/\/hubsch-interior.com\/da\/wp-json\/wp\/v2\/product_brand?post=974911"},{"taxonomy":"product_cat","embeddable":true,"href":"https:\/\/hubsch-interior.com\/da\/wp-json\/wp\/v2\/product_cat?post=974911"},{"taxonomy":"product_tag","embeddable":true,"href":"https:\/\/hubsch-interior.com\/da\/wp-json\/wp\/v2\/product_tag?post=974911"}],"curies":[{"name":"wp","href":"https:\/\/api.w.org\/{rel}","templated":true}]}}