{"id":974999,"date":"2024-01-29T08:25:11","date_gmt":"2024-01-29T07:25:11","guid":{"rendered":"https:\/\/hubsch-interior.com\/product\/product\/"},"modified":"2026-04-09T04:19:31","modified_gmt":"2026-04-09T02:19:31","slug":"plex-ramme-50x70-olivengron","status":"publish","type":"product","link":"https:\/\/hubsch-interior.com\/da\/vare\/plex-ramme-50x70-olivengron\/","title":{"rendered":"Plex Ramme 50&#215;70 Olivengr\u00f8n"},"content":{"rendered":"<p>G\u00f8r dine v\u00e6gge unikke med vores Plex Ramme i olivengr\u00f8n. Denne elegante ramme er lavet af holdbart plexiglas og st\u00e5l, og f\u00e5s i to forskellige varianter. Brug den som et statement piece til dine grafiske kunstv\u00e6rker eller lad den h\u00e6nge p\u00e5 v\u00e6ggen og skabe et sp\u00e6ndende skyggespil med den transparente plakat. Den magnetiske funktion g\u00f8r det nemt at skifte kunstv\u00e6rk og skabe en ny stemning i rummet.<\/p>\n","protected":false},"excerpt":{"rendered":"<p>G\u00f8r dine v\u00e6gge unikke med vores Plex Ramme i olivengr\u00f8n. Denne elegante ramme er lavet af holdbart plexiglas og st\u00e5l, og f\u00e5s i to forskellige varianter. Brug den som et statement piece til dine grafiske kunstv\u00e6rker eller lad den h\u00e6nge p\u00e5 v\u00e6ggen og skabe et sp\u00e6ndende skyggespil med den transparente plakat. Den magnetiske funktion g\u00f8r [&hellip;]<\/p>\n","protected":false},"featured_media":1093814,"template":"","meta":{"_acf_changed":false,"inline_featured_image":false},"product_brand":[],"product_cat":[6880,4935,3114],"product_tag":[],"class_list":{"0":"post-974999","1":"product","2":"type-product","3":"status-publish","4":"has-post-thumbnail","6":"product_cat-elevating-nostalgia-da","7":"product_cat-rammer-da","8":"product_cat-vaegdekoration-da","9":"product_shipping_class-pk","11":"pa_color-olivengrn","12":"pa_material-plexiglas","13":"pa_material-stl","15":"first","16":"instock","17":"taxable","18":"shipping-taxable","19":"purchasable","20":"product-type-simple"},"exclude_global_add_ons":[],"addons":[],"acf":[],"yoast_head":"<!-- This site is optimized with the Yoast SEO plugin v26.4 - https:\/\/yoast.com\/wordpress\/plugins\/seo\/ -->\n<title>Plex Ramme 50x70 Olivengr\u00f8n - H\u00fcbsch<\/title>\n<meta name=\"description\" content=\"G\u00f8r dine v\u00e6gge unikke med vores Plex Ramme i olivengr\u00f8n. Denne elegante ramme er lavet af holdbart plexiglas og st\u00e5l, og f\u00e5s i to forskellige varianter.\" \/>\n<meta name=\"robots\" content=\"index, follow, max-snippet:-1, max-image-preview:large, max-video-preview:-1\" \/>\n<link rel=\"canonical\" href=\"https:\/\/hubsch-interior.com\/da\/wp-json\/wp\/v2\/product\/974999\" \/>\n<meta property=\"og:locale\" content=\"da_DK\" \/>\n<meta property=\"og:type\" content=\"article\" \/>\n<meta property=\"og:title\" content=\"Plex Ramme 50x70 Olivengr\u00f8n - H\u00fcbsch\" \/>\n<meta property=\"og:description\" content=\"G\u00f8r dine v\u00e6gge unikke med vores Plex Ramme i olivengr\u00f8n. Denne elegante ramme er lavet af holdbart plexiglas og st\u00e5l, og f\u00e5s i to forskellige varianter.\" \/>\n<meta property=\"og:url\" content=\"https:\/\/hubsch-interior.com\/da\/vare\/plex-ramme-50x70-olivengron\/\" \/>\n<meta property=\"og:site_name\" content=\"H\u00fcbsch\" \/>\n<meta property=\"article:modified_time\" content=\"2026-04-09T02:19:31+00:00\" \/>\n<meta property=\"og:image\" content=\"https:\/\/hubsch-interior.com\/wp-content\/uploads\/2025\/04\/plex-frame-50x70-olive-8142e27df0781a528002f3115dca8b17.jpg\" \/>\n\t<meta property=\"og:image:width\" content=\"1200\" \/>\n\t<meta property=\"og:image:height\" content=\"1200\" \/>\n\t<meta property=\"og:image:type\" content=\"image\/jpeg\" \/>\n<meta name=\"twitter:card\" content=\"summary_large_image\" \/>\n<script type=\"application\/ld+json\" class=\"yoast-schema-graph\">{\"@context\":\"https:\/\/schema.org\",\"@graph\":[{\"@type\":\"WebPage\",\"@id\":\"https:\/\/hubsch-interior.com\/da\/vare\/plex-ramme-50x70-olivengron\/\",\"url\":\"https:\/\/hubsch-interior.com\/da\/vare\/plex-ramme-50x70-olivengron\/\",\"name\":\"Plex Ramme 50x70 Olivengr\u00f8n - H\u00fcbsch\",\"isPartOf\":{\"@id\":\"https:\/\/hubsch-interior.com\/da\/#website\"},\"primaryImageOfPage\":{\"@id\":\"https:\/\/hubsch-interior.com\/da\/vare\/plex-ramme-50x70-olivengron\/#primaryimage\"},\"image\":{\"@id\":\"https:\/\/hubsch-interior.com\/da\/vare\/plex-ramme-50x70-olivengron\/#primaryimage\"},\"thumbnailUrl\":\"https:\/\/hubsch-interior.com\/wp-content\/uploads\/2026\/02\/plex-frame-50x70-olive-9c3a51f7cdee6f9449fca8bc2f049040.jpg\",\"datePublished\":\"2024-01-29T07:25:11+00:00\",\"dateModified\":\"2026-04-09T02:19:31+00:00\",\"description\":\"G\u00f8r dine v\u00e6gge unikke med vores Plex Ramme i olivengr\u00f8n. Denne elegante ramme er lavet af holdbart plexiglas og st\u00e5l, og f\u00e5s i to forskellige varianter.\",\"breadcrumb\":{\"@id\":\"https:\/\/hubsch-interior.com\/da\/vare\/plex-ramme-50x70-olivengron\/#breadcrumb\"},\"inLanguage\":\"da-DK\",\"potentialAction\":[{\"@type\":\"ReadAction\",\"target\":[\"https:\/\/hubsch-interior.com\/da\/vare\/plex-ramme-50x70-olivengron\/\"]}]},{\"@type\":\"ImageObject\",\"inLanguage\":\"da-DK\",\"@id\":\"https:\/\/hubsch-interior.com\/da\/vare\/plex-ramme-50x70-olivengron\/#primaryimage\",\"url\":\"https:\/\/hubsch-interior.com\/wp-content\/uploads\/2026\/02\/plex-frame-50x70-olive-9c3a51f7cdee6f9449fca8bc2f049040.jpg\",\"contentUrl\":\"https:\/\/hubsch-interior.com\/wp-content\/uploads\/2026\/02\/plex-frame-50x70-olive-9c3a51f7cdee6f9449fca8bc2f049040.jpg\",\"width\":1024,\"height\":1024},{\"@type\":\"BreadcrumbList\",\"@id\":\"https:\/\/hubsch-interior.com\/da\/vare\/plex-ramme-50x70-olivengron\/#breadcrumb\",\"itemListElement\":[{\"@type\":\"ListItem\",\"position\":1,\"name\":\"Forside\",\"item\":\"https:\/\/hubsch-interior.com\/da\/\"},{\"@type\":\"ListItem\",\"position\":2,\"name\":\"Produkter\",\"item\":\"https:\/\/hubsch-interior.com\/da\/produkter\/\"},{\"@type\":\"ListItem\",\"position\":3,\"name\":\"Boligtilbeh\u00f8r\",\"item\":\"https:\/\/hubsch-interior.com\/da\/vare-kategori\/boligtilbehor\/\"},{\"@type\":\"ListItem\",\"position\":4,\"name\":\"V&aelig;gdekoration\",\"item\":\"https:\/\/hubsch-interior.com\/da\/vare-kategori\/boligtilbehor\/vaegdekoration-da\/\"},{\"@type\":\"ListItem\",\"position\":5,\"name\":\"Rammer\",\"item\":\"https:\/\/hubsch-interior.com\/da\/vare-kategori\/boligtilbehor\/vaegdekoration-da\/rammer-da\/\"},{\"@type\":\"ListItem\",\"position\":6,\"name\":\"Plex Ramme 50&#215;70 Olivengr\u00f8n\"}]},{\"@type\":\"WebSite\",\"@id\":\"https:\/\/hubsch-interior.com\/da\/#website\",\"url\":\"https:\/\/hubsch-interior.com\/da\/\",\"name\":\"H\u00fcbsch\",\"description\":\"Danish Home Interior and Design\",\"publisher\":{\"@id\":\"https:\/\/hubsch-interior.com\/da\/#organization\"},\"potentialAction\":[{\"@type\":\"SearchAction\",\"target\":{\"@type\":\"EntryPoint\",\"urlTemplate\":\"https:\/\/hubsch-interior.com\/da\/?s={search_term_string}\"},\"query-input\":{\"@type\":\"PropertyValueSpecification\",\"valueRequired\":true,\"valueName\":\"search_term_string\"}}],\"inLanguage\":\"da-DK\"},{\"@type\":\"Organization\",\"@id\":\"https:\/\/hubsch-interior.com\/da\/#organization\",\"name\":\"H\u00fcbsch\",\"url\":\"https:\/\/hubsch-interior.com\/da\/\",\"logo\":{\"@type\":\"ImageObject\",\"inLanguage\":\"da-DK\",\"@id\":\"https:\/\/hubsch-interior.com\/da\/#\/schema\/logo\/image\/\",\"url\":\"https:\/\/hubsch-interior.com\/wp-content\/uploads\/2022\/12\/Hubsch_logo_black_one_line.svg\",\"contentUrl\":\"https:\/\/hubsch-interior.com\/wp-content\/uploads\/2022\/12\/Hubsch_logo_black_one_line.svg\",\"caption\":\"H\u00fcbsch\"},\"image\":{\"@id\":\"https:\/\/hubsch-interior.com\/da\/#\/schema\/logo\/image\/\"}}]}<\/script>\n<!-- \/ Yoast SEO plugin. -->","yoast_head_json":{"title":"Plex Ramme 50x70 Olivengr\u00f8n - H\u00fcbsch","description":"G\u00f8r dine v\u00e6gge unikke med vores Plex Ramme i olivengr\u00f8n. Denne elegante ramme er lavet af holdbart plexiglas og st\u00e5l, og f\u00e5s i to forskellige varianter.","robots":{"index":"index","follow":"follow","max-snippet":"max-snippet:-1","max-image-preview":"max-image-preview:large","max-video-preview":"max-video-preview:-1"},"canonical":"https:\/\/hubsch-interior.com\/da\/wp-json\/wp\/v2\/product\/974999","og_locale":"da_DK","og_type":"article","og_title":"Plex Ramme 50x70 Olivengr\u00f8n - H\u00fcbsch","og_description":"G\u00f8r dine v\u00e6gge unikke med vores Plex Ramme i olivengr\u00f8n. Denne elegante ramme er lavet af holdbart plexiglas og st\u00e5l, og f\u00e5s i to forskellige varianter.","og_url":"https:\/\/hubsch-interior.com\/da\/vare\/plex-ramme-50x70-olivengron\/","og_site_name":"H\u00fcbsch","article_modified_time":"2026-04-09T02:19:31+00:00","og_image":[{"width":1200,"height":1200,"url":"https:\/\/hubsch-interior.com\/wp-content\/uploads\/2025\/04\/plex-frame-50x70-olive-8142e27df0781a528002f3115dca8b17.jpg","type":"image\/jpeg"}],"twitter_card":"summary_large_image","schema":{"@context":"https:\/\/schema.org","@graph":[{"@type":"WebPage","@id":"https:\/\/hubsch-interior.com\/da\/vare\/plex-ramme-50x70-olivengron\/","url":"https:\/\/hubsch-interior.com\/da\/vare\/plex-ramme-50x70-olivengron\/","name":"Plex Ramme 50x70 Olivengr\u00f8n - H\u00fcbsch","isPartOf":{"@id":"https:\/\/hubsch-interior.com\/da\/#website"},"primaryImageOfPage":{"@id":"https:\/\/hubsch-interior.com\/da\/vare\/plex-ramme-50x70-olivengron\/#primaryimage"},"image":{"@id":"https:\/\/hubsch-interior.com\/da\/vare\/plex-ramme-50x70-olivengron\/#primaryimage"},"thumbnailUrl":"https:\/\/hubsch-interior.com\/wp-content\/uploads\/2026\/02\/plex-frame-50x70-olive-9c3a51f7cdee6f9449fca8bc2f049040.jpg","datePublished":"2024-01-29T07:25:11+00:00","dateModified":"2026-04-09T02:19:31+00:00","description":"G\u00f8r dine v\u00e6gge unikke med vores Plex Ramme i olivengr\u00f8n. Denne elegante ramme er lavet af holdbart plexiglas og st\u00e5l, og f\u00e5s i to forskellige varianter.","breadcrumb":{"@id":"https:\/\/hubsch-interior.com\/da\/vare\/plex-ramme-50x70-olivengron\/#breadcrumb"},"inLanguage":"da-DK","potentialAction":[{"@type":"ReadAction","target":["https:\/\/hubsch-interior.com\/da\/vare\/plex-ramme-50x70-olivengron\/"]}]},{"@type":"ImageObject","inLanguage":"da-DK","@id":"https:\/\/hubsch-interior.com\/da\/vare\/plex-ramme-50x70-olivengron\/#primaryimage","url":"https:\/\/hubsch-interior.com\/wp-content\/uploads\/2026\/02\/plex-frame-50x70-olive-9c3a51f7cdee6f9449fca8bc2f049040.jpg","contentUrl":"https:\/\/hubsch-interior.com\/wp-content\/uploads\/2026\/02\/plex-frame-50x70-olive-9c3a51f7cdee6f9449fca8bc2f049040.jpg","width":1024,"height":1024},{"@type":"BreadcrumbList","@id":"https:\/\/hubsch-interior.com\/da\/vare\/plex-ramme-50x70-olivengron\/#breadcrumb","itemListElement":[{"@type":"ListItem","position":1,"name":"Forside","item":"https:\/\/hubsch-interior.com\/da\/"},{"@type":"ListItem","position":2,"name":"Produkter","item":"https:\/\/hubsch-interior.com\/da\/produkter\/"},{"@type":"ListItem","position":3,"name":"Boligtilbeh\u00f8r","item":"https:\/\/hubsch-interior.com\/da\/vare-kategori\/boligtilbehor\/"},{"@type":"ListItem","position":4,"name":"V&aelig;gdekoration","item":"https:\/\/hubsch-interior.com\/da\/vare-kategori\/boligtilbehor\/vaegdekoration-da\/"},{"@type":"ListItem","position":5,"name":"Rammer","item":"https:\/\/hubsch-interior.com\/da\/vare-kategori\/boligtilbehor\/vaegdekoration-da\/rammer-da\/"},{"@type":"ListItem","position":6,"name":"Plex Ramme 50&#215;70 Olivengr\u00f8n"}]},{"@type":"WebSite","@id":"https:\/\/hubsch-interior.com\/da\/#website","url":"https:\/\/hubsch-interior.com\/da\/","name":"H\u00fcbsch","description":"Danish Home Interior and Design","publisher":{"@id":"https:\/\/hubsch-interior.com\/da\/#organization"},"potentialAction":[{"@type":"SearchAction","target":{"@type":"EntryPoint","urlTemplate":"https:\/\/hubsch-interior.com\/da\/?s={search_term_string}"},"query-input":{"@type":"PropertyValueSpecification","valueRequired":true,"valueName":"search_term_string"}}],"inLanguage":"da-DK"},{"@type":"Organization","@id":"https:\/\/hubsch-interior.com\/da\/#organization","name":"H\u00fcbsch","url":"https:\/\/hubsch-interior.com\/da\/","logo":{"@type":"ImageObject","inLanguage":"da-DK","@id":"https:\/\/hubsch-interior.com\/da\/#\/schema\/logo\/image\/","url":"https:\/\/hubsch-interior.com\/wp-content\/uploads\/2022\/12\/Hubsch_logo_black_one_line.svg","contentUrl":"https:\/\/hubsch-interior.com\/wp-content\/uploads\/2022\/12\/Hubsch_logo_black_one_line.svg","caption":"H\u00fcbsch"},"image":{"@id":"https:\/\/hubsch-interior.com\/da\/#\/schema\/logo\/image\/"}}]}},"_links":{"self":[{"href":"https:\/\/hubsch-interior.com\/da\/wp-json\/wp\/v2\/product\/974999","targetHints":{"allow":["GET"]}}],"collection":[{"href":"https:\/\/hubsch-interior.com\/da\/wp-json\/wp\/v2\/product"}],"about":[{"href":"https:\/\/hubsch-interior.com\/da\/wp-json\/wp\/v2\/types\/product"}],"wp:featuredmedia":[{"embeddable":true,"href":"https:\/\/hubsch-interior.com\/da\/wp-json\/wp\/v2\/media\/1093814"}],"wp:attachment":[{"href":"https:\/\/hubsch-interior.com\/da\/wp-json\/wp\/v2\/media?parent=974999"}],"wp:term":[{"taxonomy":"product_brand","embeddable":true,"href":"https:\/\/hubsch-interior.com\/da\/wp-json\/wp\/v2\/product_brand?post=974999"},{"taxonomy":"product_cat","embeddable":true,"href":"https:\/\/hubsch-interior.com\/da\/wp-json\/wp\/v2\/product_cat?post=974999"},{"taxonomy":"product_tag","embeddable":true,"href":"https:\/\/hubsch-interior.com\/da\/wp-json\/wp\/v2\/product_tag?post=974999"}],"curies":[{"name":"wp","href":"https:\/\/api.w.org\/{rel}","templated":true}]}}