{"id":975055,"date":"2024-01-29T08:25:34","date_gmt":"2024-01-29T07:25:34","guid":{"rendered":"https:\/\/hubsch-interior.com\/product\/product\/"},"modified":"2026-04-11T04:19:11","modified_gmt":"2026-04-11T02:19:11","slug":"sola-pude-rod","status":"publish","type":"product","link":"https:\/\/hubsch-interior.com\/da\/vare\/sola-pude-rod\/","title":{"rendered":"Sola Pude R\u00f8d"},"content":{"rendered":"<p>En fantastisk kombination af farver og komfort venter dig med Sola Puden i r\u00f8d! Denne OEKO-TEX\u00ae STANDARD 100 certificerede pude er lavet af bl\u00f8d polyester, der g\u00f8r den b\u00e5de behagelig, slidst\u00e6rk og dekorativ. P\u00e5 afstand kan puden se ud som om den er \u00e9n farve, men n\u00e5r du kommer t\u00e6ttere p\u00e5, \u00e5benbarer den sig som et unikt sammensurium af farver. V\u00e6lg mellem vores to forskellige varianter og tilf\u00f8j et pift af farve og hygge til dit hjem.<\/p>\n","protected":false},"excerpt":{"rendered":"<p>En fantastisk kombination af farver og komfort venter dig med Sola Puden i r\u00f8d! Denne OEKO-TEX\u00ae STANDARD 100 certificerede pude er lavet af bl\u00f8d polyester, der g\u00f8r den b\u00e5de behagelig, slidst\u00e6rk og dekorativ. P\u00e5 afstand kan puden se ud som om den er \u00e9n farve, men n\u00e5r du kommer t\u00e6ttere p\u00e5, \u00e5benbarer den sig som [&hellip;]<\/p>\n","protected":false},"featured_media":1093858,"template":"","meta":{"_acf_changed":false,"inline_featured_image":false},"product_brand":[],"product_cat":[6880,3000,3001,5025],"product_tag":[],"class_list":{"0":"post-975055","1":"product","2":"type-product","3":"status-publish","4":"has-post-thumbnail","6":"product_cat-elevating-nostalgia-da","7":"product_cat-tekstiler","8":"product_cat-puder-da","9":"product_cat-bestsellers-da","10":"product_shipping_class-pk","12":"pa_color-rd","13":"pa_material-polyester-100-da","15":"first","16":"instock","17":"featured","18":"taxable","19":"shipping-taxable","20":"purchasable","21":"product-type-simple"},"exclude_global_add_ons":[],"addons":[],"acf":[],"yoast_head":"<!-- This site is optimized with the Yoast SEO plugin v26.4 - https:\/\/yoast.com\/wordpress\/plugins\/seo\/ -->\n<title>Sola Pude R\u00f8d - H\u00fcbsch<\/title>\n<meta name=\"description\" content=\"En fantastisk kombination af farver og komfort venter dig med Sola Puden i r\u00f8d! Denne OEKO-TEX\u00ae STANDARD 100 certificerede pude er lavet af bl\u00f8d\" \/>\n<meta name=\"robots\" content=\"index, follow, max-snippet:-1, max-image-preview:large, max-video-preview:-1\" \/>\n<link rel=\"canonical\" href=\"https:\/\/hubsch-interior.com\/da\/wp-json\/wp\/v2\/product\/975055\" \/>\n<meta property=\"og:locale\" content=\"da_DK\" \/>\n<meta property=\"og:type\" content=\"article\" \/>\n<meta property=\"og:title\" content=\"Sola Pude R\u00f8d - H\u00fcbsch\" \/>\n<meta property=\"og:description\" content=\"En fantastisk kombination af farver og komfort venter dig med Sola Puden i r\u00f8d! Denne OEKO-TEX\u00ae STANDARD 100 certificerede pude er lavet af bl\u00f8d\" \/>\n<meta property=\"og:url\" content=\"https:\/\/hubsch-interior.com\/da\/vare\/sola-pude-rod\/\" \/>\n<meta property=\"og:site_name\" content=\"H\u00fcbsch\" \/>\n<meta property=\"article:modified_time\" content=\"2026-04-11T02:19:11+00:00\" \/>\n<meta property=\"og:image\" content=\"https:\/\/hubsch-interior.com\/wp-content\/uploads\/2026\/02\/sola-cushion-red-fb92139e0ee357895444ef0e3b9d6905.jpg\" \/>\n\t<meta property=\"og:image:width\" content=\"1024\" \/>\n\t<meta property=\"og:image:height\" content=\"1024\" \/>\n\t<meta property=\"og:image:type\" content=\"image\/jpeg\" \/>\n<meta name=\"twitter:card\" content=\"summary_large_image\" \/>\n<script type=\"application\/ld+json\" class=\"yoast-schema-graph\">{\"@context\":\"https:\/\/schema.org\",\"@graph\":[{\"@type\":\"WebPage\",\"@id\":\"https:\/\/hubsch-interior.com\/da\/vare\/sola-pude-rod\/\",\"url\":\"https:\/\/hubsch-interior.com\/da\/vare\/sola-pude-rod\/\",\"name\":\"Sola Pude R\u00f8d - H\u00fcbsch\",\"isPartOf\":{\"@id\":\"https:\/\/hubsch-interior.com\/da\/#website\"},\"primaryImageOfPage\":{\"@id\":\"https:\/\/hubsch-interior.com\/da\/vare\/sola-pude-rod\/#primaryimage\"},\"image\":{\"@id\":\"https:\/\/hubsch-interior.com\/da\/vare\/sola-pude-rod\/#primaryimage\"},\"thumbnailUrl\":\"https:\/\/hubsch-interior.com\/wp-content\/uploads\/2026\/02\/sola-cushion-red-fb92139e0ee357895444ef0e3b9d6905.jpg\",\"datePublished\":\"2024-01-29T07:25:34+00:00\",\"dateModified\":\"2026-04-11T02:19:11+00:00\",\"description\":\"En fantastisk kombination af farver og komfort venter dig med Sola Puden i r\u00f8d! Denne OEKO-TEX\u00ae STANDARD 100 certificerede pude er lavet af bl\u00f8d\",\"breadcrumb\":{\"@id\":\"https:\/\/hubsch-interior.com\/da\/vare\/sola-pude-rod\/#breadcrumb\"},\"inLanguage\":\"da-DK\",\"potentialAction\":[{\"@type\":\"ReadAction\",\"target\":[\"https:\/\/hubsch-interior.com\/da\/vare\/sola-pude-rod\/\"]}]},{\"@type\":\"ImageObject\",\"inLanguage\":\"da-DK\",\"@id\":\"https:\/\/hubsch-interior.com\/da\/vare\/sola-pude-rod\/#primaryimage\",\"url\":\"https:\/\/hubsch-interior.com\/wp-content\/uploads\/2026\/02\/sola-cushion-red-fb92139e0ee357895444ef0e3b9d6905.jpg\",\"contentUrl\":\"https:\/\/hubsch-interior.com\/wp-content\/uploads\/2026\/02\/sola-cushion-red-fb92139e0ee357895444ef0e3b9d6905.jpg\",\"width\":1024,\"height\":1024},{\"@type\":\"BreadcrumbList\",\"@id\":\"https:\/\/hubsch-interior.com\/da\/vare\/sola-pude-rod\/#breadcrumb\",\"itemListElement\":[{\"@type\":\"ListItem\",\"position\":1,\"name\":\"Forside\",\"item\":\"https:\/\/hubsch-interior.com\/da\/\"},{\"@type\":\"ListItem\",\"position\":2,\"name\":\"Produkter\",\"item\":\"https:\/\/hubsch-interior.com\/da\/produkter\/\"},{\"@type\":\"ListItem\",\"position\":3,\"name\":\"Tekstiler\",\"item\":\"https:\/\/hubsch-interior.com\/da\/vare-kategori\/tekstiler\/\"},{\"@type\":\"ListItem\",\"position\":4,\"name\":\"Puder\",\"item\":\"https:\/\/hubsch-interior.com\/da\/vare-kategori\/tekstiler\/puder-da\/\"},{\"@type\":\"ListItem\",\"position\":5,\"name\":\"Sola Pude R\u00f8d\"}]},{\"@type\":\"WebSite\",\"@id\":\"https:\/\/hubsch-interior.com\/da\/#website\",\"url\":\"https:\/\/hubsch-interior.com\/da\/\",\"name\":\"H\u00fcbsch\",\"description\":\"Danish Home Interior and Design\",\"publisher\":{\"@id\":\"https:\/\/hubsch-interior.com\/da\/#organization\"},\"potentialAction\":[{\"@type\":\"SearchAction\",\"target\":{\"@type\":\"EntryPoint\",\"urlTemplate\":\"https:\/\/hubsch-interior.com\/da\/?s={search_term_string}\"},\"query-input\":{\"@type\":\"PropertyValueSpecification\",\"valueRequired\":true,\"valueName\":\"search_term_string\"}}],\"inLanguage\":\"da-DK\"},{\"@type\":\"Organization\",\"@id\":\"https:\/\/hubsch-interior.com\/da\/#organization\",\"name\":\"H\u00fcbsch\",\"url\":\"https:\/\/hubsch-interior.com\/da\/\",\"logo\":{\"@type\":\"ImageObject\",\"inLanguage\":\"da-DK\",\"@id\":\"https:\/\/hubsch-interior.com\/da\/#\/schema\/logo\/image\/\",\"url\":\"https:\/\/hubsch-interior.com\/wp-content\/uploads\/2022\/12\/Hubsch_logo_black_one_line.svg\",\"contentUrl\":\"https:\/\/hubsch-interior.com\/wp-content\/uploads\/2022\/12\/Hubsch_logo_black_one_line.svg\",\"caption\":\"H\u00fcbsch\"},\"image\":{\"@id\":\"https:\/\/hubsch-interior.com\/da\/#\/schema\/logo\/image\/\"}}]}<\/script>\n<!-- \/ Yoast SEO plugin. -->","yoast_head_json":{"title":"Sola Pude R\u00f8d - H\u00fcbsch","description":"En fantastisk kombination af farver og komfort venter dig med Sola Puden i r\u00f8d! Denne OEKO-TEX\u00ae STANDARD 100 certificerede pude er lavet af bl\u00f8d","robots":{"index":"index","follow":"follow","max-snippet":"max-snippet:-1","max-image-preview":"max-image-preview:large","max-video-preview":"max-video-preview:-1"},"canonical":"https:\/\/hubsch-interior.com\/da\/wp-json\/wp\/v2\/product\/975055","og_locale":"da_DK","og_type":"article","og_title":"Sola Pude R\u00f8d - H\u00fcbsch","og_description":"En fantastisk kombination af farver og komfort venter dig med Sola Puden i r\u00f8d! Denne OEKO-TEX\u00ae STANDARD 100 certificerede pude er lavet af bl\u00f8d","og_url":"https:\/\/hubsch-interior.com\/da\/vare\/sola-pude-rod\/","og_site_name":"H\u00fcbsch","article_modified_time":"2026-04-11T02:19:11+00:00","og_image":[{"width":1024,"height":1024,"url":"https:\/\/hubsch-interior.com\/wp-content\/uploads\/2026\/02\/sola-cushion-red-fb92139e0ee357895444ef0e3b9d6905.jpg","type":"image\/jpeg"}],"twitter_card":"summary_large_image","schema":{"@context":"https:\/\/schema.org","@graph":[{"@type":"WebPage","@id":"https:\/\/hubsch-interior.com\/da\/vare\/sola-pude-rod\/","url":"https:\/\/hubsch-interior.com\/da\/vare\/sola-pude-rod\/","name":"Sola Pude R\u00f8d - H\u00fcbsch","isPartOf":{"@id":"https:\/\/hubsch-interior.com\/da\/#website"},"primaryImageOfPage":{"@id":"https:\/\/hubsch-interior.com\/da\/vare\/sola-pude-rod\/#primaryimage"},"image":{"@id":"https:\/\/hubsch-interior.com\/da\/vare\/sola-pude-rod\/#primaryimage"},"thumbnailUrl":"https:\/\/hubsch-interior.com\/wp-content\/uploads\/2026\/02\/sola-cushion-red-fb92139e0ee357895444ef0e3b9d6905.jpg","datePublished":"2024-01-29T07:25:34+00:00","dateModified":"2026-04-11T02:19:11+00:00","description":"En fantastisk kombination af farver og komfort venter dig med Sola Puden i r\u00f8d! Denne OEKO-TEX\u00ae STANDARD 100 certificerede pude er lavet af bl\u00f8d","breadcrumb":{"@id":"https:\/\/hubsch-interior.com\/da\/vare\/sola-pude-rod\/#breadcrumb"},"inLanguage":"da-DK","potentialAction":[{"@type":"ReadAction","target":["https:\/\/hubsch-interior.com\/da\/vare\/sola-pude-rod\/"]}]},{"@type":"ImageObject","inLanguage":"da-DK","@id":"https:\/\/hubsch-interior.com\/da\/vare\/sola-pude-rod\/#primaryimage","url":"https:\/\/hubsch-interior.com\/wp-content\/uploads\/2026\/02\/sola-cushion-red-fb92139e0ee357895444ef0e3b9d6905.jpg","contentUrl":"https:\/\/hubsch-interior.com\/wp-content\/uploads\/2026\/02\/sola-cushion-red-fb92139e0ee357895444ef0e3b9d6905.jpg","width":1024,"height":1024},{"@type":"BreadcrumbList","@id":"https:\/\/hubsch-interior.com\/da\/vare\/sola-pude-rod\/#breadcrumb","itemListElement":[{"@type":"ListItem","position":1,"name":"Forside","item":"https:\/\/hubsch-interior.com\/da\/"},{"@type":"ListItem","position":2,"name":"Produkter","item":"https:\/\/hubsch-interior.com\/da\/produkter\/"},{"@type":"ListItem","position":3,"name":"Tekstiler","item":"https:\/\/hubsch-interior.com\/da\/vare-kategori\/tekstiler\/"},{"@type":"ListItem","position":4,"name":"Puder","item":"https:\/\/hubsch-interior.com\/da\/vare-kategori\/tekstiler\/puder-da\/"},{"@type":"ListItem","position":5,"name":"Sola Pude R\u00f8d"}]},{"@type":"WebSite","@id":"https:\/\/hubsch-interior.com\/da\/#website","url":"https:\/\/hubsch-interior.com\/da\/","name":"H\u00fcbsch","description":"Danish Home Interior and Design","publisher":{"@id":"https:\/\/hubsch-interior.com\/da\/#organization"},"potentialAction":[{"@type":"SearchAction","target":{"@type":"EntryPoint","urlTemplate":"https:\/\/hubsch-interior.com\/da\/?s={search_term_string}"},"query-input":{"@type":"PropertyValueSpecification","valueRequired":true,"valueName":"search_term_string"}}],"inLanguage":"da-DK"},{"@type":"Organization","@id":"https:\/\/hubsch-interior.com\/da\/#organization","name":"H\u00fcbsch","url":"https:\/\/hubsch-interior.com\/da\/","logo":{"@type":"ImageObject","inLanguage":"da-DK","@id":"https:\/\/hubsch-interior.com\/da\/#\/schema\/logo\/image\/","url":"https:\/\/hubsch-interior.com\/wp-content\/uploads\/2022\/12\/Hubsch_logo_black_one_line.svg","contentUrl":"https:\/\/hubsch-interior.com\/wp-content\/uploads\/2022\/12\/Hubsch_logo_black_one_line.svg","caption":"H\u00fcbsch"},"image":{"@id":"https:\/\/hubsch-interior.com\/da\/#\/schema\/logo\/image\/"}}]}},"_links":{"self":[{"href":"https:\/\/hubsch-interior.com\/da\/wp-json\/wp\/v2\/product\/975055","targetHints":{"allow":["GET"]}}],"collection":[{"href":"https:\/\/hubsch-interior.com\/da\/wp-json\/wp\/v2\/product"}],"about":[{"href":"https:\/\/hubsch-interior.com\/da\/wp-json\/wp\/v2\/types\/product"}],"wp:featuredmedia":[{"embeddable":true,"href":"https:\/\/hubsch-interior.com\/da\/wp-json\/wp\/v2\/media\/1093858"}],"wp:attachment":[{"href":"https:\/\/hubsch-interior.com\/da\/wp-json\/wp\/v2\/media?parent=975055"}],"wp:term":[{"taxonomy":"product_brand","embeddable":true,"href":"https:\/\/hubsch-interior.com\/da\/wp-json\/wp\/v2\/product_brand?post=975055"},{"taxonomy":"product_cat","embeddable":true,"href":"https:\/\/hubsch-interior.com\/da\/wp-json\/wp\/v2\/product_cat?post=975055"},{"taxonomy":"product_tag","embeddable":true,"href":"https:\/\/hubsch-interior.com\/da\/wp-json\/wp\/v2\/product_tag?post=975055"}],"curies":[{"name":"wp","href":"https:\/\/api.w.org\/{rel}","templated":true}]}}