{"id":975079,"date":"2024-01-29T08:25:49","date_gmt":"2024-01-29T07:25:49","guid":{"rendered":"https:\/\/hubsch-interior.com\/product\/product\/"},"modified":"2026-04-05T04:19:44","modified_gmt":"2026-04-05T02:19:44","slug":"sola-pude-gron-gra","status":"publish","type":"product","link":"https:\/\/hubsch-interior.com\/da\/vare\/sola-pude-gron-gra\/","title":{"rendered":"Sola Pude Gr\u00f8n\/Gr\u00e5"},"content":{"rendered":"<p>Oplev komforten og dekorative nuancer fra Sola Puden i gr\u00f8n\/gr\u00e5. Denne OEKO-TEX\u00ae STANDARD 100 certificerede pude er fremstillet i bl\u00f8dt polyester, som forvandler ethvert rum til et hyggeligt fristed. Ved f\u00f8rste \u00f8jekast ser puden ensfarvet ud, men n\u00e5r man kommer n\u00e6rmere afsl\u00f8res et spil af farver, der skaber en unik og livlig effekt. Fyld dit hjem med denne bl\u00f8de og hyggelige pude, der findes i to forskellige varianter.<\/p>\n","protected":false},"excerpt":{"rendered":"<p>Oplev komforten og dekorative nuancer fra Sola Puden i gr\u00f8n\/gr\u00e5. Denne OEKO-TEX\u00ae STANDARD 100 certificerede pude er fremstillet i bl\u00f8dt polyester, som forvandler ethvert rum til et hyggeligt fristed. Ved f\u00f8rste \u00f8jekast ser puden ensfarvet ud, men n\u00e5r man kommer n\u00e6rmere afsl\u00f8res et spil af farver, der skaber en unik og livlig effekt. Fyld dit [&hellip;]<\/p>\n","protected":false},"featured_media":1093878,"template":"","meta":{"_acf_changed":false,"inline_featured_image":false},"product_brand":[],"product_cat":[6880,3000,3001,5025],"product_tag":[],"class_list":{"0":"post-975079","1":"product","2":"type-product","3":"status-publish","4":"has-post-thumbnail","6":"product_cat-elevating-nostalgia-da","7":"product_cat-tekstiler","8":"product_cat-puder-da","9":"product_cat-bestsellers-da","10":"product_shipping_class-pk","12":"pa_color-gr","13":"pa_color-grn","14":"pa_material-polyester-100-da","16":"first","17":"instock","18":"featured","19":"taxable","20":"shipping-taxable","21":"purchasable","22":"product-type-simple"},"exclude_global_add_ons":[],"addons":[],"acf":[],"yoast_head":"<!-- This site is optimized with the Yoast SEO plugin v26.4 - https:\/\/yoast.com\/wordpress\/plugins\/seo\/ -->\n<title>Sola Pude Gr\u00f8n\/Gr\u00e5 - H\u00fcbsch<\/title>\n<meta name=\"description\" content=\"Oplev komforten og dekorative nuancer fra Sola Puden i gr\u00f8n\/gr\u00e5. Denne OEKO-TEX\u00ae STANDARD 100 certificerede pude er fremstillet i bl\u00f8dt polyester, som\" \/>\n<meta name=\"robots\" content=\"index, follow, max-snippet:-1, max-image-preview:large, max-video-preview:-1\" \/>\n<link rel=\"canonical\" href=\"https:\/\/hubsch-interior.com\/da\/wp-json\/wp\/v2\/product\/975079\" \/>\n<meta property=\"og:locale\" content=\"da_DK\" \/>\n<meta property=\"og:type\" content=\"article\" \/>\n<meta property=\"og:title\" content=\"Sola Pude Gr\u00f8n\/Gr\u00e5 - H\u00fcbsch\" \/>\n<meta property=\"og:description\" content=\"Oplev komforten og dekorative nuancer fra Sola Puden i gr\u00f8n\/gr\u00e5. Denne OEKO-TEX\u00ae STANDARD 100 certificerede pude er fremstillet i bl\u00f8dt polyester, som\" \/>\n<meta property=\"og:url\" content=\"https:\/\/hubsch-interior.com\/da\/vare\/sola-pude-gron-gra\/\" \/>\n<meta property=\"og:site_name\" content=\"H\u00fcbsch\" \/>\n<meta property=\"article:modified_time\" content=\"2026-04-05T02:19:44+00:00\" \/>\n<meta property=\"og:image\" content=\"https:\/\/hubsch-interior.com\/wp-content\/uploads\/2026\/02\/sola-cushion-greengrey-d22f8fef845904f75e338f9dcc5fa868.jpg\" \/>\n\t<meta property=\"og:image:width\" content=\"1024\" \/>\n\t<meta property=\"og:image:height\" content=\"1024\" \/>\n\t<meta property=\"og:image:type\" content=\"image\/jpeg\" \/>\n<meta name=\"twitter:card\" content=\"summary_large_image\" \/>\n<script type=\"application\/ld+json\" class=\"yoast-schema-graph\">{\"@context\":\"https:\/\/schema.org\",\"@graph\":[{\"@type\":\"WebPage\",\"@id\":\"https:\/\/hubsch-interior.com\/da\/vare\/sola-pude-gron-gra\/\",\"url\":\"https:\/\/hubsch-interior.com\/da\/vare\/sola-pude-gron-gra\/\",\"name\":\"Sola Pude Gr\u00f8n\/Gr\u00e5 - H\u00fcbsch\",\"isPartOf\":{\"@id\":\"https:\/\/hubsch-interior.com\/da\/#website\"},\"primaryImageOfPage\":{\"@id\":\"https:\/\/hubsch-interior.com\/da\/vare\/sola-pude-gron-gra\/#primaryimage\"},\"image\":{\"@id\":\"https:\/\/hubsch-interior.com\/da\/vare\/sola-pude-gron-gra\/#primaryimage\"},\"thumbnailUrl\":\"https:\/\/hubsch-interior.com\/wp-content\/uploads\/2026\/02\/sola-cushion-greengrey-d22f8fef845904f75e338f9dcc5fa868.jpg\",\"datePublished\":\"2024-01-29T07:25:49+00:00\",\"dateModified\":\"2026-04-05T02:19:44+00:00\",\"description\":\"Oplev komforten og dekorative nuancer fra Sola Puden i gr\u00f8n\/gr\u00e5. Denne OEKO-TEX\u00ae STANDARD 100 certificerede pude er fremstillet i bl\u00f8dt polyester, som\",\"breadcrumb\":{\"@id\":\"https:\/\/hubsch-interior.com\/da\/vare\/sola-pude-gron-gra\/#breadcrumb\"},\"inLanguage\":\"da-DK\",\"potentialAction\":[{\"@type\":\"ReadAction\",\"target\":[\"https:\/\/hubsch-interior.com\/da\/vare\/sola-pude-gron-gra\/\"]}]},{\"@type\":\"ImageObject\",\"inLanguage\":\"da-DK\",\"@id\":\"https:\/\/hubsch-interior.com\/da\/vare\/sola-pude-gron-gra\/#primaryimage\",\"url\":\"https:\/\/hubsch-interior.com\/wp-content\/uploads\/2026\/02\/sola-cushion-greengrey-d22f8fef845904f75e338f9dcc5fa868.jpg\",\"contentUrl\":\"https:\/\/hubsch-interior.com\/wp-content\/uploads\/2026\/02\/sola-cushion-greengrey-d22f8fef845904f75e338f9dcc5fa868.jpg\",\"width\":1024,\"height\":1024},{\"@type\":\"BreadcrumbList\",\"@id\":\"https:\/\/hubsch-interior.com\/da\/vare\/sola-pude-gron-gra\/#breadcrumb\",\"itemListElement\":[{\"@type\":\"ListItem\",\"position\":1,\"name\":\"Forside\",\"item\":\"https:\/\/hubsch-interior.com\/da\/\"},{\"@type\":\"ListItem\",\"position\":2,\"name\":\"Produkter\",\"item\":\"https:\/\/hubsch-interior.com\/da\/produkter\/\"},{\"@type\":\"ListItem\",\"position\":3,\"name\":\"Tekstiler\",\"item\":\"https:\/\/hubsch-interior.com\/da\/vare-kategori\/tekstiler\/\"},{\"@type\":\"ListItem\",\"position\":4,\"name\":\"Puder\",\"item\":\"https:\/\/hubsch-interior.com\/da\/vare-kategori\/tekstiler\/puder-da\/\"},{\"@type\":\"ListItem\",\"position\":5,\"name\":\"Sola Pude Gr\u00f8n\/Gr\u00e5\"}]},{\"@type\":\"WebSite\",\"@id\":\"https:\/\/hubsch-interior.com\/da\/#website\",\"url\":\"https:\/\/hubsch-interior.com\/da\/\",\"name\":\"H\u00fcbsch\",\"description\":\"Danish Home Interior and Design\",\"publisher\":{\"@id\":\"https:\/\/hubsch-interior.com\/da\/#organization\"},\"potentialAction\":[{\"@type\":\"SearchAction\",\"target\":{\"@type\":\"EntryPoint\",\"urlTemplate\":\"https:\/\/hubsch-interior.com\/da\/?s={search_term_string}\"},\"query-input\":{\"@type\":\"PropertyValueSpecification\",\"valueRequired\":true,\"valueName\":\"search_term_string\"}}],\"inLanguage\":\"da-DK\"},{\"@type\":\"Organization\",\"@id\":\"https:\/\/hubsch-interior.com\/da\/#organization\",\"name\":\"H\u00fcbsch\",\"url\":\"https:\/\/hubsch-interior.com\/da\/\",\"logo\":{\"@type\":\"ImageObject\",\"inLanguage\":\"da-DK\",\"@id\":\"https:\/\/hubsch-interior.com\/da\/#\/schema\/logo\/image\/\",\"url\":\"https:\/\/hubsch-interior.com\/wp-content\/uploads\/2022\/12\/Hubsch_logo_black_one_line.svg\",\"contentUrl\":\"https:\/\/hubsch-interior.com\/wp-content\/uploads\/2022\/12\/Hubsch_logo_black_one_line.svg\",\"caption\":\"H\u00fcbsch\"},\"image\":{\"@id\":\"https:\/\/hubsch-interior.com\/da\/#\/schema\/logo\/image\/\"}}]}<\/script>\n<!-- \/ Yoast SEO plugin. -->","yoast_head_json":{"title":"Sola Pude Gr\u00f8n\/Gr\u00e5 - H\u00fcbsch","description":"Oplev komforten og dekorative nuancer fra Sola Puden i gr\u00f8n\/gr\u00e5. Denne OEKO-TEX\u00ae STANDARD 100 certificerede pude er fremstillet i bl\u00f8dt polyester, som","robots":{"index":"index","follow":"follow","max-snippet":"max-snippet:-1","max-image-preview":"max-image-preview:large","max-video-preview":"max-video-preview:-1"},"canonical":"https:\/\/hubsch-interior.com\/da\/wp-json\/wp\/v2\/product\/975079","og_locale":"da_DK","og_type":"article","og_title":"Sola Pude Gr\u00f8n\/Gr\u00e5 - H\u00fcbsch","og_description":"Oplev komforten og dekorative nuancer fra Sola Puden i gr\u00f8n\/gr\u00e5. Denne OEKO-TEX\u00ae STANDARD 100 certificerede pude er fremstillet i bl\u00f8dt polyester, som","og_url":"https:\/\/hubsch-interior.com\/da\/vare\/sola-pude-gron-gra\/","og_site_name":"H\u00fcbsch","article_modified_time":"2026-04-05T02:19:44+00:00","og_image":[{"width":1024,"height":1024,"url":"https:\/\/hubsch-interior.com\/wp-content\/uploads\/2026\/02\/sola-cushion-greengrey-d22f8fef845904f75e338f9dcc5fa868.jpg","type":"image\/jpeg"}],"twitter_card":"summary_large_image","schema":{"@context":"https:\/\/schema.org","@graph":[{"@type":"WebPage","@id":"https:\/\/hubsch-interior.com\/da\/vare\/sola-pude-gron-gra\/","url":"https:\/\/hubsch-interior.com\/da\/vare\/sola-pude-gron-gra\/","name":"Sola Pude Gr\u00f8n\/Gr\u00e5 - H\u00fcbsch","isPartOf":{"@id":"https:\/\/hubsch-interior.com\/da\/#website"},"primaryImageOfPage":{"@id":"https:\/\/hubsch-interior.com\/da\/vare\/sola-pude-gron-gra\/#primaryimage"},"image":{"@id":"https:\/\/hubsch-interior.com\/da\/vare\/sola-pude-gron-gra\/#primaryimage"},"thumbnailUrl":"https:\/\/hubsch-interior.com\/wp-content\/uploads\/2026\/02\/sola-cushion-greengrey-d22f8fef845904f75e338f9dcc5fa868.jpg","datePublished":"2024-01-29T07:25:49+00:00","dateModified":"2026-04-05T02:19:44+00:00","description":"Oplev komforten og dekorative nuancer fra Sola Puden i gr\u00f8n\/gr\u00e5. Denne OEKO-TEX\u00ae STANDARD 100 certificerede pude er fremstillet i bl\u00f8dt polyester, som","breadcrumb":{"@id":"https:\/\/hubsch-interior.com\/da\/vare\/sola-pude-gron-gra\/#breadcrumb"},"inLanguage":"da-DK","potentialAction":[{"@type":"ReadAction","target":["https:\/\/hubsch-interior.com\/da\/vare\/sola-pude-gron-gra\/"]}]},{"@type":"ImageObject","inLanguage":"da-DK","@id":"https:\/\/hubsch-interior.com\/da\/vare\/sola-pude-gron-gra\/#primaryimage","url":"https:\/\/hubsch-interior.com\/wp-content\/uploads\/2026\/02\/sola-cushion-greengrey-d22f8fef845904f75e338f9dcc5fa868.jpg","contentUrl":"https:\/\/hubsch-interior.com\/wp-content\/uploads\/2026\/02\/sola-cushion-greengrey-d22f8fef845904f75e338f9dcc5fa868.jpg","width":1024,"height":1024},{"@type":"BreadcrumbList","@id":"https:\/\/hubsch-interior.com\/da\/vare\/sola-pude-gron-gra\/#breadcrumb","itemListElement":[{"@type":"ListItem","position":1,"name":"Forside","item":"https:\/\/hubsch-interior.com\/da\/"},{"@type":"ListItem","position":2,"name":"Produkter","item":"https:\/\/hubsch-interior.com\/da\/produkter\/"},{"@type":"ListItem","position":3,"name":"Tekstiler","item":"https:\/\/hubsch-interior.com\/da\/vare-kategori\/tekstiler\/"},{"@type":"ListItem","position":4,"name":"Puder","item":"https:\/\/hubsch-interior.com\/da\/vare-kategori\/tekstiler\/puder-da\/"},{"@type":"ListItem","position":5,"name":"Sola Pude Gr\u00f8n\/Gr\u00e5"}]},{"@type":"WebSite","@id":"https:\/\/hubsch-interior.com\/da\/#website","url":"https:\/\/hubsch-interior.com\/da\/","name":"H\u00fcbsch","description":"Danish Home Interior and Design","publisher":{"@id":"https:\/\/hubsch-interior.com\/da\/#organization"},"potentialAction":[{"@type":"SearchAction","target":{"@type":"EntryPoint","urlTemplate":"https:\/\/hubsch-interior.com\/da\/?s={search_term_string}"},"query-input":{"@type":"PropertyValueSpecification","valueRequired":true,"valueName":"search_term_string"}}],"inLanguage":"da-DK"},{"@type":"Organization","@id":"https:\/\/hubsch-interior.com\/da\/#organization","name":"H\u00fcbsch","url":"https:\/\/hubsch-interior.com\/da\/","logo":{"@type":"ImageObject","inLanguage":"da-DK","@id":"https:\/\/hubsch-interior.com\/da\/#\/schema\/logo\/image\/","url":"https:\/\/hubsch-interior.com\/wp-content\/uploads\/2022\/12\/Hubsch_logo_black_one_line.svg","contentUrl":"https:\/\/hubsch-interior.com\/wp-content\/uploads\/2022\/12\/Hubsch_logo_black_one_line.svg","caption":"H\u00fcbsch"},"image":{"@id":"https:\/\/hubsch-interior.com\/da\/#\/schema\/logo\/image\/"}}]}},"_links":{"self":[{"href":"https:\/\/hubsch-interior.com\/da\/wp-json\/wp\/v2\/product\/975079","targetHints":{"allow":["GET"]}}],"collection":[{"href":"https:\/\/hubsch-interior.com\/da\/wp-json\/wp\/v2\/product"}],"about":[{"href":"https:\/\/hubsch-interior.com\/da\/wp-json\/wp\/v2\/types\/product"}],"wp:featuredmedia":[{"embeddable":true,"href":"https:\/\/hubsch-interior.com\/da\/wp-json\/wp\/v2\/media\/1093878"}],"wp:attachment":[{"href":"https:\/\/hubsch-interior.com\/da\/wp-json\/wp\/v2\/media?parent=975079"}],"wp:term":[{"taxonomy":"product_brand","embeddable":true,"href":"https:\/\/hubsch-interior.com\/da\/wp-json\/wp\/v2\/product_brand?post=975079"},{"taxonomy":"product_cat","embeddable":true,"href":"https:\/\/hubsch-interior.com\/da\/wp-json\/wp\/v2\/product_cat?post=975079"},{"taxonomy":"product_tag","embeddable":true,"href":"https:\/\/hubsch-interior.com\/da\/wp-json\/wp\/v2\/product_tag?post=975079"}],"curies":[{"name":"wp","href":"https:\/\/api.w.org\/{rel}","templated":true}]}}