{"id":975143,"date":"2024-01-29T08:26:18","date_gmt":"2024-01-29T07:26:18","guid":{"rendered":"https:\/\/hubsch-interior.com\/product\/product\/"},"modified":"2026-04-09T04:19:53","modified_gmt":"2026-04-09T02:19:53","slug":"brick-lysestage-gron","status":"publish","type":"product","link":"https:\/\/hubsch-interior.com\/da\/vare\/brick-lysestage-gron\/","title":{"rendered":"Brick Lysestage Gr\u00f8n"},"content":{"rendered":"<p>Skab et unikt og moderne udtryk i dit hjem med Brick Lysestage i gr\u00f8n marmor. Denne stilfulde lysestage er designet til at bygge modul\u00e6rt, s\u00e5 du kan skabe din helt egen lysestage. Brug den som en enkeltst\u00e5ende lysestage eller sammens\u00e6t den med flere for et unikt udtryk. Marmor giver et tidl\u00f8st og elegant udseende, mens det &#8216;stackbare&#8217; design tilf\u00f8jer en moderne \u00e6stetik. Udover gr\u00f8n findes Brick Lysestage ogs\u00e5 i andre farvevarianter, s\u00e5 du kan finde den perfekte farve til dit hjem. Ideal til at skabe personlig stemning og unik indretning.<\/p>\n","protected":false},"excerpt":{"rendered":"<p>Skab et unikt og moderne udtryk i dit hjem med Brick Lysestage i gr\u00f8n marmor. Denne stilfulde lysestage er designet til at bygge modul\u00e6rt, s\u00e5 du kan skabe din helt egen lysestage. Brug den som en enkeltst\u00e5ende lysestage eller sammens\u00e6t den med flere for et unikt udtryk. Marmor giver et tidl\u00f8st og elegant udseende, mens [&hellip;]<\/p>\n","protected":false},"featured_media":1093930,"template":"","meta":{"_acf_changed":false,"inline_featured_image":false},"product_brand":[],"product_cat":[6880,4063,4064],"product_tag":[],"class_list":{"0":"post-975143","1":"product","2":"type-product","3":"status-publish","4":"has-post-thumbnail","6":"product_cat-elevating-nostalgia-da","7":"product_cat-lysestager-lanterner-da","8":"product_cat-lysestager-da","9":"product_shipping_class-pk","11":"pa_color-grn","12":"pa_material-marmor-da","14":"first","15":"instock","16":"taxable","17":"shipping-taxable","18":"purchasable","19":"product-type-simple"},"exclude_global_add_ons":[],"addons":[],"acf":[],"yoast_head":"<!-- This site is optimized with the Yoast SEO plugin v26.4 - https:\/\/yoast.com\/wordpress\/plugins\/seo\/ -->\n<title>Brick Lysestage Gr\u00f8n - H\u00fcbsch<\/title>\n<meta name=\"description\" content=\"Skab et unikt og moderne udtryk i dit hjem med Brick Lysestage i gr\u00f8n marmor. Denne stilfulde lysestage er designet til at bygge modul\u00e6rt, s\u00e5 du kan skabe\" \/>\n<meta name=\"robots\" content=\"index, follow, max-snippet:-1, max-image-preview:large, max-video-preview:-1\" \/>\n<link rel=\"canonical\" href=\"https:\/\/hubsch-interior.com\/da\/wp-json\/wp\/v2\/product\/975143\" \/>\n<meta property=\"og:locale\" content=\"da_DK\" \/>\n<meta property=\"og:type\" content=\"article\" \/>\n<meta property=\"og:title\" content=\"Brick Lysestage Gr\u00f8n - H\u00fcbsch\" \/>\n<meta property=\"og:description\" content=\"Skab et unikt og moderne udtryk i dit hjem med Brick Lysestage i gr\u00f8n marmor. Denne stilfulde lysestage er designet til at bygge modul\u00e6rt, s\u00e5 du kan skabe\" \/>\n<meta property=\"og:url\" content=\"https:\/\/hubsch-interior.com\/da\/vare\/brick-lysestage-gron\/\" \/>\n<meta property=\"og:site_name\" content=\"H\u00fcbsch\" \/>\n<meta property=\"article:modified_time\" content=\"2026-04-09T02:19:53+00:00\" \/>\n<meta property=\"og:image\" content=\"https:\/\/hubsch-interior.com\/wp-content\/uploads\/2025\/04\/brick-candleholder-green-79e2122c0f4acdf7e7e0bcc096e201ed.jpg\" \/>\n\t<meta property=\"og:image:width\" content=\"1200\" \/>\n\t<meta property=\"og:image:height\" content=\"1200\" \/>\n\t<meta property=\"og:image:type\" content=\"image\/jpeg\" \/>\n<meta name=\"twitter:card\" content=\"summary_large_image\" \/>\n<script type=\"application\/ld+json\" class=\"yoast-schema-graph\">{\"@context\":\"https:\/\/schema.org\",\"@graph\":[{\"@type\":\"WebPage\",\"@id\":\"https:\/\/hubsch-interior.com\/da\/vare\/brick-lysestage-gron\/\",\"url\":\"https:\/\/hubsch-interior.com\/da\/vare\/brick-lysestage-gron\/\",\"name\":\"Brick Lysestage Gr\u00f8n - H\u00fcbsch\",\"isPartOf\":{\"@id\":\"https:\/\/hubsch-interior.com\/da\/#website\"},\"primaryImageOfPage\":{\"@id\":\"https:\/\/hubsch-interior.com\/da\/vare\/brick-lysestage-gron\/#primaryimage\"},\"image\":{\"@id\":\"https:\/\/hubsch-interior.com\/da\/vare\/brick-lysestage-gron\/#primaryimage\"},\"thumbnailUrl\":\"https:\/\/hubsch-interior.com\/wp-content\/uploads\/2026\/02\/brick-candleholder-green-9cee6c151baa07caf9376622910b0e16.jpg\",\"datePublished\":\"2024-01-29T07:26:18+00:00\",\"dateModified\":\"2026-04-09T02:19:53+00:00\",\"description\":\"Skab et unikt og moderne udtryk i dit hjem med Brick Lysestage i gr\u00f8n marmor. Denne stilfulde lysestage er designet til at bygge modul\u00e6rt, s\u00e5 du kan skabe\",\"breadcrumb\":{\"@id\":\"https:\/\/hubsch-interior.com\/da\/vare\/brick-lysestage-gron\/#breadcrumb\"},\"inLanguage\":\"da-DK\",\"potentialAction\":[{\"@type\":\"ReadAction\",\"target\":[\"https:\/\/hubsch-interior.com\/da\/vare\/brick-lysestage-gron\/\"]}]},{\"@type\":\"ImageObject\",\"inLanguage\":\"da-DK\",\"@id\":\"https:\/\/hubsch-interior.com\/da\/vare\/brick-lysestage-gron\/#primaryimage\",\"url\":\"https:\/\/hubsch-interior.com\/wp-content\/uploads\/2026\/02\/brick-candleholder-green-9cee6c151baa07caf9376622910b0e16.jpg\",\"contentUrl\":\"https:\/\/hubsch-interior.com\/wp-content\/uploads\/2026\/02\/brick-candleholder-green-9cee6c151baa07caf9376622910b0e16.jpg\",\"width\":1024,\"height\":1024},{\"@type\":\"BreadcrumbList\",\"@id\":\"https:\/\/hubsch-interior.com\/da\/vare\/brick-lysestage-gron\/#breadcrumb\",\"itemListElement\":[{\"@type\":\"ListItem\",\"position\":1,\"name\":\"Forside\",\"item\":\"https:\/\/hubsch-interior.com\/da\/\"},{\"@type\":\"ListItem\",\"position\":2,\"name\":\"Produkter\",\"item\":\"https:\/\/hubsch-interior.com\/da\/produkter\/\"},{\"@type\":\"ListItem\",\"position\":3,\"name\":\"Boligtilbeh\u00f8r\",\"item\":\"https:\/\/hubsch-interior.com\/da\/vare-kategori\/boligtilbehor\/\"},{\"@type\":\"ListItem\",\"position\":4,\"name\":\"Lysestager &amp; Lanterner\",\"item\":\"https:\/\/hubsch-interior.com\/da\/vare-kategori\/boligtilbehor\/lysestager-lanterner-da\/\"},{\"@type\":\"ListItem\",\"position\":5,\"name\":\"Lysestager\",\"item\":\"https:\/\/hubsch-interior.com\/da\/vare-kategori\/boligtilbehor\/lysestager-lanterner-da\/lysestager-da\/\"},{\"@type\":\"ListItem\",\"position\":6,\"name\":\"Brick Lysestage Gr\u00f8n\"}]},{\"@type\":\"WebSite\",\"@id\":\"https:\/\/hubsch-interior.com\/da\/#website\",\"url\":\"https:\/\/hubsch-interior.com\/da\/\",\"name\":\"H\u00fcbsch\",\"description\":\"Danish Home Interior and Design\",\"publisher\":{\"@id\":\"https:\/\/hubsch-interior.com\/da\/#organization\"},\"potentialAction\":[{\"@type\":\"SearchAction\",\"target\":{\"@type\":\"EntryPoint\",\"urlTemplate\":\"https:\/\/hubsch-interior.com\/da\/?s={search_term_string}\"},\"query-input\":{\"@type\":\"PropertyValueSpecification\",\"valueRequired\":true,\"valueName\":\"search_term_string\"}}],\"inLanguage\":\"da-DK\"},{\"@type\":\"Organization\",\"@id\":\"https:\/\/hubsch-interior.com\/da\/#organization\",\"name\":\"H\u00fcbsch\",\"url\":\"https:\/\/hubsch-interior.com\/da\/\",\"logo\":{\"@type\":\"ImageObject\",\"inLanguage\":\"da-DK\",\"@id\":\"https:\/\/hubsch-interior.com\/da\/#\/schema\/logo\/image\/\",\"url\":\"https:\/\/hubsch-interior.com\/wp-content\/uploads\/2022\/12\/Hubsch_logo_black_one_line.svg\",\"contentUrl\":\"https:\/\/hubsch-interior.com\/wp-content\/uploads\/2022\/12\/Hubsch_logo_black_one_line.svg\",\"caption\":\"H\u00fcbsch\"},\"image\":{\"@id\":\"https:\/\/hubsch-interior.com\/da\/#\/schema\/logo\/image\/\"}}]}<\/script>\n<!-- \/ Yoast SEO plugin. -->","yoast_head_json":{"title":"Brick Lysestage Gr\u00f8n - H\u00fcbsch","description":"Skab et unikt og moderne udtryk i dit hjem med Brick Lysestage i gr\u00f8n marmor. Denne stilfulde lysestage er designet til at bygge modul\u00e6rt, s\u00e5 du kan skabe","robots":{"index":"index","follow":"follow","max-snippet":"max-snippet:-1","max-image-preview":"max-image-preview:large","max-video-preview":"max-video-preview:-1"},"canonical":"https:\/\/hubsch-interior.com\/da\/wp-json\/wp\/v2\/product\/975143","og_locale":"da_DK","og_type":"article","og_title":"Brick Lysestage Gr\u00f8n - H\u00fcbsch","og_description":"Skab et unikt og moderne udtryk i dit hjem med Brick Lysestage i gr\u00f8n marmor. Denne stilfulde lysestage er designet til at bygge modul\u00e6rt, s\u00e5 du kan skabe","og_url":"https:\/\/hubsch-interior.com\/da\/vare\/brick-lysestage-gron\/","og_site_name":"H\u00fcbsch","article_modified_time":"2026-04-09T02:19:53+00:00","og_image":[{"width":1200,"height":1200,"url":"https:\/\/hubsch-interior.com\/wp-content\/uploads\/2025\/04\/brick-candleholder-green-79e2122c0f4acdf7e7e0bcc096e201ed.jpg","type":"image\/jpeg"}],"twitter_card":"summary_large_image","schema":{"@context":"https:\/\/schema.org","@graph":[{"@type":"WebPage","@id":"https:\/\/hubsch-interior.com\/da\/vare\/brick-lysestage-gron\/","url":"https:\/\/hubsch-interior.com\/da\/vare\/brick-lysestage-gron\/","name":"Brick Lysestage Gr\u00f8n - H\u00fcbsch","isPartOf":{"@id":"https:\/\/hubsch-interior.com\/da\/#website"},"primaryImageOfPage":{"@id":"https:\/\/hubsch-interior.com\/da\/vare\/brick-lysestage-gron\/#primaryimage"},"image":{"@id":"https:\/\/hubsch-interior.com\/da\/vare\/brick-lysestage-gron\/#primaryimage"},"thumbnailUrl":"https:\/\/hubsch-interior.com\/wp-content\/uploads\/2026\/02\/brick-candleholder-green-9cee6c151baa07caf9376622910b0e16.jpg","datePublished":"2024-01-29T07:26:18+00:00","dateModified":"2026-04-09T02:19:53+00:00","description":"Skab et unikt og moderne udtryk i dit hjem med Brick Lysestage i gr\u00f8n marmor. Denne stilfulde lysestage er designet til at bygge modul\u00e6rt, s\u00e5 du kan skabe","breadcrumb":{"@id":"https:\/\/hubsch-interior.com\/da\/vare\/brick-lysestage-gron\/#breadcrumb"},"inLanguage":"da-DK","potentialAction":[{"@type":"ReadAction","target":["https:\/\/hubsch-interior.com\/da\/vare\/brick-lysestage-gron\/"]}]},{"@type":"ImageObject","inLanguage":"da-DK","@id":"https:\/\/hubsch-interior.com\/da\/vare\/brick-lysestage-gron\/#primaryimage","url":"https:\/\/hubsch-interior.com\/wp-content\/uploads\/2026\/02\/brick-candleholder-green-9cee6c151baa07caf9376622910b0e16.jpg","contentUrl":"https:\/\/hubsch-interior.com\/wp-content\/uploads\/2026\/02\/brick-candleholder-green-9cee6c151baa07caf9376622910b0e16.jpg","width":1024,"height":1024},{"@type":"BreadcrumbList","@id":"https:\/\/hubsch-interior.com\/da\/vare\/brick-lysestage-gron\/#breadcrumb","itemListElement":[{"@type":"ListItem","position":1,"name":"Forside","item":"https:\/\/hubsch-interior.com\/da\/"},{"@type":"ListItem","position":2,"name":"Produkter","item":"https:\/\/hubsch-interior.com\/da\/produkter\/"},{"@type":"ListItem","position":3,"name":"Boligtilbeh\u00f8r","item":"https:\/\/hubsch-interior.com\/da\/vare-kategori\/boligtilbehor\/"},{"@type":"ListItem","position":4,"name":"Lysestager &amp; Lanterner","item":"https:\/\/hubsch-interior.com\/da\/vare-kategori\/boligtilbehor\/lysestager-lanterner-da\/"},{"@type":"ListItem","position":5,"name":"Lysestager","item":"https:\/\/hubsch-interior.com\/da\/vare-kategori\/boligtilbehor\/lysestager-lanterner-da\/lysestager-da\/"},{"@type":"ListItem","position":6,"name":"Brick Lysestage Gr\u00f8n"}]},{"@type":"WebSite","@id":"https:\/\/hubsch-interior.com\/da\/#website","url":"https:\/\/hubsch-interior.com\/da\/","name":"H\u00fcbsch","description":"Danish Home Interior and Design","publisher":{"@id":"https:\/\/hubsch-interior.com\/da\/#organization"},"potentialAction":[{"@type":"SearchAction","target":{"@type":"EntryPoint","urlTemplate":"https:\/\/hubsch-interior.com\/da\/?s={search_term_string}"},"query-input":{"@type":"PropertyValueSpecification","valueRequired":true,"valueName":"search_term_string"}}],"inLanguage":"da-DK"},{"@type":"Organization","@id":"https:\/\/hubsch-interior.com\/da\/#organization","name":"H\u00fcbsch","url":"https:\/\/hubsch-interior.com\/da\/","logo":{"@type":"ImageObject","inLanguage":"da-DK","@id":"https:\/\/hubsch-interior.com\/da\/#\/schema\/logo\/image\/","url":"https:\/\/hubsch-interior.com\/wp-content\/uploads\/2022\/12\/Hubsch_logo_black_one_line.svg","contentUrl":"https:\/\/hubsch-interior.com\/wp-content\/uploads\/2022\/12\/Hubsch_logo_black_one_line.svg","caption":"H\u00fcbsch"},"image":{"@id":"https:\/\/hubsch-interior.com\/da\/#\/schema\/logo\/image\/"}}]}},"_links":{"self":[{"href":"https:\/\/hubsch-interior.com\/da\/wp-json\/wp\/v2\/product\/975143","targetHints":{"allow":["GET"]}}],"collection":[{"href":"https:\/\/hubsch-interior.com\/da\/wp-json\/wp\/v2\/product"}],"about":[{"href":"https:\/\/hubsch-interior.com\/da\/wp-json\/wp\/v2\/types\/product"}],"wp:featuredmedia":[{"embeddable":true,"href":"https:\/\/hubsch-interior.com\/da\/wp-json\/wp\/v2\/media\/1093930"}],"wp:attachment":[{"href":"https:\/\/hubsch-interior.com\/da\/wp-json\/wp\/v2\/media?parent=975143"}],"wp:term":[{"taxonomy":"product_brand","embeddable":true,"href":"https:\/\/hubsch-interior.com\/da\/wp-json\/wp\/v2\/product_brand?post=975143"},{"taxonomy":"product_cat","embeddable":true,"href":"https:\/\/hubsch-interior.com\/da\/wp-json\/wp\/v2\/product_cat?post=975143"},{"taxonomy":"product_tag","embeddable":true,"href":"https:\/\/hubsch-interior.com\/da\/wp-json\/wp\/v2\/product_tag?post=975143"}],"curies":[{"name":"wp","href":"https:\/\/api.w.org\/{rel}","templated":true}]}}