{"id":975203,"date":"2024-01-29T08:26:50","date_gmt":"2024-01-29T07:26:50","guid":{"rendered":"https:\/\/hubsch-interior.com\/product\/product\/"},"modified":"2026-04-09T04:19:57","modified_gmt":"2026-04-09T02:19:57","slug":"moment-puf-gra","status":"publish","type":"product","link":"https:\/\/hubsch-interior.com\/da\/vare\/moment-puf-gra\/","title":{"rendered":"Moment Puf Gr\u00e5"},"content":{"rendered":"<p>Moment Puf er den perfekte tilf\u00f8jelse til din Moment sofa. Denne gr\u00e5 puf er lavet af FSC-certificeret egetr\u00e6 og OEKO-TEX\u00ae STANDARD 100 certificeret polyester, hvilket sikrer et b\u00e6redygtigt og milj\u00f8venligt produkt. Brug den sammen med Moment Sofa for at skabe et modulopbygget lounge omr\u00e5de, eller brug den separat som en ekstra siddeplads. Den kompakte st\u00f8rrelse g\u00f8r den ideel til mindre rum, og det tidl\u00f8se og elegante design passer godt ind i enhver indretning. <\/p>\n","protected":false},"excerpt":{"rendered":"<p>Moment Puf er den perfekte tilf\u00f8jelse til din Moment sofa. Denne gr\u00e5 puf er lavet af FSC-certificeret egetr\u00e6 og OEKO-TEX\u00ae STANDARD 100 certificeret polyester, hvilket sikrer et b\u00e6redygtigt og milj\u00f8venligt produkt. Brug den sammen med Moment Sofa for at skabe et modulopbygget lounge omr\u00e5de, eller brug den separat som en ekstra siddeplads. Den kompakte st\u00f8rrelse [&hellip;]<\/p>\n","protected":false},"featured_media":1093950,"template":"","meta":{"_acf_changed":false,"inline_featured_image":false},"product_brand":[],"product_cat":[6880,6321,2841,5456],"product_tag":[],"class_list":{"0":"post-975203","1":"product","2":"type-product","3":"status-publish","4":"has-post-thumbnail","6":"product_cat-elevating-nostalgia-da","7":"product_cat-fsc-da","8":"product_cat-siddemoebler-da","9":"product_cat-puffer-da","10":"product_shipping_class-p05","12":"pa_color-gr","13":"pa_material-polyester-100-da","14":"pa_material-egetr","16":"first","17":"instock","18":"taxable","19":"shipping-taxable","20":"purchasable","21":"product-type-simple"},"exclude_global_add_ons":[],"addons":[],"acf":[],"yoast_head":"<!-- This site is optimized with the Yoast SEO plugin v26.4 - https:\/\/yoast.com\/wordpress\/plugins\/seo\/ -->\n<title>Moment Puf Gr\u00e5 - H\u00fcbsch<\/title>\n<meta name=\"description\" content=\"Moment Puf er den perfekte tilf\u00f8jelse til din Moment sofa. Denne gr\u00e5 puf er lavet af FSC-certificeret egetr\u00e6 og OEKO-TEX\u00ae STANDARD 100 certificeret\" \/>\n<meta name=\"robots\" content=\"index, follow, max-snippet:-1, max-image-preview:large, max-video-preview:-1\" \/>\n<link rel=\"canonical\" href=\"https:\/\/hubsch-interior.com\/da\/wp-json\/wp\/v2\/product\/975203\" \/>\n<meta property=\"og:locale\" content=\"da_DK\" \/>\n<meta property=\"og:type\" content=\"article\" \/>\n<meta property=\"og:title\" content=\"Moment Puf Gr\u00e5 - H\u00fcbsch\" \/>\n<meta property=\"og:description\" content=\"Moment Puf er den perfekte tilf\u00f8jelse til din Moment sofa. Denne gr\u00e5 puf er lavet af FSC-certificeret egetr\u00e6 og OEKO-TEX\u00ae STANDARD 100 certificeret\" \/>\n<meta property=\"og:url\" content=\"https:\/\/hubsch-interior.com\/da\/vare\/moment-puf-gra\/\" \/>\n<meta property=\"og:site_name\" content=\"H\u00fcbsch\" \/>\n<meta property=\"article:modified_time\" content=\"2026-04-09T02:19:57+00:00\" \/>\n<meta property=\"og:image\" content=\"https:\/\/hubsch-interior.com\/wp-content\/uploads\/2025\/04\/moment-pouffe-grey-4b38df13cd298a3466f7dc4d3fe24c9f.jpg\" \/>\n\t<meta property=\"og:image:width\" content=\"1200\" \/>\n\t<meta property=\"og:image:height\" content=\"1200\" \/>\n\t<meta property=\"og:image:type\" content=\"image\/jpeg\" \/>\n<meta name=\"twitter:card\" content=\"summary_large_image\" \/>\n<script type=\"application\/ld+json\" class=\"yoast-schema-graph\">{\"@context\":\"https:\/\/schema.org\",\"@graph\":[{\"@type\":\"WebPage\",\"@id\":\"https:\/\/hubsch-interior.com\/da\/vare\/moment-puf-gra\/\",\"url\":\"https:\/\/hubsch-interior.com\/da\/vare\/moment-puf-gra\/\",\"name\":\"Moment Puf Gr\u00e5 - H\u00fcbsch\",\"isPartOf\":{\"@id\":\"https:\/\/hubsch-interior.com\/da\/#website\"},\"primaryImageOfPage\":{\"@id\":\"https:\/\/hubsch-interior.com\/da\/vare\/moment-puf-gra\/#primaryimage\"},\"image\":{\"@id\":\"https:\/\/hubsch-interior.com\/da\/vare\/moment-puf-gra\/#primaryimage\"},\"thumbnailUrl\":\"https:\/\/hubsch-interior.com\/wp-content\/uploads\/2026\/02\/moment-pouffe-grey-9fd4984fbbc7040a029195e6c102ee55.jpg\",\"datePublished\":\"2024-01-29T07:26:50+00:00\",\"dateModified\":\"2026-04-09T02:19:57+00:00\",\"description\":\"Moment Puf er den perfekte tilf\u00f8jelse til din Moment sofa. Denne gr\u00e5 puf er lavet af FSC-certificeret egetr\u00e6 og OEKO-TEX\u00ae STANDARD 100 certificeret\",\"breadcrumb\":{\"@id\":\"https:\/\/hubsch-interior.com\/da\/vare\/moment-puf-gra\/#breadcrumb\"},\"inLanguage\":\"da-DK\",\"potentialAction\":[{\"@type\":\"ReadAction\",\"target\":[\"https:\/\/hubsch-interior.com\/da\/vare\/moment-puf-gra\/\"]}]},{\"@type\":\"ImageObject\",\"inLanguage\":\"da-DK\",\"@id\":\"https:\/\/hubsch-interior.com\/da\/vare\/moment-puf-gra\/#primaryimage\",\"url\":\"https:\/\/hubsch-interior.com\/wp-content\/uploads\/2026\/02\/moment-pouffe-grey-9fd4984fbbc7040a029195e6c102ee55.jpg\",\"contentUrl\":\"https:\/\/hubsch-interior.com\/wp-content\/uploads\/2026\/02\/moment-pouffe-grey-9fd4984fbbc7040a029195e6c102ee55.jpg\",\"width\":1024,\"height\":1024},{\"@type\":\"BreadcrumbList\",\"@id\":\"https:\/\/hubsch-interior.com\/da\/vare\/moment-puf-gra\/#breadcrumb\",\"itemListElement\":[{\"@type\":\"ListItem\",\"position\":1,\"name\":\"Forside\",\"item\":\"https:\/\/hubsch-interior.com\/da\/\"},{\"@type\":\"ListItem\",\"position\":2,\"name\":\"Produkter\",\"item\":\"https:\/\/hubsch-interior.com\/da\/produkter\/\"},{\"@type\":\"ListItem\",\"position\":3,\"name\":\"M\u00f8bler\",\"item\":\"https:\/\/hubsch-interior.com\/da\/vare-kategori\/mobler\/\"},{\"@type\":\"ListItem\",\"position\":4,\"name\":\"Siddem&oslash;bler\",\"item\":\"https:\/\/hubsch-interior.com\/da\/vare-kategori\/mobler\/siddemoebler-da\/\"},{\"@type\":\"ListItem\",\"position\":5,\"name\":\"Puffer\",\"item\":\"https:\/\/hubsch-interior.com\/da\/vare-kategori\/mobler\/siddemoebler-da\/puffer-da\/\"},{\"@type\":\"ListItem\",\"position\":6,\"name\":\"Moment Puf Gr\u00e5\"}]},{\"@type\":\"WebSite\",\"@id\":\"https:\/\/hubsch-interior.com\/da\/#website\",\"url\":\"https:\/\/hubsch-interior.com\/da\/\",\"name\":\"H\u00fcbsch\",\"description\":\"Danish Home Interior and Design\",\"publisher\":{\"@id\":\"https:\/\/hubsch-interior.com\/da\/#organization\"},\"potentialAction\":[{\"@type\":\"SearchAction\",\"target\":{\"@type\":\"EntryPoint\",\"urlTemplate\":\"https:\/\/hubsch-interior.com\/da\/?s={search_term_string}\"},\"query-input\":{\"@type\":\"PropertyValueSpecification\",\"valueRequired\":true,\"valueName\":\"search_term_string\"}}],\"inLanguage\":\"da-DK\"},{\"@type\":\"Organization\",\"@id\":\"https:\/\/hubsch-interior.com\/da\/#organization\",\"name\":\"H\u00fcbsch\",\"url\":\"https:\/\/hubsch-interior.com\/da\/\",\"logo\":{\"@type\":\"ImageObject\",\"inLanguage\":\"da-DK\",\"@id\":\"https:\/\/hubsch-interior.com\/da\/#\/schema\/logo\/image\/\",\"url\":\"https:\/\/hubsch-interior.com\/wp-content\/uploads\/2022\/12\/Hubsch_logo_black_one_line.svg\",\"contentUrl\":\"https:\/\/hubsch-interior.com\/wp-content\/uploads\/2022\/12\/Hubsch_logo_black_one_line.svg\",\"caption\":\"H\u00fcbsch\"},\"image\":{\"@id\":\"https:\/\/hubsch-interior.com\/da\/#\/schema\/logo\/image\/\"}}]}<\/script>\n<!-- \/ Yoast SEO plugin. -->","yoast_head_json":{"title":"Moment Puf Gr\u00e5 - H\u00fcbsch","description":"Moment Puf er den perfekte tilf\u00f8jelse til din Moment sofa. Denne gr\u00e5 puf er lavet af FSC-certificeret egetr\u00e6 og OEKO-TEX\u00ae STANDARD 100 certificeret","robots":{"index":"index","follow":"follow","max-snippet":"max-snippet:-1","max-image-preview":"max-image-preview:large","max-video-preview":"max-video-preview:-1"},"canonical":"https:\/\/hubsch-interior.com\/da\/wp-json\/wp\/v2\/product\/975203","og_locale":"da_DK","og_type":"article","og_title":"Moment Puf Gr\u00e5 - H\u00fcbsch","og_description":"Moment Puf er den perfekte tilf\u00f8jelse til din Moment sofa. Denne gr\u00e5 puf er lavet af FSC-certificeret egetr\u00e6 og OEKO-TEX\u00ae STANDARD 100 certificeret","og_url":"https:\/\/hubsch-interior.com\/da\/vare\/moment-puf-gra\/","og_site_name":"H\u00fcbsch","article_modified_time":"2026-04-09T02:19:57+00:00","og_image":[{"width":1200,"height":1200,"url":"https:\/\/hubsch-interior.com\/wp-content\/uploads\/2025\/04\/moment-pouffe-grey-4b38df13cd298a3466f7dc4d3fe24c9f.jpg","type":"image\/jpeg"}],"twitter_card":"summary_large_image","schema":{"@context":"https:\/\/schema.org","@graph":[{"@type":"WebPage","@id":"https:\/\/hubsch-interior.com\/da\/vare\/moment-puf-gra\/","url":"https:\/\/hubsch-interior.com\/da\/vare\/moment-puf-gra\/","name":"Moment Puf Gr\u00e5 - H\u00fcbsch","isPartOf":{"@id":"https:\/\/hubsch-interior.com\/da\/#website"},"primaryImageOfPage":{"@id":"https:\/\/hubsch-interior.com\/da\/vare\/moment-puf-gra\/#primaryimage"},"image":{"@id":"https:\/\/hubsch-interior.com\/da\/vare\/moment-puf-gra\/#primaryimage"},"thumbnailUrl":"https:\/\/hubsch-interior.com\/wp-content\/uploads\/2026\/02\/moment-pouffe-grey-9fd4984fbbc7040a029195e6c102ee55.jpg","datePublished":"2024-01-29T07:26:50+00:00","dateModified":"2026-04-09T02:19:57+00:00","description":"Moment Puf er den perfekte tilf\u00f8jelse til din Moment sofa. Denne gr\u00e5 puf er lavet af FSC-certificeret egetr\u00e6 og OEKO-TEX\u00ae STANDARD 100 certificeret","breadcrumb":{"@id":"https:\/\/hubsch-interior.com\/da\/vare\/moment-puf-gra\/#breadcrumb"},"inLanguage":"da-DK","potentialAction":[{"@type":"ReadAction","target":["https:\/\/hubsch-interior.com\/da\/vare\/moment-puf-gra\/"]}]},{"@type":"ImageObject","inLanguage":"da-DK","@id":"https:\/\/hubsch-interior.com\/da\/vare\/moment-puf-gra\/#primaryimage","url":"https:\/\/hubsch-interior.com\/wp-content\/uploads\/2026\/02\/moment-pouffe-grey-9fd4984fbbc7040a029195e6c102ee55.jpg","contentUrl":"https:\/\/hubsch-interior.com\/wp-content\/uploads\/2026\/02\/moment-pouffe-grey-9fd4984fbbc7040a029195e6c102ee55.jpg","width":1024,"height":1024},{"@type":"BreadcrumbList","@id":"https:\/\/hubsch-interior.com\/da\/vare\/moment-puf-gra\/#breadcrumb","itemListElement":[{"@type":"ListItem","position":1,"name":"Forside","item":"https:\/\/hubsch-interior.com\/da\/"},{"@type":"ListItem","position":2,"name":"Produkter","item":"https:\/\/hubsch-interior.com\/da\/produkter\/"},{"@type":"ListItem","position":3,"name":"M\u00f8bler","item":"https:\/\/hubsch-interior.com\/da\/vare-kategori\/mobler\/"},{"@type":"ListItem","position":4,"name":"Siddem&oslash;bler","item":"https:\/\/hubsch-interior.com\/da\/vare-kategori\/mobler\/siddemoebler-da\/"},{"@type":"ListItem","position":5,"name":"Puffer","item":"https:\/\/hubsch-interior.com\/da\/vare-kategori\/mobler\/siddemoebler-da\/puffer-da\/"},{"@type":"ListItem","position":6,"name":"Moment Puf Gr\u00e5"}]},{"@type":"WebSite","@id":"https:\/\/hubsch-interior.com\/da\/#website","url":"https:\/\/hubsch-interior.com\/da\/","name":"H\u00fcbsch","description":"Danish Home Interior and Design","publisher":{"@id":"https:\/\/hubsch-interior.com\/da\/#organization"},"potentialAction":[{"@type":"SearchAction","target":{"@type":"EntryPoint","urlTemplate":"https:\/\/hubsch-interior.com\/da\/?s={search_term_string}"},"query-input":{"@type":"PropertyValueSpecification","valueRequired":true,"valueName":"search_term_string"}}],"inLanguage":"da-DK"},{"@type":"Organization","@id":"https:\/\/hubsch-interior.com\/da\/#organization","name":"H\u00fcbsch","url":"https:\/\/hubsch-interior.com\/da\/","logo":{"@type":"ImageObject","inLanguage":"da-DK","@id":"https:\/\/hubsch-interior.com\/da\/#\/schema\/logo\/image\/","url":"https:\/\/hubsch-interior.com\/wp-content\/uploads\/2022\/12\/Hubsch_logo_black_one_line.svg","contentUrl":"https:\/\/hubsch-interior.com\/wp-content\/uploads\/2022\/12\/Hubsch_logo_black_one_line.svg","caption":"H\u00fcbsch"},"image":{"@id":"https:\/\/hubsch-interior.com\/da\/#\/schema\/logo\/image\/"}}]}},"_links":{"self":[{"href":"https:\/\/hubsch-interior.com\/da\/wp-json\/wp\/v2\/product\/975203","targetHints":{"allow":["GET"]}}],"collection":[{"href":"https:\/\/hubsch-interior.com\/da\/wp-json\/wp\/v2\/product"}],"about":[{"href":"https:\/\/hubsch-interior.com\/da\/wp-json\/wp\/v2\/types\/product"}],"wp:featuredmedia":[{"embeddable":true,"href":"https:\/\/hubsch-interior.com\/da\/wp-json\/wp\/v2\/media\/1093950"}],"wp:attachment":[{"href":"https:\/\/hubsch-interior.com\/da\/wp-json\/wp\/v2\/media?parent=975203"}],"wp:term":[{"taxonomy":"product_brand","embeddable":true,"href":"https:\/\/hubsch-interior.com\/da\/wp-json\/wp\/v2\/product_brand?post=975203"},{"taxonomy":"product_cat","embeddable":true,"href":"https:\/\/hubsch-interior.com\/da\/wp-json\/wp\/v2\/product_cat?post=975203"},{"taxonomy":"product_tag","embeddable":true,"href":"https:\/\/hubsch-interior.com\/da\/wp-json\/wp\/v2\/product_tag?post=975203"}],"curies":[{"name":"wp","href":"https:\/\/api.w.org\/{rel}","templated":true}]}}