{"id":975247,"date":"2024-01-29T08:27:11","date_gmt":"2024-01-29T07:27:11","guid":{"rendered":"https:\/\/hubsch-interior.com\/product\/product\/"},"modified":"2026-04-09T04:20:04","modified_gmt":"2026-04-09T02:20:04","slug":"study-reol-morkebla-gra","status":"publish","type":"product","link":"https:\/\/hubsch-interior.com\/da\/vare\/study-reol-morkebla-gra\/","title":{"rendered":"Study Reol M\u00f8rkebl\u00e5\/Gr\u00e5"},"content":{"rendered":"<p>Oplev den perfekte kombination af stil og funktionalitet med vores nye Study Reol i m\u00f8rkebl\u00e5 eller gr\u00e5. Den er fremstillet af FSC-certificeret asketr\u00e6, hvilket sikrer en holdbar og alsidig reol. Brug den enkeltvis eller kombiner den med resten af Study-serien til kontoret eller hjemmet. Med dens kompakte st\u00f8rrelse og flere hyldevalg, er den ideel til at vise dine yndlingsb\u00f8ger eller organisere dine filer effektivt. Giv dit rum et elegant og praktisk touch med Study Reol.<\/p>\n","protected":false},"excerpt":{"rendered":"<p>Oplev den perfekte kombination af stil og funktionalitet med vores nye Study Reol i m\u00f8rkebl\u00e5 eller gr\u00e5. Den er fremstillet af FSC-certificeret asketr\u00e6, hvilket sikrer en holdbar og alsidig reol. Brug den enkeltvis eller kombiner den med resten af Study-serien til kontoret eller hjemmet. Med dens kompakte st\u00f8rrelse og flere hyldevalg, er den ideel til [&hellip;]<\/p>\n","protected":false},"featured_media":1093986,"template":"","meta":{"_acf_changed":false,"inline_featured_image":false},"product_brand":[],"product_cat":[6880,6321,3999,4919],"product_tag":[],"class_list":{"0":"post-975247","1":"product","2":"type-product","3":"status-publish","4":"has-post-thumbnail","6":"product_cat-elevating-nostalgia-da","7":"product_cat-fsc-da","8":"product_cat-reoler-opbevaring-da","9":"product_cat-kommoder-skaenke-da","10":"product_shipping_class-p10","12":"pa_color-gr","13":"pa_color-mrkebl","14":"pa_material-askfiner","15":"pa_material-mdf-da","16":"pa_material-stl","18":"first","19":"instock","20":"taxable","21":"shipping-taxable","22":"purchasable","23":"product-type-simple"},"exclude_global_add_ons":[],"addons":[],"acf":[],"yoast_head":"<!-- This site is optimized with the Yoast SEO plugin v26.4 - https:\/\/yoast.com\/wordpress\/plugins\/seo\/ -->\n<title>Study Reol M\u00f8rkebl\u00e5\/Gr\u00e5 - H\u00fcbsch<\/title>\n<meta name=\"description\" content=\"Oplev den perfekte kombination af stil og funktionalitet med vores nye Study Reol i m\u00f8rkebl\u00e5 eller gr\u00e5. Den er fremstillet af FSC-certificeret asketr\u00e6,\" \/>\n<meta name=\"robots\" content=\"index, follow, max-snippet:-1, max-image-preview:large, max-video-preview:-1\" \/>\n<link rel=\"canonical\" href=\"https:\/\/hubsch-interior.com\/da\/wp-json\/wp\/v2\/product\/975247\" \/>\n<meta property=\"og:locale\" content=\"da_DK\" \/>\n<meta property=\"og:type\" content=\"article\" \/>\n<meta property=\"og:title\" content=\"Study Reol M\u00f8rkebl\u00e5\/Gr\u00e5 - H\u00fcbsch\" \/>\n<meta property=\"og:description\" content=\"Oplev den perfekte kombination af stil og funktionalitet med vores nye Study Reol i m\u00f8rkebl\u00e5 eller gr\u00e5. Den er fremstillet af FSC-certificeret asketr\u00e6,\" \/>\n<meta property=\"og:url\" content=\"https:\/\/hubsch-interior.com\/da\/vare\/study-reol-morkebla-gra\/\" \/>\n<meta property=\"og:site_name\" content=\"H\u00fcbsch\" \/>\n<meta property=\"article:modified_time\" content=\"2026-04-09T02:20:04+00:00\" \/>\n<meta property=\"og:image\" content=\"https:\/\/hubsch-interior.com\/wp-content\/uploads\/2026\/02\/study-shelf-unit-dark-bluegrey-b363bc7afab2cf97ab29b43e04af5718.jpg\" \/>\n\t<meta property=\"og:image:width\" content=\"1024\" \/>\n\t<meta property=\"og:image:height\" content=\"1024\" \/>\n\t<meta property=\"og:image:type\" content=\"image\/jpeg\" \/>\n<meta name=\"twitter:card\" content=\"summary_large_image\" \/>\n<script type=\"application\/ld+json\" class=\"yoast-schema-graph\">{\"@context\":\"https:\/\/schema.org\",\"@graph\":[{\"@type\":\"WebPage\",\"@id\":\"https:\/\/hubsch-interior.com\/da\/vare\/study-reol-morkebla-gra\/\",\"url\":\"https:\/\/hubsch-interior.com\/da\/vare\/study-reol-morkebla-gra\/\",\"name\":\"Study Reol M\u00f8rkebl\u00e5\/Gr\u00e5 - H\u00fcbsch\",\"isPartOf\":{\"@id\":\"https:\/\/hubsch-interior.com\/da\/#website\"},\"primaryImageOfPage\":{\"@id\":\"https:\/\/hubsch-interior.com\/da\/vare\/study-reol-morkebla-gra\/#primaryimage\"},\"image\":{\"@id\":\"https:\/\/hubsch-interior.com\/da\/vare\/study-reol-morkebla-gra\/#primaryimage\"},\"thumbnailUrl\":\"https:\/\/hubsch-interior.com\/wp-content\/uploads\/2026\/02\/study-shelf-unit-dark-bluegrey-b363bc7afab2cf97ab29b43e04af5718.jpg\",\"datePublished\":\"2024-01-29T07:27:11+00:00\",\"dateModified\":\"2026-04-09T02:20:04+00:00\",\"description\":\"Oplev den perfekte kombination af stil og funktionalitet med vores nye Study Reol i m\u00f8rkebl\u00e5 eller gr\u00e5. Den er fremstillet af FSC-certificeret asketr\u00e6,\",\"breadcrumb\":{\"@id\":\"https:\/\/hubsch-interior.com\/da\/vare\/study-reol-morkebla-gra\/#breadcrumb\"},\"inLanguage\":\"da-DK\",\"potentialAction\":[{\"@type\":\"ReadAction\",\"target\":[\"https:\/\/hubsch-interior.com\/da\/vare\/study-reol-morkebla-gra\/\"]}]},{\"@type\":\"ImageObject\",\"inLanguage\":\"da-DK\",\"@id\":\"https:\/\/hubsch-interior.com\/da\/vare\/study-reol-morkebla-gra\/#primaryimage\",\"url\":\"https:\/\/hubsch-interior.com\/wp-content\/uploads\/2026\/02\/study-shelf-unit-dark-bluegrey-b363bc7afab2cf97ab29b43e04af5718.jpg\",\"contentUrl\":\"https:\/\/hubsch-interior.com\/wp-content\/uploads\/2026\/02\/study-shelf-unit-dark-bluegrey-b363bc7afab2cf97ab29b43e04af5718.jpg\",\"width\":1024,\"height\":1024},{\"@type\":\"BreadcrumbList\",\"@id\":\"https:\/\/hubsch-interior.com\/da\/vare\/study-reol-morkebla-gra\/#breadcrumb\",\"itemListElement\":[{\"@type\":\"ListItem\",\"position\":1,\"name\":\"Forside\",\"item\":\"https:\/\/hubsch-interior.com\/da\/\"},{\"@type\":\"ListItem\",\"position\":2,\"name\":\"Produkter\",\"item\":\"https:\/\/hubsch-interior.com\/da\/produkter\/\"},{\"@type\":\"ListItem\",\"position\":3,\"name\":\"M\u00f8bler\",\"item\":\"https:\/\/hubsch-interior.com\/da\/vare-kategori\/mobler\/\"},{\"@type\":\"ListItem\",\"position\":4,\"name\":\"Reoler &amp; opbevaring\",\"item\":\"https:\/\/hubsch-interior.com\/da\/vare-kategori\/mobler\/reoler-opbevaring-da\/\"},{\"@type\":\"ListItem\",\"position\":5,\"name\":\"Kommoder &amp; sk&aelig;nke\",\"item\":\"https:\/\/hubsch-interior.com\/da\/vare-kategori\/mobler\/reoler-opbevaring-da\/kommoder-skaenke-da\/\"},{\"@type\":\"ListItem\",\"position\":6,\"name\":\"Study Reol M\u00f8rkebl\u00e5\/Gr\u00e5\"}]},{\"@type\":\"WebSite\",\"@id\":\"https:\/\/hubsch-interior.com\/da\/#website\",\"url\":\"https:\/\/hubsch-interior.com\/da\/\",\"name\":\"H\u00fcbsch\",\"description\":\"Danish Home Interior and Design\",\"publisher\":{\"@id\":\"https:\/\/hubsch-interior.com\/da\/#organization\"},\"potentialAction\":[{\"@type\":\"SearchAction\",\"target\":{\"@type\":\"EntryPoint\",\"urlTemplate\":\"https:\/\/hubsch-interior.com\/da\/?s={search_term_string}\"},\"query-input\":{\"@type\":\"PropertyValueSpecification\",\"valueRequired\":true,\"valueName\":\"search_term_string\"}}],\"inLanguage\":\"da-DK\"},{\"@type\":\"Organization\",\"@id\":\"https:\/\/hubsch-interior.com\/da\/#organization\",\"name\":\"H\u00fcbsch\",\"url\":\"https:\/\/hubsch-interior.com\/da\/\",\"logo\":{\"@type\":\"ImageObject\",\"inLanguage\":\"da-DK\",\"@id\":\"https:\/\/hubsch-interior.com\/da\/#\/schema\/logo\/image\/\",\"url\":\"https:\/\/hubsch-interior.com\/wp-content\/uploads\/2022\/12\/Hubsch_logo_black_one_line.svg\",\"contentUrl\":\"https:\/\/hubsch-interior.com\/wp-content\/uploads\/2022\/12\/Hubsch_logo_black_one_line.svg\",\"caption\":\"H\u00fcbsch\"},\"image\":{\"@id\":\"https:\/\/hubsch-interior.com\/da\/#\/schema\/logo\/image\/\"}}]}<\/script>\n<!-- \/ Yoast SEO plugin. -->","yoast_head_json":{"title":"Study Reol M\u00f8rkebl\u00e5\/Gr\u00e5 - H\u00fcbsch","description":"Oplev den perfekte kombination af stil og funktionalitet med vores nye Study Reol i m\u00f8rkebl\u00e5 eller gr\u00e5. Den er fremstillet af FSC-certificeret asketr\u00e6,","robots":{"index":"index","follow":"follow","max-snippet":"max-snippet:-1","max-image-preview":"max-image-preview:large","max-video-preview":"max-video-preview:-1"},"canonical":"https:\/\/hubsch-interior.com\/da\/wp-json\/wp\/v2\/product\/975247","og_locale":"da_DK","og_type":"article","og_title":"Study Reol M\u00f8rkebl\u00e5\/Gr\u00e5 - H\u00fcbsch","og_description":"Oplev den perfekte kombination af stil og funktionalitet med vores nye Study Reol i m\u00f8rkebl\u00e5 eller gr\u00e5. Den er fremstillet af FSC-certificeret asketr\u00e6,","og_url":"https:\/\/hubsch-interior.com\/da\/vare\/study-reol-morkebla-gra\/","og_site_name":"H\u00fcbsch","article_modified_time":"2026-04-09T02:20:04+00:00","og_image":[{"width":1024,"height":1024,"url":"https:\/\/hubsch-interior.com\/wp-content\/uploads\/2026\/02\/study-shelf-unit-dark-bluegrey-b363bc7afab2cf97ab29b43e04af5718.jpg","type":"image\/jpeg"}],"twitter_card":"summary_large_image","schema":{"@context":"https:\/\/schema.org","@graph":[{"@type":"WebPage","@id":"https:\/\/hubsch-interior.com\/da\/vare\/study-reol-morkebla-gra\/","url":"https:\/\/hubsch-interior.com\/da\/vare\/study-reol-morkebla-gra\/","name":"Study Reol M\u00f8rkebl\u00e5\/Gr\u00e5 - H\u00fcbsch","isPartOf":{"@id":"https:\/\/hubsch-interior.com\/da\/#website"},"primaryImageOfPage":{"@id":"https:\/\/hubsch-interior.com\/da\/vare\/study-reol-morkebla-gra\/#primaryimage"},"image":{"@id":"https:\/\/hubsch-interior.com\/da\/vare\/study-reol-morkebla-gra\/#primaryimage"},"thumbnailUrl":"https:\/\/hubsch-interior.com\/wp-content\/uploads\/2026\/02\/study-shelf-unit-dark-bluegrey-b363bc7afab2cf97ab29b43e04af5718.jpg","datePublished":"2024-01-29T07:27:11+00:00","dateModified":"2026-04-09T02:20:04+00:00","description":"Oplev den perfekte kombination af stil og funktionalitet med vores nye Study Reol i m\u00f8rkebl\u00e5 eller gr\u00e5. Den er fremstillet af FSC-certificeret asketr\u00e6,","breadcrumb":{"@id":"https:\/\/hubsch-interior.com\/da\/vare\/study-reol-morkebla-gra\/#breadcrumb"},"inLanguage":"da-DK","potentialAction":[{"@type":"ReadAction","target":["https:\/\/hubsch-interior.com\/da\/vare\/study-reol-morkebla-gra\/"]}]},{"@type":"ImageObject","inLanguage":"da-DK","@id":"https:\/\/hubsch-interior.com\/da\/vare\/study-reol-morkebla-gra\/#primaryimage","url":"https:\/\/hubsch-interior.com\/wp-content\/uploads\/2026\/02\/study-shelf-unit-dark-bluegrey-b363bc7afab2cf97ab29b43e04af5718.jpg","contentUrl":"https:\/\/hubsch-interior.com\/wp-content\/uploads\/2026\/02\/study-shelf-unit-dark-bluegrey-b363bc7afab2cf97ab29b43e04af5718.jpg","width":1024,"height":1024},{"@type":"BreadcrumbList","@id":"https:\/\/hubsch-interior.com\/da\/vare\/study-reol-morkebla-gra\/#breadcrumb","itemListElement":[{"@type":"ListItem","position":1,"name":"Forside","item":"https:\/\/hubsch-interior.com\/da\/"},{"@type":"ListItem","position":2,"name":"Produkter","item":"https:\/\/hubsch-interior.com\/da\/produkter\/"},{"@type":"ListItem","position":3,"name":"M\u00f8bler","item":"https:\/\/hubsch-interior.com\/da\/vare-kategori\/mobler\/"},{"@type":"ListItem","position":4,"name":"Reoler &amp; opbevaring","item":"https:\/\/hubsch-interior.com\/da\/vare-kategori\/mobler\/reoler-opbevaring-da\/"},{"@type":"ListItem","position":5,"name":"Kommoder &amp; sk&aelig;nke","item":"https:\/\/hubsch-interior.com\/da\/vare-kategori\/mobler\/reoler-opbevaring-da\/kommoder-skaenke-da\/"},{"@type":"ListItem","position":6,"name":"Study Reol M\u00f8rkebl\u00e5\/Gr\u00e5"}]},{"@type":"WebSite","@id":"https:\/\/hubsch-interior.com\/da\/#website","url":"https:\/\/hubsch-interior.com\/da\/","name":"H\u00fcbsch","description":"Danish Home Interior and Design","publisher":{"@id":"https:\/\/hubsch-interior.com\/da\/#organization"},"potentialAction":[{"@type":"SearchAction","target":{"@type":"EntryPoint","urlTemplate":"https:\/\/hubsch-interior.com\/da\/?s={search_term_string}"},"query-input":{"@type":"PropertyValueSpecification","valueRequired":true,"valueName":"search_term_string"}}],"inLanguage":"da-DK"},{"@type":"Organization","@id":"https:\/\/hubsch-interior.com\/da\/#organization","name":"H\u00fcbsch","url":"https:\/\/hubsch-interior.com\/da\/","logo":{"@type":"ImageObject","inLanguage":"da-DK","@id":"https:\/\/hubsch-interior.com\/da\/#\/schema\/logo\/image\/","url":"https:\/\/hubsch-interior.com\/wp-content\/uploads\/2022\/12\/Hubsch_logo_black_one_line.svg","contentUrl":"https:\/\/hubsch-interior.com\/wp-content\/uploads\/2022\/12\/Hubsch_logo_black_one_line.svg","caption":"H\u00fcbsch"},"image":{"@id":"https:\/\/hubsch-interior.com\/da\/#\/schema\/logo\/image\/"}}]}},"_links":{"self":[{"href":"https:\/\/hubsch-interior.com\/da\/wp-json\/wp\/v2\/product\/975247","targetHints":{"allow":["GET"]}}],"collection":[{"href":"https:\/\/hubsch-interior.com\/da\/wp-json\/wp\/v2\/product"}],"about":[{"href":"https:\/\/hubsch-interior.com\/da\/wp-json\/wp\/v2\/types\/product"}],"wp:featuredmedia":[{"embeddable":true,"href":"https:\/\/hubsch-interior.com\/da\/wp-json\/wp\/v2\/media\/1093986"}],"wp:attachment":[{"href":"https:\/\/hubsch-interior.com\/da\/wp-json\/wp\/v2\/media?parent=975247"}],"wp:term":[{"taxonomy":"product_brand","embeddable":true,"href":"https:\/\/hubsch-interior.com\/da\/wp-json\/wp\/v2\/product_brand?post=975247"},{"taxonomy":"product_cat","embeddable":true,"href":"https:\/\/hubsch-interior.com\/da\/wp-json\/wp\/v2\/product_cat?post=975247"},{"taxonomy":"product_tag","embeddable":true,"href":"https:\/\/hubsch-interior.com\/da\/wp-json\/wp\/v2\/product_tag?post=975247"}],"curies":[{"name":"wp","href":"https:\/\/api.w.org\/{rel}","templated":true}]}}