{"id":975343,"date":"2024-01-29T08:28:01","date_gmt":"2024-01-29T07:28:01","guid":{"rendered":"https:\/\/hubsch-interior.com\/product\/product\/"},"modified":"2026-04-09T04:23:24","modified_gmt":"2026-04-09T02:23:24","slug":"arch-spisestol-lysegra","status":"publish","type":"product","link":"https:\/\/hubsch-interior.com\/da\/vare\/arch-spisestol-lysegra\/","title":{"rendered":"Arch Spisestol Lysegr\u00e5"},"content":{"rendered":"<p>Oplev komfort og stil med Arch Spisestolen i lysegr\u00e5. Denne moderne stol er en re-introduktion af en tidligere bestseller og er nu tilg\u00e6ngelig i tre forskellige varianter. Den er lavet af FSC-certificeret tr\u00e6, hvilket giver den et holdbar og tidl\u00f8st design. Det st\u00f8ttende rygl\u00e6n sikrer en behagelig siddeoplevelse, den kan stables og dens kompakte design g\u00f8r den let at opbevare. Giv dit spisebord et elegant touch med Arch Spisestolen.<\/p>\n","protected":false},"excerpt":{"rendered":"<p>Oplev komfort og stil med Arch Spisestolen i lysegr\u00e5. Denne moderne stol er en re-introduktion af en tidligere bestseller og er nu tilg\u00e6ngelig i tre forskellige varianter. Den er lavet af FSC-certificeret tr\u00e6, hvilket giver den et holdbar og tidl\u00f8st design. Det st\u00f8ttende rygl\u00e6n sikrer en behagelig siddeoplevelse, den kan stables og dens kompakte design [&hellip;]<\/p>\n","protected":false},"featured_media":1095288,"template":"","meta":{"_acf_changed":false,"inline_featured_image":false},"product_brand":[],"product_cat":[6880,6321,2841,5449],"product_tag":[],"class_list":{"0":"post-975343","1":"product","2":"type-product","3":"status-publish","4":"has-post-thumbnail","6":"product_cat-elevating-nostalgia-da","7":"product_cat-fsc-da","8":"product_cat-siddemoebler-da","9":"product_cat-spisestole-da","10":"product_shipping_class-p05","12":"pa_color-lysegr","13":"pa_material-jern-da","14":"pa_material-krydsfiner-da","16":"first","17":"instock","18":"taxable","19":"shipping-taxable","20":"purchasable","21":"product-type-simple"},"exclude_global_add_ons":[],"addons":[],"acf":[],"yoast_head":"<!-- This site is optimized with the Yoast SEO plugin v26.4 - https:\/\/yoast.com\/wordpress\/plugins\/seo\/ -->\n<title>Arch Spisestol Lysegr\u00e5 - H\u00fcbsch<\/title>\n<meta name=\"description\" content=\"Oplev komfort og stil med Arch Spisestolen i lysegr\u00e5. Denne moderne stol er en re-introduktion af en tidligere bestseller og er nu tilg\u00e6ngelig i tre\" \/>\n<meta name=\"robots\" content=\"index, follow, max-snippet:-1, max-image-preview:large, max-video-preview:-1\" \/>\n<link rel=\"canonical\" href=\"https:\/\/hubsch-interior.com\/da\/wp-json\/wp\/v2\/product\/975343\" \/>\n<meta property=\"og:locale\" content=\"da_DK\" \/>\n<meta property=\"og:type\" content=\"article\" \/>\n<meta property=\"og:title\" content=\"Arch Spisestol Lysegr\u00e5 - H\u00fcbsch\" \/>\n<meta property=\"og:description\" content=\"Oplev komfort og stil med Arch Spisestolen i lysegr\u00e5. Denne moderne stol er en re-introduktion af en tidligere bestseller og er nu tilg\u00e6ngelig i tre\" \/>\n<meta property=\"og:url\" content=\"https:\/\/hubsch-interior.com\/da\/vare\/arch-spisestol-lysegra\/\" \/>\n<meta property=\"og:site_name\" content=\"H\u00fcbsch\" \/>\n<meta property=\"article:modified_time\" content=\"2026-04-09T02:23:24+00:00\" \/>\n<meta property=\"og:image\" content=\"https:\/\/hubsch-interior.com\/wp-content\/uploads\/2025\/05\/arch-dining-chair-light-grey-b1674888395c524b63a2c679f21dba79.jpg\" \/>\n\t<meta property=\"og:image:width\" content=\"1200\" \/>\n\t<meta property=\"og:image:height\" content=\"1200\" \/>\n\t<meta property=\"og:image:type\" content=\"image\/jpeg\" \/>\n<meta name=\"twitter:card\" content=\"summary_large_image\" \/>\n<script type=\"application\/ld+json\" class=\"yoast-schema-graph\">{\"@context\":\"https:\/\/schema.org\",\"@graph\":[{\"@type\":\"WebPage\",\"@id\":\"https:\/\/hubsch-interior.com\/da\/vare\/arch-spisestol-lysegra\/\",\"url\":\"https:\/\/hubsch-interior.com\/da\/vare\/arch-spisestol-lysegra\/\",\"name\":\"Arch Spisestol Lysegr\u00e5 - H\u00fcbsch\",\"isPartOf\":{\"@id\":\"https:\/\/hubsch-interior.com\/da\/#website\"},\"primaryImageOfPage\":{\"@id\":\"https:\/\/hubsch-interior.com\/da\/vare\/arch-spisestol-lysegra\/#primaryimage\"},\"image\":{\"@id\":\"https:\/\/hubsch-interior.com\/da\/vare\/arch-spisestol-lysegra\/#primaryimage\"},\"thumbnailUrl\":\"https:\/\/hubsch-interior.com\/wp-content\/uploads\/2026\/02\/arch-dining-chair-light-grey-5db0e7fe427971077a5adbf644b551dc.jpg\",\"datePublished\":\"2024-01-29T07:28:01+00:00\",\"dateModified\":\"2026-04-09T02:23:24+00:00\",\"description\":\"Oplev komfort og stil med Arch Spisestolen i lysegr\u00e5. Denne moderne stol er en re-introduktion af en tidligere bestseller og er nu tilg\u00e6ngelig i tre\",\"breadcrumb\":{\"@id\":\"https:\/\/hubsch-interior.com\/da\/vare\/arch-spisestol-lysegra\/#breadcrumb\"},\"inLanguage\":\"da-DK\",\"potentialAction\":[{\"@type\":\"ReadAction\",\"target\":[\"https:\/\/hubsch-interior.com\/da\/vare\/arch-spisestol-lysegra\/\"]}]},{\"@type\":\"ImageObject\",\"inLanguage\":\"da-DK\",\"@id\":\"https:\/\/hubsch-interior.com\/da\/vare\/arch-spisestol-lysegra\/#primaryimage\",\"url\":\"https:\/\/hubsch-interior.com\/wp-content\/uploads\/2026\/02\/arch-dining-chair-light-grey-5db0e7fe427971077a5adbf644b551dc.jpg\",\"contentUrl\":\"https:\/\/hubsch-interior.com\/wp-content\/uploads\/2026\/02\/arch-dining-chair-light-grey-5db0e7fe427971077a5adbf644b551dc.jpg\",\"width\":1024,\"height\":1024},{\"@type\":\"BreadcrumbList\",\"@id\":\"https:\/\/hubsch-interior.com\/da\/vare\/arch-spisestol-lysegra\/#breadcrumb\",\"itemListElement\":[{\"@type\":\"ListItem\",\"position\":1,\"name\":\"Forside\",\"item\":\"https:\/\/hubsch-interior.com\/da\/\"},{\"@type\":\"ListItem\",\"position\":2,\"name\":\"Produkter\",\"item\":\"https:\/\/hubsch-interior.com\/da\/produkter\/\"},{\"@type\":\"ListItem\",\"position\":3,\"name\":\"M\u00f8bler\",\"item\":\"https:\/\/hubsch-interior.com\/da\/vare-kategori\/mobler\/\"},{\"@type\":\"ListItem\",\"position\":4,\"name\":\"Siddem&oslash;bler\",\"item\":\"https:\/\/hubsch-interior.com\/da\/vare-kategori\/mobler\/siddemoebler-da\/\"},{\"@type\":\"ListItem\",\"position\":5,\"name\":\"Spisestole\",\"item\":\"https:\/\/hubsch-interior.com\/da\/vare-kategori\/mobler\/siddemoebler-da\/spisestole-da\/\"},{\"@type\":\"ListItem\",\"position\":6,\"name\":\"Arch Spisestol Lysegr\u00e5\"}]},{\"@type\":\"WebSite\",\"@id\":\"https:\/\/hubsch-interior.com\/da\/#website\",\"url\":\"https:\/\/hubsch-interior.com\/da\/\",\"name\":\"H\u00fcbsch\",\"description\":\"Danish Home Interior and Design\",\"publisher\":{\"@id\":\"https:\/\/hubsch-interior.com\/da\/#organization\"},\"potentialAction\":[{\"@type\":\"SearchAction\",\"target\":{\"@type\":\"EntryPoint\",\"urlTemplate\":\"https:\/\/hubsch-interior.com\/da\/?s={search_term_string}\"},\"query-input\":{\"@type\":\"PropertyValueSpecification\",\"valueRequired\":true,\"valueName\":\"search_term_string\"}}],\"inLanguage\":\"da-DK\"},{\"@type\":\"Organization\",\"@id\":\"https:\/\/hubsch-interior.com\/da\/#organization\",\"name\":\"H\u00fcbsch\",\"url\":\"https:\/\/hubsch-interior.com\/da\/\",\"logo\":{\"@type\":\"ImageObject\",\"inLanguage\":\"da-DK\",\"@id\":\"https:\/\/hubsch-interior.com\/da\/#\/schema\/logo\/image\/\",\"url\":\"https:\/\/hubsch-interior.com\/wp-content\/uploads\/2022\/12\/Hubsch_logo_black_one_line.svg\",\"contentUrl\":\"https:\/\/hubsch-interior.com\/wp-content\/uploads\/2022\/12\/Hubsch_logo_black_one_line.svg\",\"caption\":\"H\u00fcbsch\"},\"image\":{\"@id\":\"https:\/\/hubsch-interior.com\/da\/#\/schema\/logo\/image\/\"}}]}<\/script>\n<!-- \/ Yoast SEO plugin. -->","yoast_head_json":{"title":"Arch Spisestol Lysegr\u00e5 - H\u00fcbsch","description":"Oplev komfort og stil med Arch Spisestolen i lysegr\u00e5. Denne moderne stol er en re-introduktion af en tidligere bestseller og er nu tilg\u00e6ngelig i tre","robots":{"index":"index","follow":"follow","max-snippet":"max-snippet:-1","max-image-preview":"max-image-preview:large","max-video-preview":"max-video-preview:-1"},"canonical":"https:\/\/hubsch-interior.com\/da\/wp-json\/wp\/v2\/product\/975343","og_locale":"da_DK","og_type":"article","og_title":"Arch Spisestol Lysegr\u00e5 - H\u00fcbsch","og_description":"Oplev komfort og stil med Arch Spisestolen i lysegr\u00e5. Denne moderne stol er en re-introduktion af en tidligere bestseller og er nu tilg\u00e6ngelig i tre","og_url":"https:\/\/hubsch-interior.com\/da\/vare\/arch-spisestol-lysegra\/","og_site_name":"H\u00fcbsch","article_modified_time":"2026-04-09T02:23:24+00:00","og_image":[{"width":1200,"height":1200,"url":"https:\/\/hubsch-interior.com\/wp-content\/uploads\/2025\/05\/arch-dining-chair-light-grey-b1674888395c524b63a2c679f21dba79.jpg","type":"image\/jpeg"}],"twitter_card":"summary_large_image","schema":{"@context":"https:\/\/schema.org","@graph":[{"@type":"WebPage","@id":"https:\/\/hubsch-interior.com\/da\/vare\/arch-spisestol-lysegra\/","url":"https:\/\/hubsch-interior.com\/da\/vare\/arch-spisestol-lysegra\/","name":"Arch Spisestol Lysegr\u00e5 - H\u00fcbsch","isPartOf":{"@id":"https:\/\/hubsch-interior.com\/da\/#website"},"primaryImageOfPage":{"@id":"https:\/\/hubsch-interior.com\/da\/vare\/arch-spisestol-lysegra\/#primaryimage"},"image":{"@id":"https:\/\/hubsch-interior.com\/da\/vare\/arch-spisestol-lysegra\/#primaryimage"},"thumbnailUrl":"https:\/\/hubsch-interior.com\/wp-content\/uploads\/2026\/02\/arch-dining-chair-light-grey-5db0e7fe427971077a5adbf644b551dc.jpg","datePublished":"2024-01-29T07:28:01+00:00","dateModified":"2026-04-09T02:23:24+00:00","description":"Oplev komfort og stil med Arch Spisestolen i lysegr\u00e5. Denne moderne stol er en re-introduktion af en tidligere bestseller og er nu tilg\u00e6ngelig i tre","breadcrumb":{"@id":"https:\/\/hubsch-interior.com\/da\/vare\/arch-spisestol-lysegra\/#breadcrumb"},"inLanguage":"da-DK","potentialAction":[{"@type":"ReadAction","target":["https:\/\/hubsch-interior.com\/da\/vare\/arch-spisestol-lysegra\/"]}]},{"@type":"ImageObject","inLanguage":"da-DK","@id":"https:\/\/hubsch-interior.com\/da\/vare\/arch-spisestol-lysegra\/#primaryimage","url":"https:\/\/hubsch-interior.com\/wp-content\/uploads\/2026\/02\/arch-dining-chair-light-grey-5db0e7fe427971077a5adbf644b551dc.jpg","contentUrl":"https:\/\/hubsch-interior.com\/wp-content\/uploads\/2026\/02\/arch-dining-chair-light-grey-5db0e7fe427971077a5adbf644b551dc.jpg","width":1024,"height":1024},{"@type":"BreadcrumbList","@id":"https:\/\/hubsch-interior.com\/da\/vare\/arch-spisestol-lysegra\/#breadcrumb","itemListElement":[{"@type":"ListItem","position":1,"name":"Forside","item":"https:\/\/hubsch-interior.com\/da\/"},{"@type":"ListItem","position":2,"name":"Produkter","item":"https:\/\/hubsch-interior.com\/da\/produkter\/"},{"@type":"ListItem","position":3,"name":"M\u00f8bler","item":"https:\/\/hubsch-interior.com\/da\/vare-kategori\/mobler\/"},{"@type":"ListItem","position":4,"name":"Siddem&oslash;bler","item":"https:\/\/hubsch-interior.com\/da\/vare-kategori\/mobler\/siddemoebler-da\/"},{"@type":"ListItem","position":5,"name":"Spisestole","item":"https:\/\/hubsch-interior.com\/da\/vare-kategori\/mobler\/siddemoebler-da\/spisestole-da\/"},{"@type":"ListItem","position":6,"name":"Arch Spisestol Lysegr\u00e5"}]},{"@type":"WebSite","@id":"https:\/\/hubsch-interior.com\/da\/#website","url":"https:\/\/hubsch-interior.com\/da\/","name":"H\u00fcbsch","description":"Danish Home Interior and Design","publisher":{"@id":"https:\/\/hubsch-interior.com\/da\/#organization"},"potentialAction":[{"@type":"SearchAction","target":{"@type":"EntryPoint","urlTemplate":"https:\/\/hubsch-interior.com\/da\/?s={search_term_string}"},"query-input":{"@type":"PropertyValueSpecification","valueRequired":true,"valueName":"search_term_string"}}],"inLanguage":"da-DK"},{"@type":"Organization","@id":"https:\/\/hubsch-interior.com\/da\/#organization","name":"H\u00fcbsch","url":"https:\/\/hubsch-interior.com\/da\/","logo":{"@type":"ImageObject","inLanguage":"da-DK","@id":"https:\/\/hubsch-interior.com\/da\/#\/schema\/logo\/image\/","url":"https:\/\/hubsch-interior.com\/wp-content\/uploads\/2022\/12\/Hubsch_logo_black_one_line.svg","contentUrl":"https:\/\/hubsch-interior.com\/wp-content\/uploads\/2022\/12\/Hubsch_logo_black_one_line.svg","caption":"H\u00fcbsch"},"image":{"@id":"https:\/\/hubsch-interior.com\/da\/#\/schema\/logo\/image\/"}}]}},"_links":{"self":[{"href":"https:\/\/hubsch-interior.com\/da\/wp-json\/wp\/v2\/product\/975343","targetHints":{"allow":["GET"]}}],"collection":[{"href":"https:\/\/hubsch-interior.com\/da\/wp-json\/wp\/v2\/product"}],"about":[{"href":"https:\/\/hubsch-interior.com\/da\/wp-json\/wp\/v2\/types\/product"}],"wp:featuredmedia":[{"embeddable":true,"href":"https:\/\/hubsch-interior.com\/da\/wp-json\/wp\/v2\/media\/1095288"}],"wp:attachment":[{"href":"https:\/\/hubsch-interior.com\/da\/wp-json\/wp\/v2\/media?parent=975343"}],"wp:term":[{"taxonomy":"product_brand","embeddable":true,"href":"https:\/\/hubsch-interior.com\/da\/wp-json\/wp\/v2\/product_brand?post=975343"},{"taxonomy":"product_cat","embeddable":true,"href":"https:\/\/hubsch-interior.com\/da\/wp-json\/wp\/v2\/product_cat?post=975343"},{"taxonomy":"product_tag","embeddable":true,"href":"https:\/\/hubsch-interior.com\/da\/wp-json\/wp\/v2\/product_tag?post=975343"}],"curies":[{"name":"wp","href":"https:\/\/api.w.org\/{rel}","templated":true}]}}