{"id":975435,"date":"2024-01-29T08:28:48","date_gmt":"2024-01-29T07:28:48","guid":{"rendered":"https:\/\/hubsch-interior.com\/product\/product\/"},"modified":"2026-04-09T04:23:44","modified_gmt":"2026-04-09T02:23:44","slug":"string-pude-morkebla","status":"publish","type":"product","link":"https:\/\/hubsch-interior.com\/da\/vare\/string-pude-morkebla\/","title":{"rendered":"String Pude M\u00f8rkebl\u00e5"},"content":{"rendered":"<p>Denne pude, er lavet af olefin som er et slidstr\u00e6kt og modstandsdygtigt materiale. Med fire forskellige varianter at v\u00e6lge imellem, kan du nemt v\u00e6lge den farve der passer bedst hjem til dig. G\u00f8r din siddeoplevelse endnu mere behagelig med den bl\u00f8de og lette String Pude.<\/p>\n","protected":false},"excerpt":{"rendered":"<p>Denne pude, er lavet af olefin som er et slidstr\u00e6kt og modstandsdygtigt materiale. Med fire forskellige varianter at v\u00e6lge imellem, kan du nemt v\u00e6lge den farve der passer bedst hjem til dig. G\u00f8r din siddeoplevelse endnu mere behagelig med den bl\u00f8de og lette String Pude.<\/p>\n","protected":false},"featured_media":1095365,"template":"","meta":{"_acf_changed":false,"inline_featured_image":false},"product_brand":[],"product_cat":[6880,7093,6347,5011,3000,3001],"product_tag":[],"class_list":{"0":"post-975435","1":"product","2":"type-product","3":"status-publish","4":"has-post-thumbnail","6":"product_cat-elevating-nostalgia-da","7":"product_cat-hynder-da","8":"product_cat-garden-selection-da","9":"product_cat-havemoebler-da","10":"product_cat-tekstiler","11":"product_cat-puder-da","12":"product_shipping_class-pk","14":"pa_color-mrkebl","15":"pa_material-olefin-2","17":"first","18":"instock","19":"taxable","20":"shipping-taxable","21":"purchasable","22":"product-type-simple"},"exclude_global_add_ons":[],"addons":[],"acf":[],"yoast_head":"<!-- This site is optimized with the Yoast SEO plugin v26.4 - https:\/\/yoast.com\/wordpress\/plugins\/seo\/ -->\n<title>String Pude M\u00f8rkebl\u00e5 - H\u00fcbsch<\/title>\n<meta name=\"description\" content=\"Denne pude, er lavet af olefin som er et slidstr\u00e6kt og modstandsdygtigt materiale. Med fire forskellige varianter at v\u00e6lge imellem, kan du nemt v\u00e6lge den\" \/>\n<meta name=\"robots\" content=\"index, follow, max-snippet:-1, max-image-preview:large, max-video-preview:-1\" \/>\n<link rel=\"canonical\" href=\"https:\/\/hubsch-interior.com\/da\/wp-json\/wp\/v2\/product\/975435\" \/>\n<meta property=\"og:locale\" content=\"da_DK\" \/>\n<meta property=\"og:type\" content=\"article\" \/>\n<meta property=\"og:title\" content=\"String Pude M\u00f8rkebl\u00e5 - H\u00fcbsch\" \/>\n<meta property=\"og:description\" content=\"Denne pude, er lavet af olefin som er et slidstr\u00e6kt og modstandsdygtigt materiale. Med fire forskellige varianter at v\u00e6lge imellem, kan du nemt v\u00e6lge den\" \/>\n<meta property=\"og:url\" content=\"https:\/\/hubsch-interior.com\/da\/vare\/string-pude-morkebla\/\" \/>\n<meta property=\"og:site_name\" content=\"H\u00fcbsch\" \/>\n<meta property=\"article:modified_time\" content=\"2026-04-09T02:23:44+00:00\" \/>\n<meta property=\"og:image\" content=\"https:\/\/hubsch-interior.com\/wp-content\/uploads\/2026\/02\/string-cushion-dark-blue-9a8c9de2aab1f99b3fbeaa9b0fee5f39.jpg\" \/>\n\t<meta property=\"og:image:width\" content=\"1024\" \/>\n\t<meta property=\"og:image:height\" content=\"1024\" \/>\n\t<meta property=\"og:image:type\" content=\"image\/jpeg\" \/>\n<meta name=\"twitter:card\" content=\"summary_large_image\" \/>\n<script type=\"application\/ld+json\" class=\"yoast-schema-graph\">{\"@context\":\"https:\/\/schema.org\",\"@graph\":[{\"@type\":\"WebPage\",\"@id\":\"https:\/\/hubsch-interior.com\/da\/vare\/string-pude-morkebla\/\",\"url\":\"https:\/\/hubsch-interior.com\/da\/vare\/string-pude-morkebla\/\",\"name\":\"String Pude M\u00f8rkebl\u00e5 - H\u00fcbsch\",\"isPartOf\":{\"@id\":\"https:\/\/hubsch-interior.com\/da\/#website\"},\"primaryImageOfPage\":{\"@id\":\"https:\/\/hubsch-interior.com\/da\/vare\/string-pude-morkebla\/#primaryimage\"},\"image\":{\"@id\":\"https:\/\/hubsch-interior.com\/da\/vare\/string-pude-morkebla\/#primaryimage\"},\"thumbnailUrl\":\"https:\/\/hubsch-interior.com\/wp-content\/uploads\/2026\/02\/string-cushion-dark-blue-9a8c9de2aab1f99b3fbeaa9b0fee5f39.jpg\",\"datePublished\":\"2024-01-29T07:28:48+00:00\",\"dateModified\":\"2026-04-09T02:23:44+00:00\",\"description\":\"Denne pude, er lavet af olefin som er et slidstr\u00e6kt og modstandsdygtigt materiale. Med fire forskellige varianter at v\u00e6lge imellem, kan du nemt v\u00e6lge den\",\"breadcrumb\":{\"@id\":\"https:\/\/hubsch-interior.com\/da\/vare\/string-pude-morkebla\/#breadcrumb\"},\"inLanguage\":\"da-DK\",\"potentialAction\":[{\"@type\":\"ReadAction\",\"target\":[\"https:\/\/hubsch-interior.com\/da\/vare\/string-pude-morkebla\/\"]}]},{\"@type\":\"ImageObject\",\"inLanguage\":\"da-DK\",\"@id\":\"https:\/\/hubsch-interior.com\/da\/vare\/string-pude-morkebla\/#primaryimage\",\"url\":\"https:\/\/hubsch-interior.com\/wp-content\/uploads\/2026\/02\/string-cushion-dark-blue-9a8c9de2aab1f99b3fbeaa9b0fee5f39.jpg\",\"contentUrl\":\"https:\/\/hubsch-interior.com\/wp-content\/uploads\/2026\/02\/string-cushion-dark-blue-9a8c9de2aab1f99b3fbeaa9b0fee5f39.jpg\",\"width\":1024,\"height\":1024},{\"@type\":\"BreadcrumbList\",\"@id\":\"https:\/\/hubsch-interior.com\/da\/vare\/string-pude-morkebla\/#breadcrumb\",\"itemListElement\":[{\"@type\":\"ListItem\",\"position\":1,\"name\":\"Forside\",\"item\":\"https:\/\/hubsch-interior.com\/da\/\"},{\"@type\":\"ListItem\",\"position\":2,\"name\":\"Produkter\",\"item\":\"https:\/\/hubsch-interior.com\/da\/produkter\/\"},{\"@type\":\"ListItem\",\"position\":3,\"name\":\"M\u00f8bler\",\"item\":\"https:\/\/hubsch-interior.com\/da\/vare-kategori\/mobler\/\"},{\"@type\":\"ListItem\",\"position\":4,\"name\":\"Havem&oslash;bler\",\"item\":\"https:\/\/hubsch-interior.com\/da\/vare-kategori\/mobler\/havemoebler-da\/\"},{\"@type\":\"ListItem\",\"position\":5,\"name\":\"Hynder\",\"item\":\"https:\/\/hubsch-interior.com\/da\/vare-kategori\/mobler\/havemoebler-da\/hynder-da\/\"},{\"@type\":\"ListItem\",\"position\":6,\"name\":\"String Pude M\u00f8rkebl\u00e5\"}]},{\"@type\":\"WebSite\",\"@id\":\"https:\/\/hubsch-interior.com\/da\/#website\",\"url\":\"https:\/\/hubsch-interior.com\/da\/\",\"name\":\"H\u00fcbsch\",\"description\":\"Danish Home Interior and Design\",\"publisher\":{\"@id\":\"https:\/\/hubsch-interior.com\/da\/#organization\"},\"potentialAction\":[{\"@type\":\"SearchAction\",\"target\":{\"@type\":\"EntryPoint\",\"urlTemplate\":\"https:\/\/hubsch-interior.com\/da\/?s={search_term_string}\"},\"query-input\":{\"@type\":\"PropertyValueSpecification\",\"valueRequired\":true,\"valueName\":\"search_term_string\"}}],\"inLanguage\":\"da-DK\"},{\"@type\":\"Organization\",\"@id\":\"https:\/\/hubsch-interior.com\/da\/#organization\",\"name\":\"H\u00fcbsch\",\"url\":\"https:\/\/hubsch-interior.com\/da\/\",\"logo\":{\"@type\":\"ImageObject\",\"inLanguage\":\"da-DK\",\"@id\":\"https:\/\/hubsch-interior.com\/da\/#\/schema\/logo\/image\/\",\"url\":\"https:\/\/hubsch-interior.com\/wp-content\/uploads\/2022\/12\/Hubsch_logo_black_one_line.svg\",\"contentUrl\":\"https:\/\/hubsch-interior.com\/wp-content\/uploads\/2022\/12\/Hubsch_logo_black_one_line.svg\",\"caption\":\"H\u00fcbsch\"},\"image\":{\"@id\":\"https:\/\/hubsch-interior.com\/da\/#\/schema\/logo\/image\/\"}}]}<\/script>\n<!-- \/ Yoast SEO plugin. -->","yoast_head_json":{"title":"String Pude M\u00f8rkebl\u00e5 - H\u00fcbsch","description":"Denne pude, er lavet af olefin som er et slidstr\u00e6kt og modstandsdygtigt materiale. Med fire forskellige varianter at v\u00e6lge imellem, kan du nemt v\u00e6lge den","robots":{"index":"index","follow":"follow","max-snippet":"max-snippet:-1","max-image-preview":"max-image-preview:large","max-video-preview":"max-video-preview:-1"},"canonical":"https:\/\/hubsch-interior.com\/da\/wp-json\/wp\/v2\/product\/975435","og_locale":"da_DK","og_type":"article","og_title":"String Pude M\u00f8rkebl\u00e5 - H\u00fcbsch","og_description":"Denne pude, er lavet af olefin som er et slidstr\u00e6kt og modstandsdygtigt materiale. Med fire forskellige varianter at v\u00e6lge imellem, kan du nemt v\u00e6lge den","og_url":"https:\/\/hubsch-interior.com\/da\/vare\/string-pude-morkebla\/","og_site_name":"H\u00fcbsch","article_modified_time":"2026-04-09T02:23:44+00:00","og_image":[{"width":1024,"height":1024,"url":"https:\/\/hubsch-interior.com\/wp-content\/uploads\/2026\/02\/string-cushion-dark-blue-9a8c9de2aab1f99b3fbeaa9b0fee5f39.jpg","type":"image\/jpeg"}],"twitter_card":"summary_large_image","schema":{"@context":"https:\/\/schema.org","@graph":[{"@type":"WebPage","@id":"https:\/\/hubsch-interior.com\/da\/vare\/string-pude-morkebla\/","url":"https:\/\/hubsch-interior.com\/da\/vare\/string-pude-morkebla\/","name":"String Pude M\u00f8rkebl\u00e5 - H\u00fcbsch","isPartOf":{"@id":"https:\/\/hubsch-interior.com\/da\/#website"},"primaryImageOfPage":{"@id":"https:\/\/hubsch-interior.com\/da\/vare\/string-pude-morkebla\/#primaryimage"},"image":{"@id":"https:\/\/hubsch-interior.com\/da\/vare\/string-pude-morkebla\/#primaryimage"},"thumbnailUrl":"https:\/\/hubsch-interior.com\/wp-content\/uploads\/2026\/02\/string-cushion-dark-blue-9a8c9de2aab1f99b3fbeaa9b0fee5f39.jpg","datePublished":"2024-01-29T07:28:48+00:00","dateModified":"2026-04-09T02:23:44+00:00","description":"Denne pude, er lavet af olefin som er et slidstr\u00e6kt og modstandsdygtigt materiale. Med fire forskellige varianter at v\u00e6lge imellem, kan du nemt v\u00e6lge den","breadcrumb":{"@id":"https:\/\/hubsch-interior.com\/da\/vare\/string-pude-morkebla\/#breadcrumb"},"inLanguage":"da-DK","potentialAction":[{"@type":"ReadAction","target":["https:\/\/hubsch-interior.com\/da\/vare\/string-pude-morkebla\/"]}]},{"@type":"ImageObject","inLanguage":"da-DK","@id":"https:\/\/hubsch-interior.com\/da\/vare\/string-pude-morkebla\/#primaryimage","url":"https:\/\/hubsch-interior.com\/wp-content\/uploads\/2026\/02\/string-cushion-dark-blue-9a8c9de2aab1f99b3fbeaa9b0fee5f39.jpg","contentUrl":"https:\/\/hubsch-interior.com\/wp-content\/uploads\/2026\/02\/string-cushion-dark-blue-9a8c9de2aab1f99b3fbeaa9b0fee5f39.jpg","width":1024,"height":1024},{"@type":"BreadcrumbList","@id":"https:\/\/hubsch-interior.com\/da\/vare\/string-pude-morkebla\/#breadcrumb","itemListElement":[{"@type":"ListItem","position":1,"name":"Forside","item":"https:\/\/hubsch-interior.com\/da\/"},{"@type":"ListItem","position":2,"name":"Produkter","item":"https:\/\/hubsch-interior.com\/da\/produkter\/"},{"@type":"ListItem","position":3,"name":"M\u00f8bler","item":"https:\/\/hubsch-interior.com\/da\/vare-kategori\/mobler\/"},{"@type":"ListItem","position":4,"name":"Havem&oslash;bler","item":"https:\/\/hubsch-interior.com\/da\/vare-kategori\/mobler\/havemoebler-da\/"},{"@type":"ListItem","position":5,"name":"Hynder","item":"https:\/\/hubsch-interior.com\/da\/vare-kategori\/mobler\/havemoebler-da\/hynder-da\/"},{"@type":"ListItem","position":6,"name":"String Pude M\u00f8rkebl\u00e5"}]},{"@type":"WebSite","@id":"https:\/\/hubsch-interior.com\/da\/#website","url":"https:\/\/hubsch-interior.com\/da\/","name":"H\u00fcbsch","description":"Danish Home Interior and Design","publisher":{"@id":"https:\/\/hubsch-interior.com\/da\/#organization"},"potentialAction":[{"@type":"SearchAction","target":{"@type":"EntryPoint","urlTemplate":"https:\/\/hubsch-interior.com\/da\/?s={search_term_string}"},"query-input":{"@type":"PropertyValueSpecification","valueRequired":true,"valueName":"search_term_string"}}],"inLanguage":"da-DK"},{"@type":"Organization","@id":"https:\/\/hubsch-interior.com\/da\/#organization","name":"H\u00fcbsch","url":"https:\/\/hubsch-interior.com\/da\/","logo":{"@type":"ImageObject","inLanguage":"da-DK","@id":"https:\/\/hubsch-interior.com\/da\/#\/schema\/logo\/image\/","url":"https:\/\/hubsch-interior.com\/wp-content\/uploads\/2022\/12\/Hubsch_logo_black_one_line.svg","contentUrl":"https:\/\/hubsch-interior.com\/wp-content\/uploads\/2022\/12\/Hubsch_logo_black_one_line.svg","caption":"H\u00fcbsch"},"image":{"@id":"https:\/\/hubsch-interior.com\/da\/#\/schema\/logo\/image\/"}}]}},"_links":{"self":[{"href":"https:\/\/hubsch-interior.com\/da\/wp-json\/wp\/v2\/product\/975435","targetHints":{"allow":["GET"]}}],"collection":[{"href":"https:\/\/hubsch-interior.com\/da\/wp-json\/wp\/v2\/product"}],"about":[{"href":"https:\/\/hubsch-interior.com\/da\/wp-json\/wp\/v2\/types\/product"}],"wp:featuredmedia":[{"embeddable":true,"href":"https:\/\/hubsch-interior.com\/da\/wp-json\/wp\/v2\/media\/1095365"}],"wp:attachment":[{"href":"https:\/\/hubsch-interior.com\/da\/wp-json\/wp\/v2\/media?parent=975435"}],"wp:term":[{"taxonomy":"product_brand","embeddable":true,"href":"https:\/\/hubsch-interior.com\/da\/wp-json\/wp\/v2\/product_brand?post=975435"},{"taxonomy":"product_cat","embeddable":true,"href":"https:\/\/hubsch-interior.com\/da\/wp-json\/wp\/v2\/product_cat?post=975435"},{"taxonomy":"product_tag","embeddable":true,"href":"https:\/\/hubsch-interior.com\/da\/wp-json\/wp\/v2\/product_tag?post=975435"}],"curies":[{"name":"wp","href":"https:\/\/api.w.org\/{rel}","templated":true}]}}