{"id":975571,"date":"2024-01-29T08:29:49","date_gmt":"2024-01-29T07:29:49","guid":{"rendered":"https:\/\/hubsch-interior.com\/product\/product\/"},"modified":"2026-04-29T04:27:36","modified_gmt":"2026-04-29T02:27:36","slug":"amare-skale-flerfarvet-saet-af-3","status":"publish","type":"product","link":"https:\/\/hubsch-interior.com\/da\/vare\/amare-skale-flerfarvet-saet-af-3\/","title":{"rendered":"Amare Sk\u00e5le \u00a0Flerfarvet (s\u00e6t af 3)"},"content":{"rendered":"<p>Amare Sk\u00e5lene er det perfekte supplement til Amare kollektionen og giver dig mulighed for at give dine g\u00e6ster den fulde Amare oplevelse. Sk\u00e5lene, lavet af stenpulver, kommer i en flerfarvet udgave, der passer perfekt til enhver bordd\u00e6kning. Brug sk\u00e5lene til servering af snacks eller til opbevaring af krydderier og andret sm\u00e5 nips. Giv din indretning et strejf af farve og funktionalitet med Amare Sk\u00e5lene.<\/p>\n","protected":false},"excerpt":{"rendered":"<p>Amare Sk\u00e5lene er det perfekte supplement til Amare kollektionen og giver dig mulighed for at give dine g\u00e6ster den fulde Amare oplevelse. Sk\u00e5lene, lavet af stenpulver, kommer i en flerfarvet udgave, der passer perfekt til enhver bordd\u00e6kning. Brug sk\u00e5lene til servering af snacks eller til opbevaring af krydderier og andret sm\u00e5 nips. Giv din indretning [&hellip;]<\/p>\n","protected":false},"featured_media":1096410,"template":"","meta":{"_acf_changed":false,"inline_featured_image":false},"product_brand":[],"product_cat":[7025,6880,6970,7042,6672,4051,4094,5025],"product_tag":[],"class_list":{"0":"post-975571","1":"product","2":"type-product","3":"status-publish","4":"has-post-thumbnail","6":"product_cat-bordservice-da-2","7":"product_cat-elevating-nostalgia-da","8":"product_cat-paaskeudsalg","9":"product_cat-serveringsskaale-da","10":"product_cat-amare-tableware-da","11":"product_cat-koekkentilbehoer-da","12":"product_cat-bordservice-da","13":"product_cat-bestsellers-da","14":"product_shipping_class-pk","16":"pa_color-flerfarvet-2","17":"pa_material-stone-powder-100-2","19":"first","20":"instock","21":"featured","22":"taxable","23":"shipping-taxable","24":"purchasable","25":"product-type-simple"},"exclude_global_add_ons":[],"addons":[],"acf":[],"yoast_head":"<!-- This site is optimized with the Yoast SEO plugin v26.4 - https:\/\/yoast.com\/wordpress\/plugins\/seo\/ -->\n<title>Amare Sk\u00e5le \u00a0Flerfarvet (s\u00e6t af 3) - H\u00fcbsch<\/title>\n<meta name=\"description\" content=\"Amare Sk\u00e5lene er det perfekte supplement til Amare kollektionen og giver dig mulighed for at give dine g\u00e6ster den fulde Amare oplevelse. Sk\u00e5lene, lavet af\" \/>\n<meta name=\"robots\" content=\"index, follow, max-snippet:-1, max-image-preview:large, max-video-preview:-1\" \/>\n<link rel=\"canonical\" href=\"https:\/\/hubsch-interior.com\/da\/wp-json\/wp\/v2\/product\/975571\" \/>\n<meta property=\"og:locale\" content=\"da_DK\" \/>\n<meta property=\"og:type\" content=\"article\" \/>\n<meta property=\"og:title\" content=\"Amare Sk\u00e5le \u00a0Flerfarvet (s\u00e6t af 3) - H\u00fcbsch\" \/>\n<meta property=\"og:description\" content=\"Amare Sk\u00e5lene er det perfekte supplement til Amare kollektionen og giver dig mulighed for at give dine g\u00e6ster den fulde Amare oplevelse. Sk\u00e5lene, lavet af\" \/>\n<meta property=\"og:url\" content=\"https:\/\/hubsch-interior.com\/da\/vare\/amare-skale-flerfarvet-saet-af-3\/\" \/>\n<meta property=\"og:site_name\" content=\"H\u00fcbsch\" \/>\n<meta property=\"article:modified_time\" content=\"2026-04-29T02:27:36+00:00\" \/>\n<meta property=\"og:image\" content=\"https:\/\/hubsch-interior.com\/wp-content\/uploads\/2025\/04\/amare-bowls-multicolour-set-of-3-22c2f1b712cc7de508fb03fc9f18f7c9.jpg\" \/>\n\t<meta property=\"og:image:width\" content=\"1200\" \/>\n\t<meta property=\"og:image:height\" content=\"1200\" \/>\n\t<meta property=\"og:image:type\" content=\"image\/jpeg\" \/>\n<meta name=\"twitter:card\" content=\"summary_large_image\" \/>\n<script type=\"application\/ld+json\" class=\"yoast-schema-graph\">{\"@context\":\"https:\/\/schema.org\",\"@graph\":[{\"@type\":\"WebPage\",\"@id\":\"https:\/\/hubsch-interior.com\/da\/vare\/amare-skale-flerfarvet-saet-af-3\/\",\"url\":\"https:\/\/hubsch-interior.com\/da\/vare\/amare-skale-flerfarvet-saet-af-3\/\",\"name\":\"Amare Sk\u00e5le \u00a0Flerfarvet (s\u00e6t af 3) - H\u00fcbsch\",\"isPartOf\":{\"@id\":\"https:\/\/hubsch-interior.com\/da\/#website\"},\"primaryImageOfPage\":{\"@id\":\"https:\/\/hubsch-interior.com\/da\/vare\/amare-skale-flerfarvet-saet-af-3\/#primaryimage\"},\"image\":{\"@id\":\"https:\/\/hubsch-interior.com\/da\/vare\/amare-skale-flerfarvet-saet-af-3\/#primaryimage\"},\"thumbnailUrl\":\"https:\/\/hubsch-interior.com\/wp-content\/uploads\/2026\/02\/amare-bowls-multicolour-set-of-3-9e832d4f9ef81f84cac99c7b69d8d039.jpg\",\"datePublished\":\"2024-01-29T07:29:49+00:00\",\"dateModified\":\"2026-04-29T02:27:36+00:00\",\"description\":\"Amare Sk\u00e5lene er det perfekte supplement til Amare kollektionen og giver dig mulighed for at give dine g\u00e6ster den fulde Amare oplevelse. Sk\u00e5lene, lavet af\",\"breadcrumb\":{\"@id\":\"https:\/\/hubsch-interior.com\/da\/vare\/amare-skale-flerfarvet-saet-af-3\/#breadcrumb\"},\"inLanguage\":\"da-DK\",\"potentialAction\":[{\"@type\":\"ReadAction\",\"target\":[\"https:\/\/hubsch-interior.com\/da\/vare\/amare-skale-flerfarvet-saet-af-3\/\"]}]},{\"@type\":\"ImageObject\",\"inLanguage\":\"da-DK\",\"@id\":\"https:\/\/hubsch-interior.com\/da\/vare\/amare-skale-flerfarvet-saet-af-3\/#primaryimage\",\"url\":\"https:\/\/hubsch-interior.com\/wp-content\/uploads\/2026\/02\/amare-bowls-multicolour-set-of-3-9e832d4f9ef81f84cac99c7b69d8d039.jpg\",\"contentUrl\":\"https:\/\/hubsch-interior.com\/wp-content\/uploads\/2026\/02\/amare-bowls-multicolour-set-of-3-9e832d4f9ef81f84cac99c7b69d8d039.jpg\",\"width\":1024,\"height\":1024},{\"@type\":\"BreadcrumbList\",\"@id\":\"https:\/\/hubsch-interior.com\/da\/vare\/amare-skale-flerfarvet-saet-af-3\/#breadcrumb\",\"itemListElement\":[{\"@type\":\"ListItem\",\"position\":1,\"name\":\"Forside\",\"item\":\"https:\/\/hubsch-interior.com\/da\/\"},{\"@type\":\"ListItem\",\"position\":2,\"name\":\"Produkter\",\"item\":\"https:\/\/hubsch-interior.com\/da\/produkter\/\"},{\"@type\":\"ListItem\",\"position\":3,\"name\":\"K\u00f8kken\",\"item\":\"https:\/\/hubsch-interior.com\/da\/vare-kategori\/koekken\/\"},{\"@type\":\"ListItem\",\"position\":4,\"name\":\"Bordservice\",\"item\":\"https:\/\/hubsch-interior.com\/da\/vare-kategori\/koekken\/bordservice-da-2\/\"},{\"@type\":\"ListItem\",\"position\":5,\"name\":\"Serveringssk&aring;le\",\"item\":\"https:\/\/hubsch-interior.com\/da\/vare-kategori\/koekken\/bordservice-da-2\/serveringsskaale-da\/\"},{\"@type\":\"ListItem\",\"position\":6,\"name\":\"Amare Sk\u00e5le \u00a0Flerfarvet (s\u00e6t af 3)\"}]},{\"@type\":\"WebSite\",\"@id\":\"https:\/\/hubsch-interior.com\/da\/#website\",\"url\":\"https:\/\/hubsch-interior.com\/da\/\",\"name\":\"H\u00fcbsch\",\"description\":\"Danish Home Interior and Design\",\"publisher\":{\"@id\":\"https:\/\/hubsch-interior.com\/da\/#organization\"},\"potentialAction\":[{\"@type\":\"SearchAction\",\"target\":{\"@type\":\"EntryPoint\",\"urlTemplate\":\"https:\/\/hubsch-interior.com\/da\/?s={search_term_string}\"},\"query-input\":{\"@type\":\"PropertyValueSpecification\",\"valueRequired\":true,\"valueName\":\"search_term_string\"}}],\"inLanguage\":\"da-DK\"},{\"@type\":\"Organization\",\"@id\":\"https:\/\/hubsch-interior.com\/da\/#organization\",\"name\":\"H\u00fcbsch\",\"url\":\"https:\/\/hubsch-interior.com\/da\/\",\"logo\":{\"@type\":\"ImageObject\",\"inLanguage\":\"da-DK\",\"@id\":\"https:\/\/hubsch-interior.com\/da\/#\/schema\/logo\/image\/\",\"url\":\"https:\/\/hubsch-interior.com\/wp-content\/uploads\/2022\/12\/Hubsch_logo_black_one_line.svg\",\"contentUrl\":\"https:\/\/hubsch-interior.com\/wp-content\/uploads\/2022\/12\/Hubsch_logo_black_one_line.svg\",\"caption\":\"H\u00fcbsch\"},\"image\":{\"@id\":\"https:\/\/hubsch-interior.com\/da\/#\/schema\/logo\/image\/\"}}]}<\/script>\n<!-- \/ Yoast SEO plugin. -->","yoast_head_json":{"title":"Amare Sk\u00e5le \u00a0Flerfarvet (s\u00e6t af 3) - H\u00fcbsch","description":"Amare Sk\u00e5lene er det perfekte supplement til Amare kollektionen og giver dig mulighed for at give dine g\u00e6ster den fulde Amare oplevelse. Sk\u00e5lene, lavet af","robots":{"index":"index","follow":"follow","max-snippet":"max-snippet:-1","max-image-preview":"max-image-preview:large","max-video-preview":"max-video-preview:-1"},"canonical":"https:\/\/hubsch-interior.com\/da\/wp-json\/wp\/v2\/product\/975571","og_locale":"da_DK","og_type":"article","og_title":"Amare Sk\u00e5le \u00a0Flerfarvet (s\u00e6t af 3) - H\u00fcbsch","og_description":"Amare Sk\u00e5lene er det perfekte supplement til Amare kollektionen og giver dig mulighed for at give dine g\u00e6ster den fulde Amare oplevelse. Sk\u00e5lene, lavet af","og_url":"https:\/\/hubsch-interior.com\/da\/vare\/amare-skale-flerfarvet-saet-af-3\/","og_site_name":"H\u00fcbsch","article_modified_time":"2026-04-29T02:27:36+00:00","og_image":[{"width":1200,"height":1200,"url":"https:\/\/hubsch-interior.com\/wp-content\/uploads\/2025\/04\/amare-bowls-multicolour-set-of-3-22c2f1b712cc7de508fb03fc9f18f7c9.jpg","type":"image\/jpeg"}],"twitter_card":"summary_large_image","schema":{"@context":"https:\/\/schema.org","@graph":[{"@type":"WebPage","@id":"https:\/\/hubsch-interior.com\/da\/vare\/amare-skale-flerfarvet-saet-af-3\/","url":"https:\/\/hubsch-interior.com\/da\/vare\/amare-skale-flerfarvet-saet-af-3\/","name":"Amare Sk\u00e5le \u00a0Flerfarvet (s\u00e6t af 3) - H\u00fcbsch","isPartOf":{"@id":"https:\/\/hubsch-interior.com\/da\/#website"},"primaryImageOfPage":{"@id":"https:\/\/hubsch-interior.com\/da\/vare\/amare-skale-flerfarvet-saet-af-3\/#primaryimage"},"image":{"@id":"https:\/\/hubsch-interior.com\/da\/vare\/amare-skale-flerfarvet-saet-af-3\/#primaryimage"},"thumbnailUrl":"https:\/\/hubsch-interior.com\/wp-content\/uploads\/2026\/02\/amare-bowls-multicolour-set-of-3-9e832d4f9ef81f84cac99c7b69d8d039.jpg","datePublished":"2024-01-29T07:29:49+00:00","dateModified":"2026-04-29T02:27:36+00:00","description":"Amare Sk\u00e5lene er det perfekte supplement til Amare kollektionen og giver dig mulighed for at give dine g\u00e6ster den fulde Amare oplevelse. Sk\u00e5lene, lavet af","breadcrumb":{"@id":"https:\/\/hubsch-interior.com\/da\/vare\/amare-skale-flerfarvet-saet-af-3\/#breadcrumb"},"inLanguage":"da-DK","potentialAction":[{"@type":"ReadAction","target":["https:\/\/hubsch-interior.com\/da\/vare\/amare-skale-flerfarvet-saet-af-3\/"]}]},{"@type":"ImageObject","inLanguage":"da-DK","@id":"https:\/\/hubsch-interior.com\/da\/vare\/amare-skale-flerfarvet-saet-af-3\/#primaryimage","url":"https:\/\/hubsch-interior.com\/wp-content\/uploads\/2026\/02\/amare-bowls-multicolour-set-of-3-9e832d4f9ef81f84cac99c7b69d8d039.jpg","contentUrl":"https:\/\/hubsch-interior.com\/wp-content\/uploads\/2026\/02\/amare-bowls-multicolour-set-of-3-9e832d4f9ef81f84cac99c7b69d8d039.jpg","width":1024,"height":1024},{"@type":"BreadcrumbList","@id":"https:\/\/hubsch-interior.com\/da\/vare\/amare-skale-flerfarvet-saet-af-3\/#breadcrumb","itemListElement":[{"@type":"ListItem","position":1,"name":"Forside","item":"https:\/\/hubsch-interior.com\/da\/"},{"@type":"ListItem","position":2,"name":"Produkter","item":"https:\/\/hubsch-interior.com\/da\/produkter\/"},{"@type":"ListItem","position":3,"name":"K\u00f8kken","item":"https:\/\/hubsch-interior.com\/da\/vare-kategori\/koekken\/"},{"@type":"ListItem","position":4,"name":"Bordservice","item":"https:\/\/hubsch-interior.com\/da\/vare-kategori\/koekken\/bordservice-da-2\/"},{"@type":"ListItem","position":5,"name":"Serveringssk&aring;le","item":"https:\/\/hubsch-interior.com\/da\/vare-kategori\/koekken\/bordservice-da-2\/serveringsskaale-da\/"},{"@type":"ListItem","position":6,"name":"Amare Sk\u00e5le \u00a0Flerfarvet (s\u00e6t af 3)"}]},{"@type":"WebSite","@id":"https:\/\/hubsch-interior.com\/da\/#website","url":"https:\/\/hubsch-interior.com\/da\/","name":"H\u00fcbsch","description":"Danish Home Interior and Design","publisher":{"@id":"https:\/\/hubsch-interior.com\/da\/#organization"},"potentialAction":[{"@type":"SearchAction","target":{"@type":"EntryPoint","urlTemplate":"https:\/\/hubsch-interior.com\/da\/?s={search_term_string}"},"query-input":{"@type":"PropertyValueSpecification","valueRequired":true,"valueName":"search_term_string"}}],"inLanguage":"da-DK"},{"@type":"Organization","@id":"https:\/\/hubsch-interior.com\/da\/#organization","name":"H\u00fcbsch","url":"https:\/\/hubsch-interior.com\/da\/","logo":{"@type":"ImageObject","inLanguage":"da-DK","@id":"https:\/\/hubsch-interior.com\/da\/#\/schema\/logo\/image\/","url":"https:\/\/hubsch-interior.com\/wp-content\/uploads\/2022\/12\/Hubsch_logo_black_one_line.svg","contentUrl":"https:\/\/hubsch-interior.com\/wp-content\/uploads\/2022\/12\/Hubsch_logo_black_one_line.svg","caption":"H\u00fcbsch"},"image":{"@id":"https:\/\/hubsch-interior.com\/da\/#\/schema\/logo\/image\/"}}]}},"_links":{"self":[{"href":"https:\/\/hubsch-interior.com\/da\/wp-json\/wp\/v2\/product\/975571","targetHints":{"allow":["GET"]}}],"collection":[{"href":"https:\/\/hubsch-interior.com\/da\/wp-json\/wp\/v2\/product"}],"about":[{"href":"https:\/\/hubsch-interior.com\/da\/wp-json\/wp\/v2\/types\/product"}],"wp:featuredmedia":[{"embeddable":true,"href":"https:\/\/hubsch-interior.com\/da\/wp-json\/wp\/v2\/media\/1096410"}],"wp:attachment":[{"href":"https:\/\/hubsch-interior.com\/da\/wp-json\/wp\/v2\/media?parent=975571"}],"wp:term":[{"taxonomy":"product_brand","embeddable":true,"href":"https:\/\/hubsch-interior.com\/da\/wp-json\/wp\/v2\/product_brand?post=975571"},{"taxonomy":"product_cat","embeddable":true,"href":"https:\/\/hubsch-interior.com\/da\/wp-json\/wp\/v2\/product_cat?post=975571"},{"taxonomy":"product_tag","embeddable":true,"href":"https:\/\/hubsch-interior.com\/da\/wp-json\/wp\/v2\/product_tag?post=975571"}],"curies":[{"name":"wp","href":"https:\/\/api.w.org\/{rel}","templated":true}]}}