{"id":975639,"date":"2024-01-29T08:30:23","date_gmt":"2024-01-29T07:30:23","guid":{"rendered":"https:\/\/hubsch-interior.com\/product\/product\/"},"modified":"2026-04-05T04:28:08","modified_gmt":"2026-04-05T02:28:08","slug":"amare-bordskanere-large-lysegron-rodbrun-saet-af-2","status":"publish","type":"product","link":"https:\/\/hubsch-interior.com\/da\/vare\/amare-bordskanere-large-lysegron-rodbrun-saet-af-2\/","title":{"rendered":"Amare Bordsk\u00e5nere Large Lysegr\u00f8n\/R\u00f8dbrun (s\u00e6t af 2)"},"content":{"rendered":"<p>Amare Bordsk\u00e5nere &#8211; dit bord fortjener den fulde Amare oplevelse! Nu kan du tilf\u00f8je endnu mere til din Amare samling med vores bordsk\u00e5nere i lysegr\u00f8n og r\u00f8dbrun. Disse unikke sk\u00e5nere er lavet af stenpulver, hvilket g\u00f8r dem holdbare og varmebestandige. Med to forskellige st\u00f8rrelser passer de til alle dine daglige madlavning behov og giver varmebeskyttelse til dine bordplader. De s\u00e6lges i s\u00e6t af to. <\/p>\n","protected":false},"excerpt":{"rendered":"<p>Amare Bordsk\u00e5nere &#8211; dit bord fortjener den fulde Amare oplevelse! Nu kan du tilf\u00f8je endnu mere til din Amare samling med vores bordsk\u00e5nere i lysegr\u00f8n og r\u00f8dbrun. Disse unikke sk\u00e5nere er lavet af stenpulver, hvilket g\u00f8r dem holdbare og varmebestandige. Med to forskellige st\u00f8rrelser passer de til alle dine daglige madlavning behov og giver varmebeskyttelse [&hellip;]<\/p>\n","protected":false},"featured_media":1096458,"template":"","meta":{"_acf_changed":false,"inline_featured_image":false},"product_brand":[],"product_cat":[7025,6880,6970,7026,6672,6347,4051,4094,5025,6517],"product_tag":[],"class_list":{"0":"post-975639","1":"product","2":"type-product","3":"status-publish","4":"has-post-thumbnail","6":"product_cat-bordservice-da-2","7":"product_cat-elevating-nostalgia-da","8":"product_cat-paaskeudsalg","9":"product_cat-serveringsfade-tallerkener-da","10":"product_cat-amare-tableware-da","11":"product_cat-garden-selection-da","12":"product_cat-koekkentilbehoer-da","13":"product_cat-bordservice-da","14":"product_cat-bestsellers-da","15":"product_cat-outlet-da","16":"product_shipping_class-pk","18":"pa_color-lysegrn","19":"pa_color-rdbrun","20":"pa_material-stone-powder-100-2","22":"first","23":"instock","24":"sale","25":"featured","26":"taxable","27":"shipping-taxable","28":"purchasable","29":"product-type-simple"},"exclude_global_add_ons":[],"addons":[],"acf":[],"yoast_head":"<!-- This site is optimized with the Yoast SEO plugin v26.4 - https:\/\/yoast.com\/wordpress\/plugins\/seo\/ -->\n<title>Amare Bordsk\u00e5nere Large Lysegr\u00f8n\/R\u00f8dbrun (s\u00e6t af 2) - H\u00fcbsch<\/title>\n<meta name=\"description\" content=\"Amare Bordsk\u00e5nere - dit bord fortjener den fulde Amare oplevelse! Nu kan du tilf\u00f8je endnu mere til din Amare samling med vores bordsk\u00e5nere i lysegr\u00f8n og\" \/>\n<meta name=\"robots\" content=\"index, follow, max-snippet:-1, max-image-preview:large, max-video-preview:-1\" \/>\n<link rel=\"canonical\" href=\"https:\/\/hubsch-interior.com\/da\/wp-json\/wp\/v2\/product\/975639\" \/>\n<meta property=\"og:locale\" content=\"da_DK\" \/>\n<meta property=\"og:type\" content=\"article\" \/>\n<meta property=\"og:title\" content=\"Amare Bordsk\u00e5nere Large Lysegr\u00f8n\/R\u00f8dbrun (s\u00e6t af 2) - H\u00fcbsch\" \/>\n<meta property=\"og:description\" content=\"Amare Bordsk\u00e5nere - dit bord fortjener den fulde Amare oplevelse! Nu kan du tilf\u00f8je endnu mere til din Amare samling med vores bordsk\u00e5nere i lysegr\u00f8n og\" \/>\n<meta property=\"og:url\" content=\"https:\/\/hubsch-interior.com\/da\/vare\/amare-bordskanere-large-lysegron-rodbrun-saet-af-2\/\" \/>\n<meta property=\"og:site_name\" content=\"H\u00fcbsch\" \/>\n<meta property=\"article:modified_time\" content=\"2026-04-05T02:28:08+00:00\" \/>\n<meta property=\"og:image\" content=\"https:\/\/hubsch-interior.com\/wp-content\/uploads\/2025\/04\/amare-trivets-large-light-greenmaroon-set-of-2-172d8bfede281c0fec29555184a2fcc9.jpg\" \/>\n\t<meta property=\"og:image:width\" content=\"1200\" \/>\n\t<meta property=\"og:image:height\" content=\"1200\" \/>\n\t<meta property=\"og:image:type\" content=\"image\/jpeg\" \/>\n<meta name=\"twitter:card\" content=\"summary_large_image\" \/>\n<script type=\"application\/ld+json\" class=\"yoast-schema-graph\">{\"@context\":\"https:\/\/schema.org\",\"@graph\":[{\"@type\":\"WebPage\",\"@id\":\"https:\/\/hubsch-interior.com\/da\/vare\/amare-bordskanere-large-lysegron-rodbrun-saet-af-2\/\",\"url\":\"https:\/\/hubsch-interior.com\/da\/vare\/amare-bordskanere-large-lysegron-rodbrun-saet-af-2\/\",\"name\":\"Amare Bordsk\u00e5nere Large Lysegr\u00f8n\/R\u00f8dbrun (s\u00e6t af 2) - H\u00fcbsch\",\"isPartOf\":{\"@id\":\"https:\/\/hubsch-interior.com\/da\/#website\"},\"primaryImageOfPage\":{\"@id\":\"https:\/\/hubsch-interior.com\/da\/vare\/amare-bordskanere-large-lysegron-rodbrun-saet-af-2\/#primaryimage\"},\"image\":{\"@id\":\"https:\/\/hubsch-interior.com\/da\/vare\/amare-bordskanere-large-lysegron-rodbrun-saet-af-2\/#primaryimage\"},\"thumbnailUrl\":\"https:\/\/hubsch-interior.com\/wp-content\/uploads\/2026\/02\/amare-trivets-large-light-greenmaroon-set-of-2-9b116ce6669fd29d6be33b217dcb174a.jpg\",\"datePublished\":\"2024-01-29T07:30:23+00:00\",\"dateModified\":\"2026-04-05T02:28:08+00:00\",\"description\":\"Amare Bordsk\u00e5nere - dit bord fortjener den fulde Amare oplevelse! Nu kan du tilf\u00f8je endnu mere til din Amare samling med vores bordsk\u00e5nere i lysegr\u00f8n og\",\"breadcrumb\":{\"@id\":\"https:\/\/hubsch-interior.com\/da\/vare\/amare-bordskanere-large-lysegron-rodbrun-saet-af-2\/#breadcrumb\"},\"inLanguage\":\"da-DK\",\"potentialAction\":[{\"@type\":\"ReadAction\",\"target\":[\"https:\/\/hubsch-interior.com\/da\/vare\/amare-bordskanere-large-lysegron-rodbrun-saet-af-2\/\"]}]},{\"@type\":\"ImageObject\",\"inLanguage\":\"da-DK\",\"@id\":\"https:\/\/hubsch-interior.com\/da\/vare\/amare-bordskanere-large-lysegron-rodbrun-saet-af-2\/#primaryimage\",\"url\":\"https:\/\/hubsch-interior.com\/wp-content\/uploads\/2026\/02\/amare-trivets-large-light-greenmaroon-set-of-2-9b116ce6669fd29d6be33b217dcb174a.jpg\",\"contentUrl\":\"https:\/\/hubsch-interior.com\/wp-content\/uploads\/2026\/02\/amare-trivets-large-light-greenmaroon-set-of-2-9b116ce6669fd29d6be33b217dcb174a.jpg\",\"width\":1024,\"height\":1024},{\"@type\":\"BreadcrumbList\",\"@id\":\"https:\/\/hubsch-interior.com\/da\/vare\/amare-bordskanere-large-lysegron-rodbrun-saet-af-2\/#breadcrumb\",\"itemListElement\":[{\"@type\":\"ListItem\",\"position\":1,\"name\":\"Forside\",\"item\":\"https:\/\/hubsch-interior.com\/da\/\"},{\"@type\":\"ListItem\",\"position\":2,\"name\":\"Produkter\",\"item\":\"https:\/\/hubsch-interior.com\/da\/produkter\/\"},{\"@type\":\"ListItem\",\"position\":3,\"name\":\"K\u00f8kken\",\"item\":\"https:\/\/hubsch-interior.com\/da\/vare-kategori\/koekken\/\"},{\"@type\":\"ListItem\",\"position\":4,\"name\":\"Bordservice\",\"item\":\"https:\/\/hubsch-interior.com\/da\/vare-kategori\/koekken\/bordservice-da-2\/\"},{\"@type\":\"ListItem\",\"position\":5,\"name\":\"Serveringsfade &amp; Tallerkener\",\"item\":\"https:\/\/hubsch-interior.com\/da\/vare-kategori\/koekken\/bordservice-da-2\/serveringsfade-tallerkener-da\/\"},{\"@type\":\"ListItem\",\"position\":6,\"name\":\"Amare Bordsk\u00e5nere Large Lysegr\u00f8n\/R\u00f8dbrun (s\u00e6t af 2)\"}]},{\"@type\":\"WebSite\",\"@id\":\"https:\/\/hubsch-interior.com\/da\/#website\",\"url\":\"https:\/\/hubsch-interior.com\/da\/\",\"name\":\"H\u00fcbsch\",\"description\":\"Danish Home Interior and Design\",\"publisher\":{\"@id\":\"https:\/\/hubsch-interior.com\/da\/#organization\"},\"potentialAction\":[{\"@type\":\"SearchAction\",\"target\":{\"@type\":\"EntryPoint\",\"urlTemplate\":\"https:\/\/hubsch-interior.com\/da\/?s={search_term_string}\"},\"query-input\":{\"@type\":\"PropertyValueSpecification\",\"valueRequired\":true,\"valueName\":\"search_term_string\"}}],\"inLanguage\":\"da-DK\"},{\"@type\":\"Organization\",\"@id\":\"https:\/\/hubsch-interior.com\/da\/#organization\",\"name\":\"H\u00fcbsch\",\"url\":\"https:\/\/hubsch-interior.com\/da\/\",\"logo\":{\"@type\":\"ImageObject\",\"inLanguage\":\"da-DK\",\"@id\":\"https:\/\/hubsch-interior.com\/da\/#\/schema\/logo\/image\/\",\"url\":\"https:\/\/hubsch-interior.com\/wp-content\/uploads\/2022\/12\/Hubsch_logo_black_one_line.svg\",\"contentUrl\":\"https:\/\/hubsch-interior.com\/wp-content\/uploads\/2022\/12\/Hubsch_logo_black_one_line.svg\",\"caption\":\"H\u00fcbsch\"},\"image\":{\"@id\":\"https:\/\/hubsch-interior.com\/da\/#\/schema\/logo\/image\/\"}}]}<\/script>\n<!-- \/ Yoast SEO plugin. -->","yoast_head_json":{"title":"Amare Bordsk\u00e5nere Large Lysegr\u00f8n\/R\u00f8dbrun (s\u00e6t af 2) - H\u00fcbsch","description":"Amare Bordsk\u00e5nere - dit bord fortjener den fulde Amare oplevelse! Nu kan du tilf\u00f8je endnu mere til din Amare samling med vores bordsk\u00e5nere i lysegr\u00f8n og","robots":{"index":"index","follow":"follow","max-snippet":"max-snippet:-1","max-image-preview":"max-image-preview:large","max-video-preview":"max-video-preview:-1"},"canonical":"https:\/\/hubsch-interior.com\/da\/wp-json\/wp\/v2\/product\/975639","og_locale":"da_DK","og_type":"article","og_title":"Amare Bordsk\u00e5nere Large Lysegr\u00f8n\/R\u00f8dbrun (s\u00e6t af 2) - H\u00fcbsch","og_description":"Amare Bordsk\u00e5nere - dit bord fortjener den fulde Amare oplevelse! Nu kan du tilf\u00f8je endnu mere til din Amare samling med vores bordsk\u00e5nere i lysegr\u00f8n og","og_url":"https:\/\/hubsch-interior.com\/da\/vare\/amare-bordskanere-large-lysegron-rodbrun-saet-af-2\/","og_site_name":"H\u00fcbsch","article_modified_time":"2026-04-05T02:28:08+00:00","og_image":[{"width":1200,"height":1200,"url":"https:\/\/hubsch-interior.com\/wp-content\/uploads\/2025\/04\/amare-trivets-large-light-greenmaroon-set-of-2-172d8bfede281c0fec29555184a2fcc9.jpg","type":"image\/jpeg"}],"twitter_card":"summary_large_image","schema":{"@context":"https:\/\/schema.org","@graph":[{"@type":"WebPage","@id":"https:\/\/hubsch-interior.com\/da\/vare\/amare-bordskanere-large-lysegron-rodbrun-saet-af-2\/","url":"https:\/\/hubsch-interior.com\/da\/vare\/amare-bordskanere-large-lysegron-rodbrun-saet-af-2\/","name":"Amare Bordsk\u00e5nere Large Lysegr\u00f8n\/R\u00f8dbrun (s\u00e6t af 2) - H\u00fcbsch","isPartOf":{"@id":"https:\/\/hubsch-interior.com\/da\/#website"},"primaryImageOfPage":{"@id":"https:\/\/hubsch-interior.com\/da\/vare\/amare-bordskanere-large-lysegron-rodbrun-saet-af-2\/#primaryimage"},"image":{"@id":"https:\/\/hubsch-interior.com\/da\/vare\/amare-bordskanere-large-lysegron-rodbrun-saet-af-2\/#primaryimage"},"thumbnailUrl":"https:\/\/hubsch-interior.com\/wp-content\/uploads\/2026\/02\/amare-trivets-large-light-greenmaroon-set-of-2-9b116ce6669fd29d6be33b217dcb174a.jpg","datePublished":"2024-01-29T07:30:23+00:00","dateModified":"2026-04-05T02:28:08+00:00","description":"Amare Bordsk\u00e5nere - dit bord fortjener den fulde Amare oplevelse! Nu kan du tilf\u00f8je endnu mere til din Amare samling med vores bordsk\u00e5nere i lysegr\u00f8n og","breadcrumb":{"@id":"https:\/\/hubsch-interior.com\/da\/vare\/amare-bordskanere-large-lysegron-rodbrun-saet-af-2\/#breadcrumb"},"inLanguage":"da-DK","potentialAction":[{"@type":"ReadAction","target":["https:\/\/hubsch-interior.com\/da\/vare\/amare-bordskanere-large-lysegron-rodbrun-saet-af-2\/"]}]},{"@type":"ImageObject","inLanguage":"da-DK","@id":"https:\/\/hubsch-interior.com\/da\/vare\/amare-bordskanere-large-lysegron-rodbrun-saet-af-2\/#primaryimage","url":"https:\/\/hubsch-interior.com\/wp-content\/uploads\/2026\/02\/amare-trivets-large-light-greenmaroon-set-of-2-9b116ce6669fd29d6be33b217dcb174a.jpg","contentUrl":"https:\/\/hubsch-interior.com\/wp-content\/uploads\/2026\/02\/amare-trivets-large-light-greenmaroon-set-of-2-9b116ce6669fd29d6be33b217dcb174a.jpg","width":1024,"height":1024},{"@type":"BreadcrumbList","@id":"https:\/\/hubsch-interior.com\/da\/vare\/amare-bordskanere-large-lysegron-rodbrun-saet-af-2\/#breadcrumb","itemListElement":[{"@type":"ListItem","position":1,"name":"Forside","item":"https:\/\/hubsch-interior.com\/da\/"},{"@type":"ListItem","position":2,"name":"Produkter","item":"https:\/\/hubsch-interior.com\/da\/produkter\/"},{"@type":"ListItem","position":3,"name":"K\u00f8kken","item":"https:\/\/hubsch-interior.com\/da\/vare-kategori\/koekken\/"},{"@type":"ListItem","position":4,"name":"Bordservice","item":"https:\/\/hubsch-interior.com\/da\/vare-kategori\/koekken\/bordservice-da-2\/"},{"@type":"ListItem","position":5,"name":"Serveringsfade &amp; Tallerkener","item":"https:\/\/hubsch-interior.com\/da\/vare-kategori\/koekken\/bordservice-da-2\/serveringsfade-tallerkener-da\/"},{"@type":"ListItem","position":6,"name":"Amare Bordsk\u00e5nere Large Lysegr\u00f8n\/R\u00f8dbrun (s\u00e6t af 2)"}]},{"@type":"WebSite","@id":"https:\/\/hubsch-interior.com\/da\/#website","url":"https:\/\/hubsch-interior.com\/da\/","name":"H\u00fcbsch","description":"Danish Home Interior and Design","publisher":{"@id":"https:\/\/hubsch-interior.com\/da\/#organization"},"potentialAction":[{"@type":"SearchAction","target":{"@type":"EntryPoint","urlTemplate":"https:\/\/hubsch-interior.com\/da\/?s={search_term_string}"},"query-input":{"@type":"PropertyValueSpecification","valueRequired":true,"valueName":"search_term_string"}}],"inLanguage":"da-DK"},{"@type":"Organization","@id":"https:\/\/hubsch-interior.com\/da\/#organization","name":"H\u00fcbsch","url":"https:\/\/hubsch-interior.com\/da\/","logo":{"@type":"ImageObject","inLanguage":"da-DK","@id":"https:\/\/hubsch-interior.com\/da\/#\/schema\/logo\/image\/","url":"https:\/\/hubsch-interior.com\/wp-content\/uploads\/2022\/12\/Hubsch_logo_black_one_line.svg","contentUrl":"https:\/\/hubsch-interior.com\/wp-content\/uploads\/2022\/12\/Hubsch_logo_black_one_line.svg","caption":"H\u00fcbsch"},"image":{"@id":"https:\/\/hubsch-interior.com\/da\/#\/schema\/logo\/image\/"}}]}},"_links":{"self":[{"href":"https:\/\/hubsch-interior.com\/da\/wp-json\/wp\/v2\/product\/975639","targetHints":{"allow":["GET"]}}],"collection":[{"href":"https:\/\/hubsch-interior.com\/da\/wp-json\/wp\/v2\/product"}],"about":[{"href":"https:\/\/hubsch-interior.com\/da\/wp-json\/wp\/v2\/types\/product"}],"wp:featuredmedia":[{"embeddable":true,"href":"https:\/\/hubsch-interior.com\/da\/wp-json\/wp\/v2\/media\/1096458"}],"wp:attachment":[{"href":"https:\/\/hubsch-interior.com\/da\/wp-json\/wp\/v2\/media?parent=975639"}],"wp:term":[{"taxonomy":"product_brand","embeddable":true,"href":"https:\/\/hubsch-interior.com\/da\/wp-json\/wp\/v2\/product_brand?post=975639"},{"taxonomy":"product_cat","embeddable":true,"href":"https:\/\/hubsch-interior.com\/da\/wp-json\/wp\/v2\/product_cat?post=975639"},{"taxonomy":"product_tag","embeddable":true,"href":"https:\/\/hubsch-interior.com\/da\/wp-json\/wp\/v2\/product_tag?post=975639"}],"curies":[{"name":"wp","href":"https:\/\/api.w.org\/{rel}","templated":true}]}}