{"id":975655,"date":"2024-01-29T08:30:34","date_gmt":"2024-01-29T07:30:34","guid":{"rendered":"https:\/\/hubsch-interior.com\/product\/product\/"},"modified":"2026-04-09T04:28:12","modified_gmt":"2026-04-09T02:28:12","slug":"amare-smorplatter-lysebla-orange-saet-af-2","status":"publish","type":"product","link":"https:\/\/hubsch-interior.com\/da\/vare\/amare-smorplatter-lysebla-orange-saet-af-2\/","title":{"rendered":"Amare Sm\u00f8rplatter Lysebl\u00e5\/Orange (s\u00e6t af 2)"},"content":{"rendered":"<p>F\u00e5 den fulde Amare oplevelse med vores nye sm\u00f8rplatter. Tilf\u00f8jelse til Amare serien giver dig mulighed for at pr\u00e6sentere dine yndlings snacks p\u00e5 en smart og sjov m\u00e5de. Vores sm\u00f8rplatter kommer i to farver, en lysebl\u00e5 og orange, som vil tilf\u00f8je et dekorativt touch til dit bord. Lavet af stenpulver, er disse platter varmebestandige og kan bruges til en bred vifte af form\u00e5l, s\u00e5som servering af snacks eller som dekorative br\u00e6t. Oplev den alsidighed og sk\u00f8nhed, som Amare Sm\u00f8rplatterne har at tilbyde.<\/p>\n","protected":false},"excerpt":{"rendered":"<p>F\u00e5 den fulde Amare oplevelse med vores nye sm\u00f8rplatter. Tilf\u00f8jelse til Amare serien giver dig mulighed for at pr\u00e6sentere dine yndlings snacks p\u00e5 en smart og sjov m\u00e5de. Vores sm\u00f8rplatter kommer i to farver, en lysebl\u00e5 og orange, som vil tilf\u00f8je et dekorativt touch til dit bord. Lavet af stenpulver, er disse platter varmebestandige og [&hellip;]<\/p>\n","protected":false},"featured_media":1096486,"template":"","meta":{"_acf_changed":false,"inline_featured_image":false},"product_brand":[],"product_cat":[7025,6880,6970,7026,6672,6347,4051,4094,4122,5025,6517],"product_tag":[],"class_list":{"0":"post-975655","1":"product","2":"type-product","3":"status-publish","4":"has-post-thumbnail","6":"product_cat-bordservice-da-2","7":"product_cat-elevating-nostalgia-da","8":"product_cat-paaskeudsalg","9":"product_cat-serveringsfade-tallerkener-da","10":"product_cat-amare-tableware-da","11":"product_cat-garden-selection-da","12":"product_cat-koekkentilbehoer-da","13":"product_cat-bordservice-da","14":"product_cat-skaerebraetter-da","15":"product_cat-bestsellers-da","16":"product_cat-outlet-da","17":"product_shipping_class-pk","19":"pa_color-orange-da","20":"pa_color-lysebl","21":"pa_material-stone-powder-100-2","23":"first","24":"instock","25":"sale","26":"featured","27":"taxable","28":"shipping-taxable","29":"purchasable","30":"product-type-simple"},"exclude_global_add_ons":[],"addons":[],"acf":[],"yoast_head":"<!-- This site is optimized with the Yoast SEO plugin v26.4 - https:\/\/yoast.com\/wordpress\/plugins\/seo\/ -->\n<title>Amare Sm\u00f8rplatter Lysebl\u00e5\/Orange (s\u00e6t af 2) - H\u00fcbsch<\/title>\n<meta name=\"description\" content=\"F\u00e5 den fulde Amare oplevelse med vores nye sm\u00f8rplatter. Tilf\u00f8jelse til Amare serien giver dig mulighed for at pr\u00e6sentere dine yndlings snacks p\u00e5 en smart\" \/>\n<meta name=\"robots\" content=\"index, follow, max-snippet:-1, max-image-preview:large, max-video-preview:-1\" \/>\n<link rel=\"canonical\" href=\"https:\/\/hubsch-interior.com\/da\/wp-json\/wp\/v2\/product\/975655\" \/>\n<meta property=\"og:locale\" content=\"da_DK\" \/>\n<meta property=\"og:type\" content=\"article\" \/>\n<meta property=\"og:title\" content=\"Amare Sm\u00f8rplatter Lysebl\u00e5\/Orange (s\u00e6t af 2) - H\u00fcbsch\" \/>\n<meta property=\"og:description\" content=\"F\u00e5 den fulde Amare oplevelse med vores nye sm\u00f8rplatter. Tilf\u00f8jelse til Amare serien giver dig mulighed for at pr\u00e6sentere dine yndlings snacks p\u00e5 en smart\" \/>\n<meta property=\"og:url\" content=\"https:\/\/hubsch-interior.com\/da\/vare\/amare-smorplatter-lysebla-orange-saet-af-2\/\" \/>\n<meta property=\"og:site_name\" content=\"H\u00fcbsch\" \/>\n<meta property=\"article:modified_time\" content=\"2026-04-09T02:28:12+00:00\" \/>\n<meta property=\"og:image\" content=\"https:\/\/hubsch-interior.com\/wp-content\/uploads\/2025\/04\/amare-ceramic-boards-light-blueorange-set-of-2-5d9bcfbc345f96e33be15c0a4aad3530.jpg\" \/>\n\t<meta property=\"og:image:width\" content=\"1200\" \/>\n\t<meta property=\"og:image:height\" content=\"1200\" \/>\n\t<meta property=\"og:image:type\" content=\"image\/jpeg\" \/>\n<meta name=\"twitter:card\" content=\"summary_large_image\" \/>\n<script type=\"application\/ld+json\" class=\"yoast-schema-graph\">{\"@context\":\"https:\/\/schema.org\",\"@graph\":[{\"@type\":\"WebPage\",\"@id\":\"https:\/\/hubsch-interior.com\/da\/vare\/amare-smorplatter-lysebla-orange-saet-af-2\/\",\"url\":\"https:\/\/hubsch-interior.com\/da\/vare\/amare-smorplatter-lysebla-orange-saet-af-2\/\",\"name\":\"Amare Sm\u00f8rplatter Lysebl\u00e5\/Orange (s\u00e6t af 2) - H\u00fcbsch\",\"isPartOf\":{\"@id\":\"https:\/\/hubsch-interior.com\/da\/#website\"},\"primaryImageOfPage\":{\"@id\":\"https:\/\/hubsch-interior.com\/da\/vare\/amare-smorplatter-lysebla-orange-saet-af-2\/#primaryimage\"},\"image\":{\"@id\":\"https:\/\/hubsch-interior.com\/da\/vare\/amare-smorplatter-lysebla-orange-saet-af-2\/#primaryimage\"},\"thumbnailUrl\":\"https:\/\/hubsch-interior.com\/wp-content\/uploads\/2026\/02\/amare-ceramic-boards-light-blueorange-set-of-2-53d4392a4bc3c8b2f560f87922441f2a.jpg\",\"datePublished\":\"2024-01-29T07:30:34+00:00\",\"dateModified\":\"2026-04-09T02:28:12+00:00\",\"description\":\"F\u00e5 den fulde Amare oplevelse med vores nye sm\u00f8rplatter. Tilf\u00f8jelse til Amare serien giver dig mulighed for at pr\u00e6sentere dine yndlings snacks p\u00e5 en smart\",\"breadcrumb\":{\"@id\":\"https:\/\/hubsch-interior.com\/da\/vare\/amare-smorplatter-lysebla-orange-saet-af-2\/#breadcrumb\"},\"inLanguage\":\"da-DK\",\"potentialAction\":[{\"@type\":\"ReadAction\",\"target\":[\"https:\/\/hubsch-interior.com\/da\/vare\/amare-smorplatter-lysebla-orange-saet-af-2\/\"]}]},{\"@type\":\"ImageObject\",\"inLanguage\":\"da-DK\",\"@id\":\"https:\/\/hubsch-interior.com\/da\/vare\/amare-smorplatter-lysebla-orange-saet-af-2\/#primaryimage\",\"url\":\"https:\/\/hubsch-interior.com\/wp-content\/uploads\/2026\/02\/amare-ceramic-boards-light-blueorange-set-of-2-53d4392a4bc3c8b2f560f87922441f2a.jpg\",\"contentUrl\":\"https:\/\/hubsch-interior.com\/wp-content\/uploads\/2026\/02\/amare-ceramic-boards-light-blueorange-set-of-2-53d4392a4bc3c8b2f560f87922441f2a.jpg\",\"width\":1024,\"height\":1024},{\"@type\":\"BreadcrumbList\",\"@id\":\"https:\/\/hubsch-interior.com\/da\/vare\/amare-smorplatter-lysebla-orange-saet-af-2\/#breadcrumb\",\"itemListElement\":[{\"@type\":\"ListItem\",\"position\":1,\"name\":\"Forside\",\"item\":\"https:\/\/hubsch-interior.com\/da\/\"},{\"@type\":\"ListItem\",\"position\":2,\"name\":\"Produkter\",\"item\":\"https:\/\/hubsch-interior.com\/da\/produkter\/\"},{\"@type\":\"ListItem\",\"position\":3,\"name\":\"K\u00f8kken\",\"item\":\"https:\/\/hubsch-interior.com\/da\/vare-kategori\/koekken\/\"},{\"@type\":\"ListItem\",\"position\":4,\"name\":\"Bordservice\",\"item\":\"https:\/\/hubsch-interior.com\/da\/vare-kategori\/koekken\/bordservice-da-2\/\"},{\"@type\":\"ListItem\",\"position\":5,\"name\":\"Serveringsfade &amp; Tallerkener\",\"item\":\"https:\/\/hubsch-interior.com\/da\/vare-kategori\/koekken\/bordservice-da-2\/serveringsfade-tallerkener-da\/\"},{\"@type\":\"ListItem\",\"position\":6,\"name\":\"Amare Sm\u00f8rplatter Lysebl\u00e5\/Orange (s\u00e6t af 2)\"}]},{\"@type\":\"WebSite\",\"@id\":\"https:\/\/hubsch-interior.com\/da\/#website\",\"url\":\"https:\/\/hubsch-interior.com\/da\/\",\"name\":\"H\u00fcbsch\",\"description\":\"Danish Home Interior and Design\",\"publisher\":{\"@id\":\"https:\/\/hubsch-interior.com\/da\/#organization\"},\"potentialAction\":[{\"@type\":\"SearchAction\",\"target\":{\"@type\":\"EntryPoint\",\"urlTemplate\":\"https:\/\/hubsch-interior.com\/da\/?s={search_term_string}\"},\"query-input\":{\"@type\":\"PropertyValueSpecification\",\"valueRequired\":true,\"valueName\":\"search_term_string\"}}],\"inLanguage\":\"da-DK\"},{\"@type\":\"Organization\",\"@id\":\"https:\/\/hubsch-interior.com\/da\/#organization\",\"name\":\"H\u00fcbsch\",\"url\":\"https:\/\/hubsch-interior.com\/da\/\",\"logo\":{\"@type\":\"ImageObject\",\"inLanguage\":\"da-DK\",\"@id\":\"https:\/\/hubsch-interior.com\/da\/#\/schema\/logo\/image\/\",\"url\":\"https:\/\/hubsch-interior.com\/wp-content\/uploads\/2022\/12\/Hubsch_logo_black_one_line.svg\",\"contentUrl\":\"https:\/\/hubsch-interior.com\/wp-content\/uploads\/2022\/12\/Hubsch_logo_black_one_line.svg\",\"caption\":\"H\u00fcbsch\"},\"image\":{\"@id\":\"https:\/\/hubsch-interior.com\/da\/#\/schema\/logo\/image\/\"}}]}<\/script>\n<!-- \/ Yoast SEO plugin. -->","yoast_head_json":{"title":"Amare Sm\u00f8rplatter Lysebl\u00e5\/Orange (s\u00e6t af 2) - H\u00fcbsch","description":"F\u00e5 den fulde Amare oplevelse med vores nye sm\u00f8rplatter. Tilf\u00f8jelse til Amare serien giver dig mulighed for at pr\u00e6sentere dine yndlings snacks p\u00e5 en smart","robots":{"index":"index","follow":"follow","max-snippet":"max-snippet:-1","max-image-preview":"max-image-preview:large","max-video-preview":"max-video-preview:-1"},"canonical":"https:\/\/hubsch-interior.com\/da\/wp-json\/wp\/v2\/product\/975655","og_locale":"da_DK","og_type":"article","og_title":"Amare Sm\u00f8rplatter Lysebl\u00e5\/Orange (s\u00e6t af 2) - H\u00fcbsch","og_description":"F\u00e5 den fulde Amare oplevelse med vores nye sm\u00f8rplatter. Tilf\u00f8jelse til Amare serien giver dig mulighed for at pr\u00e6sentere dine yndlings snacks p\u00e5 en smart","og_url":"https:\/\/hubsch-interior.com\/da\/vare\/amare-smorplatter-lysebla-orange-saet-af-2\/","og_site_name":"H\u00fcbsch","article_modified_time":"2026-04-09T02:28:12+00:00","og_image":[{"width":1200,"height":1200,"url":"https:\/\/hubsch-interior.com\/wp-content\/uploads\/2025\/04\/amare-ceramic-boards-light-blueorange-set-of-2-5d9bcfbc345f96e33be15c0a4aad3530.jpg","type":"image\/jpeg"}],"twitter_card":"summary_large_image","schema":{"@context":"https:\/\/schema.org","@graph":[{"@type":"WebPage","@id":"https:\/\/hubsch-interior.com\/da\/vare\/amare-smorplatter-lysebla-orange-saet-af-2\/","url":"https:\/\/hubsch-interior.com\/da\/vare\/amare-smorplatter-lysebla-orange-saet-af-2\/","name":"Amare Sm\u00f8rplatter Lysebl\u00e5\/Orange (s\u00e6t af 2) - H\u00fcbsch","isPartOf":{"@id":"https:\/\/hubsch-interior.com\/da\/#website"},"primaryImageOfPage":{"@id":"https:\/\/hubsch-interior.com\/da\/vare\/amare-smorplatter-lysebla-orange-saet-af-2\/#primaryimage"},"image":{"@id":"https:\/\/hubsch-interior.com\/da\/vare\/amare-smorplatter-lysebla-orange-saet-af-2\/#primaryimage"},"thumbnailUrl":"https:\/\/hubsch-interior.com\/wp-content\/uploads\/2026\/02\/amare-ceramic-boards-light-blueorange-set-of-2-53d4392a4bc3c8b2f560f87922441f2a.jpg","datePublished":"2024-01-29T07:30:34+00:00","dateModified":"2026-04-09T02:28:12+00:00","description":"F\u00e5 den fulde Amare oplevelse med vores nye sm\u00f8rplatter. Tilf\u00f8jelse til Amare serien giver dig mulighed for at pr\u00e6sentere dine yndlings snacks p\u00e5 en smart","breadcrumb":{"@id":"https:\/\/hubsch-interior.com\/da\/vare\/amare-smorplatter-lysebla-orange-saet-af-2\/#breadcrumb"},"inLanguage":"da-DK","potentialAction":[{"@type":"ReadAction","target":["https:\/\/hubsch-interior.com\/da\/vare\/amare-smorplatter-lysebla-orange-saet-af-2\/"]}]},{"@type":"ImageObject","inLanguage":"da-DK","@id":"https:\/\/hubsch-interior.com\/da\/vare\/amare-smorplatter-lysebla-orange-saet-af-2\/#primaryimage","url":"https:\/\/hubsch-interior.com\/wp-content\/uploads\/2026\/02\/amare-ceramic-boards-light-blueorange-set-of-2-53d4392a4bc3c8b2f560f87922441f2a.jpg","contentUrl":"https:\/\/hubsch-interior.com\/wp-content\/uploads\/2026\/02\/amare-ceramic-boards-light-blueorange-set-of-2-53d4392a4bc3c8b2f560f87922441f2a.jpg","width":1024,"height":1024},{"@type":"BreadcrumbList","@id":"https:\/\/hubsch-interior.com\/da\/vare\/amare-smorplatter-lysebla-orange-saet-af-2\/#breadcrumb","itemListElement":[{"@type":"ListItem","position":1,"name":"Forside","item":"https:\/\/hubsch-interior.com\/da\/"},{"@type":"ListItem","position":2,"name":"Produkter","item":"https:\/\/hubsch-interior.com\/da\/produkter\/"},{"@type":"ListItem","position":3,"name":"K\u00f8kken","item":"https:\/\/hubsch-interior.com\/da\/vare-kategori\/koekken\/"},{"@type":"ListItem","position":4,"name":"Bordservice","item":"https:\/\/hubsch-interior.com\/da\/vare-kategori\/koekken\/bordservice-da-2\/"},{"@type":"ListItem","position":5,"name":"Serveringsfade &amp; Tallerkener","item":"https:\/\/hubsch-interior.com\/da\/vare-kategori\/koekken\/bordservice-da-2\/serveringsfade-tallerkener-da\/"},{"@type":"ListItem","position":6,"name":"Amare Sm\u00f8rplatter Lysebl\u00e5\/Orange (s\u00e6t af 2)"}]},{"@type":"WebSite","@id":"https:\/\/hubsch-interior.com\/da\/#website","url":"https:\/\/hubsch-interior.com\/da\/","name":"H\u00fcbsch","description":"Danish Home Interior and Design","publisher":{"@id":"https:\/\/hubsch-interior.com\/da\/#organization"},"potentialAction":[{"@type":"SearchAction","target":{"@type":"EntryPoint","urlTemplate":"https:\/\/hubsch-interior.com\/da\/?s={search_term_string}"},"query-input":{"@type":"PropertyValueSpecification","valueRequired":true,"valueName":"search_term_string"}}],"inLanguage":"da-DK"},{"@type":"Organization","@id":"https:\/\/hubsch-interior.com\/da\/#organization","name":"H\u00fcbsch","url":"https:\/\/hubsch-interior.com\/da\/","logo":{"@type":"ImageObject","inLanguage":"da-DK","@id":"https:\/\/hubsch-interior.com\/da\/#\/schema\/logo\/image\/","url":"https:\/\/hubsch-interior.com\/wp-content\/uploads\/2022\/12\/Hubsch_logo_black_one_line.svg","contentUrl":"https:\/\/hubsch-interior.com\/wp-content\/uploads\/2022\/12\/Hubsch_logo_black_one_line.svg","caption":"H\u00fcbsch"},"image":{"@id":"https:\/\/hubsch-interior.com\/da\/#\/schema\/logo\/image\/"}}]}},"_links":{"self":[{"href":"https:\/\/hubsch-interior.com\/da\/wp-json\/wp\/v2\/product\/975655","targetHints":{"allow":["GET"]}}],"collection":[{"href":"https:\/\/hubsch-interior.com\/da\/wp-json\/wp\/v2\/product"}],"about":[{"href":"https:\/\/hubsch-interior.com\/da\/wp-json\/wp\/v2\/types\/product"}],"wp:featuredmedia":[{"embeddable":true,"href":"https:\/\/hubsch-interior.com\/da\/wp-json\/wp\/v2\/media\/1096486"}],"wp:attachment":[{"href":"https:\/\/hubsch-interior.com\/da\/wp-json\/wp\/v2\/media?parent=975655"}],"wp:term":[{"taxonomy":"product_brand","embeddable":true,"href":"https:\/\/hubsch-interior.com\/da\/wp-json\/wp\/v2\/product_brand?post=975655"},{"taxonomy":"product_cat","embeddable":true,"href":"https:\/\/hubsch-interior.com\/da\/wp-json\/wp\/v2\/product_cat?post=975655"},{"taxonomy":"product_tag","embeddable":true,"href":"https:\/\/hubsch-interior.com\/da\/wp-json\/wp\/v2\/product_tag?post=975655"}],"curies":[{"name":"wp","href":"https:\/\/api.w.org\/{rel}","templated":true}]}}