{"id":975691,"date":"2024-01-29T08:30:54","date_gmt":"2024-01-29T07:30:54","guid":{"rendered":"https:\/\/hubsch-interior.com\/product\/product\/"},"modified":"2026-04-08T04:28:15","modified_gmt":"2026-04-08T02:28:15","slug":"amare-skal-small-gron","status":"publish","type":"product","link":"https:\/\/hubsch-interior.com\/da\/vare\/amare-skal-small-gron\/","title":{"rendered":"Amare Sk\u00e5l Small Gr\u00f8n"},"content":{"rendered":"<p>Oplev den fulde Amare oplevelse med denne gr\u00f8nne Amare Sk\u00e5l lavet af stenpulver. Den moderne og alsidige sk\u00e5l er perfekt til servering af salat til to personer eller til opbevaring af store frugter og gr\u00f8ntsager. Med dens varmebestandige egenskaber er den ogs\u00e5 ideel til servering af varme retter. Findes ogs\u00e5 i tre andre farvevarianter.<\/p>\n","protected":false},"excerpt":{"rendered":"<p>Oplev den fulde Amare oplevelse med denne gr\u00f8nne Amare Sk\u00e5l lavet af stenpulver. Den moderne og alsidige sk\u00e5l er perfekt til servering af salat til to personer eller til opbevaring af store frugter og gr\u00f8ntsager. Med dens varmebestandige egenskaber er den ogs\u00e5 ideel til servering af varme retter. Findes ogs\u00e5 i tre andre farvevarianter.<\/p>\n","protected":false},"featured_media":1096526,"template":"","meta":{"_acf_changed":false,"inline_featured_image":false},"product_brand":[],"product_cat":[6672,7025,4094,6880,4051,6517,6970,7042,7076],"product_tag":[],"class_list":{"0":"post-975691","1":"product","2":"type-product","3":"status-publish","4":"has-post-thumbnail","6":"product_cat-amare-tableware-da","7":"product_cat-bordservice-da-2","8":"product_cat-bordservice-da","9":"product_cat-elevating-nostalgia-da","10":"product_cat-koekkentilbehoer-da","11":"product_cat-outlet-da","12":"product_cat-paaskeudsalg","13":"product_cat-serveringsskaale-da","14":"product_cat-tallerkener-skaale-da","15":"product_shipping_class-pk","16":"pa_color-grn","17":"pa_material-stone-powder-100-2","19":"first","20":"instock","21":"sale","22":"taxable","23":"shipping-taxable","24":"purchasable","25":"product-type-simple"},"exclude_global_add_ons":[],"addons":[],"acf":[],"yoast_head":"<!-- This site is optimized with the Yoast SEO plugin v26.4 - https:\/\/yoast.com\/wordpress\/plugins\/seo\/ -->\n<title>Amare Sk\u00e5l Small Gr\u00f8n - H\u00fcbsch<\/title>\n<meta name=\"description\" content=\"Oplev den fulde Amare oplevelse med denne gr\u00f8nne Amare Sk\u00e5l lavet af stenpulver. Den moderne og alsidige sk\u00e5l er perfekt til servering af salat til to\" \/>\n<meta name=\"robots\" content=\"index, follow, max-snippet:-1, max-image-preview:large, max-video-preview:-1\" \/>\n<link rel=\"canonical\" href=\"https:\/\/hubsch-interior.com\/da\/wp-json\/wp\/v2\/product\/975691\" \/>\n<meta property=\"og:locale\" content=\"da_DK\" \/>\n<meta property=\"og:type\" content=\"article\" \/>\n<meta property=\"og:title\" content=\"Amare Sk\u00e5l Small Gr\u00f8n - H\u00fcbsch\" \/>\n<meta property=\"og:description\" content=\"Oplev den fulde Amare oplevelse med denne gr\u00f8nne Amare Sk\u00e5l lavet af stenpulver. Den moderne og alsidige sk\u00e5l er perfekt til servering af salat til to\" \/>\n<meta property=\"og:url\" content=\"https:\/\/hubsch-interior.com\/da\/vare\/amare-skal-small-gron\/\" \/>\n<meta property=\"og:site_name\" content=\"H\u00fcbsch\" \/>\n<meta property=\"article:modified_time\" content=\"2026-04-08T02:28:15+00:00\" \/>\n<meta property=\"og:image\" content=\"https:\/\/hubsch-interior.com\/wp-content\/uploads\/2025\/04\/amare-bowl-small-green-959559a9d944d693a2481d3ae9aa40cb.jpg\" \/>\n\t<meta property=\"og:image:width\" content=\"1200\" \/>\n\t<meta property=\"og:image:height\" content=\"1200\" \/>\n\t<meta property=\"og:image:type\" content=\"image\/jpeg\" \/>\n<meta name=\"twitter:card\" content=\"summary_large_image\" \/>\n<script type=\"application\/ld+json\" class=\"yoast-schema-graph\">{\"@context\":\"https:\/\/schema.org\",\"@graph\":[{\"@type\":\"WebPage\",\"@id\":\"https:\/\/hubsch-interior.com\/da\/vare\/amare-skal-small-gron\/\",\"url\":\"https:\/\/hubsch-interior.com\/da\/vare\/amare-skal-small-gron\/\",\"name\":\"Amare Sk\u00e5l Small Gr\u00f8n - H\u00fcbsch\",\"isPartOf\":{\"@id\":\"https:\/\/hubsch-interior.com\/da\/#website\"},\"primaryImageOfPage\":{\"@id\":\"https:\/\/hubsch-interior.com\/da\/vare\/amare-skal-small-gron\/#primaryimage\"},\"image\":{\"@id\":\"https:\/\/hubsch-interior.com\/da\/vare\/amare-skal-small-gron\/#primaryimage\"},\"thumbnailUrl\":\"https:\/\/hubsch-interior.com\/wp-content\/uploads\/2026\/02\/amare-bowl-small-green-f5254a6e4c7202fb6147ca4643d3264b.jpg\",\"datePublished\":\"2024-01-29T07:30:54+00:00\",\"dateModified\":\"2026-04-08T02:28:15+00:00\",\"description\":\"Oplev den fulde Amare oplevelse med denne gr\u00f8nne Amare Sk\u00e5l lavet af stenpulver. Den moderne og alsidige sk\u00e5l er perfekt til servering af salat til to\",\"breadcrumb\":{\"@id\":\"https:\/\/hubsch-interior.com\/da\/vare\/amare-skal-small-gron\/#breadcrumb\"},\"inLanguage\":\"da-DK\",\"potentialAction\":[{\"@type\":\"ReadAction\",\"target\":[\"https:\/\/hubsch-interior.com\/da\/vare\/amare-skal-small-gron\/\"]}]},{\"@type\":\"ImageObject\",\"inLanguage\":\"da-DK\",\"@id\":\"https:\/\/hubsch-interior.com\/da\/vare\/amare-skal-small-gron\/#primaryimage\",\"url\":\"https:\/\/hubsch-interior.com\/wp-content\/uploads\/2026\/02\/amare-bowl-small-green-f5254a6e4c7202fb6147ca4643d3264b.jpg\",\"contentUrl\":\"https:\/\/hubsch-interior.com\/wp-content\/uploads\/2026\/02\/amare-bowl-small-green-f5254a6e4c7202fb6147ca4643d3264b.jpg\",\"width\":1024,\"height\":1024},{\"@type\":\"BreadcrumbList\",\"@id\":\"https:\/\/hubsch-interior.com\/da\/vare\/amare-skal-small-gron\/#breadcrumb\",\"itemListElement\":[{\"@type\":\"ListItem\",\"position\":1,\"name\":\"Forside\",\"item\":\"https:\/\/hubsch-interior.com\/da\/\"},{\"@type\":\"ListItem\",\"position\":2,\"name\":\"Produkter\",\"item\":\"https:\/\/hubsch-interior.com\/da\/produkter\/\"},{\"@type\":\"ListItem\",\"position\":3,\"name\":\"K\u00f8kken\",\"item\":\"https:\/\/hubsch-interior.com\/da\/vare-kategori\/koekken\/\"},{\"@type\":\"ListItem\",\"position\":4,\"name\":\"Bordservice\",\"item\":\"https:\/\/hubsch-interior.com\/da\/vare-kategori\/koekken\/bordservice-da-2\/\"},{\"@type\":\"ListItem\",\"position\":5,\"name\":\"Serveringssk&aring;le\",\"item\":\"https:\/\/hubsch-interior.com\/da\/vare-kategori\/koekken\/bordservice-da-2\/serveringsskaale-da\/\"},{\"@type\":\"ListItem\",\"position\":6,\"name\":\"Amare Sk\u00e5l Small Gr\u00f8n\"}]},{\"@type\":\"WebSite\",\"@id\":\"https:\/\/hubsch-interior.com\/da\/#website\",\"url\":\"https:\/\/hubsch-interior.com\/da\/\",\"name\":\"H\u00fcbsch\",\"description\":\"Danish Home Interior and Design\",\"publisher\":{\"@id\":\"https:\/\/hubsch-interior.com\/da\/#organization\"},\"potentialAction\":[{\"@type\":\"SearchAction\",\"target\":{\"@type\":\"EntryPoint\",\"urlTemplate\":\"https:\/\/hubsch-interior.com\/da\/?s={search_term_string}\"},\"query-input\":{\"@type\":\"PropertyValueSpecification\",\"valueRequired\":true,\"valueName\":\"search_term_string\"}}],\"inLanguage\":\"da-DK\"},{\"@type\":\"Organization\",\"@id\":\"https:\/\/hubsch-interior.com\/da\/#organization\",\"name\":\"H\u00fcbsch\",\"url\":\"https:\/\/hubsch-interior.com\/da\/\",\"logo\":{\"@type\":\"ImageObject\",\"inLanguage\":\"da-DK\",\"@id\":\"https:\/\/hubsch-interior.com\/da\/#\/schema\/logo\/image\/\",\"url\":\"https:\/\/hubsch-interior.com\/wp-content\/uploads\/2022\/12\/Hubsch_logo_black_one_line.svg\",\"contentUrl\":\"https:\/\/hubsch-interior.com\/wp-content\/uploads\/2022\/12\/Hubsch_logo_black_one_line.svg\",\"caption\":\"H\u00fcbsch\"},\"image\":{\"@id\":\"https:\/\/hubsch-interior.com\/da\/#\/schema\/logo\/image\/\"}}]}<\/script>\n<!-- \/ Yoast SEO plugin. -->","yoast_head_json":{"title":"Amare Sk\u00e5l Small Gr\u00f8n - H\u00fcbsch","description":"Oplev den fulde Amare oplevelse med denne gr\u00f8nne Amare Sk\u00e5l lavet af stenpulver. Den moderne og alsidige sk\u00e5l er perfekt til servering af salat til to","robots":{"index":"index","follow":"follow","max-snippet":"max-snippet:-1","max-image-preview":"max-image-preview:large","max-video-preview":"max-video-preview:-1"},"canonical":"https:\/\/hubsch-interior.com\/da\/wp-json\/wp\/v2\/product\/975691","og_locale":"da_DK","og_type":"article","og_title":"Amare Sk\u00e5l Small Gr\u00f8n - H\u00fcbsch","og_description":"Oplev den fulde Amare oplevelse med denne gr\u00f8nne Amare Sk\u00e5l lavet af stenpulver. Den moderne og alsidige sk\u00e5l er perfekt til servering af salat til to","og_url":"https:\/\/hubsch-interior.com\/da\/vare\/amare-skal-small-gron\/","og_site_name":"H\u00fcbsch","article_modified_time":"2026-04-08T02:28:15+00:00","og_image":[{"width":1200,"height":1200,"url":"https:\/\/hubsch-interior.com\/wp-content\/uploads\/2025\/04\/amare-bowl-small-green-959559a9d944d693a2481d3ae9aa40cb.jpg","type":"image\/jpeg"}],"twitter_card":"summary_large_image","schema":{"@context":"https:\/\/schema.org","@graph":[{"@type":"WebPage","@id":"https:\/\/hubsch-interior.com\/da\/vare\/amare-skal-small-gron\/","url":"https:\/\/hubsch-interior.com\/da\/vare\/amare-skal-small-gron\/","name":"Amare Sk\u00e5l Small Gr\u00f8n - H\u00fcbsch","isPartOf":{"@id":"https:\/\/hubsch-interior.com\/da\/#website"},"primaryImageOfPage":{"@id":"https:\/\/hubsch-interior.com\/da\/vare\/amare-skal-small-gron\/#primaryimage"},"image":{"@id":"https:\/\/hubsch-interior.com\/da\/vare\/amare-skal-small-gron\/#primaryimage"},"thumbnailUrl":"https:\/\/hubsch-interior.com\/wp-content\/uploads\/2026\/02\/amare-bowl-small-green-f5254a6e4c7202fb6147ca4643d3264b.jpg","datePublished":"2024-01-29T07:30:54+00:00","dateModified":"2026-04-08T02:28:15+00:00","description":"Oplev den fulde Amare oplevelse med denne gr\u00f8nne Amare Sk\u00e5l lavet af stenpulver. Den moderne og alsidige sk\u00e5l er perfekt til servering af salat til to","breadcrumb":{"@id":"https:\/\/hubsch-interior.com\/da\/vare\/amare-skal-small-gron\/#breadcrumb"},"inLanguage":"da-DK","potentialAction":[{"@type":"ReadAction","target":["https:\/\/hubsch-interior.com\/da\/vare\/amare-skal-small-gron\/"]}]},{"@type":"ImageObject","inLanguage":"da-DK","@id":"https:\/\/hubsch-interior.com\/da\/vare\/amare-skal-small-gron\/#primaryimage","url":"https:\/\/hubsch-interior.com\/wp-content\/uploads\/2026\/02\/amare-bowl-small-green-f5254a6e4c7202fb6147ca4643d3264b.jpg","contentUrl":"https:\/\/hubsch-interior.com\/wp-content\/uploads\/2026\/02\/amare-bowl-small-green-f5254a6e4c7202fb6147ca4643d3264b.jpg","width":1024,"height":1024},{"@type":"BreadcrumbList","@id":"https:\/\/hubsch-interior.com\/da\/vare\/amare-skal-small-gron\/#breadcrumb","itemListElement":[{"@type":"ListItem","position":1,"name":"Forside","item":"https:\/\/hubsch-interior.com\/da\/"},{"@type":"ListItem","position":2,"name":"Produkter","item":"https:\/\/hubsch-interior.com\/da\/produkter\/"},{"@type":"ListItem","position":3,"name":"K\u00f8kken","item":"https:\/\/hubsch-interior.com\/da\/vare-kategori\/koekken\/"},{"@type":"ListItem","position":4,"name":"Bordservice","item":"https:\/\/hubsch-interior.com\/da\/vare-kategori\/koekken\/bordservice-da-2\/"},{"@type":"ListItem","position":5,"name":"Serveringssk&aring;le","item":"https:\/\/hubsch-interior.com\/da\/vare-kategori\/koekken\/bordservice-da-2\/serveringsskaale-da\/"},{"@type":"ListItem","position":6,"name":"Amare Sk\u00e5l Small Gr\u00f8n"}]},{"@type":"WebSite","@id":"https:\/\/hubsch-interior.com\/da\/#website","url":"https:\/\/hubsch-interior.com\/da\/","name":"H\u00fcbsch","description":"Danish Home Interior and Design","publisher":{"@id":"https:\/\/hubsch-interior.com\/da\/#organization"},"potentialAction":[{"@type":"SearchAction","target":{"@type":"EntryPoint","urlTemplate":"https:\/\/hubsch-interior.com\/da\/?s={search_term_string}"},"query-input":{"@type":"PropertyValueSpecification","valueRequired":true,"valueName":"search_term_string"}}],"inLanguage":"da-DK"},{"@type":"Organization","@id":"https:\/\/hubsch-interior.com\/da\/#organization","name":"H\u00fcbsch","url":"https:\/\/hubsch-interior.com\/da\/","logo":{"@type":"ImageObject","inLanguage":"da-DK","@id":"https:\/\/hubsch-interior.com\/da\/#\/schema\/logo\/image\/","url":"https:\/\/hubsch-interior.com\/wp-content\/uploads\/2022\/12\/Hubsch_logo_black_one_line.svg","contentUrl":"https:\/\/hubsch-interior.com\/wp-content\/uploads\/2022\/12\/Hubsch_logo_black_one_line.svg","caption":"H\u00fcbsch"},"image":{"@id":"https:\/\/hubsch-interior.com\/da\/#\/schema\/logo\/image\/"}}]}},"_links":{"self":[{"href":"https:\/\/hubsch-interior.com\/da\/wp-json\/wp\/v2\/product\/975691","targetHints":{"allow":["GET"]}}],"collection":[{"href":"https:\/\/hubsch-interior.com\/da\/wp-json\/wp\/v2\/product"}],"about":[{"href":"https:\/\/hubsch-interior.com\/da\/wp-json\/wp\/v2\/types\/product"}],"wp:featuredmedia":[{"embeddable":true,"href":"https:\/\/hubsch-interior.com\/da\/wp-json\/wp\/v2\/media\/1096526"}],"wp:attachment":[{"href":"https:\/\/hubsch-interior.com\/da\/wp-json\/wp\/v2\/media?parent=975691"}],"wp:term":[{"taxonomy":"product_brand","embeddable":true,"href":"https:\/\/hubsch-interior.com\/da\/wp-json\/wp\/v2\/product_brand?post=975691"},{"taxonomy":"product_cat","embeddable":true,"href":"https:\/\/hubsch-interior.com\/da\/wp-json\/wp\/v2\/product_cat?post=975691"},{"taxonomy":"product_tag","embeddable":true,"href":"https:\/\/hubsch-interior.com\/da\/wp-json\/wp\/v2\/product_tag?post=975691"}],"curies":[{"name":"wp","href":"https:\/\/api.w.org\/{rel}","templated":true}]}}