{"id":975715,"date":"2024-01-29T08:31:07","date_gmt":"2024-01-29T07:31:07","guid":{"rendered":"https:\/\/hubsch-interior.com\/product\/product\/"},"modified":"2026-04-09T04:28:33","modified_gmt":"2026-04-09T02:28:33","slug":"amare-skal-small-sand","status":"publish","type":"product","link":"https:\/\/hubsch-interior.com\/da\/vare\/amare-skal-small-sand\/","title":{"rendered":"Amare Sk\u00e5l Small Sand"},"content":{"rendered":"<p>Skab den perfekte stemning med denne smukke sk\u00e5l i farven, sand. Den er en del af Amare serien og er perfekt til at fuldende din bordd\u00e6kning. Sk\u00e5len er fremstillet af stenpulver, hvilket g\u00f8r den b\u00e5de moderne og alsidig. Den er varmebestandig og kan bruges til b\u00e5de at opbevare og servere store frugter og gr\u00f8ntsager eller som en salatsk\u00e5l til to. Med fem forskellige farver at v\u00e6lge imellem, kan du skabe den ultimative Amare oplevelse for dine g\u00e6ster.<\/p>\n","protected":false},"excerpt":{"rendered":"<p>Skab den perfekte stemning med denne smukke sk\u00e5l i farven, sand. Den er en del af Amare serien og er perfekt til at fuldende din bordd\u00e6kning. Sk\u00e5len er fremstillet af stenpulver, hvilket g\u00f8r den b\u00e5de moderne og alsidig. Den er varmebestandig og kan bruges til b\u00e5de at opbevare og servere store frugter og gr\u00f8ntsager eller [&hellip;]<\/p>\n","protected":false},"featured_media":1096538,"template":"","meta":{"_acf_changed":false,"inline_featured_image":false},"product_brand":[],"product_cat":[7025,6880,6970,7026,7042,7076,6672,6347,4051,4094,6517],"product_tag":[],"class_list":{"0":"post-975715","1":"product","2":"type-product","3":"status-publish","4":"has-post-thumbnail","6":"product_cat-bordservice-da-2","7":"product_cat-elevating-nostalgia-da","8":"product_cat-paaskeudsalg","9":"product_cat-serveringsfade-tallerkener-da","10":"product_cat-serveringsskaale-da","11":"product_cat-tallerkener-skaale-da","12":"product_cat-amare-tableware-da","13":"product_cat-garden-selection-da","14":"product_cat-koekkentilbehoer-da","15":"product_cat-bordservice-da","16":"product_cat-outlet-da","17":"product_shipping_class-pk","19":"pa_color-sand-da","20":"pa_material-stone-powder-100-2","22":"first","23":"instock","24":"sale","25":"taxable","26":"shipping-taxable","27":"purchasable","28":"product-type-simple"},"exclude_global_add_ons":[],"addons":[],"acf":[],"yoast_head":"<!-- This site is optimized with the Yoast SEO plugin v26.4 - https:\/\/yoast.com\/wordpress\/plugins\/seo\/ -->\n<title>Amare Sk\u00e5l Small Sand - H\u00fcbsch<\/title>\n<meta name=\"description\" content=\"Skab den perfekte stemning med denne smukke sk\u00e5l i farven, sand. Den er en del af Amare serien og er perfekt til at fuldende din bordd\u00e6kning. Sk\u00e5len er\" \/>\n<meta name=\"robots\" content=\"index, follow, max-snippet:-1, max-image-preview:large, max-video-preview:-1\" \/>\n<link rel=\"canonical\" href=\"https:\/\/hubsch-interior.com\/da\/wp-json\/wp\/v2\/product\/975715\" \/>\n<meta property=\"og:locale\" content=\"da_DK\" \/>\n<meta property=\"og:type\" content=\"article\" \/>\n<meta property=\"og:title\" content=\"Amare Sk\u00e5l Small Sand - H\u00fcbsch\" \/>\n<meta property=\"og:description\" content=\"Skab den perfekte stemning med denne smukke sk\u00e5l i farven, sand. Den er en del af Amare serien og er perfekt til at fuldende din bordd\u00e6kning. Sk\u00e5len er\" \/>\n<meta property=\"og:url\" content=\"https:\/\/hubsch-interior.com\/da\/vare\/amare-skal-small-sand\/\" \/>\n<meta property=\"og:site_name\" content=\"H\u00fcbsch\" \/>\n<meta property=\"article:modified_time\" content=\"2026-04-09T02:28:33+00:00\" \/>\n<meta property=\"og:image\" content=\"https:\/\/hubsch-interior.com\/wp-content\/uploads\/2025\/04\/amare-bowl-small-sand-93fbbc924b469cce4d1386d161a6f91d.jpg\" \/>\n\t<meta property=\"og:image:width\" content=\"1200\" \/>\n\t<meta property=\"og:image:height\" content=\"1200\" \/>\n\t<meta property=\"og:image:type\" content=\"image\/jpeg\" \/>\n<meta name=\"twitter:card\" content=\"summary_large_image\" \/>\n<script type=\"application\/ld+json\" class=\"yoast-schema-graph\">{\"@context\":\"https:\/\/schema.org\",\"@graph\":[{\"@type\":\"WebPage\",\"@id\":\"https:\/\/hubsch-interior.com\/da\/vare\/amare-skal-small-sand\/\",\"url\":\"https:\/\/hubsch-interior.com\/da\/vare\/amare-skal-small-sand\/\",\"name\":\"Amare Sk\u00e5l Small Sand - H\u00fcbsch\",\"isPartOf\":{\"@id\":\"https:\/\/hubsch-interior.com\/da\/#website\"},\"primaryImageOfPage\":{\"@id\":\"https:\/\/hubsch-interior.com\/da\/vare\/amare-skal-small-sand\/#primaryimage\"},\"image\":{\"@id\":\"https:\/\/hubsch-interior.com\/da\/vare\/amare-skal-small-sand\/#primaryimage\"},\"thumbnailUrl\":\"https:\/\/hubsch-interior.com\/wp-content\/uploads\/2026\/02\/amare-bowl-small-sand-21b57c28965663d5f54ca265d72e118c.jpg\",\"datePublished\":\"2024-01-29T07:31:07+00:00\",\"dateModified\":\"2026-04-09T02:28:33+00:00\",\"description\":\"Skab den perfekte stemning med denne smukke sk\u00e5l i farven, sand. Den er en del af Amare serien og er perfekt til at fuldende din bordd\u00e6kning. Sk\u00e5len er\",\"breadcrumb\":{\"@id\":\"https:\/\/hubsch-interior.com\/da\/vare\/amare-skal-small-sand\/#breadcrumb\"},\"inLanguage\":\"da-DK\",\"potentialAction\":[{\"@type\":\"ReadAction\",\"target\":[\"https:\/\/hubsch-interior.com\/da\/vare\/amare-skal-small-sand\/\"]}]},{\"@type\":\"ImageObject\",\"inLanguage\":\"da-DK\",\"@id\":\"https:\/\/hubsch-interior.com\/da\/vare\/amare-skal-small-sand\/#primaryimage\",\"url\":\"https:\/\/hubsch-interior.com\/wp-content\/uploads\/2026\/02\/amare-bowl-small-sand-21b57c28965663d5f54ca265d72e118c.jpg\",\"contentUrl\":\"https:\/\/hubsch-interior.com\/wp-content\/uploads\/2026\/02\/amare-bowl-small-sand-21b57c28965663d5f54ca265d72e118c.jpg\",\"width\":1024,\"height\":1024},{\"@type\":\"BreadcrumbList\",\"@id\":\"https:\/\/hubsch-interior.com\/da\/vare\/amare-skal-small-sand\/#breadcrumb\",\"itemListElement\":[{\"@type\":\"ListItem\",\"position\":1,\"name\":\"Forside\",\"item\":\"https:\/\/hubsch-interior.com\/da\/\"},{\"@type\":\"ListItem\",\"position\":2,\"name\":\"Produkter\",\"item\":\"https:\/\/hubsch-interior.com\/da\/produkter\/\"},{\"@type\":\"ListItem\",\"position\":3,\"name\":\"K\u00f8kken\",\"item\":\"https:\/\/hubsch-interior.com\/da\/vare-kategori\/koekken\/\"},{\"@type\":\"ListItem\",\"position\":4,\"name\":\"Bordservice\",\"item\":\"https:\/\/hubsch-interior.com\/da\/vare-kategori\/koekken\/bordservice-da-2\/\"},{\"@type\":\"ListItem\",\"position\":5,\"name\":\"Serveringsfade &amp; Tallerkener\",\"item\":\"https:\/\/hubsch-interior.com\/da\/vare-kategori\/koekken\/bordservice-da-2\/serveringsfade-tallerkener-da\/\"},{\"@type\":\"ListItem\",\"position\":6,\"name\":\"Amare Sk\u00e5l Small Sand\"}]},{\"@type\":\"WebSite\",\"@id\":\"https:\/\/hubsch-interior.com\/da\/#website\",\"url\":\"https:\/\/hubsch-interior.com\/da\/\",\"name\":\"H\u00fcbsch\",\"description\":\"Danish Home Interior and Design\",\"publisher\":{\"@id\":\"https:\/\/hubsch-interior.com\/da\/#organization\"},\"potentialAction\":[{\"@type\":\"SearchAction\",\"target\":{\"@type\":\"EntryPoint\",\"urlTemplate\":\"https:\/\/hubsch-interior.com\/da\/?s={search_term_string}\"},\"query-input\":{\"@type\":\"PropertyValueSpecification\",\"valueRequired\":true,\"valueName\":\"search_term_string\"}}],\"inLanguage\":\"da-DK\"},{\"@type\":\"Organization\",\"@id\":\"https:\/\/hubsch-interior.com\/da\/#organization\",\"name\":\"H\u00fcbsch\",\"url\":\"https:\/\/hubsch-interior.com\/da\/\",\"logo\":{\"@type\":\"ImageObject\",\"inLanguage\":\"da-DK\",\"@id\":\"https:\/\/hubsch-interior.com\/da\/#\/schema\/logo\/image\/\",\"url\":\"https:\/\/hubsch-interior.com\/wp-content\/uploads\/2022\/12\/Hubsch_logo_black_one_line.svg\",\"contentUrl\":\"https:\/\/hubsch-interior.com\/wp-content\/uploads\/2022\/12\/Hubsch_logo_black_one_line.svg\",\"caption\":\"H\u00fcbsch\"},\"image\":{\"@id\":\"https:\/\/hubsch-interior.com\/da\/#\/schema\/logo\/image\/\"}}]}<\/script>\n<!-- \/ Yoast SEO plugin. -->","yoast_head_json":{"title":"Amare Sk\u00e5l Small Sand - H\u00fcbsch","description":"Skab den perfekte stemning med denne smukke sk\u00e5l i farven, sand. Den er en del af Amare serien og er perfekt til at fuldende din bordd\u00e6kning. Sk\u00e5len er","robots":{"index":"index","follow":"follow","max-snippet":"max-snippet:-1","max-image-preview":"max-image-preview:large","max-video-preview":"max-video-preview:-1"},"canonical":"https:\/\/hubsch-interior.com\/da\/wp-json\/wp\/v2\/product\/975715","og_locale":"da_DK","og_type":"article","og_title":"Amare Sk\u00e5l Small Sand - H\u00fcbsch","og_description":"Skab den perfekte stemning med denne smukke sk\u00e5l i farven, sand. Den er en del af Amare serien og er perfekt til at fuldende din bordd\u00e6kning. Sk\u00e5len er","og_url":"https:\/\/hubsch-interior.com\/da\/vare\/amare-skal-small-sand\/","og_site_name":"H\u00fcbsch","article_modified_time":"2026-04-09T02:28:33+00:00","og_image":[{"width":1200,"height":1200,"url":"https:\/\/hubsch-interior.com\/wp-content\/uploads\/2025\/04\/amare-bowl-small-sand-93fbbc924b469cce4d1386d161a6f91d.jpg","type":"image\/jpeg"}],"twitter_card":"summary_large_image","schema":{"@context":"https:\/\/schema.org","@graph":[{"@type":"WebPage","@id":"https:\/\/hubsch-interior.com\/da\/vare\/amare-skal-small-sand\/","url":"https:\/\/hubsch-interior.com\/da\/vare\/amare-skal-small-sand\/","name":"Amare Sk\u00e5l Small Sand - H\u00fcbsch","isPartOf":{"@id":"https:\/\/hubsch-interior.com\/da\/#website"},"primaryImageOfPage":{"@id":"https:\/\/hubsch-interior.com\/da\/vare\/amare-skal-small-sand\/#primaryimage"},"image":{"@id":"https:\/\/hubsch-interior.com\/da\/vare\/amare-skal-small-sand\/#primaryimage"},"thumbnailUrl":"https:\/\/hubsch-interior.com\/wp-content\/uploads\/2026\/02\/amare-bowl-small-sand-21b57c28965663d5f54ca265d72e118c.jpg","datePublished":"2024-01-29T07:31:07+00:00","dateModified":"2026-04-09T02:28:33+00:00","description":"Skab den perfekte stemning med denne smukke sk\u00e5l i farven, sand. Den er en del af Amare serien og er perfekt til at fuldende din bordd\u00e6kning. Sk\u00e5len er","breadcrumb":{"@id":"https:\/\/hubsch-interior.com\/da\/vare\/amare-skal-small-sand\/#breadcrumb"},"inLanguage":"da-DK","potentialAction":[{"@type":"ReadAction","target":["https:\/\/hubsch-interior.com\/da\/vare\/amare-skal-small-sand\/"]}]},{"@type":"ImageObject","inLanguage":"da-DK","@id":"https:\/\/hubsch-interior.com\/da\/vare\/amare-skal-small-sand\/#primaryimage","url":"https:\/\/hubsch-interior.com\/wp-content\/uploads\/2026\/02\/amare-bowl-small-sand-21b57c28965663d5f54ca265d72e118c.jpg","contentUrl":"https:\/\/hubsch-interior.com\/wp-content\/uploads\/2026\/02\/amare-bowl-small-sand-21b57c28965663d5f54ca265d72e118c.jpg","width":1024,"height":1024},{"@type":"BreadcrumbList","@id":"https:\/\/hubsch-interior.com\/da\/vare\/amare-skal-small-sand\/#breadcrumb","itemListElement":[{"@type":"ListItem","position":1,"name":"Forside","item":"https:\/\/hubsch-interior.com\/da\/"},{"@type":"ListItem","position":2,"name":"Produkter","item":"https:\/\/hubsch-interior.com\/da\/produkter\/"},{"@type":"ListItem","position":3,"name":"K\u00f8kken","item":"https:\/\/hubsch-interior.com\/da\/vare-kategori\/koekken\/"},{"@type":"ListItem","position":4,"name":"Bordservice","item":"https:\/\/hubsch-interior.com\/da\/vare-kategori\/koekken\/bordservice-da-2\/"},{"@type":"ListItem","position":5,"name":"Serveringsfade &amp; Tallerkener","item":"https:\/\/hubsch-interior.com\/da\/vare-kategori\/koekken\/bordservice-da-2\/serveringsfade-tallerkener-da\/"},{"@type":"ListItem","position":6,"name":"Amare Sk\u00e5l Small Sand"}]},{"@type":"WebSite","@id":"https:\/\/hubsch-interior.com\/da\/#website","url":"https:\/\/hubsch-interior.com\/da\/","name":"H\u00fcbsch","description":"Danish Home Interior and Design","publisher":{"@id":"https:\/\/hubsch-interior.com\/da\/#organization"},"potentialAction":[{"@type":"SearchAction","target":{"@type":"EntryPoint","urlTemplate":"https:\/\/hubsch-interior.com\/da\/?s={search_term_string}"},"query-input":{"@type":"PropertyValueSpecification","valueRequired":true,"valueName":"search_term_string"}}],"inLanguage":"da-DK"},{"@type":"Organization","@id":"https:\/\/hubsch-interior.com\/da\/#organization","name":"H\u00fcbsch","url":"https:\/\/hubsch-interior.com\/da\/","logo":{"@type":"ImageObject","inLanguage":"da-DK","@id":"https:\/\/hubsch-interior.com\/da\/#\/schema\/logo\/image\/","url":"https:\/\/hubsch-interior.com\/wp-content\/uploads\/2022\/12\/Hubsch_logo_black_one_line.svg","contentUrl":"https:\/\/hubsch-interior.com\/wp-content\/uploads\/2022\/12\/Hubsch_logo_black_one_line.svg","caption":"H\u00fcbsch"},"image":{"@id":"https:\/\/hubsch-interior.com\/da\/#\/schema\/logo\/image\/"}}]}},"_links":{"self":[{"href":"https:\/\/hubsch-interior.com\/da\/wp-json\/wp\/v2\/product\/975715","targetHints":{"allow":["GET"]}}],"collection":[{"href":"https:\/\/hubsch-interior.com\/da\/wp-json\/wp\/v2\/product"}],"about":[{"href":"https:\/\/hubsch-interior.com\/da\/wp-json\/wp\/v2\/types\/product"}],"wp:featuredmedia":[{"embeddable":true,"href":"https:\/\/hubsch-interior.com\/da\/wp-json\/wp\/v2\/media\/1096538"}],"wp:attachment":[{"href":"https:\/\/hubsch-interior.com\/da\/wp-json\/wp\/v2\/media?parent=975715"}],"wp:term":[{"taxonomy":"product_brand","embeddable":true,"href":"https:\/\/hubsch-interior.com\/da\/wp-json\/wp\/v2\/product_brand?post=975715"},{"taxonomy":"product_cat","embeddable":true,"href":"https:\/\/hubsch-interior.com\/da\/wp-json\/wp\/v2\/product_cat?post=975715"},{"taxonomy":"product_tag","embeddable":true,"href":"https:\/\/hubsch-interior.com\/da\/wp-json\/wp\/v2\/product_tag?post=975715"}],"curies":[{"name":"wp","href":"https:\/\/api.w.org\/{rel}","templated":true}]}}