{"id":975739,"date":"2024-01-29T08:31:18","date_gmt":"2024-01-29T07:31:18","guid":{"rendered":"https:\/\/hubsch-interior.com\/product\/product\/"},"modified":"2026-04-09T04:28:40","modified_gmt":"2026-04-09T02:28:40","slug":"amare-skal-small-rodbrun","status":"publish","type":"product","link":"https:\/\/hubsch-interior.com\/da\/vare\/amare-skal-small-rodbrun\/","title":{"rendered":"Amare Sk\u00e5l Small R\u00f8dbrun"},"content":{"rendered":"<p>Giv dit middagsbord et moderne og alsidigt twist med Amare sk\u00e5len i r\u00f8dbrun farve. Lavet af stenpulver, er denne sk\u00e5l b\u00e5de holdbar og varmebestandig, hvilket g\u00f8r den perfekt til servering af varme retter. Denne tilf\u00f8jelse til Amare serien, giver dig mulighed for at give dine g\u00e6ster den fulde Amare oplevelse. Brug sk\u00e5len til at servere salat i, og tilf\u00f8j et touch af elegance til din spiseoplevelse. F\u00e5s ogs\u00e5 i fire andre farvevarianter.<\/p>\n","protected":false},"excerpt":{"rendered":"<p>Giv dit middagsbord et moderne og alsidigt twist med Amare sk\u00e5len i r\u00f8dbrun farve. Lavet af stenpulver, er denne sk\u00e5l b\u00e5de holdbar og varmebestandig, hvilket g\u00f8r den perfekt til servering af varme retter. Denne tilf\u00f8jelse til Amare serien, giver dig mulighed for at give dine g\u00e6ster den fulde Amare oplevelse. Brug sk\u00e5len til at servere [&hellip;]<\/p>\n","protected":false},"featured_media":1096562,"template":"","meta":{"_acf_changed":false,"inline_featured_image":false},"product_brand":[],"product_cat":[7025,6880,6970,7026,7042,7076,6672,4051,4094,6517],"product_tag":[],"class_list":{"0":"post-975739","1":"product","2":"type-product","3":"status-publish","4":"has-post-thumbnail","6":"product_cat-bordservice-da-2","7":"product_cat-elevating-nostalgia-da","8":"product_cat-paaskeudsalg","9":"product_cat-serveringsfade-tallerkener-da","10":"product_cat-serveringsskaale-da","11":"product_cat-tallerkener-skaale-da","12":"product_cat-amare-tableware-da","13":"product_cat-koekkentilbehoer-da","14":"product_cat-bordservice-da","15":"product_cat-outlet-da","16":"product_shipping_class-pk","18":"pa_color-rdbrun","19":"pa_material-stone-powder-100-2","21":"first","22":"instock","23":"sale","24":"taxable","25":"shipping-taxable","26":"purchasable","27":"product-type-simple"},"exclude_global_add_ons":[],"addons":[],"acf":[],"yoast_head":"<!-- This site is optimized with the Yoast SEO plugin v26.4 - https:\/\/yoast.com\/wordpress\/plugins\/seo\/ -->\n<title>Amare Sk\u00e5l Small R\u00f8dbrun - H\u00fcbsch<\/title>\n<meta name=\"description\" content=\"Giv dit middagsbord et moderne og alsidigt twist med Amare sk\u00e5len i r\u00f8dbrun farve. Lavet af stenpulver, er denne sk\u00e5l b\u00e5de holdbar og varmebestandig,\" \/>\n<meta name=\"robots\" content=\"index, follow, max-snippet:-1, max-image-preview:large, max-video-preview:-1\" \/>\n<link rel=\"canonical\" href=\"https:\/\/hubsch-interior.com\/da\/wp-json\/wp\/v2\/product\/975739\" \/>\n<meta property=\"og:locale\" content=\"da_DK\" \/>\n<meta property=\"og:type\" content=\"article\" \/>\n<meta property=\"og:title\" content=\"Amare Sk\u00e5l Small R\u00f8dbrun - H\u00fcbsch\" \/>\n<meta property=\"og:description\" content=\"Giv dit middagsbord et moderne og alsidigt twist med Amare sk\u00e5len i r\u00f8dbrun farve. Lavet af stenpulver, er denne sk\u00e5l b\u00e5de holdbar og varmebestandig,\" \/>\n<meta property=\"og:url\" content=\"https:\/\/hubsch-interior.com\/da\/vare\/amare-skal-small-rodbrun\/\" \/>\n<meta property=\"og:site_name\" content=\"H\u00fcbsch\" \/>\n<meta property=\"article:modified_time\" content=\"2026-04-09T02:28:40+00:00\" \/>\n<meta property=\"og:image\" content=\"https:\/\/hubsch-interior.com\/wp-content\/uploads\/2025\/04\/amare-bowl-small-maroon-35706c89fd315fcb28117633e33fe003.jpg\" \/>\n\t<meta property=\"og:image:width\" content=\"1200\" \/>\n\t<meta property=\"og:image:height\" content=\"1200\" \/>\n\t<meta property=\"og:image:type\" content=\"image\/jpeg\" \/>\n<meta name=\"twitter:card\" content=\"summary_large_image\" \/>\n<script type=\"application\/ld+json\" class=\"yoast-schema-graph\">{\"@context\":\"https:\/\/schema.org\",\"@graph\":[{\"@type\":\"WebPage\",\"@id\":\"https:\/\/hubsch-interior.com\/da\/vare\/amare-skal-small-rodbrun\/\",\"url\":\"https:\/\/hubsch-interior.com\/da\/vare\/amare-skal-small-rodbrun\/\",\"name\":\"Amare Sk\u00e5l Small R\u00f8dbrun - H\u00fcbsch\",\"isPartOf\":{\"@id\":\"https:\/\/hubsch-interior.com\/da\/#website\"},\"primaryImageOfPage\":{\"@id\":\"https:\/\/hubsch-interior.com\/da\/vare\/amare-skal-small-rodbrun\/#primaryimage\"},\"image\":{\"@id\":\"https:\/\/hubsch-interior.com\/da\/vare\/amare-skal-small-rodbrun\/#primaryimage\"},\"thumbnailUrl\":\"https:\/\/hubsch-interior.com\/wp-content\/uploads\/2026\/02\/amare-bowl-small-maroon-cad5ca1e271479c2ada38f3fbc45754e.jpg\",\"datePublished\":\"2024-01-29T07:31:18+00:00\",\"dateModified\":\"2026-04-09T02:28:40+00:00\",\"description\":\"Giv dit middagsbord et moderne og alsidigt twist med Amare sk\u00e5len i r\u00f8dbrun farve. Lavet af stenpulver, er denne sk\u00e5l b\u00e5de holdbar og varmebestandig,\",\"breadcrumb\":{\"@id\":\"https:\/\/hubsch-interior.com\/da\/vare\/amare-skal-small-rodbrun\/#breadcrumb\"},\"inLanguage\":\"da-DK\",\"potentialAction\":[{\"@type\":\"ReadAction\",\"target\":[\"https:\/\/hubsch-interior.com\/da\/vare\/amare-skal-small-rodbrun\/\"]}]},{\"@type\":\"ImageObject\",\"inLanguage\":\"da-DK\",\"@id\":\"https:\/\/hubsch-interior.com\/da\/vare\/amare-skal-small-rodbrun\/#primaryimage\",\"url\":\"https:\/\/hubsch-interior.com\/wp-content\/uploads\/2026\/02\/amare-bowl-small-maroon-cad5ca1e271479c2ada38f3fbc45754e.jpg\",\"contentUrl\":\"https:\/\/hubsch-interior.com\/wp-content\/uploads\/2026\/02\/amare-bowl-small-maroon-cad5ca1e271479c2ada38f3fbc45754e.jpg\",\"width\":1024,\"height\":1024},{\"@type\":\"BreadcrumbList\",\"@id\":\"https:\/\/hubsch-interior.com\/da\/vare\/amare-skal-small-rodbrun\/#breadcrumb\",\"itemListElement\":[{\"@type\":\"ListItem\",\"position\":1,\"name\":\"Forside\",\"item\":\"https:\/\/hubsch-interior.com\/da\/\"},{\"@type\":\"ListItem\",\"position\":2,\"name\":\"Produkter\",\"item\":\"https:\/\/hubsch-interior.com\/da\/produkter\/\"},{\"@type\":\"ListItem\",\"position\":3,\"name\":\"K\u00f8kken\",\"item\":\"https:\/\/hubsch-interior.com\/da\/vare-kategori\/koekken\/\"},{\"@type\":\"ListItem\",\"position\":4,\"name\":\"Bordservice\",\"item\":\"https:\/\/hubsch-interior.com\/da\/vare-kategori\/koekken\/bordservice-da-2\/\"},{\"@type\":\"ListItem\",\"position\":5,\"name\":\"Serveringsfade &amp; Tallerkener\",\"item\":\"https:\/\/hubsch-interior.com\/da\/vare-kategori\/koekken\/bordservice-da-2\/serveringsfade-tallerkener-da\/\"},{\"@type\":\"ListItem\",\"position\":6,\"name\":\"Amare Sk\u00e5l Small R\u00f8dbrun\"}]},{\"@type\":\"WebSite\",\"@id\":\"https:\/\/hubsch-interior.com\/da\/#website\",\"url\":\"https:\/\/hubsch-interior.com\/da\/\",\"name\":\"H\u00fcbsch\",\"description\":\"Danish Home Interior and Design\",\"publisher\":{\"@id\":\"https:\/\/hubsch-interior.com\/da\/#organization\"},\"potentialAction\":[{\"@type\":\"SearchAction\",\"target\":{\"@type\":\"EntryPoint\",\"urlTemplate\":\"https:\/\/hubsch-interior.com\/da\/?s={search_term_string}\"},\"query-input\":{\"@type\":\"PropertyValueSpecification\",\"valueRequired\":true,\"valueName\":\"search_term_string\"}}],\"inLanguage\":\"da-DK\"},{\"@type\":\"Organization\",\"@id\":\"https:\/\/hubsch-interior.com\/da\/#organization\",\"name\":\"H\u00fcbsch\",\"url\":\"https:\/\/hubsch-interior.com\/da\/\",\"logo\":{\"@type\":\"ImageObject\",\"inLanguage\":\"da-DK\",\"@id\":\"https:\/\/hubsch-interior.com\/da\/#\/schema\/logo\/image\/\",\"url\":\"https:\/\/hubsch-interior.com\/wp-content\/uploads\/2022\/12\/Hubsch_logo_black_one_line.svg\",\"contentUrl\":\"https:\/\/hubsch-interior.com\/wp-content\/uploads\/2022\/12\/Hubsch_logo_black_one_line.svg\",\"caption\":\"H\u00fcbsch\"},\"image\":{\"@id\":\"https:\/\/hubsch-interior.com\/da\/#\/schema\/logo\/image\/\"}}]}<\/script>\n<!-- \/ Yoast SEO plugin. -->","yoast_head_json":{"title":"Amare Sk\u00e5l Small R\u00f8dbrun - H\u00fcbsch","description":"Giv dit middagsbord et moderne og alsidigt twist med Amare sk\u00e5len i r\u00f8dbrun farve. Lavet af stenpulver, er denne sk\u00e5l b\u00e5de holdbar og varmebestandig,","robots":{"index":"index","follow":"follow","max-snippet":"max-snippet:-1","max-image-preview":"max-image-preview:large","max-video-preview":"max-video-preview:-1"},"canonical":"https:\/\/hubsch-interior.com\/da\/wp-json\/wp\/v2\/product\/975739","og_locale":"da_DK","og_type":"article","og_title":"Amare Sk\u00e5l Small R\u00f8dbrun - H\u00fcbsch","og_description":"Giv dit middagsbord et moderne og alsidigt twist med Amare sk\u00e5len i r\u00f8dbrun farve. Lavet af stenpulver, er denne sk\u00e5l b\u00e5de holdbar og varmebestandig,","og_url":"https:\/\/hubsch-interior.com\/da\/vare\/amare-skal-small-rodbrun\/","og_site_name":"H\u00fcbsch","article_modified_time":"2026-04-09T02:28:40+00:00","og_image":[{"width":1200,"height":1200,"url":"https:\/\/hubsch-interior.com\/wp-content\/uploads\/2025\/04\/amare-bowl-small-maroon-35706c89fd315fcb28117633e33fe003.jpg","type":"image\/jpeg"}],"twitter_card":"summary_large_image","schema":{"@context":"https:\/\/schema.org","@graph":[{"@type":"WebPage","@id":"https:\/\/hubsch-interior.com\/da\/vare\/amare-skal-small-rodbrun\/","url":"https:\/\/hubsch-interior.com\/da\/vare\/amare-skal-small-rodbrun\/","name":"Amare Sk\u00e5l Small R\u00f8dbrun - H\u00fcbsch","isPartOf":{"@id":"https:\/\/hubsch-interior.com\/da\/#website"},"primaryImageOfPage":{"@id":"https:\/\/hubsch-interior.com\/da\/vare\/amare-skal-small-rodbrun\/#primaryimage"},"image":{"@id":"https:\/\/hubsch-interior.com\/da\/vare\/amare-skal-small-rodbrun\/#primaryimage"},"thumbnailUrl":"https:\/\/hubsch-interior.com\/wp-content\/uploads\/2026\/02\/amare-bowl-small-maroon-cad5ca1e271479c2ada38f3fbc45754e.jpg","datePublished":"2024-01-29T07:31:18+00:00","dateModified":"2026-04-09T02:28:40+00:00","description":"Giv dit middagsbord et moderne og alsidigt twist med Amare sk\u00e5len i r\u00f8dbrun farve. Lavet af stenpulver, er denne sk\u00e5l b\u00e5de holdbar og varmebestandig,","breadcrumb":{"@id":"https:\/\/hubsch-interior.com\/da\/vare\/amare-skal-small-rodbrun\/#breadcrumb"},"inLanguage":"da-DK","potentialAction":[{"@type":"ReadAction","target":["https:\/\/hubsch-interior.com\/da\/vare\/amare-skal-small-rodbrun\/"]}]},{"@type":"ImageObject","inLanguage":"da-DK","@id":"https:\/\/hubsch-interior.com\/da\/vare\/amare-skal-small-rodbrun\/#primaryimage","url":"https:\/\/hubsch-interior.com\/wp-content\/uploads\/2026\/02\/amare-bowl-small-maroon-cad5ca1e271479c2ada38f3fbc45754e.jpg","contentUrl":"https:\/\/hubsch-interior.com\/wp-content\/uploads\/2026\/02\/amare-bowl-small-maroon-cad5ca1e271479c2ada38f3fbc45754e.jpg","width":1024,"height":1024},{"@type":"BreadcrumbList","@id":"https:\/\/hubsch-interior.com\/da\/vare\/amare-skal-small-rodbrun\/#breadcrumb","itemListElement":[{"@type":"ListItem","position":1,"name":"Forside","item":"https:\/\/hubsch-interior.com\/da\/"},{"@type":"ListItem","position":2,"name":"Produkter","item":"https:\/\/hubsch-interior.com\/da\/produkter\/"},{"@type":"ListItem","position":3,"name":"K\u00f8kken","item":"https:\/\/hubsch-interior.com\/da\/vare-kategori\/koekken\/"},{"@type":"ListItem","position":4,"name":"Bordservice","item":"https:\/\/hubsch-interior.com\/da\/vare-kategori\/koekken\/bordservice-da-2\/"},{"@type":"ListItem","position":5,"name":"Serveringsfade &amp; Tallerkener","item":"https:\/\/hubsch-interior.com\/da\/vare-kategori\/koekken\/bordservice-da-2\/serveringsfade-tallerkener-da\/"},{"@type":"ListItem","position":6,"name":"Amare Sk\u00e5l Small R\u00f8dbrun"}]},{"@type":"WebSite","@id":"https:\/\/hubsch-interior.com\/da\/#website","url":"https:\/\/hubsch-interior.com\/da\/","name":"H\u00fcbsch","description":"Danish Home Interior and Design","publisher":{"@id":"https:\/\/hubsch-interior.com\/da\/#organization"},"potentialAction":[{"@type":"SearchAction","target":{"@type":"EntryPoint","urlTemplate":"https:\/\/hubsch-interior.com\/da\/?s={search_term_string}"},"query-input":{"@type":"PropertyValueSpecification","valueRequired":true,"valueName":"search_term_string"}}],"inLanguage":"da-DK"},{"@type":"Organization","@id":"https:\/\/hubsch-interior.com\/da\/#organization","name":"H\u00fcbsch","url":"https:\/\/hubsch-interior.com\/da\/","logo":{"@type":"ImageObject","inLanguage":"da-DK","@id":"https:\/\/hubsch-interior.com\/da\/#\/schema\/logo\/image\/","url":"https:\/\/hubsch-interior.com\/wp-content\/uploads\/2022\/12\/Hubsch_logo_black_one_line.svg","contentUrl":"https:\/\/hubsch-interior.com\/wp-content\/uploads\/2022\/12\/Hubsch_logo_black_one_line.svg","caption":"H\u00fcbsch"},"image":{"@id":"https:\/\/hubsch-interior.com\/da\/#\/schema\/logo\/image\/"}}]}},"_links":{"self":[{"href":"https:\/\/hubsch-interior.com\/da\/wp-json\/wp\/v2\/product\/975739","targetHints":{"allow":["GET"]}}],"collection":[{"href":"https:\/\/hubsch-interior.com\/da\/wp-json\/wp\/v2\/product"}],"about":[{"href":"https:\/\/hubsch-interior.com\/da\/wp-json\/wp\/v2\/types\/product"}],"wp:featuredmedia":[{"embeddable":true,"href":"https:\/\/hubsch-interior.com\/da\/wp-json\/wp\/v2\/media\/1096562"}],"wp:attachment":[{"href":"https:\/\/hubsch-interior.com\/da\/wp-json\/wp\/v2\/media?parent=975739"}],"wp:term":[{"taxonomy":"product_brand","embeddable":true,"href":"https:\/\/hubsch-interior.com\/da\/wp-json\/wp\/v2\/product_brand?post=975739"},{"taxonomy":"product_cat","embeddable":true,"href":"https:\/\/hubsch-interior.com\/da\/wp-json\/wp\/v2\/product_cat?post=975739"},{"taxonomy":"product_tag","embeddable":true,"href":"https:\/\/hubsch-interior.com\/da\/wp-json\/wp\/v2\/product_tag?post=975739"}],"curies":[{"name":"wp","href":"https:\/\/api.w.org\/{rel}","templated":true}]}}