{"id":975771,"date":"2024-01-29T08:31:30","date_gmt":"2024-01-29T07:31:30","guid":{"rendered":"https:\/\/hubsch-interior.com\/product\/product\/"},"modified":"2026-04-09T04:28:48","modified_gmt":"2026-04-09T02:28:48","slug":"amare-skal-medium-olivengron","status":"publish","type":"product","link":"https:\/\/hubsch-interior.com\/da\/vare\/amare-skal-medium-olivengron\/","title":{"rendered":"Amare Sk\u00e5l Medium Olivengr\u00f8n"},"content":{"rendered":"<p>Tilf\u00f8j et unikt og elegant touch til dit spisebord med Amare Sk\u00e5len i olivengr\u00f8n. Sk\u00e5len er en del af vores Amare serie og er perfekt til at give dine g\u00e6ster den fulde Amare oplevelse. Lavet af holdbart stenpulver, kommer denne sk\u00e5l i en smuk olivengr\u00f8n farve, der passer til enhver indretning. Den store st\u00f8rrelse er perfekt til at servere l\u00e6kre salater i. V\u00e6lg mellem vores fem forskellige farvevarianter og skab et unikt og stilfuldt udtryk p\u00e5 dit bord.<\/p>\n","protected":false},"excerpt":{"rendered":"<p>Tilf\u00f8j et unikt og elegant touch til dit spisebord med Amare Sk\u00e5len i olivengr\u00f8n. Sk\u00e5len er en del af vores Amare serie og er perfekt til at give dine g\u00e6ster den fulde Amare oplevelse. Lavet af holdbart stenpulver, kommer denne sk\u00e5l i en smuk olivengr\u00f8n farve, der passer til enhver indretning. Den store st\u00f8rrelse er [&hellip;]<\/p>\n","protected":false},"featured_media":1096586,"template":"","meta":{"_acf_changed":false,"inline_featured_image":false},"product_brand":[],"product_cat":[7025,6880,6970,7026,6672,4051,4094,5025,6517],"product_tag":[],"class_list":{"0":"post-975771","1":"product","2":"type-product","3":"status-publish","4":"has-post-thumbnail","6":"product_cat-bordservice-da-2","7":"product_cat-elevating-nostalgia-da","8":"product_cat-paaskeudsalg","9":"product_cat-serveringsfade-tallerkener-da","10":"product_cat-amare-tableware-da","11":"product_cat-koekkentilbehoer-da","12":"product_cat-bordservice-da","13":"product_cat-bestsellers-da","14":"product_cat-outlet-da","15":"product_shipping_class-pk","17":"pa_color-olivengrn","18":"pa_material-stone-powder-100-2","20":"first","21":"instock","22":"sale","23":"featured","24":"taxable","25":"shipping-taxable","26":"purchasable","27":"product-type-simple"},"exclude_global_add_ons":[],"addons":[],"acf":[],"yoast_head":"<!-- This site is optimized with the Yoast SEO plugin v26.4 - https:\/\/yoast.com\/wordpress\/plugins\/seo\/ -->\n<title>Amare Sk\u00e5l Medium Olivengr\u00f8n - H\u00fcbsch<\/title>\n<meta name=\"description\" content=\"Tilf\u00f8j et unikt og elegant touch til dit spisebord med Amare Sk\u00e5len i olivengr\u00f8n. Sk\u00e5len er en del af vores Amare serie og er perfekt til at give dine\" \/>\n<meta name=\"robots\" content=\"index, follow, max-snippet:-1, max-image-preview:large, max-video-preview:-1\" \/>\n<link rel=\"canonical\" href=\"https:\/\/hubsch-interior.com\/da\/wp-json\/wp\/v2\/product\/975771\" \/>\n<meta property=\"og:locale\" content=\"da_DK\" \/>\n<meta property=\"og:type\" content=\"article\" \/>\n<meta property=\"og:title\" content=\"Amare Sk\u00e5l Medium Olivengr\u00f8n - H\u00fcbsch\" \/>\n<meta property=\"og:description\" content=\"Tilf\u00f8j et unikt og elegant touch til dit spisebord med Amare Sk\u00e5len i olivengr\u00f8n. Sk\u00e5len er en del af vores Amare serie og er perfekt til at give dine\" \/>\n<meta property=\"og:url\" content=\"https:\/\/hubsch-interior.com\/da\/vare\/amare-skal-medium-olivengron\/\" \/>\n<meta property=\"og:site_name\" content=\"H\u00fcbsch\" \/>\n<meta property=\"article:modified_time\" content=\"2026-04-09T02:28:48+00:00\" \/>\n<meta property=\"og:image\" content=\"https:\/\/hubsch-interior.com\/wp-content\/uploads\/2025\/04\/amare-bowl-medium-olive-f2431bbddb69214ce1edd3cea21d22dc.jpg\" \/>\n\t<meta property=\"og:image:width\" content=\"1200\" \/>\n\t<meta property=\"og:image:height\" content=\"1200\" \/>\n\t<meta property=\"og:image:type\" content=\"image\/jpeg\" \/>\n<meta name=\"twitter:card\" content=\"summary_large_image\" \/>\n<script type=\"application\/ld+json\" class=\"yoast-schema-graph\">{\"@context\":\"https:\/\/schema.org\",\"@graph\":[{\"@type\":\"WebPage\",\"@id\":\"https:\/\/hubsch-interior.com\/da\/vare\/amare-skal-medium-olivengron\/\",\"url\":\"https:\/\/hubsch-interior.com\/da\/vare\/amare-skal-medium-olivengron\/\",\"name\":\"Amare Sk\u00e5l Medium Olivengr\u00f8n - H\u00fcbsch\",\"isPartOf\":{\"@id\":\"https:\/\/hubsch-interior.com\/da\/#website\"},\"primaryImageOfPage\":{\"@id\":\"https:\/\/hubsch-interior.com\/da\/vare\/amare-skal-medium-olivengron\/#primaryimage\"},\"image\":{\"@id\":\"https:\/\/hubsch-interior.com\/da\/vare\/amare-skal-medium-olivengron\/#primaryimage\"},\"thumbnailUrl\":\"https:\/\/hubsch-interior.com\/wp-content\/uploads\/2026\/02\/amare-bowl-medium-olive-de461e2b3b0ef554c8fae71ecd624bec.jpg\",\"datePublished\":\"2024-01-29T07:31:30+00:00\",\"dateModified\":\"2026-04-09T02:28:48+00:00\",\"description\":\"Tilf\u00f8j et unikt og elegant touch til dit spisebord med Amare Sk\u00e5len i olivengr\u00f8n. Sk\u00e5len er en del af vores Amare serie og er perfekt til at give dine\",\"breadcrumb\":{\"@id\":\"https:\/\/hubsch-interior.com\/da\/vare\/amare-skal-medium-olivengron\/#breadcrumb\"},\"inLanguage\":\"da-DK\",\"potentialAction\":[{\"@type\":\"ReadAction\",\"target\":[\"https:\/\/hubsch-interior.com\/da\/vare\/amare-skal-medium-olivengron\/\"]}]},{\"@type\":\"ImageObject\",\"inLanguage\":\"da-DK\",\"@id\":\"https:\/\/hubsch-interior.com\/da\/vare\/amare-skal-medium-olivengron\/#primaryimage\",\"url\":\"https:\/\/hubsch-interior.com\/wp-content\/uploads\/2026\/02\/amare-bowl-medium-olive-de461e2b3b0ef554c8fae71ecd624bec.jpg\",\"contentUrl\":\"https:\/\/hubsch-interior.com\/wp-content\/uploads\/2026\/02\/amare-bowl-medium-olive-de461e2b3b0ef554c8fae71ecd624bec.jpg\",\"width\":1024,\"height\":1024},{\"@type\":\"BreadcrumbList\",\"@id\":\"https:\/\/hubsch-interior.com\/da\/vare\/amare-skal-medium-olivengron\/#breadcrumb\",\"itemListElement\":[{\"@type\":\"ListItem\",\"position\":1,\"name\":\"Forside\",\"item\":\"https:\/\/hubsch-interior.com\/da\/\"},{\"@type\":\"ListItem\",\"position\":2,\"name\":\"Produkter\",\"item\":\"https:\/\/hubsch-interior.com\/da\/produkter\/\"},{\"@type\":\"ListItem\",\"position\":3,\"name\":\"K\u00f8kken\",\"item\":\"https:\/\/hubsch-interior.com\/da\/vare-kategori\/koekken\/\"},{\"@type\":\"ListItem\",\"position\":4,\"name\":\"Bordservice\",\"item\":\"https:\/\/hubsch-interior.com\/da\/vare-kategori\/koekken\/bordservice-da-2\/\"},{\"@type\":\"ListItem\",\"position\":5,\"name\":\"Serveringsfade &amp; Tallerkener\",\"item\":\"https:\/\/hubsch-interior.com\/da\/vare-kategori\/koekken\/bordservice-da-2\/serveringsfade-tallerkener-da\/\"},{\"@type\":\"ListItem\",\"position\":6,\"name\":\"Amare Sk\u00e5l Medium Olivengr\u00f8n\"}]},{\"@type\":\"WebSite\",\"@id\":\"https:\/\/hubsch-interior.com\/da\/#website\",\"url\":\"https:\/\/hubsch-interior.com\/da\/\",\"name\":\"H\u00fcbsch\",\"description\":\"Danish Home Interior and Design\",\"publisher\":{\"@id\":\"https:\/\/hubsch-interior.com\/da\/#organization\"},\"potentialAction\":[{\"@type\":\"SearchAction\",\"target\":{\"@type\":\"EntryPoint\",\"urlTemplate\":\"https:\/\/hubsch-interior.com\/da\/?s={search_term_string}\"},\"query-input\":{\"@type\":\"PropertyValueSpecification\",\"valueRequired\":true,\"valueName\":\"search_term_string\"}}],\"inLanguage\":\"da-DK\"},{\"@type\":\"Organization\",\"@id\":\"https:\/\/hubsch-interior.com\/da\/#organization\",\"name\":\"H\u00fcbsch\",\"url\":\"https:\/\/hubsch-interior.com\/da\/\",\"logo\":{\"@type\":\"ImageObject\",\"inLanguage\":\"da-DK\",\"@id\":\"https:\/\/hubsch-interior.com\/da\/#\/schema\/logo\/image\/\",\"url\":\"https:\/\/hubsch-interior.com\/wp-content\/uploads\/2022\/12\/Hubsch_logo_black_one_line.svg\",\"contentUrl\":\"https:\/\/hubsch-interior.com\/wp-content\/uploads\/2022\/12\/Hubsch_logo_black_one_line.svg\",\"caption\":\"H\u00fcbsch\"},\"image\":{\"@id\":\"https:\/\/hubsch-interior.com\/da\/#\/schema\/logo\/image\/\"}}]}<\/script>\n<!-- \/ Yoast SEO plugin. -->","yoast_head_json":{"title":"Amare Sk\u00e5l Medium Olivengr\u00f8n - H\u00fcbsch","description":"Tilf\u00f8j et unikt og elegant touch til dit spisebord med Amare Sk\u00e5len i olivengr\u00f8n. Sk\u00e5len er en del af vores Amare serie og er perfekt til at give dine","robots":{"index":"index","follow":"follow","max-snippet":"max-snippet:-1","max-image-preview":"max-image-preview:large","max-video-preview":"max-video-preview:-1"},"canonical":"https:\/\/hubsch-interior.com\/da\/wp-json\/wp\/v2\/product\/975771","og_locale":"da_DK","og_type":"article","og_title":"Amare Sk\u00e5l Medium Olivengr\u00f8n - H\u00fcbsch","og_description":"Tilf\u00f8j et unikt og elegant touch til dit spisebord med Amare Sk\u00e5len i olivengr\u00f8n. Sk\u00e5len er en del af vores Amare serie og er perfekt til at give dine","og_url":"https:\/\/hubsch-interior.com\/da\/vare\/amare-skal-medium-olivengron\/","og_site_name":"H\u00fcbsch","article_modified_time":"2026-04-09T02:28:48+00:00","og_image":[{"width":1200,"height":1200,"url":"https:\/\/hubsch-interior.com\/wp-content\/uploads\/2025\/04\/amare-bowl-medium-olive-f2431bbddb69214ce1edd3cea21d22dc.jpg","type":"image\/jpeg"}],"twitter_card":"summary_large_image","schema":{"@context":"https:\/\/schema.org","@graph":[{"@type":"WebPage","@id":"https:\/\/hubsch-interior.com\/da\/vare\/amare-skal-medium-olivengron\/","url":"https:\/\/hubsch-interior.com\/da\/vare\/amare-skal-medium-olivengron\/","name":"Amare Sk\u00e5l Medium Olivengr\u00f8n - H\u00fcbsch","isPartOf":{"@id":"https:\/\/hubsch-interior.com\/da\/#website"},"primaryImageOfPage":{"@id":"https:\/\/hubsch-interior.com\/da\/vare\/amare-skal-medium-olivengron\/#primaryimage"},"image":{"@id":"https:\/\/hubsch-interior.com\/da\/vare\/amare-skal-medium-olivengron\/#primaryimage"},"thumbnailUrl":"https:\/\/hubsch-interior.com\/wp-content\/uploads\/2026\/02\/amare-bowl-medium-olive-de461e2b3b0ef554c8fae71ecd624bec.jpg","datePublished":"2024-01-29T07:31:30+00:00","dateModified":"2026-04-09T02:28:48+00:00","description":"Tilf\u00f8j et unikt og elegant touch til dit spisebord med Amare Sk\u00e5len i olivengr\u00f8n. Sk\u00e5len er en del af vores Amare serie og er perfekt til at give dine","breadcrumb":{"@id":"https:\/\/hubsch-interior.com\/da\/vare\/amare-skal-medium-olivengron\/#breadcrumb"},"inLanguage":"da-DK","potentialAction":[{"@type":"ReadAction","target":["https:\/\/hubsch-interior.com\/da\/vare\/amare-skal-medium-olivengron\/"]}]},{"@type":"ImageObject","inLanguage":"da-DK","@id":"https:\/\/hubsch-interior.com\/da\/vare\/amare-skal-medium-olivengron\/#primaryimage","url":"https:\/\/hubsch-interior.com\/wp-content\/uploads\/2026\/02\/amare-bowl-medium-olive-de461e2b3b0ef554c8fae71ecd624bec.jpg","contentUrl":"https:\/\/hubsch-interior.com\/wp-content\/uploads\/2026\/02\/amare-bowl-medium-olive-de461e2b3b0ef554c8fae71ecd624bec.jpg","width":1024,"height":1024},{"@type":"BreadcrumbList","@id":"https:\/\/hubsch-interior.com\/da\/vare\/amare-skal-medium-olivengron\/#breadcrumb","itemListElement":[{"@type":"ListItem","position":1,"name":"Forside","item":"https:\/\/hubsch-interior.com\/da\/"},{"@type":"ListItem","position":2,"name":"Produkter","item":"https:\/\/hubsch-interior.com\/da\/produkter\/"},{"@type":"ListItem","position":3,"name":"K\u00f8kken","item":"https:\/\/hubsch-interior.com\/da\/vare-kategori\/koekken\/"},{"@type":"ListItem","position":4,"name":"Bordservice","item":"https:\/\/hubsch-interior.com\/da\/vare-kategori\/koekken\/bordservice-da-2\/"},{"@type":"ListItem","position":5,"name":"Serveringsfade &amp; Tallerkener","item":"https:\/\/hubsch-interior.com\/da\/vare-kategori\/koekken\/bordservice-da-2\/serveringsfade-tallerkener-da\/"},{"@type":"ListItem","position":6,"name":"Amare Sk\u00e5l Medium Olivengr\u00f8n"}]},{"@type":"WebSite","@id":"https:\/\/hubsch-interior.com\/da\/#website","url":"https:\/\/hubsch-interior.com\/da\/","name":"H\u00fcbsch","description":"Danish Home Interior and Design","publisher":{"@id":"https:\/\/hubsch-interior.com\/da\/#organization"},"potentialAction":[{"@type":"SearchAction","target":{"@type":"EntryPoint","urlTemplate":"https:\/\/hubsch-interior.com\/da\/?s={search_term_string}"},"query-input":{"@type":"PropertyValueSpecification","valueRequired":true,"valueName":"search_term_string"}}],"inLanguage":"da-DK"},{"@type":"Organization","@id":"https:\/\/hubsch-interior.com\/da\/#organization","name":"H\u00fcbsch","url":"https:\/\/hubsch-interior.com\/da\/","logo":{"@type":"ImageObject","inLanguage":"da-DK","@id":"https:\/\/hubsch-interior.com\/da\/#\/schema\/logo\/image\/","url":"https:\/\/hubsch-interior.com\/wp-content\/uploads\/2022\/12\/Hubsch_logo_black_one_line.svg","contentUrl":"https:\/\/hubsch-interior.com\/wp-content\/uploads\/2022\/12\/Hubsch_logo_black_one_line.svg","caption":"H\u00fcbsch"},"image":{"@id":"https:\/\/hubsch-interior.com\/da\/#\/schema\/logo\/image\/"}}]}},"_links":{"self":[{"href":"https:\/\/hubsch-interior.com\/da\/wp-json\/wp\/v2\/product\/975771","targetHints":{"allow":["GET"]}}],"collection":[{"href":"https:\/\/hubsch-interior.com\/da\/wp-json\/wp\/v2\/product"}],"about":[{"href":"https:\/\/hubsch-interior.com\/da\/wp-json\/wp\/v2\/types\/product"}],"wp:featuredmedia":[{"embeddable":true,"href":"https:\/\/hubsch-interior.com\/da\/wp-json\/wp\/v2\/media\/1096586"}],"wp:attachment":[{"href":"https:\/\/hubsch-interior.com\/da\/wp-json\/wp\/v2\/media?parent=975771"}],"wp:term":[{"taxonomy":"product_brand","embeddable":true,"href":"https:\/\/hubsch-interior.com\/da\/wp-json\/wp\/v2\/product_brand?post=975771"},{"taxonomy":"product_cat","embeddable":true,"href":"https:\/\/hubsch-interior.com\/da\/wp-json\/wp\/v2\/product_cat?post=975771"},{"taxonomy":"product_tag","embeddable":true,"href":"https:\/\/hubsch-interior.com\/da\/wp-json\/wp\/v2\/product_tag?post=975771"}],"curies":[{"name":"wp","href":"https:\/\/api.w.org\/{rel}","templated":true}]}}